{"id":9378,"date":"2026-03-19T09:01:34","date_gmt":"2026-03-19T09:01:34","guid":{"rendered":"https:\/\/anythingtechnicallc.com\/?post_type=product&#038;p=9378"},"modified":"2026-03-19T09:01:34","modified_gmt":"2026-03-19T09:01:34","slug":"belkin-tragbares-ladegeraet-3-port-laptop-power-bank-20000-mah-usb-c-usb-a-ports-65w-iphone-ladegeraet-schnelles-aufladen-macbook-apple-iphone-16-ipad-samsung-galaxy-s25-nintendo-switch-2","status":"publish","type":"product","link":"https:\/\/anythingtechnicallc.com\/index.php\/de\/product\/belkin-tragbares-ladegeraet-3-port-laptop-power-bank-20000-mah-usb-c-usb-a-ports-65w-iphone-ladegeraet-schnelles-aufladen-macbook-apple-iphone-16-ipad-samsung-galaxy-s25-nintendo-switch-2\/","title":{"rendered":"Belkin Tragbares Ladeger\u00e4t, 3-Port Laptop Power Bank 20000 mAh &#8211; USB-C &#038; USB-A Ports, 65W iPhone Ladeger\u00e4t Schnelles Aufladen &#8211; MacBook, Apple iPhone 16, iPad, Samsung Galaxy S25, Nintendo Switch 2, etc &#8211; Schwarz"},"content":{"rendered":"<ul class=\"a-unordered-list a-vertical a-spacing-mini\">\n<li class=\"a-spacing-mini\"><span class=\"a-list-item\">LADEN SIE IHR LAPTOP UNTERWEGS AUF: Diese vielseitige Powerbank liefert eine Leistung von bis zu 65 W an einem einzigen USB-C-Anschluss, um Ihr MacBook oder ein anderes kompatibles Notebook aufzuladen. Laden Sie ein MacBook Pro (14&#8243; M3) in nur 42 Minuten von 0-50% auf. <\/span><\/li>\n<li class=\"a-spacing-mini\"><span class=\"a-list-item\">20K BATTERY LIFE: Mit einer gewaltigen Kapazit\u00e4t von 20.000 mAh unterst\u00fctzt diese Powerbank das gleichzeitige Aufladen eines Laptops und 2 anderer Ger\u00e4te. So k\u00f6nnen Sie Ihr Apple iPhone, Samsung Galaxy und andere wichtige Ger\u00e4te unterwegs sorgenfrei aufladen. <\/span><\/li>\n<li class=\"a-spacing-mini\"><span class=\"a-list-item\">UNIVERSELLE KOMPATIBILIT\u00c4T: Laden Sie bis zu 3 Ger\u00e4te gleichzeitig mit dem Komfort von 2x USB-C-Anschl\u00fcssen und 1x USB-A-Anschluss. Ganz gleich, ob es sich um Ihr Smartphone, Ihr Tablet oder Ihren Laptop handelt, Sie bleiben immer mit Strom versorgt und verbunden, egal wo Sie sind. <\/span><\/li>\n<li class=\"a-spacing-mini\"><span class=\"a-list-item\">DIGITALES VOLLFARB-DISPLAY: Mit dem digitalen Vollfarbdisplay sind Sie auf einen Blick \u00fcber den Batteriestatus Ihres Ger\u00e4ts informiert. \u00dcberwachen Sie ganz einfach die verbleibende Ladung und verwalten Sie Ihren Energiebedarf f\u00fcr alle Ihre Ger\u00e4te effizient. <\/span><\/li>\n<li class=\"a-spacing-mini\"><span class=\"a-list-item\">EINGANGS- &amp; AUSGANGSLEISTUNG: Laden Sie 2 USB-C-Ger\u00e4te und 1 USB-A-Ger\u00e4t gleichzeitig mit bis zu 65 W Gesamtleistung &#8211; 45 W \u00fcber USB-C und 15 W \u00fcber USB-A. Es kann auch von einem anderen Ger\u00e4t aufgeladen werden, was ein kontinuierliches Energiemanagement gew\u00e4hrleistet. <\/span><\/li>\n<\/ul>\n","protected":false},"excerpt":{"rendered":"<ul class=\"a-unordered-list a-vertical a-spacing-mini\">\n<li class=\"a-spacing-mini\"><span class=\"a-list-item\">LADEN SIE IHR LAPTOP UNTERWEGS AUF: Diese vielseitige Powerbank liefert eine Leistung von bis zu 65 W an einem einzigen USB-C-Anschluss, um Ihr MacBook oder ein anderes kompatibles Notebook aufzuladen. Laden Sie ein MacBook Pro (14&#8243; M3) in nur 42 Minuten von 0-50% auf. <\/span><\/li>\n<li class=\"a-spacing-mini\"><span class=\"a-list-item\">20K BATTERY LIFE: Mit einer gewaltigen Kapazit\u00e4t von 20.000 mAh unterst\u00fctzt diese Powerbank das gleichzeitige Aufladen eines Laptops und 2 anderer Ger\u00e4te. So k\u00f6nnen Sie Ihr Apple iPhone, Samsung Galaxy und andere wichtige Ger\u00e4te unterwegs sorgenfrei aufladen. <\/span><\/li>\n<li class=\"a-spacing-mini\"><span class=\"a-list-item\">UNIVERSELLE KOMPATIBILIT\u00c4T: Laden Sie bis zu 3 Ger\u00e4te gleichzeitig mit dem Komfort von 2x USB-C-Anschl\u00fcssen und 1x USB-A-Anschluss. Ganz gleich, ob es sich um Ihr Smartphone, Ihr Tablet oder Ihren Laptop handelt, Sie bleiben immer mit Strom versorgt und verbunden, egal wo Sie sind. <\/span><\/li>\n<li class=\"a-spacing-mini\"><span class=\"a-list-item\">DIGITALES VOLLFARB-DISPLAY: Mit dem digitalen Vollfarbdisplay sind Sie auf einen Blick \u00fcber den Batteriestatus Ihres Ger\u00e4ts informiert. \u00dcberwachen Sie ganz einfach die verbleibende Ladung und verwalten Sie Ihren Energiebedarf f\u00fcr alle Ihre Ger\u00e4te effizient. <\/span><\/li>\n<li class=\"a-spacing-mini\"><span class=\"a-list-item\">EINGANGS- &amp; AUSGANGSLEISTUNG: Laden Sie 2 USB-C-Ger\u00e4te und 1 USB-A-Ger\u00e4t gleichzeitig mit bis zu 65 W Gesamtleistung &#8211; 45 W \u00fcber USB-C und 15 W \u00fcber USB-A. Es kann auch von einem anderen Ger\u00e4t aufgeladen werden, was ein kontinuierliches Energiemanagement gew\u00e4hrleistet. <\/span><\/li>\n<\/ul>\n","protected":false},"featured_media":9377,"comment_status":"open","ping_status":"closed","template":"","meta":{"_et_pb_use_builder":"","_et_pb_old_content":"","_et_gb_content_width":""},"product_brand":[],"product_cat":[1580],"product_tag":[],"class_list":{"0":"post-9378","1":"product","2":"type-product","3":"status-publish","4":"has-post-thumbnail","6":"product_cat-solarladegeraete","8":"first","9":"instock","10":"sale","11":"taxable","12":"shipping-taxable","13":"purchasable","14":"product-type-simple"},"exclude_global_add_ons":[],"addons":[],"jetpack-related-posts":[{"id":9460,"url":"https:\/\/anythingtechnicallc.com\/index.php\/de\/product\/888wh65watt-tragbares-laptop-ladegeraet-mit-solarpanel-ein-super-tragbarer-reiseakku-powerbank-fuer-hp-notebooks-macbook-laptops\/","url_meta":{"origin":9378,"position":0},"title":"88,8Wh|65Watt Tragbares Laptop-Ladeger\u00e4t mit Solarpanel, Ein super tragbarer Reiseakku &#038; Powerbank f\u00fcr HP, Notebooks, MacBook, Laptops","date":"March 19, 2026","format":false,"excerpt":"Bemerkenswert kompakt und leistungsstark: Eine der kleinsten und leichtesten tragbaren Powerbanks mit 24000mAh (88,8Wh) und 110V\/65W AC-Anschluss, eine gro\u00dfartige L\u00f6sung f\u00fcr die AC-Stromversorgung. Sie liefert ausreichend Strom f\u00fcr die meisten Ihrer Ger\u00e4te wie Smartphone, Tablet und Laptop. Perfekt f\u00fcr Ihre Reisen und Gesch\u00e4ftsreisen. Schnelles Aufladen: L\u00e4dt sich selbst in weniger\u2026","rel":"","context":"Similar post","img":{"alt_text":"","src":"https:\/\/i0.wp.com\/anythingtechnicallc.com\/wp-content\/uploads\/2022\/09\/888Wh65Watts-Portable-Laptop-Charger-with-Solar-Panel-A-Super-Travel-Portable-Battery-Pack-Power-Bank-for-HP-Notebooks-MacBook-Laptops-0.jpg?fit=500%2C500&ssl=1&resize=350%2C200","width":350,"height":200},"classes":[]},{"id":9711,"url":"https:\/\/anythingtechnicallc.com\/index.php\/de\/product\/renewed-anker-737-power-bank-140w-max-3-port-laptop-portable-charger-24000mah-smart-display-kompatibel-mit-iphone-16-15-14-serie-vision-pro-samsung-macbook-und-mehr\/","url_meta":{"origin":9378,"position":1},"title":"Renewed Anker 737 Power Bank, 140W Max 3-Port Laptop Portable Charger, 24,000mAh, Smart Display, Kompatibel mit iPhone 16 \/ 15 \/ 14 Serie, Vision Pro, Samsung, MacBook, und mehr","date":"March 24, 2026","format":false,"excerpt":"Energie f\u00fcr Ihren Tag: Mit einer Kapazit\u00e4t von 24.000 mAh kann diese Laptop-Powerbank ein iPhone 16 Pro 4,13-mal oder ein 2024 13-Zoll iPad Pro 1,33-mal aufladen, damit Ihre Ger\u00e4te auch auf langen Reisen oder bei intensiver Nutzung mit Strom versorgt sind. Intelligente \u00dcberwachung des Ladevorgangs: Die intelligente digitale Anzeige dieser\u2026","rel":"","context":"Similar post","img":{"alt_text":"","src":"https:\/\/i0.wp.com\/anythingtechnicallc.com\/wp-content\/uploads\/2026\/02\/71QrhaWkAL._AC_SL1500_.jpg?fit=960%2C1200&ssl=1&resize=350%2C200","width":350,"height":200},"classes":[]},{"id":9407,"url":"https:\/\/anythingtechnicallc.com\/index.php\/de\/product\/solar-ladegeraet-10000mah-solar-powerbank-18w-power-delivery-usb-c-ladegeraet-typ-c-eingang-ausgang-qc-3-0-pd-schnelles-tragbares-ladegeraet-kompatibel-mit-iphone-samsung-und-mehr\/","url_meta":{"origin":9378,"position":2},"title":"Solar-Ladeger\u00e4t, 10000mAh Solar-Powerbank, 18W Power Delivery USB C Ladeger\u00e4t, Typ C Eingang &#038; Ausgang, QC 3.0 &#038; PD Schnelles tragbares Ladeger\u00e4t Kompatibel mit iPhone, Samsung und mehr","date":"March 19, 2026","format":false,"excerpt":"Stellen Sie sicher, dass dieses Produkt passt, indem Sie Ihre Modellnummer eingeben. Hochgeschwindigkeits-Laden: Die Kombination aus Stromzufuhr und QC 3.0-Ausgang erm\u00f6glicht eine optimale Aufladung Ihres Ger\u00e4ts mit bis zu 18 W. Es ist mit fast allen USB-betriebenen Ger\u00e4ten kompatibel. Schnelles Ladeger\u00e4t: Die Powerbank unterst\u00fctzt die Leistungsstufen 5W, 7,5W und 10W.\u2026","rel":"","context":"Similar post","img":{"alt_text":"","src":"https:\/\/i0.wp.com\/anythingtechnicallc.com\/wp-content\/uploads\/2022\/09\/Solar-Charger-10000mAh-Solar-Power-Bank-18W-Power-Delivery-USB-C-Charger-Type-C-Input-Output-QC-30-PD-Fast-Portable-Charger-Compatible-with-iPhone-Samsung-and-More-0.jpg?fit=500%2C500&ssl=1&resize=350%2C200","width":350,"height":200},"classes":[]},{"id":9431,"url":"https:\/\/anythingtechnicallc.com\/index.php\/de\/product\/solar-ladegeraet-25000mah-tranmix-tragbares-solar-handy-ladegeraet-mit-4-solarmodulen-externes-solarstrom-ladegeraet-mit-hoher-kapazitaet-fuer-smart-phones-tablets-und-wandern-camping\/","url_meta":{"origin":9378,"position":3},"title":"Solar-Ladeger\u00e4t 25000mAh, Tranmix Tragbares Solar-Handy-Ladeger\u00e4t mit 4 Solarmodulen, Externes Solarstrom-Ladeger\u00e4t mit hoher Kapazit\u00e4t f\u00fcr Smart Phones, Tablets und Wandern, Camping","date":"March 19, 2026","format":false,"excerpt":"25000mAh Hohe Kapazit\u00e4t: Diese Solar-Powerbank kann ein iPhone 11 etwa 8 Mal, ein Galaxy S20 etwa 6 Mal und ein Tablet etwa 2 Mal aufladen. Wenn sie vollst\u00e4ndig aufgeladen ist, versorgt sie Ihr Telefon fast eine Woche lang mit Strom. 4 faltbare Solarpaneele: Dank der 4 Hochleistungs-Solarpaneele erreicht die Ladegeschwindigkeit\u2026","rel":"","context":"Similar post","img":{"alt_text":"","src":"https:\/\/i0.wp.com\/anythingtechnicallc.com\/wp-content\/uploads\/2022\/09\/Solar-Charger-25000mAh-Tranmix-Portable-Solar-Phone-Charger-with-4-Solar-Panels-High-Capacity-Solar-Power-Bank-External-Battery-Pack-for-Smart-Phones-Tablets-and-Hiking-Camping-0.jpg?fit=500%2C479&ssl=1&resize=350%2C200","width":350,"height":200},"classes":[]},{"id":9452,"url":"https:\/\/anythingtechnicallc.com\/index.php\/de\/product\/solarladegeraet-anker-24w-3-port-usb-tragbares-solarladegeraet-mit-faltbarem-cigs-panel-fuer-camping-powerport-solar-fuer-iphone-12-se-11-xs-max-xr-x-8-ipad-samsung-galaxy-s20-s10-s9-s8-und-mehr\/","url_meta":{"origin":9378,"position":4},"title":"Solarladeger\u00e4t, Anker 24W 3-Port USB tragbares Solarladeger\u00e4t mit faltbarem CIGS-Panel f\u00fcr Camping, PowerPort Solar f\u00fcr iPhone 12\/SE\/11\/XS Max\/XR\/X\/8, iPad, Samsung Galaxy S20\/S10\/S9\/S8, und mehr","date":"March 19, 2026","format":false,"excerpt":"Stellen Sie sicher, dass dieser Artikel passt, indem Sie Ihre Modellnummer eingeben. Ultrad\u00fcnn und flexibel: Hergestellt aus CIGS, einer Art D\u00fcnnschicht-Solarmaterial, das eine gr\u00f6\u00dfere Flexibilit\u00e4t als andere Solarzellen bietet und gleichzeitig langlebig ist. Schnelles Aufladen: Mit diesem tragbaren Solarladeger\u00e4t k\u00f6nnen Sie Ihr Handy, Tablet oder andere mobile Ger\u00e4te bei optimaler\u2026","rel":"","context":"Similar post","img":{"alt_text":"","src":"https:\/\/i0.wp.com\/anythingtechnicallc.com\/wp-content\/uploads\/2022\/09\/Solar-Charger-Anker-24W-3-Port-USB-Portable-Solar-Charger-with-Foldable-CIGS-Panel-for-Camping-PowerPort-Solar-for-iPhone-12SE11XS-MaxXRX8-iPad-Samsung-Galaxy-S20S10S9S8-and-More-0.jpg?fit=400%2C500&ssl=1&resize=350%2C200","width":350,"height":200},"classes":[]},{"id":9438,"url":"https:\/\/anythingtechnicallc.com\/index.php\/de\/product\/bigblue-3-usb-a-28w-solar-ladegeraet-5v-4-8a-max-tragbares-sunpower-solarpanel-ladegeraet-fuer-camping-ipx4-wasserdicht-kompatibel-mit-iphone-11-xs-xs-max-xr-x-8-7-ipad-samsung-galaxy-lg-etc\/","url_meta":{"origin":9378,"position":5},"title":"[BigBlue 3 USB-A 28W Solar Ladeger\u00e4t (5V\/4.8A Max), tragbares SunPower Solarpanel Ladeger\u00e4t f\u00fcr Camping, IPX4 Wasserdicht, Kompatibel mit iPhone 11\/XS\/XS Max\/XR\/X\/8\/7, iPad, Samsung Galaxy LG etc.","date":"March 19, 2026","format":false,"excerpt":"\u3010Upgraded Triple USB-A Ports\u3011Jeder maximale Ausgang ist 5V\/2.4A und der gesamte maximale Strom von 3 USB ist 5V\/4.8A. Mit dem BigBlue 28W Solarladeger\u00e4t k\u00f6nnen Sie mehrere Ger\u00e4te gleichzeitig aufladen. Es ist mit einer intelligenten Ladetechnologie ausgestattet, die Ihr Ger\u00e4t erkennt und je nach Ger\u00e4t die optimale Ladegeschwindigkeit bietet. BigBlue gew\u00e4hrleistet\u2026","rel":"","context":"Similar post","img":{"alt_text":"","src":"https:\/\/i0.wp.com\/anythingtechnicallc.com\/wp-content\/uploads\/2022\/09\/UpgradedBigBlue-3-USB-A-28W-Solar-Charger5V48A-Max-Portable-SunPower-Solar-Panel-Charger-for-Camping-IPX4-Waterproof-Compatible-with-iPhone-11XSXS-MaxXRX87-iPad-Samsung-Galaxy-LG-etc-0.jpg?fit=500%2C500&ssl=1&resize=350%2C200","width":350,"height":200},"classes":[]}],"pll_sync_post":[],"lang":"de","translations":{"de":9378,"en":7537},"_links":{"self":[{"href":"https:\/\/anythingtechnicallc.com\/index.php\/wp-json\/wp\/v2\/product\/9378","targetHints":{"allow":["GET"]}}],"collection":[{"href":"https:\/\/anythingtechnicallc.com\/index.php\/wp-json\/wp\/v2\/product"}],"about":[{"href":"https:\/\/anythingtechnicallc.com\/index.php\/wp-json\/wp\/v2\/types\/product"}],"replies":[{"embeddable":true,"href":"https:\/\/anythingtechnicallc.com\/index.php\/wp-json\/wp\/v2\/comments?post=9378"}],"wp:featuredmedia":[{"embeddable":true,"href":"https:\/\/anythingtechnicallc.com\/index.php\/wp-json\/wp\/v2\/media\/9377"}],"wp:attachment":[{"href":"https:\/\/anythingtechnicallc.com\/index.php\/wp-json\/wp\/v2\/media?parent=9378"}],"wp:term":[{"taxonomy":"product_brand","embeddable":true,"href":"https:\/\/anythingtechnicallc.com\/index.php\/wp-json\/wp\/v2\/product_brand?post=9378"},{"taxonomy":"product_cat","embeddable":true,"href":"https:\/\/anythingtechnicallc.com\/index.php\/wp-json\/wp\/v2\/product_cat?post=9378"},{"taxonomy":"product_tag","embeddable":true,"href":"https:\/\/anythingtechnicallc.com\/index.php\/wp-json\/wp\/v2\/product_tag?post=9378"}],"curies":[{"name":"wp","href":"https:\/\/api.w.org\/{rel}","templated":true}]}}