{"id":9381,"date":"2026-03-19T09:02:03","date_gmt":"2026-03-19T09:02:03","guid":{"rendered":"https:\/\/anythingtechnicallc.com\/?post_type=product&#038;p=9381"},"modified":"2026-03-19T09:02:03","modified_gmt":"2026-03-19T09:02:03","slug":"dell-thunderbolt-wd22tb4-4-dock-130w","status":"publish","type":"product","link":"https:\/\/anythingtechnicallc.com\/index.php\/de\/product\/dell-thunderbolt-wd22tb4-4-dock-130w\/","title":{"rendered":"Dell Thunderbolt WD22TB4 4 Dock 130W"},"content":{"rendered":"<ul class=\"a-unordered-list a-vertical a-spacing-mini\">\n<li class=\"a-spacing-mini\"><span class=\"a-list-item\">Modulares Thunderbolt-Dock mit austauschbaren Modulen f\u00fcr einfache Upgrades und SuperBoost-Technologien f\u00fcr schnelles Laden.<\/span><\/li>\n<li class=\"a-spacing-mini\"><span class=\"a-list-item\">2 x Thunderbolt-4-Anschl\u00fcsse \/ 1 x USB-C 3.2 Gen 2 \/ 1 x USB-A 3.2 Gen 1 mit PowerShare \/ 2 x DisplayPort 1.4 \/ 1 x HDMI 2.0 \/ 1 x USB-C Multifunction DisplayPort. <\/span><\/li>\n<li class=\"a-spacing-mini\"><span class=\"a-list-item\">2 x USB-A 3.2 Gen 1 \/ 1 x Gigabit Ethernet RJ45 Port \/ 180W Netzteil \/ 120\/230 V AC (50\/60 Hz) \/ F\u00fcr Windows 10, Windows 11. <\/span><\/li>\n<li class=\"a-spacing-mini\"><span class=\"a-list-item\">Multiplizieren Sie Ihre Produktivit\u00e4t: Schlie\u00dfen Sie Bildschirme und Peripherieger\u00e4te mit einem einzigen Kabel an Ihr System an &#8211; f\u00fcr ultimative Produktivit\u00e4t. Das Thunderbolt 4 Dock mit der h\u00f6chsten Anzahl an Anschl\u00fcssen verbindet mehrere 4K-Bildschirme und Thunderbolt-Peripherieger\u00e4te, so dass Sie bei Ihrer Arbeitseinrichtung keine Kompromisse eingehen m\u00fcssen.<\/span><\/li>\n<li class=\"a-spacing-mini\"><span class=\"a-list-item\">Schnelle Daten\u00fcbertragung: Holen Sie das Maximum aus Ihren Peripherieger\u00e4ten mit einer Daten\u00fcbertragung von 40 GB\/s.<\/span><\/li>\n<\/ul>\n","protected":false},"excerpt":{"rendered":"<ul class=\"a-unordered-list a-vertical a-spacing-mini\">\n<li class=\"a-spacing-mini\"><span class=\"a-list-item\">Modulares Thunderbolt-Dock mit austauschbaren Modulen f\u00fcr einfache Upgrades und SuperBoost-Technologien f\u00fcr schnelles Laden.<\/span><\/li>\n<li class=\"a-spacing-mini\"><span class=\"a-list-item\">2 x Thunderbolt-4-Anschl\u00fcsse \/ 1 x USB-C 3.2 Gen 2 \/ 1 x USB-A 3.2 Gen 1 mit PowerShare \/ 2 x DisplayPort 1.4 \/ 1 x HDMI 2.0 \/ 1 x USB-C Multifunction DisplayPort. <\/span><\/li>\n<li class=\"a-spacing-mini\"><span class=\"a-list-item\">2 x USB-A 3.2 Gen 1 \/ 1 x Gigabit Ethernet RJ45 Port \/ 180W Netzteil \/ 120\/230 V AC (50\/60 Hz) \/ F\u00fcr Windows 10, Windows 11. <\/span><\/li>\n<li class=\"a-spacing-mini\"><span class=\"a-list-item\">Multiplizieren Sie Ihre Produktivit\u00e4t: Schlie\u00dfen Sie Bildschirme und Peripherieger\u00e4te mit einem einzigen Kabel an Ihr System an &#8211; f\u00fcr ultimative Produktivit\u00e4t. Das Thunderbolt 4 Dock mit der h\u00f6chsten Anzahl an Anschl\u00fcssen verbindet mehrere 4K-Bildschirme und Thunderbolt-Peripherieger\u00e4te, so dass Sie bei Ihrer Arbeitseinrichtung keine Kompromisse eingehen m\u00fcssen.<\/span><\/li>\n<li class=\"a-spacing-mini\"><span class=\"a-list-item\">Schnelle Daten\u00fcbertragung: Holen Sie das Maximum aus Ihren Peripherieger\u00e4ten mit einer Daten\u00fcbertragung von 40 GB\/s.<\/span><\/li>\n<\/ul>\n","protected":false},"featured_media":9380,"comment_status":"open","ping_status":"closed","template":"","meta":{"_et_pb_use_builder":"","_et_pb_old_content":"","_et_gb_content_width":""},"product_brand":[],"product_cat":[1372],"product_tag":[],"class_list":{"0":"post-9381","1":"product","2":"type-product","3":"status-publish","4":"has-post-thumbnail","6":"product_cat-elektronik","8":"first","9":"instock","10":"sale","11":"taxable","12":"shipping-taxable","13":"purchasable","14":"product-type-simple"},"exclude_global_add_ons":[],"addons":[],"jetpack-related-posts":[{"id":9551,"url":"https:\/\/anythingtechnicallc.com\/index.php\/de\/product\/hp-usb-c-dock-g5-11-in-1-adapter-fuer-usb-c-und-thunderbolt-faehige-laptops-pcs-und-notebooks-ein-einziges-kabel-zum-aufladen-vernetzen-oder-fuer-datenuebertragungen-ideal-fuer-sicheres-remote\/","url_meta":{"origin":9381,"position":0},"title":"HP USB-C Dock G5-11-in-1 Adapter f\u00fcr USB-C und Thunderbolt-f\u00e4hige Laptops, PCs und Notebooks &#8211; ein einziges Kabel zum Aufladen, Vernetzen oder f\u00fcr Daten\u00fcbertragungen &#8211; ideal f\u00fcr sicheres &#038; Remote Management","date":"March 21, 2026","format":false,"excerpt":"Machen Sie sich an die Arbeit mit dem vielseitigen, eleganten und platzsparenden HP USB-C Dock G5. Diese USB-Dockingstation ist mit HP Laptops, MacBook\u00ae Computern und anderen Notebooks (2) kompatibel und eignet sich dank ihres geringen Platzbedarfs und der Einrichtung mit nur einem Kabel hervorragend zur Organisation Ihres Schreibtisches. Ganz gleich,\u2026","rel":"","context":"Similar post","img":{"alt_text":"","src":"https:\/\/i0.wp.com\/anythingtechnicallc.com\/wp-content\/uploads\/2025\/09\/81xxmKsxxsL._AC_SL1500_.jpg?fit=983%2C1200&ssl=1&resize=350%2C200","width":350,"height":200},"classes":[]},{"id":9629,"url":"https:\/\/anythingtechnicallc.com\/index.php\/de\/product\/gebrauchter-hp-usb-c-dock-g5-11-in-1-adapter-fuer-usb-c-und-thunderbolt-faehige-laptops-pcs-und-notebooks-ein-einziges-kabel-zum-laden-vernetzen-oder-fuer-datenuebertragungen-ideal-fuer-sicheres\/","url_meta":{"origin":9381,"position":1},"title":"Gebrauchter HP USB-C Dock G5-11-in-1 Adapter f\u00fcr USB-C und Thunderbolt-f\u00e4hige Laptops, PCs und Notebooks &#8211; ein einziges Kabel zum Laden, Vernetzen oder f\u00fcr Daten\u00fcbertragungen &#8211; ideal f\u00fcr sicheres &#038; Remote Management","date":"March 24, 2026","format":false,"excerpt":"Machen Sie sich an die Arbeit mit dem vielseitigen, eleganten und platzsparenden HP USB-C Dock G5. Diese USB-Dockingstation ist mit HP Laptops, MacBook\u00ae Computern und anderen Notebooks (2) kompatibel und eignet sich dank ihres geringen Platzbedarfs und der Einrichtung mit nur einem Kabel hervorragend zur Organisation Ihres Schreibtisches. Ganz gleich,\u2026","rel":"","context":"Similar post","img":{"alt_text":"","src":"https:\/\/i0.wp.com\/anythingtechnicallc.com\/wp-content\/uploads\/2025\/10\/HP-USB-C-Dock-G5.webp?fit=1200%2C675&ssl=1&resize=350%2C200","width":350,"height":200},"classes":[]},{"id":9689,"url":"https:\/\/anythingtechnicallc.com\/index.php\/de\/product\/hp-thunderbolt-dock-230w-g2-4k-unterstuetzung-thunderbolt-3-usb-c-displayport-vga-fuer-hp-elite-x2-elitebook-folio-zbook-probook-schwarz-erneuert\/","url_meta":{"origin":9381,"position":2},"title":"HP Thunderbolt Dock 230W G2 &#8211; 4K Unterst\u00fctzung, Thunderbolt 3, USB C, DisplayPort, VGA &#8211; F\u00fcr HP Elite x2, Elitebook, Folio, Zbook, Probook &#8211; Schwarz (Erneuert)","date":"March 24, 2026","format":false,"excerpt":"Anschl\u00fcsse an der Vorderseite: 1 USB-C-Anschluss mit Daten- und Stromausgang (15 W); 1 USB-C-Kabel zum Anschluss an das Hostsystem (0,7 m Kabell\u00e4nge). Seitliche Anschl\u00fcsse: 1 USB 3.0-Anschluss mit Stromversorgung; 1 Combo-Audio-Buchse; 1 Kensington Lock-Steckplatz. R\u00fcckseitige Anschl\u00fcsse: 1 Thunderbolt-Anschluss; 1 USB-C DisplayPort Daten- und Stromanschluss (15W); 2 DisplayPort-Anschl\u00fcsse; 1 VGA-Anschluss; 2\u2026","rel":"","context":"Similar post","img":{"alt_text":"","src":"https:\/\/i0.wp.com\/anythingtechnicallc.com\/wp-content\/uploads\/2026\/01\/HP-Thunderbolt-Dock-230W-G2.jpg?fit=1200%2C900&ssl=1&resize=350%2C200","width":350,"height":200},"classes":[]},{"id":9479,"url":"https:\/\/anythingtechnicallc.com\/index.php\/de\/product\/apple-thunderbolt-3-usb-c-auf-thunderbolt-2-adapter\/","url_meta":{"origin":9381,"position":3},"title":"Apple Thunderbolt 3 (USB-C) auf Thunderbolt 2 Adapter","date":"March 21, 2026","format":false,"excerpt":"Mit dem Thunderbolt 3 (USB-C) auf Thunderbolt 2 Adapter k\u00f6nnen Sie Thunderbolt- und Thunderbolt 2-Ger\u00e4te - wie externe Festplatten und Thunderbolt-Docks - an jeden der Thunderbolt 3 (USB-C) \/ USB 4-Anschl\u00fcsse Ihres Macs anschlie\u00dfen. Als bidirektionaler Adapter kann er auch neue Thunderbolt 3-Ger\u00e4te an einen Mac mit einem Thunderbolt- oder\u2026","rel":"","context":"Similar post","img":{"alt_text":"","src":"https:\/\/i0.wp.com\/anythingtechnicallc.com\/wp-content\/uploads\/2025\/08\/41YQV7DcaIL._AC_SL1500_.jpg?fit=192%2C1200&ssl=1&resize=350%2C200","width":350,"height":200},"classes":[]},{"id":9368,"url":"https:\/\/anythingtechnicallc.com\/index.php\/de\/product\/belkin-thunderbolt-4-kabel-2m-6-6ft-power-cable-usb-c-zu-usb-c-kabel-mit-100w-power-delivery-usb-4-konform-kompatibel-mit-thunderbolt-3-macbook-pro-ecpu-mehr-intel-thunderbolt-zertifizier\/","url_meta":{"origin":9381,"position":4},"title":"Belkin Thunderbolt 4 Kabel (2M, 6.6ft Power Cable), USB-C zu USB-C Kabel mit 100W Power Delivery, USB 4 konform, kompatibel mit Thunderbolt 3, MacBook Pro, eCPU, &#038; mehr &#8211; Intel Thunderbolt zertifiziert","date":"March 19, 2026","format":false,"excerpt":"EINKABEL-L\u00d6SUNG: Dieses vielseitige Ladekabel, das von The Verge f\u00fcr seine L\u00e4nge ausgezeichnet wurde, unterst\u00fctzt Daten, Strom und Video - eine Ein-Kabel-L\u00f6sung f\u00fcr Ihren Power Hub, Ihr MacBook Pro oder jedes andere USB-C kompatible Ger\u00e4t! Sie finden es auch in 1M\/3.3ft L\u00e4nge. DIE NEUESTE THUNDERBOLT-TECHNOLOGIE: Sie erhalten erstklassige Konnektivit\u00e4t in einem\u2026","rel":"","context":"Similar post","img":{"alt_text":"","src":"https:\/\/i0.wp.com\/anythingtechnicallc.com\/wp-content\/uploads\/2025\/08\/51vkZxD5-QL._SL1500_.jpg?fit=1200%2C1200&ssl=1&resize=350%2C200","width":350,"height":200},"classes":[]},{"id":9375,"url":"https:\/\/anythingtechnicallc.com\/index.php\/de\/product\/belkin-usb-c-hub-11-in-1-multi-port-laptop-dock-mit-4k-hdmi-dp-vga-usb-c-docking-station-mit-100w-power-delivery-usb-a-gigabit-ethernet-sd-microsd-3-5mm-port-fuer-macbook-pro-air-und-mehr\/","url_meta":{"origin":9381,"position":5},"title":"Belkin USB C Hub, 11-in-1 Multi-Port Laptop Dock mit 4K HDMI, DP, VGA, USB C Docking Station mit 100W Power Delivery, USB A, Gigabit Ethernet, SD, MicroSD, 3.5mm Port f\u00fcr MacBook Pro, Air und mehr","date":"March 19, 2026","format":false,"excerpt":"ERREICHEN SIE DIE ULTIMATIVE ARBEITSSTATION: Verwandeln Sie Ihren Laptop mit dieser USB-C-Dockingstation in die ultimative Arbeitsstation. Diese Dockingstation verf\u00fcgt \u00fcber 11 Anschl\u00fcsse, darunter 4K HDMI 1.4, 4K DisplayPort 1.2, VGA, 1x USB-C PD 3.0, 2x USB-A 3.0, 1x USB-A 2.0, 1x Ethernet, SD 3.0 Kartenleser, MicroSD 3.0 und 3,5 mm\u2026","rel":"","context":"Similar post","img":{"alt_text":"","src":"https:\/\/i0.wp.com\/anythingtechnicallc.com\/wp-content\/uploads\/2025\/08\/41vgDEXravL._AC_SL1000_.jpg?fit=946%2C482&ssl=1&resize=350%2C200","width":350,"height":200},"classes":[]}],"pll_sync_post":[],"lang":"de","translations":{"de":9381,"en":7539},"_links":{"self":[{"href":"https:\/\/anythingtechnicallc.com\/index.php\/wp-json\/wp\/v2\/product\/9381","targetHints":{"allow":["GET"]}}],"collection":[{"href":"https:\/\/anythingtechnicallc.com\/index.php\/wp-json\/wp\/v2\/product"}],"about":[{"href":"https:\/\/anythingtechnicallc.com\/index.php\/wp-json\/wp\/v2\/types\/product"}],"replies":[{"embeddable":true,"href":"https:\/\/anythingtechnicallc.com\/index.php\/wp-json\/wp\/v2\/comments?post=9381"}],"wp:featuredmedia":[{"embeddable":true,"href":"https:\/\/anythingtechnicallc.com\/index.php\/wp-json\/wp\/v2\/media\/9380"}],"wp:attachment":[{"href":"https:\/\/anythingtechnicallc.com\/index.php\/wp-json\/wp\/v2\/media?parent=9381"}],"wp:term":[{"taxonomy":"product_brand","embeddable":true,"href":"https:\/\/anythingtechnicallc.com\/index.php\/wp-json\/wp\/v2\/product_brand?post=9381"},{"taxonomy":"product_cat","embeddable":true,"href":"https:\/\/anythingtechnicallc.com\/index.php\/wp-json\/wp\/v2\/product_cat?post=9381"},{"taxonomy":"product_tag","embeddable":true,"href":"https:\/\/anythingtechnicallc.com\/index.php\/wp-json\/wp\/v2\/product_tag?post=9381"}],"curies":[{"name":"wp","href":"https:\/\/api.w.org\/{rel}","templated":true}]}}