{"id":9391,"date":"2026-03-19T09:05:09","date_gmt":"2026-03-19T09:05:09","guid":{"rendered":"https:\/\/anythingtechnicallc.com\/?post_type=product&#038;p=9391"},"modified":"2026-03-19T09:21:50","modified_gmt":"2026-03-19T09:21:50","slug":"x-dragon-monokristallines-tragbares-solarpanel-20w-duale-usb-anschluesse-5v2a-insgesamt-3a-faltbares-solar-ladegeraet-fuer-laptop-handy-notebook-tablet-camping-5v-20w","status":"publish","type":"product","link":"https:\/\/anythingtechnicallc.com\/index.php\/de\/product\/x-dragon-monokristallines-tragbares-solarpanel-20w-duale-usb-anschluesse-5v2a-insgesamt-3a-faltbares-solar-ladegeraet-fuer-laptop-handy-notebook-tablet-camping-5v-20w\/","title":{"rendered":"X-DRAGON Monokristallines tragbares Solarpanel 20W Duale USB-Anschl\u00fcsse (5V2A, insgesamt 3A) Faltbares Solar-Ladeger\u00e4t f\u00fcr Laptop, Handy, Notebook, Tablet, Camping (5V 20W)"},"content":{"rendered":"<p>[Galerie]<br \/>\nStellen Sie sicher, dass dieses Produkt passt, indem Sie Ihre Modellnummer eingeben.<br \/>\n\u2600\ufe0f Exklusive SolarIQ-Technologie: Mit dem eingebauten intelligenten IC-Chip wird er wahrscheinlich mechanisch den Strom und die Spannung anpassen, um die maximale Leistung zu erreichen. Er liefert den schnellsten denkbaren Strom von bis zu 2 Ampere pro Anschluss oder 3 Ampere insgesamt bei direkter Sonneneinstrahlung.<br \/>\n\u2600\ufe0fHigh Wirkungsgrad: Die Solarzelle von SunPower besteht aus US, mit einem Wirkungsgrad von bis zu 22%-25%, w\u00e4hrend die meisten Paneele auf dem Markt einen Wirkungsgrad von 15% haben.<br \/>\n\u2600\ufe0fDual-USB-Leistung: 20 Watt SunPower liefern genug Strom, um ein Handy und andere 5V-Ger\u00e4te gleichzeitig zu laden<br \/>\n\u2600\ufe0fWater-Resistent und Sicherheitsschutz: PET-Solarmodule mit robustem, verschlei\u00dffestem Oxford-Gewebe bieten wetterfeste Haltbarkeit f\u00fcr alle Au\u00dfenbereiche und Aktivit\u00e4ten. \u00dcberspannungsschutz, Kurzschlussschutz und weitere fortschrittliche Sicherheitsvorkehrungen sch\u00fctzen Sie und Ihre Ger\u00e4te.<br \/>\n\u2600\ufe0fPackage Inhalt: 20W faltbares Solarladeger\u00e4t, 4 Haken, Micro-USB-Kabel, Bedienungsanleitung<\/p>\n","protected":false},"excerpt":{"rendered":"<p>Stellen Sie sicher, dass dieses Produkt passt, indem Sie Ihre Modellnummer eingeben.<br \/>\n\u2600\ufe0f Exklusive SolarIQ-Technologie: Mit dem eingebauten intelligenten IC-Chip k\u00f6nnen Strom und Spannung automatisch angepasst werden, um eine maximale Leistung zu erzielen. Bei direkter Sonneneinstrahlung wird der schnellstm\u00f6gliche Strom von bis zu 2 Ampere pro Anschluss oder 3 Ampere insgesamt geliefert.<br \/>\n\u2600\ufe0fHigh Wirkungsgrad: Die Solarzelle von SunPower wird in den USA hergestellt und hat einen Wirkungsgrad von 22%-25%, w\u00e4hrend die meisten Module auf dem Markt einen Wirkungsgrad von 15% haben.<\/p>\n","protected":false},"featured_media":9390,"comment_status":"open","ping_status":"closed","template":"","meta":{"_et_pb_use_builder":"","_et_pb_old_content":"","_et_gb_content_width":""},"product_brand":[],"product_cat":[703,1580],"product_tag":[],"class_list":{"0":"post-9391","1":"product","2":"type-product","3":"status-publish","4":"has-post-thumbnail","6":"product_cat-uncategorized-de","7":"product_cat-solarladegeraete","8":"pa_brand-besuchen-sie-den-x-dragon-store","9":"pa_certification-ce-fcc-rohs","10":"pa_country-of-origin-china","11":"pa_date-first-available-dezember-29-2014","12":"pa_is-discontinued-by-manufactur-nein","13":"pa_item-model-number-xd-sp5v20w","14":"pa_item-weight-134-pfund","15":"pa_manufacturer-x-dragon","16":"pa_material-monokristallines-silizium-ibc-solarpanel-mit-hohem-wirkungsgrad-pvc-gewebe-wasserdicht","17":"pa_number-of-items-1520","18":"pa_part-number-kabelloses-ladegeraet","19":"pa_power-source-solarbetrieben","20":"pa_product-dimensions-121-x-72-x-051-zoll","21":"pa_size-5v-20w","22":"pa_special-features-tragbar-wasserdicht-faltbar","23":"pa_temperature-range-4f-bis-140f-grad-fahrenheit","24":"pa_voltage-5-volt","25":"pa_warranty-description-18-monate-garantie","26":"pa_wattage-20-watt","28":"first","29":"instock","30":"taxable","31":"shipping-taxable","32":"purchasable","33":"product-type-simple"},"exclude_global_add_ons":[],"addons":[],"jetpack-related-posts":[{"id":9425,"url":"https:\/\/anythingtechnicallc.com\/index.php\/de\/product\/2-usb-anschluesse-28w-solar-ladegeraet-5v-4-8a-max-faltbares-tragbares-solar-handy-ladegeraet-mit-sunpower-solarpanel-kompatibel-mit-iphone-11-xs-xs-max-xr-x-8-7-ipad-samsung-galaxy-lg-etc\/","url_meta":{"origin":9391,"position":0},"title":"2 USB-Anschl\u00fcsse 28W Solar-Ladeger\u00e4t (5V\/4.8A Max), faltbares tragbares Solar-Handy-Ladeger\u00e4t mit SunPower Solarpanel Kompatibel mit iPhone 11\/Xs\/XS Max\/XR\/X\/8\/7, iPad, Samsung Galaxy LG etc.","date":"March 19, 2026","format":false,"excerpt":"Verbesserte zwei USB-A-Anschl\u00fcsse: Jeder hat einen maximalen Ausgang von 5V\/2,4A und der maximale Gesamtstrom liegt bei 5V\/4,8A. Mit dem 28 W Solarladeger\u00e4t k\u00f6nnen Sie mehrere Ger\u00e4te gleichzeitig aufladen. Es ist mit einer intelligenten Ladetechnologie ausgestattet, die Ihr Ger\u00e4t erkennt und dann die optimale Ladegeschwindigkeit f\u00fcr verschiedene Ger\u00e4te bereitstellt. 100% sichere\u2026","rel":"","context":"Similar post","img":{"alt_text":"","src":"https:\/\/i0.wp.com\/anythingtechnicallc.com\/wp-content\/uploads\/2021\/11\/10891131799_1539480740.jpg?fit=750%2C750&ssl=1&resize=350%2C200","width":350,"height":200},"classes":[]},{"id":9438,"url":"https:\/\/anythingtechnicallc.com\/index.php\/de\/product\/bigblue-3-usb-a-28w-solar-ladegeraet-5v-4-8a-max-tragbares-sunpower-solarpanel-ladegeraet-fuer-camping-ipx4-wasserdicht-kompatibel-mit-iphone-11-xs-xs-max-xr-x-8-7-ipad-samsung-galaxy-lg-etc\/","url_meta":{"origin":9391,"position":1},"title":"[BigBlue 3 USB-A 28W Solar Ladeger\u00e4t (5V\/4.8A Max), tragbares SunPower Solarpanel Ladeger\u00e4t f\u00fcr Camping, IPX4 Wasserdicht, Kompatibel mit iPhone 11\/XS\/XS Max\/XR\/X\/8\/7, iPad, Samsung Galaxy LG etc.","date":"March 19, 2026","format":false,"excerpt":"\u3010Upgraded Triple USB-A Ports\u3011Jeder maximale Ausgang ist 5V\/2.4A und der gesamte maximale Strom von 3 USB ist 5V\/4.8A. Mit dem BigBlue 28W Solarladeger\u00e4t k\u00f6nnen Sie mehrere Ger\u00e4te gleichzeitig aufladen. Es ist mit einer intelligenten Ladetechnologie ausgestattet, die Ihr Ger\u00e4t erkennt und je nach Ger\u00e4t die optimale Ladegeschwindigkeit bietet. BigBlue gew\u00e4hrleistet\u2026","rel":"","context":"Similar post","img":{"alt_text":"","src":"https:\/\/i0.wp.com\/anythingtechnicallc.com\/wp-content\/uploads\/2022\/09\/UpgradedBigBlue-3-USB-A-28W-Solar-Charger5V48A-Max-Portable-SunPower-Solar-Panel-Charger-for-Camping-IPX4-Waterproof-Compatible-with-iPhone-11XSXS-MaxXRX87-iPad-Samsung-Galaxy-LG-etc-0.jpg?fit=500%2C500&ssl=1&resize=350%2C200","width":350,"height":200},"classes":[]},{"id":9384,"url":"https:\/\/anythingtechnicallc.com\/index.php\/de\/product\/solarpanel-ladegeraet-solorage-21w-solar-ladegeraet-mit-2-usb-anschluessen-und-3-faltbaren-solarpanels-tragbares-solar-handy-ladegeraet-fuer-camping-wandern-kompatibel-mit-iphone-ipad-pro-air-mini\/","url_meta":{"origin":9391,"position":2},"title":"Solarpanel-Ladeger\u00e4t, Solorage 21W Solar-Ladeger\u00e4t mit 2 USB-Anschl\u00fcssen und 3 faltbaren Solarpanels Tragbares Solar-Handy-Ladeger\u00e4t f\u00fcr Camping, Wandern Kompatibel mit iPhone, iPad Pro\/Air\/Mini, Samsung Galaxy","date":"March 19, 2026","format":false,"excerpt":"Vergewissern Sie sich, dass dieses Produkt passt, indem Sie Ihre Modellnummer eingeben. SMART CHARGING TECHNOLOGY: Eingebauter intelligenter Chip und Spannungsreglertechnologie, die Ihr Ger\u00e4t erkennen kann und dann die schnellstm\u00f6gliche Ladegeschwindigkeit liefert. Das Solorage Solarstrom-Ladeger\u00e4t gew\u00e4hrleistet einen sicheren Ladevorgang durch Schutz vor \u00dcberladung, \u00dcberhitzung und Kurzschluss. ?HOHE ENERGIEUMWANDLUNG: Das faltbare 21-Watt-SunPower-Solarpanel\u2026","rel":"","context":"Similar post","img":{"alt_text":"","src":"https:\/\/i0.wp.com\/anythingtechnicallc.com\/wp-content\/uploads\/2022\/09\/Solar-Panel-Charger-Solorage-21W-Solar-Charger-with-2-USB-Ports-and-3-Foldable-Solar-Panels-Portable-Solar-Phone-Charger-for-Camping-Hiking-Compatible-with-iPhone-iPad-ProAirMini-Samsung-Galaxy-0.jpg?fit=500%2C500&ssl=1&resize=350%2C200","width":350,"height":200},"classes":[]},{"id":9418,"url":"https:\/\/anythingtechnicallc.com\/index.php\/de\/product\/bigblue-36w-solarpanel-ladegeraet-mit-dc20v-1-8a-pd-20w-usb-c-und-schnellladung-usb-a-ip54-wasserdicht-tragbares-solarpanel-fuer-camping-kompatibel-mit-iphone-galaxy-tablets-kleine-power-stat\/","url_meta":{"origin":9391,"position":3},"title":"BigBlue 36W Solarpanel Ladeger\u00e4t mit DC(20V\/1.8A), PD 20W USB-C und Schnellladung USB-A, IP54 Wasserdicht, Tragbares Solarpanel f\u00fcr Camping, Kompatibel mit iPhone, Galaxy, Tablets, Kleine Power Station","date":"March 19, 2026","format":false,"excerpt":"\u2705 Kompatibel mit den meisten Ger\u00e4ten: Ein USB-Anschluss mit 5V\/3A, 9V\/2A, 12V\/1,5A zum schnellen Aufladen Ihrer Handys und anderer USB-betriebener Ger\u00e4te; der DC-Ausgang (20V\/1,8A) ist mit einigen kleinen Kraftwerken (weniger als 200W) kompatibel, und ein USB-C-Ausgang (5V\/3A, 9V\/2,22A, 12V\/1,67A) kann Ihr iPad oder Ihren Switch mit PD 20W versorgen; dieses\u2026","rel":"","context":"Similar post","img":{"alt_text":"","src":"https:\/\/i0.wp.com\/anythingtechnicallc.com\/wp-content\/uploads\/2022\/09\/BigBlue-36W-Solar-Panels-Charger-with-DC20V18A-PD-20W-USB-C-and-Fast-Charge-USB-A-IP54-Waterproof-Portable-Solar-Panel-for-Camping-Compatible-with-iPhone-Galaxy-Tablets-Small-Power-Station-0.jpg?fit=500%2C500&ssl=1&resize=350%2C200","width":350,"height":200},"classes":[]},{"id":9488,"url":"https:\/\/anythingtechnicallc.com\/index.php\/de\/product\/alienware-aw610m-tri-mode-kabellose-gaming-maus-2-4ghz-kabellos-lunar-light\/","url_meta":{"origin":9391,"position":4},"title":"Alienware AW610M Tri-Mode kabellose Gaming-Maus &#8211; 2.4GHz kabellos &#8211; Lunar Light","date":"March 21, 2026","format":false,"excerpt":"Entfesseln Sie maximale Pr\u00e4zision: Genie\u00dfen Sie au\u00dfergew\u00f6hnliche Leistung mit 26.000 DPI, einer Abtastung von bis zu 650 IPS und Sensoren, die eine maximale Beschleunigung von bis zu 50 G bew\u00e4ltigen k\u00f6nnen. Marathon-Gaming ist willkommen: Schlie\u00dfen Sie das Ger\u00e4t \u00fcber einen USB-C Wireless Dongle an und genie\u00dfen Sie bis zu 140\u2026","rel":"","context":"Similar post","img":{"alt_text":"","src":"https:\/\/i0.wp.com\/anythingtechnicallc.com\/wp-content\/uploads\/2025\/08\/61iBGToBJuL._AC_SL1500_.jpg?fit=738%2C1200&ssl=1&resize=350%2C200","width":350,"height":200},"classes":[]},{"id":9452,"url":"https:\/\/anythingtechnicallc.com\/index.php\/de\/product\/solarladegeraet-anker-24w-3-port-usb-tragbares-solarladegeraet-mit-faltbarem-cigs-panel-fuer-camping-powerport-solar-fuer-iphone-12-se-11-xs-max-xr-x-8-ipad-samsung-galaxy-s20-s10-s9-s8-und-mehr\/","url_meta":{"origin":9391,"position":5},"title":"Solarladeger\u00e4t, Anker 24W 3-Port USB tragbares Solarladeger\u00e4t mit faltbarem CIGS-Panel f\u00fcr Camping, PowerPort Solar f\u00fcr iPhone 12\/SE\/11\/XS Max\/XR\/X\/8, iPad, Samsung Galaxy S20\/S10\/S9\/S8, und mehr","date":"March 19, 2026","format":false,"excerpt":"Stellen Sie sicher, dass dieser Artikel passt, indem Sie Ihre Modellnummer eingeben. Ultrad\u00fcnn und flexibel: Hergestellt aus CIGS, einer Art D\u00fcnnschicht-Solarmaterial, das eine gr\u00f6\u00dfere Flexibilit\u00e4t als andere Solarzellen bietet und gleichzeitig langlebig ist. Schnelles Aufladen: Mit diesem tragbaren Solarladeger\u00e4t k\u00f6nnen Sie Ihr Handy, Tablet oder andere mobile Ger\u00e4te bei optimaler\u2026","rel":"","context":"Similar post","img":{"alt_text":"","src":"https:\/\/i0.wp.com\/anythingtechnicallc.com\/wp-content\/uploads\/2022\/09\/Solar-Charger-Anker-24W-3-Port-USB-Portable-Solar-Charger-with-Foldable-CIGS-Panel-for-Camping-PowerPort-Solar-for-iPhone-12SE11XS-MaxXRX8-iPad-Samsung-Galaxy-S20S10S9S8-and-More-0.jpg?fit=400%2C500&ssl=1&resize=350%2C200","width":350,"height":200},"classes":[]}],"pll_sync_post":[],"lang":"de","translations":{"de":9391,"en":1943},"_links":{"self":[{"href":"https:\/\/anythingtechnicallc.com\/index.php\/wp-json\/wp\/v2\/product\/9391","targetHints":{"allow":["GET"]}}],"collection":[{"href":"https:\/\/anythingtechnicallc.com\/index.php\/wp-json\/wp\/v2\/product"}],"about":[{"href":"https:\/\/anythingtechnicallc.com\/index.php\/wp-json\/wp\/v2\/types\/product"}],"replies":[{"embeddable":true,"href":"https:\/\/anythingtechnicallc.com\/index.php\/wp-json\/wp\/v2\/comments?post=9391"}],"wp:featuredmedia":[{"embeddable":true,"href":"https:\/\/anythingtechnicallc.com\/index.php\/wp-json\/wp\/v2\/media\/9390"}],"wp:attachment":[{"href":"https:\/\/anythingtechnicallc.com\/index.php\/wp-json\/wp\/v2\/media?parent=9391"}],"wp:term":[{"taxonomy":"product_brand","embeddable":true,"href":"https:\/\/anythingtechnicallc.com\/index.php\/wp-json\/wp\/v2\/product_brand?post=9391"},{"taxonomy":"product_cat","embeddable":true,"href":"https:\/\/anythingtechnicallc.com\/index.php\/wp-json\/wp\/v2\/product_cat?post=9391"},{"taxonomy":"product_tag","embeddable":true,"href":"https:\/\/anythingtechnicallc.com\/index.php\/wp-json\/wp\/v2\/product_tag?post=9391"}],"curies":[{"name":"wp","href":"https:\/\/api.w.org\/{rel}","templated":true}]}}