{"id":9398,"date":"2026-03-19T09:05:44","date_gmt":"2026-03-19T09:05:44","guid":{"rendered":"https:\/\/anythingtechnicallc.com\/?post_type=product&#038;p=9398"},"modified":"2026-03-19T09:21:50","modified_gmt":"2026-03-19T09:21:50","slug":"solarstrombank-50000mahznust-tragbares-solarladegeraet-externes-akkupack-mit-4-ausgaengen-ports-dual-eingaenge-usb-typ-c-und-9-led-taschenlampen-handy-ladegeraet-fuer-camping-outdoor","status":"publish","type":"product","link":"https:\/\/anythingtechnicallc.com\/index.php\/de\/product\/solarstrombank-50000mahznust-tragbares-solarladegeraet-externes-akkupack-mit-4-ausgaengen-ports-dual-eingaenge-usb-typ-c-und-9-led-taschenlampen-handy-ladegeraet-fuer-camping-outdoor\/","title":{"rendered":"Solarstrombank 50000mAh,ZNUST Tragbares Solarladeger\u00e4t Externes Akkupack mit 4 Ausg\u00e4ngen Ports Dual Eing\u00e4nge USB Typ C und 9 LED Taschenlampen Handy Ladeger\u00e4t f\u00fcr Camping Outdoor"},"content":{"rendered":"<p>[Galerie]<br \/>\nStellen Sie sicher, dass dieses Produkt passt, indem Sie Ihre Modellnummer eingeben.<br \/>\n\u26a1\ud83d\udd0b\u301050000mA Gro\u00dfe Kapazit\u00e4t Solar Power Bank\u3011 :50000mAh hohe Kapazit\u00e4t Li-Polymer-Akku mit Solar-Panel, Es kann f\u00fcr iPhone 7 bis zu 18-20 mal aufladen; f\u00fcr iPhone 12 bis zu 13-15 mal; f\u00fcr Samsung S21 bis zu 10 mal; Es kann ununterbrochen f\u00fcr lange Zeit verwendet werden, Es ist eine gute Option f\u00fcr Camping, Reisen, Klettern, Bergsteigen, Angeln, und so weiter.<br \/>\n\u2705\ud83d\udc49\u30104 Ausg\u00e4nge &amp; 2 Eing\u00e4nge &amp; Solaraufladung\u30114 USB Ausg\u00e4nge ; 1 Micro Eingang &amp; 1 Typ C Eingang;(EMERGENCY) Sofort mit Sonnenlicht aufladen.<br \/>\n\u26a1\ud83d\udcaa\u3010Zwei Lademethoden \u3011: 1. Schlie\u00dfen Sie die Powerbank direkt an das Stromnetz an, um sie aufzuladen. 2. Das 500mA Solarpanel kann das Sonnenlicht absorbieren und in Strom umwandeln. Die Verwendung des Ladeger\u00e4ts ist schneller, das Solarladen kann Sie im Notfall beruhigen, es ist praktisch, um es aufzuladen, wo immer Sie sind.(Solarladen nur im Notfall verwenden)<br \/>\n\u26a1\ud83d\udca1\u3010LED-Notfalltaschenlampe\u3011LED-Notfalltaschenlampe: die Solarstrombank verf\u00fcgt \u00fcber 9 helle LED-Leuchten, die in die starke LED-Taschenlampe eingebaut sind, die eine lange Laufzeit bietet; drei Arbeitsmodi, stark, schwach, sos, erm\u00f6glichen es Ihnen, internationale Notsignale zu senden; perfekt f\u00fcr Camping im Freien, HINWEIS: Bitte dr\u00fccken Sie zweimal auf den Einschaltknopf, um einzuschalten.<br \/>\n\u26a0\ud83d\udce2\u3010Mehr als ein Management Sicherheitsschutz\u3011: hergestellt aus umweltfreundlichem Silikonkautschuk und ABS PC Materialien. UL2056, CE, FCC, RoHS Zertifizierungen sind vollst\u00e4ndig, zuverl\u00e4ssig und langlebig. es verf\u00fcgt \u00fcber einen Temperaturschutz, Kurzschlussschutz, \u00dcberspannungsschutz, \u00dcberstromschutz, Leistungsschutz, usw., so dass Sie sich keine Sorgen machen m\u00fcssen und Explosionen effektiv verhindert werden k\u00f6nnen Versteckte Gefahren.<\/p>\n","protected":false},"excerpt":{"rendered":"<p>Vergewissern Sie sich, dass das Produkt passt, indem Sie Ihre Modellnummer eingeben.<br \/>\n\u26a1\ud83d\udd0b\u301050000mA Gro\u00dfe Kapazit\u00e4t Solar Power Bank\u3011 :50000mAh hohe Kapazit\u00e4t Li-Polymer-Akku mit Solarpanel, Es kann f\u00fcr iPhone 7 bis zu 18-20 mal aufladen; f\u00fcr iPhone 12 bis zu 13-15 mal; f\u00fcr Samsung S21 bis zu 10 mal; Es kann kontinuierlich f\u00fcr lange Zeit verwendet werden, Es ist eine gute Option f\u00fcr Camping, Reisen, Wandern, Klettern, Angeln, und etc.<br \/>\n\u2705\ud83d\udc49\u30104 Ausg\u00e4nge &amp; 2 Eing\u00e4nge &amp; Solaraufladung\u30114 USB Ausg\u00e4nge ; 1 Micro Eingang &amp; 1 Typ C Eingang;(EMERGENCY) Direktes Aufladen mit Sonnenlicht.<\/p>\n","protected":false},"featured_media":9397,"comment_status":"open","ping_status":"closed","template":"","meta":{"_et_pb_use_builder":"","_et_pb_old_content":"","_et_gb_content_width":""},"product_brand":[],"product_cat":[703,1580],"product_tag":[],"class_list":{"0":"post-9398","1":"product","2":"type-product","3":"status-publish","4":"has-post-thumbnail","6":"product_cat-uncategorized-de","7":"product_cat-solarladegeraete","8":"pa_batteries-1-lithium-polymer-batterie-erforderlich-enthalten","9":"pa_brand-marke-znust","10":"pa_country-of-origin-china","11":"pa_date-first-available-mai-26-2021","12":"pa_item-model-number-dl40","13":"pa_item-weight-2-01-pfund","14":"pa_manufacturer-shenzhen-boteshun-e-business-co-ltd","15":"pa_package-dimensions-74-x-445-x-224-zoll","17":"first","18":"instock","19":"taxable","20":"shipping-taxable","21":"purchasable","22":"product-type-simple"},"exclude_global_add_ons":[],"addons":[],"jetpack-related-posts":[{"id":9428,"url":"https:\/\/anythingtechnicallc.com\/index.php\/de\/product\/solarladegeraet-25000mah-power-bank-mit-4-solarpanels-wasserdichtes-akku-pack-handy-ladegeraet-mit-taschenlampe-fuer-iphone-samsung-und-tablets\/","url_meta":{"origin":9398,"position":0},"title":"Solarladeger\u00e4t 25000mAh Power Bank mit 4 Solarpanels Wasserdichtes Akku-Pack Handy-Ladeger\u00e4t mit Taschenlampe f\u00fcr iPhone, Samsung und Tablets","date":"March 19, 2026","format":false,"excerpt":"4X schnelleres Solar-Laden: Es verf\u00fcgt \u00fcber 4 ultragro\u00dfe, faltbare Solarpaneele, die bei direkter Sonneneinstrahlung eine maximale Leistung von 6W \/ 1,2A erreichen k\u00f6nnen. Das ist 4 Mal schneller als ein einzelnes Solarladeger\u00e4t. 25000mAh kolossale Kapazit\u00e4t: Es kann 7-9 Ladungen f\u00fcr iPhone, Samsung und die meisten Telefone, 3-4 Ladungen f\u00fcr Tablets\u2026","rel":"","context":"Similar post","img":{"alt_text":"","src":"https:\/\/i0.wp.com\/anythingtechnicallc.com\/wp-content\/uploads\/2021\/11\/71wgaeieH6L._AC_SL1200_.jpg?fit=1096%2C1051&ssl=1&resize=350%2C200","width":350,"height":200},"classes":[]},{"id":9460,"url":"https:\/\/anythingtechnicallc.com\/index.php\/de\/product\/888wh65watt-tragbares-laptop-ladegeraet-mit-solarpanel-ein-super-tragbarer-reiseakku-powerbank-fuer-hp-notebooks-macbook-laptops\/","url_meta":{"origin":9398,"position":1},"title":"88,8Wh|65Watt Tragbares Laptop-Ladeger\u00e4t mit Solarpanel, Ein super tragbarer Reiseakku &#038; Powerbank f\u00fcr HP, Notebooks, MacBook, Laptops","date":"March 19, 2026","format":false,"excerpt":"Bemerkenswert kompakt und leistungsstark: Eine der kleinsten und leichtesten tragbaren Powerbanks mit 24000mAh (88,8Wh) und 110V\/65W AC-Anschluss, eine gro\u00dfartige L\u00f6sung f\u00fcr die AC-Stromversorgung. Sie liefert ausreichend Strom f\u00fcr die meisten Ihrer Ger\u00e4te wie Smartphone, Tablet und Laptop. Perfekt f\u00fcr Ihre Reisen und Gesch\u00e4ftsreisen. Schnelles Aufladen: L\u00e4dt sich selbst in weniger\u2026","rel":"","context":"Similar post","img":{"alt_text":"","src":"https:\/\/i0.wp.com\/anythingtechnicallc.com\/wp-content\/uploads\/2022\/09\/888Wh65Watts-Portable-Laptop-Charger-with-Solar-Panel-A-Super-Travel-Portable-Battery-Pack-Power-Bank-for-HP-Notebooks-MacBook-Laptops-0.jpg?fit=500%2C500&ssl=1&resize=350%2C200","width":350,"height":200},"classes":[]},{"id":9407,"url":"https:\/\/anythingtechnicallc.com\/index.php\/de\/product\/solar-ladegeraet-10000mah-solar-powerbank-18w-power-delivery-usb-c-ladegeraet-typ-c-eingang-ausgang-qc-3-0-pd-schnelles-tragbares-ladegeraet-kompatibel-mit-iphone-samsung-und-mehr\/","url_meta":{"origin":9398,"position":2},"title":"Solar-Ladeger\u00e4t, 10000mAh Solar-Powerbank, 18W Power Delivery USB C Ladeger\u00e4t, Typ C Eingang &#038; Ausgang, QC 3.0 &#038; PD Schnelles tragbares Ladeger\u00e4t Kompatibel mit iPhone, Samsung und mehr","date":"March 19, 2026","format":false,"excerpt":"Stellen Sie sicher, dass dieses Produkt passt, indem Sie Ihre Modellnummer eingeben. Hochgeschwindigkeits-Laden: Die Kombination aus Stromzufuhr und QC 3.0-Ausgang erm\u00f6glicht eine optimale Aufladung Ihres Ger\u00e4ts mit bis zu 18 W. Es ist mit fast allen USB-betriebenen Ger\u00e4ten kompatibel. Schnelles Ladeger\u00e4t: Die Powerbank unterst\u00fctzt die Leistungsstufen 5W, 7,5W und 10W.\u2026","rel":"","context":"Similar post","img":{"alt_text":"","src":"https:\/\/i0.wp.com\/anythingtechnicallc.com\/wp-content\/uploads\/2022\/09\/Solar-Charger-10000mAh-Solar-Power-Bank-18W-Power-Delivery-USB-C-Charger-Type-C-Input-Output-QC-30-PD-Fast-Portable-Charger-Compatible-with-iPhone-Samsung-and-More-0.jpg?fit=500%2C500&ssl=1&resize=350%2C200","width":350,"height":200},"classes":[]},{"id":9431,"url":"https:\/\/anythingtechnicallc.com\/index.php\/de\/product\/solar-ladegeraet-25000mah-tranmix-tragbares-solar-handy-ladegeraet-mit-4-solarmodulen-externes-solarstrom-ladegeraet-mit-hoher-kapazitaet-fuer-smart-phones-tablets-und-wandern-camping\/","url_meta":{"origin":9398,"position":3},"title":"Solar-Ladeger\u00e4t 25000mAh, Tranmix Tragbares Solar-Handy-Ladeger\u00e4t mit 4 Solarmodulen, Externes Solarstrom-Ladeger\u00e4t mit hoher Kapazit\u00e4t f\u00fcr Smart Phones, Tablets und Wandern, Camping","date":"March 19, 2026","format":false,"excerpt":"25000mAh Hohe Kapazit\u00e4t: Diese Solar-Powerbank kann ein iPhone 11 etwa 8 Mal, ein Galaxy S20 etwa 6 Mal und ein Tablet etwa 2 Mal aufladen. Wenn sie vollst\u00e4ndig aufgeladen ist, versorgt sie Ihr Telefon fast eine Woche lang mit Strom. 4 faltbare Solarpaneele: Dank der 4 Hochleistungs-Solarpaneele erreicht die Ladegeschwindigkeit\u2026","rel":"","context":"Similar post","img":{"alt_text":"","src":"https:\/\/i0.wp.com\/anythingtechnicallc.com\/wp-content\/uploads\/2022\/09\/Solar-Charger-25000mAh-Tranmix-Portable-Solar-Phone-Charger-with-4-Solar-Panels-High-Capacity-Solar-Power-Bank-External-Battery-Pack-for-Smart-Phones-Tablets-and-Hiking-Camping-0.jpg?fit=500%2C479&ssl=1&resize=350%2C200","width":350,"height":200},"classes":[]},{"id":9445,"url":"https:\/\/anythingtechnicallc.com\/index.php\/de\/product\/flexsolar-40w-tragbares-solar-ladegeraet-faltbar-qc3-0-usb-c-dc-output-ports-solar-panel-ladegeraet-fuer-camping-ip67-wasserdicht-kompatibel-mit-iphone-13-12-11-xs-x-8-7ipadsamsung-galaxy-lg-etc\/","url_meta":{"origin":9398,"position":4},"title":"FlexSolar 40W Tragbares Solar-Ladeger\u00e4t, faltbar QC3.0 USB-C DC Output Ports Solar Panel Ladeger\u00e4t f\u00fcr Camping IP67 Wasserdicht Kompatibel mit iPhone 13\/12\/11\/Xs\/X\/8\/7,iPad,Samsung Galaxy LG etc","date":"March 19, 2026","format":false,"excerpt":"\ud83d\udcbc\u3010PORTABLE & FOLDABLE\u3011Mit einer kleinen Gr\u00f6\u00dfe von 8,0x 11,1x 1,8 Zoll (wenn gefaltet) und einem leichten Design von 2,86lbs (1,3kg), das leicht in Ihren Rucksack gequetscht werden kann, bietet die Wanderschnalle Portabilit\u00e4t und Einfachheit und ist ideal, um sie beim Wandern oder einem Spaziergang in der Stadt an Ihrem Rucksack\u2026","rel":"","context":"Similar post","img":{"alt_text":"","src":"https:\/\/i0.wp.com\/anythingtechnicallc.com\/wp-content\/uploads\/2022\/09\/FlexSolar-40W-Portable-Solar-Charger-Foldable-QC30-USB-C-DC-Output-Ports-Solar-Panel-Charger-for-Camping-IP67-Waterproof-Compatible-with-iPhone-131211XsX87iPadSamsung-Galaxy-LG-etc-0.jpg?fit=500%2C500&ssl=1&resize=350%2C200","width":350,"height":200},"classes":[]},{"id":9378,"url":"https:\/\/anythingtechnicallc.com\/index.php\/de\/product\/belkin-tragbares-ladegeraet-3-port-laptop-power-bank-20000-mah-usb-c-usb-a-ports-65w-iphone-ladegeraet-schnelles-aufladen-macbook-apple-iphone-16-ipad-samsung-galaxy-s25-nintendo-switch-2\/","url_meta":{"origin":9398,"position":5},"title":"Belkin Tragbares Ladeger\u00e4t, 3-Port Laptop Power Bank 20000 mAh &#8211; USB-C &#038; USB-A Ports, 65W iPhone Ladeger\u00e4t Schnelles Aufladen &#8211; MacBook, Apple iPhone 16, iPad, Samsung Galaxy S25, Nintendo Switch 2, etc &#8211; Schwarz","date":"March 19, 2026","format":false,"excerpt":"LADEN SIE IHR LAPTOP UNTERWEGS AUF: Diese vielseitige Powerbank liefert eine Leistung von bis zu 65 W an einem einzigen USB-C-Anschluss, um Ihr MacBook oder ein anderes kompatibles Notebook aufzuladen. Laden Sie ein MacBook Pro (14\" M3) in nur 42 Minuten von 0-50% auf. 20K BATTERY LIFE: Mit einer gewaltigen\u2026","rel":"","context":"Similar post","img":{"alt_text":"","src":"https:\/\/i0.wp.com\/anythingtechnicallc.com\/wp-content\/uploads\/2025\/08\/51B1Adm7osL._AC_SL1500_.jpg?fit=890%2C1200&ssl=1&resize=350%2C200","width":350,"height":200},"classes":[]}],"pll_sync_post":[],"lang":"de","translations":{"de":9398,"en":1937},"_links":{"self":[{"href":"https:\/\/anythingtechnicallc.com\/index.php\/wp-json\/wp\/v2\/product\/9398","targetHints":{"allow":["GET"]}}],"collection":[{"href":"https:\/\/anythingtechnicallc.com\/index.php\/wp-json\/wp\/v2\/product"}],"about":[{"href":"https:\/\/anythingtechnicallc.com\/index.php\/wp-json\/wp\/v2\/types\/product"}],"replies":[{"embeddable":true,"href":"https:\/\/anythingtechnicallc.com\/index.php\/wp-json\/wp\/v2\/comments?post=9398"}],"wp:featuredmedia":[{"embeddable":true,"href":"https:\/\/anythingtechnicallc.com\/index.php\/wp-json\/wp\/v2\/media\/9397"}],"wp:attachment":[{"href":"https:\/\/anythingtechnicallc.com\/index.php\/wp-json\/wp\/v2\/media?parent=9398"}],"wp:term":[{"taxonomy":"product_brand","embeddable":true,"href":"https:\/\/anythingtechnicallc.com\/index.php\/wp-json\/wp\/v2\/product_brand?post=9398"},{"taxonomy":"product_cat","embeddable":true,"href":"https:\/\/anythingtechnicallc.com\/index.php\/wp-json\/wp\/v2\/product_cat?post=9398"},{"taxonomy":"product_tag","embeddable":true,"href":"https:\/\/anythingtechnicallc.com\/index.php\/wp-json\/wp\/v2\/product_tag?post=9398"}],"curies":[{"name":"wp","href":"https:\/\/api.w.org\/{rel}","templated":true}]}}