{"id":9407,"date":"2026-03-19T09:07:09","date_gmt":"2026-03-19T09:07:09","guid":{"rendered":"https:\/\/anythingtechnicallc.com\/?post_type=product&#038;p=9407"},"modified":"2026-03-19T09:21:50","modified_gmt":"2026-03-19T09:21:50","slug":"solar-ladegeraet-10000mah-solar-powerbank-18w-power-delivery-usb-c-ladegeraet-typ-c-eingang-ausgang-qc-3-0-pd-schnelles-tragbares-ladegeraet-kompatibel-mit-iphone-samsung-und-mehr","status":"publish","type":"product","link":"https:\/\/anythingtechnicallc.com\/index.php\/de\/product\/solar-ladegeraet-10000mah-solar-powerbank-18w-power-delivery-usb-c-ladegeraet-typ-c-eingang-ausgang-qc-3-0-pd-schnelles-tragbares-ladegeraet-kompatibel-mit-iphone-samsung-und-mehr\/","title":{"rendered":"Solar-Ladeger\u00e4t, 10000mAh Solar-Powerbank, 18W Power Delivery USB C Ladeger\u00e4t, Typ C Eingang &#038; Ausgang, QC 3.0 &#038; PD Schnelles tragbares Ladeger\u00e4t Kompatibel mit iPhone, Samsung und mehr"},"content":{"rendered":"<div class=\"tiled-gallery type-rectangular tiled-gallery-unresized\" data-original-width=\"900\" data-carousel-extra='null' itemscope itemtype=\"http:\/\/schema.org\/ImageGallery\" > <div class=\"gallery-row\" style=\"width: 900px; height: 583px;\" data-original-width=\"900\" data-original-height=\"583\" > <div class=\"gallery-group images-1\" style=\"width: 601px; height: 583px;\" data-original-width=\"601\" data-original-height=\"583\" > <div class=\"tiled-gallery-item tiled-gallery-item-large\" itemprop=\"associatedMedia\" itemscope itemtype=\"http:\/\/schema.org\/ImageObject\"> <a href=\"https:\/\/anythingtechnicallc.com\/?attachment_id=9408\" border=\"0\" itemprop=\"url\"> <meta itemprop=\"width\" content=\"597\"> <meta itemprop=\"height\" content=\"579\"> <img loading=\"lazy\" decoding=\"async\" data-attachment-id=\"9408\" data-orig-file=\"https:\/\/anythingtechnicallc.com\/wp-content\/uploads\/2022\/09\/Solar-Charger-10000mAh-Solar-Power-Bank-18W-Power-Delivery-USB-C-Charger-Type-C-Input-Output-QC-30-PD-Fast-Portable-Charger-Compatible-with-iPhone-Samsung-and-More-0-0.jpg\" data-orig-size=\"500,485\" data-comments-opened=\"1\" data-image-meta=\"{&quot;aperture&quot;:&quot;0&quot;,&quot;credit&quot;:&quot;&quot;,&quot;camera&quot;:&quot;&quot;,&quot;caption&quot;:&quot;&quot;,&quot;created_timestamp&quot;:&quot;0&quot;,&quot;copyright&quot;:&quot;&quot;,&quot;focal_length&quot;:&quot;0&quot;,&quot;iso&quot;:&quot;0&quot;,&quot;shutter_speed&quot;:&quot;0&quot;,&quot;title&quot;:&quot;&quot;,&quot;orientation&quot;:&quot;0&quot;}\" data-image-title=\"Solar-Charger-10000mAh-Solar-Power-Bank-18W-Power-Delivery-USB-C-Charger-Type-C-Input-Output-QC-30-PD-Fast-Portable-Charger-Compatible-with-iPhone-Samsung-and-More-0-0\" data-image-description=\"\" data-medium-file=\"https:\/\/i0.wp.com\/anythingtechnicallc.com\/wp-content\/uploads\/2022\/09\/Solar-Charger-10000mAh-Solar-Power-Bank-18W-Power-Delivery-USB-C-Charger-Type-C-Input-Output-QC-30-PD-Fast-Portable-Charger-Compatible-with-iPhone-Samsung-and-More-0-0.jpg?fit=300%2C291&#038;ssl=1\" data-large-file=\"https:\/\/i0.wp.com\/anythingtechnicallc.com\/wp-content\/uploads\/2022\/09\/Solar-Charger-10000mAh-Solar-Power-Bank-18W-Power-Delivery-USB-C-Charger-Type-C-Input-Output-QC-30-PD-Fast-Portable-Charger-Compatible-with-iPhone-Samsung-and-More-0-0.jpg?fit=500%2C485&#038;ssl=1\" src=\"https:\/\/i0.wp.com\/anythingtechnicallc.com\/wp-content\/uploads\/2022\/09\/Solar-Charger-10000mAh-Solar-Power-Bank-18W-Power-Delivery-USB-C-Charger-Type-C-Input-Output-QC-30-PD-Fast-Portable-Charger-Compatible-with-iPhone-Samsung-and-More-0-0.jpg?w=597&#038;h=579&#038;ssl=1\" width=\"597\" height=\"579\" data-original-width=\"597\" data-original-height=\"579\" itemprop=\"http:\/\/schema.org\/image\" title=\"Solar-Charger-10000mAh-Solar-Power-Bank-18W-Power-Delivery-USB-C-Charger-Type-C-Input-Output-QC-30-PD-Fast-Portable-Charger-Compatible-with-iPhone-Samsung-and-More-0-0\" alt=\"Solar-Charger-10000mAh-Solar-Power-Bank-18W-Power-Delivery-USB-C-Charger-Type-C-Input-Output-QC-30-PD-Fast-Portable-Charger-Compatible-with-iPhone-Samsung-and-More-0-0\" style=\"width: 597px; height: 579px;\" \/> <\/a> <\/div> <\/div> <!-- close group --> <div class=\"gallery-group images-2\" style=\"width: 299px; height: 583px;\" data-original-width=\"299\" data-original-height=\"583\" > <div class=\"tiled-gallery-item tiled-gallery-item-large\" itemprop=\"associatedMedia\" itemscope itemtype=\"http:\/\/schema.org\/ImageObject\"> <a href=\"https:\/\/anythingtechnicallc.com\/?attachment_id=9409\" border=\"0\" itemprop=\"url\"> <meta itemprop=\"width\" content=\"295\"> <meta itemprop=\"height\" content=\"295\"> <img loading=\"lazy\" decoding=\"async\" data-attachment-id=\"9409\" data-orig-file=\"https:\/\/anythingtechnicallc.com\/wp-content\/uploads\/2022\/09\/Solar-Charger-10000mAh-Solar-Power-Bank-18W-Power-Delivery-USB-C-Charger-Type-C-Input-Output-QC-30-PD-Fast-Portable-Charger-Compatible-with-iPhone-Samsung-and-More-0-1.jpg\" data-orig-size=\"500,500\" data-comments-opened=\"1\" data-image-meta=\"{&quot;aperture&quot;:&quot;0&quot;,&quot;credit&quot;:&quot;&quot;,&quot;camera&quot;:&quot;&quot;,&quot;caption&quot;:&quot;&quot;,&quot;created_timestamp&quot;:&quot;0&quot;,&quot;copyright&quot;:&quot;&quot;,&quot;focal_length&quot;:&quot;0&quot;,&quot;iso&quot;:&quot;0&quot;,&quot;shutter_speed&quot;:&quot;0&quot;,&quot;title&quot;:&quot;&quot;,&quot;orientation&quot;:&quot;0&quot;}\" data-image-title=\"Solar-Charger-10000mAh-Solar-Power-Bank-18W-Power-Delivery-USB-C-Charger-Type-C-Input-Output-QC-30-PD-Fast-Portable-Charger-Compatible-with-iPhone-Samsung-and-More-0-1\" data-image-description=\"\" data-medium-file=\"https:\/\/i0.wp.com\/anythingtechnicallc.com\/wp-content\/uploads\/2022\/09\/Solar-Charger-10000mAh-Solar-Power-Bank-18W-Power-Delivery-USB-C-Charger-Type-C-Input-Output-QC-30-PD-Fast-Portable-Charger-Compatible-with-iPhone-Samsung-and-More-0-1.jpg?fit=300%2C300&#038;ssl=1\" data-large-file=\"https:\/\/i0.wp.com\/anythingtechnicallc.com\/wp-content\/uploads\/2022\/09\/Solar-Charger-10000mAh-Solar-Power-Bank-18W-Power-Delivery-USB-C-Charger-Type-C-Input-Output-QC-30-PD-Fast-Portable-Charger-Compatible-with-iPhone-Samsung-and-More-0-1.jpg?fit=500%2C500&#038;ssl=1\" src=\"https:\/\/i0.wp.com\/anythingtechnicallc.com\/wp-content\/uploads\/2022\/09\/Solar-Charger-10000mAh-Solar-Power-Bank-18W-Power-Delivery-USB-C-Charger-Type-C-Input-Output-QC-30-PD-Fast-Portable-Charger-Compatible-with-iPhone-Samsung-and-More-0-1.jpg?w=295&#038;h=295&#038;crop=1&#038;ssl=1\" width=\"295\" height=\"295\" data-original-width=\"295\" data-original-height=\"295\" itemprop=\"http:\/\/schema.org\/image\" title=\"Solar-Charger-10000mAh-Solar-Power-Bank-18W-Power-Delivery-USB-C-Charger-Type-C-Input-Output-QC-30-PD-Fast-Portable-Charger-Compatible-with-iPhone-Samsung-and-More-0-1\" alt=\"Solar-Charger-10000mAh-Solar-Power-Bank-18W-Power-Delivery-USB-C-Charger-Type-C-Input-Output-QC-30-PD-Fast-Portable-Charger-Compatible-with-iPhone-Samsung-and-More-0-1\" style=\"width: 295px; height: 295px;\" \/> <\/a> <\/div> <div class=\"tiled-gallery-item tiled-gallery-item-large\" itemprop=\"associatedMedia\" itemscope itemtype=\"http:\/\/schema.org\/ImageObject\"> <a href=\"https:\/\/anythingtechnicallc.com\/?attachment_id=9410\" border=\"0\" itemprop=\"url\"> <meta itemprop=\"width\" content=\"295\"> <meta itemprop=\"height\" content=\"280\"> <img loading=\"lazy\" decoding=\"async\" data-attachment-id=\"9410\" data-orig-file=\"https:\/\/anythingtechnicallc.com\/wp-content\/uploads\/2022\/09\/Solar-Charger-10000mAh-Solar-Power-Bank-18W-Power-Delivery-USB-C-Charger-Type-C-Input-Output-QC-30-PD-Fast-Portable-Charger-Compatible-with-iPhone-Samsung-and-More-0-2.jpg\" data-orig-size=\"500,476\" data-comments-opened=\"1\" data-image-meta=\"{&quot;aperture&quot;:&quot;0&quot;,&quot;credit&quot;:&quot;&quot;,&quot;camera&quot;:&quot;&quot;,&quot;caption&quot;:&quot;&quot;,&quot;created_timestamp&quot;:&quot;0&quot;,&quot;copyright&quot;:&quot;&quot;,&quot;focal_length&quot;:&quot;0&quot;,&quot;iso&quot;:&quot;0&quot;,&quot;shutter_speed&quot;:&quot;0&quot;,&quot;title&quot;:&quot;&quot;,&quot;orientation&quot;:&quot;0&quot;}\" data-image-title=\"Solar-Charger-10000mAh-Solar-Power-Bank-18W-Power-Delivery-USB-C-Charger-Type-C-Input-Output-QC-30-PD-Fast-Portable-Charger-Compatible-with-iPhone-Samsung-and-More-0-2\" data-image-description=\"\" data-medium-file=\"https:\/\/i0.wp.com\/anythingtechnicallc.com\/wp-content\/uploads\/2022\/09\/Solar-Charger-10000mAh-Solar-Power-Bank-18W-Power-Delivery-USB-C-Charger-Type-C-Input-Output-QC-30-PD-Fast-Portable-Charger-Compatible-with-iPhone-Samsung-and-More-0-2.jpg?fit=300%2C286&#038;ssl=1\" data-large-file=\"https:\/\/i0.wp.com\/anythingtechnicallc.com\/wp-content\/uploads\/2022\/09\/Solar-Charger-10000mAh-Solar-Power-Bank-18W-Power-Delivery-USB-C-Charger-Type-C-Input-Output-QC-30-PD-Fast-Portable-Charger-Compatible-with-iPhone-Samsung-and-More-0-2.jpg?fit=500%2C476&#038;ssl=1\" src=\"https:\/\/i0.wp.com\/anythingtechnicallc.com\/wp-content\/uploads\/2022\/09\/Solar-Charger-10000mAh-Solar-Power-Bank-18W-Power-Delivery-USB-C-Charger-Type-C-Input-Output-QC-30-PD-Fast-Portable-Charger-Compatible-with-iPhone-Samsung-and-More-0-2.jpg?w=295&#038;h=280&#038;ssl=1\" width=\"295\" height=\"280\" data-original-width=\"295\" data-original-height=\"280\" itemprop=\"http:\/\/schema.org\/image\" title=\"Solar-Charger-10000mAh-Solar-Power-Bank-18W-Power-Delivery-USB-C-Charger-Type-C-Input-Output-QC-30-PD-Fast-Portable-Charger-Compatible-with-iPhone-Samsung-and-More-0-2\" alt=\"Solar-Charger-10000mAh-Solar-Power-Bank-18W-Power-Delivery-USB-C-Charger-Type-C-Input-Output-QC-30-PD-Fast-Portable-Charger-Compatible-with-iPhone-Samsung-and-More-0-2\" style=\"width: 295px; height: 280px;\" \/> <\/a> <\/div> <\/div> <!-- close group --> <\/div> <!-- close row --> <div class=\"gallery-row\" style=\"width: 900px; height: 900px;\" data-original-width=\"900\" data-original-height=\"900\" > <div class=\"gallery-group images-1\" style=\"width: 900px; height: 900px;\" data-original-width=\"900\" data-original-height=\"900\" > <div class=\"tiled-gallery-item tiled-gallery-item-large\" itemprop=\"associatedMedia\" itemscope itemtype=\"http:\/\/schema.org\/ImageObject\"> <a href=\"https:\/\/anythingtechnicallc.com\/?attachment_id=9411\" border=\"0\" itemprop=\"url\"> <meta itemprop=\"width\" content=\"896\"> <meta itemprop=\"height\" content=\"896\"> <img loading=\"lazy\" decoding=\"async\" data-attachment-id=\"9411\" data-orig-file=\"https:\/\/anythingtechnicallc.com\/wp-content\/uploads\/2022\/09\/Solar-Charger-10000mAh-Solar-Power-Bank-18W-Power-Delivery-USB-C-Charger-Type-C-Input-Output-QC-30-PD-Fast-Portable-Charger-Compatible-with-iPhone-Samsung-and-More-0-3.jpg\" data-orig-size=\"500,500\" data-comments-opened=\"1\" data-image-meta=\"{&quot;aperture&quot;:&quot;0&quot;,&quot;credit&quot;:&quot;&quot;,&quot;camera&quot;:&quot;&quot;,&quot;caption&quot;:&quot;&quot;,&quot;created_timestamp&quot;:&quot;0&quot;,&quot;copyright&quot;:&quot;&quot;,&quot;focal_length&quot;:&quot;0&quot;,&quot;iso&quot;:&quot;0&quot;,&quot;shutter_speed&quot;:&quot;0&quot;,&quot;title&quot;:&quot;&quot;,&quot;orientation&quot;:&quot;0&quot;}\" data-image-title=\"Solar-Charger-10000mAh-Solar-Power-Bank-18W-Power-Delivery-USB-C-Charger-Type-C-Input-Output-QC-30-PD-Fast-Portable-Charger-Compatible-with-iPhone-Samsung-and-More-0-3\" data-image-description=\"\" data-medium-file=\"https:\/\/i0.wp.com\/anythingtechnicallc.com\/wp-content\/uploads\/2022\/09\/Solar-Charger-10000mAh-Solar-Power-Bank-18W-Power-Delivery-USB-C-Charger-Type-C-Input-Output-QC-30-PD-Fast-Portable-Charger-Compatible-with-iPhone-Samsung-and-More-0-3.jpg?fit=300%2C300&#038;ssl=1\" data-large-file=\"https:\/\/i0.wp.com\/anythingtechnicallc.com\/wp-content\/uploads\/2022\/09\/Solar-Charger-10000mAh-Solar-Power-Bank-18W-Power-Delivery-USB-C-Charger-Type-C-Input-Output-QC-30-PD-Fast-Portable-Charger-Compatible-with-iPhone-Samsung-and-More-0-3.jpg?fit=500%2C500&#038;ssl=1\" src=\"https:\/\/i0.wp.com\/anythingtechnicallc.com\/wp-content\/uploads\/2022\/09\/Solar-Charger-10000mAh-Solar-Power-Bank-18W-Power-Delivery-USB-C-Charger-Type-C-Input-Output-QC-30-PD-Fast-Portable-Charger-Compatible-with-iPhone-Samsung-and-More-0-3.jpg?w=896&#038;h=896&#038;crop=1&#038;ssl=1\" width=\"896\" height=\"896\" data-original-width=\"896\" data-original-height=\"896\" itemprop=\"http:\/\/schema.org\/image\" title=\"Solar-Charger-10000mAh-Solar-Power-Bank-18W-Power-Delivery-USB-C-Charger-Type-C-Input-Output-QC-30-PD-Fast-Portable-Charger-Compatible-with-iPhone-Samsung-and-More-0-3\" alt=\"Solar-Charger-10000mAh-Solar-Power-Bank-18W-Power-Delivery-USB-C-Charger-Type-C-Input-Output-QC-30-PD-Fast-Portable-Charger-Compatible-with-iPhone-Samsung-and-More-0-3\" style=\"width: 896px; height: 896px;\" \/> <\/a> <\/div> <\/div> <!-- close group --> <\/div> <!-- close row --> <\/div>\n<p>Vergewissern Sie sich, dass der Artikel passt, indem Sie Ihre Modellnummer eingeben.<br \/>\nHochgeschwindigkeits-Laden: Die Kombination aus Stromzufuhr und QC 3.0-Ausgang erm\u00f6glicht eine optimale Aufladung Ihres Ger\u00e4ts mit bis zu 18 W. Es ist mit fast allen USB-betriebenen Ger\u00e4ten kompatibel.<br \/>\nSchnelles Ladeger\u00e4t: Die Powerbank unterst\u00fctzt die Leistungsstufen 5W, 7,5W und 10W. Wenn Sie die Power-Taste kurz dr\u00fccken, k\u00f6nnen Sie Ihre Ger\u00e4te sogar mit bis zu 10W aufladen.<br \/>\nEin freundlicher Hinweis zu Solar: Bitte beachten Sie, dass es sich bei der Solarladefunktion um eine zus\u00e4tzliche Funktion handelt. Aufgrund der geringen Gr\u00f6\u00dfe des Panels, der gro\u00dfen Kapazit\u00e4t und der unkontrollierbaren Intensit\u00e4t des Sonnenlichts dient die Solarladeoption als Backup-L\u00f6sung, wenn andere Stromquellen nicht verf\u00fcgbar sind. Stellen Sie sicher, dass die Powerbank vor Ihren Reisen vollst\u00e4ndig aufgeladen ist.<br \/>\nStrapazierf\u00e4higes Design: Wir haben diese PD-Powerbank so konstruiert, dass sie in allen m\u00f6glichen Umgebungen eingesetzt werden kann. Sie hat ein robustes und langlebiges Design und besteht aus hochwertigem ABS-Material. Sie ist wasserdicht und hat robuste, sto\u00dfd\u00e4mpfende Ecken, die sie perfekt f\u00fcr Aktivit\u00e4ten im Freien, wie Bergsteigen oder Camping, machen.<br \/>\nWas Sie erhalten: 10000mAh USB-C-Powerbank, USB-A-auf-USB-C-Kabel (PD-Ladeger\u00e4t oder Lightning-Kabel nicht im Lieferumfang enthalten), ein Haken-Set, eine Bedienungsanleitung und eine integrierte LED-Taschenlampe. Unsere sorgenfreie 18-monatige Garantie und unser Kundenservice.<\/p>\n","protected":false},"excerpt":{"rendered":"<p>Stellen Sie sicher, dass dieses Produkt passt, indem Sie Ihre Modellnummer eingeben.<br \/>\nHochgeschwindigkeits-Laden: Die Kombination aus Stromzufuhr und QC 3.0-Ausgang erm\u00f6glicht eine optimale Aufladung Ihres Ger\u00e4ts mit bis zu 18 W. Es ist mit fast allen USB-betriebenen Ger\u00e4ten kompatibel.<br \/>\nSchnelles Ladeger\u00e4t: Die Powerbank unterst\u00fctzt die Leistungsstufen 5W, 7,5W und 10W. Wenn Sie kurz auf die Power-Taste dr\u00fccken, k\u00f6nnen Sie Ihre Ger\u00e4te ganz einfach mit bis zu 10W aufladen.<\/p>\n","protected":false},"featured_media":9406,"comment_status":"open","ping_status":"closed","template":"","meta":{"_et_pb_use_builder":"","_et_pb_old_content":"","_et_gb_content_width":""},"product_brand":[],"product_cat":[703,1580],"product_tag":[],"class_list":{"0":"post-9407","1":"product","2":"type-product","3":"status-publish","4":"has-post-thumbnail","6":"product_cat-uncategorized-de","7":"product_cat-solarladegeraete","8":"pa_batteries-1-lithium-ionen-akku-erforderlich-enthalten","9":"pa_brand-marke-dizaul","10":"pa_date-first-available-april-13-2021","11":"pa_item-model-number-sc1502","12":"pa_item-weight-106-unzen","13":"pa_manufacturer-dizaul","14":"pa_package-dimensions-831-x-606-x-11-zoll","16":"first","17":"instock","18":"taxable","19":"shipping-taxable","20":"purchasable","21":"product-type-simple"},"exclude_global_add_ons":[],"addons":[],"jetpack-related-posts":[{"id":9460,"url":"https:\/\/anythingtechnicallc.com\/index.php\/de\/product\/888wh65watt-tragbares-laptop-ladegeraet-mit-solarpanel-ein-super-tragbarer-reiseakku-powerbank-fuer-hp-notebooks-macbook-laptops\/","url_meta":{"origin":9407,"position":0},"title":"88,8Wh|65Watt Tragbares Laptop-Ladeger\u00e4t mit Solarpanel, Ein super tragbarer Reiseakku &#038; Powerbank f\u00fcr HP, Notebooks, MacBook, Laptops","date":"March 19, 2026","format":false,"excerpt":"Bemerkenswert kompakt und leistungsstark: Eine der kleinsten und leichtesten tragbaren Powerbanks mit 24000mAh (88,8Wh) und 110V\/65W AC-Anschluss, eine gro\u00dfartige L\u00f6sung f\u00fcr die AC-Stromversorgung. Sie liefert ausreichend Strom f\u00fcr die meisten Ihrer Ger\u00e4te wie Smartphone, Tablet und Laptop. Perfekt f\u00fcr Ihre Reisen und Gesch\u00e4ftsreisen. Schnelles Aufladen: L\u00e4dt sich selbst in weniger\u2026","rel":"","context":"Similar post","img":{"alt_text":"","src":"https:\/\/i0.wp.com\/anythingtechnicallc.com\/wp-content\/uploads\/2022\/09\/888Wh65Watts-Portable-Laptop-Charger-with-Solar-Panel-A-Super-Travel-Portable-Battery-Pack-Power-Bank-for-HP-Notebooks-MacBook-Laptops-0.jpg?fit=500%2C500&ssl=1&resize=350%2C200","width":350,"height":200},"classes":[]},{"id":9431,"url":"https:\/\/anythingtechnicallc.com\/index.php\/de\/product\/solar-ladegeraet-25000mah-tranmix-tragbares-solar-handy-ladegeraet-mit-4-solarmodulen-externes-solarstrom-ladegeraet-mit-hoher-kapazitaet-fuer-smart-phones-tablets-und-wandern-camping\/","url_meta":{"origin":9407,"position":1},"title":"Solar-Ladeger\u00e4t 25000mAh, Tranmix Tragbares Solar-Handy-Ladeger\u00e4t mit 4 Solarmodulen, Externes Solarstrom-Ladeger\u00e4t mit hoher Kapazit\u00e4t f\u00fcr Smart Phones, Tablets und Wandern, Camping","date":"March 19, 2026","format":false,"excerpt":"25000mAh Hohe Kapazit\u00e4t: Diese Solar-Powerbank kann ein iPhone 11 etwa 8 Mal, ein Galaxy S20 etwa 6 Mal und ein Tablet etwa 2 Mal aufladen. Wenn sie vollst\u00e4ndig aufgeladen ist, versorgt sie Ihr Telefon fast eine Woche lang mit Strom. 4 faltbare Solarpaneele: Dank der 4 Hochleistungs-Solarpaneele erreicht die Ladegeschwindigkeit\u2026","rel":"","context":"Similar post","img":{"alt_text":"","src":"https:\/\/i0.wp.com\/anythingtechnicallc.com\/wp-content\/uploads\/2022\/09\/Solar-Charger-25000mAh-Tranmix-Portable-Solar-Phone-Charger-with-4-Solar-Panels-High-Capacity-Solar-Power-Bank-External-Battery-Pack-for-Smart-Phones-Tablets-and-Hiking-Camping-0.jpg?fit=500%2C479&ssl=1&resize=350%2C200","width":350,"height":200},"classes":[]},{"id":9425,"url":"https:\/\/anythingtechnicallc.com\/index.php\/de\/product\/2-usb-anschluesse-28w-solar-ladegeraet-5v-4-8a-max-faltbares-tragbares-solar-handy-ladegeraet-mit-sunpower-solarpanel-kompatibel-mit-iphone-11-xs-xs-max-xr-x-8-7-ipad-samsung-galaxy-lg-etc\/","url_meta":{"origin":9407,"position":2},"title":"2 USB-Anschl\u00fcsse 28W Solar-Ladeger\u00e4t (5V\/4.8A Max), faltbares tragbares Solar-Handy-Ladeger\u00e4t mit SunPower Solarpanel Kompatibel mit iPhone 11\/Xs\/XS Max\/XR\/X\/8\/7, iPad, Samsung Galaxy LG etc.","date":"March 19, 2026","format":false,"excerpt":"Verbesserte zwei USB-A-Anschl\u00fcsse: Jeder hat einen maximalen Ausgang von 5V\/2,4A und der maximale Gesamtstrom liegt bei 5V\/4,8A. Mit dem 28 W Solarladeger\u00e4t k\u00f6nnen Sie mehrere Ger\u00e4te gleichzeitig aufladen. Es ist mit einer intelligenten Ladetechnologie ausgestattet, die Ihr Ger\u00e4t erkennt und dann die optimale Ladegeschwindigkeit f\u00fcr verschiedene Ger\u00e4te bereitstellt. 100% sichere\u2026","rel":"","context":"Similar post","img":{"alt_text":"","src":"https:\/\/i0.wp.com\/anythingtechnicallc.com\/wp-content\/uploads\/2021\/11\/10891131799_1539480740.jpg?fit=750%2C750&ssl=1&resize=350%2C200","width":350,"height":200},"classes":[]},{"id":9384,"url":"https:\/\/anythingtechnicallc.com\/index.php\/de\/product\/solarpanel-ladegeraet-solorage-21w-solar-ladegeraet-mit-2-usb-anschluessen-und-3-faltbaren-solarpanels-tragbares-solar-handy-ladegeraet-fuer-camping-wandern-kompatibel-mit-iphone-ipad-pro-air-mini\/","url_meta":{"origin":9407,"position":3},"title":"Solarpanel-Ladeger\u00e4t, Solorage 21W Solar-Ladeger\u00e4t mit 2 USB-Anschl\u00fcssen und 3 faltbaren Solarpanels Tragbares Solar-Handy-Ladeger\u00e4t f\u00fcr Camping, Wandern Kompatibel mit iPhone, iPad Pro\/Air\/Mini, Samsung Galaxy","date":"March 19, 2026","format":false,"excerpt":"Vergewissern Sie sich, dass dieses Produkt passt, indem Sie Ihre Modellnummer eingeben. SMART CHARGING TECHNOLOGY: Eingebauter intelligenter Chip und Spannungsreglertechnologie, die Ihr Ger\u00e4t erkennen kann und dann die schnellstm\u00f6gliche Ladegeschwindigkeit liefert. Das Solorage Solarstrom-Ladeger\u00e4t gew\u00e4hrleistet einen sicheren Ladevorgang durch Schutz vor \u00dcberladung, \u00dcberhitzung und Kurzschluss. ?HOHE ENERGIEUMWANDLUNG: Das faltbare 21-Watt-SunPower-Solarpanel\u2026","rel":"","context":"Similar post","img":{"alt_text":"","src":"https:\/\/i0.wp.com\/anythingtechnicallc.com\/wp-content\/uploads\/2022\/09\/Solar-Panel-Charger-Solorage-21W-Solar-Charger-with-2-USB-Ports-and-3-Foldable-Solar-Panels-Portable-Solar-Phone-Charger-for-Camping-Hiking-Compatible-with-iPhone-iPad-ProAirMini-Samsung-Galaxy-0.jpg?fit=500%2C500&ssl=1&resize=350%2C200","width":350,"height":200},"classes":[]},{"id":9711,"url":"https:\/\/anythingtechnicallc.com\/index.php\/de\/product\/renewed-anker-737-power-bank-140w-max-3-port-laptop-portable-charger-24000mah-smart-display-kompatibel-mit-iphone-16-15-14-serie-vision-pro-samsung-macbook-und-mehr\/","url_meta":{"origin":9407,"position":4},"title":"Renewed Anker 737 Power Bank, 140W Max 3-Port Laptop Portable Charger, 24,000mAh, Smart Display, Kompatibel mit iPhone 16 \/ 15 \/ 14 Serie, Vision Pro, Samsung, MacBook, und mehr","date":"March 24, 2026","format":false,"excerpt":"Energie f\u00fcr Ihren Tag: Mit einer Kapazit\u00e4t von 24.000 mAh kann diese Laptop-Powerbank ein iPhone 16 Pro 4,13-mal oder ein 2024 13-Zoll iPad Pro 1,33-mal aufladen, damit Ihre Ger\u00e4te auch auf langen Reisen oder bei intensiver Nutzung mit Strom versorgt sind. Intelligente \u00dcberwachung des Ladevorgangs: Die intelligente digitale Anzeige dieser\u2026","rel":"","context":"Similar post","img":{"alt_text":"","src":"https:\/\/i0.wp.com\/anythingtechnicallc.com\/wp-content\/uploads\/2026\/02\/71QrhaWkAL._AC_SL1500_.jpg?fit=960%2C1200&ssl=1&resize=350%2C200","width":350,"height":200},"classes":[]},{"id":9418,"url":"https:\/\/anythingtechnicallc.com\/index.php\/de\/product\/bigblue-36w-solarpanel-ladegeraet-mit-dc20v-1-8a-pd-20w-usb-c-und-schnellladung-usb-a-ip54-wasserdicht-tragbares-solarpanel-fuer-camping-kompatibel-mit-iphone-galaxy-tablets-kleine-power-stat\/","url_meta":{"origin":9407,"position":5},"title":"BigBlue 36W Solarpanel Ladeger\u00e4t mit DC(20V\/1.8A), PD 20W USB-C und Schnellladung USB-A, IP54 Wasserdicht, Tragbares Solarpanel f\u00fcr Camping, Kompatibel mit iPhone, Galaxy, Tablets, Kleine Power Station","date":"March 19, 2026","format":false,"excerpt":"\u2705 Kompatibel mit den meisten Ger\u00e4ten: Ein USB-Anschluss mit 5V\/3A, 9V\/2A, 12V\/1,5A zum schnellen Aufladen Ihrer Handys und anderer USB-betriebener Ger\u00e4te; der DC-Ausgang (20V\/1,8A) ist mit einigen kleinen Kraftwerken (weniger als 200W) kompatibel, und ein USB-C-Ausgang (5V\/3A, 9V\/2,22A, 12V\/1,67A) kann Ihr iPad oder Ihren Switch mit PD 20W versorgen; dieses\u2026","rel":"","context":"Similar post","img":{"alt_text":"","src":"https:\/\/i0.wp.com\/anythingtechnicallc.com\/wp-content\/uploads\/2022\/09\/BigBlue-36W-Solar-Panels-Charger-with-DC20V18A-PD-20W-USB-C-and-Fast-Charge-USB-A-IP54-Waterproof-Portable-Solar-Panel-for-Camping-Compatible-with-iPhone-Galaxy-Tablets-Small-Power-Station-0.jpg?fit=500%2C500&ssl=1&resize=350%2C200","width":350,"height":200},"classes":[]}],"pll_sync_post":[],"lang":"de","translations":{"de":9407,"en":1931},"_links":{"self":[{"href":"https:\/\/anythingtechnicallc.com\/index.php\/wp-json\/wp\/v2\/product\/9407","targetHints":{"allow":["GET"]}}],"collection":[{"href":"https:\/\/anythingtechnicallc.com\/index.php\/wp-json\/wp\/v2\/product"}],"about":[{"href":"https:\/\/anythingtechnicallc.com\/index.php\/wp-json\/wp\/v2\/types\/product"}],"replies":[{"embeddable":true,"href":"https:\/\/anythingtechnicallc.com\/index.php\/wp-json\/wp\/v2\/comments?post=9407"}],"wp:featuredmedia":[{"embeddable":true,"href":"https:\/\/anythingtechnicallc.com\/index.php\/wp-json\/wp\/v2\/media\/9406"}],"wp:attachment":[{"href":"https:\/\/anythingtechnicallc.com\/index.php\/wp-json\/wp\/v2\/media?parent=9407"}],"wp:term":[{"taxonomy":"product_brand","embeddable":true,"href":"https:\/\/anythingtechnicallc.com\/index.php\/wp-json\/wp\/v2\/product_brand?post=9407"},{"taxonomy":"product_cat","embeddable":true,"href":"https:\/\/anythingtechnicallc.com\/index.php\/wp-json\/wp\/v2\/product_cat?post=9407"},{"taxonomy":"product_tag","embeddable":true,"href":"https:\/\/anythingtechnicallc.com\/index.php\/wp-json\/wp\/v2\/product_tag?post=9407"}],"curies":[{"name":"wp","href":"https:\/\/api.w.org\/{rel}","templated":true}]}}