{"id":9418,"date":"2026-03-19T09:09:21","date_gmt":"2026-03-19T09:09:21","guid":{"rendered":"https:\/\/anythingtechnicallc.com\/?post_type=product&#038;p=9418"},"modified":"2026-03-19T09:21:50","modified_gmt":"2026-03-19T09:21:50","slug":"bigblue-36w-solarpanel-ladegeraet-mit-dc20v-1-8a-pd-20w-usb-c-und-schnellladung-usb-a-ip54-wasserdicht-tragbares-solarpanel-fuer-camping-kompatibel-mit-iphone-galaxy-tablets-kleine-power-stat","status":"publish","type":"product","link":"https:\/\/anythingtechnicallc.com\/index.php\/de\/product\/bigblue-36w-solarpanel-ladegeraet-mit-dc20v-1-8a-pd-20w-usb-c-und-schnellladung-usb-a-ip54-wasserdicht-tragbares-solarpanel-fuer-camping-kompatibel-mit-iphone-galaxy-tablets-kleine-power-stat\/","title":{"rendered":"BigBlue 36W Solarpanel Ladeger\u00e4t mit DC(20V\/1.8A), PD 20W USB-C und Schnellladung USB-A, IP54 Wasserdicht, Tragbares Solarpanel f\u00fcr Camping, Kompatibel mit iPhone, Galaxy, Tablets, Kleine Power Station"},"content":{"rendered":"<p>[Galerie]<\/p>\n<p>\u2705 Kompatibel mit den meisten Ger\u00e4ten: Ein USB-Anschluss mit 5V\/3A, 9V\/2A, 12V\/1,5A zum schnellen Aufladen Ihrer Handys und anderer USB-betriebener Ger\u00e4te; der DC-Ausgang (20V\/1,8A) ist mit einigen kleinen Kraftwerken (weniger als 200W) kompatibel, und ein USB-C-Ausgang (5V\/3A, 9V\/2,22A, 12V\/1,67A) kann Ihr iPad oder Switch mit PD 20W versorgen; dieses Solarpanel-Ladeger\u00e4t kann Ihren Strombedarf in Notf\u00e4llen oder auf Campingreisen decken.<br \/>\n\u2705 Design mit Standf\u00fc\u00dfen: Durch die Verwendung der Kickstands, anstatt die Panels flach auf den Boden zu legen, kann es 25% mehr Sonnenlicht aufnehmen. Mehr Sonnenlicht, mit dem Sie Ihr Smartphone in nur 30 Minuten von 0% auf 50% aufladen k\u00f6nnen. Hinweis: Wenn die Sonne von Wolken verdeckt wird, sinkt die Ausgangsleistung. Wir empfehlen Ihnen, das Ladekabel umzustecken und Ihr Ger\u00e4t erneut mit dem Solarmodul zu verbinden, wenn gen\u00fcgend Sonnenlicht vorhanden ist.<br \/>\n\u2705 IP54 Wasserdichtes und langlebiges Design: Industriestarkes PET-Polymer-Gewebe, das f\u00fcr den Einsatz im Freien widerstandsf\u00e4hig ist. Dem BigBlue 36W Solarladeger\u00e4t macht es nichts aus, wenn es feuchten Bedingungen wie Morgentau oder leichtem Regen ausgesetzt ist. Es eignet sich f\u00fcr Trekking, Wandern oder Camping und ist f\u00fcr viele ein unverzichtbarer Bestandteil ihrer Reisetaschen und Autoausr\u00fcstungen. Hinweis: Das Solarpanel-Ladeger\u00e4t kann den Strom nicht speichern, daher m\u00fcssen Sie Ihr Ger\u00e4t bei Sonneneinstrahlung im Freien mit diesem Solarpanel verbinden.<br \/>\n\u2705 Faltbare und hocheffiziente monokristalline Paneele: Die hocheffizienten Solarmodule k\u00f6nnen eine Energieumwandlungsrate von bis zu 22% erreichen, so dass Sie drei Ger\u00e4te gleichzeitig aufladen k\u00f6nnen. Sie k\u00f6nnen dieses Solarladeger\u00e4t zusammenklappen oder an den vier L\u00f6chern an Ihrem Rucksack befestigen (Karabinerhaken werden nicht mitgeliefert). Es hat einen Klettverschluss, um die Paneele zusammengeklappt zu halten und vor Kratzern zu sch\u00fctzen, wenn sie nicht in Gebrauch sind.<br \/>\n\u2705 Beste Qualit\u00e4t und Service st\u00e4rken: Ausgestattet mit einem einzigartigen Spannungsregler, der eine stabile Spannung und einen stabilen Strom garantiert, CE \/ FCC \/ RoHS-zertifiziert, gew\u00e4hrleistet BigBlue einen 100% sicheren Ladevorgang mit Schutz vor \u00dcberladung, \u00dcberhitzung und Kurzschluss. Im Lieferumfang enthalten sind 1 x 10-in-1-Anschlusskabel, 1 x USB-Kabel, 1 x Gleichstromkabel, 1 x Benutzerhandbuch und eine 18-monatige Garantie.<\/p>\n","protected":false},"excerpt":{"rendered":"<p>\u2705 Kompatibel mit den meisten Ger\u00e4ten: Ein USB-Anschluss mit 5V\/3A, 9V\/2A, 12V\/1,5A zum schnellen Aufladen Ihrer Handys und anderer USB-betriebener Ger\u00e4te; der DC-Ausgang (20V\/1,8A) ist mit einigen kleinen Kraftwerken (weniger als 200W) kompatibel, und ein USB-C-Ausgang (5V\/3A, 9V\/2,22A, 12V\/1,67A) kann Ihr iPad oder Ihren Switch mit PD 20W versorgen; dieses Solarpanel-Ladeger\u00e4t kann Ihren Strombedarf in Notf\u00e4llen oder auf Campingreisen decken.<br \/>\n\u2705 Design mit Standf\u00fc\u00dfen: Durch die Verwendung der St\u00e4nder, anstatt die Paneele flach auf den Boden zu legen, kann es 25 % mehr Sonnenlicht absorbieren. Mehr Sonnenlicht, so dass Sie Ihr Smartphone in nur 30 Minuten von 0% auf 50% aufladen k\u00f6nnen. Hinweis: Wenn die Sonne durch Wolken blockiert wird, sinkt die Ausgangsleistung. Wir empfehlen Ihnen, das Ladekabel umzustecken und Ihr Ger\u00e4t erneut mit dem Solarmodul zu verbinden, wenn gen\u00fcgend Sonnenlicht vorhanden ist.<br \/>\n\u2705 IP54 Wasserdichtes und langlebiges Design: Industriestarkes PET-Polymer-Gewebe, um der Abnutzung im Freien standzuhalten. Dem BigBlue 36W Solarladeger\u00e4t macht es nichts aus, wenn es feuchten Bedingungen wie Morgentau oder leichtem Regen ausgesetzt ist. Es eignet sich f\u00fcr Trekking, Wandern oder Camping und ist f\u00fcr viele ein unverzichtbarer Bestandteil ihrer Reisetaschen und Autoausr\u00fcstungen. Hinweis: Das Solarladeger\u00e4t kann den Strom nicht speichern. Sie m\u00fcssen Ihr Ger\u00e4t mit diesem Solarladeger\u00e4t bei Sonnenlicht im Freien verbinden.<\/p>\n","protected":false},"featured_media":9413,"comment_status":"open","ping_status":"closed","template":"","meta":{"_et_pb_use_builder":"","_et_pb_old_content":"","_et_gb_content_width":""},"product_brand":[],"product_cat":[703,1580],"product_tag":[],"class_list":{"0":"post-9418","1":"product","2":"type-product","3":"status-publish","4":"has-post-thumbnail","6":"product_cat-uncategorized-de","7":"product_cat-solarladegeraete","8":"pa_brand-besuchen-sie-den-bigblue-store","9":"pa_color-grau","10":"pa_colour-grau","11":"pa_connectivity-technologies-usb","12":"pa_country-of-origin-china","13":"pa_date-first-available-september-17-2021","14":"pa_included-components-1-x-usb-a-zu-usb-c-kabel-1-x-10-in-1-anschlusskabel-1x-36w-solarladegeraet-1-x-dc5525-kabel","15":"pa_item-weight-436-pfund","16":"pa_manufacturer-bigblue","17":"pa_other-display-features-ce","18":"pa_package-dimensions-1634-x-1051-x-366-zoll","19":"pa_size-150w","20":"pa_size-36w","21":"pa_special-features-ip54-wasserdicht","23":"first","24":"instock","25":"taxable","26":"shipping-taxable","27":"purchasable","28":"product-type-variable"},"exclude_global_add_ons":[],"addons":[],"jetpack-related-posts":[{"id":9460,"url":"https:\/\/anythingtechnicallc.com\/index.php\/de\/product\/888wh65watt-tragbares-laptop-ladegeraet-mit-solarpanel-ein-super-tragbarer-reiseakku-powerbank-fuer-hp-notebooks-macbook-laptops\/","url_meta":{"origin":9418,"position":0},"title":"88,8Wh|65Watt Tragbares Laptop-Ladeger\u00e4t mit Solarpanel, Ein super tragbarer Reiseakku &#038; Powerbank f\u00fcr HP, Notebooks, MacBook, Laptops","date":"March 19, 2026","format":false,"excerpt":"Bemerkenswert kompakt und leistungsstark: Eine der kleinsten und leichtesten tragbaren Powerbanks mit 24000mAh (88,8Wh) und 110V\/65W AC-Anschluss, eine gro\u00dfartige L\u00f6sung f\u00fcr die AC-Stromversorgung. Sie liefert ausreichend Strom f\u00fcr die meisten Ihrer Ger\u00e4te wie Smartphone, Tablet und Laptop. Perfekt f\u00fcr Ihre Reisen und Gesch\u00e4ftsreisen. Schnelles Aufladen: L\u00e4dt sich selbst in weniger\u2026","rel":"","context":"Similar post","img":{"alt_text":"","src":"https:\/\/i0.wp.com\/anythingtechnicallc.com\/wp-content\/uploads\/2022\/09\/888Wh65Watts-Portable-Laptop-Charger-with-Solar-Panel-A-Super-Travel-Portable-Battery-Pack-Power-Bank-for-HP-Notebooks-MacBook-Laptops-0.jpg?fit=500%2C500&ssl=1&resize=350%2C200","width":350,"height":200},"classes":[]},{"id":9425,"url":"https:\/\/anythingtechnicallc.com\/index.php\/de\/product\/2-usb-anschluesse-28w-solar-ladegeraet-5v-4-8a-max-faltbares-tragbares-solar-handy-ladegeraet-mit-sunpower-solarpanel-kompatibel-mit-iphone-11-xs-xs-max-xr-x-8-7-ipad-samsung-galaxy-lg-etc\/","url_meta":{"origin":9418,"position":1},"title":"2 USB-Anschl\u00fcsse 28W Solar-Ladeger\u00e4t (5V\/4.8A Max), faltbares tragbares Solar-Handy-Ladeger\u00e4t mit SunPower Solarpanel Kompatibel mit iPhone 11\/Xs\/XS Max\/XR\/X\/8\/7, iPad, Samsung Galaxy LG etc.","date":"March 19, 2026","format":false,"excerpt":"Verbesserte zwei USB-A-Anschl\u00fcsse: Jeder hat einen maximalen Ausgang von 5V\/2,4A und der maximale Gesamtstrom liegt bei 5V\/4,8A. Mit dem 28 W Solarladeger\u00e4t k\u00f6nnen Sie mehrere Ger\u00e4te gleichzeitig aufladen. Es ist mit einer intelligenten Ladetechnologie ausgestattet, die Ihr Ger\u00e4t erkennt und dann die optimale Ladegeschwindigkeit f\u00fcr verschiedene Ger\u00e4te bereitstellt. 100% sichere\u2026","rel":"","context":"Similar post","img":{"alt_text":"","src":"https:\/\/i0.wp.com\/anythingtechnicallc.com\/wp-content\/uploads\/2021\/11\/10891131799_1539480740.jpg?fit=750%2C750&ssl=1&resize=350%2C200","width":350,"height":200},"classes":[]},{"id":9438,"url":"https:\/\/anythingtechnicallc.com\/index.php\/de\/product\/bigblue-3-usb-a-28w-solar-ladegeraet-5v-4-8a-max-tragbares-sunpower-solarpanel-ladegeraet-fuer-camping-ipx4-wasserdicht-kompatibel-mit-iphone-11-xs-xs-max-xr-x-8-7-ipad-samsung-galaxy-lg-etc\/","url_meta":{"origin":9418,"position":2},"title":"[BigBlue 3 USB-A 28W Solar Ladeger\u00e4t (5V\/4.8A Max), tragbares SunPower Solarpanel Ladeger\u00e4t f\u00fcr Camping, IPX4 Wasserdicht, Kompatibel mit iPhone 11\/XS\/XS Max\/XR\/X\/8\/7, iPad, Samsung Galaxy LG etc.","date":"March 19, 2026","format":false,"excerpt":"\u3010Upgraded Triple USB-A Ports\u3011Jeder maximale Ausgang ist 5V\/2.4A und der gesamte maximale Strom von 3 USB ist 5V\/4.8A. Mit dem BigBlue 28W Solarladeger\u00e4t k\u00f6nnen Sie mehrere Ger\u00e4te gleichzeitig aufladen. Es ist mit einer intelligenten Ladetechnologie ausgestattet, die Ihr Ger\u00e4t erkennt und je nach Ger\u00e4t die optimale Ladegeschwindigkeit bietet. BigBlue gew\u00e4hrleistet\u2026","rel":"","context":"Similar post","img":{"alt_text":"","src":"https:\/\/i0.wp.com\/anythingtechnicallc.com\/wp-content\/uploads\/2022\/09\/UpgradedBigBlue-3-USB-A-28W-Solar-Charger5V48A-Max-Portable-SunPower-Solar-Panel-Charger-for-Camping-IPX4-Waterproof-Compatible-with-iPhone-11XSXS-MaxXRX87-iPad-Samsung-Galaxy-LG-etc-0.jpg?fit=500%2C500&ssl=1&resize=350%2C200","width":350,"height":200},"classes":[]},{"id":9384,"url":"https:\/\/anythingtechnicallc.com\/index.php\/de\/product\/solarpanel-ladegeraet-solorage-21w-solar-ladegeraet-mit-2-usb-anschluessen-und-3-faltbaren-solarpanels-tragbares-solar-handy-ladegeraet-fuer-camping-wandern-kompatibel-mit-iphone-ipad-pro-air-mini\/","url_meta":{"origin":9418,"position":3},"title":"Solarpanel-Ladeger\u00e4t, Solorage 21W Solar-Ladeger\u00e4t mit 2 USB-Anschl\u00fcssen und 3 faltbaren Solarpanels Tragbares Solar-Handy-Ladeger\u00e4t f\u00fcr Camping, Wandern Kompatibel mit iPhone, iPad Pro\/Air\/Mini, Samsung Galaxy","date":"March 19, 2026","format":false,"excerpt":"Vergewissern Sie sich, dass dieses Produkt passt, indem Sie Ihre Modellnummer eingeben. SMART CHARGING TECHNOLOGY: Eingebauter intelligenter Chip und Spannungsreglertechnologie, die Ihr Ger\u00e4t erkennen kann und dann die schnellstm\u00f6gliche Ladegeschwindigkeit liefert. Das Solorage Solarstrom-Ladeger\u00e4t gew\u00e4hrleistet einen sicheren Ladevorgang durch Schutz vor \u00dcberladung, \u00dcberhitzung und Kurzschluss. ?HOHE ENERGIEUMWANDLUNG: Das faltbare 21-Watt-SunPower-Solarpanel\u2026","rel":"","context":"Similar post","img":{"alt_text":"","src":"https:\/\/i0.wp.com\/anythingtechnicallc.com\/wp-content\/uploads\/2022\/09\/Solar-Panel-Charger-Solorage-21W-Solar-Charger-with-2-USB-Ports-and-3-Foldable-Solar-Panels-Portable-Solar-Phone-Charger-for-Camping-Hiking-Compatible-with-iPhone-iPad-ProAirMini-Samsung-Galaxy-0.jpg?fit=500%2C500&ssl=1&resize=350%2C200","width":350,"height":200},"classes":[]},{"id":9391,"url":"https:\/\/anythingtechnicallc.com\/index.php\/de\/product\/x-dragon-monokristallines-tragbares-solarpanel-20w-duale-usb-anschluesse-5v2a-insgesamt-3a-faltbares-solar-ladegeraet-fuer-laptop-handy-notebook-tablet-camping-5v-20w\/","url_meta":{"origin":9418,"position":4},"title":"X-DRAGON Monokristallines tragbares Solarpanel 20W Duale USB-Anschl\u00fcsse (5V2A, insgesamt 3A) Faltbares Solar-Ladeger\u00e4t f\u00fcr Laptop, Handy, Notebook, Tablet, Camping (5V 20W)","date":"March 19, 2026","format":false,"excerpt":"Stellen Sie sicher, dass dieses Produkt passt, indem Sie Ihre Modellnummer eingeben. \u2600\ufe0f Exklusive SolarIQ-Technologie: Mit dem eingebauten intelligenten IC-Chip k\u00f6nnen Strom und Spannung automatisch angepasst werden, um eine maximale Leistung zu erzielen. Bei direkter Sonneneinstrahlung wird der schnellstm\u00f6gliche Strom von bis zu 2 Ampere pro Anschluss oder 3 Ampere\u2026","rel":"","context":"Similar post","img":{"alt_text":"","src":"https:\/\/i0.wp.com\/anythingtechnicallc.com\/wp-content\/uploads\/2022\/09\/X-DRAGON-Monocrystalline-Portable-Solar-Panel-20W-Dual-USB-Ports-5V2AOverall-3A-Foldable-Solar-Charger-for-Portable-Laptop-Cellphone-Notebook-Tablet-Camping-5V-20W-0.jpg?fit=500%2C500&ssl=1&resize=350%2C200","width":350,"height":200},"classes":[]},{"id":9407,"url":"https:\/\/anythingtechnicallc.com\/index.php\/de\/product\/solar-ladegeraet-10000mah-solar-powerbank-18w-power-delivery-usb-c-ladegeraet-typ-c-eingang-ausgang-qc-3-0-pd-schnelles-tragbares-ladegeraet-kompatibel-mit-iphone-samsung-und-mehr\/","url_meta":{"origin":9418,"position":5},"title":"Solar-Ladeger\u00e4t, 10000mAh Solar-Powerbank, 18W Power Delivery USB C Ladeger\u00e4t, Typ C Eingang &#038; Ausgang, QC 3.0 &#038; PD Schnelles tragbares Ladeger\u00e4t Kompatibel mit iPhone, Samsung und mehr","date":"March 19, 2026","format":false,"excerpt":"Stellen Sie sicher, dass dieses Produkt passt, indem Sie Ihre Modellnummer eingeben. Hochgeschwindigkeits-Laden: Die Kombination aus Stromzufuhr und QC 3.0-Ausgang erm\u00f6glicht eine optimale Aufladung Ihres Ger\u00e4ts mit bis zu 18 W. Es ist mit fast allen USB-betriebenen Ger\u00e4ten kompatibel. Schnelles Ladeger\u00e4t: Die Powerbank unterst\u00fctzt die Leistungsstufen 5W, 7,5W und 10W.\u2026","rel":"","context":"Similar post","img":{"alt_text":"","src":"https:\/\/i0.wp.com\/anythingtechnicallc.com\/wp-content\/uploads\/2022\/09\/Solar-Charger-10000mAh-Solar-Power-Bank-18W-Power-Delivery-USB-C-Charger-Type-C-Input-Output-QC-30-PD-Fast-Portable-Charger-Compatible-with-iPhone-Samsung-and-More-0.jpg?fit=500%2C500&ssl=1&resize=350%2C200","width":350,"height":200},"classes":[]}],"pll_sync_post":[],"lang":"de","translations":{"de":9418,"en":1915},"_links":{"self":[{"href":"https:\/\/anythingtechnicallc.com\/index.php\/wp-json\/wp\/v2\/product\/9418","targetHints":{"allow":["GET"]}}],"collection":[{"href":"https:\/\/anythingtechnicallc.com\/index.php\/wp-json\/wp\/v2\/product"}],"about":[{"href":"https:\/\/anythingtechnicallc.com\/index.php\/wp-json\/wp\/v2\/types\/product"}],"replies":[{"embeddable":true,"href":"https:\/\/anythingtechnicallc.com\/index.php\/wp-json\/wp\/v2\/comments?post=9418"}],"wp:featuredmedia":[{"embeddable":true,"href":"https:\/\/anythingtechnicallc.com\/index.php\/wp-json\/wp\/v2\/media\/9413"}],"wp:attachment":[{"href":"https:\/\/anythingtechnicallc.com\/index.php\/wp-json\/wp\/v2\/media?parent=9418"}],"wp:term":[{"taxonomy":"product_brand","embeddable":true,"href":"https:\/\/anythingtechnicallc.com\/index.php\/wp-json\/wp\/v2\/product_brand?post=9418"},{"taxonomy":"product_cat","embeddable":true,"href":"https:\/\/anythingtechnicallc.com\/index.php\/wp-json\/wp\/v2\/product_cat?post=9418"},{"taxonomy":"product_tag","embeddable":true,"href":"https:\/\/anythingtechnicallc.com\/index.php\/wp-json\/wp\/v2\/product_tag?post=9418"}],"curies":[{"name":"wp","href":"https:\/\/api.w.org\/{rel}","templated":true}]}}