{"id":9425,"date":"2026-03-19T09:12:01","date_gmt":"2026-03-19T09:12:01","guid":{"rendered":"https:\/\/anythingtechnicallc.com\/?post_type=product&#038;p=9425"},"modified":"2026-03-19T09:12:01","modified_gmt":"2026-03-19T09:12:01","slug":"2-usb-anschluesse-28w-solar-ladegeraet-5v-4-8a-max-faltbares-tragbares-solar-handy-ladegeraet-mit-sunpower-solarpanel-kompatibel-mit-iphone-11-xs-xs-max-xr-x-8-7-ipad-samsung-galaxy-lg-etc","status":"publish","type":"product","link":"https:\/\/anythingtechnicallc.com\/index.php\/de\/product\/2-usb-anschluesse-28w-solar-ladegeraet-5v-4-8a-max-faltbares-tragbares-solar-handy-ladegeraet-mit-sunpower-solarpanel-kompatibel-mit-iphone-11-xs-xs-max-xr-x-8-7-ipad-samsung-galaxy-lg-etc\/","title":{"rendered":"2 USB-Anschl\u00fcsse 28W Solar-Ladeger\u00e4t (5V\/4.8A Max), faltbares tragbares Solar-Handy-Ladeger\u00e4t mit SunPower Solarpanel Kompatibel mit iPhone 11\/Xs\/XS Max\/XR\/X\/8\/7, iPad, Samsung Galaxy LG etc."},"content":{"rendered":"<p><span class=\"a-text-bold\">Das beste tragbare Solarladeger\u00e4t ,<\/span><\/p>\n<p>&#8221; Das 28-W-USB-Solarladeger\u00e4t hat die h\u00f6chste Leistung aller von uns getesteten tragbaren Solarladeger\u00e4te und verf\u00fcgt \u00fcber einzigartige Merkmale, die es vielseitiger und langlebiger machen, darunter zwei Ausgangsanschl\u00fcsse, ein wetterfester Anschlussschutz und eine gro\u00dfe, aber leichte Anordnung von Paneelen, die jeden einzelnen Sonnenstrahl einfangen. Obwohl andere Modelle in Bezug auf die Leistung kaum mithalten k\u00f6nnen, ist er auch kleiner und leichter als andere Optionen mit \u00e4hnlicher Leistung, so dass er leichter in einen Camping- oder Wanderrucksack oder eine Notfallausr\u00fcstung passt.&#8221;<\/p>\n<p><span class=\"a-text-bold\">Wie benutzt man sie?<\/span><\/p>\n<ol class=\"a-ordered-list a-vertical\">\n<li><span class=\"a-list-item\">Klappen Sie die vier Solarmodule im direkten Sonnenlicht und ohne Schatten oder Abdeckung aus (der beste Winkel ist 45\u00b0 zur Sonne);<\/span><\/li>\n<li><span class=\"a-list-item\">Schlie\u00dfen Sie dann Ihr Telefon oder ein anderes elektronisches 5V-Ger\u00e4t an den USB-Ausgang an.<\/span><\/li>\n<li><span class=\"a-list-item\"><span class=\"a-text-bold\">Die rote LED leuchtet auf, wenn die Solarmodule normal funktionieren; sie blinkt, wenn ein \u00dcberstrom oder Kurzschluss vorliegt.<\/span><\/span><\/li>\n<\/ol>\n<p><span class=\"a-text-bold\">Beachten Sie:<\/span><\/p>\n<ul class=\"a-unordered-list a-vertical\">\n<li><span class=\"a-list-item\"><span class=\"a-text-bold\"><span class=\"a-text-italic\">Unser Solarladeger\u00e4t kann den Strom nicht speichern. Sie m\u00fcssen Ihr Ger\u00e4t im Freien bei direkter Sonneneinstrahlung an das Solarladeger\u00e4t anschlie\u00dfen.<\/span><\/span><\/span><\/li>\n<li><span class=\"a-list-item\"><span class=\"a-text-italic\"><span class=\"a-text-bold\">Wenn Ihr Mobiltelefon anzeigt: &#8220;Zubeh\u00f6r wird nicht unterst\u00fctzt&#8221;, liegt das daran, dass die Sonneneinstrahlung nicht ausreicht. Bitte stellen Sie dieses faltbare Solarpanel im Freien in die direkte Sonne.<\/span><\/span><\/span><\/li>\n<li><span class=\"a-list-item\"><span class=\"a-text-bold\"><span class=\"a-text-italic\">Unser Solar-Telefonladeger\u00e4t enth\u00e4lt kein Lightning-Kabel f\u00fcr iPhone oder iPad.<\/span><\/span><\/span><\/li>\n<\/ul>\n<p class=\"a-spacing-base\"><span class=\"a-text-bold\">Folgen Sie der Sonne, versorgen Sie Ihr Leben mit Energie!<\/span><\/p>\n<ul class=\"a-unordered-list a-vertical\">\n<li><span class=\"a-list-item\">Kompatibel mit iPhone 11\/Xs\/XS Max\/XR\/X\/8\/7, iPad Air\/Mini usw., unterst\u00fctzt aber keine Schnellladung (kann das iPad Pro nicht aufladen).<\/span><\/li>\n<li><span class=\"a-list-item\">Android-Ger\u00e4te wie Samsung Galaxy S9\/S8\/S7\/S6, Nexus 6, 6p und mehr.<\/span><\/li>\n<li><span class=\"a-list-item\">DSLRs mit kompatiblem USB-Kabel.<\/span><\/li>\n<li><span class=\"a-list-item\">Die Ger\u00e4te ben\u00f6tigen eine 5V-Eingangsspannung (keine zus\u00e4tzliche Spannung), <span class=\"a-text-bold\">dieses Solarladeger\u00e4t kann keine Laptops und Kraftwerke unterst\u00fctzen.<\/span><\/span><\/li>\n<\/ul>\n<p class=\"a-spacing-base\"><span class=\"a-text-bold\">Anmerkung:<\/span><\/p>\n<p class=\"a-spacing-base\">&#8211; 28W bezieht sich auf die Leistung des Solarmoduls, die nicht mit der tats\u00e4chlichen Ausgangsleistung des USB-Anschlusses \u00fcbereinstimmt, da es bei der Umwandlung und bei der Ausgabe zu einem gewissen Verlust kommt, um die Spannungsstabilit\u00e4t aufrechtzuerhalten.<\/p>\n","protected":false},"excerpt":{"rendered":"<ul class=\"a-unordered-list a-vertical a-spacing-mini\">\n<li><span class=\"a-list-item\">Verbesserte zwei USB-A-Anschl\u00fcsse: Jeder hat einen maximalen Ausgang von 5V\/2,4A und der maximale Gesamtstrom liegt bei 5V\/4,8A. Mit dem 28 W Solarladeger\u00e4t k\u00f6nnen Sie mehrere Ger\u00e4te gleichzeitig aufladen. Es ist mit einer intelligenten Ladetechnologie ausgestattet, die Ihr Ger\u00e4t erkennt und dann die optimale Ladegeschwindigkeit f\u00fcr verschiedene Ger\u00e4te bereitstellt. 100% sichere Ladung mit \u00dcberladungs-, \u00dcberhitzungs- und Kurzschlussschutz.<\/span><\/li>\n<li><span class=\"a-list-item\">Tragbares Camping-Solarmodul: Das USB-Solarladeger\u00e4t ist eine gro\u00dfartige Option, wenn Sie einen ausgedehnten Campingausflug machen oder wenn Sie irgendwo unterwegs sind, wo das Stromnetz unzuverl\u00e4ssig ist. Mit seiner kompakten Gr\u00f6\u00dfe (11,6 \u00d7 6,3 \u00d7 1,3 Zoll zusammengeklappt) und seinem geringen Gewicht (20,5 Unzen) ist es tragbar und leicht genug, um in jeden Camping- oder Wanderrucksack zu passen. Sie ist auch ein Muss f\u00fcr die Notfallausr\u00fcstung.<\/span><\/li>\n<li><span class=\"a-list-item\">Hohe Solarumwandlung: Das hocheffiziente SunPower-Solarpanel wandelt bei ausreichender Sonneneinstrahlung bis zu 24 % der Sonnenenergie in kostenlose Energie um. Es ist das derzeit haltbarste Panel, das den Elementen und der Abnutzung besser standh\u00e4lt als herk\u00f6mmliche Panels. Die spezielle PET-Polymer-Oberfl\u00e4che sch\u00fctzt das Solarpanel vor gelegentlichem Regen oder nassem Nebel. Die drei Anschl\u00fcsse sind mit einer Gummiabdeckung versehen, um sie vor Staub und Wassersch\u00e4den zu sch\u00fctzen.<\/span><\/li>\n<li><span class=\"a-list-item\">Breite Kompatibilit\u00e4t: Mit einem USB-Kabel f\u00fcr fast alle 5V-Android-Ger\u00e4te und einige DSLRs oder Apple-Ger\u00e4te (Hinweis: f\u00fcr Apple-Ger\u00e4te ist ein zus\u00e4tzliches Original-Kabel erforderlich). Unser Solar-Handy-Ladeger\u00e4t kann den Strom nicht speichern. Bitte klappen Sie das Solarpanel im Freien bei direkter Sonneneinstrahlung aus und schlie\u00dfen Sie Ihr Ger\u00e4t dann an den USB-Ausgang an. Hinweis: Unser tragbares Solarladeger\u00e4t kann keine Laptops und iPad Pro aufladen.<\/span><\/li>\n<li><span class=\"a-list-item\">Paket &amp; Support: Sie erhalten ein 28W Solar-Handy-Ladeger\u00e4t, ein 50cm langes USB-Kabel, ein Benutzerhandbuch und einen freundlichen Kunden-Service. Hinweis: Jede Wolke oder Abdeckung kann die Ladegeschwindigkeit beeinflussen. Obwohl unser Solarladeger\u00e4t \u00fcber eine automatische Neustartfunktion verf\u00fcgt, empfehlen wir Ihnen dennoch, die Solarpaneele wieder zu \u00f6ffnen und Ihr Ger\u00e4t erneut anzuschlie\u00dfen, wenn der Ladevorgang zu langsam ist.<\/span><\/li>\n<\/ul>\n","protected":false},"featured_media":9424,"comment_status":"open","ping_status":"closed","template":"","meta":{"_et_pb_use_builder":"","_et_pb_old_content":"","_et_gb_content_width":""},"product_brand":[],"product_cat":[1580],"product_tag":[],"class_list":{"0":"post-9425","1":"product","2":"type-product","3":"status-publish","4":"has-post-thumbnail","6":"product_cat-solarladegeraete","8":"first","9":"instock","10":"taxable","11":"shipping-taxable","12":"purchasable","13":"product-type-simple"},"exclude_global_add_ons":[],"addons":[],"jetpack-related-posts":[{"id":9438,"url":"https:\/\/anythingtechnicallc.com\/index.php\/de\/product\/bigblue-3-usb-a-28w-solar-ladegeraet-5v-4-8a-max-tragbares-sunpower-solarpanel-ladegeraet-fuer-camping-ipx4-wasserdicht-kompatibel-mit-iphone-11-xs-xs-max-xr-x-8-7-ipad-samsung-galaxy-lg-etc\/","url_meta":{"origin":9425,"position":0},"title":"[BigBlue 3 USB-A 28W Solar Ladeger\u00e4t (5V\/4.8A Max), tragbares SunPower Solarpanel Ladeger\u00e4t f\u00fcr Camping, IPX4 Wasserdicht, Kompatibel mit iPhone 11\/XS\/XS Max\/XR\/X\/8\/7, iPad, Samsung Galaxy LG etc.","date":"March 19, 2026","format":false,"excerpt":"\u3010Upgraded Triple USB-A Ports\u3011Jeder maximale Ausgang ist 5V\/2.4A und der gesamte maximale Strom von 3 USB ist 5V\/4.8A. Mit dem BigBlue 28W Solarladeger\u00e4t k\u00f6nnen Sie mehrere Ger\u00e4te gleichzeitig aufladen. Es ist mit einer intelligenten Ladetechnologie ausgestattet, die Ihr Ger\u00e4t erkennt und je nach Ger\u00e4t die optimale Ladegeschwindigkeit bietet. BigBlue gew\u00e4hrleistet\u2026","rel":"","context":"Similar post","img":{"alt_text":"","src":"https:\/\/i0.wp.com\/anythingtechnicallc.com\/wp-content\/uploads\/2022\/09\/UpgradedBigBlue-3-USB-A-28W-Solar-Charger5V48A-Max-Portable-SunPower-Solar-Panel-Charger-for-Camping-IPX4-Waterproof-Compatible-with-iPhone-11XSXS-MaxXRX87-iPad-Samsung-Galaxy-LG-etc-0.jpg?fit=500%2C500&ssl=1&resize=350%2C200","width":350,"height":200},"classes":[]},{"id":9428,"url":"https:\/\/anythingtechnicallc.com\/index.php\/de\/product\/solarladegeraet-25000mah-power-bank-mit-4-solarpanels-wasserdichtes-akku-pack-handy-ladegeraet-mit-taschenlampe-fuer-iphone-samsung-und-tablets\/","url_meta":{"origin":9425,"position":1},"title":"Solarladeger\u00e4t 25000mAh Power Bank mit 4 Solarpanels Wasserdichtes Akku-Pack Handy-Ladeger\u00e4t mit Taschenlampe f\u00fcr iPhone, Samsung und Tablets","date":"March 19, 2026","format":false,"excerpt":"4X schnelleres Solar-Laden: Es verf\u00fcgt \u00fcber 4 ultragro\u00dfe, faltbare Solarpaneele, die bei direkter Sonneneinstrahlung eine maximale Leistung von 6W \/ 1,2A erreichen k\u00f6nnen. Das ist 4 Mal schneller als ein einzelnes Solarladeger\u00e4t. 25000mAh kolossale Kapazit\u00e4t: Es kann 7-9 Ladungen f\u00fcr iPhone, Samsung und die meisten Telefone, 3-4 Ladungen f\u00fcr Tablets\u2026","rel":"","context":"Similar post","img":{"alt_text":"","src":"https:\/\/i0.wp.com\/anythingtechnicallc.com\/wp-content\/uploads\/2021\/11\/71wgaeieH6L._AC_SL1200_.jpg?fit=1096%2C1051&ssl=1&resize=350%2C200","width":350,"height":200},"classes":[]},{"id":9452,"url":"https:\/\/anythingtechnicallc.com\/index.php\/de\/product\/solarladegeraet-anker-24w-3-port-usb-tragbares-solarladegeraet-mit-faltbarem-cigs-panel-fuer-camping-powerport-solar-fuer-iphone-12-se-11-xs-max-xr-x-8-ipad-samsung-galaxy-s20-s10-s9-s8-und-mehr\/","url_meta":{"origin":9425,"position":2},"title":"Solarladeger\u00e4t, Anker 24W 3-Port USB tragbares Solarladeger\u00e4t mit faltbarem CIGS-Panel f\u00fcr Camping, PowerPort Solar f\u00fcr iPhone 12\/SE\/11\/XS Max\/XR\/X\/8, iPad, Samsung Galaxy S20\/S10\/S9\/S8, und mehr","date":"March 19, 2026","format":false,"excerpt":"Stellen Sie sicher, dass dieser Artikel passt, indem Sie Ihre Modellnummer eingeben. Ultrad\u00fcnn und flexibel: Hergestellt aus CIGS, einer Art D\u00fcnnschicht-Solarmaterial, das eine gr\u00f6\u00dfere Flexibilit\u00e4t als andere Solarzellen bietet und gleichzeitig langlebig ist. Schnelles Aufladen: Mit diesem tragbaren Solarladeger\u00e4t k\u00f6nnen Sie Ihr Handy, Tablet oder andere mobile Ger\u00e4te bei optimaler\u2026","rel":"","context":"Similar post","img":{"alt_text":"","src":"https:\/\/i0.wp.com\/anythingtechnicallc.com\/wp-content\/uploads\/2022\/09\/Solar-Charger-Anker-24W-3-Port-USB-Portable-Solar-Charger-with-Foldable-CIGS-Panel-for-Camping-PowerPort-Solar-for-iPhone-12SE11XS-MaxXRX8-iPad-Samsung-Galaxy-S20S10S9S8-and-More-0.jpg?fit=400%2C500&ssl=1&resize=350%2C200","width":350,"height":200},"classes":[]},{"id":9384,"url":"https:\/\/anythingtechnicallc.com\/index.php\/de\/product\/solarpanel-ladegeraet-solorage-21w-solar-ladegeraet-mit-2-usb-anschluessen-und-3-faltbaren-solarpanels-tragbares-solar-handy-ladegeraet-fuer-camping-wandern-kompatibel-mit-iphone-ipad-pro-air-mini\/","url_meta":{"origin":9425,"position":3},"title":"Solarpanel-Ladeger\u00e4t, Solorage 21W Solar-Ladeger\u00e4t mit 2 USB-Anschl\u00fcssen und 3 faltbaren Solarpanels Tragbares Solar-Handy-Ladeger\u00e4t f\u00fcr Camping, Wandern Kompatibel mit iPhone, iPad Pro\/Air\/Mini, Samsung Galaxy","date":"March 19, 2026","format":false,"excerpt":"Vergewissern Sie sich, dass dieses Produkt passt, indem Sie Ihre Modellnummer eingeben. SMART CHARGING TECHNOLOGY: Eingebauter intelligenter Chip und Spannungsreglertechnologie, die Ihr Ger\u00e4t erkennen kann und dann die schnellstm\u00f6gliche Ladegeschwindigkeit liefert. Das Solorage Solarstrom-Ladeger\u00e4t gew\u00e4hrleistet einen sicheren Ladevorgang durch Schutz vor \u00dcberladung, \u00dcberhitzung und Kurzschluss. ?HOHE ENERGIEUMWANDLUNG: Das faltbare 21-Watt-SunPower-Solarpanel\u2026","rel":"","context":"Similar post","img":{"alt_text":"","src":"https:\/\/i0.wp.com\/anythingtechnicallc.com\/wp-content\/uploads\/2022\/09\/Solar-Panel-Charger-Solorage-21W-Solar-Charger-with-2-USB-Ports-and-3-Foldable-Solar-Panels-Portable-Solar-Phone-Charger-for-Camping-Hiking-Compatible-with-iPhone-iPad-ProAirMini-Samsung-Galaxy-0.jpg?fit=500%2C500&ssl=1&resize=350%2C200","width":350,"height":200},"classes":[]},{"id":9391,"url":"https:\/\/anythingtechnicallc.com\/index.php\/de\/product\/x-dragon-monokristallines-tragbares-solarpanel-20w-duale-usb-anschluesse-5v2a-insgesamt-3a-faltbares-solar-ladegeraet-fuer-laptop-handy-notebook-tablet-camping-5v-20w\/","url_meta":{"origin":9425,"position":4},"title":"X-DRAGON Monokristallines tragbares Solarpanel 20W Duale USB-Anschl\u00fcsse (5V2A, insgesamt 3A) Faltbares Solar-Ladeger\u00e4t f\u00fcr Laptop, Handy, Notebook, Tablet, Camping (5V 20W)","date":"March 19, 2026","format":false,"excerpt":"Stellen Sie sicher, dass dieses Produkt passt, indem Sie Ihre Modellnummer eingeben. \u2600\ufe0f Exklusive SolarIQ-Technologie: Mit dem eingebauten intelligenten IC-Chip k\u00f6nnen Strom und Spannung automatisch angepasst werden, um eine maximale Leistung zu erzielen. Bei direkter Sonneneinstrahlung wird der schnellstm\u00f6gliche Strom von bis zu 2 Ampere pro Anschluss oder 3 Ampere\u2026","rel":"","context":"Similar post","img":{"alt_text":"","src":"https:\/\/i0.wp.com\/anythingtechnicallc.com\/wp-content\/uploads\/2022\/09\/X-DRAGON-Monocrystalline-Portable-Solar-Panel-20W-Dual-USB-Ports-5V2AOverall-3A-Foldable-Solar-Charger-for-Portable-Laptop-Cellphone-Notebook-Tablet-Camping-5V-20W-0.jpg?fit=500%2C500&ssl=1&resize=350%2C200","width":350,"height":200},"classes":[]},{"id":9418,"url":"https:\/\/anythingtechnicallc.com\/index.php\/de\/product\/bigblue-36w-solarpanel-ladegeraet-mit-dc20v-1-8a-pd-20w-usb-c-und-schnellladung-usb-a-ip54-wasserdicht-tragbares-solarpanel-fuer-camping-kompatibel-mit-iphone-galaxy-tablets-kleine-power-stat\/","url_meta":{"origin":9425,"position":5},"title":"BigBlue 36W Solarpanel Ladeger\u00e4t mit DC(20V\/1.8A), PD 20W USB-C und Schnellladung USB-A, IP54 Wasserdicht, Tragbares Solarpanel f\u00fcr Camping, Kompatibel mit iPhone, Galaxy, Tablets, Kleine Power Station","date":"March 19, 2026","format":false,"excerpt":"\u2705 Kompatibel mit den meisten Ger\u00e4ten: Ein USB-Anschluss mit 5V\/3A, 9V\/2A, 12V\/1,5A zum schnellen Aufladen Ihrer Handys und anderer USB-betriebener Ger\u00e4te; der DC-Ausgang (20V\/1,8A) ist mit einigen kleinen Kraftwerken (weniger als 200W) kompatibel, und ein USB-C-Ausgang (5V\/3A, 9V\/2,22A, 12V\/1,67A) kann Ihr iPad oder Ihren Switch mit PD 20W versorgen; dieses\u2026","rel":"","context":"Similar post","img":{"alt_text":"","src":"https:\/\/i0.wp.com\/anythingtechnicallc.com\/wp-content\/uploads\/2022\/09\/BigBlue-36W-Solar-Panels-Charger-with-DC20V18A-PD-20W-USB-C-and-Fast-Charge-USB-A-IP54-Waterproof-Portable-Solar-Panel-for-Camping-Compatible-with-iPhone-Galaxy-Tablets-Small-Power-Station-0.jpg?fit=500%2C500&ssl=1&resize=350%2C200","width":350,"height":200},"classes":[]}],"pll_sync_post":[],"lang":"de","translations":{"de":9425,"en":130},"_links":{"self":[{"href":"https:\/\/anythingtechnicallc.com\/index.php\/wp-json\/wp\/v2\/product\/9425","targetHints":{"allow":["GET"]}}],"collection":[{"href":"https:\/\/anythingtechnicallc.com\/index.php\/wp-json\/wp\/v2\/product"}],"about":[{"href":"https:\/\/anythingtechnicallc.com\/index.php\/wp-json\/wp\/v2\/types\/product"}],"replies":[{"embeddable":true,"href":"https:\/\/anythingtechnicallc.com\/index.php\/wp-json\/wp\/v2\/comments?post=9425"}],"wp:featuredmedia":[{"embeddable":true,"href":"https:\/\/anythingtechnicallc.com\/index.php\/wp-json\/wp\/v2\/media\/9424"}],"wp:attachment":[{"href":"https:\/\/anythingtechnicallc.com\/index.php\/wp-json\/wp\/v2\/media?parent=9425"}],"wp:term":[{"taxonomy":"product_brand","embeddable":true,"href":"https:\/\/anythingtechnicallc.com\/index.php\/wp-json\/wp\/v2\/product_brand?post=9425"},{"taxonomy":"product_cat","embeddable":true,"href":"https:\/\/anythingtechnicallc.com\/index.php\/wp-json\/wp\/v2\/product_cat?post=9425"},{"taxonomy":"product_tag","embeddable":true,"href":"https:\/\/anythingtechnicallc.com\/index.php\/wp-json\/wp\/v2\/product_tag?post=9425"}],"curies":[{"name":"wp","href":"https:\/\/api.w.org\/{rel}","templated":true}]}}