{"id":9438,"date":"2026-03-19T09:15:37","date_gmt":"2026-03-19T09:15:37","guid":{"rendered":"https:\/\/anythingtechnicallc.com\/?post_type=product&#038;p=9438"},"modified":"2026-03-19T09:21:49","modified_gmt":"2026-03-19T09:21:49","slug":"bigblue-3-usb-a-28w-solar-ladegeraet-5v-4-8a-max-tragbares-sunpower-solarpanel-ladegeraet-fuer-camping-ipx4-wasserdicht-kompatibel-mit-iphone-11-xs-xs-max-xr-x-8-7-ipad-samsung-galaxy-lg-etc","status":"publish","type":"product","link":"https:\/\/anythingtechnicallc.com\/index.php\/de\/product\/bigblue-3-usb-a-28w-solar-ladegeraet-5v-4-8a-max-tragbares-sunpower-solarpanel-ladegeraet-fuer-camping-ipx4-wasserdicht-kompatibel-mit-iphone-11-xs-xs-max-xr-x-8-7-ipad-samsung-galaxy-lg-etc\/","title":{"rendered":"[BigBlue 3 USB-A 28W Solar Ladeger\u00e4t (5V\/4.8A Max), tragbares SunPower Solarpanel Ladeger\u00e4t f\u00fcr Camping, IPX4 Wasserdicht, Kompatibel mit iPhone 11\/XS\/XS Max\/XR\/X\/8\/7, iPad, Samsung Galaxy LG etc."},"content":{"rendered":"<p>[Galerie]<br \/>\n\u3010Upgraded Triple USB-A Ports\u3011Jeder maximale Ausgang ist 5V\/2.4A und der gesamte maximale Strom von 3 USB liegt bei 5V\/4.8A. Mit dem BigBlue 28W Solarladeger\u00e4t k\u00f6nnen Sie mehrere Ger\u00e4te gleichzeitig aufladen. Es ist mit einer intelligenten Ladetechnologie ausgestattet, die Ihr Ger\u00e4t erkennt und je nach Ger\u00e4t die optimale Ladegeschwindigkeit bietet. BigBlue gew\u00e4hrleistet 100% gesch\u00fctztes Laden mit \u00dcberstrom-, \u00dcberhitzungs- und Kurzschlussschutz.<br \/>\n\u3010H\u00f6here Solarumwandlung\u3011Das hocheffiziente SunPower Solarpanel wandelt bei ausreichender Sonneneinstrahlung bis zu 24% der Sonnenenergie in freie Energie um. Es ist das derzeit langlebigste Panel, das den Elementen und der Abnutzung besser standh\u00e4lt als herk\u00f6mmliche Panels. Die spezielle PET-Polymer-Oberfl\u00e4che sch\u00fctzt das Solarpanel vor gelegentlichem Regen oder nassem Nebel und die drei Anschl\u00fcsse sind mit einer Gummiabdeckung versehen, um sie vor Staub oder Wassersch\u00e4den zu sch\u00fctzen.<br \/>\n\u3010Portables Camping-Solarpanel\u3011BigBlue Solarladeger\u00e4t ist eine gro\u00dfartige Option, wenn Sie einen ausgedehnten Campingausflug machen oder wenn Sie irgendwo unterwegs sind, wo es ein unzuverl\u00e4ssiges Stromnetz gibt. Mit seiner kompakten Gr\u00f6\u00dfe (11,6 \u00d7 6,3 \u00d7 1,3 Zoll zusammengeklappt) und seinem geringen Gewicht (20,5 Unzen) ist es tragbar und leicht genug, um in jeden Camping- oder Wanderrucksack zu passen. Es ist auch ein unverzichtbares Utensil f\u00fcr die Notfallausr\u00fcstung.<br \/>\n\u3010Weite Kompatibilit\u00e4t\u3011BigBlue USB-Solarladeger\u00e4t bietet ein winziges Kraftwerk, das Strom f\u00fcr Ihr Telefon (Android und Apple) und kleine Elektronikger\u00e4te erzeugen kann, um sie bei Sonnenschein geladen zu halten (Hinweis: f\u00fcr Apple-Ger\u00e4te w\u00fcnschen Sie das zus\u00e4tzliche Originalkabel). Unser Solar-Telefonladeger\u00e4t kann den Strom nicht speichern und kann keine Laptops und iPad Pro aufladen.<br \/>\n\u3010Paket &amp; St\u00e4rke\u3011Sie erhalten BigBlue 28W Solarladeger\u00e4t, 50cm USB-A auf USB-C Kabel, Benutzerhandbuch und freundlichen Kundenservice. Hinweis: Jede Wolke oder Abdeckung kann die Ladegeschwindigkeit beeinflussen. Auch wenn unser Solarladeger\u00e4t \u00fcber eine automatische Neustartfunktion verf\u00fcgt, empfehlen wir Ihnen dennoch, die Solarpaneele wieder zu \u00f6ffnen und Ihr Ger\u00e4t erneut anzuschlie\u00dfen, wenn der Ladevorgang zu langsam ist.<\/p>\n","protected":false},"excerpt":{"rendered":"<p>\u3010Upgraded Triple USB-A Ports\u3011Jeder maximale Ausgang ist 5V\/2.4A und der gesamte maximale Strom von 3 USB ist 5V\/4.8A. Mit dem BigBlue 28W Solarladeger\u00e4t k\u00f6nnen Sie mehrere Ger\u00e4te gleichzeitig aufladen. Es ist mit einer intelligenten Ladetechnologie ausgestattet, die Ihr Ger\u00e4t erkennt und je nach Ger\u00e4t die optimale Ladegeschwindigkeit bietet. BigBlue gew\u00e4hrleistet einen 100% sicheren Ladevorgang mit \u00dcberstrom-, \u00dcberhitzungs- und Kurzschlussschutz.<br \/>\n\u3010H\u00f6here Solarumwandlung\u3011Das hocheffiziente SunPower Solarpanel wandelt bei ausreichender Sonneneinstrahlung bis zu 24% der Sonnenenergie in freie Energie um. Es ist das derzeit langlebigste Panel, das den Elementen und der Abnutzung besser standh\u00e4lt als herk\u00f6mmliche Panels. Die spezielle PET-Polymer-Oberfl\u00e4che sch\u00fctzt das Solarpanel vor gelegentlichem Regen oder nassem Nebel und die drei Anschl\u00fcsse sind mit einer Gummiabdeckung versehen, um sie vor Staub oder Wassersch\u00e4den zu sch\u00fctzen.<br \/>\n\u3010Portables Camping-Solarpanel\u3011BigBlue Solarladeger\u00e4t ist eine gro\u00dfartige Option, wenn Sie einen ausgedehnten Campingausflug machen oder wenn Sie irgendwo unterwegs sind, wo es ein unzuverl\u00e4ssiges Stromnetz gibt. Mit seiner kompakten Gr\u00f6\u00dfe (11,6 \u00d7 6,3 \u00d7 1,3 Zoll zusammengeklappt) und seinem geringen Gewicht (20,5 Unzen) ist es tragbar und leicht genug, um in jeden Camping- oder Wanderrucksack zu passen. Es ist auch ein Muss f\u00fcr die Notfallausr\u00fcstung.<\/p>\n","protected":false},"featured_media":9437,"comment_status":"open","ping_status":"closed","template":"","meta":{"_et_pb_use_builder":"","_et_pb_old_content":"","_et_gb_content_width":""},"product_brand":[],"product_cat":[703,1580],"product_tag":[],"class_list":{"0":"post-9438","1":"product","2":"type-product","3":"status-publish","4":"has-post-thumbnail","6":"product_cat-uncategorized-de","7":"product_cat-solarladegeraete","8":"pa_brand-besuchen-sie-den-bigblue-store","9":"pa_colour-schwarz","10":"pa_connectivity-technologies-usb","11":"pa_country-of-origin-china","12":"pa_date-first-available-april-29-2016","13":"pa_included-components-28w-solarpanel-ladegeraet1-schnallen-4-usb-a-zu-usb-c-kabel1","14":"pa_is-discontinued-by-manufactur-nein","15":"pa_item-model-number-b401","16":"pa_item-weight-1-48-pfund","17":"pa_manufacturer-bigblue","18":"pa_other-display-features-drahtlos","19":"pa_product-dimensions-111-x-02-x-3307-zoll","20":"pa_special-features-hohe-energieumwandlung-intelligente-ic-technologie-sunpower-solarmodule-tragbares-und-faltbares-solarmodul-ladegeraet-3-usb-ausgaenge","22":"first","23":"instock","24":"taxable","25":"shipping-taxable","26":"purchasable","27":"product-type-simple"},"exclude_global_add_ons":[],"addons":[],"jetpack-related-posts":[{"id":9425,"url":"https:\/\/anythingtechnicallc.com\/index.php\/de\/product\/2-usb-anschluesse-28w-solar-ladegeraet-5v-4-8a-max-faltbares-tragbares-solar-handy-ladegeraet-mit-sunpower-solarpanel-kompatibel-mit-iphone-11-xs-xs-max-xr-x-8-7-ipad-samsung-galaxy-lg-etc\/","url_meta":{"origin":9438,"position":0},"title":"2 USB-Anschl\u00fcsse 28W Solar-Ladeger\u00e4t (5V\/4.8A Max), faltbares tragbares Solar-Handy-Ladeger\u00e4t mit SunPower Solarpanel Kompatibel mit iPhone 11\/Xs\/XS Max\/XR\/X\/8\/7, iPad, Samsung Galaxy LG etc.","date":"March 19, 2026","format":false,"excerpt":"Verbesserte zwei USB-A-Anschl\u00fcsse: Jeder hat einen maximalen Ausgang von 5V\/2,4A und der maximale Gesamtstrom liegt bei 5V\/4,8A. Mit dem 28 W Solarladeger\u00e4t k\u00f6nnen Sie mehrere Ger\u00e4te gleichzeitig aufladen. Es ist mit einer intelligenten Ladetechnologie ausgestattet, die Ihr Ger\u00e4t erkennt und dann die optimale Ladegeschwindigkeit f\u00fcr verschiedene Ger\u00e4te bereitstellt. 100% sichere\u2026","rel":"","context":"Similar post","img":{"alt_text":"","src":"https:\/\/i0.wp.com\/anythingtechnicallc.com\/wp-content\/uploads\/2021\/11\/10891131799_1539480740.jpg?fit=750%2C750&ssl=1&resize=350%2C200","width":350,"height":200},"classes":[]},{"id":9418,"url":"https:\/\/anythingtechnicallc.com\/index.php\/de\/product\/bigblue-36w-solarpanel-ladegeraet-mit-dc20v-1-8a-pd-20w-usb-c-und-schnellladung-usb-a-ip54-wasserdicht-tragbares-solarpanel-fuer-camping-kompatibel-mit-iphone-galaxy-tablets-kleine-power-stat\/","url_meta":{"origin":9438,"position":1},"title":"BigBlue 36W Solarpanel Ladeger\u00e4t mit DC(20V\/1.8A), PD 20W USB-C und Schnellladung USB-A, IP54 Wasserdicht, Tragbares Solarpanel f\u00fcr Camping, Kompatibel mit iPhone, Galaxy, Tablets, Kleine Power Station","date":"March 19, 2026","format":false,"excerpt":"\u2705 Kompatibel mit den meisten Ger\u00e4ten: Ein USB-Anschluss mit 5V\/3A, 9V\/2A, 12V\/1,5A zum schnellen Aufladen Ihrer Handys und anderer USB-betriebener Ger\u00e4te; der DC-Ausgang (20V\/1,8A) ist mit einigen kleinen Kraftwerken (weniger als 200W) kompatibel, und ein USB-C-Ausgang (5V\/3A, 9V\/2,22A, 12V\/1,67A) kann Ihr iPad oder Ihren Switch mit PD 20W versorgen; dieses\u2026","rel":"","context":"Similar post","img":{"alt_text":"","src":"https:\/\/i0.wp.com\/anythingtechnicallc.com\/wp-content\/uploads\/2022\/09\/BigBlue-36W-Solar-Panels-Charger-with-DC20V18A-PD-20W-USB-C-and-Fast-Charge-USB-A-IP54-Waterproof-Portable-Solar-Panel-for-Camping-Compatible-with-iPhone-Galaxy-Tablets-Small-Power-Station-0.jpg?fit=500%2C500&ssl=1&resize=350%2C200","width":350,"height":200},"classes":[]},{"id":9384,"url":"https:\/\/anythingtechnicallc.com\/index.php\/de\/product\/solarpanel-ladegeraet-solorage-21w-solar-ladegeraet-mit-2-usb-anschluessen-und-3-faltbaren-solarpanels-tragbares-solar-handy-ladegeraet-fuer-camping-wandern-kompatibel-mit-iphone-ipad-pro-air-mini\/","url_meta":{"origin":9438,"position":2},"title":"Solarpanel-Ladeger\u00e4t, Solorage 21W Solar-Ladeger\u00e4t mit 2 USB-Anschl\u00fcssen und 3 faltbaren Solarpanels Tragbares Solar-Handy-Ladeger\u00e4t f\u00fcr Camping, Wandern Kompatibel mit iPhone, iPad Pro\/Air\/Mini, Samsung Galaxy","date":"March 19, 2026","format":false,"excerpt":"Vergewissern Sie sich, dass dieses Produkt passt, indem Sie Ihre Modellnummer eingeben. SMART CHARGING TECHNOLOGY: Eingebauter intelligenter Chip und Spannungsreglertechnologie, die Ihr Ger\u00e4t erkennen kann und dann die schnellstm\u00f6gliche Ladegeschwindigkeit liefert. Das Solorage Solarstrom-Ladeger\u00e4t gew\u00e4hrleistet einen sicheren Ladevorgang durch Schutz vor \u00dcberladung, \u00dcberhitzung und Kurzschluss. ?HOHE ENERGIEUMWANDLUNG: Das faltbare 21-Watt-SunPower-Solarpanel\u2026","rel":"","context":"Similar post","img":{"alt_text":"","src":"https:\/\/i0.wp.com\/anythingtechnicallc.com\/wp-content\/uploads\/2022\/09\/Solar-Panel-Charger-Solorage-21W-Solar-Charger-with-2-USB-Ports-and-3-Foldable-Solar-Panels-Portable-Solar-Phone-Charger-for-Camping-Hiking-Compatible-with-iPhone-iPad-ProAirMini-Samsung-Galaxy-0.jpg?fit=500%2C500&ssl=1&resize=350%2C200","width":350,"height":200},"classes":[]},{"id":9391,"url":"https:\/\/anythingtechnicallc.com\/index.php\/de\/product\/x-dragon-monokristallines-tragbares-solarpanel-20w-duale-usb-anschluesse-5v2a-insgesamt-3a-faltbares-solar-ladegeraet-fuer-laptop-handy-notebook-tablet-camping-5v-20w\/","url_meta":{"origin":9438,"position":3},"title":"X-DRAGON Monokristallines tragbares Solarpanel 20W Duale USB-Anschl\u00fcsse (5V2A, insgesamt 3A) Faltbares Solar-Ladeger\u00e4t f\u00fcr Laptop, Handy, Notebook, Tablet, Camping (5V 20W)","date":"March 19, 2026","format":false,"excerpt":"Stellen Sie sicher, dass dieses Produkt passt, indem Sie Ihre Modellnummer eingeben. \u2600\ufe0f Exklusive SolarIQ-Technologie: Mit dem eingebauten intelligenten IC-Chip k\u00f6nnen Strom und Spannung automatisch angepasst werden, um eine maximale Leistung zu erzielen. Bei direkter Sonneneinstrahlung wird der schnellstm\u00f6gliche Strom von bis zu 2 Ampere pro Anschluss oder 3 Ampere\u2026","rel":"","context":"Similar post","img":{"alt_text":"","src":"https:\/\/i0.wp.com\/anythingtechnicallc.com\/wp-content\/uploads\/2022\/09\/X-DRAGON-Monocrystalline-Portable-Solar-Panel-20W-Dual-USB-Ports-5V2AOverall-3A-Foldable-Solar-Charger-for-Portable-Laptop-Cellphone-Notebook-Tablet-Camping-5V-20W-0.jpg?fit=500%2C500&ssl=1&resize=350%2C200","width":350,"height":200},"classes":[]},{"id":9460,"url":"https:\/\/anythingtechnicallc.com\/index.php\/de\/product\/888wh65watt-tragbares-laptop-ladegeraet-mit-solarpanel-ein-super-tragbarer-reiseakku-powerbank-fuer-hp-notebooks-macbook-laptops\/","url_meta":{"origin":9438,"position":4},"title":"88,8Wh|65Watt Tragbares Laptop-Ladeger\u00e4t mit Solarpanel, Ein super tragbarer Reiseakku &#038; Powerbank f\u00fcr HP, Notebooks, MacBook, Laptops","date":"March 19, 2026","format":false,"excerpt":"Bemerkenswert kompakt und leistungsstark: Eine der kleinsten und leichtesten tragbaren Powerbanks mit 24000mAh (88,8Wh) und 110V\/65W AC-Anschluss, eine gro\u00dfartige L\u00f6sung f\u00fcr die AC-Stromversorgung. Sie liefert ausreichend Strom f\u00fcr die meisten Ihrer Ger\u00e4te wie Smartphone, Tablet und Laptop. Perfekt f\u00fcr Ihre Reisen und Gesch\u00e4ftsreisen. Schnelles Aufladen: L\u00e4dt sich selbst in weniger\u2026","rel":"","context":"Similar post","img":{"alt_text":"","src":"https:\/\/i0.wp.com\/anythingtechnicallc.com\/wp-content\/uploads\/2022\/09\/888Wh65Watts-Portable-Laptop-Charger-with-Solar-Panel-A-Super-Travel-Portable-Battery-Pack-Power-Bank-for-HP-Notebooks-MacBook-Laptops-0.jpg?fit=500%2C500&ssl=1&resize=350%2C200","width":350,"height":200},"classes":[]},{"id":9428,"url":"https:\/\/anythingtechnicallc.com\/index.php\/de\/product\/solarladegeraet-25000mah-power-bank-mit-4-solarpanels-wasserdichtes-akku-pack-handy-ladegeraet-mit-taschenlampe-fuer-iphone-samsung-und-tablets\/","url_meta":{"origin":9438,"position":5},"title":"Solarladeger\u00e4t 25000mAh Power Bank mit 4 Solarpanels Wasserdichtes Akku-Pack Handy-Ladeger\u00e4t mit Taschenlampe f\u00fcr iPhone, Samsung und Tablets","date":"March 19, 2026","format":false,"excerpt":"4X schnelleres Solar-Laden: Es verf\u00fcgt \u00fcber 4 ultragro\u00dfe, faltbare Solarpaneele, die bei direkter Sonneneinstrahlung eine maximale Leistung von 6W \/ 1,2A erreichen k\u00f6nnen. Das ist 4 Mal schneller als ein einzelnes Solarladeger\u00e4t. 25000mAh kolossale Kapazit\u00e4t: Es kann 7-9 Ladungen f\u00fcr iPhone, Samsung und die meisten Telefone, 3-4 Ladungen f\u00fcr Tablets\u2026","rel":"","context":"Similar post","img":{"alt_text":"","src":"https:\/\/i0.wp.com\/anythingtechnicallc.com\/wp-content\/uploads\/2021\/11\/71wgaeieH6L._AC_SL1200_.jpg?fit=1096%2C1051&ssl=1&resize=350%2C200","width":350,"height":200},"classes":[]}],"pll_sync_post":[],"lang":"de","translations":{"de":9438,"en":1855},"_links":{"self":[{"href":"https:\/\/anythingtechnicallc.com\/index.php\/wp-json\/wp\/v2\/product\/9438","targetHints":{"allow":["GET"]}}],"collection":[{"href":"https:\/\/anythingtechnicallc.com\/index.php\/wp-json\/wp\/v2\/product"}],"about":[{"href":"https:\/\/anythingtechnicallc.com\/index.php\/wp-json\/wp\/v2\/types\/product"}],"replies":[{"embeddable":true,"href":"https:\/\/anythingtechnicallc.com\/index.php\/wp-json\/wp\/v2\/comments?post=9438"}],"wp:featuredmedia":[{"embeddable":true,"href":"https:\/\/anythingtechnicallc.com\/index.php\/wp-json\/wp\/v2\/media\/9437"}],"wp:attachment":[{"href":"https:\/\/anythingtechnicallc.com\/index.php\/wp-json\/wp\/v2\/media?parent=9438"}],"wp:term":[{"taxonomy":"product_brand","embeddable":true,"href":"https:\/\/anythingtechnicallc.com\/index.php\/wp-json\/wp\/v2\/product_brand?post=9438"},{"taxonomy":"product_cat","embeddable":true,"href":"https:\/\/anythingtechnicallc.com\/index.php\/wp-json\/wp\/v2\/product_cat?post=9438"},{"taxonomy":"product_tag","embeddable":true,"href":"https:\/\/anythingtechnicallc.com\/index.php\/wp-json\/wp\/v2\/product_tag?post=9438"}],"curies":[{"name":"wp","href":"https:\/\/api.w.org\/{rel}","templated":true}]}}