{"id":9445,"date":"2026-03-19T09:17:02","date_gmt":"2026-03-19T09:17:02","guid":{"rendered":"https:\/\/anythingtechnicallc.com\/?post_type=product&#038;p=9445"},"modified":"2026-03-19T09:17:53","modified_gmt":"2026-03-19T09:17:53","slug":"flexsolar-40w-tragbares-solar-ladegeraet-faltbar-qc3-0-usb-c-dc-output-ports-solar-panel-ladegeraet-fuer-camping-ip67-wasserdicht-kompatibel-mit-iphone-13-12-11-xs-x-8-7ipadsamsung-galaxy-lg-etc","status":"publish","type":"product","link":"https:\/\/anythingtechnicallc.com\/index.php\/de\/product\/flexsolar-40w-tragbares-solar-ladegeraet-faltbar-qc3-0-usb-c-dc-output-ports-solar-panel-ladegeraet-fuer-camping-ip67-wasserdicht-kompatibel-mit-iphone-13-12-11-xs-x-8-7ipadsamsung-galaxy-lg-etc\/","title":{"rendered":"FlexSolar 40W Tragbares Solar-Ladeger\u00e4t, faltbar QC3.0 USB-C DC Output Ports Solar Panel Ladeger\u00e4t f\u00fcr Camping IP67 Wasserdicht Kompatibel mit iPhone 13\/12\/11\/Xs\/X\/8\/7,iPad,Samsung Galaxy LG etc"},"content":{"rendered":"<p>[Galerie]<br \/>\n\ud83d\udcbc\u3010PORTABLE &amp; FOLDABLE\u3011Mit einer kleinen Gr\u00f6\u00dfe von 8,0x 11,1x 1,8 Inch (wenn gefaltet) und einem geringen Gewicht von 2,86lbs (1,3kg), das leicht in Ihren Rucksack gequetscht werden kann, bietet die Wanderschnalle Portabilit\u00e4t und Einfachheit und ist ideal, um sie an Ihrem Rucksack zu befestigen, auch wenn Sie wandern oder durch die Stadt laufen. Das umweltfreundliche und selbstreinigende Material E-Film bietet dauerhaften Schutz vor unvorhersehbaren Wetterbedingungen und h\u00e4lt auch hohen Temperaturen problemlos stand.<br \/>\n\ud83d\ude80\u3010HIGH SOLAR CONVERSION &amp; IP67 WATERPROOF\u3011Hocheffiziente Solarmodule wandeln bei ausreichender Sonneneinstrahlung 24% der Sonnenenergie in kostenlose Energie um. Sie sind die haltbarsten Module, die es gibt, und halten den Elementen und der Abnutzung besser stand als herk\u00f6mmliche Module. Die spezielle ETFE-Polymer-Oberfl\u00e4che sch\u00fctzt die Solarmodule vor gelegentlichem Regen oder nassem Nebel, und die drei Anschl\u00fcsse sind mit einer Gummiabdeckung versehen, um sie vor Staub oder Wassersch\u00e4den zu sch\u00fctzen.<br \/>\n\u26a1\u3010SMART IC CHIP TECHNOLOGY &amp; SAFETY FEATURE\u3011Eingebaute Spannungsstabilisierung und ein innovativer Chip, der den optimalen oder maximalen Ladebedarf Ihres Ger\u00e4ts erkennt, so dass auch Ihr Ger\u00e4t sicher und schnell geladen werden kann.<br \/>\n\ud83d\udd0b\u3010WEITE KOMPATIBILIT\u00c4T\u3011Integrierte USB(3.0), PD Typ-C und DC drei Ladeanschl\u00fcsse, vielseitig einsetzbar zum Aufladen von Power Banks, Handys, Tablets und Typ-C Laptops und tragbaren Stromstationen mit geringer Kapazit\u00e4t. Der integrierte IC erkennt automatisch die angeschlossenen Ger\u00e4te und sorgt f\u00fcr eine optimale Aufladung, und eine integrierte LED-Leuchte zeigt den Ladestatus an. Die breite Kompatibilit\u00e4t der Anschl\u00fcsse reicht aus, um Ihre Ladeanforderungen im Freien zu erf\u00fcllen.<br \/>\n\ud83d\udc4d\u3010PACKUNG &amp; SUPPORT\u3011Sie erhalten ein FlexSolar Solar-Ladeger\u00e4t, 2 Karabinerhaken und ein Benutzerhandbuch. Hinweis:Jegliche Bew\u00f6lkung oder Bedeckung kann die Ladegeschwindigkeit beeintr\u00e4chtigen, obwohl unsere Solarladeger\u00e4te \u00fcber eine automatische Neustartfunktion verf\u00fcgen, die wir dennoch empfehlen. Sollten Sie irgendwelche Probleme haben, k\u00f6nnen Sie uns gerne kontaktieren. Wir werden Ihnen innerhalb von 24 Stunden antworten.<\/p>\n","protected":false},"excerpt":{"rendered":"<p>\ud83d\udcbc\u3010PORTABLE &amp; FOLDABLE\u3011Mit einer kleinen Gr\u00f6\u00dfe von 8,0x 11,1x 1,8 Zoll (wenn gefaltet) und einem leichten Design von 2,86lbs (1,3kg), das leicht in Ihren Rucksack gequetscht werden kann, bietet die Wanderschnalle Portabilit\u00e4t und Einfachheit und ist ideal, um sie beim Wandern oder einem Spaziergang in der Stadt an Ihrem Rucksack zu befestigen. Das umweltfreundliche und selbstreinigende Material E-Film bietet dauerhafte Haltbarkeit zum Schutz vor unvorhersehbaren Wetterbedingungen und h\u00e4lt auch hohen Temperaturen problemlos stand.<br \/>\n\ud83d\ude80\u3010HIGH SOLAR CONVERSION &amp; IP67 WATERPROOF\u3011Hocheffiziente Solarmodule wandeln bei ausreichender Sonneneinstrahlung 24% der Sonnenenergie in kostenlose Energie um. Sie sind die haltbarsten Module auf dem Markt und halten den Elementen und der Abnutzung besser stand als herk\u00f6mmliche Module. Die spezielle ETFE-Polymer-Oberfl\u00e4che sch\u00fctzt die Solarmodule vor gelegentlichem Regen oder nassem Nebel, und die drei Anschl\u00fcsse sind mit einer Gummiabdeckung versehen, um sie vor Staub oder Wassersch\u00e4den zu sch\u00fctzen.<br \/>\n\u26a1\u3010SMART IC CHIP TECHNOLOGY &amp; SAFETY FEATURE\u3011Eingebaute Spannungsstabilisierung und ein innovativer Chip, der den optimalen oder maximalen Ladebedarf Ihres Ger\u00e4ts erkennt, so dass Ihr Ger\u00e4t sicher und schnell aufgeladen werden kann.<\/p>\n","protected":false},"featured_media":9444,"comment_status":"open","ping_status":"closed","template":"","meta":{"_et_pb_use_builder":"","_et_pb_old_content":"","_et_gb_content_width":""},"product_brand":[],"product_cat":[1580],"product_tag":[],"class_list":{"0":"post-9445","1":"product","2":"type-product","3":"status-publish","4":"has-post-thumbnail","6":"product_cat-solarladegeraete","7":"pa_brand-besuchen-sie-den-flexsolar-store","8":"pa_colour-e-40w","9":"pa_connectivity-technologies-usbqc-3-0-anschluss-dc5521-anschluss-typ-c-anschluss","10":"pa_connector-type-usbqc3-0-dc5521-usb-c","11":"pa_country-of-origin-china","12":"pa_date-first-available-oktober-21-2021","13":"pa_folded-size-80-x-111-x-18-zoll","14":"pa_included-components-2-karabinerhaken","15":"pa_item-dimensions-lxwxh-111-x-18-x-8-zoll","16":"pa_item-model-number-e40","17":"pa_item-weight-287-pfund","18":"pa_manufacturer-flexsolar","19":"pa_material-monokristallines-silizium","20":"pa_maximum-power-40-watt","21":"pa_other-display-features-drahtlos","22":"pa_product-dimensions-111-x-18-x-8-zoll","23":"pa_special-features-leichtbau_design","24":"pa_style-draussen","25":"pa_voltage-5-volt","27":"first","28":"instock","29":"taxable","30":"shipping-taxable","31":"purchasable","32":"product-type-simple"},"exclude_global_add_ons":[],"addons":[],"jetpack-related-posts":[{"id":9431,"url":"https:\/\/anythingtechnicallc.com\/index.php\/de\/product\/solar-ladegeraet-25000mah-tranmix-tragbares-solar-handy-ladegeraet-mit-4-solarmodulen-externes-solarstrom-ladegeraet-mit-hoher-kapazitaet-fuer-smart-phones-tablets-und-wandern-camping\/","url_meta":{"origin":9445,"position":0},"title":"Solar-Ladeger\u00e4t 25000mAh, Tranmix Tragbares Solar-Handy-Ladeger\u00e4t mit 4 Solarmodulen, Externes Solarstrom-Ladeger\u00e4t mit hoher Kapazit\u00e4t f\u00fcr Smart Phones, Tablets und Wandern, Camping","date":"March 19, 2026","format":false,"excerpt":"25000mAh Hohe Kapazit\u00e4t: Diese Solar-Powerbank kann ein iPhone 11 etwa 8 Mal, ein Galaxy S20 etwa 6 Mal und ein Tablet etwa 2 Mal aufladen. Wenn sie vollst\u00e4ndig aufgeladen ist, versorgt sie Ihr Telefon fast eine Woche lang mit Strom. 4 faltbare Solarpaneele: Dank der 4 Hochleistungs-Solarpaneele erreicht die Ladegeschwindigkeit\u2026","rel":"","context":"Similar post","img":{"alt_text":"","src":"https:\/\/i0.wp.com\/anythingtechnicallc.com\/wp-content\/uploads\/2022\/09\/Solar-Charger-25000mAh-Tranmix-Portable-Solar-Phone-Charger-with-4-Solar-Panels-High-Capacity-Solar-Power-Bank-External-Battery-Pack-for-Smart-Phones-Tablets-and-Hiking-Camping-0.jpg?fit=500%2C479&ssl=1&resize=350%2C200","width":350,"height":200},"classes":[]},{"id":9425,"url":"https:\/\/anythingtechnicallc.com\/index.php\/de\/product\/2-usb-anschluesse-28w-solar-ladegeraet-5v-4-8a-max-faltbares-tragbares-solar-handy-ladegeraet-mit-sunpower-solarpanel-kompatibel-mit-iphone-11-xs-xs-max-xr-x-8-7-ipad-samsung-galaxy-lg-etc\/","url_meta":{"origin":9445,"position":1},"title":"2 USB-Anschl\u00fcsse 28W Solar-Ladeger\u00e4t (5V\/4.8A Max), faltbares tragbares Solar-Handy-Ladeger\u00e4t mit SunPower Solarpanel Kompatibel mit iPhone 11\/Xs\/XS Max\/XR\/X\/8\/7, iPad, Samsung Galaxy LG etc.","date":"March 19, 2026","format":false,"excerpt":"Verbesserte zwei USB-A-Anschl\u00fcsse: Jeder hat einen maximalen Ausgang von 5V\/2,4A und der maximale Gesamtstrom liegt bei 5V\/4,8A. Mit dem 28 W Solarladeger\u00e4t k\u00f6nnen Sie mehrere Ger\u00e4te gleichzeitig aufladen. Es ist mit einer intelligenten Ladetechnologie ausgestattet, die Ihr Ger\u00e4t erkennt und dann die optimale Ladegeschwindigkeit f\u00fcr verschiedene Ger\u00e4te bereitstellt. 100% sichere\u2026","rel":"","context":"Similar post","img":{"alt_text":"","src":"https:\/\/i0.wp.com\/anythingtechnicallc.com\/wp-content\/uploads\/2021\/11\/10891131799_1539480740.jpg?fit=750%2C750&ssl=1&resize=350%2C200","width":350,"height":200},"classes":[]},{"id":9438,"url":"https:\/\/anythingtechnicallc.com\/index.php\/de\/product\/bigblue-3-usb-a-28w-solar-ladegeraet-5v-4-8a-max-tragbares-sunpower-solarpanel-ladegeraet-fuer-camping-ipx4-wasserdicht-kompatibel-mit-iphone-11-xs-xs-max-xr-x-8-7-ipad-samsung-galaxy-lg-etc\/","url_meta":{"origin":9445,"position":2},"title":"[BigBlue 3 USB-A 28W Solar Ladeger\u00e4t (5V\/4.8A Max), tragbares SunPower Solarpanel Ladeger\u00e4t f\u00fcr Camping, IPX4 Wasserdicht, Kompatibel mit iPhone 11\/XS\/XS Max\/XR\/X\/8\/7, iPad, Samsung Galaxy LG etc.","date":"March 19, 2026","format":false,"excerpt":"\u3010Upgraded Triple USB-A Ports\u3011Jeder maximale Ausgang ist 5V\/2.4A und der gesamte maximale Strom von 3 USB ist 5V\/4.8A. Mit dem BigBlue 28W Solarladeger\u00e4t k\u00f6nnen Sie mehrere Ger\u00e4te gleichzeitig aufladen. Es ist mit einer intelligenten Ladetechnologie ausgestattet, die Ihr Ger\u00e4t erkennt und je nach Ger\u00e4t die optimale Ladegeschwindigkeit bietet. BigBlue gew\u00e4hrleistet\u2026","rel":"","context":"Similar post","img":{"alt_text":"","src":"https:\/\/i0.wp.com\/anythingtechnicallc.com\/wp-content\/uploads\/2022\/09\/UpgradedBigBlue-3-USB-A-28W-Solar-Charger5V48A-Max-Portable-SunPower-Solar-Panel-Charger-for-Camping-IPX4-Waterproof-Compatible-with-iPhone-11XSXS-MaxXRX87-iPad-Samsung-Galaxy-LG-etc-0.jpg?fit=500%2C500&ssl=1&resize=350%2C200","width":350,"height":200},"classes":[]},{"id":9384,"url":"https:\/\/anythingtechnicallc.com\/index.php\/de\/product\/solarpanel-ladegeraet-solorage-21w-solar-ladegeraet-mit-2-usb-anschluessen-und-3-faltbaren-solarpanels-tragbares-solar-handy-ladegeraet-fuer-camping-wandern-kompatibel-mit-iphone-ipad-pro-air-mini\/","url_meta":{"origin":9445,"position":3},"title":"Solarpanel-Ladeger\u00e4t, Solorage 21W Solar-Ladeger\u00e4t mit 2 USB-Anschl\u00fcssen und 3 faltbaren Solarpanels Tragbares Solar-Handy-Ladeger\u00e4t f\u00fcr Camping, Wandern Kompatibel mit iPhone, iPad Pro\/Air\/Mini, Samsung Galaxy","date":"March 19, 2026","format":false,"excerpt":"Vergewissern Sie sich, dass dieses Produkt passt, indem Sie Ihre Modellnummer eingeben. SMART CHARGING TECHNOLOGY: Eingebauter intelligenter Chip und Spannungsreglertechnologie, die Ihr Ger\u00e4t erkennen kann und dann die schnellstm\u00f6gliche Ladegeschwindigkeit liefert. Das Solorage Solarstrom-Ladeger\u00e4t gew\u00e4hrleistet einen sicheren Ladevorgang durch Schutz vor \u00dcberladung, \u00dcberhitzung und Kurzschluss. ?HOHE ENERGIEUMWANDLUNG: Das faltbare 21-Watt-SunPower-Solarpanel\u2026","rel":"","context":"Similar post","img":{"alt_text":"","src":"https:\/\/i0.wp.com\/anythingtechnicallc.com\/wp-content\/uploads\/2022\/09\/Solar-Panel-Charger-Solorage-21W-Solar-Charger-with-2-USB-Ports-and-3-Foldable-Solar-Panels-Portable-Solar-Phone-Charger-for-Camping-Hiking-Compatible-with-iPhone-iPad-ProAirMini-Samsung-Galaxy-0.jpg?fit=500%2C500&ssl=1&resize=350%2C200","width":350,"height":200},"classes":[]},{"id":9407,"url":"https:\/\/anythingtechnicallc.com\/index.php\/de\/product\/solar-ladegeraet-10000mah-solar-powerbank-18w-power-delivery-usb-c-ladegeraet-typ-c-eingang-ausgang-qc-3-0-pd-schnelles-tragbares-ladegeraet-kompatibel-mit-iphone-samsung-und-mehr\/","url_meta":{"origin":9445,"position":4},"title":"Solar-Ladeger\u00e4t, 10000mAh Solar-Powerbank, 18W Power Delivery USB C Ladeger\u00e4t, Typ C Eingang &#038; Ausgang, QC 3.0 &#038; PD Schnelles tragbares Ladeger\u00e4t Kompatibel mit iPhone, Samsung und mehr","date":"March 19, 2026","format":false,"excerpt":"Stellen Sie sicher, dass dieses Produkt passt, indem Sie Ihre Modellnummer eingeben. Hochgeschwindigkeits-Laden: Die Kombination aus Stromzufuhr und QC 3.0-Ausgang erm\u00f6glicht eine optimale Aufladung Ihres Ger\u00e4ts mit bis zu 18 W. Es ist mit fast allen USB-betriebenen Ger\u00e4ten kompatibel. Schnelles Ladeger\u00e4t: Die Powerbank unterst\u00fctzt die Leistungsstufen 5W, 7,5W und 10W.\u2026","rel":"","context":"Similar post","img":{"alt_text":"","src":"https:\/\/i0.wp.com\/anythingtechnicallc.com\/wp-content\/uploads\/2022\/09\/Solar-Charger-10000mAh-Solar-Power-Bank-18W-Power-Delivery-USB-C-Charger-Type-C-Input-Output-QC-30-PD-Fast-Portable-Charger-Compatible-with-iPhone-Samsung-and-More-0.jpg?fit=500%2C500&ssl=1&resize=350%2C200","width":350,"height":200},"classes":[]},{"id":9452,"url":"https:\/\/anythingtechnicallc.com\/index.php\/de\/product\/solarladegeraet-anker-24w-3-port-usb-tragbares-solarladegeraet-mit-faltbarem-cigs-panel-fuer-camping-powerport-solar-fuer-iphone-12-se-11-xs-max-xr-x-8-ipad-samsung-galaxy-s20-s10-s9-s8-und-mehr\/","url_meta":{"origin":9445,"position":5},"title":"Solarladeger\u00e4t, Anker 24W 3-Port USB tragbares Solarladeger\u00e4t mit faltbarem CIGS-Panel f\u00fcr Camping, PowerPort Solar f\u00fcr iPhone 12\/SE\/11\/XS Max\/XR\/X\/8, iPad, Samsung Galaxy S20\/S10\/S9\/S8, und mehr","date":"March 19, 2026","format":false,"excerpt":"Stellen Sie sicher, dass dieser Artikel passt, indem Sie Ihre Modellnummer eingeben. Ultrad\u00fcnn und flexibel: Hergestellt aus CIGS, einer Art D\u00fcnnschicht-Solarmaterial, das eine gr\u00f6\u00dfere Flexibilit\u00e4t als andere Solarzellen bietet und gleichzeitig langlebig ist. Schnelles Aufladen: Mit diesem tragbaren Solarladeger\u00e4t k\u00f6nnen Sie Ihr Handy, Tablet oder andere mobile Ger\u00e4te bei optimaler\u2026","rel":"","context":"Similar post","img":{"alt_text":"","src":"https:\/\/i0.wp.com\/anythingtechnicallc.com\/wp-content\/uploads\/2022\/09\/Solar-Charger-Anker-24W-3-Port-USB-Portable-Solar-Charger-with-Foldable-CIGS-Panel-for-Camping-PowerPort-Solar-for-iPhone-12SE11XS-MaxXRX8-iPad-Samsung-Galaxy-S20S10S9S8-and-More-0.jpg?fit=400%2C500&ssl=1&resize=350%2C200","width":350,"height":200},"classes":[]}],"pll_sync_post":[],"lang":"de","translations":{"de":9445,"en":1873},"_links":{"self":[{"href":"https:\/\/anythingtechnicallc.com\/index.php\/wp-json\/wp\/v2\/product\/9445","targetHints":{"allow":["GET"]}}],"collection":[{"href":"https:\/\/anythingtechnicallc.com\/index.php\/wp-json\/wp\/v2\/product"}],"about":[{"href":"https:\/\/anythingtechnicallc.com\/index.php\/wp-json\/wp\/v2\/types\/product"}],"replies":[{"embeddable":true,"href":"https:\/\/anythingtechnicallc.com\/index.php\/wp-json\/wp\/v2\/comments?post=9445"}],"wp:featuredmedia":[{"embeddable":true,"href":"https:\/\/anythingtechnicallc.com\/index.php\/wp-json\/wp\/v2\/media\/9444"}],"wp:attachment":[{"href":"https:\/\/anythingtechnicallc.com\/index.php\/wp-json\/wp\/v2\/media?parent=9445"}],"wp:term":[{"taxonomy":"product_brand","embeddable":true,"href":"https:\/\/anythingtechnicallc.com\/index.php\/wp-json\/wp\/v2\/product_brand?post=9445"},{"taxonomy":"product_cat","embeddable":true,"href":"https:\/\/anythingtechnicallc.com\/index.php\/wp-json\/wp\/v2\/product_cat?post=9445"},{"taxonomy":"product_tag","embeddable":true,"href":"https:\/\/anythingtechnicallc.com\/index.php\/wp-json\/wp\/v2\/product_tag?post=9445"}],"curies":[{"name":"wp","href":"https:\/\/api.w.org\/{rel}","templated":true}]}}