{"id":9452,"date":"2026-03-19T09:17:56","date_gmt":"2026-03-19T09:17:56","guid":{"rendered":"https:\/\/anythingtechnicallc.com\/?post_type=product&#038;p=9452"},"modified":"2026-03-19T09:17:56","modified_gmt":"2026-03-19T09:17:56","slug":"solarladegeraet-anker-24w-3-port-usb-tragbares-solarladegeraet-mit-faltbarem-cigs-panel-fuer-camping-powerport-solar-fuer-iphone-12-se-11-xs-max-xr-x-8-ipad-samsung-galaxy-s20-s10-s9-s8-und-mehr","status":"publish","type":"product","link":"https:\/\/anythingtechnicallc.com\/index.php\/de\/product\/solarladegeraet-anker-24w-3-port-usb-tragbares-solarladegeraet-mit-faltbarem-cigs-panel-fuer-camping-powerport-solar-fuer-iphone-12-se-11-xs-max-xr-x-8-ipad-samsung-galaxy-s20-s10-s9-s8-und-mehr\/","title":{"rendered":"Solarladeger\u00e4t, Anker 24W 3-Port USB tragbares Solarladeger\u00e4t mit faltbarem CIGS-Panel f\u00fcr Camping, PowerPort Solar f\u00fcr iPhone 12\/SE\/11\/XS Max\/XR\/X\/8, iPad, Samsung Galaxy S20\/S10\/S9\/S8, und mehr"},"content":{"rendered":"<p>[Galerie]<br \/>\n<!-- show up to 2 reviews by default --><\/p>\n<p><span class=\"a-text-bold\">Modellnummer: A2425<\/span><br \/>\nPowerSolar Flex 3-Port 24WDas flexible, haltbare und tragbare Solarpanel<\/p>\n<p>Robust<span class=\"a-text-bold\">und doch flexibel<\/span><br \/>\nDurch die Verwendung von ultrad\u00fcnnen CIGS-Solarzellen ist PowerSolar flexibel genug, um m\u00fchelos in Ihre Tasche zu passen, und bietet gleichzeitig genug Haltbarkeit, um die Strapazen Ihres n\u00e4chsten Outdoor-Abenteuers zu \u00fcberstehen.<\/p>\n<p><span class=\"a-text-bold\">Versorgt 3 Ger\u00e4te gleichzeitig<\/span><br \/>\nDie 3 USB-Anschl\u00fcsse des Solarpanels teilen sich eine Gesamtleistung von 21W, so dass Sie bis zu 3 Ger\u00e4te gleichzeitig aufladen k\u00f6nnen.<\/p>\n<p><span class=\"a-text-bold\">Intelligente Sonnenlichterkennung<\/span><br \/>\nWenn Sie durch einen schattigen Bereich oder unter Wolken gehen, unterbricht PowerSolar den Ladevorgang und setzt ihn automatisch fort, sobald das Sonnenlicht zur\u00fcckkehrt.<\/p>\n<p>Faltbar<span class=\"a-text-bold\">und tragbar<\/span><br \/>\nWenn Sie nicht aufladen, l\u00e4sst sich PowerSolar zusammenfalten und einfach in Ihrem Rucksack verstauen, w\u00e4hrend das integrierte Staufach Kabel oder kleine mobile Ger\u00e4te aufnehmen kann.<\/p>\n<p><span class=\"a-text-bold\">Technische Daten<\/span><br \/>\nAbmessungen (ungefaltet): 985 \u00d7 307 \u00d7 4 mm \/ 38.8 \u00d7 12.1 \u00d7 0.16 in<br \/>\nMa\u00dfe (zusammengeklappt): 245 \u00d7 307 \u00d7 50 mm \/ 9.64 \u00d7 12.1 \u00d7 1.97 in<br \/>\nGewicht: 1126 g \/ 39.72 oz<br \/>\nSolar Input: 24W<br \/>\nUSB Output: 12W max pro Anschluss<\/p>\n<p><span class=\"a-text-bold\">Hinweise<\/span><br \/>\n1. PowerSolar kann Strom nicht direkt speichern. Sie ben\u00f6tigen eine Powerbank oder eine andere Stromquelle, um Strom zu speichern, oder Sie k\u00f6nnen PowerSolar direkt an Ihre Ger\u00e4te anschlie\u00dfen, um sie aufzuladen.<br \/>\n2. Die Effizienz des Ladevorgangs h\u00e4ngt von der Intensit\u00e4t des Sonnenlichts ab.<br \/>\n3. Halten Sie Ihre Telefone und Tablets von direktem Sonnenlicht fern, da eine zu gro\u00dfe Hitze Sch\u00e4den verursachen kann.<br \/>\n4. 24W bezieht sich auf die Leistung des Solarpanels, die nicht mit der tats\u00e4chlichen Ausgangsleistung der USB-Anschl\u00fcsse \u00fcbereinstimmt. Bei der Umwandlung von Solarenergie in elektrische Energie kommt es zu einem gewissen Leistungsverlust, so dass die tats\u00e4chliche Ausgangsleistung der USB-Anschl\u00fcsse geringer ist als die Leistung des Solarmoduls.<\/p>\n<p>Geben Sie Ihre Modellnummer ein, um sicherzustellen, dass das Produkt passt.<br \/>\nUltrad\u00fcnn und flexibel: Hergestellt mit CIGS, einem der D\u00fcnnschicht-Solarmaterialien, das eine gr\u00f6\u00dfere Flexibilit\u00e4t als andere Solarzellen bietet und gleichzeitig sehr langlebig ist.<br \/>\nSchnelles Aufladen: Mit diesem tragbaren Solarladeger\u00e4t k\u00f6nnen Sie Ihr Handy, Tablet oder andere mobile Ger\u00e4te bei optimaler Sonneneinstrahlung mit bis zu 12 W aufladen.<br \/>\nLaden Sie 3 Ger\u00e4te gleichzeitig auf: Mit 3 USB-A-Anschl\u00fcssen k\u00f6nnen Sie Handheld-Ger\u00e4te wie Telefone, Tablets und Kopfh\u00f6rer gleichzeitig aufladen.<br \/>\nStabiles Solar-Laden: Der Ladevorgang wird automatisch fortgesetzt, wenn das Solarmodul von einem schattigen Bereich in einen sonnigen Bereich wechselt, um einen reibungslosen Ladevorgang zu gew\u00e4hrleisten. Sie k\u00f6nnen den PowerSolar auch mit dem eingebauten St\u00e4nder in Richtung Sonnenlicht ausrichten.<br \/>\nWas Sie erhalten: PowerSolar Flex 3-Port 24W, Willkommensleitfaden, unsere 18-monatige Garantie und einen freundlichen Kundenservice.<\/p>\n","protected":false},"excerpt":{"rendered":"<p>Stellen Sie sicher, dass dieser Artikel passt, indem Sie Ihre Modellnummer eingeben.<br \/>\nUltrad\u00fcnn und flexibel: Hergestellt aus CIGS, einer Art D\u00fcnnschicht-Solarmaterial, das eine gr\u00f6\u00dfere Flexibilit\u00e4t als andere Solarzellen bietet und gleichzeitig langlebig ist.<br \/>\nSchnelles Aufladen: Mit diesem tragbaren Solarladeger\u00e4t k\u00f6nnen Sie Ihr Handy, Tablet oder andere mobile Ger\u00e4te bei optimaler Sonneneinstrahlung mit bis zu 12 W aufladen.<\/p>\n","protected":false},"featured_media":9451,"comment_status":"open","ping_status":"closed","template":"","meta":{"_et_pb_use_builder":"","_et_pb_old_content":"","_et_gb_content_width":""},"product_brand":[],"product_cat":[1580],"product_tag":[],"class_list":{"0":"post-9452","1":"product","2":"type-product","3":"status-publish","4":"has-post-thumbnail","6":"product_cat-solarladegeraete","7":"pa_brand-besuchen-sie-den-anker-store","8":"pa_date-first-available-juni-28-2020","9":"pa_item-weight-278-pfund","10":"pa_manufacturer-anker","11":"pa_package-dimensions-128-x-98-x-213-zoll","13":"first","14":"instock","15":"taxable","16":"shipping-taxable","17":"purchasable","18":"product-type-simple"},"exclude_global_add_ons":[],"addons":[],"jetpack-related-posts":[{"id":9438,"url":"https:\/\/anythingtechnicallc.com\/index.php\/de\/product\/bigblue-3-usb-a-28w-solar-ladegeraet-5v-4-8a-max-tragbares-sunpower-solarpanel-ladegeraet-fuer-camping-ipx4-wasserdicht-kompatibel-mit-iphone-11-xs-xs-max-xr-x-8-7-ipad-samsung-galaxy-lg-etc\/","url_meta":{"origin":9452,"position":0},"title":"[BigBlue 3 USB-A 28W Solar Ladeger\u00e4t (5V\/4.8A Max), tragbares SunPower Solarpanel Ladeger\u00e4t f\u00fcr Camping, IPX4 Wasserdicht, Kompatibel mit iPhone 11\/XS\/XS Max\/XR\/X\/8\/7, iPad, Samsung Galaxy LG etc.","date":"March 19, 2026","format":false,"excerpt":"\u3010Upgraded Triple USB-A Ports\u3011Jeder maximale Ausgang ist 5V\/2.4A und der gesamte maximale Strom von 3 USB ist 5V\/4.8A. Mit dem BigBlue 28W Solarladeger\u00e4t k\u00f6nnen Sie mehrere Ger\u00e4te gleichzeitig aufladen. Es ist mit einer intelligenten Ladetechnologie ausgestattet, die Ihr Ger\u00e4t erkennt und je nach Ger\u00e4t die optimale Ladegeschwindigkeit bietet. BigBlue gew\u00e4hrleistet\u2026","rel":"","context":"Similar post","img":{"alt_text":"","src":"https:\/\/i0.wp.com\/anythingtechnicallc.com\/wp-content\/uploads\/2022\/09\/UpgradedBigBlue-3-USB-A-28W-Solar-Charger5V48A-Max-Portable-SunPower-Solar-Panel-Charger-for-Camping-IPX4-Waterproof-Compatible-with-iPhone-11XSXS-MaxXRX87-iPad-Samsung-Galaxy-LG-etc-0.jpg?fit=500%2C500&ssl=1&resize=350%2C200","width":350,"height":200},"classes":[]},{"id":9425,"url":"https:\/\/anythingtechnicallc.com\/index.php\/de\/product\/2-usb-anschluesse-28w-solar-ladegeraet-5v-4-8a-max-faltbares-tragbares-solar-handy-ladegeraet-mit-sunpower-solarpanel-kompatibel-mit-iphone-11-xs-xs-max-xr-x-8-7-ipad-samsung-galaxy-lg-etc\/","url_meta":{"origin":9452,"position":1},"title":"2 USB-Anschl\u00fcsse 28W Solar-Ladeger\u00e4t (5V\/4.8A Max), faltbares tragbares Solar-Handy-Ladeger\u00e4t mit SunPower Solarpanel Kompatibel mit iPhone 11\/Xs\/XS Max\/XR\/X\/8\/7, iPad, Samsung Galaxy LG etc.","date":"March 19, 2026","format":false,"excerpt":"Verbesserte zwei USB-A-Anschl\u00fcsse: Jeder hat einen maximalen Ausgang von 5V\/2,4A und der maximale Gesamtstrom liegt bei 5V\/4,8A. Mit dem 28 W Solarladeger\u00e4t k\u00f6nnen Sie mehrere Ger\u00e4te gleichzeitig aufladen. Es ist mit einer intelligenten Ladetechnologie ausgestattet, die Ihr Ger\u00e4t erkennt und dann die optimale Ladegeschwindigkeit f\u00fcr verschiedene Ger\u00e4te bereitstellt. 100% sichere\u2026","rel":"","context":"Similar post","img":{"alt_text":"","src":"https:\/\/i0.wp.com\/anythingtechnicallc.com\/wp-content\/uploads\/2021\/11\/10891131799_1539480740.jpg?fit=750%2C750&ssl=1&resize=350%2C200","width":350,"height":200},"classes":[]},{"id":9418,"url":"https:\/\/anythingtechnicallc.com\/index.php\/de\/product\/bigblue-36w-solarpanel-ladegeraet-mit-dc20v-1-8a-pd-20w-usb-c-und-schnellladung-usb-a-ip54-wasserdicht-tragbares-solarpanel-fuer-camping-kompatibel-mit-iphone-galaxy-tablets-kleine-power-stat\/","url_meta":{"origin":9452,"position":2},"title":"BigBlue 36W Solarpanel Ladeger\u00e4t mit DC(20V\/1.8A), PD 20W USB-C und Schnellladung USB-A, IP54 Wasserdicht, Tragbares Solarpanel f\u00fcr Camping, Kompatibel mit iPhone, Galaxy, Tablets, Kleine Power Station","date":"March 19, 2026","format":false,"excerpt":"\u2705 Kompatibel mit den meisten Ger\u00e4ten: Ein USB-Anschluss mit 5V\/3A, 9V\/2A, 12V\/1,5A zum schnellen Aufladen Ihrer Handys und anderer USB-betriebener Ger\u00e4te; der DC-Ausgang (20V\/1,8A) ist mit einigen kleinen Kraftwerken (weniger als 200W) kompatibel, und ein USB-C-Ausgang (5V\/3A, 9V\/2,22A, 12V\/1,67A) kann Ihr iPad oder Ihren Switch mit PD 20W versorgen; dieses\u2026","rel":"","context":"Similar post","img":{"alt_text":"","src":"https:\/\/i0.wp.com\/anythingtechnicallc.com\/wp-content\/uploads\/2022\/09\/BigBlue-36W-Solar-Panels-Charger-with-DC20V18A-PD-20W-USB-C-and-Fast-Charge-USB-A-IP54-Waterproof-Portable-Solar-Panel-for-Camping-Compatible-with-iPhone-Galaxy-Tablets-Small-Power-Station-0.jpg?fit=500%2C500&ssl=1&resize=350%2C200","width":350,"height":200},"classes":[]},{"id":9391,"url":"https:\/\/anythingtechnicallc.com\/index.php\/de\/product\/x-dragon-monokristallines-tragbares-solarpanel-20w-duale-usb-anschluesse-5v2a-insgesamt-3a-faltbares-solar-ladegeraet-fuer-laptop-handy-notebook-tablet-camping-5v-20w\/","url_meta":{"origin":9452,"position":3},"title":"X-DRAGON Monokristallines tragbares Solarpanel 20W Duale USB-Anschl\u00fcsse (5V2A, insgesamt 3A) Faltbares Solar-Ladeger\u00e4t f\u00fcr Laptop, Handy, Notebook, Tablet, Camping (5V 20W)","date":"March 19, 2026","format":false,"excerpt":"Stellen Sie sicher, dass dieses Produkt passt, indem Sie Ihre Modellnummer eingeben. \u2600\ufe0f Exklusive SolarIQ-Technologie: Mit dem eingebauten intelligenten IC-Chip k\u00f6nnen Strom und Spannung automatisch angepasst werden, um eine maximale Leistung zu erzielen. Bei direkter Sonneneinstrahlung wird der schnellstm\u00f6gliche Strom von bis zu 2 Ampere pro Anschluss oder 3 Ampere\u2026","rel":"","context":"Similar post","img":{"alt_text":"","src":"https:\/\/i0.wp.com\/anythingtechnicallc.com\/wp-content\/uploads\/2022\/09\/X-DRAGON-Monocrystalline-Portable-Solar-Panel-20W-Dual-USB-Ports-5V2AOverall-3A-Foldable-Solar-Charger-for-Portable-Laptop-Cellphone-Notebook-Tablet-Camping-5V-20W-0.jpg?fit=500%2C500&ssl=1&resize=350%2C200","width":350,"height":200},"classes":[]},{"id":9378,"url":"https:\/\/anythingtechnicallc.com\/index.php\/de\/product\/belkin-tragbares-ladegeraet-3-port-laptop-power-bank-20000-mah-usb-c-usb-a-ports-65w-iphone-ladegeraet-schnelles-aufladen-macbook-apple-iphone-16-ipad-samsung-galaxy-s25-nintendo-switch-2\/","url_meta":{"origin":9452,"position":4},"title":"Belkin Tragbares Ladeger\u00e4t, 3-Port Laptop Power Bank 20000 mAh &#8211; USB-C &#038; USB-A Ports, 65W iPhone Ladeger\u00e4t Schnelles Aufladen &#8211; MacBook, Apple iPhone 16, iPad, Samsung Galaxy S25, Nintendo Switch 2, etc &#8211; Schwarz","date":"March 19, 2026","format":false,"excerpt":"LADEN SIE IHR LAPTOP UNTERWEGS AUF: Diese vielseitige Powerbank liefert eine Leistung von bis zu 65 W an einem einzigen USB-C-Anschluss, um Ihr MacBook oder ein anderes kompatibles Notebook aufzuladen. Laden Sie ein MacBook Pro (14\" M3) in nur 42 Minuten von 0-50% auf. 20K BATTERY LIFE: Mit einer gewaltigen\u2026","rel":"","context":"Similar post","img":{"alt_text":"","src":"https:\/\/i0.wp.com\/anythingtechnicallc.com\/wp-content\/uploads\/2025\/08\/51B1Adm7osL._AC_SL1500_.jpg?fit=890%2C1200&ssl=1&resize=350%2C200","width":350,"height":200},"classes":[]},{"id":9384,"url":"https:\/\/anythingtechnicallc.com\/index.php\/de\/product\/solarpanel-ladegeraet-solorage-21w-solar-ladegeraet-mit-2-usb-anschluessen-und-3-faltbaren-solarpanels-tragbares-solar-handy-ladegeraet-fuer-camping-wandern-kompatibel-mit-iphone-ipad-pro-air-mini\/","url_meta":{"origin":9452,"position":5},"title":"Solarpanel-Ladeger\u00e4t, Solorage 21W Solar-Ladeger\u00e4t mit 2 USB-Anschl\u00fcssen und 3 faltbaren Solarpanels Tragbares Solar-Handy-Ladeger\u00e4t f\u00fcr Camping, Wandern Kompatibel mit iPhone, iPad Pro\/Air\/Mini, Samsung Galaxy","date":"March 19, 2026","format":false,"excerpt":"Vergewissern Sie sich, dass dieses Produkt passt, indem Sie Ihre Modellnummer eingeben. SMART CHARGING TECHNOLOGY: Eingebauter intelligenter Chip und Spannungsreglertechnologie, die Ihr Ger\u00e4t erkennen kann und dann die schnellstm\u00f6gliche Ladegeschwindigkeit liefert. Das Solorage Solarstrom-Ladeger\u00e4t gew\u00e4hrleistet einen sicheren Ladevorgang durch Schutz vor \u00dcberladung, \u00dcberhitzung und Kurzschluss. ?HOHE ENERGIEUMWANDLUNG: Das faltbare 21-Watt-SunPower-Solarpanel\u2026","rel":"","context":"Similar post","img":{"alt_text":"","src":"https:\/\/i0.wp.com\/anythingtechnicallc.com\/wp-content\/uploads\/2022\/09\/Solar-Panel-Charger-Solorage-21W-Solar-Charger-with-2-USB-Ports-and-3-Foldable-Solar-Panels-Portable-Solar-Phone-Charger-for-Camping-Hiking-Compatible-with-iPhone-iPad-ProAirMini-Samsung-Galaxy-0.jpg?fit=500%2C500&ssl=1&resize=350%2C200","width":350,"height":200},"classes":[]}],"pll_sync_post":[],"lang":"de","translations":{"de":9452,"en":1903},"_links":{"self":[{"href":"https:\/\/anythingtechnicallc.com\/index.php\/wp-json\/wp\/v2\/product\/9452","targetHints":{"allow":["GET"]}}],"collection":[{"href":"https:\/\/anythingtechnicallc.com\/index.php\/wp-json\/wp\/v2\/product"}],"about":[{"href":"https:\/\/anythingtechnicallc.com\/index.php\/wp-json\/wp\/v2\/types\/product"}],"replies":[{"embeddable":true,"href":"https:\/\/anythingtechnicallc.com\/index.php\/wp-json\/wp\/v2\/comments?post=9452"}],"wp:featuredmedia":[{"embeddable":true,"href":"https:\/\/anythingtechnicallc.com\/index.php\/wp-json\/wp\/v2\/media\/9451"}],"wp:attachment":[{"href":"https:\/\/anythingtechnicallc.com\/index.php\/wp-json\/wp\/v2\/media?parent=9452"}],"wp:term":[{"taxonomy":"product_brand","embeddable":true,"href":"https:\/\/anythingtechnicallc.com\/index.php\/wp-json\/wp\/v2\/product_brand?post=9452"},{"taxonomy":"product_cat","embeddable":true,"href":"https:\/\/anythingtechnicallc.com\/index.php\/wp-json\/wp\/v2\/product_cat?post=9452"},{"taxonomy":"product_tag","embeddable":true,"href":"https:\/\/anythingtechnicallc.com\/index.php\/wp-json\/wp\/v2\/product_tag?post=9452"}],"curies":[{"name":"wp","href":"https:\/\/api.w.org\/{rel}","templated":true}]}}