{"id":9482,"date":"2026-03-21T12:21:14","date_gmt":"2026-03-21T12:21:14","guid":{"rendered":"https:\/\/anythingtechnicallc.com\/?post_type=product&#038;p=9482"},"modified":"2026-03-21T12:21:14","modified_gmt":"2026-03-21T12:21:14","slug":"alienware-pro-wireless-gaming-headset-kabelgebunden-drahtlos-bluetooth-5-3-15-minuten-schnelles-aufladen-audioausgang-20-hz-akku-gespraechszeit-anc-eingeschaltet-bis-zu-24-stunden-bluetooth","status":"publish","type":"product","link":"https:\/\/anythingtechnicallc.com\/index.php\/de\/product\/alienware-pro-wireless-gaming-headset-kabelgebunden-drahtlos-bluetooth-5-3-15-minuten-schnelles-aufladen-audioausgang-20-hz-akku-gespraechszeit-anc-eingeschaltet-bis-zu-24-stunden-bluetooth\/","title":{"rendered":"Alienware Pro Wireless Gaming Headset &#8211; kabelgebunden\/drahtlos, Bluetooth 5.3, 15 Minuten schnelles Aufladen, Audioausgang 20 Hz, Akku-Gespr\u00e4chszeit (ANC eingeschaltet) bis zu 24 Stunden (Bluetooth), Dark Side of The Moon"},"content":{"rendered":"<ul class=\"a-unordered-list a-vertical a-spacing-mini\">\n<li class=\"a-spacing-mini\"><span class=\"a-list-item\">Bef\u00fcrwortet von Champions. Entwickelt von Experten. Ein professionelles Gaming-Headset, das mit dem Input und der Expertise von Team Liquid und mehr als 100 anderen esports-Athleten entwickelt wurde.<\/span><\/li>\n<li class=\"a-spacing-mini\"><span class=\"a-list-item\">50-mm-Treiber mit Graphen-Beschichtung: High-Fidelity-Audio, abgestimmt auf Gaming, sorgt f\u00fcr ein intensiveres Klangerlebnis.<\/span><\/li>\n<li class=\"a-spacing-mini\"><span class=\"a-list-item\">Aktive Ger\u00e4uschunterdr\u00fcckung: Blenden Sie Au\u00dfenger\u00e4usche aus und konzentrieren Sie sich auf Ihr Spiel.<\/span><\/li>\n<li class=\"a-spacing-mini\"><span class=\"a-list-item\">Zwei-Mikrofon-KI-Ger\u00e4uschunterdr\u00fcckung: Das KI-geschulte Mikrofon konzentriert sich auf Ihre Stimme f\u00fcr kristallklare Kommunikation.<\/span><\/li>\n<li class=\"a-spacing-mini\"><span class=\"a-list-item\">Lang anhaltende Akkulaufzeit*: Spielen Sie l\u00e4nger mit einer Akkulaufzeit von bis zu 75 Stunden und einer 15-min\u00fctigen Schnellladung. *Bis zu 75 Stunden \u00fcber Bluetooth auf allen Ger\u00e4ten und Plattformen oder 70 Stunden \u00fcber 2,4 GHz (ANC aus). 15-min\u00fctige Schnellladung f\u00fcr bis zu 8 Stunden Wiedergabe (ANC aus). Basierend auf Tests, die im Juli 2024 in einer externen Testeinrichtung durchgef\u00fchrt wurden. Die tats\u00e4chliche Akkulaufzeit kann je nach Einstellungen und Nutzung variieren.<\/span><\/li>\n<li class=\"a-spacing-mini\"><span class=\"a-list-item\">50-mm-Treiber mit Graphen-Beschichtung: \u00dcberragender Klang direkt nach dem Auspacken. Leicht und reaktionsschnell, der Goldstandard unter den professionellen Gaming-Audio-Treibern liefert Klarheit ohne Verzerrungen.<\/span><\/li>\n<\/ul>\n","protected":false},"excerpt":{"rendered":"<ul class=\"a-unordered-list a-vertical a-spacing-mini\">\n<li class=\"a-spacing-mini\"><span class=\"a-list-item\">Bef\u00fcrwortet von Champions. Entwickelt von Experten. Ein professionelles Gaming-Headset, das mit dem Input und der Expertise von Team Liquid und mehr als 100 anderen esports-Athleten entwickelt wurde.<\/span><\/li>\n<li class=\"a-spacing-mini\"><span class=\"a-list-item\">50-mm-Treiber mit Graphen-Beschichtung: High-Fidelity-Audio, das auf Gaming abgestimmt ist, sorgt f\u00fcr ein noch intensiveres Klangerlebnis.<\/span><\/li>\n<li class=\"a-spacing-mini\"><span class=\"a-list-item\">Aktive Ger\u00e4uschunterdr\u00fcckung: Blockieren Sie Au\u00dfenger\u00e4usche und konzentrieren Sie sich auf Ihr Spiel.<\/span><\/li>\n<li class=\"a-spacing-mini\"><span class=\"a-list-item\">Zwei-Mikrofon-KI-Ger\u00e4uschunterdr\u00fcckung: Das KI-geschulte Mikrofon konzentriert sich auf Ihre Stimme f\u00fcr kristallklare Kommunikation.<\/span><\/li>\n<li class=\"a-spacing-mini\"><span class=\"a-list-item\">Lang anhaltende Akkulaufzeit*: Spielen Sie l\u00e4nger mit bis zu 75 Stunden Akkulaufzeit und 15-min\u00fctiger Schnellladung. *Bis zu 75 Stunden \u00fcber Bluetooth auf allen Ger\u00e4ten und Plattformen oder 70 Stunden \u00fcber 2,4 GHz (ANC aus). 15-min\u00fctige Schnellladung f\u00fcr bis zu 8 Stunden Wiedergabe (ANC aus). Basierend auf Tests, die im Juli 2024 in einer externen Testeinrichtung durchgef\u00fchrt wurden. Die tats\u00e4chliche Akkulaufzeit kann je nach Einstellungen und Nutzung variieren.<\/span><\/li>\n<li class=\"a-spacing-mini\"><span class=\"a-list-item\">50-mm-Treiber mit Graphen-Beschichtung: \u00dcberragender Klang direkt nach dem Auspacken. Leicht und reaktionsschnell, der Goldstandard unter den professionellen Gaming-Audio-Treibern liefert Klarheit ohne Verzerrungen.<\/span><\/li>\n<\/ul>\n","protected":false},"featured_media":9481,"comment_status":"open","ping_status":"closed","template":"","meta":{"_et_pb_use_builder":"","_et_pb_old_content":"","_et_gb_content_width":""},"product_brand":[],"product_cat":[1372],"product_tag":[],"class_list":{"0":"post-9482","1":"product","2":"type-product","3":"status-publish","4":"has-post-thumbnail","6":"product_cat-elektronik","8":"first","9":"instock","10":"sale","11":"taxable","12":"shipping-taxable","13":"purchasable","14":"product-type-simple"},"exclude_global_add_ons":[],"addons":[],"jetpack-related-posts":[{"id":9683,"url":"https:\/\/anythingtechnicallc.com\/index.php\/de\/product\/bose-quietcomfort-ultra-wireless-noise-cancelling-headphones-mit-spatial-audio-over-the-ear-kopfhoerer-mit-mikrofon-bis-zu-24-stunden-akkulaufzeit-white-smoke-renewed\/","url_meta":{"origin":9482,"position":0},"title":"Bose QuietComfort Ultra Wireless Noise Cancelling Headphones mit Spatial Audio, Over-The-Ear-Kopfh\u00f6rer mit Mikrofon, bis zu 24 Stunden Akkulaufzeit, White Smoke (Renewed)","date":"March 24, 2026","format":false,"excerpt":"LEVELED-UP LISTENING: Die Bose QuietComfort Ultra Headphones mit Spatial Audio bieten Ihnen ein immersives Erlebnis, bei dem sich Musik noch realer anf\u00fchlt; die CustomTune Technologie bietet Ihnen einen personalisierten, auf Sie zugeschnittenen Klang. GER\u00c4USCHUNTERDR\u00dcCKUNG DER WELTKLASSE: Diese Kopfh\u00f6rer mit Ger\u00e4uschunterdr\u00fcckung verf\u00fcgen \u00fcber den Quiet Mode, den Aware Mode und den\u2026","rel":"","context":"Similar post","img":{"alt_text":"","src":"https:\/\/i0.wp.com\/anythingtechnicallc.com\/wp-content\/uploads\/2026\/01\/Bose-QuietComfort-Ultra-White-Smoke.jpg?fit=1200%2C1200&ssl=1&resize=350%2C200","width":350,"height":200},"classes":[]},{"id":9564,"url":"https:\/\/anythingtechnicallc.com\/index.php\/de\/product\/hyperx-cloud-alpha-wireless-gaming-headset-fuer-pc-300-stunden-akkulaufzeit-dts-headphonex-spatial-audio-memory-schaumstoff-doppelkammertreiber-mikrofon-mit-geraeuschunterdrueckung-stabiler-a\/","url_meta":{"origin":9482,"position":1},"title":"HyperX Cloud Alpha Wireless &#8211; Gaming-Headset f\u00fcr PC, 300 Stunden Akkulaufzeit, DTS Headphone:X Spatial Audio, Memory-Schaumstoff, Doppelkammertreiber, Mikrofon mit Ger\u00e4uschunterdr\u00fcckung, stabiler Aluminiumrahmen, Rot","date":"March 21, 2026","format":false,"excerpt":"HyperX-typischer Komfort: Dieses leichte, bequeme Headset mit dem charakteristischen HyperX Memory Foam und atmungsaktivem Kunstleder hilft Ihnen, sich auch bei Marathon-Gaming-Sessions zu konzentrieren. HyperX Zweikammer-Treiber: Das bahnbrechende Zweikammer-Treibersystem des Cloud Alpha Wireless stimmt die Mitten und H\u00f6hen getrennt von den basslastigen B\u00e4ssen ab, um einen unglaublich klaren Klang zu liefern.\u2026","rel":"","context":"Similar post","img":{"alt_text":"","src":"https:\/\/i0.wp.com\/anythingtechnicallc.com\/wp-content\/uploads\/2025\/10\/HyperX-Cloud-Alpha-Wireless-Gaming-Headset.jpg?fit=1200%2C1169&ssl=1&resize=350%2C200","width":350,"height":200},"classes":[]},{"id":9599,"url":"https:\/\/anythingtechnicallc.com\/index.php\/de\/product\/renewed-bose-quietcomfort-bluetooth-earbuds-true-wireless-earbuds-mit-aktiver-geraeuschunterdrueckung-und-mikrofon-tiefer-bass-ipx4-bewertung-bis-zu-85-stunden-spielzeit-schwarz\/","url_meta":{"origin":9482,"position":2},"title":"Renewed Bose QuietComfort Bluetooth Earbuds, True Wireless Earbuds mit aktiver Ger\u00e4uschunterdr\u00fcckung und Mikrofon, tiefer Bass, IPX4 Bewertung, bis zu 8,5 Stunden Spielzeit, Schwarz","date":"March 24, 2026","format":false,"excerpt":"TON OHNE KOMPROMISS: Nutzen Sie den Tag auf Ihre Weise und trotzen Sie den Ablenkungen mit diesen kabellosen Bluetooth-Kopfh\u00f6rern mit weltbekannter Ger\u00e4uschunterdr\u00fcckung f\u00fcr ein H\u00f6rerlebnis, das den Alltag zu einem Epos macht. LEISTUNGSSTARKES, BEW\u00c4HRTES AUDIO: Diese kabellosen Bluetooth-Kopfh\u00f6rer mit IPX4-Klassifizierung bieten eine bemerkenswerte Klangqualit\u00e4t f\u00fcr ein befriedigendes H\u00f6rerlebnis, das genau\u2026","rel":"","context":"Similar post","img":{"alt_text":"","src":"https:\/\/i0.wp.com\/anythingtechnicallc.com\/wp-content\/uploads\/2025\/10\/61qIEvCy6L._AC_SL1500_.jpg?fit=1200%2C1146&ssl=1&resize=350%2C200","width":350,"height":200},"classes":[]},{"id":8946,"url":"https:\/\/anythingtechnicallc.com\/index.php\/de\/product\/skullcandy-hesh-anc-over-ear-noise-cancelling-wireless-kopfhoerer-mit-ladekabel-22-stunden-akku-mikrofon-funktioniert-mit-iphone-android-und-bluetooth-geraeten-mod-white\/","url_meta":{"origin":9482,"position":3},"title":"Skullcandy Hesh ANC Over-Ear Noise Cancelling Wireless Kopfh\u00f6rer mit Ladekabel, 22 Stunden Akku, Mikrofon, funktioniert mit iPhone, Android und Bluetooth-Ger\u00e4ten &#8211; Mod White","date":"March 18, 2026","format":false,"excerpt":"Bew\u00e4hrte Klangqualit\u00e4t - Mit unseren 40-mm-Treibern sorgt der Hesh ANC f\u00fcr eine extrem hohe Audioqualit\u00e4t mit knorrigen B\u00e4ssen, einem gro\u00dfen Dynamikbereich und einer au\u00dfergew\u00f6hnlichen Akustik. UND eine Akkulaufzeit von satten 22 Stunden bei aktivem Noise Cancelling. Ger\u00e4uschunterdr\u00fcckungswahnsinn - halten Sie mit der aktiven Ger\u00e4uschunterdr\u00fcckung die Au\u00dfenger\u00e4usche drau\u00dfen. Hesh ANC verf\u00fcgt\u2026","rel":"","context":"Similar post","img":{"alt_text":"","src":"https:\/\/i0.wp.com\/anythingtechnicallc.com\/wp-content\/uploads\/2024\/09\/71S2t52tVWL._AC_SL1500_.jpg?fit=1200%2C1190&ssl=1&resize=350%2C200","width":350,"height":200},"classes":[]},{"id":9209,"url":"https:\/\/anythingtechnicallc.com\/index.php\/de\/product\/erneuert-shure-aonic-40-over-ear-wireless-bluetooth-noise-cancelling-kopfhoerer-mit-mikrofon-klang-in-studioqualitaet-25-stunden-akkulaufzeit-fingertip-bedienung-kompatibel-mit-iphone-und-android\/","url_meta":{"origin":9482,"position":4},"title":"Erneuert Shure AONIC 40 Over Ear Wireless Bluetooth Noise Cancelling Kopfh\u00f6rer mit Mikrofon, Klang in Studioqualit\u00e4t, 25 Stunden Akkulaufzeit, Fingertip-Bedienung, kompatibel mit iPhone und Android &#8211; Schwarz","date":"March 19, 2026","format":false,"excerpt":"PREMIUM-KLANG IN STUDIOQUALIT\u00c4T: Klarer Klang in Studioqualit\u00e4t, der auf jahrzehntelanger Erfahrung in der Entwicklung von Produkten f\u00fcr Musiklegenden und K\u00fcnstler aller Art beruht. EINSTELLBARE GER\u00c4USCHUNTERDR\u00dcCKUNG & UMGEBUNGSMODUS: Die anpassbare Ger\u00e4uschunterdr\u00fcckung unterdr\u00fcckt St\u00f6rger\u00e4usche f\u00fcr ein wirklich intensives H\u00f6rerlebnis. Drei digitale ANC-Einstellungen f\u00fcr erweiterte Unterdr\u00fcckung niedriger Frequenzen und ein nat\u00fcrliches H\u00f6rerlebnis. LANGER\u2026","rel":"","context":"Similar post","img":{"alt_text":"","src":"https:\/\/i0.wp.com\/anythingtechnicallc.com\/wp-content\/uploads\/2025\/02\/8161xyfr9bL._AC_SL1500_.jpg?fit=926%2C1200&ssl=1&resize=350%2C200","width":350,"height":200},"classes":[]},{"id":9861,"url":"https:\/\/anythingtechnicallc.com\/index.php\/de\/product\/gebrauchte-bose-quietcomfort-earbuds-true-wireless-bluetooth-earbuds-mit-aktiver-geraeuschunterdrueckung-und-mikrofon-usb-c-aufladung-ipx4-bewertung-bis-zu-85-stunden-spielzeit-schwarz\/","url_meta":{"origin":9482,"position":5},"title":"Gebrauchte Bose QuietComfort Earbuds &#8211; True Wireless Bluetooth Earbuds mit aktiver Ger\u00e4uschunterdr\u00fcckung und Mikrofon, USB-C Aufladung, IPX4 Bewertung, bis zu 8,5 Stunden Spielzeit, Schwarz","date":"April 8, 2026","format":false,"excerpt":"KLANG OHNE KOMPROMISS: Nutzen Sie den Tag auf Ihre Weise und trotzen Sie Ablenkungen mit diesen kabellosen Ohrh\u00f6rern mit weltbekannter Ger\u00e4uschunterdr\u00fcckung f\u00fcr ein H\u00f6rerlebnis, das den Alltag episch erscheinen l\u00e4sst. SEIZE-THE-DAY STAYING POWER: Diese Ohrh\u00f6rer mit Ger\u00e4uschunterdr\u00fcckung lassen sich kabellos aufladen und erm\u00f6glichen Ihnen eine H\u00f6rdauer von bis zu 8,5\u2026","rel":"","context":"Similar post","img":{"alt_text":"","src":"https:\/\/i0.wp.com\/anythingtechnicallc.com\/wp-content\/uploads\/2026\/03\/Bose-QuietComfort-Earbuds.jpg?fit=1200%2C900&ssl=1&resize=350%2C200","width":350,"height":200},"classes":[]}],"pll_sync_post":[],"lang":"de","translations":{"de":9482,"en":7543},"_links":{"self":[{"href":"https:\/\/anythingtechnicallc.com\/index.php\/wp-json\/wp\/v2\/product\/9482","targetHints":{"allow":["GET"]}}],"collection":[{"href":"https:\/\/anythingtechnicallc.com\/index.php\/wp-json\/wp\/v2\/product"}],"about":[{"href":"https:\/\/anythingtechnicallc.com\/index.php\/wp-json\/wp\/v2\/types\/product"}],"replies":[{"embeddable":true,"href":"https:\/\/anythingtechnicallc.com\/index.php\/wp-json\/wp\/v2\/comments?post=9482"}],"wp:featuredmedia":[{"embeddable":true,"href":"https:\/\/anythingtechnicallc.com\/index.php\/wp-json\/wp\/v2\/media\/9481"}],"wp:attachment":[{"href":"https:\/\/anythingtechnicallc.com\/index.php\/wp-json\/wp\/v2\/media?parent=9482"}],"wp:term":[{"taxonomy":"product_brand","embeddable":true,"href":"https:\/\/anythingtechnicallc.com\/index.php\/wp-json\/wp\/v2\/product_brand?post=9482"},{"taxonomy":"product_cat","embeddable":true,"href":"https:\/\/anythingtechnicallc.com\/index.php\/wp-json\/wp\/v2\/product_cat?post=9482"},{"taxonomy":"product_tag","embeddable":true,"href":"https:\/\/anythingtechnicallc.com\/index.php\/wp-json\/wp\/v2\/product_tag?post=9482"}],"curies":[{"name":"wp","href":"https:\/\/api.w.org\/{rel}","templated":true}]}}