{"id":9485,"date":"2026-03-21T12:21:58","date_gmt":"2026-03-21T12:21:58","guid":{"rendered":"https:\/\/anythingtechnicallc.com\/?post_type=product&#038;p=9485"},"modified":"2026-03-21T12:21:58","modified_gmt":"2026-03-21T12:21:58","slug":"alienware-pro-wireless-gaming-maus-2-4ghz-gaming-wireless-usb-wired-konnektivitaet-einstellbare-dpi-optische-sensor-technologie-6-programmierbare-tasten-650-ips-sensor-max-speed-dark-side-of-t","status":"publish","type":"product","link":"https:\/\/anythingtechnicallc.com\/index.php\/de\/product\/alienware-pro-wireless-gaming-maus-2-4ghz-gaming-wireless-usb-wired-konnektivitaet-einstellbare-dpi-optische-sensor-technologie-6-programmierbare-tasten-650-ips-sensor-max-speed-dark-side-of-t\/","title":{"rendered":"Alienware Pro Wireless Gaming Maus &#8211; 2.4GHz Gaming Wireless\/USB Wired Konnektivit\u00e4t, einstellbare DPI, optische Sensor Technologie, 6 programmierbare Tasten, 650 IPS Sensor Max Speed &#8211; Dark Side of the Moon"},"content":{"rendered":"<ul class=\"a-unordered-list a-vertical a-spacing-mini\">\n<li class=\"a-spacing-mini\"><span class=\"a-list-item\">Blitzschnelle Reaktionszeiten: 4KHz kabellos &#8211; 0,25ms Reaktionszeit\/8KHz kabelgebunden &#8211; 0,125ms Reaktionszeit. Holen Sie sich den Vorteil, wenn eine Millisekunde den Unterschied zwischen Platz 1 und Platz 2 ausmacht, und nutzen Sie die hohe Abfragerate zur Minimierung der Eingabeverz\u00f6gerung f\u00fcr eine reaktionsschnelle und nahtlose Verbindung zwischen Ihrem Gehirn, der Maus und dem Spiel.<\/span><\/li>\n<li class=\"a-spacing-mini\"><span class=\"a-list-item\">Jeder Klick, perfektioniert: Erleben Sie schnellere* Tastenentprellungszeiten mit den exklusiven Magnetic-Force Keyplates und optischen Schaltern von Alienware. Die Tastenplatten verhindern ein Festklemmen der Tasten bei schnellen Klicks und bieten die perfekte Balance zwischen Klang und Gef\u00fchl. *Empfohlen f\u00fcr Alienware Desktop\/Laptops mit Intel(R) Core(TM) i7 der 9. Generation, AMD Ryzen 7 2000 Serie oder h\u00f6her f\u00fcr beste 8KHz (USB) \/ 4KHz (Wireless) Erfahrung.<\/span><\/li>\n<li class=\"a-spacing-mini\"><span class=\"a-list-item\">Passen Sie Ihr Erlebnis an: Mit dem Alienware Command Center k\u00f6nnen Sie die DPI \u00e4ndern, die Polling-Rate \u00e4ndern, Tasten anpassen und benutzerdefinierte Profile erstellen, wenn Sie unterwegs sind*. *AWCC v6.1x oder h\u00f6her ist f\u00fcr bestimmte Funktionen erforderlich. Mehrere Profile und zus\u00e4tzliche Funktionen \u00fcber Software-Update Mitte 2024.<\/span><\/li>\n<\/ul>\n","protected":false},"excerpt":{"rendered":"<ul class=\"a-unordered-list a-vertical a-spacing-mini\">\n<li class=\"a-spacing-mini\"><span class=\"a-list-item\">Blitzschnelle Reaktionszeiten: 4KHz kabellos &#8211; 0,25ms Reaktionszeit\/8KHz kabelgebunden &#8211; 0,125ms Reaktionszeit. Holen Sie sich den Vorteil, wenn eine Millisekunde den Unterschied zwischen Platz 1 und Platz 2 ausmacht, und nutzen Sie die hohe Abfragerate zur Minimierung der Eingabeverz\u00f6gerung f\u00fcr eine reaktionsschnelle und nahtlose Verbindung zwischen Ihrem Gehirn, der Maus und dem Spiel.<\/span><\/li>\n<li class=\"a-spacing-mini\"><span class=\"a-list-item\">Jeder Klick, perfektioniert: Erleben Sie schnellere* Tastenentprellungszeiten mit den exklusiven Magnetic-Force Keyplates und optischen Schaltern von Alienware. Die Tastenplatten verhindern ein Festklemmen der Tasten bei schnellen Klicks und bieten die perfekte Balance zwischen Klang und Gef\u00fchl. *Empfohlen f\u00fcr Alienware Desktop\/Laptops mit Intel(R) Core(TM) i7 der 9. Generation, AMD Ryzen 7 2000 Serie oder h\u00f6her f\u00fcr beste 8KHz (USB) \/ 4KHz (Wireless) Erfahrung.<\/span><\/li>\n<li class=\"a-spacing-mini\"><span class=\"a-list-item\">Passen Sie Ihr Erlebnis an: Mit dem Alienware Command Center k\u00f6nnen Sie die DPI \u00e4ndern, die Polling-Rate \u00e4ndern, Tasten anpassen und benutzerdefinierte Profile erstellen, wenn Sie unterwegs sind*. *AWCC v6.1x oder h\u00f6her f\u00fcr bestimmte Funktionen erforderlich. Mehrere Profile und zus\u00e4tzliche Funktionen \u00fcber Software-Update Mitte 2024.<\/span><\/li>\n<\/ul>\n","protected":false},"featured_media":9484,"comment_status":"open","ping_status":"closed","template":"","meta":{"_et_pb_use_builder":"","_et_pb_old_content":"","_et_gb_content_width":""},"product_brand":[],"product_cat":[1372],"product_tag":[],"class_list":{"0":"post-9485","1":"product","2":"type-product","3":"status-publish","4":"has-post-thumbnail","6":"product_cat-elektronik","8":"first","9":"instock","10":"sale","11":"taxable","12":"shipping-taxable","13":"purchasable","14":"product-type-simple"},"exclude_global_add_ons":[],"addons":[],"jetpack-related-posts":[{"id":9524,"url":"https:\/\/anythingtechnicallc.com\/index.php\/de\/product\/omen-by-hp-photon-wireless-gaming-mouse-mit-kabelloser-qi-ladestation-programmierbaren-tasten-e-sport-dpi-und-benutzerdefinierter-rgb-beleuchtung-schwarz-erneuert\/","url_meta":{"origin":9485,"position":0},"title":"Omen by HP Photon Wireless Gaming Mouse mit kabelloser Qi-Ladestation, programmierbaren Tasten, E-Sport DPI und benutzerdefinierter RGB-Beleuchtung (Schwarz) (Erneuert)","date":"March 21, 2026","format":false,"excerpt":"Leistung einer kabelgebundenen Maus - die proaktive kabellose Technologie und der branchenf\u00fchrende optisch-mechanische Schalter machen diese Gaming-Maus so pr\u00e4zise, schnell und reibungslos wie die kabelgebundene Konkurrenz. Kabelloses Qi-Laden - laden Sie die Photon-Maus einfach mit einem kabellosen Qi-Ladeger\u00e4t oder dem OMEN by HP Outpost Mauspad (OMEN Outpost separat erh\u00e4ltlich). Keine\u2026","rel":"","context":"Similar post","img":{"alt_text":"","src":"https:\/\/i0.wp.com\/anythingtechnicallc.com\/wp-content\/uploads\/2025\/09\/71fWupbiXbL._AC_SL1500_.jpg?fit=910%2C1200&ssl=1&resize=350%2C200","width":350,"height":200},"classes":[]},{"id":9488,"url":"https:\/\/anythingtechnicallc.com\/index.php\/de\/product\/alienware-aw610m-tri-mode-kabellose-gaming-maus-2-4ghz-kabellos-lunar-light\/","url_meta":{"origin":9485,"position":1},"title":"Alienware AW610M Tri-Mode kabellose Gaming-Maus &#8211; 2.4GHz kabellos &#8211; Lunar Light","date":"March 21, 2026","format":false,"excerpt":"Entfesseln Sie maximale Pr\u00e4zision: Genie\u00dfen Sie au\u00dfergew\u00f6hnliche Leistung mit 26.000 DPI, einer Abtastung von bis zu 650 IPS und Sensoren, die eine maximale Beschleunigung von bis zu 50 G bew\u00e4ltigen k\u00f6nnen. Marathon-Gaming ist willkommen: Schlie\u00dfen Sie das Ger\u00e4t \u00fcber einen USB-C Wireless Dongle an und genie\u00dfen Sie bis zu 140\u2026","rel":"","context":"Similar post","img":{"alt_text":"","src":"https:\/\/i0.wp.com\/anythingtechnicallc.com\/wp-content\/uploads\/2025\/08\/61iBGToBJuL._AC_SL1500_.jpg?fit=738%2C1200&ssl=1&resize=350%2C200","width":350,"height":200},"classes":[]},{"id":9491,"url":"https:\/\/anythingtechnicallc.com\/index.php\/de\/product\/alienware-pro-wireless-gaming-keyboard-bluetooth-5-1-2-4-ghz-funkverbindung-linear-mechanical-hot-swap-faehige-schalter-tri-mode-konnektivitaet-einstellbare-hoehe-lunar-light\/","url_meta":{"origin":9485,"position":2},"title":"Alienware Pro Wireless Gaming Keyboard &#8211; Bluetooth 5.1\/2.4 GHz Funkverbindung, Linear Mechanical, Hot-swap-f\u00e4hige Schalter, Tri-Mode-Konnektivit\u00e4t, einstellbare H\u00f6he &#8211; Lunar Light","date":"March 21, 2026","format":false,"excerpt":"Hot-swap-f\u00e4hige Schalter: Das Hot-Swap-f\u00e4hige 5-Pin PCBA-Design passt zu fast allen 3-Pin- und 5-Pin-Schaltern und erm\u00f6glicht die Anpassung von Klang, Haptik und Bet\u00e4tigung an Ihre genauen Vorlieben*. *Trennen Sie die Tastatur vom Stromnetz, bevor Sie die Schalter austauschen. Wir empfehlen die Verwendung von antistatischen\/ESD-B\u00e4ndern oder Handschuhen beim Hot-Swapping. Klein & robust:\u2026","rel":"","context":"Similar post","img":{"alt_text":"","src":"","width":0,"height":0},"classes":[]},{"id":9158,"url":"https:\/\/anythingtechnicallc.com\/index.php\/de\/product\/steelseries-rival-600-gaming-maus-12-000-cpi-truemove3-dualer-optischer-sensor-005-lift-off-abstand-gewichtssystemschwarz\/","url_meta":{"origin":9485,"position":3},"title":"SteelSeries Rival 600 &#8211; Gaming-Maus &#8211; 12.000 CPI TrueMove3+ Dualer optischer Sensor &#8211; 0,05 Lift-Off Abstand &#8211; Gewichtssystem,Schwarz","date":"March 19, 2026","format":false,"excerpt":"Exklusiver TrueMove3 12.000 CPI, 350 IPS optischer 1 zu 1 Tracking esports Sensor. Eine der niedrigsten und genauesten Abhebedistanzen der Welt. 256 Gewichtskonfigurationen f\u00fcr den Schwerpunkt. Mechanische Schalter mit geteiltem Ausl\u00f6ser und 60 Millionen Klicks. Seitliche Silikongriffe f\u00fcr mehr Grip und HaltbarkeitAcht-Zonen-RGB-Beleuchtung mit Discord-BenachrichtigungenSpeichern Sie Sensoreinstellungen, Makros und Beleuchtungseffekte an\u2026","rel":"","context":"Similar post","img":{"alt_text":"","src":"https:\/\/i0.wp.com\/anythingtechnicallc.com\/wp-content\/uploads\/2025\/02\/41eeDbs9eNL._AC_SL1200_.jpg?fit=528%2C689&ssl=1&resize=350%2C200","width":350,"height":200},"classes":[]},{"id":9545,"url":"https:\/\/anythingtechnicallc.com\/index.php\/de\/product\/hp-original-digital-stylus-pen-fuer-hp-envy-x360-pavilion-x360-spectre-x360-2-in-1-laptops-unterstuetzt-mpp-mit-drucksensitivitaet-dunkelgrau\/","url_meta":{"origin":9485,"position":4},"title":"HP Original Digital Stylus Pen f\u00fcr HP Envy x360\/Pavilion x360\/Spectre x360 2-in-1 Laptops, unterst\u00fctzt MPP mit Drucksensitivit\u00e4t, Dunkelgrau","date":"March 21, 2026","format":false,"excerpt":"\u3010Pr\u00e4zisionsstiftspitze\u3011Bearbeiten, zeichnen, schreiben und kritzeln Sie mit einem Stift, der sich lebensecht anf\u00fchlt und \u00fcber eine Pr\u00e4zisionsspitze und -spitze verf\u00fcgt. \u3010Ink to Text\u3011Mit der drucksensitiven Funktion k\u00f6nnen Sie ganz nat\u00fcrlich schreiben, w\u00e4hrend der PC Ihre Handschrift sofort in Text umwandelt. \u3010Custom Clicks\u3011K\u00f6nnen Sie die Tasten anpassen, um nahtlos zwischen den\u2026","rel":"","context":"Similar post","img":{"alt_text":"","src":"","width":0,"height":0},"classes":[]},{"id":9110,"url":"https:\/\/anythingtechnicallc.com\/index.php\/de\/product\/logitech-mx-brio-ultra-hd-4k-webcam-fuer-zusammenarbeit-und-streaming-1080p-bei-60-fps-zwei-geraeuschreduzierende-mikrofone-show-modus-usb-c-webcam-abdeckung-kompatibel-mit-microsoft-teams-zoom\/","url_meta":{"origin":9485,"position":5},"title":"Logitech MX Brio Ultra HD 4K-Webcam f\u00fcr Zusammenarbeit und Streaming, 1080p bei 60 FPS, zwei ger\u00e4uschreduzierende Mikrofone, Show-Modus, USB-C, Webcam-Abdeckung, kompatibel mit Microsoft Teams, Zoom, Google Meet &#8211; Graphit","date":"March 19, 2026","format":false,"excerpt":"Treffen Sie sich, streamen Sie, meistern Sie mit der scharfen Ultra HD 4k-Aufl\u00f6sung der MX Brio. Mit 2x besserer Gesichtserkennung und 2x feineren Bilddetails bei schwierigen Lichtverh\u00e4ltnissen(2), KI-Verbesserungen, einem von Logi entwickelten Objektiv, 70% gr\u00f6\u00dferen Pixeln(1) und unserem bisher gr\u00f6\u00dften Webcam-Sensor. Mit den Feineinstellungen(3) k\u00f6nnen Sie Beleuchtung, Wei\u00dfabgleich mit ISO,\u2026","rel":"","context":"Similar post","img":{"alt_text":"","src":"https:\/\/i0.wp.com\/anythingtechnicallc.com\/wp-content\/uploads\/2025\/02\/61WQr6U3mwL._AC_SL1500_.jpg?fit=1200%2C1069&ssl=1&resize=350%2C200","width":350,"height":200},"classes":[]}],"pll_sync_post":[],"lang":"de","translations":{"de":9485,"en":7548},"_links":{"self":[{"href":"https:\/\/anythingtechnicallc.com\/index.php\/wp-json\/wp\/v2\/product\/9485","targetHints":{"allow":["GET"]}}],"collection":[{"href":"https:\/\/anythingtechnicallc.com\/index.php\/wp-json\/wp\/v2\/product"}],"about":[{"href":"https:\/\/anythingtechnicallc.com\/index.php\/wp-json\/wp\/v2\/types\/product"}],"replies":[{"embeddable":true,"href":"https:\/\/anythingtechnicallc.com\/index.php\/wp-json\/wp\/v2\/comments?post=9485"}],"wp:featuredmedia":[{"embeddable":true,"href":"https:\/\/anythingtechnicallc.com\/index.php\/wp-json\/wp\/v2\/media\/9484"}],"wp:attachment":[{"href":"https:\/\/anythingtechnicallc.com\/index.php\/wp-json\/wp\/v2\/media?parent=9485"}],"wp:term":[{"taxonomy":"product_brand","embeddable":true,"href":"https:\/\/anythingtechnicallc.com\/index.php\/wp-json\/wp\/v2\/product_brand?post=9485"},{"taxonomy":"product_cat","embeddable":true,"href":"https:\/\/anythingtechnicallc.com\/index.php\/wp-json\/wp\/v2\/product_cat?post=9485"},{"taxonomy":"product_tag","embeddable":true,"href":"https:\/\/anythingtechnicallc.com\/index.php\/wp-json\/wp\/v2\/product_tag?post=9485"}],"curies":[{"name":"wp","href":"https:\/\/api.w.org\/{rel}","templated":true}]}}