{"id":9488,"date":"2026-03-21T12:22:31","date_gmt":"2026-03-21T12:22:31","guid":{"rendered":"https:\/\/anythingtechnicallc.com\/?post_type=product&#038;p=9488"},"modified":"2026-03-21T12:22:31","modified_gmt":"2026-03-21T12:22:31","slug":"alienware-aw610m-tri-mode-kabellose-gaming-maus-2-4ghz-kabellos-lunar-light","status":"publish","type":"product","link":"https:\/\/anythingtechnicallc.com\/index.php\/de\/product\/alienware-aw610m-tri-mode-kabellose-gaming-maus-2-4ghz-kabellos-lunar-light\/","title":{"rendered":"Alienware AW610M Tri-Mode kabellose Gaming-Maus &#8211; 2.4GHz kabellos &#8211; Lunar Light"},"content":{"rendered":"<ul class=\"a-unordered-list a-vertical a-spacing-mini\">\n<li class=\"a-spacing-mini\"><span class=\"a-list-item\">Entfesseln Sie maximale Pr\u00e4zision: Genie\u00dfen Sie au\u00dfergew\u00f6hnliche Leistung mit 26.000 DPI, einer Abtastung von bis zu 650 IPS und Sensoren, die eine maximale Beschleunigung von bis zu 50 G bew\u00e4ltigen k\u00f6nnen.<\/span><\/li>\n<li class=\"a-spacing-mini\"><span class=\"a-list-item\">Marathon-Gaming ist willkommen: Schlie\u00dfen Sie das Ger\u00e4t \u00fcber einen USB-C Wireless Dongle an und genie\u00dfen Sie bis zu 140 Stunden* robustes, verz\u00f6gerungsfreies Gaming. Alternativ k\u00f6nnen Sie auch bis zu 420 Stunden* mit einer Bluetooth-Verbindung spielen. *Kontinuierliches Spielen ohne LED bei vollem Akku.<\/span><\/li>\n<li class=\"a-spacing-mini\"><span class=\"a-list-item\">K\u00e4mpfen Sie ohne Kompromisse: Das magnetische Schnapp-Ladeger\u00e4t l\u00e4sst sich einfach anschlie\u00dfen und abtrennen, so dass Sie Ihre Maus immer mit Strom versorgen k\u00f6nnen, ohne die Leistung zu beeintr\u00e4chtigen.<\/span><\/li>\n<li class=\"a-spacing-mini\"><span class=\"a-list-item\">Erleben Sie eine reibungslose, kabelgebundene Leistung mit einem 2,4GHz USB-C Wireless Dongle, der 1000Hz Wireless Polling bietet, und maximieren Sie den Signalempfang Ihrer Maus mit dem mitgelieferten Dongle Extender. Alternativ k\u00f6nnen Sie Ihre AW720M auch mit einem USB-C-Kabel oder \u00fcber Bluetooth 5* anschlie\u00dfen &#8211; letztere Option ist perfekt f\u00fcr die Verbindung mit mobilen Ger\u00e4ten. *Bluetooth 4.0 oder h\u00f6her erforderlich.<\/span><\/li>\n<li class=\"a-spacing-mini\"><span class=\"a-list-item\">Vollst\u00e4ndiger Komfort Sieben programmierbare Tasten und 3D-geformte Daumengriffe gepaart mit einem schlankeren*, symmetrischeren Design f\u00fcr einen verbesserten, beidh\u00e4ndigen Griff. *Schlanker im Vergleich zu den AW510M\/610M Modellen.<\/span><\/li>\n<\/ul>\n","protected":false},"excerpt":{"rendered":"<ul class=\"a-unordered-list a-vertical a-spacing-mini\">\n<li class=\"a-spacing-mini\"><span class=\"a-list-item\">Entfesseln Sie maximale Pr\u00e4zision: Genie\u00dfen Sie au\u00dfergew\u00f6hnliche Leistung mit 26.000 DPI, einer Abtastung von bis zu 650 IPS und Sensoren, die eine maximale Beschleunigung von bis zu 50 G bew\u00e4ltigen k\u00f6nnen.<\/span><\/li>\n<li class=\"a-spacing-mini\"><span class=\"a-list-item\">Marathon-Gaming ist willkommen: Schlie\u00dfen Sie das Ger\u00e4t \u00fcber einen USB-C Wireless Dongle an und genie\u00dfen Sie bis zu 140 Stunden* robustes, verz\u00f6gerungsfreies Gaming. Alternativ k\u00f6nnen Sie auch bis zu 420 Stunden* mit einer Bluetooth-Verbindung spielen. *Kontinuierliches Spielen ohne LED bei vollem Akku.<\/span><\/li>\n<li class=\"a-spacing-mini\"><span class=\"a-list-item\">K\u00e4mpfen Sie ohne Kompromisse: Das magnetische Schnapp-Ladeger\u00e4t l\u00e4sst sich einfach anschlie\u00dfen und abtrennen, so dass Sie Ihre Maus immer mit Strom versorgen k\u00f6nnen, ohne die Leistung zu beeintr\u00e4chtigen.<\/span><\/li>\n<li class=\"a-spacing-mini\"><span class=\"a-list-item\">Erleben Sie eine reibungslose, kabelgebundene Leistung mit einem 2,4GHz USB-C Wireless Dongle, der 1000Hz Wireless Polling bietet, und maximieren Sie den Signalempfang Ihrer Maus mit dem mitgelieferten Dongle Extender. Alternativ k\u00f6nnen Sie Ihre AW720M auch mit einem USB-C-Kabel oder \u00fcber Bluetooth 5* anschlie\u00dfen &#8211; letztere Option ist perfekt f\u00fcr die Verbindung mit mobilen Ger\u00e4ten. *Bluetooth 4.0 oder h\u00f6her erforderlich.<\/span><\/li>\n<li class=\"a-spacing-mini\"><span class=\"a-list-item\">Vollst\u00e4ndiger Komfort Sieben programmierbare Tasten und 3D-geformte Daumengriffe gepaart mit einem schlankeren*, symmetrischeren Design f\u00fcr einen verbesserten, beidh\u00e4ndigen Griff. *Schlanker im Vergleich zu den AW510M\/610M Modellen.<\/span><\/li>\n<\/ul>\n","protected":false},"featured_media":9487,"comment_status":"open","ping_status":"closed","template":"","meta":{"_et_pb_use_builder":"","_et_pb_old_content":"","_et_gb_content_width":""},"product_brand":[],"product_cat":[1372],"product_tag":[],"class_list":{"0":"post-9488","1":"product","2":"type-product","3":"status-publish","4":"has-post-thumbnail","6":"product_cat-elektronik","8":"first","9":"instock","10":"sale","11":"taxable","12":"shipping-taxable","13":"purchasable","14":"product-type-simple"},"exclude_global_add_ons":[],"addons":[],"jetpack-related-posts":[{"id":9656,"url":"https:\/\/anythingtechnicallc.com\/index.php\/de\/product\/skullcandy-air-raid-tragbarer-bluetooth-lautsprecher-air-raid-bt-tragbarer-lautsprecher\/","url_meta":{"origin":9488,"position":0},"title":"Skullcandy Air Raid Tragbarer Bluetooth-Lautsprecher Air Raid BT Tragbarer Lautsprecher","date":"March 24, 2026","format":false,"excerpt":"Track-Funktionalit\u00e4t Wechseln Sie die Tracks direkt vom Air Raid-Ger\u00e4t aus und genie\u00dfen Sie die ultimative Funktionalit\u00e4t. Mit einem einzigen Druck auf + zusammen mit der mittleren Taste k\u00f6nnen Sie vorw\u00e4rts spulen und mit einem einzigen Druck auf - zusammen mit der mittleren Taste r\u00fcckw\u00e4rts spulen. 360-Grad-Klang Stellen Sie den Air\u2026","rel":"","context":"Similar post","img":{"alt_text":"","src":"https:\/\/i0.wp.com\/anythingtechnicallc.com\/wp-content\/uploads\/2026\/01\/Skullcandy-AIR-RAID.jpg?fit=900%2C1200&ssl=1&resize=350%2C200","width":350,"height":200},"classes":[]},{"id":9564,"url":"https:\/\/anythingtechnicallc.com\/index.php\/de\/product\/hyperx-cloud-alpha-wireless-gaming-headset-fuer-pc-300-stunden-akkulaufzeit-dts-headphonex-spatial-audio-memory-schaumstoff-doppelkammertreiber-mikrofon-mit-geraeuschunterdrueckung-stabiler-a\/","url_meta":{"origin":9488,"position":1},"title":"HyperX Cloud Alpha Wireless &#8211; Gaming-Headset f\u00fcr PC, 300 Stunden Akkulaufzeit, DTS Headphone:X Spatial Audio, Memory-Schaumstoff, Doppelkammertreiber, Mikrofon mit Ger\u00e4uschunterdr\u00fcckung, stabiler Aluminiumrahmen, Rot","date":"March 21, 2026","format":false,"excerpt":"HyperX-typischer Komfort: Dieses leichte, bequeme Headset mit dem charakteristischen HyperX Memory Foam und atmungsaktivem Kunstleder hilft Ihnen, sich auch bei Marathon-Gaming-Sessions zu konzentrieren. HyperX Zweikammer-Treiber: Das bahnbrechende Zweikammer-Treibersystem des Cloud Alpha Wireless stimmt die Mitten und H\u00f6hen getrennt von den basslastigen B\u00e4ssen ab, um einen unglaublich klaren Klang zu liefern.\u2026","rel":"","context":"Similar post","img":{"alt_text":"","src":"https:\/\/i0.wp.com\/anythingtechnicallc.com\/wp-content\/uploads\/2025\/10\/HyperX-Cloud-Alpha-Wireless-Gaming-Headset.jpg?fit=1200%2C1169&ssl=1&resize=350%2C200","width":350,"height":200},"classes":[]},{"id":9717,"url":"https:\/\/anythingtechnicallc.com\/index.php\/de\/product\/bose-quietcomfort-45-bluetooth-kopfhoerer-mit-drahtloser-geraeuschunterdrueckung-triple-black-erneuert\/","url_meta":{"origin":9488,"position":2},"title":"Bose QuietComfort 45 Bluetooth Kopfh\u00f6rer mit drahtloser Ger\u00e4uschunterdr\u00fcckung &#8211; Triple Black (Erneuert)","date":"March 24, 2026","format":false,"excerpt":"Kabellose Kopfh\u00f6rer mit Ger\u00e4uschunterdr\u00fcckung - Die perfekte Balance aus Ruhe, Komfort und Klang. Bose verwendet winzige Mikrofone, um Au\u00dfenger\u00e4usche zu messen, zu vergleichen und darauf zu reagieren, indem sie sie mit entgegengesetzten Signalen ausl\u00f6schen. High-Fidelity-Audio - Die akustische TriPort-Architektur bietet Tiefe und F\u00fclle. Der f\u00fcr die Lautst\u00e4rke optimierte Active EQ\u2026","rel":"","context":"Similar post","img":{"alt_text":"","src":"https:\/\/i0.wp.com\/anythingtechnicallc.com\/wp-content\/uploads\/2026\/02\/Bose-QuietComfort-45.jpg?fit=900%2C1200&ssl=1&resize=350%2C200","width":350,"height":200},"classes":[]},{"id":9588,"url":"https:\/\/anythingtechnicallc.com\/index.php\/de\/product\/hyperx-cloud-iii-s-kabelloses-gaming-headset-fuer-mehrere-plattformen-2-4ghz-bluetooth-akkulaufzeit-bis-zu-120-stunden-2-4ghz-200-stunden-bluetooth-53mm-abgewinkelte-treiber-abnehmbares-mikro\/","url_meta":{"origin":9488,"position":3},"title":"HyperX Cloud III S &#8211; Kabelloses Gaming-Headset f\u00fcr mehrere Plattformen, 2.4GHz, Bluetooth, Akkulaufzeit bis zu 120 Stunden 2.4GHz \/ 200 Stunden Bluetooth, 53mm abgewinkelte Treiber, abnehmbares Mikrofon &#8211; Schwarz","date":"March 21, 2026","format":false,"excerpt":"Bis zu 120 Stunden Spielzeit im 2.4GHz-Modus. Erweitern Sie die Grenzen mit bis zu 200 Stunden im Bluetooth-Modus. Die abgewinkelten 53-mm-Treiber wurden von den HyperX-Audioingenieuren so abgestimmt, dass sie ein optimales H\u00f6rerlebnis bieten, das die dynamischen Kl\u00e4nge des Spiels unterstreicht. Der f\u00fcr HyperX charakteristische Memory-Schaumstoff im Kopfb\u00fcgel und die mit\u2026","rel":"","context":"Similar post","img":{"alt_text":"","src":"https:\/\/i0.wp.com\/anythingtechnicallc.com\/wp-content\/uploads\/2025\/10\/HyperX-Cloud-III-S-Black.jpg?fit=1200%2C1121&ssl=1&resize=350%2C200","width":350,"height":200},"classes":[]},{"id":9068,"url":"https:\/\/anythingtechnicallc.com\/index.php\/de\/product\/shure-aonic-free-true-wireless-earbuds-klangisolierende-kabellose-bluetooth-kopfhoerer-21-stunden-akkulaufzeit-klang-in-studioqualitaet-klare-anrufe-langlebige-qualitaet-geringes-gewicht-steuer\/","url_meta":{"origin":9488,"position":4},"title":"Shure AONIC Free True Wireless Earbuds, klangisolierende kabellose Bluetooth-Kopfh\u00f6rer, 21 Stunden Akkulaufzeit, Klang in Studioqualit\u00e4t, klare Anrufe, langlebige Qualit\u00e4t, geringes Gewicht, Steuerung mit den Fingerspitzen","date":"March 18, 2026","format":false,"excerpt":"Hinweis : Wenn die Gr\u00f6\u00dfe der Ohrst\u00f6psel nicht mit der Gr\u00f6\u00dfe Ihrer Geh\u00f6rg\u00e4nge \u00fcbereinstimmt oder das Headset nicht richtig in Ihren Ohren getragen wird, erhalten Sie m\u00f6glicherweise nicht die richtige Klangqualit\u00e4t oder Anrufleistung. Tauschen Sie die Ohrst\u00f6psel gegen solche aus, die besser in Ihrem Ohr sitzen. Klare, tiefe B\u00e4sse, STUDIO-Klangqualit\u00e4t\u2026","rel":"","context":"Similar post","img":{"alt_text":"","src":"https:\/\/i0.wp.com\/anythingtechnicallc.com\/wp-content\/uploads\/2024\/09\/Shure-Aonic-Free-scaled.jpg?fit=1200%2C675&ssl=1&resize=350%2C200","width":350,"height":200},"classes":[]},{"id":9365,"url":"https:\/\/anythingtechnicallc.com\/index.php\/de\/product\/renewed-bose-quietcomfort-qc45-bluetooth-kopfhoerer-kabellose-kopfhoerer-mit-aktiver-geraeuschunterdrueckung-ueber-dem-ohr-und-mikrofon-tiefer-bass-bis-zu-24-stunden-spielzeit-schwarz\/","url_meta":{"origin":9488,"position":5},"title":"Renewed Bose QuietComfort QC45 Bluetooth Kopfh\u00f6rer, kabellose Kopfh\u00f6rer mit aktiver Ger\u00e4uschunterdr\u00fcckung \u00fcber dem Ohr und Mikrofon, tiefer Bass, bis zu 24 Stunden Spielzeit, Schwarz","date":"March 19, 2026","format":false,"excerpt":"GER\u00c4USCHUNTERDR\u00dcCKENDE KOPFH\u00d6RER: Kombinieren Sie die Ger\u00e4uschunterdr\u00fcckungstechnologie m\u00fchelos mit passiven Funktionen, damit Sie die Au\u00dfenwelt abschalten, Ablenkungen ausblenden und Musik \u00fcber den Beat hinaus genie\u00dfen k\u00f6nnen. KOMFORTABLER KOPFH\u00d6RER: Pl\u00fcschige Ohrmuschelpolster schmiegen sich sanft an Ihre Ohren, w\u00e4hrend ein sicheres und bequemes gepolstertes Band Ihre Over-Ear-Kopfh\u00f6rer bei besonders langen H\u00f6rsessions sanft in\u2026","rel":"","context":"Similar post","img":{"alt_text":"","src":"https:\/\/i0.wp.com\/anythingtechnicallc.com\/wp-content\/uploads\/2025\/08\/51f7KKP25PL._AC_SL1000_.jpg?fit=669%2C885&ssl=1&resize=350%2C200","width":350,"height":200},"classes":[]}],"pll_sync_post":[],"lang":"de","translations":{"de":9488,"en":7549},"_links":{"self":[{"href":"https:\/\/anythingtechnicallc.com\/index.php\/wp-json\/wp\/v2\/product\/9488","targetHints":{"allow":["GET"]}}],"collection":[{"href":"https:\/\/anythingtechnicallc.com\/index.php\/wp-json\/wp\/v2\/product"}],"about":[{"href":"https:\/\/anythingtechnicallc.com\/index.php\/wp-json\/wp\/v2\/types\/product"}],"replies":[{"embeddable":true,"href":"https:\/\/anythingtechnicallc.com\/index.php\/wp-json\/wp\/v2\/comments?post=9488"}],"wp:featuredmedia":[{"embeddable":true,"href":"https:\/\/anythingtechnicallc.com\/index.php\/wp-json\/wp\/v2\/media\/9487"}],"wp:attachment":[{"href":"https:\/\/anythingtechnicallc.com\/index.php\/wp-json\/wp\/v2\/media?parent=9488"}],"wp:term":[{"taxonomy":"product_brand","embeddable":true,"href":"https:\/\/anythingtechnicallc.com\/index.php\/wp-json\/wp\/v2\/product_brand?post=9488"},{"taxonomy":"product_cat","embeddable":true,"href":"https:\/\/anythingtechnicallc.com\/index.php\/wp-json\/wp\/v2\/product_cat?post=9488"},{"taxonomy":"product_tag","embeddable":true,"href":"https:\/\/anythingtechnicallc.com\/index.php\/wp-json\/wp\/v2\/product_tag?post=9488"}],"curies":[{"name":"wp","href":"https:\/\/api.w.org\/{rel}","templated":true}]}}