{"id":9491,"date":"2026-03-21T12:27:29","date_gmt":"2026-03-21T12:27:29","guid":{"rendered":"https:\/\/anythingtechnicallc.com\/?post_type=product&#038;p=9491"},"modified":"2026-03-21T12:27:29","modified_gmt":"2026-03-21T12:27:29","slug":"alienware-pro-wireless-gaming-keyboard-bluetooth-5-1-2-4-ghz-funkverbindung-linear-mechanical-hot-swap-faehige-schalter-tri-mode-konnektivitaet-einstellbare-hoehe-lunar-light","status":"publish","type":"product","link":"https:\/\/anythingtechnicallc.com\/index.php\/de\/product\/alienware-pro-wireless-gaming-keyboard-bluetooth-5-1-2-4-ghz-funkverbindung-linear-mechanical-hot-swap-faehige-schalter-tri-mode-konnektivitaet-einstellbare-hoehe-lunar-light\/","title":{"rendered":"Alienware Pro Wireless Gaming Keyboard &#8211; Bluetooth 5.1\/2.4 GHz Funkverbindung, Linear Mechanical, Hot-swap-f\u00e4hige Schalter, Tri-Mode-Konnektivit\u00e4t, einstellbare H\u00f6he &#8211; Lunar Light"},"content":{"rendered":"<ul class=\"a-unordered-list a-vertical a-spacing-mini\">\n<li class=\"a-spacing-mini\"><span class=\"a-list-item\">Hot-swap-f\u00e4hige Schalter: Das Hot-Swap-f\u00e4hige 5-Pin PCBA-Design passt zu fast allen 3-Pin- und 5-Pin-Schaltern und erm\u00f6glicht die Anpassung von Klang, Haptik und Bet\u00e4tigung an Ihre genauen Vorlieben*. *Trennen Sie die Tastatur vom Stromnetz, bevor Sie die Schalter austauschen. Wir empfehlen die Verwendung von antistatischen\/ESD-B\u00e4ndern oder Handschuhen beim Hot-Swapping.<\/span><\/li>\n<li class=\"a-spacing-mini\"><span class=\"a-list-item\">Klein &amp; robust: Ein kantenfreier Formfaktor und ein stabiles 75 %-Layout erm\u00f6glichen eine breitere Palette an wettbewerbsf\u00e4higer Gaming-Ergonomie bei der Platzierung der Tastatur, den Nutzungswinkeln, der Handhaltung und dem einfachen Anheben\/Handhaben.<\/span><\/li>\n<li class=\"a-spacing-mini\"><span class=\"a-list-item\">Zwei Schichten Ger\u00e4uschd\u00e4mpfung: H\u00f6ren und f\u00fchlen Sie sauberere und sattere Tippger\u00e4usche durch den Einsatz von ger\u00e4uschd\u00e4mpfenden Silikonschichten.<\/span><\/li>\n<li class=\"a-spacing-mini\"><span class=\"a-list-item\">Silikon-Fu\u00dfbett: Die Verwendung eines langen Silikonstreifens, der die gesamte Vorderkante der Tastatur bedeckt, verbessert den Halt auf dem Tisch und erh\u00f6ht die Stabilit\u00e4t. Von Fachleuten als ein Muss f\u00fcr die Stabilit\u00e4t in intensiven Momenten bezeichnet.<\/span><\/li>\n<li class=\"a-spacing-mini\"><span class=\"a-list-item\">Tri-Mode-Konnektivit\u00e4t: Spielen Sie mit einer konsistenten 1KHz-Abstimmungsrate und haben Sie Zugriff auf drahtlose 2,4GHz- und kabelgebundene USB-C-Verbindungen. Und mit Onboard-Profilen und optionaler Bluetooth-Konnektivit\u00e4t k\u00f6nnen Sie Ihre pers\u00f6nlichen Einstellungen mitnehmen.<\/span><\/li>\n<li class=\"a-spacing-mini\"><span class=\"a-list-item\">Passen Sie Ihre Battlestation an: Mit dem Alienware Command Center k\u00f6nnen Sie Tastenbelegungen anpassen, benutzerdefinierte Profile f\u00fcr unterwegs erstellen und die RGB-Beleuchtung pro Taste mit bis zu 16,8 Millionen Farbkombinationen einstellen* *AWCC v6.1.x oder h\u00f6her f\u00fcr bestimmte Funktionen erforderlich. Mehrere Profile und zus\u00e4tzliche Funktionen \u00fcber Software-Update Mitte 2024.<\/span><\/li>\n<\/ul>\n","protected":false},"excerpt":{"rendered":"<ul class=\"a-unordered-list a-vertical a-spacing-mini\">\n<li class=\"a-spacing-mini\"><span class=\"a-list-item\">Hot-swap-f\u00e4hige Schalter: Das Hot-Swap-f\u00e4hige 5-Pin PCBA-Design passt zu fast allen 3-Pin- und 5-Pin-Schaltern und erm\u00f6glicht die Anpassung von Klang, Haptik und Bet\u00e4tigung an Ihre genauen Vorlieben*. *Trennen Sie die Tastatur vom Stromnetz, bevor Sie die Schalter austauschen. Wir empfehlen die Verwendung von antistatischen\/ESD-B\u00e4ndern oder Handschuhen beim Hot-Swapping.<\/span><\/li>\n<li class=\"a-spacing-mini\"><span class=\"a-list-item\">Klein &amp; robust: Ein kantenfreier Formfaktor und ein stabiles 75 %-Layout erm\u00f6glichen eine breitere Palette an wettbewerbsf\u00e4higer Gaming-Ergonomie bei der Platzierung der Tastatur, den Nutzungswinkeln, der Handhaltung und dem einfachen Anheben\/Handhaben.<\/span><\/li>\n<li class=\"a-spacing-mini\"><span class=\"a-list-item\">Zwei Schichten Ger\u00e4uschd\u00e4mpfung: H\u00f6ren und f\u00fchlen Sie sauberere und sattere Tippger\u00e4usche durch den Einsatz von ger\u00e4uschd\u00e4mpfenden Silikonschichten.<\/span><\/li>\n<li class=\"a-spacing-mini\"><span class=\"a-list-item\">Silikon-Fu\u00dfbett: Die Verwendung eines langen Silikonstreifens, der die gesamte Vorderkante der Tastatur bedeckt, verbessert den Halt auf dem Tisch und erh\u00f6ht die Stabilit\u00e4t. Von Fachleuten als ein Muss f\u00fcr die Stabilit\u00e4t in intensiven Momenten bezeichnet.<\/span><\/li>\n<li class=\"a-spacing-mini\"><span class=\"a-list-item\">Tri-Mode-Konnektivit\u00e4t: Spielen Sie mit einer konsistenten 1KHz-Abstimmungsrate und haben Sie Zugriff auf drahtlose 2,4GHz- und kabelgebundene USB-C-Verbindungen. Und mit Onboard-Profilen und optionaler Bluetooth-Konnektivit\u00e4t k\u00f6nnen Sie Ihre pers\u00f6nlichen Einstellungen mitnehmen.<\/span><\/li>\n<li class=\"a-spacing-mini\"><span class=\"a-list-item\">Passen Sie Ihre Battlestation an: Mit dem Alienware Command Center k\u00f6nnen Sie Tastenbelegungen anpassen, benutzerdefinierte Profile f\u00fcr unterwegs erstellen und die RGB-Beleuchtung pro Taste mit bis zu 16,8 Millionen Farbkombinationen einstellen* *AWCC v6.1.x oder h\u00f6her f\u00fcr bestimmte Funktionen erforderlich. Mehrere Profile und zus\u00e4tzliche Funktionen \u00fcber Software-Update Mitte 2024.<\/span><\/li>\n<\/ul>\n","protected":false},"featured_media":9490,"comment_status":"open","ping_status":"closed","template":"","meta":{"_et_pb_use_builder":"","_et_pb_old_content":"","_et_gb_content_width":""},"product_brand":[],"product_cat":[1372],"product_tag":[],"class_list":{"0":"post-9491","1":"product","2":"type-product","3":"status-publish","4":"has-post-thumbnail","6":"product_cat-elektronik","8":"first","9":"instock","10":"sale","11":"taxable","12":"shipping-taxable","13":"purchasable","14":"product-type-simple"},"exclude_global_add_ons":[],"addons":[],"jetpack-related-posts":[{"id":9149,"url":"https:\/\/anythingtechnicallc.com\/index.php\/de\/product\/razer-huntsman-elite-gaming-tastatur-schnelle-tastaturschalter-clicky-optical-switches-chroma-rgb-beleuchtung-magnetische-pluesch-handgelenkauflage-dedizierte-medientasten-wahlrad-klassis\/","url_meta":{"origin":9491,"position":0},"title":"Razer Huntsman Elite Gaming Tastatur: Schnelle Tastaturschalter &#8211; Clicky Optical Switches &#8211; Chroma RGB-Beleuchtung &#8211; Magnetische Pl\u00fcsch-Handgelenkauflage &#8211; Dedizierte Medientasten &#038; Wahlrad &#8211; Klassisches Schwarz","date":"March 19, 2026","format":false,"excerpt":"Schneller als herk\u00f6mmliche mechanische Schalter: Die optischen Schalter von Razer arbeiten mit einer lichtbasierten Bet\u00e4tigung und registrieren Tastendr\u00fccke in Lichtgeschwindigkeit (30 % k\u00fcrzerer Bet\u00e4tigungsabstand als bei anderen Klick-Schaltern mit 1,5 Millimetern) mit einem befriedigenden, klickenden Feedback. Ultimative Personalisierung und Gaming Immersion mit Razer Chroma: Vollst\u00e4ndige Synchronisierung mit beliebten Spielen, Razer-Hardware,\u2026","rel":"","context":"Similar post","img":{"alt_text":"","src":"https:\/\/i0.wp.com\/anythingtechnicallc.com\/wp-content\/uploads\/2025\/02\/81pVmvSiLwL._AC_SL1500_.jpg?fit=1200%2C920&ssl=1&resize=350%2C200","width":350,"height":200},"classes":[]},{"id":9629,"url":"https:\/\/anythingtechnicallc.com\/index.php\/de\/product\/gebrauchter-hp-usb-c-dock-g5-11-in-1-adapter-fuer-usb-c-und-thunderbolt-faehige-laptops-pcs-und-notebooks-ein-einziges-kabel-zum-laden-vernetzen-oder-fuer-datenuebertragungen-ideal-fuer-sicheres\/","url_meta":{"origin":9491,"position":1},"title":"Gebrauchter HP USB-C Dock G5-11-in-1 Adapter f\u00fcr USB-C und Thunderbolt-f\u00e4hige Laptops, PCs und Notebooks &#8211; ein einziges Kabel zum Laden, Vernetzen oder f\u00fcr Daten\u00fcbertragungen &#8211; ideal f\u00fcr sicheres &#038; Remote Management","date":"March 24, 2026","format":false,"excerpt":"Machen Sie sich an die Arbeit mit dem vielseitigen, eleganten und platzsparenden HP USB-C Dock G5. Diese USB-Dockingstation ist mit HP Laptops, MacBook\u00ae Computern und anderen Notebooks (2) kompatibel und eignet sich dank ihres geringen Platzbedarfs und der Einrichtung mit nur einem Kabel hervorragend zur Organisation Ihres Schreibtisches. Ganz gleich,\u2026","rel":"","context":"Similar post","img":{"alt_text":"","src":"https:\/\/i0.wp.com\/anythingtechnicallc.com\/wp-content\/uploads\/2025\/10\/HP-USB-C-Dock-G5.webp?fit=1200%2C675&ssl=1&resize=350%2C200","width":350,"height":200},"classes":[]},{"id":9551,"url":"https:\/\/anythingtechnicallc.com\/index.php\/de\/product\/hp-usb-c-dock-g5-11-in-1-adapter-fuer-usb-c-und-thunderbolt-faehige-laptops-pcs-und-notebooks-ein-einziges-kabel-zum-aufladen-vernetzen-oder-fuer-datenuebertragungen-ideal-fuer-sicheres-remote\/","url_meta":{"origin":9491,"position":2},"title":"HP USB-C Dock G5-11-in-1 Adapter f\u00fcr USB-C und Thunderbolt-f\u00e4hige Laptops, PCs und Notebooks &#8211; ein einziges Kabel zum Aufladen, Vernetzen oder f\u00fcr Daten\u00fcbertragungen &#8211; ideal f\u00fcr sicheres &#038; Remote Management","date":"March 21, 2026","format":false,"excerpt":"Machen Sie sich an die Arbeit mit dem vielseitigen, eleganten und platzsparenden HP USB-C Dock G5. Diese USB-Dockingstation ist mit HP Laptops, MacBook\u00ae Computern und anderen Notebooks (2) kompatibel und eignet sich dank ihres geringen Platzbedarfs und der Einrichtung mit nur einem Kabel hervorragend zur Organisation Ihres Schreibtisches. Ganz gleich,\u2026","rel":"","context":"Similar post","img":{"alt_text":"","src":"https:\/\/i0.wp.com\/anythingtechnicallc.com\/wp-content\/uploads\/2025\/09\/81xxmKsxxsL._AC_SL1500_.jpg?fit=983%2C1200&ssl=1&resize=350%2C200","width":350,"height":200},"classes":[]},{"id":9080,"url":"https:\/\/anythingtechnicallc.com\/index.php\/de\/product\/gebrauchter-shure-blx1-wireless-bodypack-transmitter-mit-ein-aus-schalter-einstellbarem-gain-regler-tqg-anschluss-zur-verwendung-mit-blx-wireless-mikrofonsystemen-empfaenger-separat-erhaeltlich\/","url_meta":{"origin":9491,"position":3},"title":"Gebrauchter Shure BLX1 Wireless Bodypack Transmitter mit Ein\/Aus-Schalter, einstellbarem Gain-Regler, TQG-Anschluss &#8211; zur Verwendung mit BLX Wireless Mikrofonsystemen (Empf\u00e4nger separat erh\u00e4ltlich) | H10 Band","date":"March 19, 2026","format":false,"excerpt":"AUSWAHL DES DRAHTLOSEN FREQUENZBANDES - Bitte vergewissern Sie sich vor dem Kauf, dass das von Ihnen gew\u00e4hlte drahtlose Frequenzband in Ihrer Region funktioniert (Einzelheiten finden Sie auf der Shure Website > Suche nach Shure Wireless Frequency Finder). NUR KOMPONENTE: Damit dieser BLX1 Taschensender funktioniert, m\u00fcssen Sie ihn auf das Frequenzband\u2026","rel":"","context":"Similar post","img":{"alt_text":"","src":"https:\/\/i0.wp.com\/anythingtechnicallc.com\/wp-content\/uploads\/2024\/10\/51oOVm4giXL._AC_SL1500_.jpg?fit=643%2C1200&ssl=1&resize=350%2C200","width":350,"height":200},"classes":[]},{"id":9212,"url":"https:\/\/anythingtechnicallc.com\/index.php\/de\/product\/gebrauchtes-shure-sm31fh-tqg-wasserabweisendes-kondensatormikrofon-mit-nierencharakteristik-fuer-kopfhoerer\/","url_meta":{"origin":9491,"position":4},"title":"Gebrauchtes Shure SM31FH-TQG Wasserabweisendes Kondensatormikrofon mit Nierencharakteristik f\u00fcr Kopfh\u00f6rer","date":"March 19, 2026","format":false,"excerpt":"WETTERFESTES DESIGN - Das SM31FH wurde f\u00fcr den Einsatz in rauen Umgebungen und unter schwierigen Wetterbedingungen entwickelt und eignet sich perfekt f\u00fcr Fitness-Trainer und aktive K\u00fcnstler. SICHERER SITZ - Das komfortable, sicher sitzende Drahtb\u00fcgel-Headset ist so konzipiert, dass es auch bei energiegeladenen Auftritten und anstrengenden Aktivit\u00e4ten an seinem Platz bleibt.\u2026","rel":"","context":"Similar post","img":{"alt_text":"","src":"https:\/\/i0.wp.com\/anythingtechnicallc.com\/wp-content\/uploads\/2025\/02\/61oDR6SKIL._AC_SL1500_.jpg?fit=1200%2C1032&ssl=1&resize=350%2C200","width":350,"height":200},"classes":[]},{"id":9524,"url":"https:\/\/anythingtechnicallc.com\/index.php\/de\/product\/omen-by-hp-photon-wireless-gaming-mouse-mit-kabelloser-qi-ladestation-programmierbaren-tasten-e-sport-dpi-und-benutzerdefinierter-rgb-beleuchtung-schwarz-erneuert\/","url_meta":{"origin":9491,"position":5},"title":"Omen by HP Photon Wireless Gaming Mouse mit kabelloser Qi-Ladestation, programmierbaren Tasten, E-Sport DPI und benutzerdefinierter RGB-Beleuchtung (Schwarz) (Erneuert)","date":"March 21, 2026","format":false,"excerpt":"Leistung einer kabelgebundenen Maus - die proaktive kabellose Technologie und der branchenf\u00fchrende optisch-mechanische Schalter machen diese Gaming-Maus so pr\u00e4zise, schnell und reibungslos wie die kabelgebundene Konkurrenz. Kabelloses Qi-Laden - laden Sie die Photon-Maus einfach mit einem kabellosen Qi-Ladeger\u00e4t oder dem OMEN by HP Outpost Mauspad (OMEN Outpost separat erh\u00e4ltlich). Keine\u2026","rel":"","context":"Similar post","img":{"alt_text":"","src":"https:\/\/i0.wp.com\/anythingtechnicallc.com\/wp-content\/uploads\/2025\/09\/71fWupbiXbL._AC_SL1500_.jpg?fit=910%2C1200&ssl=1&resize=350%2C200","width":350,"height":200},"classes":[]}],"pll_sync_post":[],"lang":"de","translations":{"de":9491,"en":7551},"_links":{"self":[{"href":"https:\/\/anythingtechnicallc.com\/index.php\/wp-json\/wp\/v2\/product\/9491","targetHints":{"allow":["GET"]}}],"collection":[{"href":"https:\/\/anythingtechnicallc.com\/index.php\/wp-json\/wp\/v2\/product"}],"about":[{"href":"https:\/\/anythingtechnicallc.com\/index.php\/wp-json\/wp\/v2\/types\/product"}],"replies":[{"embeddable":true,"href":"https:\/\/anythingtechnicallc.com\/index.php\/wp-json\/wp\/v2\/comments?post=9491"}],"wp:featuredmedia":[{"embeddable":true,"href":"https:\/\/anythingtechnicallc.com\/index.php\/wp-json\/wp\/v2\/media\/9490"}],"wp:attachment":[{"href":"https:\/\/anythingtechnicallc.com\/index.php\/wp-json\/wp\/v2\/media?parent=9491"}],"wp:term":[{"taxonomy":"product_brand","embeddable":true,"href":"https:\/\/anythingtechnicallc.com\/index.php\/wp-json\/wp\/v2\/product_brand?post=9491"},{"taxonomy":"product_cat","embeddable":true,"href":"https:\/\/anythingtechnicallc.com\/index.php\/wp-json\/wp\/v2\/product_cat?post=9491"},{"taxonomy":"product_tag","embeddable":true,"href":"https:\/\/anythingtechnicallc.com\/index.php\/wp-json\/wp\/v2\/product_tag?post=9491"}],"curies":[{"name":"wp","href":"https:\/\/api.w.org\/{rel}","templated":true}]}}