{"id":9497,"date":"2026-03-21T12:28:46","date_gmt":"2026-03-21T12:28:46","guid":{"rendered":"https:\/\/anythingtechnicallc.com\/?post_type=product&#038;p=9497"},"modified":"2026-03-21T12:28:46","modified_gmt":"2026-03-21T12:28:46","slug":"dji-osmo-pocket-3-vlogging-kamera-mit-1-cmos-4k-120fps-vlog-kamera-3-achsen-stabilisierung-schnelle-fokussierung-gesichts-objektverfolgung-digitale-vlogging-kamera-fuer-youtube","status":"publish","type":"product","link":"https:\/\/anythingtechnicallc.com\/index.php\/de\/product\/dji-osmo-pocket-3-vlogging-kamera-mit-1-cmos-4k-120fps-vlog-kamera-3-achsen-stabilisierung-schnelle-fokussierung-gesichts-objektverfolgung-digitale-vlogging-kamera-fuer-youtube\/","title":{"rendered":"DJI Osmo Pocket 3, Vlogging-Kamera mit 1&#8221; CMOS &#038; 4K\/120fps Vlog-Kamera, 3-Achsen-Stabilisierung, schnelle Fokussierung, Gesichts-\/Objektverfolgung, digitale Vlogging-Kamera f\u00fcr YouTube"},"content":{"rendered":"<ul class=\"a-unordered-list a-vertical a-spacing-mini\">\n<li class=\"a-spacing-mini\"><span class=\"a-list-item\">Beeindruckende Aufnahmen &#8211; Diese Vlogging-Kamera verf\u00fcgt \u00fcber einen 1-Zoll-CMOS-Sensor und nimmt in 4K-Aufl\u00f6sung mit beeindruckenden 120 Bildern pro Sekunde auf. Fangen Sie atemberaubende Nachtansichten und Sonnenunterg\u00e4nge mit verbesserter Klarheit ein.<\/span><\/li>\n<li class=\"a-spacing-mini\"><span class=\"a-list-item\">M\u00fcheloses Einrahmen Ihrer Aufnahmen &#8211; Mit dem gro\u00dfen 2-Zoll-Touchscreen des Osmo Pocket 3, der sich sowohl f\u00fcr horizontale als auch vertikale Aufnahmen drehen l\u00e4sst, finden Sie die ideale Komposition.<\/span><\/li>\n<li class=\"a-spacing-mini\"><span class=\"a-list-item\">Ultrastabiles Filmmaterial &#8211; Verabschieden Sie sich von verwackelten Videos. Die fortschrittliche mechanische 3-Achsen-Stabilisierung des Osmo Pocket 3 sorgt f\u00fcr herausragende Stabilit\u00e4t. Genie\u00dfen Sie ruhige Aufnahmen beim Tanzen, beim Verfolgen von Haustieren oder beim Vloggen.<\/span><\/li>\n<li class=\"a-spacing-mini\"><span class=\"a-list-item\">Erstellen Sie fesselnde Vlogs mit ActiveTrack 6.0 &#8211; Bleiben Sie m\u00fchelos im Fokus, wenn Sie unterwegs aufnehmen. Stellen Sie den Osmo Pocket 3 auf ein Stativ und springen, tanzen oder drehen Sie sich, aber bleiben Sie im Bild.<\/span><\/li>\n<li class=\"a-spacing-mini\"><span class=\"a-list-item\">Schnelles und pr\u00e4zises Fokussieren &#8211; Osmo Pocket 3 stellt auf Ihr Motiv scharf und sorgt f\u00fcr klare Aufnahmen. Egal, ob Sie actiongeladene Szenen oder Standbilder filmen, er sorgt daf\u00fcr, dass jedes Detail eingefangen wird.<\/span><\/li>\n<li class=\"a-spacing-mini\"><span class=\"a-list-item\">Erweiterte Farbkorrekturen &#8211; Mit D-Log M und 10-Bit-Farbtiefe k\u00f6nnen Sie m\u00fchelos bis zu einer Milliarde Farben aufnehmen und bei der Nachbearbeitung atemberaubende visuelle Effekte erzielen. Ideal f\u00fcr Aufnahmen von Sonnenaufg\u00e4ngen und Sonnenunterg\u00e4ngen.<\/span><\/li>\n<li class=\"a-spacing-mini\"><span class=\"a-list-item\">Eindrucksvolles Audio &#8211; Die Stereoaufnahme f\u00e4ngt hochwertigen Ton ein und unterstreicht Ihre Videos mit kristallklarem Audio. Von aufregenden Abenteuern bis hin zu kostbaren Momenten &#8211; diese Vlogging-Kamera erweckt Ihre Erinnerungen zum Leben.<\/span><\/li>\n<\/ul>\n<div class=\"a-row a-expander-container a-expander-inline-container\">\n<div class=\"a-expander-content a-expander-extend-content a-expander-content-expanded\" data-expanded=\"true\">\n<ul class=\"a-unordered-list a-vertical a-spacing-none\">\n<li class=\"a-spacing-mini\"><span class=\"a-list-item\">Kompakt und praktisch &#8211; Diese Vlogging-Kamera im Taschenformat ist unglaublich tragbar und langlebig, damit Sie keinen Moment verpassen. Nehmen Sie gro\u00dfe und kleine Abenteuer auf &#8211; von Reisen ins Ausland bis hin zu Familienfeiern.<\/span><\/li>\n<li class=\"a-spacing-mini\"><span class=\"a-list-item\">Im Lieferumfang enthalten sind Osmo Pocket 3, eine Schutzh\u00fclle, eine Handschlaufe, ein Griff mit 1\/4&#8243;-Gewinde und mehr. Eine gute Wahl f\u00fcr Vlogger, die zum ersten Mal filmen. Das Ladeger\u00e4t ist separat erh\u00e4ltlich. Es wird empfohlen, das DJI 30W USB-C Ladeger\u00e4t zu kaufen.<\/span><\/li>\n<li class=\"a-spacing-mini\"><span class=\"a-list-item\">DJI OsmoAudio &#8211; Pocket 3 kann direkt mit zwei DJI Mic 2\/Mic Mini Sendern verbunden werden und sorgt so f\u00fcr eine hochwertige Audioqualit\u00e4t bei Vlogs, Interviews und Livestreams, w\u00e4hrend es gleichzeitig Ihre Ausr\u00fcstung und Ihren Workflow vereinfacht.<\/span><\/li>\n<\/ul>\n<\/div>\n<\/div>\n","protected":false},"excerpt":{"rendered":"<p>Ob auf Reisen, bei einem Nachmittag im Park mit der Familie oder beim Vloggen Ihres t\u00e4glichen Lebens &#8211; mit dem Osmo Pocket 3 k\u00f6nnen Sie unterwegs atemberaubend fl\u00fcssige Aufnahmen machen.<\/p>\n<p>Bitte aktualisieren Sie die Firmware auf die neueste Version f\u00fcr ein besseres Benutzererlebnis.<\/p>\n<p>* Aufgrund von Kompatibilit\u00e4tsproblemen mit der Plattform wurde die DJI Mimo App von Google Play entfernt. Sie k\u00f6nnen in Google Play nicht nach DJI Mimo suchen. Um ein besseres Nutzungserlebnis zu gew\u00e4hrleisten, loggen Sie sich bitte auf der offiziellen DJI Website ein, um die neueste Version von DJI Mimo herunterzuladen.<br \/>\n*Das Akkuladeger\u00e4t ist separat erh\u00e4ltlich. Es wird empfohlen, das DJI 30W USB-C-Ladeger\u00e4t zu kaufen.<\/p>\n<p>Osmo Pocket 3 ist in zwei Kaufoptionen erh\u00e4ltlich:<br \/>\n-Osmo Pocket 3 ist die Standardoption; sie enth\u00e4lt den Pocket Gimbal, eine Schutzh\u00fclle, eine Handschlaufe, einen Griff mit 1\/4&#8243;-Gewinde und mehr, damit Sie schnell loslegen k\u00f6nnen.<br \/>\nMit der Osmo Pocket 3 Creator Combo k\u00f6nnen Sie Ihre Audio- und Filmm\u00f6glichkeiten erweitern. Es enth\u00e4lt alle Teile des Osmo Pocket 3 Startsets und zus\u00e4tzliche Teile wie den DJI Mic 2 Transmitter, eine Tragetasche und einen Batteriegriff.<\/p>\n<p>Anmerkungen<br \/>\n1. Osmo Pocket 3 hat einen eingebauten 1300mAh Akku. Er kann in 16 Minuten auf 80% und in 32 Minuten auf 100% aufgeladen werden. Die Daten wurden in einer Laborumgebung mit dem DJI 65W PD-Ladeger\u00e4t (separat erh\u00e4ltlich) getestet.<br \/>\n2. Die Daten wurden in einer Laborumgebung bei 25\u00b0 C (77\u00b0 F) mit deaktiviertem Wi-Fi und ausgeschaltetem Bildschirm getestet und dienen nur als Referenz.<br \/>\n3. 4K\/120fps Videoaufnahmen werden nur im Zeitlupenmodus unterst\u00fctzt. Getestet unter Laborbedingungen bei 25\u00b0 C (77\u00b0 F), betr\u00e4gt die maximale Aufnahmezeit eines einzelnen kontinuierlichen Videos ca. 22 Minuten (ca. 18 Minuten in Europa).<br \/>\n4. Getestet in einer kontrollierten Umgebung. Die tats\u00e4chlichen Ergebnisse k\u00f6nnen je nach Umgebung, Verwendung und Firmware-Version variieren. Einzelheiten finden Sie auf der entsprechenden Produktseite auf der offiziellen DJI-Website.<\/p>\n<p>FAQ:<br \/>\nBen\u00f6tigt der Osmo Pocket 3 eine microSD-Karte?<br \/>\nJa, das Filmmaterial wird auf der in das Ger\u00e4t eingelegten microSD-Karte gespeichert.<br \/>\nDie vollst\u00e4ndige Version der Hinweise und FAQ finden Sie in den &#8220;Produkthandb\u00fcchern und Dokumenten&#8221;.<\/p>\n","protected":false},"featured_media":9496,"comment_status":"open","ping_status":"closed","template":"","meta":{"_et_pb_use_builder":"","_et_pb_old_content":"","_et_gb_content_width":""},"product_brand":[],"product_cat":[1576],"product_tag":[],"class_list":{"0":"post-9497","1":"product","2":"type-product","3":"status-publish","4":"has-post-thumbnail","6":"product_cat-kamerazubehoer","8":"first","9":"instock","10":"sale","11":"taxable","12":"shipping-taxable","13":"purchasable","14":"product-type-simple"},"exclude_global_add_ons":[],"addons":[],"jetpack-related-posts":[{"id":9494,"url":"https:\/\/anythingtechnicallc.com\/index.php\/de\/product\/dji-osmo-pocket-3-creator-combo-vlogging-kamera-mit-1-cmos-4k-120fps-vlog-kamera-3-achsen-stabilisierung-gesichts-objektverfolgung-inkl-mikrofon-fuer-klaren-ton-digitale-vlogging-kamera-fu\/","url_meta":{"origin":9497,"position":0},"title":"DJI Osmo Pocket 3 Creator Combo, Vlogging-Kamera mit 1&#8221; CMOS, 4K\/120fps Vlog-Kamera, 3-Achsen-Stabilisierung, Gesichts-\/Objektverfolgung, inkl. Mikrofon f\u00fcr klaren Ton, digitale Vlogging-Kamera f\u00fcr YouTube","date":"March 21, 2026","format":false,"excerpt":"Ob auf Reisen, bei einem Nachmittag im Park mit der Familie oder beim Vloggen Ihres t\u00e4glichen Lebens - mit dem Osmo Pocket 3 k\u00f6nnen Sie unterwegs atemberaubend fl\u00fcssige Aufnahmen machen. Bitte aktualisieren Sie die Firmware auf die neueste Version f\u00fcr ein besseres Benutzererlebnis. * Aufgrund von Kompatibilit\u00e4tsproblemen mit der Plattform\u2026","rel":"","context":"Similar post","img":{"alt_text":"","src":"https:\/\/i0.wp.com\/anythingtechnicallc.com\/wp-content\/uploads\/2025\/08\/514LEUejXYL._AC_SL1500_.jpg?fit=668%2C1200&ssl=1&resize=350%2C200","width":350,"height":200},"classes":[]},{"id":9512,"url":"https:\/\/anythingtechnicallc.com\/index.php\/de\/product\/dji-osmo-action-5-pro-standard-combo-wasserdichte-action-kamera-mit-1-1-3-sensor-4k-120fps-video-motivverfolgung-stabilisierung-dual-oled-touchscreens-action-kamera-4k-ideal-fuer-sport-vlog\/","url_meta":{"origin":9497,"position":1},"title":"DJI Osmo Action 5 Pro Standard Combo, Wasserdichte Action-Kamera mit 1\/1.3&#8243; Sensor, 4K\/120fps Video, Motivverfolgung, Stabilisierung, Dual OLED Touchscreens, Action-Kamera 4K Ideal f\u00fcr Sport, Vlog","date":"March 21, 2026","format":false,"excerpt":"Halten Sie n\u00e4chtliche Stadtlandschaften fest - Osmo Action 5 Pro verf\u00fcgt \u00fcber einen neuen 1\/1,3\u2033-Sensor f\u00fcr atemberaubendes Low-Light. Ideal f\u00fcr n\u00e4chtliche Fahrradabenteuer in dunklen Umgebungen. Verbesserte Motivverfolgung - 4nm Chip f\u00fcr schnelle, zuverl\u00e4ssige Aufnahmen. Halten Sie sich schnell bewegende Motive in der Mitte. [7] Der 4nm-Chip sorgt f\u00fcr einen reibungslosen\u2026","rel":"","context":"Similar post","img":{"alt_text":"","src":"https:\/\/i0.wp.com\/anythingtechnicallc.com\/wp-content\/uploads\/2025\/08\/71pg9H7KEuL._AC_SL1500_.jpg?fit=1200%2C976&ssl=1&resize=350%2C200","width":350,"height":200},"classes":[]},{"id":9509,"url":"https:\/\/anythingtechnicallc.com\/index.php\/de\/product\/insta360-go-3s-128-gb-weiss-4k-winzige-tragbare-vlogging-kamera-freihaendige-povs-ueberall-montierbar-stabilisierung-140-min-akkulaufzeit-10m-wasserdicht-apple-find-my-pet-pov\/","url_meta":{"origin":9497,"position":2},"title":"Insta360 GO 3S &#8211; 128 GB Wei\u00df 4K Winzige tragbare Vlogging-Kamera, freih\u00e4ndige POVs, \u00fcberall montierbar, Stabilisierung, 140 Min. Akkulaufzeit, 10m wasserdicht, Apple Find My, Pet POV","date":"March 21, 2026","format":false,"excerpt":"1.4OZ (39G) & Daumengro\u00df- Erschlie\u00dfen Sie sich grenzenlose Kreativit\u00e4t mit der Insta360 GO 3S, einer winzigen, leistungsstarken 4K-Kamera mit einem Gewicht von nur 1.4oz (39g). Hochwertige Aufnahmen in einem winzigen, aber m\u00e4chtigen Paket. 4K HANDS-FREE POVS - Ein leistungsstarker Chip f\u00fcr hochwertiges Filmmaterial und ein neues Weitwinkelobjektiv. Nehmen Sie 4K-Freihand-POVs\u2026","rel":"","context":"Similar post","img":{"alt_text":"","src":"https:\/\/i0.wp.com\/anythingtechnicallc.com\/wp-content\/uploads\/2025\/08\/71ti3cYFEwL._AC_SL1500_.jpg?fit=1122%2C1200&ssl=1&resize=350%2C200","width":350,"height":200},"classes":[]},{"id":9515,"url":"https:\/\/anythingtechnicallc.com\/index.php\/de\/product\/dji-osmo-action-4-standard-combo-4k-120fps-wasserdichte-action-kamera-mit-1-13-zoll-sensor-atemberaubende-low-light-bilder-10-bit-d-log-m-farbleistung-lange-laufzeit-von-160-minuten-outdoor-ka\/","url_meta":{"origin":9497,"position":3},"title":"DJI Osmo Action 4 Standard Combo, 4K\/120fps Wasserdichte Action-Kamera mit 1\/1,3-Zoll-Sensor, atemberaubende Low-Light-Bilder, 10-Bit &#038; D-Log M Farbleistung, lange Laufzeit von 160 Minuten, Outdoor-Kamera","date":"March 21, 2026","format":false,"excerpt":"Tadellose Bildqualit\u00e4t bei Tag und Nacht - Erleben Sie mit dem gro\u00dfen 1\/1,3-Zoll-Sensor der 4K-Actionkamera eine atemberaubende Bildsch\u00e4rfe und unvergleichliche Leistung bei schlechten Lichtverh\u00e4ltnissen, die jedes Abenteuer von der Morgend\u00e4mmerung bis zur Abendd\u00e4mmerung in atemberaubenden Details festh\u00e4lt. Lebendige, naturgetreue Farben - Werten Sie Ihre Aufnahmen mit 10-Bit und D-Log M\u2026","rel":"","context":"Similar post","img":{"alt_text":"","src":"https:\/\/i0.wp.com\/anythingtechnicallc.com\/wp-content\/uploads\/2025\/08\/71wlB2kVcL._AC_SL1500_.jpg?fit=1200%2C762&ssl=1&resize=350%2C200","width":350,"height":200},"classes":[]},{"id":9503,"url":"https:\/\/anythingtechnicallc.com\/index.php\/de\/product\/canon-powershot-v10-kamera-content-creator-kompaktkamera-fuer-vlogging-festes-19mm-weitwinkelobjektiv-4k-video-gesichtserkennung-integriertes-mikrofon-live-streaming-integrierter-staender-schw\/","url_meta":{"origin":9497,"position":4},"title":"Canon PowerShot V10 Kamera, Content Creator Kompaktkamera f\u00fcr Vlogging, festes 19mm Weitwinkelobjektiv, 4K Video, Gesichtserkennung, integriertes Mikrofon, Live Streaming, integrierter St\u00e4nder, Schwarz","date":"March 21, 2026","format":false,"excerpt":"Mit der Canon PowerShot V10 Vlogging-Kamera f\u00fcr Content Creators k\u00f6nnen Sie Ihrer Kreativit\u00e4t auch unterwegs freien Lauf lassen. Die PowerShot V10 ist eine Vlogging- und Fotokamera in einem neuen, \u00e4u\u00dferst tragbaren Format mit Komponenten aus der beliebten G-Serie, mit der Sie beeindruckende Videos erstellen k\u00f6nnen. Mit Stereotonaufnahme, integriertem Stativ und\u2026","rel":"","context":"Similar post","img":{"alt_text":"","src":"https:\/\/i0.wp.com\/anythingtechnicallc.com\/wp-content\/uploads\/2025\/08\/61qhyHDMGFL._AC_SL1500_.jpg?fit=790%2C1200&ssl=1&resize=350%2C200","width":350,"height":200},"classes":[]},{"id":9635,"url":"https:\/\/anythingtechnicallc.com\/index.php\/de\/product\/gebrauchte-dji-mini-2-ultraleichter-und-faltbarer-drohnen-quadcopter-3-achsen-gimbal-mit-4k-kamera-12mp-foto-31-minuten-flugzeit-ocusync-2-0-10km-hd-videouebertragung-quickshots-grau\/","url_meta":{"origin":9497,"position":5},"title":"Gebrauchte DJI Mini 2 &#8211; Ultraleichter und faltbarer Drohnen-Quadcopter, 3-Achsen-Gimbal mit 4K Kamera, 12MP Foto, 31 Minuten Flugzeit, OcuSync 2.0 10km HD Video\u00fcbertragung, QuickShots Grau","date":"March 24, 2026","format":false,"excerpt":"\u3010PACKEN SIE LEICHT, FLIEGEN SIE FREI\u3011: Mit weniger als 249 g wiegt sie etwa so viel wie ein Apfel und passt in Ihre Handfl\u00e4che. Kompakt und praktisch ist diese kleine Drohne Ihr idealer Reisebegleiter, der die Art und Weise, wie Sie Ihre sch\u00f6nsten Erinnerungen festhalten, ver\u00e4ndert. \u30103-AXIS GIMBAL MIT 4K\u2026","rel":"","context":"Similar post","img":{"alt_text":"","src":"https:\/\/i0.wp.com\/anythingtechnicallc.com\/wp-content\/uploads\/2025\/10\/DJI-Mini-2.jpg?fit=900%2C1200&ssl=1&resize=350%2C200","width":350,"height":200},"classes":[]}],"pll_sync_post":[],"lang":"de","translations":{"de":9497,"en":7640},"_links":{"self":[{"href":"https:\/\/anythingtechnicallc.com\/index.php\/wp-json\/wp\/v2\/product\/9497","targetHints":{"allow":["GET"]}}],"collection":[{"href":"https:\/\/anythingtechnicallc.com\/index.php\/wp-json\/wp\/v2\/product"}],"about":[{"href":"https:\/\/anythingtechnicallc.com\/index.php\/wp-json\/wp\/v2\/types\/product"}],"replies":[{"embeddable":true,"href":"https:\/\/anythingtechnicallc.com\/index.php\/wp-json\/wp\/v2\/comments?post=9497"}],"wp:featuredmedia":[{"embeddable":true,"href":"https:\/\/anythingtechnicallc.com\/index.php\/wp-json\/wp\/v2\/media\/9496"}],"wp:attachment":[{"href":"https:\/\/anythingtechnicallc.com\/index.php\/wp-json\/wp\/v2\/media?parent=9497"}],"wp:term":[{"taxonomy":"product_brand","embeddable":true,"href":"https:\/\/anythingtechnicallc.com\/index.php\/wp-json\/wp\/v2\/product_brand?post=9497"},{"taxonomy":"product_cat","embeddable":true,"href":"https:\/\/anythingtechnicallc.com\/index.php\/wp-json\/wp\/v2\/product_cat?post=9497"},{"taxonomy":"product_tag","embeddable":true,"href":"https:\/\/anythingtechnicallc.com\/index.php\/wp-json\/wp\/v2\/product_tag?post=9497"}],"curies":[{"name":"wp","href":"https:\/\/api.w.org\/{rel}","templated":true}]}}