{"id":9500,"date":"2026-03-21T12:29:29","date_gmt":"2026-03-21T12:29:29","guid":{"rendered":"https:\/\/anythingtechnicallc.com\/?post_type=product&#038;p=9500"},"modified":"2026-03-21T12:29:29","modified_gmt":"2026-03-21T12:29:29","slug":"die-erneuerte-sony-zv-1-digitalkamera-fuer-content-creators-vlogging-und-youtube-mit-flip-screen-integriertem-mikrofon-4k-hdr-video-touchscreen-display-live-video-streaming-webcam","status":"publish","type":"product","link":"https:\/\/anythingtechnicallc.com\/index.php\/de\/product\/die-erneuerte-sony-zv-1-digitalkamera-fuer-content-creators-vlogging-und-youtube-mit-flip-screen-integriertem-mikrofon-4k-hdr-video-touchscreen-display-live-video-streaming-webcam\/","title":{"rendered":"Die erneuerte Sony ZV-1 Digitalkamera f\u00fcr Content Creators, Vlogging und YouTube mit Flip Screen, integriertem Mikrofon, 4K HDR Video, Touchscreen Display, Live Video Streaming, Webcam"},"content":{"rendered":"<ul class=\"a-unordered-list a-vertical a-spacing-mini\">\n<li class=\"a-spacing-mini\"><span class=\"a-list-item\">20,1MP gestapelter, hintergrundbeleuchteter 1&#8243; Exmor RS CMOS Sensor mit DRAM. ZEISS Vario-Sonnar T Objektiv 24-70mm1 F1.8-2.8 mit gro\u00dfer Blenden\u00f6ffnung.Bluetooth : Ja (Bluetooth Standard Ver. 4.1 (2.4 GHz Band)). Betriebstemperatur : 0 Grad C. &#8211; +40 Grad C. \/ 32 Grad F. &#8211; 104 Grad F. <\/span><\/li>\n<li class=\"a-spacing-mini\"><span class=\"a-list-item\">Schneller Hybrid-Autofokus und Echtzeit-Augen-Autofokus und Echtzeit-Autofokus-Verfolgung. <\/span><\/li>\n<li class=\"a-spacing-mini\"><span class=\"a-list-item\">Seitlich ausklappbarer 3,0-Zoll-LCD-Bildschirm, der auch nach oben und unten gekippt werden kann, um Selfie-Aufnahmen einfacher zu komponieren. <\/span><\/li>\n<li class=\"a-spacing-mini\"><span class=\"a-list-item\">Wechseln Sie schnell zwischen zwei Modi mit defokussiertem Hintergrund-Bokeh. <\/span><\/li>\n<li class=\"a-spacing-mini\"><span class=\"a-list-item\">Produktvorstellung Die Einstellung wechselt den Fokus vom Gesicht zum Objekt. <\/span><\/li>\n<li class=\"a-spacing-mini\"><span class=\"a-list-item\">Die Belichtungsautomatik (AE) verfolgt Gesichter und sorgt daf\u00fcr, dass sie immer gut beleuchtet erscheinen. <\/span><\/li>\n<li class=\"a-spacing-mini\"><span class=\"a-list-item\">Mit dem nach vorne gerichteten integrierten Mikrofon und dem abnehmbaren Windschutz erhalten Sie in einer Aufnahme einen hervorragenden Ton. Standard 3,5 mm Mikrofon. Klinkenmikrofonbuchse und MI-Schuh erm\u00f6glichen mehr Audiom\u00f6glichkeiten. <\/span><\/li>\n<\/ul>\n<div class=\"a-row a-expander-container a-expander-inline-container\">\n<div class=\"a-expander-content a-expander-extend-content a-expander-content-expanded\" data-expanded=\"true\">\n<ul class=\"a-unordered-list a-vertical a-spacing-none\">\n<li class=\"a-spacing-mini\"><span class=\"a-list-item\">Die Bildstabilisierung unterdr\u00fcckt Verwacklungen selbst beim Gehen. <\/span><\/li>\n<li class=\"a-spacing-mini\"><span class=\"a-list-item\">Optimierte Farben mit verbesserter Wiedergabe von Hautt\u00f6nen. Brennweite &#8211; f=9,4-25,7mm. <\/span><\/li>\n<li class=\"a-spacing-mini\"><span class=\"a-list-item\">Profi-Videofunktionen inkl. HLG (Hybrid Log-Gamma) und S-Log3\/2. <\/span><\/li>\n<\/ul>\n<\/div>\n<\/div>\n","protected":false},"excerpt":{"rendered":"<ul class=\"a-unordered-list a-vertical a-spacing-mini\">\n<li class=\"a-spacing-mini\"><span class=\"a-list-item\">20,1MP gestapelter, hintergrundbeleuchteter 1&#8243; Exmor RS CMOS Sensor mit DRAM. ZEISS Vario-Sonnar T Objektiv 24-70mm1 F1.8-2.8 mit gro\u00dfer Blenden\u00f6ffnung.Bluetooth : Ja (Bluetooth Standard Ver. 4.1 (2.4 GHz Band)). Betriebstemperatur : 0 Grad C. &#8211; +40 Grad C. \/ 32 Grad F. &#8211; 104 Grad F. <\/span><\/li>\n<li class=\"a-spacing-mini\"><span class=\"a-list-item\">Schneller Hybrid-Autofokus und Echtzeit-Augen-Autofokus und Echtzeit-Autofokus-Verfolgung. <\/span><\/li>\n<li class=\"a-spacing-mini\"><span class=\"a-list-item\">Seitlich ausklappbarer 3,0-Zoll-LCD-Bildschirm, der auch nach oben und unten gekippt werden kann, um Selfie-Aufnahmen einfacher zu komponieren. <\/span><\/li>\n<li class=\"a-spacing-mini\"><span class=\"a-list-item\">Wechseln Sie schnell zwischen zwei Modi mit defokussiertem Hintergrund-Bokeh. <\/span><\/li>\n<li class=\"a-spacing-mini\"><span class=\"a-list-item\">Produktvorstellung Die Einstellung wechselt den Fokus vom Gesicht zum Objekt. <\/span><\/li>\n<li class=\"a-spacing-mini\"><span class=\"a-list-item\">Die Belichtungsautomatik (AE) verfolgt Gesichter und sorgt daf\u00fcr, dass sie immer gut beleuchtet erscheinen. <\/span><\/li>\n<li class=\"a-spacing-mini\"><span class=\"a-list-item\">Mit dem nach vorne gerichteten integrierten Mikrofon und dem abnehmbaren Windschutz erhalten Sie in einer Aufnahme einen hervorragenden Ton. Standard 3,5 mm Mikrofon. Klinkenmikrofonbuchse und MI-Schuh erm\u00f6glichen mehr Audiom\u00f6glichkeiten. <\/span><\/li>\n<\/ul>\n<div class=\"a-row a-expander-container a-expander-inline-container\">\n<div class=\"a-expander-content a-expander-extend-content a-expander-content-expanded\" data-expanded=\"true\">\n<ul class=\"a-unordered-list a-vertical a-spacing-none\">\n<li class=\"a-spacing-mini\"><span class=\"a-list-item\">Die Bildstabilisierung unterdr\u00fcckt Verwacklungen selbst beim Gehen. <\/span><\/li>\n<li class=\"a-spacing-mini\"><span class=\"a-list-item\">Optimierte Farben mit verbesserter Wiedergabe von Hautt\u00f6nen. Brennweite &#8211; f=9,4-25,7mm. <\/span><\/li>\n<li class=\"a-spacing-mini\"><span class=\"a-list-item\">Profi-Videofunktionen inkl. HLG (Hybrid Log-Gamma) und S-Log3\/2. <\/span><\/li>\n<\/ul>\n<\/div>\n<\/div>\n","protected":false},"featured_media":9499,"comment_status":"open","ping_status":"closed","template":"","meta":{"_et_pb_use_builder":"","_et_pb_old_content":"","_et_gb_content_width":""},"product_brand":[],"product_cat":[1576],"product_tag":[],"class_list":{"0":"post-9500","1":"product","2":"type-product","3":"status-publish","4":"has-post-thumbnail","6":"product_cat-kamerazubehoer","8":"first","9":"instock","10":"sale","11":"taxable","12":"shipping-taxable","13":"purchasable","14":"product-type-simple"},"exclude_global_add_ons":[],"addons":[],"jetpack-related-posts":[{"id":9518,"url":"https:\/\/anythingtechnicallc.com\/index.php\/de\/product\/hp-620-fhd-webcam-1080p-30-fps-fokus-farbe-gegenlichtkorrektur-zwei-geraeuschreduzierende-mikrofone-einstellbare-schwenk-neigefunktion-windows-hello-zoom-certified-privacy-cover-6y7\/","url_meta":{"origin":9500,"position":0},"title":"HP 620 FHD Webcam &#8211; 1080p 30 FPS &#8211; Fokus &#038; Farbe, Gegenlichtkorrektur &#8211; zwei ger\u00e4uschreduzierende Mikrofone &#8211; einstellbare Schwenk-\/Neigefunktion &#8211; Windows Hello, Zoom Certified, &#038; Privacy Cover (6Y7L2AA#ABL)","date":"March 21, 2026","format":false,"excerpt":"AMAZINIERENDE VIDEOQUALIT\u00c4T - Die IR-Sensortechnologie in Kombination mit FHD 1080p bei 30 FPS, HD 720p bei 60 FPS, automatischer Farbgebung und Gegenlichtkorrektur sorgt f\u00fcr eine gestochen scharfe Videoaufl\u00f6sung, damit Sie bei Videokonferenzen und -gespr\u00e4chen von Anfang an scharf sehen. BLEIBEN SIE FOKUSSIERT, SIEHEN SIE GROSSARTIG AUS - Der Autofokus sorgt\u2026","rel":"","context":"Similar post","img":{"alt_text":"","src":"https:\/\/i0.wp.com\/anythingtechnicallc.com\/wp-content\/uploads\/2025\/09\/617KE4ZBTBL._AC_SL1500_.jpg?fit=1200%2C840&ssl=1&resize=350%2C200","width":350,"height":200},"classes":[]},{"id":9337,"url":"https:\/\/anythingtechnicallc.com\/index.php\/de\/product\/gebrauchtes-apple-ipad-5-generation-wi-fi-64gb-space-grau\/","url_meta":{"origin":9500,"position":1},"title":"Gebrauchtes Apple iPad (5. Generation) Wi-Fi, 64GB &#8211; Space Grau","date":"March 19, 2026","format":false,"excerpt":"Betriebssystem IOS 11; A9 Chip mit 64-Bit-Architektur und eingebettetem M9 Coprozessor. 9,7 Zoll (Diagonale) Multi-Touch Retina Display mit LED-Hintergrundbeleuchtung und IPS-Technologie (Aufl\u00f6sung 2048 x 1536 bei 264 ppi) mit fingerabdruckresistenter, oleophober Beschichtung. 8-Megapixel-Kamera mit Autofokus, r\u00fcckseitiger Beleuchtung und Panorama (bis zu 43 MP). Wi-Fi und Bluetooth 4.2 Technologie, FaceTime HD\u2026","rel":"","context":"Similar post","img":{"alt_text":"","src":"https:\/\/i0.wp.com\/anythingtechnicallc.com\/wp-content\/uploads\/2025\/07\/61tXGDBq-VL._AC_SL1000_.jpg?fit=705%2C1000&ssl=1&resize=350%2C200","width":350,"height":200},"classes":[]},{"id":9506,"url":"https:\/\/anythingtechnicallc.com\/index.php\/de\/product\/sony-zv-1f-vlog-kamera-fuer-content-creators-und-vlogger\/","url_meta":{"origin":9500,"position":2},"title":"Sony ZV-1F Vlog Kamera f\u00fcr Content Creators und Vlogger","date":"March 21, 2026","format":false,"excerpt":"Mit der ZV-1F k\u00f6nnen Sie alles festhalten - sie erm\u00f6glicht es Ihnen, ein Gruppen-Selfie zusammen mit einem weitl\u00e4ufigen Blick auf die Hintergrundkulisse aufzunehmen. Da das Ultraweitwinkelobjektiv der Kamera mit 20 mm1 ein gr\u00f6\u00dferes Sichtfeld als das menschliche Gesichtsfeld erfasst, k\u00f6nnen Sie Bilder mit beeindruckender Tiefe und Perspektive aufnehmen. Machen Sie\u2026","rel":"","context":"Similar post","img":{"alt_text":"","src":"https:\/\/i0.wp.com\/anythingtechnicallc.com\/wp-content\/uploads\/2025\/08\/81lRtfnLuiL._AC_SL1500_.jpg?fit=1200%2C1085&ssl=1&resize=350%2C200","width":350,"height":200},"classes":[]},{"id":9110,"url":"https:\/\/anythingtechnicallc.com\/index.php\/de\/product\/logitech-mx-brio-ultra-hd-4k-webcam-fuer-zusammenarbeit-und-streaming-1080p-bei-60-fps-zwei-geraeuschreduzierende-mikrofone-show-modus-usb-c-webcam-abdeckung-kompatibel-mit-microsoft-teams-zoom\/","url_meta":{"origin":9500,"position":3},"title":"Logitech MX Brio Ultra HD 4K-Webcam f\u00fcr Zusammenarbeit und Streaming, 1080p bei 60 FPS, zwei ger\u00e4uschreduzierende Mikrofone, Show-Modus, USB-C, Webcam-Abdeckung, kompatibel mit Microsoft Teams, Zoom, Google Meet &#8211; Graphit","date":"March 19, 2026","format":false,"excerpt":"Treffen Sie sich, streamen Sie, meistern Sie mit der scharfen Ultra HD 4k-Aufl\u00f6sung der MX Brio. Mit 2x besserer Gesichtserkennung und 2x feineren Bilddetails bei schwierigen Lichtverh\u00e4ltnissen(2), KI-Verbesserungen, einem von Logi entwickelten Objektiv, 70% gr\u00f6\u00dferen Pixeln(1) und unserem bisher gr\u00f6\u00dften Webcam-Sensor. Mit den Feineinstellungen(3) k\u00f6nnen Sie Beleuchtung, Wei\u00dfabgleich mit ISO,\u2026","rel":"","context":"Similar post","img":{"alt_text":"","src":"https:\/\/i0.wp.com\/anythingtechnicallc.com\/wp-content\/uploads\/2025\/02\/61WQr6U3mwL._AC_SL1500_.jpg?fit=1200%2C1069&ssl=1&resize=350%2C200","width":350,"height":200},"classes":[]},{"id":9203,"url":"https:\/\/anythingtechnicallc.com\/index.php\/de\/product\/used-shure-wl183-lavalier-kondensatormikrofon-mit-kugelcharakteristik-tqg-fuer-sprachanwendungen-mit-12-m-4-ft-kabel-mit-4-poligem-mini-anschluss-drahtloser-bodypack-sender-separat-erhaeltlich\/","url_meta":{"origin":9500,"position":4},"title":"USED Shure WL183 Lavalier-Kondensatormikrofon mit Kugelcharakteristik (TQG) f\u00fcr Sprachanwendungen mit 1,2 m (4 ft) Kabel mit 4-poligem Mini-Anschluss (drahtloser Bodypack-Sender separat erh\u00e4ltlich)","date":"March 19, 2026","format":false,"excerpt":"Das WL183 ist ein Lavalier-Mikrofon mit Kugelcharakteristik, einem Aufnahmewinkel von 360 Grad und geringem St\u00f6rger\u00e4usch. Es wird f\u00fcr allgemeine Beschallungs-, Aufnahme- und Fern\u00fcberwachungsanwendungen empfohlen. Es hat ein 1,2 Meter langes Kabel, das mit einem 4-poligen Miniaturstecker abgeschlossen ist. Die mitgelieferte Krawattenklammer kann in 90-Grad-Schritten gedreht werden, um eine flexible Platzierung\u2026","rel":"","context":"Similar post","img":{"alt_text":"","src":"https:\/\/i0.wp.com\/anythingtechnicallc.com\/wp-content\/uploads\/2025\/02\/51lkFF0oVlL._AC_SL1000_.jpg?fit=932%2C932&ssl=1&resize=350%2C200","width":350,"height":200},"classes":[]},{"id":9276,"url":"https:\/\/anythingtechnicallc.com\/index.php\/de\/product\/gebrauchtes-shure-wl184-lavalier-mikrofon-premium-wireless-tqg-supercardioid-kondensator-lav-mikrofon-fuer-sprachanwendungen-mit-drehbarem-tie-clip-snap-fit-windschutz-4-ft-kabel-und-commshield-te\/","url_meta":{"origin":9500,"position":5},"title":"Gebrauchtes Shure WL184 Lavalier-Mikrofon &#8211; Premium Wireless TQG Supercardioid Kondensator-Lav-Mikrofon f\u00fcr Sprachanwendungen mit drehbarem Tie-Clip, Snap-Fit Windschutz, 4 ft Kabel und CommShield Technologie","date":"March 19, 2026","format":false,"excerpt":"Das WL184 ist ein Lavalier-Mikrofon mit Supernierencharakteristik und einem Aufnahmewinkel von 115 Grad und wird f\u00fcr Beschallungsanwendungen empfohlen, die eine hohe Unterdr\u00fcckung von Umgebungsger\u00e4uschen und einen engen Aufnahmewinkel erfordern. Es hat ein 1,2 Meter langes Kabel, das mit einem 4-poligen Miniaturstecker abgeschlossen ist. Die mitgelieferte Krawattenklammer kann in 90-Grad-Schritten gedreht\u2026","rel":"","context":"Similar post","img":{"alt_text":"","src":"https:\/\/i0.wp.com\/anythingtechnicallc.com\/wp-content\/uploads\/2025\/06\/51CwQYOT-mL._AC_SL1000_.jpg?fit=826%2C915&ssl=1&resize=350%2C200","width":350,"height":200},"classes":[]}],"pll_sync_post":[],"lang":"de","translations":{"de":9500,"en":7642},"_links":{"self":[{"href":"https:\/\/anythingtechnicallc.com\/index.php\/wp-json\/wp\/v2\/product\/9500","targetHints":{"allow":["GET"]}}],"collection":[{"href":"https:\/\/anythingtechnicallc.com\/index.php\/wp-json\/wp\/v2\/product"}],"about":[{"href":"https:\/\/anythingtechnicallc.com\/index.php\/wp-json\/wp\/v2\/types\/product"}],"replies":[{"embeddable":true,"href":"https:\/\/anythingtechnicallc.com\/index.php\/wp-json\/wp\/v2\/comments?post=9500"}],"wp:featuredmedia":[{"embeddable":true,"href":"https:\/\/anythingtechnicallc.com\/index.php\/wp-json\/wp\/v2\/media\/9499"}],"wp:attachment":[{"href":"https:\/\/anythingtechnicallc.com\/index.php\/wp-json\/wp\/v2\/media?parent=9500"}],"wp:term":[{"taxonomy":"product_brand","embeddable":true,"href":"https:\/\/anythingtechnicallc.com\/index.php\/wp-json\/wp\/v2\/product_brand?post=9500"},{"taxonomy":"product_cat","embeddable":true,"href":"https:\/\/anythingtechnicallc.com\/index.php\/wp-json\/wp\/v2\/product_cat?post=9500"},{"taxonomy":"product_tag","embeddable":true,"href":"https:\/\/anythingtechnicallc.com\/index.php\/wp-json\/wp\/v2\/product_tag?post=9500"}],"curies":[{"name":"wp","href":"https:\/\/api.w.org\/{rel}","templated":true}]}}