{"id":9503,"date":"2026-03-21T12:30:28","date_gmt":"2026-03-21T12:30:28","guid":{"rendered":"https:\/\/anythingtechnicallc.com\/?post_type=product&#038;p=9503"},"modified":"2026-03-21T12:30:28","modified_gmt":"2026-03-21T12:30:28","slug":"canon-powershot-v10-kamera-content-creator-kompaktkamera-fuer-vlogging-festes-19mm-weitwinkelobjektiv-4k-video-gesichtserkennung-integriertes-mikrofon-live-streaming-integrierter-staender-schw","status":"publish","type":"product","link":"https:\/\/anythingtechnicallc.com\/index.php\/de\/product\/canon-powershot-v10-kamera-content-creator-kompaktkamera-fuer-vlogging-festes-19mm-weitwinkelobjektiv-4k-video-gesichtserkennung-integriertes-mikrofon-live-streaming-integrierter-staender-schw\/","title":{"rendered":"Canon PowerShot V10 Kamera, Content Creator Kompaktkamera f\u00fcr Vlogging, festes 19mm Weitwinkelobjektiv, 4K Video, Gesichtserkennung, integriertes Mikrofon, Live Streaming, integrierter St\u00e4nder, Schwarz"},"content":{"rendered":"<ul class=\"a-unordered-list a-vertical a-spacing-mini\">\n<li class=\"a-spacing-mini\"><span class=\"a-list-item\">Kompaktes Kraftpaket: Die Canon PowerShot V10 Vlogging-Kamera zeichnet sich durch ihr schlankes, taschenf\u00fcllendes Design aus; perfekt f\u00fcr die Kreativit\u00e4t unterwegs. Genie\u00dfen Sie die ultimative, kompakte Digitalkamera in Sachen Tragbarkeit und Benutzerfreundlichkeit. <\/span><\/li>\n<li class=\"a-spacing-mini\"><span class=\"a-list-item\">Vielseitige Vlogging-Kamera: Unglaubliche F\u00e4higkeiten bei schlechten Lichtverh\u00e4ltnissen mit einem 15,2-Megapixel-CMOS-Sensor mit 1 Zoll Hintergrundbeleuchtung; verf\u00fcgt \u00fcber einen ausklappbaren Bildschirm auf der Vorderseite, eine integrierte Motiverkennung, einen Micro-HDMI-Ausgang, einen Anschluss f\u00fcr ein externes Mikrofon und einen USB-C-Ladeanschluss. <\/span><\/li>\n<li class=\"a-spacing-mini\"><span class=\"a-list-item\">Anpassbarer integrierter St\u00e4nder: Wird mit einem innovativen St\u00e4nder geliefert, der sich sowohl nach vorne als auch nach hinten klappen l\u00e4sst; die Content Creator Kamera mit flexiblem St\u00e4nder erm\u00f6glicht vielseitige Aufnahmewinkel und freih\u00e4ndiges Arbeiten in einer Vielzahl von Umgebungen. <\/span><\/li>\n<li class=\"a-spacing-mini\"><span class=\"a-list-item\">Brillanz im Weitwinkelbereich: Die PowerShot V10 digitale Videokamera ist mit einem festen 19-mm-Weitwinkelobjektiv (35-mm-\u00c4quivalent) ausgestattet &#8211; perfekt f\u00fcr weitl\u00e4ufige Landschaften, enge Innenr\u00e4ume und alles dazwischen. <\/span><\/li>\n<li class=\"a-spacing-mini\"><span class=\"a-list-item\">Bildstabilisierung: Mit den j\u00fcngsten Updates (Version 1.2.0 oder h\u00f6her) verf\u00fcgt die PowerShot V10 4K Kamera \u00fcber drei Modi zur Bildstabilisierung bei der Aufnahme von Videos &#8211; IS Off, IS On und IS Enhanced. <\/span><\/li>\n<li class=\"a-spacing-mini\"><span class=\"a-list-item\">High-Speed-Aufnahmen: Hervorragende 4K-Kamera f\u00fcr Videoaufnahmen; 8-Bit-4K-Videoaufnahmen mit bis zu 30 Bildern pro Sekunde; Full-HD-Videoaufnahmen mit bis zu 60 Bildern pro Sekunde; 14 Film-Farbfilter stehen zur Verf\u00fcgung, mit denen Sie die Stimmung und das Ambiente bestimmen k\u00f6nnen. <\/span><\/li>\n<li class=\"a-spacing-mini\"><span class=\"a-list-item\">Kristallklares Audio: Erfassen Sie jedes Detail mit einem Paar hochwertiger Stereomikrofone; ein drittes Mikrofon in der Mitte hilft, unerw\u00fcnschte Hintergrundger\u00e4usche zu entfernen. <\/span><\/li>\n<\/ul>\n","protected":false},"excerpt":{"rendered":"<div id=\"btf_arenas\" class=\"celwidget\" data-feature-name=\"btf_arenas\" data-csa-c-type=\"widget\" data-csa-c-content-id=\"btf_arenas\" data-csa-c-slot-id=\"btf_arenas\" data-csa-c-asin=\"\" data-csa-c-is-in-initial-active-row=\"false\" data-cel-widget=\"btf_arenas\" data-csa-c-id=\"llih1p-19c6ym-u7bsy4-jay7qc\">\n<div id=\"productDescription_feature_div\" class=\"celwidget pd_rd_w-AEawL pd_rd_r-8CJFA9T3F4ACQQZ7S7ZP pd_rd_wg-1PCw9\" data-feature-name=\"productDescription\" data-csa-c-type=\"widget\" data-csa-c-content-id=\"productDescription\" data-csa-c-slot-id=\"productDescription_feature_div\" data-csa-c-asin=\"\" data-csa-c-is-in-initial-active-row=\"false\" data-cel-widget=\"productDescription_feature_div\" data-csa-c-id=\"h54of8-eopfsd-j044tj-rtm0q1\">\n<div>\n<div id=\"productDescription_feature_div\" class=\"a-row feature\" data-feature-name=\"productDescription\" data-template-name=\"productDescription\" data-cel-widget=\"productDescription_feature_div\">\n<div id=\"productDescription\" class=\"a-section a-spacing-small\">\n<p>Mit der Canon PowerShot V10 Vlogging-Kamera f\u00fcr Content Creators k\u00f6nnen Sie Ihrer Kreativit\u00e4t auch unterwegs freien Lauf lassen. Die PowerShot V10 ist eine Vlogging- und Fotokamera in einem neuen, \u00e4u\u00dferst tragbaren Format mit Komponenten aus der beliebten G-Serie, mit der Sie beeindruckende Videos erstellen k\u00f6nnen. Mit Stereotonaufnahme, integriertem Stativ und einfachem Live-Streaming ist diese Kamera immer einsatzbereit, wenn Sie es sind. Ein 15,2-Megapixel-CMOS-Sensor mit 1 Zoll Hintergrundbeleuchtung zeigt seine unglaublichen Low-Light-F\u00e4higkeiten, und das feste 19-mm-Weitwinkelobjektiv (35-mm-\u00c4quivalent) macht diese 4K-Digitalkamera ideal f\u00fcr enge Innenr\u00e4ume, weitl\u00e4ufige Landschaften und alles dazwischen. Die Canon PowerShot V10 Content-Creator-Kamera ist mit einem innovativen integrierten St\u00e4nder ausgestattet, der sich um bis zu 30 Grad nach vorne oder hinten klappen l\u00e4sst und vielseitige Aufnahmewinkel und eine freih\u00e4ndige Bedienung erm\u00f6glicht. Au\u00dferdem ist sie mit herk\u00f6mmlichen Stativen kompatibel, wie z.B. unserem HG-100TBR Tripod Grip. Ab der Firmware-Version 1.2.0 oder h\u00f6her k\u00f6nnen Sie die erweiterte Bildstabilisierung aktivieren, um die Bildstabilit\u00e4t bei Aufnahmen w\u00e4hrend schneller Spazierg\u00e4nge zu maximieren. Nehmen Sie 8-Bit-4K-Videos mit bis zu 30 Bildern pro Sekunde oder Full-HD-Videos mit bis zu 60 Bildern pro Sekunde auf &#8211; verwenden Sie einen der 14 integrierten Farbfilter, um die Stimmung und das Ambiente an die jeweilige Szene anzupassen. Lassen Sie sich von der Gr\u00f6\u00dfe der PowerShot V10 digitalen, tragbaren Videokamera nicht t\u00e4uschen. Sie ist ein Vlogging-Studio in einem kompakten Paket, das mit einer Hand bedient werden kann, damit Sie Ihre Geschichten zum Ausdruck bringen k\u00f6nnen &#8211; sie verf\u00fcgt \u00fcber ein schlankes, taschengro\u00dfes Design f\u00fcr au\u00dfergew\u00f6hnliche Portabilit\u00e4t und Benutzerfreundlichkeit.<\/p>\n<\/div>\n<\/div>\n<\/div>\n<\/div>\n<\/div>\n","protected":false},"featured_media":9502,"comment_status":"open","ping_status":"closed","template":"","meta":{"_et_pb_use_builder":"","_et_pb_old_content":"","_et_gb_content_width":""},"product_brand":[],"product_cat":[1576],"product_tag":[],"class_list":{"0":"post-9503","1":"product","2":"type-product","3":"status-publish","4":"has-post-thumbnail","6":"product_cat-kamerazubehoer","8":"first","9":"instock","10":"sale","11":"taxable","12":"shipping-taxable","13":"purchasable","14":"product-type-simple"},"exclude_global_add_ons":[],"addons":[],"jetpack-related-posts":[{"id":9494,"url":"https:\/\/anythingtechnicallc.com\/index.php\/de\/product\/dji-osmo-pocket-3-creator-combo-vlogging-kamera-mit-1-cmos-4k-120fps-vlog-kamera-3-achsen-stabilisierung-gesichts-objektverfolgung-inkl-mikrofon-fuer-klaren-ton-digitale-vlogging-kamera-fu\/","url_meta":{"origin":9503,"position":0},"title":"DJI Osmo Pocket 3 Creator Combo, Vlogging-Kamera mit 1&#8221; CMOS, 4K\/120fps Vlog-Kamera, 3-Achsen-Stabilisierung, Gesichts-\/Objektverfolgung, inkl. Mikrofon f\u00fcr klaren Ton, digitale Vlogging-Kamera f\u00fcr YouTube","date":"March 21, 2026","format":false,"excerpt":"Ob auf Reisen, bei einem Nachmittag im Park mit der Familie oder beim Vloggen Ihres t\u00e4glichen Lebens - mit dem Osmo Pocket 3 k\u00f6nnen Sie unterwegs atemberaubend fl\u00fcssige Aufnahmen machen. Bitte aktualisieren Sie die Firmware auf die neueste Version f\u00fcr ein besseres Benutzererlebnis. * Aufgrund von Kompatibilit\u00e4tsproblemen mit der Plattform\u2026","rel":"","context":"Similar post","img":{"alt_text":"","src":"https:\/\/i0.wp.com\/anythingtechnicallc.com\/wp-content\/uploads\/2025\/08\/514LEUejXYL._AC_SL1500_.jpg?fit=668%2C1200&ssl=1&resize=350%2C200","width":350,"height":200},"classes":[]},{"id":9497,"url":"https:\/\/anythingtechnicallc.com\/index.php\/de\/product\/dji-osmo-pocket-3-vlogging-kamera-mit-1-cmos-4k-120fps-vlog-kamera-3-achsen-stabilisierung-schnelle-fokussierung-gesichts-objektverfolgung-digitale-vlogging-kamera-fuer-youtube\/","url_meta":{"origin":9503,"position":1},"title":"DJI Osmo Pocket 3, Vlogging-Kamera mit 1&#8221; CMOS &#038; 4K\/120fps Vlog-Kamera, 3-Achsen-Stabilisierung, schnelle Fokussierung, Gesichts-\/Objektverfolgung, digitale Vlogging-Kamera f\u00fcr YouTube","date":"March 21, 2026","format":false,"excerpt":"Ob auf Reisen, bei einem Nachmittag im Park mit der Familie oder beim Vloggen Ihres t\u00e4glichen Lebens - mit dem Osmo Pocket 3 k\u00f6nnen Sie unterwegs atemberaubend fl\u00fcssige Aufnahmen machen. Bitte aktualisieren Sie die Firmware auf die neueste Version f\u00fcr ein besseres Benutzererlebnis. * Aufgrund von Kompatibilit\u00e4tsproblemen mit der Plattform\u2026","rel":"","context":"Similar post","img":{"alt_text":"","src":"https:\/\/i0.wp.com\/anythingtechnicallc.com\/wp-content\/uploads\/2025\/08\/61tukvVUMiL._AC_SL1500_.jpg?fit=476%2C1200&ssl=1&resize=350%2C200","width":350,"height":200},"classes":[]},{"id":9555,"url":"https:\/\/anythingtechnicallc.com\/index.php\/de\/product\/hyperx-solocast-usb-kondensator-gaming-mikrofon-fuer-pc-ps4-ps5-und-mac-tap-to-mute-sensor-nieren-richtcharakteristik-ideal-fuer-streaming-podcasts-twitch-youtube-discordschwarz\/","url_meta":{"origin":9503,"position":2},"title":"HyperX SoloCast &#8211; USB-Kondensator-Gaming-Mikrofon, f\u00fcr PC, PS4, PS5 und Mac, Tap-to-Mute-Sensor, Nieren-Richtcharakteristik, ideal f\u00fcr Streaming, Podcasts, Twitch, YouTube, Discord,Schwarz","date":"March 21, 2026","format":false,"excerpt":"Das HyperX SoloCast ist f\u00fcr Streamer und Gamer gedacht, die ein gut klingendes USB-Mikrofon suchen. Es ist per Plug & Play einfach zu bedienen und verf\u00fcgt \u00fcber unseren bei Fans beliebten Tap-to-Mute-Sensor. Das vielseitige Mikrofon verf\u00fcgt \u00fcber einen flexiblen, verstellbaren St\u00e4nder und ist au\u00dferdem mit den meisten Galgenarmen kompatibel, so\u2026","rel":"","context":"Similar post","img":{"alt_text":"","src":"https:\/\/i0.wp.com\/anythingtechnicallc.com\/wp-content\/uploads\/2025\/09\/61qh7VG4pCL._AC_SL1500_.jpg?fit=526%2C1200&ssl=1&resize=350%2C200","width":350,"height":200},"classes":[]},{"id":9512,"url":"https:\/\/anythingtechnicallc.com\/index.php\/de\/product\/dji-osmo-action-5-pro-standard-combo-wasserdichte-action-kamera-mit-1-1-3-sensor-4k-120fps-video-motivverfolgung-stabilisierung-dual-oled-touchscreens-action-kamera-4k-ideal-fuer-sport-vlog\/","url_meta":{"origin":9503,"position":3},"title":"DJI Osmo Action 5 Pro Standard Combo, Wasserdichte Action-Kamera mit 1\/1.3&#8243; Sensor, 4K\/120fps Video, Motivverfolgung, Stabilisierung, Dual OLED Touchscreens, Action-Kamera 4K Ideal f\u00fcr Sport, Vlog","date":"March 21, 2026","format":false,"excerpt":"Halten Sie n\u00e4chtliche Stadtlandschaften fest - Osmo Action 5 Pro verf\u00fcgt \u00fcber einen neuen 1\/1,3\u2033-Sensor f\u00fcr atemberaubendes Low-Light. Ideal f\u00fcr n\u00e4chtliche Fahrradabenteuer in dunklen Umgebungen. Verbesserte Motivverfolgung - 4nm Chip f\u00fcr schnelle, zuverl\u00e4ssige Aufnahmen. Halten Sie sich schnell bewegende Motive in der Mitte. [7] Der 4nm-Chip sorgt f\u00fcr einen reibungslosen\u2026","rel":"","context":"Similar post","img":{"alt_text":"","src":"https:\/\/i0.wp.com\/anythingtechnicallc.com\/wp-content\/uploads\/2025\/08\/71pg9H7KEuL._AC_SL1500_.jpg?fit=1200%2C976&ssl=1&resize=350%2C200","width":350,"height":200},"classes":[]},{"id":9062,"url":"https:\/\/anythingtechnicallc.com\/index.php\/de\/product\/shure-mv51-digitales-grossmembran-kondensatormikrofon-mit-usb-und-lightning-kabeln\/","url_meta":{"origin":9503,"position":4},"title":"Shure MV51 Digitales Gro\u00dfmembran-Kondensatormikrofon mit USB- und Lightning-Kabeln","date":"March 18, 2026","format":false,"excerpt":"Gro\u00dfmembran-Kondensatorkapsel f\u00fcr vollmundige Tonaufnahmen. iOS- und USB-Konnektivit\u00e4t erm\u00f6glicht eine schnelle Einrichtung ohne Audio-Interface oder zus\u00e4tzliche Adapter oder Anschluss-Kits (Apple MFi-zertifiziert). Integrierter hinterer St\u00e4nder f\u00fcr die Verwendung auf dem Tisch. Oder schrauben Sie die Endkappe ab und befestigen Sie sie an einem Standard 5\/8\"-Mikrofonst\u00e4nder. Ber\u00fchrungssteuerung auf der Vorderseite f\u00fcr 5 DSP-Voreinstellungsmodi,\u2026","rel":"","context":"Similar post","img":{"alt_text":"","src":"https:\/\/i0.wp.com\/anythingtechnicallc.com\/wp-content\/uploads\/2024\/09\/71vrOq5on1L._AC_SL1500_.jpg?fit=834%2C1200&ssl=1&resize=350%2C200","width":350,"height":200},"classes":[]},{"id":9509,"url":"https:\/\/anythingtechnicallc.com\/index.php\/de\/product\/insta360-go-3s-128-gb-weiss-4k-winzige-tragbare-vlogging-kamera-freihaendige-povs-ueberall-montierbar-stabilisierung-140-min-akkulaufzeit-10m-wasserdicht-apple-find-my-pet-pov\/","url_meta":{"origin":9503,"position":5},"title":"Insta360 GO 3S &#8211; 128 GB Wei\u00df 4K Winzige tragbare Vlogging-Kamera, freih\u00e4ndige POVs, \u00fcberall montierbar, Stabilisierung, 140 Min. Akkulaufzeit, 10m wasserdicht, Apple Find My, Pet POV","date":"March 21, 2026","format":false,"excerpt":"1.4OZ (39G) & Daumengro\u00df- Erschlie\u00dfen Sie sich grenzenlose Kreativit\u00e4t mit der Insta360 GO 3S, einer winzigen, leistungsstarken 4K-Kamera mit einem Gewicht von nur 1.4oz (39g). Hochwertige Aufnahmen in einem winzigen, aber m\u00e4chtigen Paket. 4K HANDS-FREE POVS - Ein leistungsstarker Chip f\u00fcr hochwertiges Filmmaterial und ein neues Weitwinkelobjektiv. Nehmen Sie 4K-Freihand-POVs\u2026","rel":"","context":"Similar post","img":{"alt_text":"","src":"https:\/\/i0.wp.com\/anythingtechnicallc.com\/wp-content\/uploads\/2025\/08\/71ti3cYFEwL._AC_SL1500_.jpg?fit=1122%2C1200&ssl=1&resize=350%2C200","width":350,"height":200},"classes":[]}],"pll_sync_post":[],"lang":"de","translations":{"de":9503,"en":7644},"_links":{"self":[{"href":"https:\/\/anythingtechnicallc.com\/index.php\/wp-json\/wp\/v2\/product\/9503","targetHints":{"allow":["GET"]}}],"collection":[{"href":"https:\/\/anythingtechnicallc.com\/index.php\/wp-json\/wp\/v2\/product"}],"about":[{"href":"https:\/\/anythingtechnicallc.com\/index.php\/wp-json\/wp\/v2\/types\/product"}],"replies":[{"embeddable":true,"href":"https:\/\/anythingtechnicallc.com\/index.php\/wp-json\/wp\/v2\/comments?post=9503"}],"wp:featuredmedia":[{"embeddable":true,"href":"https:\/\/anythingtechnicallc.com\/index.php\/wp-json\/wp\/v2\/media\/9502"}],"wp:attachment":[{"href":"https:\/\/anythingtechnicallc.com\/index.php\/wp-json\/wp\/v2\/media?parent=9503"}],"wp:term":[{"taxonomy":"product_brand","embeddable":true,"href":"https:\/\/anythingtechnicallc.com\/index.php\/wp-json\/wp\/v2\/product_brand?post=9503"},{"taxonomy":"product_cat","embeddable":true,"href":"https:\/\/anythingtechnicallc.com\/index.php\/wp-json\/wp\/v2\/product_cat?post=9503"},{"taxonomy":"product_tag","embeddable":true,"href":"https:\/\/anythingtechnicallc.com\/index.php\/wp-json\/wp\/v2\/product_tag?post=9503"}],"curies":[{"name":"wp","href":"https:\/\/api.w.org\/{rel}","templated":true}]}}