{"id":9506,"date":"2026-03-21T12:31:55","date_gmt":"2026-03-21T12:31:55","guid":{"rendered":"https:\/\/anythingtechnicallc.com\/?post_type=product&#038;p=9506"},"modified":"2026-03-21T12:33:42","modified_gmt":"2026-03-21T12:33:42","slug":"sony-zv-1f-vlog-kamera-fuer-content-creators-und-vlogger","status":"publish","type":"product","link":"https:\/\/anythingtechnicallc.com\/index.php\/de\/product\/sony-zv-1f-vlog-kamera-fuer-content-creators-und-vlogger\/","title":{"rendered":"Sony ZV-1F Vlog Kamera f\u00fcr Content Creators und Vlogger"},"content":{"rendered":"<div class=\"a-section a-spacing-none premium-aplus-column\">\n<div class=\"a-section a-spacing-none column-description\">\n<p class=\"aplus-p3\">Mit der ZV-1F k\u00f6nnen Sie alles festhalten &#8211; sie erm\u00f6glicht es Ihnen, ein Gruppen-Selfie zusammen mit einem weiten Blick auf die Hintergrundkulisse aufzunehmen. Da das Ultra-Weitwinkelobjektiv der Kamera mit 20 mm1 ein gr\u00f6\u00dferes Sichtfeld als das menschliche Gesichtsfeld erfasst, k\u00f6nnen Sie Bilder mit beeindruckender Tiefe und Perspektive aufnehmen.<\/p>\n<\/div>\n<\/div>\n<div class=\"a-section a-spacing-none premium-aplus-column\">\n<div class=\"celwidget aplus-module premium-module-4-two-column-images aplus-premium\" data-csa-c-id=\"uryrrl-1vudty-o520sh-rutsoa\" data-cel-widget=\"aplus-premium-module-4-two-column-images\">\n<div class=\"a-section a-spacing-none premium-aplus premium-aplus-module-4 aplus-container-1\">\n<div class=\"a-section a-spacing-none premium-aplus-two-column\">\n<div class=\"a-section a-spacing-none premium-aplus-column\">\n<div class=\"a-section a-spacing-none column-description\">\n<p class=\"aplus-p3\">Machen Sie bei jeder Aufnahme eine gute Figur. Ohne spezielle Einstellungen f\u00e4ngt die ZV-1F Ihren Hautton genau ein und sorgt so f\u00fcr ein gesundes und nat\u00fcrliches Aussehen. Es gibt auch einen Soft-Skin-Effekt, der auf AUS\/ Niedrig\/ Mittel\/ Hoch eingestellt werden kann, um die Gl\u00e4tte Ihrer Haut anzupassen.<\/p>\n<\/div>\n<\/div>\n<\/div>\n<\/div>\n<\/div>\n<div class=\"celwidget aplus-module premium-module-4-two-column-images aplus-premium\" data-csa-c-id=\"v3n53a-jr4equ-kz8pa1-q1n5ic\" data-cel-widget=\"aplus-premium-module-4-two-column-images\">\n<div class=\"a-section a-spacing-none premium-aplus premium-aplus-module-4 aplus-container-1\">\n<div class=\"a-section a-spacing-none premium-aplus-two-column\">\n<div class=\"a-section a-spacing-none premium-aplus-column\">\n<div class=\"a-section a-spacing-none premium-aplus-column\">\n<div class=\"a-section a-spacing-none column-description\">\n<p class=\"aplus-p3\">Mit dem Augen-AF erkennt die Kamera automatisch menschliche Gesichter und Augen und sorgt daf\u00fcr, dass Sie vor dem Objektiv im Fokus bleiben. Das Umschalten des Fokus auf ein anderes Motiv ist ganz einfach &#8211; ber\u00fchren Sie einfach den Bildschirm. Face Priority AE (automatische Belichtung) hellt Ihr Gesicht automatisch auf.<\/p>\n<\/div>\n<\/div>\n<div class=\"a-section a-spacing-none premium-aplus-column\">\n<div class=\"celwidget aplus-module premium-module-4-two-column-images aplus-premium\" data-csa-c-id=\"v3n53a-jr4equ-kz8pa1-q1n5ic\" data-cel-widget=\"aplus-premium-module-4-two-column-images\">\n<div class=\"a-section a-spacing-none premium-aplus premium-aplus-module-4 aplus-container-1\">\n<div class=\"a-section a-spacing-none premium-aplus-two-column\">\n<div class=\"a-section a-spacing-none premium-aplus-column\">\n<div class=\"a-section a-spacing-none column-description\">\n<p class=\"aplus-p3\">Erzielen Sie sch\u00f6ne defokussierte Hintergr\u00fcnde. Ein Druck auf den Bokeh-Schalter. Der gro\u00dfe 1-Zoll-Sensor der Kamera und das Objektiv mit einer gro\u00dfen Blenden\u00f6ffnung von F2.0 erm\u00f6glichen ein echtes optisches Bokeh. W\u00e4hlen Sie (Defocus), um das Hauptmotiv vor dem defokussierten Hintergrundbokeh hervorzuheben, oder (Clear), um das gesamte Bild im Fokus zu halten.<\/p>\n<\/div>\n<\/div>\n<\/div>\n<\/div>\n<\/div>\n<div class=\"celwidget aplus-module premium-module-8-hero-video aplus-premium\" data-csa-c-id=\"l4udsc-jx17e4-q4j39y-b8a8ik\" data-cel-widget=\"aplus-premium-module-8-hero-video\">\n<div class=\"a-section a-spacing-none premium-aplus premium-aplus-module-8\">\n<div class=\"a-section a-spacing-none premium-aplus-module-8-video\">\n<ul class=\"a-unordered-list a-vertical a-spacing-mini\">\n<li class=\"a-spacing-mini\"><span class=\"a-list-item\">Das extrem breite 20-mm-Objektiv f\u00e4ngt alles im Bild ein, selbst bei Arml\u00e4nge. <\/span><\/li>\n<li class=\"a-spacing-mini\"><span class=\"a-list-item\">Gro\u00dfer 1-Zoll-Sensor und F2-Objektiv, f\u00fcr schwaches Licht und defokussierte Hintergr\u00fcnde. <\/span><\/li>\n<li class=\"a-spacing-mini\"><span class=\"a-list-item\">Bleiben Sie fokussiert mit Eye-AF und Autofokus-Tracking-Technologie. <\/span><\/li>\n<li class=\"a-spacing-mini\"><span class=\"a-list-item\">Seitlich beweglicher Touchscreen-LCD-Bildschirm f\u00fcr die einfache Zusammenstellung von Selfie-Aufnahmen. <\/span><\/li>\n<li class=\"a-spacing-mini\"><span class=\"a-list-item\">Klare Stimme mit direktionalem 3-Kapsel-Mikrofon und Windschutz-Zubeh\u00f6r4. <\/span><\/li>\n<\/ul>\n<\/div>\n<\/div>\n<\/div>\n<\/div>\n<\/div>\n<\/div>\n<\/div>\n<\/div>\n<\/div>\n","protected":false},"excerpt":{"rendered":"<div class=\"a-section a-spacing-none premium-aplus-column\">\n<div class=\"a-section a-spacing-none column-description\">\n<p class=\"aplus-p3\">Mit der ZV-1F k\u00f6nnen Sie alles festhalten &#8211; sie erm\u00f6glicht es Ihnen, ein Gruppen-Selfie zusammen mit einem weitl\u00e4ufigen Blick auf die Hintergrundkulisse aufzunehmen. Da das Ultraweitwinkelobjektiv der Kamera mit 20 mm1 ein gr\u00f6\u00dferes Sichtfeld als das menschliche Gesichtsfeld erfasst, k\u00f6nnen Sie Bilder mit beeindruckender Tiefe und Perspektive aufnehmen.<\/p>\n<\/div>\n<\/div>\n<div class=\"a-section a-spacing-none premium-aplus-column\">\n<div class=\"celwidget aplus-module premium-module-4-two-column-images aplus-premium\" data-csa-c-id=\"uryrrl-1vudty-o520sh-rutsoa\" data-cel-widget=\"aplus-premium-module-4-two-column-images\">\n<div class=\"a-section a-spacing-none premium-aplus premium-aplus-module-4 aplus-container-1\">\n<div class=\"a-section a-spacing-none premium-aplus-two-column\">\n<div class=\"a-section a-spacing-none premium-aplus-column\">\n<div class=\"a-section a-spacing-none column-description\">\n<p class=\"aplus-p3\">Machen Sie bei jeder Aufnahme eine gute Figur. Ohne spezielle Einstellungen f\u00e4ngt die ZV-1F Ihren Hautton genau ein und sorgt so f\u00fcr ein gesundes und nat\u00fcrliches Aussehen. Es gibt auch einen Soft-Skin-Effekt, der auf AUS\/ Niedrig\/ Mittel\/ Hoch eingestellt werden kann, um die Gl\u00e4tte Ihrer Haut anzupassen.<\/p>\n<\/div>\n<\/div>\n<\/div>\n<\/div>\n<\/div>\n<div class=\"celwidget aplus-module premium-module-4-two-column-images aplus-premium\" data-csa-c-id=\"v3n53a-jr4equ-kz8pa1-q1n5ic\" data-cel-widget=\"aplus-premium-module-4-two-column-images\">\n<div class=\"a-section a-spacing-none premium-aplus premium-aplus-module-4 aplus-container-1\">\n<div class=\"a-section a-spacing-none premium-aplus-two-column\">\n<div class=\"a-section a-spacing-none premium-aplus-column\">\n<div class=\"a-section a-spacing-none premium-aplus-column\">\n<div class=\"a-section a-spacing-none column-description\">\n<p class=\"aplus-p3\">Mit dem Augen-AF erkennt die Kamera automatisch menschliche Gesichter und Augen und sorgt daf\u00fcr, dass Sie vor dem Objektiv im Fokus bleiben. Das Umschalten des Fokus auf ein anderes Motiv ist ganz einfach &#8211; ber\u00fchren Sie einfach den Bildschirm. Face Priority AE (automatische Belichtung) hellt Ihr Gesicht automatisch auf.<\/p>\n<\/div>\n<\/div>\n<div class=\"a-section a-spacing-none premium-aplus-column\">\n<div class=\"celwidget aplus-module premium-module-4-two-column-images aplus-premium\" data-csa-c-id=\"v3n53a-jr4equ-kz8pa1-q1n5ic\" data-cel-widget=\"aplus-premium-module-4-two-column-images\">\n<div class=\"a-section a-spacing-none premium-aplus premium-aplus-module-4 aplus-container-1\">\n<div class=\"a-section a-spacing-none premium-aplus-two-column\">\n<div class=\"a-section a-spacing-none premium-aplus-column\">\n<div class=\"a-section a-spacing-none column-description\">\n<p class=\"aplus-p3\">Erzielen Sie sch\u00f6ne defokussierte Hintergr\u00fcnde. Ein Druck auf den Bokeh-Schalter. Der gro\u00dfe 1-Zoll-Sensor der Kamera und das Objektiv mit einer gro\u00dfen Blenden\u00f6ffnung von F2.0 erm\u00f6glichen ein echtes optisches Bokeh. W\u00e4hlen Sie (Defocus), um das Hauptmotiv vor dem defokussierten Hintergrundbokeh hervorzuheben, oder (Clear), um das gesamte Bild im Fokus zu halten.<\/p>\n<\/div>\n<\/div>\n<\/div>\n<\/div>\n<\/div>\n<div class=\"celwidget aplus-module premium-module-8-hero-video aplus-premium\" data-csa-c-id=\"l4udsc-jx17e4-q4j39y-b8a8ik\" data-cel-widget=\"aplus-premium-module-8-hero-video\">\n<div class=\"a-section a-spacing-none premium-aplus premium-aplus-module-8\">\n<div class=\"a-section a-spacing-none premium-aplus-module-8-video\">\n<ul class=\"a-unordered-list a-vertical a-spacing-mini\">\n<li class=\"a-spacing-mini\"><span class=\"a-list-item\">Das extrem breite 20-mm-Objektiv f\u00e4ngt alles im Bild ein, selbst bei Arml\u00e4nge. <\/span><\/li>\n<li class=\"a-spacing-mini\"><span class=\"a-list-item\">Gro\u00dfer 1-Zoll-Sensor und F2-Objektiv, f\u00fcr schwaches Licht und defokussierte Hintergr\u00fcnde. <\/span><\/li>\n<li class=\"a-spacing-mini\"><span class=\"a-list-item\">Bleiben Sie fokussiert mit Eye-AF und Autofokus-Tracking-Technologie. <\/span><\/li>\n<li class=\"a-spacing-mini\"><span class=\"a-list-item\">Seitlich bewegliches Touchscreen-LCD f\u00fcr die einfache Erstellung von Selfie-Aufnahmen. <\/span><\/li>\n<li class=\"a-spacing-mini\"><span class=\"a-list-item\">Klare Stimme mit direktionalem 3-Kapsel-Mikrofon und Windschutz-Zubeh\u00f6r4. <\/span><\/li>\n<\/ul>\n<\/div>\n<\/div>\n<\/div>\n<\/div>\n<\/div>\n<\/div>\n<\/div>\n<\/div>\n<\/div>\n","protected":false},"featured_media":9505,"comment_status":"open","ping_status":"closed","template":"","meta":{"_et_pb_use_builder":"","_et_pb_old_content":"","_et_gb_content_width":""},"product_brand":[],"product_cat":[1576],"product_tag":[],"class_list":{"0":"post-9506","1":"product","2":"type-product","3":"status-publish","4":"has-post-thumbnail","6":"product_cat-kamerazubehoer","8":"first","9":"instock","10":"sale","11":"taxable","12":"shipping-taxable","13":"purchasable","14":"product-type-simple"},"exclude_global_add_ons":[],"addons":[],"jetpack-related-posts":[{"id":9515,"url":"https:\/\/anythingtechnicallc.com\/index.php\/de\/product\/dji-osmo-action-4-standard-combo-4k-120fps-wasserdichte-action-kamera-mit-1-13-zoll-sensor-atemberaubende-low-light-bilder-10-bit-d-log-m-farbleistung-lange-laufzeit-von-160-minuten-outdoor-ka\/","url_meta":{"origin":9506,"position":0},"title":"DJI Osmo Action 4 Standard Combo, 4K\/120fps Wasserdichte Action-Kamera mit 1\/1,3-Zoll-Sensor, atemberaubende Low-Light-Bilder, 10-Bit &#038; D-Log M Farbleistung, lange Laufzeit von 160 Minuten, Outdoor-Kamera","date":"March 21, 2026","format":false,"excerpt":"Tadellose Bildqualit\u00e4t bei Tag und Nacht - Erleben Sie mit dem gro\u00dfen 1\/1,3-Zoll-Sensor der 4K-Actionkamera eine atemberaubende Bildsch\u00e4rfe und unvergleichliche Leistung bei schlechten Lichtverh\u00e4ltnissen, die jedes Abenteuer von der Morgend\u00e4mmerung bis zur Abendd\u00e4mmerung in atemberaubenden Details festh\u00e4lt. Lebendige, naturgetreue Farben - Werten Sie Ihre Aufnahmen mit 10-Bit und D-Log M\u2026","rel":"","context":"Similar post","img":{"alt_text":"","src":"https:\/\/i0.wp.com\/anythingtechnicallc.com\/wp-content\/uploads\/2025\/08\/71wlB2kVcL._AC_SL1500_.jpg?fit=1200%2C762&ssl=1&resize=350%2C200","width":350,"height":200},"classes":[]},{"id":9512,"url":"https:\/\/anythingtechnicallc.com\/index.php\/de\/product\/dji-osmo-action-5-pro-standard-combo-wasserdichte-action-kamera-mit-1-1-3-sensor-4k-120fps-video-motivverfolgung-stabilisierung-dual-oled-touchscreens-action-kamera-4k-ideal-fuer-sport-vlog\/","url_meta":{"origin":9506,"position":1},"title":"DJI Osmo Action 5 Pro Standard Combo, Wasserdichte Action-Kamera mit 1\/1.3&#8243; Sensor, 4K\/120fps Video, Motivverfolgung, Stabilisierung, Dual OLED Touchscreens, Action-Kamera 4K Ideal f\u00fcr Sport, Vlog","date":"March 21, 2026","format":false,"excerpt":"Halten Sie n\u00e4chtliche Stadtlandschaften fest - Osmo Action 5 Pro verf\u00fcgt \u00fcber einen neuen 1\/1,3\u2033-Sensor f\u00fcr atemberaubendes Low-Light. Ideal f\u00fcr n\u00e4chtliche Fahrradabenteuer in dunklen Umgebungen. Verbesserte Motivverfolgung - 4nm Chip f\u00fcr schnelle, zuverl\u00e4ssige Aufnahmen. Halten Sie sich schnell bewegende Motive in der Mitte. [7] Der 4nm-Chip sorgt f\u00fcr einen reibungslosen\u2026","rel":"","context":"Similar post","img":{"alt_text":"","src":"https:\/\/i0.wp.com\/anythingtechnicallc.com\/wp-content\/uploads\/2025\/08\/71pg9H7KEuL._AC_SL1500_.jpg?fit=1200%2C976&ssl=1&resize=350%2C200","width":350,"height":200},"classes":[]},{"id":9527,"url":"https:\/\/anythingtechnicallc.com\/index.php\/de\/product\/erneuertes-poly-studio-r30-4k-videokonferenzsystem-kamera-mikrofon-und-lautsprecherleiste-fuer-kleine-raeume-presenter-tracking-noiseblockai-framing-plug-play-funktioniert-mit-teams-zoom\/","url_meta":{"origin":9506,"position":2},"title":"Erneuertes Poly Studio R30 4K Videokonferenzsystem &#8211; Kamera, Mikrofon und Lautsprecherleiste f\u00fcr kleine R\u00e4ume &#8211; Presenter Tracking, NoiseBlockAI, Framing &#8211; Plug &#038; Play &#8211; Funktioniert mit Teams, Zoom &#038; mehr","date":"March 21, 2026","format":false,"excerpt":"KI-UNTERST\u00dcTZTE MEETINGS: Erstellen Sie virtuelle Meetings, die sich anf\u00fchlen, als w\u00e4ren Sie pers\u00f6nlich anwesend, mit der Poly DirectorAI Auto-Framing- und Tracking-Technologie. Verhindern Sie mit den Technologien NoiseBlockAI und Acoustic Fence, dass st\u00f6rende Ger\u00e4usche Ihre Meetings unterbrechen. KLANGREICHES, KLARES AUDIO: Stellen Sie sicher, dass Sie mit dem fortschrittlichen 3-Mikrofon-Array immer deutlich\u2026","rel":"","context":"Similar post","img":{"alt_text":"","src":"https:\/\/i0.wp.com\/anythingtechnicallc.com\/wp-content\/uploads\/2025\/09\/71sMVgqgfsL._AC_SL1500_.jpg?fit=1200%2C763&ssl=1&resize=350%2C200","width":350,"height":200},"classes":[]},{"id":9243,"url":"https:\/\/anythingtechnicallc.com\/index.php\/de\/product\/weitwinkelobjektiv-fuer-sony-zv1-wl-1-zv1-18mm-weitwinkel-10x-makro-2-in-1-zusatzobjektiv-fuer-sony-zv1-rx100-vii-kamera\/","url_meta":{"origin":9506,"position":3},"title":"Weitwinkelobjektiv f\u00fcr Sony ZV1 WL-1 ZV1 18mm Weitwinkel\/ 10X Makro 2-in-1 Zusatzobjektiv f\u00fcr Sony ZV1\/RX100 VII Kamera","date":"March 19, 2026","format":false,"excerpt":"\u301018mm Weitwinkelobjektiv\u3011- Das WL-1 ZV1 Zusatzobjektiv kann das Sony ZV1 24mm Objektiv in ein 18mm Weitwinkelobjektiv verwandeln. HINWEIS:Das Weitwinkelobjektiv kann nicht einzeln verwendet werden. Es muss zusammen mit dem Makroobjektiv verwendet werden. \u301010X Makroobjektiv\u3011- Das Makroobjektiv kann das Sony ZVI Originalobjektiv in ein 10X Makroobjektiv verwandeln. Mit dem zus\u00e4tzlichen Objektiv\u2026","rel":"","context":"Similar post","img":{"alt_text":"","src":"https:\/\/i0.wp.com\/anythingtechnicallc.com\/wp-content\/uploads\/2025\/06\/Wide-Angle-Lens-for-Sony-ZV1.jpg?fit=800%2C800&ssl=1&resize=350%2C200","width":350,"height":200},"classes":[]},{"id":9509,"url":"https:\/\/anythingtechnicallc.com\/index.php\/de\/product\/insta360-go-3s-128-gb-weiss-4k-winzige-tragbare-vlogging-kamera-freihaendige-povs-ueberall-montierbar-stabilisierung-140-min-akkulaufzeit-10m-wasserdicht-apple-find-my-pet-pov\/","url_meta":{"origin":9506,"position":4},"title":"Insta360 GO 3S &#8211; 128 GB Wei\u00df 4K Winzige tragbare Vlogging-Kamera, freih\u00e4ndige POVs, \u00fcberall montierbar, Stabilisierung, 140 Min. Akkulaufzeit, 10m wasserdicht, Apple Find My, Pet POV","date":"March 21, 2026","format":false,"excerpt":"1.4OZ (39G) & Daumengro\u00df- Erschlie\u00dfen Sie sich grenzenlose Kreativit\u00e4t mit der Insta360 GO 3S, einer winzigen, leistungsstarken 4K-Kamera mit einem Gewicht von nur 1.4oz (39g). Hochwertige Aufnahmen in einem winzigen, aber m\u00e4chtigen Paket. 4K HANDS-FREE POVS - Ein leistungsstarker Chip f\u00fcr hochwertiges Filmmaterial und ein neues Weitwinkelobjektiv. Nehmen Sie 4K-Freihand-POVs\u2026","rel":"","context":"Similar post","img":{"alt_text":"","src":"https:\/\/i0.wp.com\/anythingtechnicallc.com\/wp-content\/uploads\/2025\/08\/71ti3cYFEwL._AC_SL1500_.jpg?fit=1122%2C1200&ssl=1&resize=350%2C200","width":350,"height":200},"classes":[]},{"id":9497,"url":"https:\/\/anythingtechnicallc.com\/index.php\/de\/product\/dji-osmo-pocket-3-vlogging-kamera-mit-1-cmos-4k-120fps-vlog-kamera-3-achsen-stabilisierung-schnelle-fokussierung-gesichts-objektverfolgung-digitale-vlogging-kamera-fuer-youtube\/","url_meta":{"origin":9506,"position":5},"title":"DJI Osmo Pocket 3, Vlogging-Kamera mit 1&#8221; CMOS &#038; 4K\/120fps Vlog-Kamera, 3-Achsen-Stabilisierung, schnelle Fokussierung, Gesichts-\/Objektverfolgung, digitale Vlogging-Kamera f\u00fcr YouTube","date":"March 21, 2026","format":false,"excerpt":"Ob auf Reisen, bei einem Nachmittag im Park mit der Familie oder beim Vloggen Ihres t\u00e4glichen Lebens - mit dem Osmo Pocket 3 k\u00f6nnen Sie unterwegs atemberaubend fl\u00fcssige Aufnahmen machen. Bitte aktualisieren Sie die Firmware auf die neueste Version f\u00fcr ein besseres Benutzererlebnis. * Aufgrund von Kompatibilit\u00e4tsproblemen mit der Plattform\u2026","rel":"","context":"Similar post","img":{"alt_text":"","src":"https:\/\/i0.wp.com\/anythingtechnicallc.com\/wp-content\/uploads\/2025\/08\/61tukvVUMiL._AC_SL1500_.jpg?fit=476%2C1200&ssl=1&resize=350%2C200","width":350,"height":200},"classes":[]}],"pll_sync_post":[],"lang":"de","translations":{"de":9506,"en":7646},"_links":{"self":[{"href":"https:\/\/anythingtechnicallc.com\/index.php\/wp-json\/wp\/v2\/product\/9506","targetHints":{"allow":["GET"]}}],"collection":[{"href":"https:\/\/anythingtechnicallc.com\/index.php\/wp-json\/wp\/v2\/product"}],"about":[{"href":"https:\/\/anythingtechnicallc.com\/index.php\/wp-json\/wp\/v2\/types\/product"}],"replies":[{"embeddable":true,"href":"https:\/\/anythingtechnicallc.com\/index.php\/wp-json\/wp\/v2\/comments?post=9506"}],"wp:featuredmedia":[{"embeddable":true,"href":"https:\/\/anythingtechnicallc.com\/index.php\/wp-json\/wp\/v2\/media\/9505"}],"wp:attachment":[{"href":"https:\/\/anythingtechnicallc.com\/index.php\/wp-json\/wp\/v2\/media?parent=9506"}],"wp:term":[{"taxonomy":"product_brand","embeddable":true,"href":"https:\/\/anythingtechnicallc.com\/index.php\/wp-json\/wp\/v2\/product_brand?post=9506"},{"taxonomy":"product_cat","embeddable":true,"href":"https:\/\/anythingtechnicallc.com\/index.php\/wp-json\/wp\/v2\/product_cat?post=9506"},{"taxonomy":"product_tag","embeddable":true,"href":"https:\/\/anythingtechnicallc.com\/index.php\/wp-json\/wp\/v2\/product_tag?post=9506"}],"curies":[{"name":"wp","href":"https:\/\/api.w.org\/{rel}","templated":true}]}}