{"id":9509,"date":"2026-03-21T12:32:58","date_gmt":"2026-03-21T12:32:58","guid":{"rendered":"https:\/\/anythingtechnicallc.com\/?post_type=product&#038;p=9509"},"modified":"2026-03-21T12:32:59","modified_gmt":"2026-03-21T12:32:59","slug":"insta360-go-3s-128-gb-weiss-4k-winzige-tragbare-vlogging-kamera-freihaendige-povs-ueberall-montierbar-stabilisierung-140-min-akkulaufzeit-10m-wasserdicht-apple-find-my-pet-pov","status":"publish","type":"product","link":"https:\/\/anythingtechnicallc.com\/index.php\/de\/product\/insta360-go-3s-128-gb-weiss-4k-winzige-tragbare-vlogging-kamera-freihaendige-povs-ueberall-montierbar-stabilisierung-140-min-akkulaufzeit-10m-wasserdicht-apple-find-my-pet-pov\/","title":{"rendered":"Insta360 GO 3S &#8211; 128 GB Wei\u00df 4K Winzige tragbare Vlogging-Kamera, freih\u00e4ndige POVs, \u00fcberall montierbar, Stabilisierung, 140 Min. Akkulaufzeit, 10m wasserdicht, Apple Find My, Pet POV"},"content":{"rendered":"<ul class=\"a-unordered-list a-vertical a-spacing-mini\">\n<li class=\"a-spacing-mini\"><span class=\"a-list-item\">1.4OZ (39G) &amp; Daumengro\u00df- Erschlie\u00dfen Sie sich grenzenlose Kreativit\u00e4t mit der Insta360 GO 3S, einer winzigen, leistungsstarken 4K-Kamera mit einem Gewicht von nur 1.4oz (39g). Hochwertige Aufnahmen in einem winzigen, aber m\u00e4chtigen Paket. <\/span><\/li>\n<li class=\"a-spacing-mini\"><span class=\"a-list-item\">4K HANDS-FREE POVS &#8211; Ein leistungsstarker Chip f\u00fcr hochwertiges Filmmaterial und ein neues Weitwinkelobjektiv. Nehmen Sie 4K-Freihand-POVs mit dem neuen MegaView FOV f\u00fcr ultrabreite Aufnahmen mit weniger Verzerrung auf. <\/span><\/li>\n<li class=\"a-spacing-mini\"><span class=\"a-list-item\">BENUTZEN SIE DEN ACTION POD &#8211; Riesiger 2,2&#8243;-Klappbildschirm, Fernbedienung, Live-Vorschau und eine enorme Akkulaufzeit von 140 Minuten. Sie k\u00f6nnen die Kamera auch w\u00e4hrend der Aufnahme aufladen. <\/span><\/li>\n<li class=\"a-spacing-mini\"><span class=\"a-list-item\">FLOWSTATE STABILIZATION &#8211; Die kardanische FlowState-Stabilisierung und die Horizontverriegelung sorgen daf\u00fcr, dass Ihre Aufnahmen immer gleichm\u00e4\u00dfig und waagerecht sind, egal, worauf Sie GO werfen. <\/span><\/li>\n<li class=\"a-spacing-mini\"><span class=\"a-list-item\">\u00dcBERALL ANBRINGEN &#8211; Mit ihrem magnetischen Design und einer Reihe von praktischem Zubeh\u00f6r k\u00f6nnen Sie kreativ werden und Winkel aufnehmen, die keine andere Kamera schafft. Das ist die St\u00e4rke von tiny. <\/span><\/li>\n<li class=\"a-spacing-mini\"><span class=\"a-list-item\">GER\u00dcSTET &amp; WASSERDICHT &#8211; Halten Sie mit dem wasserdichten GO 3S nach IPX8 oder dem Action Pod nach IPX4 m\u00fchelos Unterwassermomente fest. Mit dem Dive Case k\u00f6nnen Sie sogar bis zu 60 m (197 ft) tief tauchen. <\/span><\/li>\n<li class=\"a-spacing-mini\"><span class=\"a-list-item\">EINFACHE AUFNAHME &#8211; Schnellere, effizientere Aufnahmen mit QuickCapture, mit nur einem einzigen Druck. Die neuen Optionen f\u00fcr Gestensteuerung und Sprachsteuerung erleichtern die Aufnahme, wenn der GO 3S au\u00dfer Reichweite ist. <\/span><\/li>\n<\/ul>\n<div class=\"a-row a-expander-container a-expander-inline-container\">\n<div class=\"a-expander-content a-expander-extend-content a-expander-content-expanded\" data-expanded=\"true\">\n<ul class=\"a-unordered-list a-vertical a-spacing-none\">\n<li class=\"a-spacing-mini\"><span class=\"a-list-item\">KI-BEARBEITUNG &#8211; Lassen Sie die automatische Bearbeitung ihre Magie wirken, indem sie Highlights findet und sie im Takt der Musik bearbeitet. Teilen Sie Ihre Aufnahmen in FreeFrame Video ganz einfach auf jeder sozialen Plattform in jedem Verh\u00e4ltnis. <\/span><\/li>\n<\/ul>\n<\/div>\n<\/div>\n","protected":false},"excerpt":{"rendered":"<ul class=\"a-unordered-list a-vertical a-spacing-mini\">\n<li class=\"a-spacing-mini\"><span class=\"a-list-item\">1.4OZ (39G) &amp; Daumengro\u00df- Erschlie\u00dfen Sie sich grenzenlose Kreativit\u00e4t mit der Insta360 GO 3S, einer winzigen, leistungsstarken 4K-Kamera mit einem Gewicht von nur 1.4oz (39g). Hochwertige Aufnahmen in einem winzigen, aber m\u00e4chtigen Paket. <\/span><\/li>\n<li class=\"a-spacing-mini\"><span class=\"a-list-item\">4K HANDS-FREE POVS &#8211; Ein leistungsstarker Chip f\u00fcr hochwertiges Filmmaterial und ein neues Weitwinkelobjektiv. Nehmen Sie 4K-Freihand-POVs mit dem neuen MegaView FOV f\u00fcr ultrabreite Aufnahmen mit weniger Verzerrung auf. <\/span><\/li>\n<li class=\"a-spacing-mini\"><span class=\"a-list-item\">BENUTZEN SIE DEN ACTION POD &#8211; Riesiger 2,2&#8243;-Klappbildschirm, Fernbedienung, Live-Vorschau und eine enorme Akkulaufzeit von 140 Minuten. Sie k\u00f6nnen die Kamera auch w\u00e4hrend der Aufnahme aufladen. <\/span><\/li>\n<li class=\"a-spacing-mini\"><span class=\"a-list-item\">FLOWSTATE STABILIZATION &#8211; Die kardanische FlowState-Stabilisierung und die Horizontverriegelung sorgen daf\u00fcr, dass Ihre Aufnahmen immer gleichm\u00e4\u00dfig und waagerecht sind, egal, worauf Sie GO werfen. <\/span><\/li>\n<li class=\"a-spacing-mini\"><span class=\"a-list-item\">\u00dcBERALL ANBRINGEN &#8211; Mit ihrem magnetischen Design und einer Reihe von praktischem Zubeh\u00f6r k\u00f6nnen Sie kreativ werden und Winkel aufnehmen, die keine andere Kamera schafft. Das ist die St\u00e4rke von tiny. <\/span><\/li>\n<li class=\"a-spacing-mini\"><span class=\"a-list-item\">GER\u00dcSTET &amp; WASSERDICHT &#8211; Halten Sie mit dem wasserdichten GO 3S nach IPX8 oder dem Action Pod nach IPX4 m\u00fchelos Unterwassermomente fest. Mit dem Dive Case k\u00f6nnen Sie sogar bis zu 60 m (197 ft) tief tauchen. <\/span><\/li>\n<li class=\"a-spacing-mini\"><span class=\"a-list-item\">EINFACHE AUFNAHME &#8211; Schnellere, effiziente Aufnahmen mit QuickCapture, mit nur einem einzigen Druck. Die neuen Optionen f\u00fcr Gestensteuerung und Sprachsteuerung erleichtern die Aufnahme, wenn der GO 3S au\u00dfer Reichweite ist. <\/span><\/li>\n<\/ul>\n<div class=\"a-row a-expander-container a-expander-inline-container\">\n<div class=\"a-expander-content a-expander-extend-content a-expander-content-expanded\" data-expanded=\"true\">\n<ul class=\"a-unordered-list a-vertical a-spacing-none\">\n<li class=\"a-spacing-mini\"><span class=\"a-list-item\">KI-BEARBEITUNG &#8211; Lassen Sie die automatische Bearbeitung ihre Magie wirken, indem sie Highlights findet und sie im Takt der Musik bearbeitet. Teilen Sie Ihre Aufnahmen im FreeFrame Video ganz einfach auf jeder sozialen Plattform in jedem Verh\u00e4ltnis. <\/span><\/li>\n<\/ul>\n<\/div>\n<\/div>\n","protected":false},"featured_media":9508,"comment_status":"open","ping_status":"closed","template":"","meta":{"_et_pb_use_builder":"","_et_pb_old_content":"","_et_gb_content_width":""},"product_brand":[],"product_cat":[1576],"product_tag":[],"class_list":{"0":"post-9509","1":"product","2":"type-product","3":"status-publish","4":"has-post-thumbnail","6":"product_cat-kamerazubehoer","8":"first","9":"instock","10":"sale","11":"taxable","12":"shipping-taxable","13":"purchasable","14":"product-type-simple"},"exclude_global_add_ons":[],"addons":[],"jetpack-related-posts":[{"id":9635,"url":"https:\/\/anythingtechnicallc.com\/index.php\/de\/product\/gebrauchte-dji-mini-2-ultraleichter-und-faltbarer-drohnen-quadcopter-3-achsen-gimbal-mit-4k-kamera-12mp-foto-31-minuten-flugzeit-ocusync-2-0-10km-hd-videouebertragung-quickshots-grau\/","url_meta":{"origin":9509,"position":0},"title":"Gebrauchte DJI Mini 2 &#8211; Ultraleichter und faltbarer Drohnen-Quadcopter, 3-Achsen-Gimbal mit 4K Kamera, 12MP Foto, 31 Minuten Flugzeit, OcuSync 2.0 10km HD Video\u00fcbertragung, QuickShots Grau","date":"March 24, 2026","format":false,"excerpt":"\u3010PACKEN SIE LEICHT, FLIEGEN SIE FREI\u3011: Mit weniger als 249 g wiegt sie etwa so viel wie ein Apfel und passt in Ihre Handfl\u00e4che. Kompakt und praktisch ist diese kleine Drohne Ihr idealer Reisebegleiter, der die Art und Weise, wie Sie Ihre sch\u00f6nsten Erinnerungen festhalten, ver\u00e4ndert. \u30103-AXIS GIMBAL MIT 4K\u2026","rel":"","context":"Similar post","img":{"alt_text":"","src":"https:\/\/i0.wp.com\/anythingtechnicallc.com\/wp-content\/uploads\/2025\/10\/DJI-Mini-2.jpg?fit=900%2C1200&ssl=1&resize=350%2C200","width":350,"height":200},"classes":[]},{"id":9512,"url":"https:\/\/anythingtechnicallc.com\/index.php\/de\/product\/dji-osmo-action-5-pro-standard-combo-wasserdichte-action-kamera-mit-1-1-3-sensor-4k-120fps-video-motivverfolgung-stabilisierung-dual-oled-touchscreens-action-kamera-4k-ideal-fuer-sport-vlog\/","url_meta":{"origin":9509,"position":1},"title":"DJI Osmo Action 5 Pro Standard Combo, Wasserdichte Action-Kamera mit 1\/1.3&#8243; Sensor, 4K\/120fps Video, Motivverfolgung, Stabilisierung, Dual OLED Touchscreens, Action-Kamera 4K Ideal f\u00fcr Sport, Vlog","date":"March 21, 2026","format":false,"excerpt":"Halten Sie n\u00e4chtliche Stadtlandschaften fest - Osmo Action 5 Pro verf\u00fcgt \u00fcber einen neuen 1\/1,3\u2033-Sensor f\u00fcr atemberaubendes Low-Light. Ideal f\u00fcr n\u00e4chtliche Fahrradabenteuer in dunklen Umgebungen. Verbesserte Motivverfolgung - 4nm Chip f\u00fcr schnelle, zuverl\u00e4ssige Aufnahmen. Halten Sie sich schnell bewegende Motive in der Mitte. [7] Der 4nm-Chip sorgt f\u00fcr einen reibungslosen\u2026","rel":"","context":"Similar post","img":{"alt_text":"","src":"https:\/\/i0.wp.com\/anythingtechnicallc.com\/wp-content\/uploads\/2025\/08\/71pg9H7KEuL._AC_SL1500_.jpg?fit=1200%2C976&ssl=1&resize=350%2C200","width":350,"height":200},"classes":[]},{"id":9515,"url":"https:\/\/anythingtechnicallc.com\/index.php\/de\/product\/dji-osmo-action-4-standard-combo-4k-120fps-wasserdichte-action-kamera-mit-1-13-zoll-sensor-atemberaubende-low-light-bilder-10-bit-d-log-m-farbleistung-lange-laufzeit-von-160-minuten-outdoor-ka\/","url_meta":{"origin":9509,"position":2},"title":"DJI Osmo Action 4 Standard Combo, 4K\/120fps Wasserdichte Action-Kamera mit 1\/1,3-Zoll-Sensor, atemberaubende Low-Light-Bilder, 10-Bit &#038; D-Log M Farbleistung, lange Laufzeit von 160 Minuten, Outdoor-Kamera","date":"March 21, 2026","format":false,"excerpt":"Tadellose Bildqualit\u00e4t bei Tag und Nacht - Erleben Sie mit dem gro\u00dfen 1\/1,3-Zoll-Sensor der 4K-Actionkamera eine atemberaubende Bildsch\u00e4rfe und unvergleichliche Leistung bei schlechten Lichtverh\u00e4ltnissen, die jedes Abenteuer von der Morgend\u00e4mmerung bis zur Abendd\u00e4mmerung in atemberaubenden Details festh\u00e4lt. Lebendige, naturgetreue Farben - Werten Sie Ihre Aufnahmen mit 10-Bit und D-Log M\u2026","rel":"","context":"Similar post","img":{"alt_text":"","src":"https:\/\/i0.wp.com\/anythingtechnicallc.com\/wp-content\/uploads\/2025\/08\/71wlB2kVcL._AC_SL1500_.jpg?fit=1200%2C762&ssl=1&resize=350%2C200","width":350,"height":200},"classes":[]},{"id":9503,"url":"https:\/\/anythingtechnicallc.com\/index.php\/de\/product\/canon-powershot-v10-kamera-content-creator-kompaktkamera-fuer-vlogging-festes-19mm-weitwinkelobjektiv-4k-video-gesichtserkennung-integriertes-mikrofon-live-streaming-integrierter-staender-schw\/","url_meta":{"origin":9509,"position":3},"title":"Canon PowerShot V10 Kamera, Content Creator Kompaktkamera f\u00fcr Vlogging, festes 19mm Weitwinkelobjektiv, 4K Video, Gesichtserkennung, integriertes Mikrofon, Live Streaming, integrierter St\u00e4nder, Schwarz","date":"March 21, 2026","format":false,"excerpt":"Mit der Canon PowerShot V10 Vlogging-Kamera f\u00fcr Content Creators k\u00f6nnen Sie Ihrer Kreativit\u00e4t auch unterwegs freien Lauf lassen. Die PowerShot V10 ist eine Vlogging- und Fotokamera in einem neuen, \u00e4u\u00dferst tragbaren Format mit Komponenten aus der beliebten G-Serie, mit der Sie beeindruckende Videos erstellen k\u00f6nnen. Mit Stereotonaufnahme, integriertem Stativ und\u2026","rel":"","context":"Similar post","img":{"alt_text":"","src":"https:\/\/i0.wp.com\/anythingtechnicallc.com\/wp-content\/uploads\/2025\/08\/61qhyHDMGFL._AC_SL1500_.jpg?fit=790%2C1200&ssl=1&resize=350%2C200","width":350,"height":200},"classes":[]},{"id":9497,"url":"https:\/\/anythingtechnicallc.com\/index.php\/de\/product\/dji-osmo-pocket-3-vlogging-kamera-mit-1-cmos-4k-120fps-vlog-kamera-3-achsen-stabilisierung-schnelle-fokussierung-gesichts-objektverfolgung-digitale-vlogging-kamera-fuer-youtube\/","url_meta":{"origin":9509,"position":4},"title":"DJI Osmo Pocket 3, Vlogging-Kamera mit 1&#8221; CMOS &#038; 4K\/120fps Vlog-Kamera, 3-Achsen-Stabilisierung, schnelle Fokussierung, Gesichts-\/Objektverfolgung, digitale Vlogging-Kamera f\u00fcr YouTube","date":"March 21, 2026","format":false,"excerpt":"Ob auf Reisen, bei einem Nachmittag im Park mit der Familie oder beim Vloggen Ihres t\u00e4glichen Lebens - mit dem Osmo Pocket 3 k\u00f6nnen Sie unterwegs atemberaubend fl\u00fcssige Aufnahmen machen. Bitte aktualisieren Sie die Firmware auf die neueste Version f\u00fcr ein besseres Benutzererlebnis. * Aufgrund von Kompatibilit\u00e4tsproblemen mit der Plattform\u2026","rel":"","context":"Similar post","img":{"alt_text":"","src":"https:\/\/i0.wp.com\/anythingtechnicallc.com\/wp-content\/uploads\/2025\/08\/61tukvVUMiL._AC_SL1500_.jpg?fit=476%2C1200&ssl=1&resize=350%2C200","width":350,"height":200},"classes":[]},{"id":9494,"url":"https:\/\/anythingtechnicallc.com\/index.php\/de\/product\/dji-osmo-pocket-3-creator-combo-vlogging-kamera-mit-1-cmos-4k-120fps-vlog-kamera-3-achsen-stabilisierung-gesichts-objektverfolgung-inkl-mikrofon-fuer-klaren-ton-digitale-vlogging-kamera-fu\/","url_meta":{"origin":9509,"position":5},"title":"DJI Osmo Pocket 3 Creator Combo, Vlogging-Kamera mit 1&#8221; CMOS, 4K\/120fps Vlog-Kamera, 3-Achsen-Stabilisierung, Gesichts-\/Objektverfolgung, inkl. Mikrofon f\u00fcr klaren Ton, digitale Vlogging-Kamera f\u00fcr YouTube","date":"March 21, 2026","format":false,"excerpt":"Ob auf Reisen, bei einem Nachmittag im Park mit der Familie oder beim Vloggen Ihres t\u00e4glichen Lebens - mit dem Osmo Pocket 3 k\u00f6nnen Sie unterwegs atemberaubend fl\u00fcssige Aufnahmen machen. Bitte aktualisieren Sie die Firmware auf die neueste Version f\u00fcr ein besseres Benutzererlebnis. * Aufgrund von Kompatibilit\u00e4tsproblemen mit der Plattform\u2026","rel":"","context":"Similar post","img":{"alt_text":"","src":"https:\/\/i0.wp.com\/anythingtechnicallc.com\/wp-content\/uploads\/2025\/08\/514LEUejXYL._AC_SL1500_.jpg?fit=668%2C1200&ssl=1&resize=350%2C200","width":350,"height":200},"classes":[]}],"pll_sync_post":[],"lang":"de","translations":{"de":9509,"en":7648},"_links":{"self":[{"href":"https:\/\/anythingtechnicallc.com\/index.php\/wp-json\/wp\/v2\/product\/9509","targetHints":{"allow":["GET"]}}],"collection":[{"href":"https:\/\/anythingtechnicallc.com\/index.php\/wp-json\/wp\/v2\/product"}],"about":[{"href":"https:\/\/anythingtechnicallc.com\/index.php\/wp-json\/wp\/v2\/types\/product"}],"replies":[{"embeddable":true,"href":"https:\/\/anythingtechnicallc.com\/index.php\/wp-json\/wp\/v2\/comments?post=9509"}],"wp:featuredmedia":[{"embeddable":true,"href":"https:\/\/anythingtechnicallc.com\/index.php\/wp-json\/wp\/v2\/media\/9508"}],"wp:attachment":[{"href":"https:\/\/anythingtechnicallc.com\/index.php\/wp-json\/wp\/v2\/media?parent=9509"}],"wp:term":[{"taxonomy":"product_brand","embeddable":true,"href":"https:\/\/anythingtechnicallc.com\/index.php\/wp-json\/wp\/v2\/product_brand?post=9509"},{"taxonomy":"product_cat","embeddable":true,"href":"https:\/\/anythingtechnicallc.com\/index.php\/wp-json\/wp\/v2\/product_cat?post=9509"},{"taxonomy":"product_tag","embeddable":true,"href":"https:\/\/anythingtechnicallc.com\/index.php\/wp-json\/wp\/v2\/product_tag?post=9509"}],"curies":[{"name":"wp","href":"https:\/\/api.w.org\/{rel}","templated":true}]}}