{"id":9512,"date":"2026-03-21T12:34:58","date_gmt":"2026-03-21T12:34:58","guid":{"rendered":"https:\/\/anythingtechnicallc.com\/?post_type=product&#038;p=9512"},"modified":"2026-03-21T12:34:59","modified_gmt":"2026-03-21T12:34:59","slug":"dji-osmo-action-5-pro-standard-combo-wasserdichte-action-kamera-mit-1-1-3-sensor-4k-120fps-video-motivverfolgung-stabilisierung-dual-oled-touchscreens-action-kamera-4k-ideal-fuer-sport-vlog","status":"publish","type":"product","link":"https:\/\/anythingtechnicallc.com\/index.php\/de\/product\/dji-osmo-action-5-pro-standard-combo-wasserdichte-action-kamera-mit-1-1-3-sensor-4k-120fps-video-motivverfolgung-stabilisierung-dual-oled-touchscreens-action-kamera-4k-ideal-fuer-sport-vlog\/","title":{"rendered":"DJI Osmo Action 5 Pro Standard Combo, Wasserdichte Action-Kamera mit 1\/1.3&#8243; Sensor, 4K\/120fps Video, Motivverfolgung, Stabilisierung, Dual OLED Touchscreens, Action-Kamera 4K Ideal f\u00fcr Sport, Vlog"},"content":{"rendered":"<ul class=\"a-unordered-list a-vertical a-spacing-mini\">\n<li class=\"a-spacing-mini\"><span class=\"a-list-item\">Halten Sie n\u00e4chtliche Stadtlandschaften fest &#8211; Osmo Action 5 Pro verf\u00fcgt \u00fcber einen neuen 1\/1,3\u2033-Sensor f\u00fcr atemberaubendes Low-Light. Ideal f\u00fcr n\u00e4chtliche Fahrradausfl\u00fcge in dunklen Umgebungen. <\/span><\/li>\n<li class=\"a-spacing-mini\"><span class=\"a-list-item\">Verbesserte Motivverfolgung &#8211; 4nm Chip f\u00fcr schnelle, zuverl\u00e4ssige Aufnahmen. Halten Sie sich schnell bewegende Motive in der Mitte. [7] Der 4nm-Chip sorgt f\u00fcr einen reibungslosen und schnellen Bildausschnitt in 16:9 oder 9:16. <\/span><\/li>\n<li class=\"a-spacing-mini\"><span class=\"a-list-item\">Action 5 Pro muss in der DJI Mimo App aktiviert werden. Aufgrund von Problemen mit der Plattformkompatibilit\u00e4t wurde die Mimo App von Google Play entfernt. Um ein besseres Nutzungserlebnis zu gew\u00e4hrleisten, scannen Sie bitte den QR-Code auf dem Kamerabildschirm, um die neueste Version von DJI Mimo herunterzuladen. <\/span><\/li>\n<li class=\"a-spacing-mini\"><span class=\"a-list-item\">Freih\u00e4ndig mit Sprachsteuerung &#8211; Mit Sprachbefehlen, die immer in Bereitschaft sind [15], genie\u00dfen Sie eine optimale Erkennung innerhalb eines Meters und eine hohe Genauigkeit &#8211; so k\u00f6nnen Sie ganz einfach jeden Moment festhalten und dabei Spa\u00df haben. <\/span><\/li>\n<li class=\"a-spacing-mini\"><span class=\"a-list-item\">Lang anhaltende Nutzung unter allen Bedingungen &#8211; Genie\u00dfen Sie die bis zu 4 Stunden verl\u00e4ngerte Akkulaufzeit[1] &#8211; ideal f\u00fcr alle Szenarien, die kontinuierliche Leistung und ununterbrochene Aufnahmen gew\u00e4hrleisten. <\/span><\/li>\n<li class=\"a-spacing-mini\"><span class=\"a-list-item\">Lebendige, pr\u00e4zise Steuerung &#8211; Genie\u00dfen Sie lebendige, naturgetreue Farben mit zwei OLED-Touchscreens. Dank der gestochen scharfen Anzeige, die f\u00fcr jedes Szenario geeignet ist, macht das Aufnehmen im Freien und das Wiederanschauen wieder Spa\u00df. <\/span><\/li>\n<li class=\"a-spacing-mini\"><span class=\"a-list-item\">Ultrastabiles Filmmaterial &#8211; Erzielen Sie mit 360\u00b0 HorizonSteady gleichm\u00e4\u00dfige, hochwertige Aufnahmen. [17] Ideal f\u00fcr Vlogging und Sportaufnahmen aus jeder Perspektive, egal wie wackelig es wird. <\/span><\/li>\n<\/ul>\n<div class=\"a-row a-expander-container a-expander-inline-container\">\n<div class=\"a-expander-content a-expander-extend-content a-expander-content-expanded\" data-expanded=\"true\">\n<ul class=\"a-unordered-list a-vertical a-spacing-none\">\n<li class=\"a-spacing-mini\"><span class=\"a-list-item\">Professionelles Audio &#8211; Nehmen Sie mit der DJI Microphone Connection klaren Ton auf und erhalten Sie Audio direkt vom DJI Mic 2\/Mic Mini Sender, ohne einen Empf\u00e4nger zu ben\u00f6tigen. Perfekt f\u00fcr Moto-Vlogging, Skifahren, Solo-Vlogging. <\/span><\/li>\n<li class=\"a-spacing-mini\"><span class=\"a-list-item\">Standard Combo mit Standardzubeh\u00f6r &#8211; Bietet die Flexibilit\u00e4t, selektiv aufzur\u00fcsten, perfekt f\u00fcr einfache Outdoor-Aktivit\u00e4ten. Ideal f\u00fcr Kreative oder alle, die das t\u00e4gliche Leben festhalten m\u00f6chten. <\/span><\/li>\n<\/ul>\n<\/div>\n<\/div>\n","protected":false},"excerpt":{"rendered":"<ul class=\"a-unordered-list a-vertical a-spacing-mini\">\n<li class=\"a-spacing-mini\"><span class=\"a-list-item\">Halten Sie n\u00e4chtliche Stadtlandschaften fest &#8211; Osmo Action 5 Pro verf\u00fcgt \u00fcber einen neuen 1\/1,3\u2033-Sensor f\u00fcr atemberaubendes Low-Light. Ideal f\u00fcr n\u00e4chtliche Fahrradabenteuer in dunklen Umgebungen. <\/span><\/li>\n<li class=\"a-spacing-mini\"><span class=\"a-list-item\">Verbesserte Motivverfolgung &#8211; 4nm Chip f\u00fcr schnelle, zuverl\u00e4ssige Aufnahmen. Halten Sie sich schnell bewegende Motive in der Mitte. [7] Der 4nm-Chip sorgt f\u00fcr einen reibungslosen und schnellen Bildausschnitt in 16:9 oder 9:16. <\/span><\/li>\n<li class=\"a-spacing-mini\"><span class=\"a-list-item\">Action 5 Pro muss in der DJI Mimo App aktiviert werden. Aufgrund von Problemen mit der Plattformkompatibilit\u00e4t wurde die Mimo App von Google Play entfernt. Um ein besseres Nutzungserlebnis zu gew\u00e4hrleisten, scannen Sie bitte den QR-Code auf dem Kamerabildschirm, um die neueste Version von DJI Mimo herunterzuladen. <\/span><\/li>\n<li class=\"a-spacing-mini\"><span class=\"a-list-item\">Freih\u00e4ndig mit Sprachsteuerung &#8211; Mit Sprachbefehlen, die immer in Bereitschaft sind [15], genie\u00dfen Sie eine optimale Erkennung innerhalb eines Meters und eine hohe Genauigkeit &#8211; so k\u00f6nnen Sie ganz einfach jeden Moment festhalten und dabei Spa\u00df haben. <\/span><\/li>\n<li class=\"a-spacing-mini\"><span class=\"a-list-item\">Lang anhaltende Nutzung unter allen Bedingungen &#8211; Genie\u00dfen Sie die bis zu 4 Stunden verl\u00e4ngerte Akkulaufzeit[1] &#8211; ideal f\u00fcr alle Szenarien, die kontinuierliche Leistung und ununterbrochene Aufnahmen gew\u00e4hrleisten. <\/span><\/li>\n<li class=\"a-spacing-mini\"><span class=\"a-list-item\">Lebendige, pr\u00e4zise Steuerung &#8211; Genie\u00dfen Sie lebendige, naturgetreue Farben mit zwei OLED-Touchscreens. Dank der gestochen scharfen Anzeige, die f\u00fcr jedes Szenario geeignet ist, macht das Aufnehmen im Freien und das Wiederanschauen wieder Spa\u00df. <\/span><\/li>\n<li class=\"a-spacing-mini\"><span class=\"a-list-item\">Ultrastabiles Filmmaterial &#8211; Erzielen Sie stabile, hochwertige Aufnahmen mit 360\u00b0 HorizonSteady. [17] Ideal f\u00fcr Vlogging und Sportaufnahmen aus jeder Perspektive, egal wie wackelig es wird. <\/span><\/li>\n<\/ul>\n<div class=\"a-row a-expander-container a-expander-inline-container\">\n<div class=\"a-expander-content a-expander-extend-content a-expander-content-expanded\" data-expanded=\"true\">\n<ul class=\"a-unordered-list a-vertical a-spacing-none\">\n<li class=\"a-spacing-mini\"><span class=\"a-list-item\">Professionelles Audio &#8211; Nehmen Sie mit der DJI Microphone Connection klaren Ton auf und erhalten Sie Audio direkt vom DJI Mic 2\/Mic Mini Sender, ohne einen Empf\u00e4nger zu ben\u00f6tigen. Perfekt f\u00fcr Moto-Vlogging, Skifahren, Solo-Vlogging. <\/span><\/li>\n<li class=\"a-spacing-mini\"><span class=\"a-list-item\">Standard-Combo mit Standardzubeh\u00f6r &#8211; Bietet die Flexibilit\u00e4t, selektiv aufzur\u00fcsten, perfekt f\u00fcr einfache Outdoor-Aktivit\u00e4ten. Ideal f\u00fcr Kreative oder alle, die das t\u00e4gliche Leben festhalten m\u00f6chten. <\/span><\/li>\n<\/ul>\n<\/div>\n<\/div>\n","protected":false},"featured_media":9511,"comment_status":"open","ping_status":"closed","template":"","meta":{"_et_pb_use_builder":"","_et_pb_old_content":"","_et_gb_content_width":""},"product_brand":[],"product_cat":[1576],"product_tag":[],"class_list":{"0":"post-9512","1":"product","2":"type-product","3":"status-publish","4":"has-post-thumbnail","6":"product_cat-kamerazubehoer","8":"first","9":"instock","10":"sale","11":"taxable","12":"shipping-taxable","13":"purchasable","14":"product-type-simple"},"exclude_global_add_ons":[],"addons":[],"jetpack-related-posts":[{"id":9515,"url":"https:\/\/anythingtechnicallc.com\/index.php\/de\/product\/dji-osmo-action-4-standard-combo-4k-120fps-wasserdichte-action-kamera-mit-1-13-zoll-sensor-atemberaubende-low-light-bilder-10-bit-d-log-m-farbleistung-lange-laufzeit-von-160-minuten-outdoor-ka\/","url_meta":{"origin":9512,"position":0},"title":"DJI Osmo Action 4 Standard Combo, 4K\/120fps Wasserdichte Action-Kamera mit 1\/1,3-Zoll-Sensor, atemberaubende Low-Light-Bilder, 10-Bit &#038; D-Log M Farbleistung, lange Laufzeit von 160 Minuten, Outdoor-Kamera","date":"March 21, 2026","format":false,"excerpt":"Tadellose Bildqualit\u00e4t bei Tag und Nacht - Erleben Sie mit dem gro\u00dfen 1\/1,3-Zoll-Sensor der 4K-Actionkamera eine atemberaubende Bildsch\u00e4rfe und unvergleichliche Leistung bei schlechten Lichtverh\u00e4ltnissen, die jedes Abenteuer von der Morgend\u00e4mmerung bis zur Abendd\u00e4mmerung in atemberaubenden Details festh\u00e4lt. Lebendige, naturgetreue Farben - Werten Sie Ihre Aufnahmen mit 10-Bit und D-Log M\u2026","rel":"","context":"Similar post","img":{"alt_text":"","src":"https:\/\/i0.wp.com\/anythingtechnicallc.com\/wp-content\/uploads\/2025\/08\/71wlB2kVcL._AC_SL1500_.jpg?fit=1200%2C762&ssl=1&resize=350%2C200","width":350,"height":200},"classes":[]},{"id":9494,"url":"https:\/\/anythingtechnicallc.com\/index.php\/de\/product\/dji-osmo-pocket-3-creator-combo-vlogging-kamera-mit-1-cmos-4k-120fps-vlog-kamera-3-achsen-stabilisierung-gesichts-objektverfolgung-inkl-mikrofon-fuer-klaren-ton-digitale-vlogging-kamera-fu\/","url_meta":{"origin":9512,"position":1},"title":"DJI Osmo Pocket 3 Creator Combo, Vlogging-Kamera mit 1&#8221; CMOS, 4K\/120fps Vlog-Kamera, 3-Achsen-Stabilisierung, Gesichts-\/Objektverfolgung, inkl. Mikrofon f\u00fcr klaren Ton, digitale Vlogging-Kamera f\u00fcr YouTube","date":"March 21, 2026","format":false,"excerpt":"Ob auf Reisen, bei einem Nachmittag im Park mit der Familie oder beim Vloggen Ihres t\u00e4glichen Lebens - mit dem Osmo Pocket 3 k\u00f6nnen Sie unterwegs atemberaubend fl\u00fcssige Aufnahmen machen. Bitte aktualisieren Sie die Firmware auf die neueste Version f\u00fcr ein besseres Benutzererlebnis. * Aufgrund von Kompatibilit\u00e4tsproblemen mit der Plattform\u2026","rel":"","context":"Similar post","img":{"alt_text":"","src":"https:\/\/i0.wp.com\/anythingtechnicallc.com\/wp-content\/uploads\/2025\/08\/514LEUejXYL._AC_SL1500_.jpg?fit=668%2C1200&ssl=1&resize=350%2C200","width":350,"height":200},"classes":[]},{"id":9497,"url":"https:\/\/anythingtechnicallc.com\/index.php\/de\/product\/dji-osmo-pocket-3-vlogging-kamera-mit-1-cmos-4k-120fps-vlog-kamera-3-achsen-stabilisierung-schnelle-fokussierung-gesichts-objektverfolgung-digitale-vlogging-kamera-fuer-youtube\/","url_meta":{"origin":9512,"position":2},"title":"DJI Osmo Pocket 3, Vlogging-Kamera mit 1&#8221; CMOS &#038; 4K\/120fps Vlog-Kamera, 3-Achsen-Stabilisierung, schnelle Fokussierung, Gesichts-\/Objektverfolgung, digitale Vlogging-Kamera f\u00fcr YouTube","date":"March 21, 2026","format":false,"excerpt":"Ob auf Reisen, bei einem Nachmittag im Park mit der Familie oder beim Vloggen Ihres t\u00e4glichen Lebens - mit dem Osmo Pocket 3 k\u00f6nnen Sie unterwegs atemberaubend fl\u00fcssige Aufnahmen machen. Bitte aktualisieren Sie die Firmware auf die neueste Version f\u00fcr ein besseres Benutzererlebnis. * Aufgrund von Kompatibilit\u00e4tsproblemen mit der Plattform\u2026","rel":"","context":"Similar post","img":{"alt_text":"","src":"https:\/\/i0.wp.com\/anythingtechnicallc.com\/wp-content\/uploads\/2025\/08\/61tukvVUMiL._AC_SL1500_.jpg?fit=476%2C1200&ssl=1&resize=350%2C200","width":350,"height":200},"classes":[]},{"id":9249,"url":"https:\/\/anythingtechnicallc.com\/index.php\/de\/product\/dji-mic-mini-2-tx-1-rx-ladekoffer-drahtloses-mikrofon-fuer-iphone-kamera-android-ultraleicht-detailreiches-audio-48h-nutzung-geraeuschunterdrueckung-automatische-begrenzung-vlog-streamin\/","url_meta":{"origin":9512,"position":3},"title":"DJI Mic Mini (2 TX + 1 RX + Ladekoffer), drahtloses Mikrofon f\u00fcr iPhone\/Kamera\/Android, ultraleicht, detailreiches Audio, 48h Nutzung, Ger\u00e4uschunterdr\u00fcckung, automatische Begrenzung, Vlog, Streaming","date":"March 19, 2026","format":false,"excerpt":"Klein, aber oho - Der DJI Mic Mini Lavaliermikrofon-Sender ist klein und ultraleicht, er wiegt nur 10 g [1] und ist daher angenehm zu tragen, diskret und \u00e4sthetisch ansprechend f\u00fcr die Kamera. Detailreicher Klang - Die drahtlosen Mic Mini-Mikrofone liefern hochwertige Audioqualit\u00e4t. Eine maximale \u00dcbertragungsreichweite von 400 m [2] sorgt\u2026","rel":"","context":"Similar post","img":{"alt_text":"","src":"https:\/\/i0.wp.com\/anythingtechnicallc.com\/wp-content\/uploads\/2025\/06\/6132m-fHnjL._AC_SL1500_.jpg?fit=1200%2C1049&ssl=1&resize=350%2C200","width":350,"height":200},"classes":[]},{"id":9503,"url":"https:\/\/anythingtechnicallc.com\/index.php\/de\/product\/canon-powershot-v10-kamera-content-creator-kompaktkamera-fuer-vlogging-festes-19mm-weitwinkelobjektiv-4k-video-gesichtserkennung-integriertes-mikrofon-live-streaming-integrierter-staender-schw\/","url_meta":{"origin":9512,"position":4},"title":"Canon PowerShot V10 Kamera, Content Creator Kompaktkamera f\u00fcr Vlogging, festes 19mm Weitwinkelobjektiv, 4K Video, Gesichtserkennung, integriertes Mikrofon, Live Streaming, integrierter St\u00e4nder, Schwarz","date":"March 21, 2026","format":false,"excerpt":"Mit der Canon PowerShot V10 Vlogging-Kamera f\u00fcr Content Creators k\u00f6nnen Sie Ihrer Kreativit\u00e4t auch unterwegs freien Lauf lassen. Die PowerShot V10 ist eine Vlogging- und Fotokamera in einem neuen, \u00e4u\u00dferst tragbaren Format mit Komponenten aus der beliebten G-Serie, mit der Sie beeindruckende Videos erstellen k\u00f6nnen. Mit Stereotonaufnahme, integriertem Stativ und\u2026","rel":"","context":"Similar post","img":{"alt_text":"","src":"https:\/\/i0.wp.com\/anythingtechnicallc.com\/wp-content\/uploads\/2025\/08\/61qhyHDMGFL._AC_SL1500_.jpg?fit=790%2C1200&ssl=1&resize=350%2C200","width":350,"height":200},"classes":[]},{"id":9509,"url":"https:\/\/anythingtechnicallc.com\/index.php\/de\/product\/insta360-go-3s-128-gb-weiss-4k-winzige-tragbare-vlogging-kamera-freihaendige-povs-ueberall-montierbar-stabilisierung-140-min-akkulaufzeit-10m-wasserdicht-apple-find-my-pet-pov\/","url_meta":{"origin":9512,"position":5},"title":"Insta360 GO 3S &#8211; 128 GB Wei\u00df 4K Winzige tragbare Vlogging-Kamera, freih\u00e4ndige POVs, \u00fcberall montierbar, Stabilisierung, 140 Min. Akkulaufzeit, 10m wasserdicht, Apple Find My, Pet POV","date":"March 21, 2026","format":false,"excerpt":"1.4OZ (39G) & Daumengro\u00df- Erschlie\u00dfen Sie sich grenzenlose Kreativit\u00e4t mit der Insta360 GO 3S, einer winzigen, leistungsstarken 4K-Kamera mit einem Gewicht von nur 1.4oz (39g). Hochwertige Aufnahmen in einem winzigen, aber m\u00e4chtigen Paket. 4K HANDS-FREE POVS - Ein leistungsstarker Chip f\u00fcr hochwertiges Filmmaterial und ein neues Weitwinkelobjektiv. Nehmen Sie 4K-Freihand-POVs\u2026","rel":"","context":"Similar post","img":{"alt_text":"","src":"https:\/\/i0.wp.com\/anythingtechnicallc.com\/wp-content\/uploads\/2025\/08\/71ti3cYFEwL._AC_SL1500_.jpg?fit=1122%2C1200&ssl=1&resize=350%2C200","width":350,"height":200},"classes":[]}],"pll_sync_post":[],"lang":"de","translations":{"de":9512,"en":7650},"_links":{"self":[{"href":"https:\/\/anythingtechnicallc.com\/index.php\/wp-json\/wp\/v2\/product\/9512","targetHints":{"allow":["GET"]}}],"collection":[{"href":"https:\/\/anythingtechnicallc.com\/index.php\/wp-json\/wp\/v2\/product"}],"about":[{"href":"https:\/\/anythingtechnicallc.com\/index.php\/wp-json\/wp\/v2\/types\/product"}],"replies":[{"embeddable":true,"href":"https:\/\/anythingtechnicallc.com\/index.php\/wp-json\/wp\/v2\/comments?post=9512"}],"wp:featuredmedia":[{"embeddable":true,"href":"https:\/\/anythingtechnicallc.com\/index.php\/wp-json\/wp\/v2\/media\/9511"}],"wp:attachment":[{"href":"https:\/\/anythingtechnicallc.com\/index.php\/wp-json\/wp\/v2\/media?parent=9512"}],"wp:term":[{"taxonomy":"product_brand","embeddable":true,"href":"https:\/\/anythingtechnicallc.com\/index.php\/wp-json\/wp\/v2\/product_brand?post=9512"},{"taxonomy":"product_cat","embeddable":true,"href":"https:\/\/anythingtechnicallc.com\/index.php\/wp-json\/wp\/v2\/product_cat?post=9512"},{"taxonomy":"product_tag","embeddable":true,"href":"https:\/\/anythingtechnicallc.com\/index.php\/wp-json\/wp\/v2\/product_tag?post=9512"}],"curies":[{"name":"wp","href":"https:\/\/api.w.org\/{rel}","templated":true}]}}