{"id":9515,"date":"2026-03-21T12:36:09","date_gmt":"2026-03-21T12:36:09","guid":{"rendered":"https:\/\/anythingtechnicallc.com\/?post_type=product&#038;p=9515"},"modified":"2026-03-21T12:36:10","modified_gmt":"2026-03-21T12:36:10","slug":"dji-osmo-action-4-standard-combo-4k-120fps-wasserdichte-action-kamera-mit-1-13-zoll-sensor-atemberaubende-low-light-bilder-10-bit-d-log-m-farbleistung-lange-laufzeit-von-160-minuten-outdoor-ka","status":"publish","type":"product","link":"https:\/\/anythingtechnicallc.com\/index.php\/de\/product\/dji-osmo-action-4-standard-combo-4k-120fps-wasserdichte-action-kamera-mit-1-13-zoll-sensor-atemberaubende-low-light-bilder-10-bit-d-log-m-farbleistung-lange-laufzeit-von-160-minuten-outdoor-ka\/","title":{"rendered":"DJI Osmo Action 4 Standard Combo, 4K\/120fps Wasserdichte Action-Kamera mit 1\/1,3-Zoll-Sensor, atemberaubende Low-Light-Bilder, 10-Bit &#038; D-Log M Farbleistung, lange Laufzeit von 160 Minuten, Outdoor-Kamera"},"content":{"rendered":"<ul class=\"a-unordered-list a-vertical a-spacing-mini\">\n<li class=\"a-spacing-mini\"><span class=\"a-list-item\">Tadellose Bildqualit\u00e4t bei Tag und Nacht &#8211; Erleben Sie mit dem gro\u00dfen 1\/1,3-Zoll-Sensor der 4K-Actionkamera eine atemberaubende Bildsch\u00e4rfe und unvergleichliche Leistung bei schlechten Lichtverh\u00e4ltnissen, die jedes Abenteuer von der Morgend\u00e4mmerung bis zur Abendd\u00e4mmerung in atemberaubenden Details festh\u00e4lt. <\/span><\/li>\n<li class=\"a-spacing-mini\"><span class=\"a-list-item\">Lebendige, naturgetreue Farben &#8211; Werten Sie Ihre Aufnahmen mit 10-Bit und D-Log M Color Performance auf, um schillernde Effekte in goldenen Sonnenaufg\u00e4ngen und lebendigen Sonnenunterg\u00e4ngen einzufangen. Beeindrucken Sie Ihr Publikum mit der lebendigen Brillanz der Actionkamera. <\/span><\/li>\n<li class=\"a-spacing-mini\"><span class=\"a-list-item\">Langlebige Leistung, selbst bei extremer K\u00e4lte &#8211; Mit dieser zuverl\u00e4ssigen Action-Kamera k\u00f6nnen Sie auch bei niedrigen Temperaturen von -20\u00b0C (-4\u00b0F) bis zu 150 Minuten nonstop aufnehmen und so jeden spannenden Moment auch unter h\u00e4rtesten Bedingungen festhalten. <\/span><\/li>\n<li class=\"a-spacing-mini\"><span class=\"a-list-item\">Beeindruckende 4K\/120fps und 155\u00ba Ultra-Wide FOV &#8211; Erleben Sie hochaufl\u00f6sende Aufnahmen mit ultraweitem FOV, die Sie in die Action eintauchen lassen. Ob Sie epische Wellen reiten oder Ihre Skate-F\u00e4higkeiten zur Schau stellen, Action 4 liefert fesselnde Zeitlupenaufnahmen. <\/span><\/li>\n<li class=\"a-spacing-mini\"><span class=\"a-list-item\">Wechseln Sie die Perspektive in Sekundenschnelle &#8211; Wechseln Sie m\u00fchelos die Kameraposition mit unserem magnetischen Schnellausl\u00f6ser, der nahtlose \u00dcberg\u00e4nge zwischen horizontalen und vertikalen Aufnahmen erm\u00f6glicht und Ihnen eine nie dagewesene kreative Freiheit bietet. <\/span><\/li>\n<li class=\"a-spacing-mini\"><span class=\"a-list-item\">Verabschieden Sie sich von wackeligen Aufnahmen &#8211; 3 Stabilisierungsmodi sorgen f\u00fcr stabile Aufnahmen, egal ob Sie unwegsames Gel\u00e4nde bezwingen oder waghalsige Stunts ausf\u00fchren. Nehmen Sie jeden Moment mit un\u00fcbertroffener Stabilit\u00e4t und kristallklarer Klarheit auf. <\/span><\/li>\n<li class=\"a-spacing-mini\"><span class=\"a-list-item\">Enth\u00e4lt DJI Osmo Action 4, 1 Akku, 1 Schnellwechsel-Adapterhalterung und mehr. Diese Kombi ist ein gro\u00dfartiger Einstieg f\u00fcr Benutzer, die zum ersten Mal eine Action-Kamera benutzen und 4K-Aufnahmen machen m\u00f6chten. <\/span><\/li>\n<\/ul>\n<div class=\"a-row a-expander-container a-expander-inline-container\">\n<div class=\"a-expander-content a-expander-extend-content a-expander-content-expanded\" data-expanded=\"true\">\n<ul class=\"a-unordered-list a-vertical a-spacing-none\">\n<li class=\"a-spacing-mini\"><span class=\"a-list-item\">Neue Updates! &#8211; Mit Pre-Rec k\u00f6nnen Sie Aufnahmen von 5\/10\/15\/30\/60 s machen, bevor Sie die Aufnahmetaste dr\u00fccken. Perfekt f\u00fcr Angelfans. Au\u00dferdem wird jetzt Highlight unterst\u00fctzt. <\/span><\/li>\n<li class=\"a-spacing-mini\"><span class=\"a-list-item\">DJI OsmoAudio &#8211; Osmo Action 4 kann direkt mit einem DJI Mic 2\/Mic Mini Sender verbunden werden, was eine hohe Audioqualit\u00e4t f\u00fcr Vlogs, Interviews und Livestreams gew\u00e4hrleistet und gleichzeitig Ihre Ausr\u00fcstung und Ihren Workflow vereinfacht. <\/span><\/li>\n<li class=\"a-spacing-mini\"><span class=\"a-list-item\">Die Kameras der DJI Osmo Action- und Osmo Pocket-Serie ben\u00f6tigen die DJI Mimo-App zur Aktivierung und f\u00fcr die volle Funktionalit\u00e4t, einschlie\u00dflich drahtloser Firmware-Updates, Live-HD-Video-Feeds, intelligenter Aufnahmemodi, Bearbeitungstools und Sharing-Funktionen. Besuchen Sie die offizielle Website von DJI, um die neueste Version der DJI Mimo-App herunterzuladen. <\/span><\/li>\n<\/ul>\n<\/div>\n<\/div>\n","protected":false},"excerpt":{"rendered":"<ul class=\"a-unordered-list a-vertical a-spacing-mini\">\n<li class=\"a-spacing-mini\"><span class=\"a-list-item\">Tadellose Bildqualit\u00e4t bei Tag und Nacht &#8211; Erleben Sie mit dem gro\u00dfen 1\/1,3-Zoll-Sensor der 4K-Actionkamera eine atemberaubende Bildsch\u00e4rfe und unvergleichliche Leistung bei schlechten Lichtverh\u00e4ltnissen, die jedes Abenteuer von der Morgend\u00e4mmerung bis zur Abendd\u00e4mmerung in atemberaubenden Details festh\u00e4lt. <\/span><\/li>\n<li class=\"a-spacing-mini\"><span class=\"a-list-item\">Lebendige, naturgetreue Farben &#8211; Werten Sie Ihre Aufnahmen mit 10-Bit und D-Log M Color Performance auf, um schillernde Effekte in goldenen Sonnenaufg\u00e4ngen und lebendigen Sonnenunterg\u00e4ngen einzufangen. Beeindrucken Sie Ihr Publikum mit der lebendigen Brillanz der Actionkamera. <\/span><\/li>\n<li class=\"a-spacing-mini\"><span class=\"a-list-item\">Langlebige Leistung, selbst bei extremer K\u00e4lte &#8211; Mit dieser zuverl\u00e4ssigen Action-Kamera k\u00f6nnen Sie auch bei niedrigen Temperaturen von -20\u00b0C (-4\u00b0F) bis zu 150 Minuten nonstop aufnehmen und so jeden spannenden Moment auch unter h\u00e4rtesten Bedingungen festhalten. <\/span><\/li>\n<li class=\"a-spacing-mini\"><span class=\"a-list-item\">Beeindruckende 4K\/120fps und 155\u00ba Ultra-Wide FOV &#8211; Erleben Sie hochaufl\u00f6sende Aufnahmen mit ultraweitem FOV, die Sie in die Action eintauchen lassen. Ob Sie epische Wellen reiten oder Ihre Skate-F\u00e4higkeiten zur Schau stellen, Action 4 liefert fesselnde Zeitlupenaufnahmen. <\/span><\/li>\n<li class=\"a-spacing-mini\"><span class=\"a-list-item\">Wechseln Sie die Perspektive in Sekundenschnelle &#8211; Wechseln Sie m\u00fchelos die Kameraposition mit unserem magnetischen Schnellausl\u00f6ser, der nahtlose \u00dcberg\u00e4nge zwischen horizontalen und vertikalen Aufnahmen erm\u00f6glicht und Ihnen eine nie dagewesene kreative Freiheit bietet. <\/span><\/li>\n<li class=\"a-spacing-mini\"><span class=\"a-list-item\">Verabschieden Sie sich von wackeligen Aufnahmen &#8211; 3 Stabilisierungsmodi sorgen f\u00fcr stabile Aufnahmen, egal ob Sie unwegsames Gel\u00e4nde bezwingen oder waghalsige Stunts ausf\u00fchren. Nehmen Sie jeden Moment mit un\u00fcbertroffener Stabilit\u00e4t und kristallklarer Klarheit auf. <\/span><\/li>\n<li class=\"a-spacing-mini\"><span class=\"a-list-item\">Enth\u00e4lt DJI Osmo Action 4, 1 Akku, 1 Schnellwechsel-Adapterhalterung und mehr. Diese Kombi ist ein gro\u00dfartiger Einstieg f\u00fcr Benutzer, die zum ersten Mal eine Action-Kamera benutzen und 4K-Aufnahmen machen m\u00f6chten. <\/span><\/li>\n<\/ul>\n<div class=\"a-row a-expander-container a-expander-inline-container\">\n<div class=\"a-expander-content a-expander-extend-content a-expander-content-expanded\" data-expanded=\"true\">\n<ul class=\"a-unordered-list a-vertical a-spacing-none\">\n<li class=\"a-spacing-mini\"><span class=\"a-list-item\">Neue Updates! &#8211; Mit Pre-Rec k\u00f6nnen Sie Aufnahmen von 5\/10\/15\/30\/60 s machen, bevor Sie die Aufnahmetaste dr\u00fccken. Perfekt f\u00fcr Angelfans. Au\u00dferdem wird jetzt Highlight unterst\u00fctzt. <\/span><\/li>\n<li class=\"a-spacing-mini\"><span class=\"a-list-item\">DJI OsmoAudio &#8211; Osmo Action 4 kann direkt mit einem DJI Mic 2\/Mic Mini Sender verbunden werden, was eine hohe Audioqualit\u00e4t f\u00fcr Vlogs, Interviews und Livestreams gew\u00e4hrleistet und gleichzeitig Ihre Ausr\u00fcstung und Ihren Workflow vereinfacht. <\/span><\/li>\n<li class=\"a-spacing-mini\"><span class=\"a-list-item\">Die Kameras der DJI Osmo Action- und Osmo Pocket-Serie ben\u00f6tigen die DJI Mimo-App zur Aktivierung und f\u00fcr den vollen Funktionsumfang, einschlie\u00dflich drahtloser Firmware-Updates, Live-HD-Video-Feeds, intelligenter Aufnahmemodi, Bearbeitungstools und Sharing-Funktionen. Besuchen Sie die offizielle Website von DJI, um die neueste Version der DJI Mimo-App herunterzuladen. <\/span><\/li>\n<\/ul>\n<\/div>\n<\/div>\n","protected":false},"featured_media":9514,"comment_status":"open","ping_status":"closed","template":"","meta":{"_et_pb_use_builder":"","_et_pb_old_content":"","_et_gb_content_width":""},"product_brand":[],"product_cat":[1576],"product_tag":[],"class_list":{"0":"post-9515","1":"product","2":"type-product","3":"status-publish","4":"has-post-thumbnail","6":"product_cat-kamerazubehoer","8":"first","9":"instock","10":"sale","11":"taxable","12":"shipping-taxable","13":"purchasable","14":"product-type-simple"},"exclude_global_add_ons":[],"addons":[],"jetpack-related-posts":[{"id":9497,"url":"https:\/\/anythingtechnicallc.com\/index.php\/de\/product\/dji-osmo-pocket-3-vlogging-kamera-mit-1-cmos-4k-120fps-vlog-kamera-3-achsen-stabilisierung-schnelle-fokussierung-gesichts-objektverfolgung-digitale-vlogging-kamera-fuer-youtube\/","url_meta":{"origin":9515,"position":0},"title":"DJI Osmo Pocket 3, Vlogging-Kamera mit 1&#8221; CMOS &#038; 4K\/120fps Vlog-Kamera, 3-Achsen-Stabilisierung, schnelle Fokussierung, Gesichts-\/Objektverfolgung, digitale Vlogging-Kamera f\u00fcr YouTube","date":"March 21, 2026","format":false,"excerpt":"Ob auf Reisen, bei einem Nachmittag im Park mit der Familie oder beim Vloggen Ihres t\u00e4glichen Lebens - mit dem Osmo Pocket 3 k\u00f6nnen Sie unterwegs atemberaubend fl\u00fcssige Aufnahmen machen. Bitte aktualisieren Sie die Firmware auf die neueste Version f\u00fcr ein besseres Benutzererlebnis. * Aufgrund von Kompatibilit\u00e4tsproblemen mit der Plattform\u2026","rel":"","context":"Similar post","img":{"alt_text":"","src":"https:\/\/i0.wp.com\/anythingtechnicallc.com\/wp-content\/uploads\/2025\/08\/61tukvVUMiL._AC_SL1500_.jpg?fit=476%2C1200&ssl=1&resize=350%2C200","width":350,"height":200},"classes":[]},{"id":9494,"url":"https:\/\/anythingtechnicallc.com\/index.php\/de\/product\/dji-osmo-pocket-3-creator-combo-vlogging-kamera-mit-1-cmos-4k-120fps-vlog-kamera-3-achsen-stabilisierung-gesichts-objektverfolgung-inkl-mikrofon-fuer-klaren-ton-digitale-vlogging-kamera-fu\/","url_meta":{"origin":9515,"position":1},"title":"DJI Osmo Pocket 3 Creator Combo, Vlogging-Kamera mit 1&#8221; CMOS, 4K\/120fps Vlog-Kamera, 3-Achsen-Stabilisierung, Gesichts-\/Objektverfolgung, inkl. Mikrofon f\u00fcr klaren Ton, digitale Vlogging-Kamera f\u00fcr YouTube","date":"March 21, 2026","format":false,"excerpt":"Ob auf Reisen, bei einem Nachmittag im Park mit der Familie oder beim Vloggen Ihres t\u00e4glichen Lebens - mit dem Osmo Pocket 3 k\u00f6nnen Sie unterwegs atemberaubend fl\u00fcssige Aufnahmen machen. Bitte aktualisieren Sie die Firmware auf die neueste Version f\u00fcr ein besseres Benutzererlebnis. * Aufgrund von Kompatibilit\u00e4tsproblemen mit der Plattform\u2026","rel":"","context":"Similar post","img":{"alt_text":"","src":"https:\/\/i0.wp.com\/anythingtechnicallc.com\/wp-content\/uploads\/2025\/08\/514LEUejXYL._AC_SL1500_.jpg?fit=668%2C1200&ssl=1&resize=350%2C200","width":350,"height":200},"classes":[]},{"id":9512,"url":"https:\/\/anythingtechnicallc.com\/index.php\/de\/product\/dji-osmo-action-5-pro-standard-combo-wasserdichte-action-kamera-mit-1-1-3-sensor-4k-120fps-video-motivverfolgung-stabilisierung-dual-oled-touchscreens-action-kamera-4k-ideal-fuer-sport-vlog\/","url_meta":{"origin":9515,"position":2},"title":"DJI Osmo Action 5 Pro Standard Combo, Wasserdichte Action-Kamera mit 1\/1.3&#8243; Sensor, 4K\/120fps Video, Motivverfolgung, Stabilisierung, Dual OLED Touchscreens, Action-Kamera 4K Ideal f\u00fcr Sport, Vlog","date":"March 21, 2026","format":false,"excerpt":"Halten Sie n\u00e4chtliche Stadtlandschaften fest - Osmo Action 5 Pro verf\u00fcgt \u00fcber einen neuen 1\/1,3\u2033-Sensor f\u00fcr atemberaubendes Low-Light. Ideal f\u00fcr n\u00e4chtliche Fahrradabenteuer in dunklen Umgebungen. Verbesserte Motivverfolgung - 4nm Chip f\u00fcr schnelle, zuverl\u00e4ssige Aufnahmen. Halten Sie sich schnell bewegende Motive in der Mitte. [7] Der 4nm-Chip sorgt f\u00fcr einen reibungslosen\u2026","rel":"","context":"Similar post","img":{"alt_text":"","src":"https:\/\/i0.wp.com\/anythingtechnicallc.com\/wp-content\/uploads\/2025\/08\/71pg9H7KEuL._AC_SL1500_.jpg?fit=1200%2C976&ssl=1&resize=350%2C200","width":350,"height":200},"classes":[]},{"id":9503,"url":"https:\/\/anythingtechnicallc.com\/index.php\/de\/product\/canon-powershot-v10-kamera-content-creator-kompaktkamera-fuer-vlogging-festes-19mm-weitwinkelobjektiv-4k-video-gesichtserkennung-integriertes-mikrofon-live-streaming-integrierter-staender-schw\/","url_meta":{"origin":9515,"position":3},"title":"Canon PowerShot V10 Kamera, Content Creator Kompaktkamera f\u00fcr Vlogging, festes 19mm Weitwinkelobjektiv, 4K Video, Gesichtserkennung, integriertes Mikrofon, Live Streaming, integrierter St\u00e4nder, Schwarz","date":"March 21, 2026","format":false,"excerpt":"Mit der Canon PowerShot V10 Vlogging-Kamera f\u00fcr Content Creators k\u00f6nnen Sie Ihrer Kreativit\u00e4t auch unterwegs freien Lauf lassen. Die PowerShot V10 ist eine Vlogging- und Fotokamera in einem neuen, \u00e4u\u00dferst tragbaren Format mit Komponenten aus der beliebten G-Serie, mit der Sie beeindruckende Videos erstellen k\u00f6nnen. Mit Stereotonaufnahme, integriertem Stativ und\u2026","rel":"","context":"Similar post","img":{"alt_text":"","src":"https:\/\/i0.wp.com\/anythingtechnicallc.com\/wp-content\/uploads\/2025\/08\/61qhyHDMGFL._AC_SL1500_.jpg?fit=790%2C1200&ssl=1&resize=350%2C200","width":350,"height":200},"classes":[]},{"id":9506,"url":"https:\/\/anythingtechnicallc.com\/index.php\/de\/product\/sony-zv-1f-vlog-kamera-fuer-content-creators-und-vlogger\/","url_meta":{"origin":9515,"position":4},"title":"Sony ZV-1F Vlog Kamera f\u00fcr Content Creators und Vlogger","date":"March 21, 2026","format":false,"excerpt":"Mit der ZV-1F k\u00f6nnen Sie alles festhalten - sie erm\u00f6glicht es Ihnen, ein Gruppen-Selfie zusammen mit einem weitl\u00e4ufigen Blick auf die Hintergrundkulisse aufzunehmen. Da das Ultraweitwinkelobjektiv der Kamera mit 20 mm1 ein gr\u00f6\u00dferes Sichtfeld als das menschliche Gesichtsfeld erfasst, k\u00f6nnen Sie Bilder mit beeindruckender Tiefe und Perspektive aufnehmen. Machen Sie\u2026","rel":"","context":"Similar post","img":{"alt_text":"","src":"https:\/\/i0.wp.com\/anythingtechnicallc.com\/wp-content\/uploads\/2025\/08\/81lRtfnLuiL._AC_SL1500_.jpg?fit=1200%2C1085&ssl=1&resize=350%2C200","width":350,"height":200},"classes":[]},{"id":9635,"url":"https:\/\/anythingtechnicallc.com\/index.php\/de\/product\/gebrauchte-dji-mini-2-ultraleichter-und-faltbarer-drohnen-quadcopter-3-achsen-gimbal-mit-4k-kamera-12mp-foto-31-minuten-flugzeit-ocusync-2-0-10km-hd-videouebertragung-quickshots-grau\/","url_meta":{"origin":9515,"position":5},"title":"Gebrauchte DJI Mini 2 &#8211; Ultraleichter und faltbarer Drohnen-Quadcopter, 3-Achsen-Gimbal mit 4K Kamera, 12MP Foto, 31 Minuten Flugzeit, OcuSync 2.0 10km HD Video\u00fcbertragung, QuickShots Grau","date":"March 24, 2026","format":false,"excerpt":"\u3010PACKEN SIE LEICHT, FLIEGEN SIE FREI\u3011: Mit weniger als 249 g wiegt sie etwa so viel wie ein Apfel und passt in Ihre Handfl\u00e4che. Kompakt und praktisch ist diese kleine Drohne Ihr idealer Reisebegleiter, der die Art und Weise, wie Sie Ihre sch\u00f6nsten Erinnerungen festhalten, ver\u00e4ndert. \u30103-AXIS GIMBAL MIT 4K\u2026","rel":"","context":"Similar post","img":{"alt_text":"","src":"https:\/\/i0.wp.com\/anythingtechnicallc.com\/wp-content\/uploads\/2025\/10\/DJI-Mini-2.jpg?fit=900%2C1200&ssl=1&resize=350%2C200","width":350,"height":200},"classes":[]}],"pll_sync_post":[],"lang":"de","translations":{"de":9515,"en":7652},"_links":{"self":[{"href":"https:\/\/anythingtechnicallc.com\/index.php\/wp-json\/wp\/v2\/product\/9515","targetHints":{"allow":["GET"]}}],"collection":[{"href":"https:\/\/anythingtechnicallc.com\/index.php\/wp-json\/wp\/v2\/product"}],"about":[{"href":"https:\/\/anythingtechnicallc.com\/index.php\/wp-json\/wp\/v2\/types\/product"}],"replies":[{"embeddable":true,"href":"https:\/\/anythingtechnicallc.com\/index.php\/wp-json\/wp\/v2\/comments?post=9515"}],"wp:featuredmedia":[{"embeddable":true,"href":"https:\/\/anythingtechnicallc.com\/index.php\/wp-json\/wp\/v2\/media\/9514"}],"wp:attachment":[{"href":"https:\/\/anythingtechnicallc.com\/index.php\/wp-json\/wp\/v2\/media?parent=9515"}],"wp:term":[{"taxonomy":"product_brand","embeddable":true,"href":"https:\/\/anythingtechnicallc.com\/index.php\/wp-json\/wp\/v2\/product_brand?post=9515"},{"taxonomy":"product_cat","embeddable":true,"href":"https:\/\/anythingtechnicallc.com\/index.php\/wp-json\/wp\/v2\/product_cat?post=9515"},{"taxonomy":"product_tag","embeddable":true,"href":"https:\/\/anythingtechnicallc.com\/index.php\/wp-json\/wp\/v2\/product_tag?post=9515"}],"curies":[{"name":"wp","href":"https:\/\/api.w.org\/{rel}","templated":true}]}}