{"id":9518,"date":"2026-03-21T12:37:21","date_gmt":"2026-03-21T12:37:21","guid":{"rendered":"https:\/\/anythingtechnicallc.com\/?post_type=product&#038;p=9518"},"modified":"2026-03-21T12:37:21","modified_gmt":"2026-03-21T12:37:21","slug":"hp-620-fhd-webcam-1080p-30-fps-fokus-farbe-gegenlichtkorrektur-zwei-geraeuschreduzierende-mikrofone-einstellbare-schwenk-neigefunktion-windows-hello-zoom-certified-privacy-cover-6y7","status":"publish","type":"product","link":"https:\/\/anythingtechnicallc.com\/index.php\/de\/product\/hp-620-fhd-webcam-1080p-30-fps-fokus-farbe-gegenlichtkorrektur-zwei-geraeuschreduzierende-mikrofone-einstellbare-schwenk-neigefunktion-windows-hello-zoom-certified-privacy-cover-6y7\/","title":{"rendered":"HP 620 FHD Webcam &#8211; 1080p 30 FPS &#8211; Fokus &#038; Farbe, Gegenlichtkorrektur &#8211; zwei ger\u00e4uschreduzierende Mikrofone &#8211; einstellbare Schwenk-\/Neigefunktion &#8211; Windows Hello, Zoom Certified, &#038; Privacy Cover (6Y7L2AA#ABL)"},"content":{"rendered":"<ul class=\"a-unordered-list a-vertical a-spacing-mini\">\n<li class=\"a-spacing-mini\"><span class=\"a-list-item\">AMAZINIERENDE VIDEOQUALIT\u00c4T &#8211; Die IR-Sensortechnologie in Kombination mit FHD 1080p bei 30 FPS, HD 720p bei 60 FPS, automatischer Farbgebung und Gegenlichtkorrektur sorgt f\u00fcr eine gestochen scharfe Videoaufl\u00f6sung, damit Sie bei Videokonferenzen und -gespr\u00e4chen von Anfang an scharf sehen. <\/span><\/li>\n<li class=\"a-spacing-mini\"><span class=\"a-list-item\">BLEIBEN SIE FOKUSSIERT, SIEHEN SIE GROSSARTIG AUS &#8211; Der Autofokus sorgt automatisch daf\u00fcr, dass Ihr Bild aus jedem Winkel scharf aussieht, damit Sie sich auf das Gespr\u00e4ch konzentrieren k\u00f6nnen; au\u00dferdem k\u00f6nnen Sie bei Bedarf hinein- und herauszoomen, um feine Details in gestochen scharfer Aufl\u00f6sung zu erkennen. <\/span><\/li>\n<li class=\"a-spacing-mini\"><span class=\"a-list-item\">KLAR GEH\u00d6RT WERDEN &#8211; Mit den integrierten, omnidirektionalen Mikrofonen mit Rauschunterdr\u00fcckung, die den Ton aus einer Entfernung von bis zu 1,5 Metern aufnehmen, k\u00f6nnen Sie \u00fcberall im Raum laut und deutlich geh\u00f6rt werden. <\/span><\/li>\n<li class=\"a-spacing-mini\"><span class=\"a-list-item\">KONFERENZEN OHNE SCHWERPUNKTE &#8211; Dank der Zoom-Zertifizierung und der Kompatibilit\u00e4t mit f\u00fchrenden Konferenz-Apps k\u00f6nnen Sie sich mit dieser Computer-Webcam von Ihrer besten Seite zeigen, egal wo Sie sind. <\/span><\/li>\n<li class=\"a-spacing-mini\"><span class=\"a-list-item\">SCHNELLES, SICHERES ANMELDEN &#8211; Melden Sie sich schnell und einfach an Ihrem Computer an, ohne sich komplizierte Passw\u00f6rter merken zu m\u00fcssen &#8211; dank der Windows Hello Gesichtserkennungstechnologie. Und mit der abnehmbaren Objektivabdeckung bleibt alles privat, wenn Sie nicht aktiv sind. <\/span><\/li>\n<li class=\"a-spacing-mini\"><span class=\"a-list-item\">FINDEN SIE DEN PERFEKTEN WINKEL &#8211; Halten Sie alles fest, indem Sie die Webcam einfach dorthin richten, wo Sie es w\u00fcnschen, denn sie l\u00e4sst sich um 360 Grad schwenken, um 90 Grad nach unten neigen und hat ein einstellbares Sichtfeld von 66, 78 oder 92 Grad. <\/span><\/li>\n<li class=\"a-spacing-mini\"><span class=\"a-list-item\">HERGESTELLT AUS RECYCLED MATERIALIEN &#8211; HP setzt sich f\u00fcr die Reduzierung von Plastik in M\u00fclldeponien und Ozeanen ein. Diese Webcam besteht zu 70% aus recyceltem Kunststoff (3) und die Verpackung ist zu 100% recycelbar (4). <\/span><\/li>\n<\/ul>\n","protected":false},"excerpt":{"rendered":"<ul class=\"a-unordered-list a-vertical a-spacing-mini\">\n<li class=\"a-spacing-mini\"><span class=\"a-list-item\">AMAZINIERENDE VIDEOQUALIT\u00c4T &#8211; Die IR-Sensortechnologie in Kombination mit FHD 1080p bei 30 FPS, HD 720p bei 60 FPS, automatischer Farbgebung und Gegenlichtkorrektur sorgt f\u00fcr eine gestochen scharfe Videoaufl\u00f6sung, damit Sie bei Videokonferenzen und -gespr\u00e4chen von Anfang an scharf sehen. <\/span><\/li>\n<li class=\"a-spacing-mini\"><span class=\"a-list-item\">BLEIBEN SIE FOKUSSIERT, SIEHEN SIE GROSSARTIG AUS &#8211; Der Autofokus sorgt automatisch daf\u00fcr, dass Ihr Bild aus jedem Blickwinkel scharf aussieht, damit Sie sich auf das Gespr\u00e4ch konzentrieren k\u00f6nnen. Au\u00dferdem k\u00f6nnen Sie bei Bedarf hinein- und herauszoomen, um feine Details in gestochen scharfer Aufl\u00f6sung zu erkennen. <\/span><\/li>\n<li class=\"a-spacing-mini\"><span class=\"a-list-item\">KLAR GEH\u00d6RT WERDEN &#8211; Mit den integrierten, omnidirektionalen Mikrofonen mit Rauschunterdr\u00fcckung, die den Ton aus einer Entfernung von bis zu 1,5 Metern aufnehmen, k\u00f6nnen Sie \u00fcberall im Raum laut und deutlich geh\u00f6rt werden. <\/span><\/li>\n<li class=\"a-spacing-mini\"><span class=\"a-list-item\">KONFERENZEN OHNE SCHWERPUNKTE &#8211; Dank der Zoom-Zertifizierung und der Kompatibilit\u00e4t mit f\u00fchrenden Konferenz-Apps k\u00f6nnen Sie sich mit dieser Computer-Webcam von Ihrer besten Seite zeigen, egal wo Sie sind. <\/span><\/li>\n<li class=\"a-spacing-mini\"><span class=\"a-list-item\">SCHNELLES, SICHERES ANMELDEN &#8211; Melden Sie sich schnell und einfach an Ihrem Computer an, ohne sich komplizierte Passw\u00f6rter merken zu m\u00fcssen &#8211; dank der Gesichtserkennungstechnologie Windows Hello. Und mit der abnehmbaren Objektivabdeckung bleibt alles privat, wenn Sie nicht aktiv sind. <\/span><\/li>\n<li class=\"a-spacing-mini\"><span class=\"a-list-item\">FINDEN SIE DEN PERFEKTEN WINKEL &#8211; Halten Sie alles fest, indem Sie die Webcam einfach dorthin richten, wo Sie es w\u00fcnschen, denn sie ist um 360 Grad schwenkbar, um 90 Grad nach unten neigbar und verf\u00fcgt \u00fcber ein einstellbares Sichtfeld von 66, 78 oder 92 Grad. <\/span><\/li>\n<li class=\"a-spacing-mini\"><span class=\"a-list-item\">HERGESTELLT AUS RECYCLED MATERIALIEN &#8211; HP setzt sich f\u00fcr die Reduzierung von Plastik in M\u00fclldeponien und Ozeanen ein. Diese Webcam besteht zu 70% aus recyceltem Kunststoff (3) und die Verpackung ist zu 100% recycelbar (4). <\/span><\/li>\n<\/ul>\n","protected":false},"featured_media":9517,"comment_status":"open","ping_status":"closed","template":"","meta":{"_et_pb_use_builder":"","_et_pb_old_content":"","_et_gb_content_width":""},"product_brand":[],"product_cat":[1576],"product_tag":[],"class_list":{"0":"post-9518","1":"product","2":"type-product","3":"status-publish","4":"has-post-thumbnail","6":"product_cat-kamerazubehoer","8":"first","9":"instock","10":"sale","11":"taxable","12":"shipping-taxable","13":"purchasable","14":"product-type-simple"},"exclude_global_add_ons":[],"addons":[],"jetpack-related-posts":[{"id":9110,"url":"https:\/\/anythingtechnicallc.com\/index.php\/de\/product\/logitech-mx-brio-ultra-hd-4k-webcam-fuer-zusammenarbeit-und-streaming-1080p-bei-60-fps-zwei-geraeuschreduzierende-mikrofone-show-modus-usb-c-webcam-abdeckung-kompatibel-mit-microsoft-teams-zoom\/","url_meta":{"origin":9518,"position":0},"title":"Logitech MX Brio Ultra HD 4K-Webcam f\u00fcr Zusammenarbeit und Streaming, 1080p bei 60 FPS, zwei ger\u00e4uschreduzierende Mikrofone, Show-Modus, USB-C, Webcam-Abdeckung, kompatibel mit Microsoft Teams, Zoom, Google Meet &#8211; Graphit","date":"March 19, 2026","format":false,"excerpt":"Treffen Sie sich, streamen Sie, meistern Sie mit der scharfen Ultra HD 4k-Aufl\u00f6sung der MX Brio. Mit 2x besserer Gesichtserkennung und 2x feineren Bilddetails bei schwierigen Lichtverh\u00e4ltnissen(2), KI-Verbesserungen, einem von Logi entwickelten Objektiv, 70% gr\u00f6\u00dferen Pixeln(1) und unserem bisher gr\u00f6\u00dften Webcam-Sensor. Mit den Feineinstellungen(3) k\u00f6nnen Sie Beleuchtung, Wei\u00dfabgleich mit ISO,\u2026","rel":"","context":"Similar post","img":{"alt_text":"","src":"https:\/\/i0.wp.com\/anythingtechnicallc.com\/wp-content\/uploads\/2025\/02\/61WQr6U3mwL._AC_SL1500_.jpg?fit=1200%2C1069&ssl=1&resize=350%2C200","width":350,"height":200},"classes":[]},{"id":9118,"url":"https:\/\/anythingtechnicallc.com\/index.php\/de\/product\/bose-700-noise-cancelling-bluetooth-kopfhoerer-triple-black-erneuert\/","url_meta":{"origin":9518,"position":1},"title":"Bose 700 Noise-Cancelling Bluetooth Kopfh\u00f6rer (Triple Black) (Erneuert)","date":"March 19, 2026","format":false,"excerpt":"Leistungsstarke Kopfh\u00f6rer mit Ger\u00e4uschunterdr\u00fcckung: Mit 11 Stufen aktiver Ger\u00e4uschunterdr\u00fcckung k\u00f6nnen Sie Musik, Podcasts, Videos und Anrufe ohne Ablenkung genie\u00dfen. Erstaunlicher Klang: Gestochen scharfe, klare Details. Tiefe, volle B\u00e4sse. Diese kabellosen Kopfh\u00f6rer erzeugen einen aufregenden, lebensechten Klang, der bei jeder Lautst\u00e4rke voll und ausgewogen ist. Un\u00fcbertroffene Sprachaufnahme: Ein revolution\u00e4res Mikrofonsystem passt\u2026","rel":"","context":"Similar post","img":{"alt_text":"","src":"https:\/\/i0.wp.com\/anythingtechnicallc.com\/wp-content\/uploads\/2025\/02\/51nAMlff9dL._AC_SL1000_.jpg?fit=565%2C889&ssl=1&resize=350%2C200","width":350,"height":200},"classes":[]},{"id":9647,"url":"https:\/\/anythingtechnicallc.com\/index.php\/de\/product\/erneuert-gopro-hero9-black-wasserdichte-action-kamera-mit-front-lcd-und-touch-rueckseite-5k-ultra-hd-video-20mp-fotos-1080p-live-streaming-webcam-stabilisierung\/","url_meta":{"origin":9518,"position":2},"title":"Erneuert GoPro HERO9 Black &#8211; Wasserdichte Action-Kamera mit Front-LCD und Touch-R\u00fcckseite, 5K Ultra HD Video, 20MP Fotos, 1080p Live-Streaming, Webcam, Stabilisierung","date":"March 24, 2026","format":false,"excerpt":"5K Video - Nehmen Sie atemberaubende Videos mit einer Aufl\u00f6sung von bis zu 5K auf, so dass auch beim Zoomen keine Details verloren gehen. 20MP Foto mit SuperPhoto: Nehmen Sie gestochen scharfe Fotos in Profiqualit\u00e4t mit 20MP auf. Und mit SuperPhoto kann die HERO9 Black automatisch die beste Bildverarbeitung f\u00fcr\u2026","rel":"","context":"Similar post","img":{"alt_text":"","src":"https:\/\/i0.wp.com\/anythingtechnicallc.com\/wp-content\/uploads\/2025\/10\/518PGIaxCPL._AC_SL1200_.jpg?fit=1200%2C697&ssl=1&resize=350%2C200","width":350,"height":200},"classes":[]},{"id":9106,"url":"https:\/\/anythingtechnicallc.com\/index.php\/de\/product\/logitech-2017-brio-4k-webcam\/","url_meta":{"origin":9518,"position":3},"title":"Logitech 2017 Brio 4K Webcam","date":"March 19, 2026","format":false,"excerpt":"UNTERST\u00dcTZEN SIE DIE ARBEIT VON \u00dcBERALL MIT SYNC: Ganz gleich, ob Ihre Mitarbeiter im B\u00fcro, zu Hause oder an einem anderen Ort sind, die Ger\u00e4teverwaltungssoftware Sync hilft allen, in Verbindung zu bleiben, indem Sie sicherstellen, dass ihre pers\u00f6nlichen Logitech Video Collaboration-Ger\u00e4te verwendet werden und auf dem neuesten Stand sind. Ultra\u2026","rel":"","context":"Similar post","img":{"alt_text":"","src":"https:\/\/i0.wp.com\/anythingtechnicallc.com\/wp-content\/uploads\/2025\/02\/71SAamTGWQL._AC_SL1500_.jpg?fit=1200%2C1003&ssl=1&resize=350%2C200","width":350,"height":200},"classes":[]},{"id":9497,"url":"https:\/\/anythingtechnicallc.com\/index.php\/de\/product\/dji-osmo-pocket-3-vlogging-kamera-mit-1-cmos-4k-120fps-vlog-kamera-3-achsen-stabilisierung-schnelle-fokussierung-gesichts-objektverfolgung-digitale-vlogging-kamera-fuer-youtube\/","url_meta":{"origin":9518,"position":4},"title":"DJI Osmo Pocket 3, Vlogging-Kamera mit 1&#8221; CMOS &#038; 4K\/120fps Vlog-Kamera, 3-Achsen-Stabilisierung, schnelle Fokussierung, Gesichts-\/Objektverfolgung, digitale Vlogging-Kamera f\u00fcr YouTube","date":"March 21, 2026","format":false,"excerpt":"Ob auf Reisen, bei einem Nachmittag im Park mit der Familie oder beim Vloggen Ihres t\u00e4glichen Lebens - mit dem Osmo Pocket 3 k\u00f6nnen Sie unterwegs atemberaubend fl\u00fcssige Aufnahmen machen. Bitte aktualisieren Sie die Firmware auf die neueste Version f\u00fcr ein besseres Benutzererlebnis. * Aufgrund von Kompatibilit\u00e4tsproblemen mit der Plattform\u2026","rel":"","context":"Similar post","img":{"alt_text":"","src":"https:\/\/i0.wp.com\/anythingtechnicallc.com\/wp-content\/uploads\/2025\/08\/61tukvVUMiL._AC_SL1500_.jpg?fit=476%2C1200&ssl=1&resize=350%2C200","width":350,"height":200},"classes":[]},{"id":9653,"url":"https:\/\/anythingtechnicallc.com\/index.php\/de\/product\/samsung-30-100-the-freestyle-mit-gaming-hub-smart-portable-projektor-fhd-hdr-grossbild-heimkinoerlebnis-360-sound-sp-lff3claxza-modell-2023-erneuert\/","url_meta":{"origin":9518,"position":5},"title":"SAMSUNG 30&#8243; &#8211; 100&#8243; The Freestyle mit Gaming Hub Smart Portable Projektor, FHD, HDR, Gro\u00dfbild-Heimkinoerlebnis, 360 Sound, SP-LFF3CLAXZA, Modell 2023 (Erneuert)","date":"March 24, 2026","format":false,"excerpt":"POINT AND PLAY: Stellen Sie es auf, neigen Sie es und schauen Sie es sich an, wo immer Sie wollen - dieses vielseitige, intelligente Kino f\u00fcr unterwegs macht es einfach; mit einem St\u00e4nder, der sich um fast 180 Grad drehen l\u00e4sst, k\u00f6nnen Sie Ihr Bild vom Boden bis zur Decke\u2026","rel":"","context":"Similar post","img":{"alt_text":"","src":"https:\/\/i0.wp.com\/anythingtechnicallc.com\/wp-content\/uploads\/2025\/10\/71u4IRKLTFL._AC_SL1500_.jpg?fit=1169%2C1200&ssl=1&resize=350%2C200","width":350,"height":200},"classes":[]}],"pll_sync_post":[],"lang":"de","translations":{"de":9518,"en":7803},"_links":{"self":[{"href":"https:\/\/anythingtechnicallc.com\/index.php\/wp-json\/wp\/v2\/product\/9518","targetHints":{"allow":["GET"]}}],"collection":[{"href":"https:\/\/anythingtechnicallc.com\/index.php\/wp-json\/wp\/v2\/product"}],"about":[{"href":"https:\/\/anythingtechnicallc.com\/index.php\/wp-json\/wp\/v2\/types\/product"}],"replies":[{"embeddable":true,"href":"https:\/\/anythingtechnicallc.com\/index.php\/wp-json\/wp\/v2\/comments?post=9518"}],"wp:featuredmedia":[{"embeddable":true,"href":"https:\/\/anythingtechnicallc.com\/index.php\/wp-json\/wp\/v2\/media\/9517"}],"wp:attachment":[{"href":"https:\/\/anythingtechnicallc.com\/index.php\/wp-json\/wp\/v2\/media?parent=9518"}],"wp:term":[{"taxonomy":"product_brand","embeddable":true,"href":"https:\/\/anythingtechnicallc.com\/index.php\/wp-json\/wp\/v2\/product_brand?post=9518"},{"taxonomy":"product_cat","embeddable":true,"href":"https:\/\/anythingtechnicallc.com\/index.php\/wp-json\/wp\/v2\/product_cat?post=9518"},{"taxonomy":"product_tag","embeddable":true,"href":"https:\/\/anythingtechnicallc.com\/index.php\/wp-json\/wp\/v2\/product_tag?post=9518"}],"curies":[{"name":"wp","href":"https:\/\/api.w.org\/{rel}","templated":true}]}}