{"id":9521,"date":"2026-03-21T12:37:37","date_gmt":"2026-03-21T12:37:37","guid":{"rendered":"https:\/\/anythingtechnicallc.com\/?post_type=product&#038;p=9521"},"modified":"2026-03-21T12:37:37","modified_gmt":"2026-03-21T12:37:37","slug":"hp-t740-thin-client-amd-ryzen-v1756b-quad-core-4-kerne-325-ghz","status":"publish","type":"product","link":"https:\/\/anythingtechnicallc.com\/index.php\/de\/product\/hp-t740-thin-client-amd-ryzen-v1756b-quad-core-4-kerne-325-ghz\/","title":{"rendered":"HP t740 Thin Client &#8211; AMD Ryzen V1756B Quad-Core (4 Kerne) 3,25 GHz"},"content":{"rendered":"<ul class=\"a-unordered-list a-vertical a-spacing-mini\">\n<li class=\"a-spacing-mini\"><span class=\"a-list-item\">Erledigen Sie anspruchsvolle Aufgaben mit dem extrem leistungsstarken AMD Ryzen Embedded V1756B Prozessor und dem schnellen Systemspeicher. Rendern Sie Inhalte nahtlos mit Unterst\u00fctzung f\u00fcr bis zu sechs UHD\/4K-Displays.<\/span><\/li>\n<li class=\"a-spacing-mini\"><span class=\"a-list-item\">Holen Sie sich einen Thin Client, der f\u00fcr Ihre individuellen Gesch\u00e4ftsanforderungen optimiert ist, mit einem konfigurierbaren PCIe-Steckplatz, der fortschrittliche Grafik, mehrere Displays, alternative Netzwerke und optionale Anschl\u00fcsse unterst\u00fctzt.<\/span><\/li>\n<li class=\"a-spacing-mini\"><span class=\"a-list-item\">Verschl\u00fcsseln Sie die Daten, die zwischen dem Systemspeicher und dem Prozessor flie\u00dfen, sch\u00fctzen Sie die Firmware und sperren Sie den Zugriff mit einem inh\u00e4rent sicheren Thin Client, der \u00fcber AMD Memory Guard, ein eingebettetes Betriebssystem und eine NIST SP800-193 Komponente verf\u00fcgt.<\/span><\/li>\n<li class=\"a-spacing-mini\"><span class=\"a-list-item\">Richten Sie Ihre Ger\u00e4te aus der Ferne ein und stellen Sie sie bereit, steigern Sie die Leistung Ihres Wi-Fi-Netzwerks und nutzen Sie Multimedia in lokaler Qualit\u00e4t mit der mitgelieferten Software, die unsere Thin Clients leistungsf\u00e4hig, reaktionsschnell und zuverl\u00e4ssig macht.<\/span><\/li>\n<\/ul>\n","protected":false},"excerpt":{"rendered":"<ul class=\"a-unordered-list a-vertical a-spacing-mini\">\n<li class=\"a-spacing-mini\"><span class=\"a-list-item\">Erledigen Sie anspruchsvolle Aufgaben mit dem extrem leistungsstarken AMD Ryzen Embedded V1756B Prozessor und dem schnellen Systemspeicher. Rendern Sie Inhalte nahtlos mit Unterst\u00fctzung f\u00fcr bis zu sechs UHD\/4K-Displays.<\/span><\/li>\n<li class=\"a-spacing-mini\"><span class=\"a-list-item\">Holen Sie sich einen Thin Client, der f\u00fcr Ihre individuellen Gesch\u00e4ftsanforderungen optimiert ist, mit einem konfigurierbaren PCIe-Steckplatz, der fortschrittliche Grafik, mehrere Displays, alternative Netzwerke und optionale Anschl\u00fcsse unterst\u00fctzt.<\/span><\/li>\n<li class=\"a-spacing-mini\"><span class=\"a-list-item\">Verschl\u00fcsseln Sie die Daten, die zwischen dem Systemspeicher und dem Prozessor flie\u00dfen, sch\u00fctzen Sie die Firmware und sperren Sie den Zugriff mit einem inh\u00e4rent sicheren Thin Client, der \u00fcber AMD Memory Guard, ein eingebettetes Betriebssystem und eine NIST SP800-193 Komponente verf\u00fcgt.<\/span><\/li>\n<li class=\"a-spacing-mini\"><span class=\"a-list-item\">Richten Sie Ihre Ger\u00e4te aus der Ferne ein und stellen Sie sie bereit, steigern Sie die Leistung Ihres Wi-Fi-Netzwerks und nutzen Sie Multimedia in lokaler Qualit\u00e4t mit der mitgelieferten Software, die unsere Thin Clients leistungsf\u00e4hig, reaktionsschnell und zuverl\u00e4ssig macht.<\/span><\/li>\n<\/ul>\n","protected":false},"featured_media":9520,"comment_status":"open","ping_status":"closed","template":"","meta":{"_et_pb_use_builder":"","_et_pb_old_content":"","_et_gb_content_width":""},"product_brand":[],"product_cat":[1372],"product_tag":[],"class_list":{"0":"post-9521","1":"product","2":"type-product","3":"status-publish","4":"has-post-thumbnail","6":"product_cat-elektronik","8":"first","9":"instock","10":"sale","11":"taxable","12":"shipping-taxable","13":"purchasable","14":"product-type-simple"},"exclude_global_add_ons":[],"addons":[],"jetpack-related-posts":[{"id":9485,"url":"https:\/\/anythingtechnicallc.com\/index.php\/de\/product\/alienware-pro-wireless-gaming-maus-2-4ghz-gaming-wireless-usb-wired-konnektivitaet-einstellbare-dpi-optische-sensor-technologie-6-programmierbare-tasten-650-ips-sensor-max-speed-dark-side-of-t\/","url_meta":{"origin":9521,"position":0},"title":"Alienware Pro Wireless Gaming Maus &#8211; 2.4GHz Gaming Wireless\/USB Wired Konnektivit\u00e4t, einstellbare DPI, optische Sensor Technologie, 6 programmierbare Tasten, 650 IPS Sensor Max Speed &#8211; Dark Side of the Moon","date":"March 21, 2026","format":false,"excerpt":"Blitzschnelle Reaktionszeiten: 4KHz kabellos - 0,25ms Reaktionszeit\/8KHz kabelgebunden - 0,125ms Reaktionszeit. Holen Sie sich den Vorteil, wenn eine Millisekunde den Unterschied zwischen Platz 1 und Platz 2 ausmacht, und nutzen Sie die hohe Abfragerate zur Minimierung der Eingabeverz\u00f6gerung f\u00fcr eine reaktionsschnelle und nahtlose Verbindung zwischen Ihrem Gehirn, der Maus und\u2026","rel":"","context":"Similar post","img":{"alt_text":"","src":"https:\/\/i0.wp.com\/anythingtechnicallc.com\/wp-content\/uploads\/2025\/08\/61W9cp4RMgL._AC_SL1500_.jpg?fit=694%2C1200&ssl=1&resize=350%2C200","width":350,"height":200},"classes":[]},{"id":9849,"url":"https:\/\/anythingtechnicallc.com\/index.php\/de\/product\/shokz-new-openfit-2-open-ear-headphones-dolby-audio-enabled-bequeme-ohrhoerer-mit-weichen-ohrbuegeln-48-stunden-spielzeit-ip55-wasserdicht-usb-c-schnellladung-drahtlose-aufladung-tragetasche\/","url_meta":{"origin":9521,"position":1},"title":"SHOKZ New OpenFit 2+ Open-Ear Headphones, Dolby Audio Enabled, bequeme Ohrh\u00f6rer mit weichen Ohrb\u00fcgeln, 48 Stunden Spielzeit, IP55 wasserdicht, USB-C Schnellladung, drahtlose Aufladung, Tragetasche, Grau","date":"April 8, 2026","format":false,"excerpt":"Detailreicher Klang, Dolby Audio Optimiert Mit Shokz DualBoost sorgt der OpenFit 2+ f\u00fcr helle H\u00f6hen und tiefe B\u00e4sse. Ein 17,3-mm-Tieft\u00f6ner sorgt f\u00fcr satte B\u00e4sse, w\u00e4hrend ein unabh\u00e4ngiger Hocht\u00f6ner knackige H\u00f6hen und unseren KI-Algorithmus OpenBass 2.0 hervorbringt. Aktivieren Sie Dolby Audio f\u00fcr zus\u00e4tzliche Klarheit und Dimension in der Shokz App. Ganzt\u00e4gig\u2026","rel":"","context":"Similar post","img":{"alt_text":"","src":"https:\/\/i0.wp.com\/anythingtechnicallc.com\/wp-content\/uploads\/2026\/03\/61tW4F8ZYTL._AC_SL1500_.jpg?fit=974%2C1200&ssl=1&resize=350%2C200","width":350,"height":200},"classes":[]},{"id":9958,"url":"https:\/\/anythingtechnicallc.com\/index.php\/de\/product\/zebra-tc52-rugged-scanner-android-2d-1d-barcode-leser-inkl-ladegeraet-erneuert\/","url_meta":{"origin":9521,"position":2},"title":"Zebra TC52 Rugged Scanner, Android, 2D\/1D Barcode-Leser (inkl. Ladeger\u00e4t) (Erneuert)","date":"April 15, 2026","format":false,"excerpt":"Fortschrittliches Barcode-Scannen: Ausgestattet mit einem 2D\/1D\/QR-Codeleser f\u00fcr schnelles und genaues Scannen von Barcodes, perfekt f\u00fcr die Bestands- und Lagerverwaltung. Robuste Langlebigkeit: Der Zebra TC52 ist f\u00fcr den anspruchsvollen Einsatz in der Industrie und im Freien konzipiert und h\u00e4lt auch rauen Umgebungen stand. Kabellos und leistungsf\u00e4hig: Mit WiFi-Konnektivit\u00e4t f\u00fcr nahtlose Daten\u00fcbertragung\u2026","rel":"","context":"Similar post","img":{"alt_text":"","src":"https:\/\/i0.wp.com\/anythingtechnicallc.com\/wp-content\/uploads\/2026\/04\/Zebra-TC52-Rugged-Scanner.jpg?fit=900%2C1200&ssl=1&resize=350%2C200","width":350,"height":200},"classes":[]},{"id":9155,"url":"https:\/\/anythingtechnicallc.com\/index.php\/de\/product\/microsoft-surface-pro-7-123-zoll-touchscreen-intel-i5-1035g4-8gb-ram-256gb-ssd-erneuert\/","url_meta":{"origin":9521,"position":3},"title":"Microsoft Surface Pro 7 12,3 Zoll Touchscreen Intel i5-1035G4 8GB RAM 256GB SSD (Erneuert)","date":"March 19, 2026","format":false,"excerpt":"Intel Core i5-1035G4 Prozessor der 10. Generation: Intelligente Vierkern- und Achtfach-Verarbeitungsleistung. Die Intel Turbo Boost Technologie liefert dynamische Extra-Power, wenn Sie sie brauchen, und erh\u00f6ht die Energieeffizienz, wenn Sie sie nicht brauchen. 12,3\" Bildschirm mit einer Aufl\u00f6sung von 2736 x 1824: Klare, helle Aufl\u00f6sung zum Ansehen von Filmen, Surfen im\u2026","rel":"","context":"Similar post","img":{"alt_text":"","src":"https:\/\/i0.wp.com\/anythingtechnicallc.com\/wp-content\/uploads\/2025\/02\/51d7wx7kBL._AC_SL1500_.jpg?fit=1200%2C486&ssl=1&resize=350%2C200","width":350,"height":200},"classes":[]},{"id":9142,"url":"https:\/\/anythingtechnicallc.com\/index.php\/de\/product\/focusrite-scarlett-2i2-4th-gen-usb-audio-interface-fuer-aufnahmen-songwriting-streaming-und-podcasting-high-fidelity-aufnahmen-in-studioqualitaet-und-die-gesamte-software-die-sie-zum-aufnehmen-be\/","url_meta":{"origin":9521,"position":4},"title":"Focusrite Scarlett 2i2 4th Gen USB Audio Interface f\u00fcr Aufnahmen, Songwriting, Streaming und Podcasting &#8211; High-Fidelity-Aufnahmen in Studioqualit\u00e4t und die gesamte Software, die Sie zum Aufnehmen ben\u00f6tigen","date":"March 19, 2026","format":false,"excerpt":"Die neueste Generation des Scarlett 2i2 macht es Ihnen leicht, jedes Mal bessere Aufnahmen zu machen. Zwei von Focusrites detailliertesten, extrem rauscharmen Mikrofonvorverst\u00e4rkern. Wandler in Studioqualit\u00e4t mit einem riesigen Dynamikbereich von 120 dB, der dem eines professionellen Studios entspricht. Auto Gain, Clip Safe und eine leistungsstarke analoge Verst\u00e4rkung von 69\u2026","rel":"","context":"Similar post","img":{"alt_text":"","src":"https:\/\/i0.wp.com\/anythingtechnicallc.com\/wp-content\/uploads\/2025\/02\/51MxMln3T2L._AC_SL1500_.jpg?fit=1153%2C450&ssl=1&resize=350%2C200","width":350,"height":200},"classes":[]},{"id":9506,"url":"https:\/\/anythingtechnicallc.com\/index.php\/de\/product\/sony-zv-1f-vlog-kamera-fuer-content-creators-und-vlogger\/","url_meta":{"origin":9521,"position":5},"title":"Sony ZV-1F Vlog Kamera f\u00fcr Content Creators und Vlogger","date":"March 21, 2026","format":false,"excerpt":"Mit der ZV-1F k\u00f6nnen Sie alles festhalten - sie erm\u00f6glicht es Ihnen, ein Gruppen-Selfie zusammen mit einem weitl\u00e4ufigen Blick auf die Hintergrundkulisse aufzunehmen. Da das Ultraweitwinkelobjektiv der Kamera mit 20 mm1 ein gr\u00f6\u00dferes Sichtfeld als das menschliche Gesichtsfeld erfasst, k\u00f6nnen Sie Bilder mit beeindruckender Tiefe und Perspektive aufnehmen. Machen Sie\u2026","rel":"","context":"Similar post","img":{"alt_text":"","src":"https:\/\/i0.wp.com\/anythingtechnicallc.com\/wp-content\/uploads\/2025\/08\/81lRtfnLuiL._AC_SL1500_.jpg?fit=1200%2C1085&ssl=1&resize=350%2C200","width":350,"height":200},"classes":[]}],"pll_sync_post":[],"lang":"de","translations":{"de":9521,"en":7805},"_links":{"self":[{"href":"https:\/\/anythingtechnicallc.com\/index.php\/wp-json\/wp\/v2\/product\/9521","targetHints":{"allow":["GET"]}}],"collection":[{"href":"https:\/\/anythingtechnicallc.com\/index.php\/wp-json\/wp\/v2\/product"}],"about":[{"href":"https:\/\/anythingtechnicallc.com\/index.php\/wp-json\/wp\/v2\/types\/product"}],"replies":[{"embeddable":true,"href":"https:\/\/anythingtechnicallc.com\/index.php\/wp-json\/wp\/v2\/comments?post=9521"}],"wp:featuredmedia":[{"embeddable":true,"href":"https:\/\/anythingtechnicallc.com\/index.php\/wp-json\/wp\/v2\/media\/9520"}],"wp:attachment":[{"href":"https:\/\/anythingtechnicallc.com\/index.php\/wp-json\/wp\/v2\/media?parent=9521"}],"wp:term":[{"taxonomy":"product_brand","embeddable":true,"href":"https:\/\/anythingtechnicallc.com\/index.php\/wp-json\/wp\/v2\/product_brand?post=9521"},{"taxonomy":"product_cat","embeddable":true,"href":"https:\/\/anythingtechnicallc.com\/index.php\/wp-json\/wp\/v2\/product_cat?post=9521"},{"taxonomy":"product_tag","embeddable":true,"href":"https:\/\/anythingtechnicallc.com\/index.php\/wp-json\/wp\/v2\/product_tag?post=9521"}],"curies":[{"name":"wp","href":"https:\/\/api.w.org\/{rel}","templated":true}]}}