{"id":9524,"date":"2026-03-21T12:38:42","date_gmt":"2026-03-21T12:38:42","guid":{"rendered":"https:\/\/anythingtechnicallc.com\/?post_type=product&#038;p=9524"},"modified":"2026-03-21T12:38:42","modified_gmt":"2026-03-21T12:38:42","slug":"omen-by-hp-photon-wireless-gaming-mouse-mit-kabelloser-qi-ladestation-programmierbaren-tasten-e-sport-dpi-und-benutzerdefinierter-rgb-beleuchtung-schwarz-erneuert","status":"publish","type":"product","link":"https:\/\/anythingtechnicallc.com\/index.php\/de\/product\/omen-by-hp-photon-wireless-gaming-mouse-mit-kabelloser-qi-ladestation-programmierbaren-tasten-e-sport-dpi-und-benutzerdefinierter-rgb-beleuchtung-schwarz-erneuert\/","title":{"rendered":"Omen by HP Photon Wireless Gaming Mouse mit kabelloser Qi-Ladestation, programmierbaren Tasten, E-Sport DPI und benutzerdefinierter RGB-Beleuchtung (Schwarz) (Erneuert)"},"content":{"rendered":"<ul class=\"a-unordered-list a-vertical a-spacing-mini\">\n<li class=\"a-spacing-mini\"><span class=\"a-list-item\">Leistung einer kabelgebundenen Maus &#8211; die proaktive kabellose Technologie und der branchenf\u00fchrende optisch-mechanische Schalter machen diese Gaming-Maus so pr\u00e4zise, schnell und reibungslos wie die kabelgebundene Konkurrenz. <\/span><\/li>\n<li class=\"a-spacing-mini\"><span class=\"a-list-item\">Kabelloses Qi-Laden &#8211; laden Sie die Photon-Maus einfach mit einem kabellosen Qi-Ladeger\u00e4t oder dem OMEN by HP Outpost Mauspad (OMEN Outpost separat erh\u00e4ltlich). <\/span><\/li>\n<li class=\"a-spacing-mini\"><span class=\"a-list-item\">Keine Verz\u00f6gerung mehr &#8211; 3x schnellere Reaktionszeit (0,2 ms) als bei herk\u00f6mmlichen mechanischen M\u00e4usen mit Lichtstrahlerkennung. <\/span><\/li>\n<li class=\"a-spacing-mini\"><span class=\"a-list-item\">Benutzerdefinierte RGB-Beleuchtung &#8211; bis zu 16,8 Millionen RGB-LED-Farbkombinationen, die \u00fcber das OMEN Command Center programmierbar sind. <\/span><\/li>\n<li class=\"a-spacing-mini\"><span class=\"a-list-item\">E-Sport DPI &#8211; 100-16.000 DPI mit dem optischen Sensor PixArt Paw3335 in E-Sport-Qualit\u00e4t. <\/span><\/li>\n<li class=\"a-spacing-mini\"><span class=\"a-list-item\">Programmierbar &#8211; 11 programmierbare Tasten bei Verwendung der OMEN Kommandozentrale. <\/span><\/li>\n<li class=\"a-spacing-mini\"><span class=\"a-list-item\">Ergonomisches Design &#8211; bequem f\u00fcr beidh\u00e4ndige Spieler, die mit der Klaue, der Handfl\u00e4che oder der Spitze greifen und mit abnehmbaren Fingerauflagen. <\/span><\/li>\n<\/ul>\n<div class=\"a-row a-expander-container a-expander-inline-container\">\n<div class=\"a-expander-content a-expander-extend-content a-expander-content-expanded\" data-expanded=\"true\">\n<ul class=\"a-unordered-list a-vertical a-spacing-none\">\n<li class=\"a-spacing-mini\"><span class=\"a-list-item\">Akkulaufzeit &#8211; vollst\u00e4ndig aufgeladen in 2,5 Stunden und bis zu 50 Stunden mit einer einzigen Ladung (bis zu 72 Stunden bei ausgeschalteter Beleuchtung). <\/span><\/li>\n<li class=\"a-spacing-mini\"><span class=\"a-list-item\">Leistung der kabelgebundenen Maus &#8211; die proaktive kabellose Technologie und der branchenf\u00fchrende optisch-mechanische Schalter machen diese Gaming-Maus so pr\u00e4zise, schnell und reibungslos wie die kabelgebundene Konkurrenz. <\/span><\/li>\n<\/ul>\n<\/div>\n<\/div>\n","protected":false},"excerpt":{"rendered":"<ul class=\"a-unordered-list a-vertical a-spacing-mini\">\n<li class=\"a-spacing-mini\"><span class=\"a-list-item\">Leistung einer kabelgebundenen Maus &#8211; die proaktive kabellose Technologie und der branchenf\u00fchrende optisch-mechanische Schalter machen diese Gaming-Maus so pr\u00e4zise, schnell und reibungslos wie die kabelgebundene Konkurrenz. <\/span><\/li>\n<li class=\"a-spacing-mini\"><span class=\"a-list-item\">Kabelloses Qi-Laden &#8211; laden Sie die Photon-Maus einfach mit einem kabellosen Qi-Ladeger\u00e4t oder dem OMEN by HP Outpost Mauspad (OMEN Outpost separat erh\u00e4ltlich). <\/span><\/li>\n<li class=\"a-spacing-mini\"><span class=\"a-list-item\">Keine Verz\u00f6gerung mehr &#8211; 3x schnellere Reaktionszeit (0,2 ms) als bei herk\u00f6mmlichen mechanischen M\u00e4usen mit Lichtstrahlerkennung. <\/span><\/li>\n<li class=\"a-spacing-mini\"><span class=\"a-list-item\">Benutzerdefinierte RGB-Beleuchtung &#8211; bis zu 16,8 Millionen RGB-LED-Farbkombinationen, die \u00fcber das OMEN Command Center programmierbar sind. <\/span><\/li>\n<li class=\"a-spacing-mini\"><span class=\"a-list-item\">E-Sport DPI &#8211; 100-16.000 DPI mit dem optischen Sensor PixArt Paw3335 in E-Sport-Qualit\u00e4t. <\/span><\/li>\n<li class=\"a-spacing-mini\"><span class=\"a-list-item\">Programmierbar &#8211; 11 programmierbare Tasten bei Verwendung der OMEN Kommandozentrale. <\/span><\/li>\n<li class=\"a-spacing-mini\"><span class=\"a-list-item\">Ergonomisches Design &#8211; bequem f\u00fcr beidh\u00e4ndige Spieler, die mit der Klaue, der Handfl\u00e4che oder der Spitze greifen und mit abnehmbaren Fingerauflagen. <\/span><\/li>\n<\/ul>\n<div class=\"a-row a-expander-container a-expander-inline-container\">\n<div class=\"a-expander-content a-expander-extend-content a-expander-content-expanded\" data-expanded=\"true\">\n<ul class=\"a-unordered-list a-vertical a-spacing-none\">\n<li class=\"a-spacing-mini\"><span class=\"a-list-item\">Akkulaufzeit &#8211; vollst\u00e4ndig aufgeladen in 2,5 Stunden und bis zu 50 Stunden mit einer einzigen Ladung (bis zu 72 Stunden bei ausgeschalteter Beleuchtung). <\/span><\/li>\n<li class=\"a-spacing-mini\"><span class=\"a-list-item\">Leistung der kabelgebundenen Maus &#8211; die proaktive kabellose Technologie und der branchenf\u00fchrende optisch-mechanische Schalter machen diese Gaming-Maus so pr\u00e4zise, schnell und reibungslos wie die kabelgebundene Konkurrenz. <\/span><\/li>\n<\/ul>\n<\/div>\n<\/div>\n","protected":false},"featured_media":9523,"comment_status":"open","ping_status":"closed","template":"","meta":{"_et_pb_use_builder":"","_et_pb_old_content":"","_et_gb_content_width":""},"product_brand":[],"product_cat":[1372],"product_tag":[],"class_list":{"0":"post-9524","1":"product","2":"type-product","3":"status-publish","4":"has-post-thumbnail","6":"product_cat-elektronik","8":"first","9":"instock","10":"sale","11":"taxable","12":"shipping-taxable","13":"purchasable","14":"product-type-simple"},"exclude_global_add_ons":[],"addons":[],"jetpack-related-posts":[{"id":9488,"url":"https:\/\/anythingtechnicallc.com\/index.php\/de\/product\/alienware-aw610m-tri-mode-kabellose-gaming-maus-2-4ghz-kabellos-lunar-light\/","url_meta":{"origin":9524,"position":0},"title":"Alienware AW610M Tri-Mode kabellose Gaming-Maus &#8211; 2.4GHz kabellos &#8211; Lunar Light","date":"March 21, 2026","format":false,"excerpt":"Entfesseln Sie maximale Pr\u00e4zision: Genie\u00dfen Sie au\u00dfergew\u00f6hnliche Leistung mit 26.000 DPI, einer Abtastung von bis zu 650 IPS und Sensoren, die eine maximale Beschleunigung von bis zu 50 G bew\u00e4ltigen k\u00f6nnen. Marathon-Gaming ist willkommen: Schlie\u00dfen Sie das Ger\u00e4t \u00fcber einen USB-C Wireless Dongle an und genie\u00dfen Sie bis zu 140\u2026","rel":"","context":"Similar post","img":{"alt_text":"","src":"https:\/\/i0.wp.com\/anythingtechnicallc.com\/wp-content\/uploads\/2025\/08\/61iBGToBJuL._AC_SL1500_.jpg?fit=738%2C1200&ssl=1&resize=350%2C200","width":350,"height":200},"classes":[]},{"id":9158,"url":"https:\/\/anythingtechnicallc.com\/index.php\/de\/product\/steelseries-rival-600-gaming-maus-12-000-cpi-truemove3-dualer-optischer-sensor-005-lift-off-abstand-gewichtssystemschwarz\/","url_meta":{"origin":9524,"position":1},"title":"SteelSeries Rival 600 &#8211; Gaming-Maus &#8211; 12.000 CPI TrueMove3+ Dualer optischer Sensor &#8211; 0,05 Lift-Off Abstand &#8211; Gewichtssystem,Schwarz","date":"March 19, 2026","format":false,"excerpt":"Exklusiver TrueMove3 12.000 CPI, 350 IPS optischer 1 zu 1 Tracking esports Sensor. Eine der niedrigsten und genauesten Abhebedistanzen der Welt. 256 Gewichtskonfigurationen f\u00fcr den Schwerpunkt. Mechanische Schalter mit geteiltem Ausl\u00f6ser und 60 Millionen Klicks. Seitliche Silikongriffe f\u00fcr mehr Grip und HaltbarkeitAcht-Zonen-RGB-Beleuchtung mit Discord-BenachrichtigungenSpeichern Sie Sensoreinstellungen, Makros und Beleuchtungseffekte an\u2026","rel":"","context":"Similar post","img":{"alt_text":"","src":"https:\/\/i0.wp.com\/anythingtechnicallc.com\/wp-content\/uploads\/2025\/02\/41eeDbs9eNL._AC_SL1200_.jpg?fit=528%2C689&ssl=1&resize=350%2C200","width":350,"height":200},"classes":[]},{"id":9485,"url":"https:\/\/anythingtechnicallc.com\/index.php\/de\/product\/alienware-pro-wireless-gaming-maus-2-4ghz-gaming-wireless-usb-wired-konnektivitaet-einstellbare-dpi-optische-sensor-technologie-6-programmierbare-tasten-650-ips-sensor-max-speed-dark-side-of-t\/","url_meta":{"origin":9524,"position":2},"title":"Alienware Pro Wireless Gaming Maus &#8211; 2.4GHz Gaming Wireless\/USB Wired Konnektivit\u00e4t, einstellbare DPI, optische Sensor Technologie, 6 programmierbare Tasten, 650 IPS Sensor Max Speed &#8211; Dark Side of the Moon","date":"March 21, 2026","format":false,"excerpt":"Blitzschnelle Reaktionszeiten: 4KHz kabellos - 0,25ms Reaktionszeit\/8KHz kabelgebunden - 0,125ms Reaktionszeit. Holen Sie sich den Vorteil, wenn eine Millisekunde den Unterschied zwischen Platz 1 und Platz 2 ausmacht, und nutzen Sie die hohe Abfragerate zur Minimierung der Eingabeverz\u00f6gerung f\u00fcr eine reaktionsschnelle und nahtlose Verbindung zwischen Ihrem Gehirn, der Maus und\u2026","rel":"","context":"Similar post","img":{"alt_text":"","src":"https:\/\/i0.wp.com\/anythingtechnicallc.com\/wp-content\/uploads\/2025\/08\/61W9cp4RMgL._AC_SL1500_.jpg?fit=694%2C1200&ssl=1&resize=350%2C200","width":350,"height":200},"classes":[]},{"id":8888,"url":"https:\/\/anythingtechnicallc.com\/index.php\/de\/product\/razer-hammerhead-true-wireless-2-generation-bluetooth-gaming-kopfhoerer-chroma-rgb-beleuchtung-60ms-low-latency-aktive-geraeuschunterdrueckung-zwei-mikrofone-mit-umgebungsgeraeuschunterdruecku\/","url_meta":{"origin":9524,"position":3},"title":"Razer Hammerhead True Wireless (2. Generation) Bluetooth Gaming-Kopfh\u00f6rer: Chroma RGB-Beleuchtung -60ms Low-Latency- Aktive Ger\u00e4uschunterdr\u00fcckung &#8211; Zwei Mikrofone mit Umgebungsger\u00e4uschunterdr\u00fcckung- Klassisches Schwarz","date":"March 18, 2026","format":false,"excerpt":"Powered by Razer Chroma RGB: Mit 16,8 Millionen Farben und einer Reihe von Effekten, aus denen Sie w\u00e4hlen k\u00f6nnen, unterstreichen Sie Ihren Stil und heben sich von der Masse ab - mit dem ultimativen kabellosen Ohrst\u00f6psel Flex.Hinweis: Wenn die Gr\u00f6\u00dfe der Ohrst\u00f6pselaufs\u00e4tze nicht mit der Gr\u00f6\u00dfe Ihrer Geh\u00f6rg\u00e4nge \u00fcbereinstimmt oder\u2026","rel":"","context":"Similar post","img":{"alt_text":"","src":"https:\/\/i0.wp.com\/anythingtechnicallc.com\/wp-content\/uploads\/2023\/03\/Razer-Hammerhead-True-Wireless-2nd-Gen-Bluetooth-Gaming-Earbuds-Chroma-RGB-Lighting-60ms-Low-Latency-Active-Noise-Cancellation-Dual-Environmental-Noise-Cancelling-Microphones-Classic-Black-0.jpg?fit=500%2C375&ssl=1&resize=350%2C200","width":350,"height":200},"classes":[]},{"id":9928,"url":"https:\/\/anythingtechnicallc.com\/index.php\/de\/product\/hyperx-quadcast-s-rgb-usb-kondensatormikrofon-fuer-pc-ps4-und-mac-vibrationsdaempfende-halterung-vier-richtcharakteristiken-pop-filter-verstaerkungsregelung-gaming-streaming-podcasts-erneuert\/","url_meta":{"origin":9524,"position":4},"title":"HyperX QuadCast S RGB USB-Kondensatormikrofon f\u00fcr PC, PS4 und Mac, vibrationsd\u00e4mpfende Halterung, vier Richtcharakteristiken, Pop-Filter, Verst\u00e4rkungsregelung, Gaming, Streaming, Podcasts (Erneuert)","date":"April 15, 2026","format":false,"excerpt":"Strahlende RGB-Beleuchtung mit dynamischen Effekten: Personalisieren Sie die atemberaubende RGB-Beleuchtung und die dynamischen Effekte f\u00fcr eine auff\u00e4llige Aufnahme mit anpassbarem Stil. Eingebaute Anti-Vibrations-Halterung: Isolieren Sie das Mikrofon und unterdr\u00fccken Sie mit der elastischen Seilaufh\u00e4ngung ungewollte Ersch\u00fctterungen und St\u00f6\u00dfe. Tap-to-mute-Sensor mit LED-Statusanzeige: Nutzen Sie die praktische Tap-to-Mute-Funktion, um mit Hilfe der\u2026","rel":"","context":"Similar post","img":{"alt_text":"","src":"https:\/\/i0.wp.com\/anythingtechnicallc.com\/wp-content\/uploads\/2026\/04\/61QDm8yvIKL._AC_SL1360_.jpg?fit=530%2C1200&ssl=1&resize=350%2C200","width":350,"height":200},"classes":[]},{"id":9542,"url":"https:\/\/anythingtechnicallc.com\/index.php\/de\/product\/hyperx-quadcast-s-rgb-usb-kondensatormikrofon-fuer-pc-ps4-ps5-und-mac-anti-vibrations-stossdaempfer-4-richtcharakteristiken-pop-filter-verstaerkungsregelung-gaming-streaming-podcasts-twitc\/","url_meta":{"origin":9524,"position":5},"title":"HyperX QuadCast S &#8211; RGB-USB-Kondensatormikrofon f\u00fcr PC, PS4, PS5 und Mac, Anti-Vibrations-Sto\u00dfd\u00e4mpfer, 4 Richtcharakteristiken, Pop-Filter, Verst\u00e4rkungsregelung, Gaming, Streaming, Podcasts, Twitch, YouTube, Discord","date":"March 21, 2026","format":false,"excerpt":"Strahlende RGB-Beleuchtung mit dynamischen Effekten: Personalisieren Sie die atemberaubende RGB-Beleuchtung und die dynamischen Effekte f\u00fcr eine auff\u00e4llige Aufnahme mit anpassbarem Stil. Eingebaute Anti-Vibrations-Halterung: Isolieren Sie das Mikrofon und unterdr\u00fccken Sie mit der elastischen Seilaufh\u00e4ngung ungewollte Ersch\u00fctterungen und St\u00f6\u00dfe. Tap-to-mute-Sensor mit LED-Statusanzeige: Nutzen Sie die praktische Tap-to-Mute-Funktion, um mit Hilfe der\u2026","rel":"","context":"Similar post","img":{"alt_text":"","src":"https:\/\/i0.wp.com\/anythingtechnicallc.com\/wp-content\/uploads\/2025\/09\/61dQJkzRopL._AC_SL1500_.jpg?fit=486%2C1200&ssl=1&resize=350%2C200","width":350,"height":200},"classes":[]}],"pll_sync_post":[],"lang":"de","translations":{"de":9524,"en":7812},"_links":{"self":[{"href":"https:\/\/anythingtechnicallc.com\/index.php\/wp-json\/wp\/v2\/product\/9524","targetHints":{"allow":["GET"]}}],"collection":[{"href":"https:\/\/anythingtechnicallc.com\/index.php\/wp-json\/wp\/v2\/product"}],"about":[{"href":"https:\/\/anythingtechnicallc.com\/index.php\/wp-json\/wp\/v2\/types\/product"}],"replies":[{"embeddable":true,"href":"https:\/\/anythingtechnicallc.com\/index.php\/wp-json\/wp\/v2\/comments?post=9524"}],"wp:featuredmedia":[{"embeddable":true,"href":"https:\/\/anythingtechnicallc.com\/index.php\/wp-json\/wp\/v2\/media\/9523"}],"wp:attachment":[{"href":"https:\/\/anythingtechnicallc.com\/index.php\/wp-json\/wp\/v2\/media?parent=9524"}],"wp:term":[{"taxonomy":"product_brand","embeddable":true,"href":"https:\/\/anythingtechnicallc.com\/index.php\/wp-json\/wp\/v2\/product_brand?post=9524"},{"taxonomy":"product_cat","embeddable":true,"href":"https:\/\/anythingtechnicallc.com\/index.php\/wp-json\/wp\/v2\/product_cat?post=9524"},{"taxonomy":"product_tag","embeddable":true,"href":"https:\/\/anythingtechnicallc.com\/index.php\/wp-json\/wp\/v2\/product_tag?post=9524"}],"curies":[{"name":"wp","href":"https:\/\/api.w.org\/{rel}","templated":true}]}}