{"id":9527,"date":"2026-03-21T12:39:11","date_gmt":"2026-03-21T12:39:11","guid":{"rendered":"https:\/\/anythingtechnicallc.com\/?post_type=product&#038;p=9527"},"modified":"2026-03-21T12:39:11","modified_gmt":"2026-03-21T12:39:11","slug":"erneuertes-poly-studio-r30-4k-videokonferenzsystem-kamera-mikrofon-und-lautsprecherleiste-fuer-kleine-raeume-presenter-tracking-noiseblockai-framing-plug-play-funktioniert-mit-teams-zoom","status":"publish","type":"product","link":"https:\/\/anythingtechnicallc.com\/index.php\/de\/product\/erneuertes-poly-studio-r30-4k-videokonferenzsystem-kamera-mikrofon-und-lautsprecherleiste-fuer-kleine-raeume-presenter-tracking-noiseblockai-framing-plug-play-funktioniert-mit-teams-zoom\/","title":{"rendered":"Erneuertes Poly Studio R30 4K Videokonferenzsystem &#8211; Kamera, Mikrofon und Lautsprecherleiste f\u00fcr kleine R\u00e4ume &#8211; Presenter Tracking, NoiseBlockAI, Framing &#8211; Plug &#038; Play &#8211; Funktioniert mit Teams, Zoom &#038; mehr"},"content":{"rendered":"<ul class=\"a-unordered-list a-vertical a-spacing-mini\">\n<li class=\"a-spacing-mini\"><span class=\"a-list-item\">KI-UNTERST\u00dcTZTE MEETINGS: Erstellen Sie virtuelle Meetings, die sich anf\u00fchlen, als w\u00e4ren Sie pers\u00f6nlich anwesend, mit der Poly DirectorAI Auto-Framing- und Tracking-Technologie. Verhindern Sie mit den Technologien NoiseBlockAI und Acoustic Fence, dass st\u00f6rende Ger\u00e4usche Ihre Meetings unterbrechen. <\/span><\/li>\n<li class=\"a-spacing-mini\"><span class=\"a-list-item\">KLANGREICHES, KLARES AUDIO: Stellen Sie sicher, dass Sie mit dem fortschrittlichen 3-Mikrofon-Array immer deutlich zu h\u00f6ren sind. Der leistungsstarke integrierte Lautsprecher sorgt f\u00fcr ein fantastisches Klangerlebnis. <\/span><\/li>\n<li class=\"a-spacing-mini\"><span class=\"a-list-item\">ULTRA HD 4K VIDEO: Genie\u00dfen Sie die 4K-Aufl\u00f6sung, das 120-Grad-Sichtfeld und den 5-fachen Digitalzoom f\u00fcr ein professionelles Videoerlebnis. <\/span><\/li>\n<li class=\"a-spacing-mini\"><span class=\"a-list-item\">ANSCHLIESSEN UND SPIELEN: Sie k\u00f6nnen schnell loslegen &#8211; schlie\u00dfen Sie das Ger\u00e4t an den Strom an, verbinden Sie es \u00fcber USB mit Ihrem PC oder Mac, starten Sie Ihre bevorzugte Konferenzplattform und schon k\u00f6nnen Sie sich treffen. Funktioniert mit Zoom, Teams und nahezu jeder PC- oder Mac-Videoanwendung. <\/span><\/li>\n<li class=\"a-spacing-mini\"><span class=\"a-list-item\">OPTIMIERT F\u00dcR KLEINE R\u00c4UME: Entwickelt f\u00fcr kleine Gruppenr\u00e4ume. <\/span><\/li>\n<\/ul>\n","protected":false},"excerpt":{"rendered":"<ul class=\"a-unordered-list a-vertical a-spacing-mini\">\n<li class=\"a-spacing-mini\"><span class=\"a-list-item\">KI-UNTERST\u00dcTZTE MEETINGS: Erstellen Sie virtuelle Meetings, die sich anf\u00fchlen, als w\u00e4ren Sie pers\u00f6nlich anwesend, mit der Poly DirectorAI Auto-Framing- und Tracking-Technologie. Verhindern Sie mit den Technologien NoiseBlockAI und Acoustic Fence, dass st\u00f6rende Ger\u00e4usche Ihre Meetings unterbrechen. <\/span><\/li>\n<li class=\"a-spacing-mini\"><span class=\"a-list-item\">KLANGREICHES, KLARES AUDIO: Stellen Sie sicher, dass Sie mit dem fortschrittlichen 3-Mikrofon-Array immer deutlich zu h\u00f6ren sind. Der leistungsstarke integrierte Lautsprecher sorgt f\u00fcr ein fantastisches Klangerlebnis. <\/span><\/li>\n<li class=\"a-spacing-mini\"><span class=\"a-list-item\">ULTRA HD 4K VIDEO: Genie\u00dfen Sie die 4K-Aufl\u00f6sung, das 120-Grad-Sichtfeld und den 5-fachen Digitalzoom f\u00fcr ein professionelles Videoerlebnis. <\/span><\/li>\n<li class=\"a-spacing-mini\"><span class=\"a-list-item\">ANSCHLIESSEN UND SPIELEN: Sie k\u00f6nnen schnell loslegen &#8211; schlie\u00dfen Sie das Ger\u00e4t an den Strom an, verbinden Sie es \u00fcber USB mit Ihrem PC oder Mac, starten Sie Ihre bevorzugte Konferenzplattform und schon k\u00f6nnen Sie sich treffen. Funktioniert mit Zoom, Teams und nahezu jeder PC- oder Mac-Videoanwendung. <\/span><\/li>\n<li class=\"a-spacing-mini\"><span class=\"a-list-item\">OPTIMIERT F\u00dcR KLEINE R\u00c4UME: Entwickelt f\u00fcr kleine Gruppenr\u00e4ume. <\/span><\/li>\n<\/ul>\n","protected":false},"featured_media":9526,"comment_status":"open","ping_status":"closed","template":"","meta":{"_et_pb_use_builder":"","_et_pb_old_content":"","_et_gb_content_width":""},"product_brand":[],"product_cat":[1576],"product_tag":[],"class_list":{"0":"post-9527","1":"product","2":"type-product","3":"status-publish","4":"has-post-thumbnail","6":"product_cat-kamerazubehoer","8":"first","9":"instock","10":"sale","11":"taxable","12":"shipping-taxable","13":"purchasable","14":"product-type-simple"},"exclude_global_add_ons":[],"addons":[],"jetpack-related-posts":[{"id":9503,"url":"https:\/\/anythingtechnicallc.com\/index.php\/de\/product\/canon-powershot-v10-kamera-content-creator-kompaktkamera-fuer-vlogging-festes-19mm-weitwinkelobjektiv-4k-video-gesichtserkennung-integriertes-mikrofon-live-streaming-integrierter-staender-schw\/","url_meta":{"origin":9527,"position":0},"title":"Canon PowerShot V10 Kamera, Content Creator Kompaktkamera f\u00fcr Vlogging, festes 19mm Weitwinkelobjektiv, 4K Video, Gesichtserkennung, integriertes Mikrofon, Live Streaming, integrierter St\u00e4nder, Schwarz","date":"March 21, 2026","format":false,"excerpt":"Mit der Canon PowerShot V10 Vlogging-Kamera f\u00fcr Content Creators k\u00f6nnen Sie Ihrer Kreativit\u00e4t auch unterwegs freien Lauf lassen. Die PowerShot V10 ist eine Vlogging- und Fotokamera in einem neuen, \u00e4u\u00dferst tragbaren Format mit Komponenten aus der beliebten G-Serie, mit der Sie beeindruckende Videos erstellen k\u00f6nnen. Mit Stereotonaufnahme, integriertem Stativ und\u2026","rel":"","context":"Similar post","img":{"alt_text":"","src":"https:\/\/i0.wp.com\/anythingtechnicallc.com\/wp-content\/uploads\/2025\/08\/61qhyHDMGFL._AC_SL1500_.jpg?fit=790%2C1200&ssl=1&resize=350%2C200","width":350,"height":200},"classes":[]},{"id":9530,"url":"https:\/\/anythingtechnicallc.com\/index.php\/de\/product\/poly-voyager-4310-uc-wireless-headset-plantronics-einohr-bluetooth-headset-mit-mikrofon-zur-geraeuschunterdrueckung-verbindung-mit-pc-mac-mobiltelefon-ueber-bluetooth-funktioniert-mit-teams-z\/","url_meta":{"origin":9527,"position":1},"title":"Poly Voyager 4310 UC Wireless Headset (Plantronics) &#8211; Einohr-Bluetooth-Headset mit Mikrofon zur Ger\u00e4uschunterdr\u00fcckung &#8211; Verbindung mit PC\/Mac\/Mobiltelefon \u00fcber Bluetooth &#8211; Funktioniert mit Teams, Zoom und mehr &#8211; Amazon Exclusive","date":"March 21, 2026","format":false,"excerpt":"KLARE AUDIOQUALIT\u00c4T: Die Ger\u00e4uschunterdr\u00fcckung mit Acoustic Fence Technologie in einem flexiblen B\u00fcgelmikrofon blendet Hintergrundger\u00e4usche aus, so dass Ihre Gespr\u00e4chspartner nur Sie h\u00f6ren. Mit der Stummschalttaste am B\u00fcgelmikrofon k\u00f6nnen Sie Ihr Mikrofon schnell stummschalten, w\u00e4hrend ein dynamischer Stummschaltungsalarm Sie darauf hinweist, dass Sie stummgeschaltet sind. KONNEKTIVIT\u00c4T & MOBILIT\u00c4T: Verbinden Sie sich\u2026","rel":"","context":"Similar post","img":{"alt_text":"","src":"https:\/\/i0.wp.com\/anythingtechnicallc.com\/wp-content\/uploads\/2025\/09\/81zIcuCc9L._AC_SL1500_.jpg?fit=921%2C1200&ssl=1&resize=350%2C200","width":350,"height":200},"classes":[]},{"id":9494,"url":"https:\/\/anythingtechnicallc.com\/index.php\/de\/product\/dji-osmo-pocket-3-creator-combo-vlogging-kamera-mit-1-cmos-4k-120fps-vlog-kamera-3-achsen-stabilisierung-gesichts-objektverfolgung-inkl-mikrofon-fuer-klaren-ton-digitale-vlogging-kamera-fu\/","url_meta":{"origin":9527,"position":2},"title":"DJI Osmo Pocket 3 Creator Combo, Vlogging-Kamera mit 1&#8221; CMOS, 4K\/120fps Vlog-Kamera, 3-Achsen-Stabilisierung, Gesichts-\/Objektverfolgung, inkl. Mikrofon f\u00fcr klaren Ton, digitale Vlogging-Kamera f\u00fcr YouTube","date":"March 21, 2026","format":false,"excerpt":"Ob auf Reisen, bei einem Nachmittag im Park mit der Familie oder beim Vloggen Ihres t\u00e4glichen Lebens - mit dem Osmo Pocket 3 k\u00f6nnen Sie unterwegs atemberaubend fl\u00fcssige Aufnahmen machen. Bitte aktualisieren Sie die Firmware auf die neueste Version f\u00fcr ein besseres Benutzererlebnis. * Aufgrund von Kompatibilit\u00e4tsproblemen mit der Plattform\u2026","rel":"","context":"Similar post","img":{"alt_text":"","src":"https:\/\/i0.wp.com\/anythingtechnicallc.com\/wp-content\/uploads\/2025\/08\/514LEUejXYL._AC_SL1500_.jpg?fit=668%2C1200&ssl=1&resize=350%2C200","width":350,"height":200},"classes":[]},{"id":9500,"url":"https:\/\/anythingtechnicallc.com\/index.php\/de\/product\/die-erneuerte-sony-zv-1-digitalkamera-fuer-content-creators-vlogging-und-youtube-mit-flip-screen-integriertem-mikrofon-4k-hdr-video-touchscreen-display-live-video-streaming-webcam\/","url_meta":{"origin":9527,"position":3},"title":"Die erneuerte Sony ZV-1 Digitalkamera f\u00fcr Content Creators, Vlogging und YouTube mit Flip Screen, integriertem Mikrofon, 4K HDR Video, Touchscreen Display, Live Video Streaming, Webcam","date":"March 21, 2026","format":false,"excerpt":"20,1MP gestapelter, hintergrundbeleuchteter 1\" Exmor RS CMOS Sensor mit DRAM. ZEISS Vario-Sonnar T Objektiv 24-70mm1 F1.8-2.8 mit gro\u00dfer Blenden\u00f6ffnung.Bluetooth : Ja (Bluetooth Standard Ver. 4.1 (2.4 GHz Band)). Betriebstemperatur : 0 Grad C. - +40 Grad C. \/ 32 Grad F. - 104 Grad F. Schneller Hybrid-Autofokus und Echtzeit-Augen-Autofokus und\u2026","rel":"","context":"Similar post","img":{"alt_text":"","src":"https:\/\/i0.wp.com\/anythingtechnicallc.com\/wp-content\/uploads\/2025\/08\/51Zj4waDDiS._AC_SL1000_.jpg?fit=1000%2C655&ssl=1&resize=350%2C200","width":350,"height":200},"classes":[]},{"id":9303,"url":"https:\/\/anythingtechnicallc.com\/index.php\/de\/product\/gebrauchtes-shure-mv6-gaming-mikrofon-dynamisches-usb-pc-mikrofon-fuer-videospiele-streaming-desktop-staender-hintergrundgeraeuschunterdrueckung-tap-to-mute-35mm-ausgang-fuer-kopfhoerer-moni\/","url_meta":{"origin":9527,"position":4},"title":"Gebrauchtes Shure MV6 Gaming-Mikrofon, dynamisches USB-PC-Mikrofon f\u00fcr Videospiele &#038; Streaming &#8211; Desktop-St\u00e4nder, Hintergrundger\u00e4uschunterdr\u00fcckung, Tap-to-Mute &#038; 3,5mm-Ausgang f\u00fcr Kopfh\u00f6rer-Monitoring in Echtzeit","date":"March 19, 2026","format":false,"excerpt":"Wir haben alles, was wir \u00fcber dynamische Gesangsmikrofone wissen, in das MV6 gepackt, um ein USB-Mikrofon zu entwickeln, das f\u00fcr jedermann einfach zu bedienen ist, und zwar sofort nach dem Auspacken. Mit dem Design und der Technologie unserer kultigen SM7- und MV7-Mikrofone wurde das MV6 entwickelt, um Gamern und Streamern\u2026","rel":"","context":"Similar post","img":{"alt_text":"","src":"https:\/\/i0.wp.com\/anythingtechnicallc.com\/wp-content\/uploads\/2025\/07\/61u0AqBTp3L._AC_SL1500_.jpg?fit=695%2C1200&ssl=1&resize=350%2C200","width":350,"height":200},"classes":[]},{"id":9300,"url":"https:\/\/anythingtechnicallc.com\/index.php\/de\/product\/shure-mv7x-mikrofon-nur-xlr-dynamisches-mikrofon-in-profiqualitaet-fuer-podcasting-und-gesangsaufnahmen-stimmisolierende-technologie-ganzmetallkonstruktion-mikrofonstaender-kompatibel-optimierte\/","url_meta":{"origin":9527,"position":5},"title":"Shure MV7X Mikrofon &#8211; Nur XLR Dynamisches Mikrofon in Profiqualit\u00e4t f\u00fcr Podcasting und Gesangsaufnahmen, stimmisolierende Technologie, Ganzmetallkonstruktion, Mikrofonst\u00e4nder-kompatibel, optimierte Frequenz &#8211; Schwarz","date":"March 19, 2026","format":false,"excerpt":"Das Shure MV7X ist ein professionelles dynamisches XLR-Mikrofon, das sich ideal f\u00fcr Nahbesprechungen eignet, bei denen es auf Sprachverst\u00e4ndlichkeit und einen ausgewogenen Klang ankommt. Die Voice Isolation Technology sorgt daf\u00fcr, dass das Mikrofon auf Ihre Stimme fokussiert ist und keine unerw\u00fcnschten Hintergrundger\u00e4usche aufnimmt, damit Sie auch in unvollkommenen R\u00e4umen perfekte\u2026","rel":"","context":"Similar post","img":{"alt_text":"","src":"https:\/\/i0.wp.com\/anythingtechnicallc.com\/wp-content\/uploads\/2025\/07\/712Xa1xLMIL._AC_SL1500_.jpg?fit=922%2C1200&ssl=1&resize=350%2C200","width":350,"height":200},"classes":[]}],"pll_sync_post":[],"lang":"de","translations":{"de":9527,"en":7814},"_links":{"self":[{"href":"https:\/\/anythingtechnicallc.com\/index.php\/wp-json\/wp\/v2\/product\/9527","targetHints":{"allow":["GET"]}}],"collection":[{"href":"https:\/\/anythingtechnicallc.com\/index.php\/wp-json\/wp\/v2\/product"}],"about":[{"href":"https:\/\/anythingtechnicallc.com\/index.php\/wp-json\/wp\/v2\/types\/product"}],"replies":[{"embeddable":true,"href":"https:\/\/anythingtechnicallc.com\/index.php\/wp-json\/wp\/v2\/comments?post=9527"}],"wp:featuredmedia":[{"embeddable":true,"href":"https:\/\/anythingtechnicallc.com\/index.php\/wp-json\/wp\/v2\/media\/9526"}],"wp:attachment":[{"href":"https:\/\/anythingtechnicallc.com\/index.php\/wp-json\/wp\/v2\/media?parent=9527"}],"wp:term":[{"taxonomy":"product_brand","embeddable":true,"href":"https:\/\/anythingtechnicallc.com\/index.php\/wp-json\/wp\/v2\/product_brand?post=9527"},{"taxonomy":"product_cat","embeddable":true,"href":"https:\/\/anythingtechnicallc.com\/index.php\/wp-json\/wp\/v2\/product_cat?post=9527"},{"taxonomy":"product_tag","embeddable":true,"href":"https:\/\/anythingtechnicallc.com\/index.php\/wp-json\/wp\/v2\/product_tag?post=9527"}],"curies":[{"name":"wp","href":"https:\/\/api.w.org\/{rel}","templated":true}]}}