{"id":9530,"date":"2026-03-21T12:40:13","date_gmt":"2026-03-21T12:40:13","guid":{"rendered":"https:\/\/anythingtechnicallc.com\/?post_type=product&#038;p=9530"},"modified":"2026-03-21T12:40:13","modified_gmt":"2026-03-21T12:40:13","slug":"poly-voyager-4310-uc-wireless-headset-plantronics-einohr-bluetooth-headset-mit-mikrofon-zur-geraeuschunterdrueckung-verbindung-mit-pc-mac-mobiltelefon-ueber-bluetooth-funktioniert-mit-teams-z","status":"publish","type":"product","link":"https:\/\/anythingtechnicallc.com\/index.php\/de\/product\/poly-voyager-4310-uc-wireless-headset-plantronics-einohr-bluetooth-headset-mit-mikrofon-zur-geraeuschunterdrueckung-verbindung-mit-pc-mac-mobiltelefon-ueber-bluetooth-funktioniert-mit-teams-z\/","title":{"rendered":"Poly Voyager 4310 UC Wireless Headset (Plantronics) &#8211; Einohr-Bluetooth-Headset mit Mikrofon zur Ger\u00e4uschunterdr\u00fcckung &#8211; Verbindung mit PC\/Mac\/Mobiltelefon \u00fcber Bluetooth &#8211; Funktioniert mit Teams, Zoom und mehr &#8211; Amazon Exclusive"},"content":{"rendered":"<ul class=\"a-unordered-list a-vertical a-spacing-mini\">\n<li class=\"a-spacing-mini\"><span class=\"a-list-item\">KLARE AUDIOQUALIT\u00c4T: Die Ger\u00e4uschunterdr\u00fcckung mit Acoustic Fence Technologie in einem flexiblen B\u00fcgelmikrofon blendet Hintergrundger\u00e4usche aus, so dass Ihre Gespr\u00e4chspartner nur Sie h\u00f6ren. Mit der Stummschalttaste am B\u00fcgelmikrofon k\u00f6nnen Sie Ihr Mikrofon schnell stummschalten, w\u00e4hrend ein dynamischer Stummschaltungsalarm Sie darauf hinweist, dass Sie stummgeschaltet sind.<\/span><\/li>\n<li class=\"a-spacing-mini\"><span class=\"a-list-item\">KONNEKTIVIT\u00c4T &amp; MOBILIT\u00c4T: Verbinden Sie sich drahtlos mit zwei Ger\u00e4ten gleichzeitig, w\u00e4hrend Sie sich frei in Ihrem Haus oder B\u00fcro bewegen, mit einer Reichweite von bis zu 50 m (164 ft) mit dem mitgelieferten BT700 USB-C Bluetooth-Adapter (oder verbinden Sie sich \u00fcber USB-A mit dem mitgelieferten USB-C zu USB-A Adapter) und\/oder verbinden Sie sich mit einem Mobiltelefon \u00fcber Bluetooth 5.2.<\/span><\/li>\n<li class=\"a-spacing-mini\"><span class=\"a-list-item\">LANGLEBIGER AKKU: Bleiben Sie produktiv mit bis zu 24 Stunden kabelloser Gespr\u00e4chszeit mit einer einzigen Aufladung; verl\u00e4ngern Sie Ihre Gespr\u00e4chszeit noch weiter, indem Sie das Headset als kabelgebundenes Headset mit Audio-\u00fcber-USB-Kabel-Modus verwenden.<\/span><\/li>\n<li class=\"a-spacing-mini\"><span class=\"a-list-item\">KOMFORTABEL: Das einseitig tragbare Headset mit verstellbarem, gepolstertem Kopfb\u00fcgel und Ohrpolstern aus Memory-Schaumstoff ist so konzipiert, dass Sie den ganzen Tag \u00fcber problemlos Multitasking betreiben k\u00f6nnen, ohne sich dabei unwohl zu f\u00fchlen.<\/span><\/li>\n<li class=\"a-spacing-mini\"><span class=\"a-list-item\">DESIGNED FOR HYBRID WORKING: Ideal f\u00fcr Berufst\u00e4tige, die eine erschwingliche L\u00f6sung ben\u00f6tigen, um zu Hause, im B\u00fcro oder beides zu verbinden.<\/span><\/li>\n<li class=\"a-spacing-mini\"><span class=\"a-list-item\">ENTHALTENE KOMPONENTEN: Headset, BT700 USB-C Bluetooth-Adapter, USB-C-auf-USB-A-Adapter, Ladekabel, Tragetasche zur einfachen Aufbewahrung und zum Transport.<\/span><\/li>\n<\/ul>\n","protected":false},"excerpt":{"rendered":"<ul class=\"a-unordered-list a-vertical a-spacing-mini\">\n<li class=\"a-spacing-mini\"><span class=\"a-list-item\">KLARE AUDIOQUALIT\u00c4T: Die Ger\u00e4uschunterdr\u00fcckung mit Acoustic Fence Technologie in einem flexiblen B\u00fcgelmikrofon blendet Hintergrundger\u00e4usche aus, so dass Ihre Gespr\u00e4chspartner nur Sie h\u00f6ren. Mit der Stummschalttaste am B\u00fcgelmikrofon k\u00f6nnen Sie Ihr Mikrofon schnell stummschalten, w\u00e4hrend ein dynamischer Stummschaltungsalarm Sie darauf hinweist, dass Sie stummgeschaltet sind.<\/span><\/li>\n<li class=\"a-spacing-mini\"><span class=\"a-list-item\">KONNEKTIVIT\u00c4T &amp; MOBILIT\u00c4T: Verbinden Sie sich drahtlos mit zwei Ger\u00e4ten gleichzeitig, w\u00e4hrend Sie sich frei in Ihrem Haus oder B\u00fcro bewegen, mit einer Reichweite von bis zu 50 m (164 Fu\u00df) mit dem mitgelieferten BT700 USB-C Bluetooth-Adapter (oder verbinden Sie sich \u00fcber USB-A mit dem mitgelieferten USB-C zu USB-A-Adapter) und\/oder verbinden Sie sich mit einem Mobiltelefon \u00fcber Bluetooth 5.2.<\/span><\/li>\n<li class=\"a-spacing-mini\"><span class=\"a-list-item\">LANGLEBIGER AKKU: Bleiben Sie produktiv mit bis zu 24 Stunden kabelloser Gespr\u00e4chszeit mit einer einzigen Aufladung; verl\u00e4ngern Sie Ihre Gespr\u00e4chszeit noch weiter, indem Sie das Headset als kabelgebundenes Headset mit Audio-\u00fcber-USB-Kabel-Modus verwenden.<\/span><\/li>\n<li class=\"a-spacing-mini\"><span class=\"a-list-item\">KOMFORTABEL: Das einseitig tragbare Headset mit verstellbarem, gepolstertem Kopfb\u00fcgel und Ohrpolstern aus Memory-Schaumstoff ist so konzipiert, dass Sie den ganzen Tag \u00fcber problemlos Multitasking betreiben k\u00f6nnen, ohne sich dabei unwohl zu f\u00fchlen.<\/span><\/li>\n<li class=\"a-spacing-mini\"><span class=\"a-list-item\">DESIGNED FOR HYBRID WORKING: Ideal f\u00fcr Berufst\u00e4tige, die eine erschwingliche L\u00f6sung ben\u00f6tigen, um zu Hause, im B\u00fcro oder beides zu verbinden.<\/span><\/li>\n<li class=\"a-spacing-mini\"><span class=\"a-list-item\">ENTHALTENE KOMPONENTEN: Headset, BT700 USB-C Bluetooth-Adapter, USB-C-auf-USB-A-Adapter, Ladekabel, Tragetasche zur einfachen Aufbewahrung und zum Transport.<\/span><\/li>\n<\/ul>\n","protected":false},"featured_media":9529,"comment_status":"open","ping_status":"closed","template":"","meta":{"_et_pb_use_builder":"","_et_pb_old_content":"","_et_gb_content_width":""},"product_brand":[],"product_cat":[1372],"product_tag":[],"class_list":{"0":"post-9530","1":"product","2":"type-product","3":"status-publish","4":"has-post-thumbnail","6":"product_cat-elektronik","8":"first","9":"instock","10":"sale","11":"taxable","12":"shipping-taxable","13":"purchasable","14":"product-type-simple"},"exclude_global_add_ons":[],"addons":[],"jetpack-related-posts":[{"id":9558,"url":"https:\/\/anythingtechnicallc.com\/index.php\/de\/product\/renewed-poly-voyager-4320-uc-wireless-headset-plantronics-kopfhoerer-mit-buegelmikrofon-anschluss-an-pc-mac-ueber-usb-a-bluetooth-adapter-mobiltelefon-ueber-bluetooth-funktioniert-mit-teams\/","url_meta":{"origin":9530,"position":0},"title":"Renewed Poly &#8211; Voyager 4320 UC Wireless Headset (Plantronics) &#8211; Kopfh\u00f6rer mit B\u00fcgelmikrofon &#8211; Anschluss an PC\/Mac \u00fcber USB-A Bluetooth-Adapter, Mobiltelefon \u00fcber Bluetooth &#8211; Funktioniert mit Teams, Zoom &#038; mehr","date":"March 21, 2026","format":false,"excerpt":"Audioqualit\u00e4t: Anrufer h\u00f6ren Sie - und nicht Ihre Umgebung - mit einem Dual-Mikrofon mit Ger\u00e4uschunterdr\u00fcckung und Acoustic Fence-Technologie, die Hintergrundger\u00e4usche in einem flexiblen Mikrofonarm ausblendet. Ideal f\u00fcr: Hybridarbeiter, die eine erschwingliche L\u00f6sung f\u00fcr die Verbindung zu Hause und im B\u00fcro ben\u00f6tigen. Tragestil: Leichtes Stereo-Headset mit passiver Ger\u00e4uschisolierung, damit Sie immer\u2026","rel":"","context":"Similar post","img":{"alt_text":"","src":"https:\/\/i0.wp.com\/anythingtechnicallc.com\/wp-content\/uploads\/2025\/09\/81AZutdwNpL._AC_SL1500_.jpg?fit=817%2C1200&ssl=1&resize=350%2C200","width":350,"height":200},"classes":[]},{"id":9861,"url":"https:\/\/anythingtechnicallc.com\/index.php\/de\/product\/gebrauchte-bose-quietcomfort-earbuds-true-wireless-bluetooth-earbuds-mit-aktiver-geraeuschunterdrueckung-und-mikrofon-usb-c-aufladung-ipx4-bewertung-bis-zu-85-stunden-spielzeit-schwarz\/","url_meta":{"origin":9530,"position":1},"title":"Gebrauchte Bose QuietComfort Earbuds &#8211; True Wireless Bluetooth Earbuds mit aktiver Ger\u00e4uschunterdr\u00fcckung und Mikrofon, USB-C Aufladung, IPX4 Bewertung, bis zu 8,5 Stunden Spielzeit, Schwarz","date":"April 8, 2026","format":false,"excerpt":"KLANG OHNE KOMPROMISS: Nutzen Sie den Tag auf Ihre Weise und trotzen Sie Ablenkungen mit diesen kabellosen Ohrh\u00f6rern mit weltbekannter Ger\u00e4uschunterdr\u00fcckung f\u00fcr ein H\u00f6rerlebnis, das den Alltag episch erscheinen l\u00e4sst. SEIZE-THE-DAY STAYING POWER: Diese Ohrh\u00f6rer mit Ger\u00e4uschunterdr\u00fcckung lassen sich kabellos aufladen und erm\u00f6glichen Ihnen eine H\u00f6rdauer von bis zu 8,5\u2026","rel":"","context":"Similar post","img":{"alt_text":"","src":"https:\/\/i0.wp.com\/anythingtechnicallc.com\/wp-content\/uploads\/2026\/03\/Bose-QuietComfort-Earbuds.jpg?fit=1200%2C900&ssl=1&resize=350%2C200","width":350,"height":200},"classes":[]},{"id":9599,"url":"https:\/\/anythingtechnicallc.com\/index.php\/de\/product\/renewed-bose-quietcomfort-bluetooth-earbuds-true-wireless-earbuds-mit-aktiver-geraeuschunterdrueckung-und-mikrofon-tiefer-bass-ipx4-bewertung-bis-zu-85-stunden-spielzeit-schwarz\/","url_meta":{"origin":9530,"position":2},"title":"Renewed Bose QuietComfort Bluetooth Earbuds, True Wireless Earbuds mit aktiver Ger\u00e4uschunterdr\u00fcckung und Mikrofon, tiefer Bass, IPX4 Bewertung, bis zu 8,5 Stunden Spielzeit, Schwarz","date":"March 24, 2026","format":false,"excerpt":"TON OHNE KOMPROMISS: Nutzen Sie den Tag auf Ihre Weise und trotzen Sie den Ablenkungen mit diesen kabellosen Bluetooth-Kopfh\u00f6rern mit weltbekannter Ger\u00e4uschunterdr\u00fcckung f\u00fcr ein H\u00f6rerlebnis, das den Alltag zu einem Epos macht. LEISTUNGSSTARKES, BEW\u00c4HRTES AUDIO: Diese kabellosen Bluetooth-Kopfh\u00f6rer mit IPX4-Klassifizierung bieten eine bemerkenswerte Klangqualit\u00e4t f\u00fcr ein befriedigendes H\u00f6rerlebnis, das genau\u2026","rel":"","context":"Similar post","img":{"alt_text":"","src":"https:\/\/i0.wp.com\/anythingtechnicallc.com\/wp-content\/uploads\/2025\/10\/61qIEvCy6L._AC_SL1500_.jpg?fit=1200%2C1146&ssl=1&resize=350%2C200","width":350,"height":200},"classes":[]},{"id":9482,"url":"https:\/\/anythingtechnicallc.com\/index.php\/de\/product\/alienware-pro-wireless-gaming-headset-kabelgebunden-drahtlos-bluetooth-5-3-15-minuten-schnelles-aufladen-audioausgang-20-hz-akku-gespraechszeit-anc-eingeschaltet-bis-zu-24-stunden-bluetooth\/","url_meta":{"origin":9530,"position":3},"title":"Alienware Pro Wireless Gaming Headset &#8211; kabelgebunden\/drahtlos, Bluetooth 5.3, 15 Minuten schnelles Aufladen, Audioausgang 20 Hz, Akku-Gespr\u00e4chszeit (ANC eingeschaltet) bis zu 24 Stunden (Bluetooth), Dark Side of The Moon","date":"March 21, 2026","format":false,"excerpt":"Bef\u00fcrwortet von Champions. Entwickelt von Experten. Ein professionelles Gaming-Headset, das mit dem Input und der Expertise von Team Liquid und mehr als 100 anderen esports-Athleten entwickelt wurde. 50-mm-Treiber mit Graphen-Beschichtung: High-Fidelity-Audio, das auf Gaming abgestimmt ist, sorgt f\u00fcr ein noch intensiveres Klangerlebnis. Aktive Ger\u00e4uschunterdr\u00fcckung: Blockieren Sie Au\u00dfenger\u00e4usche und konzentrieren Sie\u2026","rel":"","context":"Similar post","img":{"alt_text":"","src":"https:\/\/i0.wp.com\/anythingtechnicallc.com\/wp-content\/uploads\/2025\/08\/61sbnsp-jSL._AC_SL1500_.jpg?fit=993%2C1200&ssl=1&resize=350%2C200","width":350,"height":200},"classes":[]},{"id":9683,"url":"https:\/\/anythingtechnicallc.com\/index.php\/de\/product\/bose-quietcomfort-ultra-wireless-noise-cancelling-headphones-mit-spatial-audio-over-the-ear-kopfhoerer-mit-mikrofon-bis-zu-24-stunden-akkulaufzeit-white-smoke-renewed\/","url_meta":{"origin":9530,"position":4},"title":"Bose QuietComfort Ultra Wireless Noise Cancelling Headphones mit Spatial Audio, Over-The-Ear-Kopfh\u00f6rer mit Mikrofon, bis zu 24 Stunden Akkulaufzeit, White Smoke (Renewed)","date":"March 24, 2026","format":false,"excerpt":"LEVELED-UP LISTENING: Die Bose QuietComfort Ultra Headphones mit Spatial Audio bieten Ihnen ein immersives Erlebnis, bei dem sich Musik noch realer anf\u00fchlt; die CustomTune Technologie bietet Ihnen einen personalisierten, auf Sie zugeschnittenen Klang. GER\u00c4USCHUNTERDR\u00dcCKUNG DER WELTKLASSE: Diese Kopfh\u00f6rer mit Ger\u00e4uschunterdr\u00fcckung verf\u00fcgen \u00fcber den Quiet Mode, den Aware Mode und den\u2026","rel":"","context":"Similar post","img":{"alt_text":"","src":"https:\/\/i0.wp.com\/anythingtechnicallc.com\/wp-content\/uploads\/2026\/01\/Bose-QuietComfort-Ultra-White-Smoke.jpg?fit=1200%2C1200&ssl=1&resize=350%2C200","width":350,"height":200},"classes":[]},{"id":9714,"url":"https:\/\/anythingtechnicallc.com\/index.php\/de\/product\/bose-quietcomfort-35-serie-i-kabellose-kopfhoerer-geraeuschunterdrueckung-schwarz-erneuert\/","url_meta":{"origin":9530,"position":5},"title":"Bose QuietComfort 35 (Serie I) Kabellose Kopfh\u00f6rer, Ger\u00e4uschunterdr\u00fcckung &#8211; Schwarz (Erneuert)","date":"March 24, 2026","format":false,"excerpt":"Die kabellosen Kopfh\u00f6rer Quiet Comfort 35 sind mit einer erstklassigen Ger\u00e4uschunterdr\u00fcckung ausgestattet, die daf\u00fcr sorgt, dass leise Ger\u00e4usche leiser und Musik besser klingt. Befreien Sie sich von Kabeln und verbinden Sie sich ganz einfach mit Ihren Ger\u00e4ten per Bluetooth und NFC-Kopplung. Der volumenoptimierte Equalizer sorgt f\u00fcr eine ausgewogene Audiowiedergabe bei\u2026","rel":"","context":"Similar post","img":{"alt_text":"","src":"https:\/\/i0.wp.com\/anythingtechnicallc.com\/wp-content\/uploads\/2026\/02\/Bose-QuietComfort-35.jpg?fit=1200%2C900&ssl=1&resize=350%2C200","width":350,"height":200},"classes":[]}],"pll_sync_post":[],"lang":"de","translations":{"de":9530,"en":7816},"_links":{"self":[{"href":"https:\/\/anythingtechnicallc.com\/index.php\/wp-json\/wp\/v2\/product\/9530","targetHints":{"allow":["GET"]}}],"collection":[{"href":"https:\/\/anythingtechnicallc.com\/index.php\/wp-json\/wp\/v2\/product"}],"about":[{"href":"https:\/\/anythingtechnicallc.com\/index.php\/wp-json\/wp\/v2\/types\/product"}],"replies":[{"embeddable":true,"href":"https:\/\/anythingtechnicallc.com\/index.php\/wp-json\/wp\/v2\/comments?post=9530"}],"wp:featuredmedia":[{"embeddable":true,"href":"https:\/\/anythingtechnicallc.com\/index.php\/wp-json\/wp\/v2\/media\/9529"}],"wp:attachment":[{"href":"https:\/\/anythingtechnicallc.com\/index.php\/wp-json\/wp\/v2\/media?parent=9530"}],"wp:term":[{"taxonomy":"product_brand","embeddable":true,"href":"https:\/\/anythingtechnicallc.com\/index.php\/wp-json\/wp\/v2\/product_brand?post=9530"},{"taxonomy":"product_cat","embeddable":true,"href":"https:\/\/anythingtechnicallc.com\/index.php\/wp-json\/wp\/v2\/product_cat?post=9530"},{"taxonomy":"product_tag","embeddable":true,"href":"https:\/\/anythingtechnicallc.com\/index.php\/wp-json\/wp\/v2\/product_tag?post=9530"}],"curies":[{"name":"wp","href":"https:\/\/api.w.org\/{rel}","templated":true}]}}