{"id":9533,"date":"2026-03-21T12:40:43","date_gmt":"2026-03-21T12:40:43","guid":{"rendered":"https:\/\/anythingtechnicallc.com\/?post_type=product&#038;p=9533"},"modified":"2026-03-21T12:40:43","modified_gmt":"2026-03-21T12:40:43","slug":"hp-universal-usb-c-multiport-hub-displayport-ethernet-hdmi","status":"publish","type":"product","link":"https:\/\/anythingtechnicallc.com\/index.php\/de\/product\/hp-universal-usb-c-multiport-hub-displayport-ethernet-hdmi\/","title":{"rendered":"HP Universal USB-C Multiport Hub DisplayPort, Ethernet, HDMI"},"content":{"rendered":"<ul class=\"a-unordered-list a-vertical a-spacing-mini\">\n<li class=\"a-spacing-mini\"><span class=\"a-list-item\">Universal USB-C. Jedes Betriebssystem &#8211; Ein einziges, einfaches USB-C-Kabel wird an Ihren PC2 angeschlossen, unabh\u00e4ngig von der Marke oder dem Betriebssystem, so dass Sie Ihren Hub nahtlos verwenden k\u00f6nnen. <\/span><\/li>\n<li class=\"a-spacing-mini\"><span class=\"a-list-item\">7 Multifunktionsanschl\u00fcsse bieten eine Komplettl\u00f6sung f\u00fcr nahezu jede Daten-, Video- oder Netzwerkverbindung. 1 HDMI 2.0, 1 Display Port 1.2, 2 USB-A-Anschl\u00fcsse, 1 USB-C-Anschluss, 1 USB-C-Passthrough-Anschluss und 1 Ethernet-Anschluss. <\/span><\/li>\n<li class=\"a-spacing-mini\"><span class=\"a-list-item\">Lassen Sie Ihren PC \u00fcber den USB-C-Passthrough aufgeladen, w\u00e4hrend Sie ihn \u00fcber die insgesamt 7 Anschl\u00fcsse mit Strom versorgen oder Daten anschlie\u00dfen. <\/span><\/li>\n<\/ul>\n","protected":false},"excerpt":{"rendered":"<ul class=\"a-unordered-list a-vertical a-spacing-mini\">\n<li class=\"a-spacing-mini\"><span class=\"a-list-item\">Universal USB-C. Jedes Betriebssystem &#8211; Ein einziges, einfaches USB-C-Kabel wird an Ihren PC2 angeschlossen, unabh\u00e4ngig von der Marke oder dem Betriebssystem, so dass Sie Ihren Hub nahtlos verwenden k\u00f6nnen. <\/span><\/li>\n<li class=\"a-spacing-mini\"><span class=\"a-list-item\">7 Multifunktionsanschl\u00fcsse bieten eine Komplettl\u00f6sung f\u00fcr nahezu jede Daten-, Video- oder Netzwerkverbindung. 1 HDMI 2.0, 1 Display Port 1.2, 2 USB-A-Anschl\u00fcsse, 1 USB-C-Anschluss, 1 USB-C-Passthrough-Anschluss und 1 Ethernet-Anschluss. <\/span><\/li>\n<li class=\"a-spacing-mini\"><span class=\"a-list-item\">Lassen Sie Ihren PC \u00fcber den USB-C-Passthrough aufgeladen, w\u00e4hrend Sie ihn \u00fcber die insgesamt 7 Anschl\u00fcsse mit Strom versorgen oder Daten anschlie\u00dfen. <\/span><\/li>\n<\/ul>\n","protected":false},"featured_media":9532,"comment_status":"open","ping_status":"closed","template":"","meta":{"_et_pb_use_builder":"","_et_pb_old_content":"","_et_gb_content_width":""},"product_brand":[],"product_cat":[1372],"product_tag":[],"class_list":{"0":"post-9533","1":"product","2":"type-product","3":"status-publish","4":"has-post-thumbnail","6":"product_cat-elektronik","8":"first","9":"instock","10":"sale","11":"taxable","12":"shipping-taxable","13":"purchasable","14":"product-type-simple"},"exclude_global_add_ons":[],"addons":[],"jetpack-related-posts":[{"id":9626,"url":"https:\/\/anythingtechnicallc.com\/index.php\/de\/product\/gebrauchte-dell-wd19s-180w-docking-station-130w-power-delivery-usb-c-hdmi-dual-displayport-schwarz\/","url_meta":{"origin":9533,"position":0},"title":"Gebrauchte Dell WD19S 180W Docking Station (130W Power Delivery) USB-C, HDMI, Dual DisplayPort, Schwarz","date":"March 24, 2026","format":false,"excerpt":"Der WD19S verf\u00fcgt \u00fcber einen einzigen USB-Typ-C-Eingang und ein mitgeliefertes Kabel, das bei kompatiblen Dell-Notebooks eine Leistung von 130 W und bei Nicht-Dell-Systemen eine Leistung von 90 W liefert, wenn das mitgelieferte 180-Watt-Netzteil angeschlossen ist, was die M\u00f6glichkeiten Ihres Notebooks beim Aufladen erweitert. Wenn er angeschlossen ist, bietet Ihnen dieser\u2026","rel":"","context":"Similar post","img":{"alt_text":"","src":"https:\/\/i0.wp.com\/anythingtechnicallc.com\/wp-content\/uploads\/2025\/10\/Dell-WD19S-180W-Docking-Station.jpg?fit=900%2C1200&ssl=1&resize=350%2C200","width":350,"height":200},"classes":[]},{"id":9551,"url":"https:\/\/anythingtechnicallc.com\/index.php\/de\/product\/hp-usb-c-dock-g5-11-in-1-adapter-fuer-usb-c-und-thunderbolt-faehige-laptops-pcs-und-notebooks-ein-einziges-kabel-zum-aufladen-vernetzen-oder-fuer-datenuebertragungen-ideal-fuer-sicheres-remote\/","url_meta":{"origin":9533,"position":1},"title":"HP USB-C Dock G5-11-in-1 Adapter f\u00fcr USB-C und Thunderbolt-f\u00e4hige Laptops, PCs und Notebooks &#8211; ein einziges Kabel zum Aufladen, Vernetzen oder f\u00fcr Daten\u00fcbertragungen &#8211; ideal f\u00fcr sicheres &#038; Remote Management","date":"March 21, 2026","format":false,"excerpt":"Machen Sie sich an die Arbeit mit dem vielseitigen, eleganten und platzsparenden HP USB-C Dock G5. Diese USB-Dockingstation ist mit HP Laptops, MacBook\u00ae Computern und anderen Notebooks (2) kompatibel und eignet sich dank ihres geringen Platzbedarfs und der Einrichtung mit nur einem Kabel hervorragend zur Organisation Ihres Schreibtisches. Ganz gleich,\u2026","rel":"","context":"Similar post","img":{"alt_text":"","src":"https:\/\/i0.wp.com\/anythingtechnicallc.com\/wp-content\/uploads\/2025\/09\/81xxmKsxxsL._AC_SL1500_.jpg?fit=983%2C1200&ssl=1&resize=350%2C200","width":350,"height":200},"classes":[]},{"id":9375,"url":"https:\/\/anythingtechnicallc.com\/index.php\/de\/product\/belkin-usb-c-hub-11-in-1-multi-port-laptop-dock-mit-4k-hdmi-dp-vga-usb-c-docking-station-mit-100w-power-delivery-usb-a-gigabit-ethernet-sd-microsd-3-5mm-port-fuer-macbook-pro-air-und-mehr\/","url_meta":{"origin":9533,"position":2},"title":"Belkin USB C Hub, 11-in-1 Multi-Port Laptop Dock mit 4K HDMI, DP, VGA, USB C Docking Station mit 100W Power Delivery, USB A, Gigabit Ethernet, SD, MicroSD, 3.5mm Port f\u00fcr MacBook Pro, Air und mehr","date":"March 19, 2026","format":false,"excerpt":"ERREICHEN SIE DIE ULTIMATIVE ARBEITSSTATION: Verwandeln Sie Ihren Laptop mit dieser USB-C-Dockingstation in die ultimative Arbeitsstation. Diese Dockingstation verf\u00fcgt \u00fcber 11 Anschl\u00fcsse, darunter 4K HDMI 1.4, 4K DisplayPort 1.2, VGA, 1x USB-C PD 3.0, 2x USB-A 3.0, 1x USB-A 2.0, 1x Ethernet, SD 3.0 Kartenleser, MicroSD 3.0 und 3,5 mm\u2026","rel":"","context":"Similar post","img":{"alt_text":"","src":"https:\/\/i0.wp.com\/anythingtechnicallc.com\/wp-content\/uploads\/2025\/08\/41vgDEXravL._AC_SL1000_.jpg?fit=946%2C482&ssl=1&resize=350%2C200","width":350,"height":200},"classes":[]},{"id":9629,"url":"https:\/\/anythingtechnicallc.com\/index.php\/de\/product\/gebrauchter-hp-usb-c-dock-g5-11-in-1-adapter-fuer-usb-c-und-thunderbolt-faehige-laptops-pcs-und-notebooks-ein-einziges-kabel-zum-laden-vernetzen-oder-fuer-datenuebertragungen-ideal-fuer-sicheres\/","url_meta":{"origin":9533,"position":3},"title":"Gebrauchter HP USB-C Dock G5-11-in-1 Adapter f\u00fcr USB-C und Thunderbolt-f\u00e4hige Laptops, PCs und Notebooks &#8211; ein einziges Kabel zum Laden, Vernetzen oder f\u00fcr Daten\u00fcbertragungen &#8211; ideal f\u00fcr sicheres &#038; Remote Management","date":"March 24, 2026","format":false,"excerpt":"Machen Sie sich an die Arbeit mit dem vielseitigen, eleganten und platzsparenden HP USB-C Dock G5. Diese USB-Dockingstation ist mit HP Laptops, MacBook\u00ae Computern und anderen Notebooks (2) kompatibel und eignet sich dank ihres geringen Platzbedarfs und der Einrichtung mit nur einem Kabel hervorragend zur Organisation Ihres Schreibtisches. Ganz gleich,\u2026","rel":"","context":"Similar post","img":{"alt_text":"","src":"https:\/\/i0.wp.com\/anythingtechnicallc.com\/wp-content\/uploads\/2025\/10\/HP-USB-C-Dock-G5.webp?fit=1200%2C675&ssl=1&resize=350%2C200","width":350,"height":200},"classes":[]},{"id":9381,"url":"https:\/\/anythingtechnicallc.com\/index.php\/de\/product\/dell-thunderbolt-wd22tb4-4-dock-130w\/","url_meta":{"origin":9533,"position":4},"title":"Dell Thunderbolt WD22TB4 4 Dock 130W","date":"March 19, 2026","format":false,"excerpt":"Modulares Thunderbolt-Dock mit austauschbaren Modulen f\u00fcr einfache Upgrades und SuperBoost-Technologien f\u00fcr schnelles Laden. 2 x Thunderbolt-4-Anschl\u00fcsse \/ 1 x USB-C 3.2 Gen 2 \/ 1 x USB-A 3.2 Gen 1 mit PowerShare \/ 2 x DisplayPort 1.4 \/ 1 x HDMI 2.0 \/ 1 x USB-C Multifunction DisplayPort. 2 x\u2026","rel":"","context":"Similar post","img":{"alt_text":"","src":"https:\/\/i0.wp.com\/anythingtechnicallc.com\/wp-content\/uploads\/2025\/08\/41TfyCoNXsL._AC_SL1247_.jpg?fit=1200%2C570&ssl=1&resize=350%2C200","width":350,"height":200},"classes":[]},{"id":9368,"url":"https:\/\/anythingtechnicallc.com\/index.php\/de\/product\/belkin-thunderbolt-4-kabel-2m-6-6ft-power-cable-usb-c-zu-usb-c-kabel-mit-100w-power-delivery-usb-4-konform-kompatibel-mit-thunderbolt-3-macbook-pro-ecpu-mehr-intel-thunderbolt-zertifizier\/","url_meta":{"origin":9533,"position":5},"title":"Belkin Thunderbolt 4 Kabel (2M, 6.6ft Power Cable), USB-C zu USB-C Kabel mit 100W Power Delivery, USB 4 konform, kompatibel mit Thunderbolt 3, MacBook Pro, eCPU, &#038; mehr &#8211; Intel Thunderbolt zertifiziert","date":"March 19, 2026","format":false,"excerpt":"EINKABEL-L\u00d6SUNG: Dieses vielseitige Ladekabel, das von The Verge f\u00fcr seine L\u00e4nge ausgezeichnet wurde, unterst\u00fctzt Daten, Strom und Video - eine Ein-Kabel-L\u00f6sung f\u00fcr Ihren Power Hub, Ihr MacBook Pro oder jedes andere USB-C kompatible Ger\u00e4t! Sie finden es auch in 1M\/3.3ft L\u00e4nge. DIE NEUESTE THUNDERBOLT-TECHNOLOGIE: Sie erhalten erstklassige Konnektivit\u00e4t in einem\u2026","rel":"","context":"Similar post","img":{"alt_text":"","src":"https:\/\/i0.wp.com\/anythingtechnicallc.com\/wp-content\/uploads\/2025\/08\/51vkZxD5-QL._SL1500_.jpg?fit=1200%2C1200&ssl=1&resize=350%2C200","width":350,"height":200},"classes":[]}],"pll_sync_post":[],"lang":"de","translations":{"de":9533,"en":7818},"_links":{"self":[{"href":"https:\/\/anythingtechnicallc.com\/index.php\/wp-json\/wp\/v2\/product\/9533","targetHints":{"allow":["GET"]}}],"collection":[{"href":"https:\/\/anythingtechnicallc.com\/index.php\/wp-json\/wp\/v2\/product"}],"about":[{"href":"https:\/\/anythingtechnicallc.com\/index.php\/wp-json\/wp\/v2\/types\/product"}],"replies":[{"embeddable":true,"href":"https:\/\/anythingtechnicallc.com\/index.php\/wp-json\/wp\/v2\/comments?post=9533"}],"wp:featuredmedia":[{"embeddable":true,"href":"https:\/\/anythingtechnicallc.com\/index.php\/wp-json\/wp\/v2\/media\/9532"}],"wp:attachment":[{"href":"https:\/\/anythingtechnicallc.com\/index.php\/wp-json\/wp\/v2\/media?parent=9533"}],"wp:term":[{"taxonomy":"product_brand","embeddable":true,"href":"https:\/\/anythingtechnicallc.com\/index.php\/wp-json\/wp\/v2\/product_brand?post=9533"},{"taxonomy":"product_cat","embeddable":true,"href":"https:\/\/anythingtechnicallc.com\/index.php\/wp-json\/wp\/v2\/product_cat?post=9533"},{"taxonomy":"product_tag","embeddable":true,"href":"https:\/\/anythingtechnicallc.com\/index.php\/wp-json\/wp\/v2\/product_tag?post=9533"}],"curies":[{"name":"wp","href":"https:\/\/api.w.org\/{rel}","templated":true}]}}