{"id":9545,"date":"2026-03-21T12:43:59","date_gmt":"2026-03-21T12:43:59","guid":{"rendered":"https:\/\/anythingtechnicallc.com\/?post_type=product&#038;p=9545"},"modified":"2026-03-21T12:43:59","modified_gmt":"2026-03-21T12:43:59","slug":"hp-original-digital-stylus-pen-fuer-hp-envy-x360-pavilion-x360-spectre-x360-2-in-1-laptops-unterstuetzt-mpp-mit-drucksensitivitaet-dunkelgrau","status":"publish","type":"product","link":"https:\/\/anythingtechnicallc.com\/index.php\/de\/product\/hp-original-digital-stylus-pen-fuer-hp-envy-x360-pavilion-x360-spectre-x360-2-in-1-laptops-unterstuetzt-mpp-mit-drucksensitivitaet-dunkelgrau\/","title":{"rendered":"HP Original Digital Stylus Pen f\u00fcr HP Envy x360\/Pavilion x360\/Spectre x360 2-in-1 Laptops, unterst\u00fctzt MPP mit Drucksensitivit\u00e4t, Dunkelgrau"},"content":{"rendered":"<ul class=\"a-unordered-list a-vertical a-spacing-mini\">\n<li class=\"a-spacing-mini\"><span class=\"a-list-item\">\u3010Pr\u00e4zisionsstiftspitze\u3011Bearbeiten, zeichnen, schreiben und kritzeln Sie mit einem Stift, der sich lebensecht anf\u00fchlt und \u00fcber eine Pr\u00e4zisionsspitze und -spitze verf\u00fcgt.<\/span><\/li>\n<li class=\"a-spacing-mini\"><span class=\"a-list-item\">\u3010Ink to Text\u3011Mit der drucksensitiven Funktion k\u00f6nnen Sie ganz nat\u00fcrlich schreiben, w\u00e4hrend der PC Ihre Handschrift sofort in Text umwandelt.<\/span><\/li>\n<li class=\"a-spacing-mini\"><span class=\"a-list-item\">\u3010Custom Clicks\u3011K\u00f6nnen Sie Tasten anpassen, um nahtlos zwischen Funktionen zu wechseln.<\/span><\/li>\n<li class=\"a-spacing-mini\"><span class=\"a-list-item\">\u3010Portabel\u3011Mit dem Stift-Clip k\u00f6nnen Sie den Stift \u00fcberall hin mitnehmen, egal ob in B\u00fccher, Taschen oder Hosentaschen.<\/span><\/li>\n<li class=\"a-spacing-mini\"><span class=\"a-list-item\">\u3010Microsoft-kompatibel\u3011Zeichnen, notieren oder unterschreiben Sie mit einem Microsoft-kompatiblen Stift, der nahtlos mit Ihren HP 2-in-1 Laptops funktioniert.<\/span><\/li>\n<li class=\"a-spacing-mini\"><span class=\"a-list-item\">\u3010Modellnummer\u30113V2X4AA#ABL. [Bitte suchen Sie auf der offiziellen HP Website nach der Modellnummer Ihres Laptops und \u00fcberpr\u00fcfen Sie dann anhand der Spezifikationen, ob er einen aktiven Stift oder MPP (Microsoft Pen Protocol) unterst\u00fctzt].<\/span><\/li>\n<\/ul>\n","protected":false},"excerpt":{"rendered":"<ul class=\"a-unordered-list a-vertical a-spacing-mini\">\n<li class=\"a-spacing-mini\"><span class=\"a-list-item\">\u3010Pr\u00e4zisionsstiftspitze\u3011Bearbeiten, zeichnen, schreiben und kritzeln Sie mit einem Stift, der sich lebensecht anf\u00fchlt und \u00fcber eine Pr\u00e4zisionsspitze und -spitze verf\u00fcgt.<\/span><\/li>\n<li class=\"a-spacing-mini\"><span class=\"a-list-item\">\u3010Ink to Text\u3011Mit der drucksensitiven Funktion k\u00f6nnen Sie ganz nat\u00fcrlich schreiben, w\u00e4hrend der PC Ihre Handschrift sofort in Text umwandelt.<\/span><\/li>\n<li class=\"a-spacing-mini\"><span class=\"a-list-item\">\u3010Custom Clicks\u3011K\u00f6nnen Sie die Tasten anpassen, um nahtlos zwischen den Funktionen zu wechseln.<\/span><\/li>\n<li class=\"a-spacing-mini\"><span class=\"a-list-item\">\u3010Portabel\u3011Mit dem Stift-Clip k\u00f6nnen Sie den Stift \u00fcberall hin mitnehmen, egal ob in B\u00fccher, Taschen oder Beutel.<\/span><\/li>\n<li class=\"a-spacing-mini\"><span class=\"a-list-item\">\u3010Microsoft-kompatibel\u3011Zeichnen, notieren oder unterschreiben Sie mit einem Microsoft-kompatiblen Stift, der nahtlos mit Ihren HP 2-in-1 Laptops funktioniert.<\/span><\/li>\n<li class=\"a-spacing-mini\"><span class=\"a-list-item\">\u3010Modellnummer\u30113V2X4AA#ABL. [Bitte suchen Sie auf der offiziellen HP Website nach der Modellnummer Ihres Laptops und sehen Sie dann in den Spezifikationen nach, ob er einen aktiven Stift oder MPP (Microsoft Pen Protocol) unterst\u00fctzt].<\/span><\/li>\n<\/ul>\n","protected":false},"featured_media":9544,"comment_status":"open","ping_status":"closed","template":"","meta":{"_et_pb_use_builder":"","_et_pb_old_content":"","_et_gb_content_width":""},"product_brand":[],"product_cat":[703],"product_tag":[],"class_list":{"0":"post-9545","1":"product","2":"type-product","3":"status-publish","4":"has-post-thumbnail","6":"product_cat-uncategorized-de","8":"first","9":"instock","10":"sale","11":"taxable","12":"shipping-taxable","13":"purchasable","14":"product-type-simple"},"exclude_global_add_ons":[],"addons":[],"jetpack-related-posts":[{"id":9831,"url":"https:\/\/anythingtechnicallc.com\/index.php\/de\/product\/apple-ipad-11-zoll-a16-chip-11-zoll-modell-liquid-retina-display-128gb-wi-fi-6-12mp-front-12mp-rueckkamera-touch-id-ganztaegige-batterielaufzeit-blau\/","url_meta":{"origin":9545,"position":0},"title":"Apple iPad 11-Zoll: A16 Chip, 11-Zoll Modell, Liquid Retina Display, 128GB, Wi-Fi 6, 12MP Front-\/12MP R\u00fcckkamera, Touch ID, Ganzt\u00e4gige Batterielaufzeit &#8211; Blau","date":"April 8, 2026","format":false,"excerpt":"WARUM IPAD - Das 11-Zoll-iPad ist jetzt leistungsf\u00e4higer denn je mit dem superschnellen A16-Chip, einem atemberaubenden Liquid Retina-Display, fortschrittlichen Kameras, schnellem Wi-Fi, USB-C-Anschluss und vier pr\u00e4chtigen Farben.* Das iPad bietet eine leistungsstarke M\u00f6glichkeit, zu kreieren, in Verbindung zu bleiben und Dinge zu erledigen. LEISTUNG UND SPEICHER - Der superschnelle A16\u2026","rel":"","context":"Similar post","img":{"alt_text":"","src":"https:\/\/i0.wp.com\/anythingtechnicallc.com\/wp-content\/uploads\/2026\/03\/61aPY8odPSL._AC_SL1500_.jpg?fit=1061%2C1200&ssl=1&resize=350%2C200","width":350,"height":200},"classes":[]},{"id":9689,"url":"https:\/\/anythingtechnicallc.com\/index.php\/de\/product\/hp-thunderbolt-dock-230w-g2-4k-unterstuetzung-thunderbolt-3-usb-c-displayport-vga-fuer-hp-elite-x2-elitebook-folio-zbook-probook-schwarz-erneuert\/","url_meta":{"origin":9545,"position":1},"title":"HP Thunderbolt Dock 230W G2 &#8211; 4K Unterst\u00fctzung, Thunderbolt 3, USB C, DisplayPort, VGA &#8211; F\u00fcr HP Elite x2, Elitebook, Folio, Zbook, Probook &#8211; Schwarz (Erneuert)","date":"March 24, 2026","format":false,"excerpt":"Anschl\u00fcsse an der Vorderseite: 1 USB-C-Anschluss mit Daten- und Stromausgang (15 W); 1 USB-C-Kabel zum Anschluss an das Hostsystem (0,7 m Kabell\u00e4nge). Seitliche Anschl\u00fcsse: 1 USB 3.0-Anschluss mit Stromversorgung; 1 Combo-Audio-Buchse; 1 Kensington Lock-Steckplatz. R\u00fcckseitige Anschl\u00fcsse: 1 Thunderbolt-Anschluss; 1 USB-C DisplayPort Daten- und Stromanschluss (15W); 2 DisplayPort-Anschl\u00fcsse; 1 VGA-Anschluss; 2\u2026","rel":"","context":"Similar post","img":{"alt_text":"","src":"https:\/\/i0.wp.com\/anythingtechnicallc.com\/wp-content\/uploads\/2026\/01\/HP-Thunderbolt-Dock-230W-G2.jpg?fit=1200%2C900&ssl=1&resize=350%2C200","width":350,"height":200},"classes":[]},{"id":9533,"url":"https:\/\/anythingtechnicallc.com\/index.php\/de\/product\/hp-universal-usb-c-multiport-hub-displayport-ethernet-hdmi\/","url_meta":{"origin":9545,"position":2},"title":"HP Universal USB-C Multiport Hub DisplayPort, Ethernet, HDMI","date":"March 21, 2026","format":false,"excerpt":"Universal USB-C. Jedes Betriebssystem - Ein einziges, einfaches USB-C-Kabel wird an Ihren PC2 angeschlossen, unabh\u00e4ngig von der Marke oder dem Betriebssystem, so dass Sie Ihren Hub nahtlos verwenden k\u00f6nnen. 7 Multifunktionsanschl\u00fcsse bieten eine Komplettl\u00f6sung f\u00fcr nahezu jede Daten-, Video- oder Netzwerkverbindung. 1 HDMI 2.0, 1 Display Port 1.2, 2 USB-A-Anschl\u00fcsse,\u2026","rel":"","context":"Similar post","img":{"alt_text":"","src":"https:\/\/i0.wp.com\/anythingtechnicallc.com\/wp-content\/uploads\/2025\/09\/51Sqr55ylFL._AC_SL1500_.jpg?fit=1200%2C738&ssl=1&resize=350%2C200","width":350,"height":200},"classes":[]},{"id":9521,"url":"https:\/\/anythingtechnicallc.com\/index.php\/de\/product\/hp-t740-thin-client-amd-ryzen-v1756b-quad-core-4-kerne-325-ghz\/","url_meta":{"origin":9545,"position":3},"title":"HP t740 Thin Client &#8211; AMD Ryzen V1756B Quad-Core (4 Kerne) 3,25 GHz","date":"March 21, 2026","format":false,"excerpt":"Erledigen Sie anspruchsvolle Aufgaben mit dem extrem leistungsstarken AMD Ryzen Embedded V1756B Prozessor und dem schnellen Systemspeicher. Rendern Sie Inhalte nahtlos mit Unterst\u00fctzung f\u00fcr bis zu sechs UHD\/4K-Displays. Holen Sie sich einen Thin Client, der f\u00fcr Ihre individuellen Gesch\u00e4ftsanforderungen optimiert ist, mit einem konfigurierbaren PCIe-Steckplatz, der fortschrittliche Grafik, mehrere Displays,\u2026","rel":"","context":"Similar post","img":{"alt_text":"","src":"https:\/\/i0.wp.com\/anythingtechnicallc.com\/wp-content\/uploads\/2025\/09\/71P8W8w2L._AC_SL1246_.jpg?fit=782%2C1200&ssl=1&resize=350%2C200","width":350,"height":200},"classes":[]},{"id":9925,"url":"https:\/\/anythingtechnicallc.com\/index.php\/de\/product\/topaz-systems-topaz-t-s460-hsb-r-siglite-1x5-unterschriftenpad-usb\/","url_meta":{"origin":9545,"position":4},"title":"Topaz Systems Topaz T-S460-HSB-R, SigLite 1&#215;5 Unterschriftenpad, USB","date":"April 15, 2026","format":false,"excerpt":"SigLite 1x5 ist das kosteng\u00fcnstige, druckempfindliche, kompakte (4,3\" B x 1,4\" L) elektronische Unterschriftenpad von Topaz. Es bietet alle hochwertigen biometrischen und forensischen Erfassungstechniken eines SignatureGem\u00ae Pads, jedoch mit einem kosteng\u00fcnstigeren Touchpad und einem Stift anstelle der robusteren Unterschriftsoberfl\u00e4che und des aktiven elektromagnetischen Stifts.","rel":"","context":"Similar post","img":{"alt_text":"","src":"https:\/\/i0.wp.com\/anythingtechnicallc.com\/wp-content\/uploads\/2026\/04\/Topaz-Systems-Topaz-T-S460-HSB-R.jpg?fit=1200%2C900&ssl=1&resize=350%2C200","width":350,"height":200},"classes":[]},{"id":9460,"url":"https:\/\/anythingtechnicallc.com\/index.php\/de\/product\/888wh65watt-tragbares-laptop-ladegeraet-mit-solarpanel-ein-super-tragbarer-reiseakku-powerbank-fuer-hp-notebooks-macbook-laptops\/","url_meta":{"origin":9545,"position":5},"title":"88,8Wh|65Watt Tragbares Laptop-Ladeger\u00e4t mit Solarpanel, Ein super tragbarer Reiseakku &#038; Powerbank f\u00fcr HP, Notebooks, MacBook, Laptops","date":"March 19, 2026","format":false,"excerpt":"Bemerkenswert kompakt und leistungsstark: Eine der kleinsten und leichtesten tragbaren Powerbanks mit 24000mAh (88,8Wh) und 110V\/65W AC-Anschluss, eine gro\u00dfartige L\u00f6sung f\u00fcr die AC-Stromversorgung. Sie liefert ausreichend Strom f\u00fcr die meisten Ihrer Ger\u00e4te wie Smartphone, Tablet und Laptop. Perfekt f\u00fcr Ihre Reisen und Gesch\u00e4ftsreisen. Schnelles Aufladen: L\u00e4dt sich selbst in weniger\u2026","rel":"","context":"Similar post","img":{"alt_text":"","src":"https:\/\/i0.wp.com\/anythingtechnicallc.com\/wp-content\/uploads\/2022\/09\/888Wh65Watts-Portable-Laptop-Charger-with-Solar-Panel-A-Super-Travel-Portable-Battery-Pack-Power-Bank-for-HP-Notebooks-MacBook-Laptops-0.jpg?fit=500%2C500&ssl=1&resize=350%2C200","width":350,"height":200},"classes":[]}],"pll_sync_post":[],"lang":"de","translations":{"de":9545,"en":7826},"_links":{"self":[{"href":"https:\/\/anythingtechnicallc.com\/index.php\/wp-json\/wp\/v2\/product\/9545","targetHints":{"allow":["GET"]}}],"collection":[{"href":"https:\/\/anythingtechnicallc.com\/index.php\/wp-json\/wp\/v2\/product"}],"about":[{"href":"https:\/\/anythingtechnicallc.com\/index.php\/wp-json\/wp\/v2\/types\/product"}],"replies":[{"embeddable":true,"href":"https:\/\/anythingtechnicallc.com\/index.php\/wp-json\/wp\/v2\/comments?post=9545"}],"wp:featuredmedia":[{"embeddable":true,"href":"https:\/\/anythingtechnicallc.com\/index.php\/wp-json\/wp\/v2\/media\/9544"}],"wp:attachment":[{"href":"https:\/\/anythingtechnicallc.com\/index.php\/wp-json\/wp\/v2\/media?parent=9545"}],"wp:term":[{"taxonomy":"product_brand","embeddable":true,"href":"https:\/\/anythingtechnicallc.com\/index.php\/wp-json\/wp\/v2\/product_brand?post=9545"},{"taxonomy":"product_cat","embeddable":true,"href":"https:\/\/anythingtechnicallc.com\/index.php\/wp-json\/wp\/v2\/product_cat?post=9545"},{"taxonomy":"product_tag","embeddable":true,"href":"https:\/\/anythingtechnicallc.com\/index.php\/wp-json\/wp\/v2\/product_tag?post=9545"}],"curies":[{"name":"wp","href":"https:\/\/api.w.org\/{rel}","templated":true}]}}