{"id":9548,"date":"2026-03-21T12:44:56","date_gmt":"2026-03-21T12:44:56","guid":{"rendered":"https:\/\/anythingtechnicallc.com\/?post_type=product&#038;p=9548"},"modified":"2026-03-21T12:44:57","modified_gmt":"2026-03-21T12:44:57","slug":"hp-officejet-200-serie-akku-m9l89a","status":"publish","type":"product","link":"https:\/\/anythingtechnicallc.com\/index.php\/de\/product\/hp-officejet-200-serie-akku-m9l89a\/","title":{"rendered":"HP OfficeJet 200 Serie Akku (M9L89A)"},"content":{"rendered":"<ul class=\"a-unordered-list a-vertical a-spacing-mini\">\n<li class=\"a-spacing-mini\"><span class=\"a-list-item\">UNUNTERBROCHENER DRUCK &#8211; Der HP Officejet 200 Series Lithium-Ionen-Akku sorgt daf\u00fcr, dass Ihr mobiler Drucker f\u00fcr wichtige Aufgaben unterwegs mit Strom versorgt wird, und erh\u00f6ht so die Zuverl\u00e4ssigkeit.<\/span><\/li>\n<li class=\"a-spacing-mini\"><span class=\"a-list-item\">Nahtlose Kompatibilit\u00e4t &#8211; Dieser Akku wurde speziell f\u00fcr die mobilen HP OfficeJet 200 und 250 Drucker (CZ993A, CZ992A) entwickelt und garantiert optimale Leistung und Integration sowie maximale Druckgeschwindigkeit.<\/span><\/li>\n<li class=\"a-spacing-mini\"><span class=\"a-list-item\">TRAGBARE STROML\u00d6SUNG &#8211; Dank seiner kompakten Abmessungen von 8,19 x 0,93 x 1,08&#8243; und einem Gewicht von nur 0,40 lbs ist er leicht zu transportieren und sorgt daf\u00fcr, dass Sie immer druckbereit sind und das Papierhandling verbessert wird.<\/span><\/li>\n<li class=\"a-spacing-mini\"><span class=\"a-list-item\">ZUVERL\u00c4SSIGE LEISTUNG &#8211; Verlassen Sie sich auf die Marke HP, wenn es darum geht, die optimale Druckqualit\u00e4t zu gew\u00e4hrleisten, Unterbrechungen bei wichtigen Druckauftr\u00e4gen zu vermeiden und die Tintenkosten zu senken.<\/span><\/li>\n<li class=\"a-spacing-mini\"><span class=\"a-list-item\">VERL\u00c4NGERTE BATTERIELEBENSDAUER &#8211; Maximieren Sie Ihre Produktivit\u00e4t mit einem langlebigen Akku, der mehr Ausdrucke zwischen den Ladevorg\u00e4ngen erm\u00f6glicht und einen effizienten Arbeitsablauf unterst\u00fctzt, der die Konnektivit\u00e4t verbessert.<\/span><\/li>\n<\/ul>\n","protected":false},"excerpt":{"rendered":"<ul class=\"a-unordered-list a-vertical a-spacing-mini\">\n<li class=\"a-spacing-mini\"><span class=\"a-list-item\">UNUNTERBROCHENER DRUCK &#8211; Der HP Officejet 200 Series Lithium-Ionen-Akku sorgt daf\u00fcr, dass Ihr mobiler Drucker f\u00fcr wichtige Aufgaben unterwegs mit Strom versorgt wird, und erh\u00f6ht so die Zuverl\u00e4ssigkeit.<\/span><\/li>\n<li class=\"a-spacing-mini\"><span class=\"a-list-item\">Nahtlose Kompatibilit\u00e4t &#8211; Dieser Akku wurde speziell f\u00fcr die mobilen HP OfficeJet 200 und 250 Drucker (CZ993A, CZ992A) entwickelt und garantiert optimale Leistung und Integration sowie maximale Druckgeschwindigkeit.<\/span><\/li>\n<li class=\"a-spacing-mini\"><span class=\"a-list-item\">TRAGBARE STROML\u00d6SUNG &#8211; Dank seiner kompakten Abmessungen von 8,19 x 0,93 x 1,08&#8243; und einem Gewicht von nur 0,40 lbs ist er leicht zu transportieren und sorgt daf\u00fcr, dass Sie immer druckbereit sind und das Papierhandling verbessert wird.<\/span><\/li>\n<li class=\"a-spacing-mini\"><span class=\"a-list-item\">ZUVERL\u00c4SSIGE LEISTUNG &#8211; Verlassen Sie sich auf die Marke HP, wenn es darum geht, die optimale Druckqualit\u00e4t zu gew\u00e4hrleisten, Unterbrechungen bei wichtigen Druckauftr\u00e4gen zu vermeiden und die Tintenkosten zu senken.<\/span><\/li>\n<li class=\"a-spacing-mini\"><span class=\"a-list-item\">VERL\u00c4NGERTE BATTERIELEBENSDAUER &#8211; Maximieren Sie Ihre Produktivit\u00e4t mit einer langlebigen Batterie, die mehr Ausdrucke zwischen den Ladevorg\u00e4ngen erm\u00f6glicht und einen effizienten Arbeitsablauf unterst\u00fctzt, der die Konnektivit\u00e4t verbessert.<\/span><\/li>\n<\/ul>\n","protected":false},"featured_media":9547,"comment_status":"open","ping_status":"closed","template":"","meta":{"_et_pb_use_builder":"","_et_pb_old_content":"","_et_gb_content_width":""},"product_brand":[],"product_cat":[1566],"product_tag":[],"class_list":{"0":"post-9548","1":"product","2":"type-product","3":"status-publish","4":"has-post-thumbnail","6":"product_cat-druckerteile-zubehoer","8":"first","9":"instock","10":"sale","11":"taxable","12":"shipping-taxable","13":"purchasable","14":"product-type-simple"},"exclude_global_add_ons":[],"addons":[],"jetpack-related-posts":[{"id":9665,"url":"https:\/\/anythingtechnicallc.com\/index.php\/de\/product\/ueberholter-bose-soundlink-mini-bluetooth-lautsprecher\/","url_meta":{"origin":9548,"position":0},"title":"\u00dcberholter Bose SoundLink Mini Bluetooth Lautsprecher","date":"March 24, 2026","format":false,"excerpt":"Genie\u00dfen Sie mit dem Bose Sound Link Mini Bluetooth-Lautsprecher auch unterwegs einen besseren Klang, egal wohin Sie gehen. Er liefert vollen, nat\u00fcrlichen Klang aus einem ultrakompakten Lautsprecher, der in Ihre Handfl\u00e4che passt. Der Lautsprecher l\u00e4sst sich kabellos mit Ihrem Smartphone, Tablet oder einem anderen Bluetooth-Ger\u00e4t verbinden. Ein Lithium-Ionen-Akku sorgt f\u00fcr\u2026","rel":"","context":"Similar post","img":{"alt_text":"","src":"https:\/\/i0.wp.com\/anythingtechnicallc.com\/wp-content\/uploads\/2026\/01\/61qlhFddcFL._AC_SL1000_.jpg?fit=947%2C507&ssl=1&resize=350%2C200","width":350,"height":200},"classes":[]},{"id":9714,"url":"https:\/\/anythingtechnicallc.com\/index.php\/de\/product\/bose-quietcomfort-35-serie-i-kabellose-kopfhoerer-geraeuschunterdrueckung-schwarz-erneuert\/","url_meta":{"origin":9548,"position":1},"title":"Bose QuietComfort 35 (Serie I) Kabellose Kopfh\u00f6rer, Ger\u00e4uschunterdr\u00fcckung &#8211; Schwarz (Erneuert)","date":"March 24, 2026","format":false,"excerpt":"Die kabellosen Kopfh\u00f6rer Quiet Comfort 35 sind mit einer erstklassigen Ger\u00e4uschunterdr\u00fcckung ausgestattet, die daf\u00fcr sorgt, dass leise Ger\u00e4usche leiser und Musik besser klingt. Befreien Sie sich von Kabeln und verbinden Sie sich ganz einfach mit Ihren Ger\u00e4ten per Bluetooth und NFC-Kopplung. Der volumenoptimierte Equalizer sorgt f\u00fcr eine ausgewogene Audiowiedergabe bei\u2026","rel":"","context":"Similar post","img":{"alt_text":"","src":"https:\/\/i0.wp.com\/anythingtechnicallc.com\/wp-content\/uploads\/2026\/02\/Bose-QuietComfort-35.jpg?fit=1200%2C900&ssl=1&resize=350%2C200","width":350,"height":200},"classes":[]},{"id":9605,"url":"https:\/\/anythingtechnicallc.com\/index.php\/de\/product\/erneuert-bose-the-soundlink-revolve-der-tragbare-bluetooth-lautsprecher-mit-360-wireless-surround-sound-triple-black\/","url_meta":{"origin":9548,"position":2},"title":"Erneuert Bose The SoundLink Revolve, der tragbare Bluetooth-Lautsprecher mit 360 Wireless Surround Sound, Triple Black","date":"March 24, 2026","format":false,"excerpt":"Erleben Sie mit dem SoundLink Revolve Bluetooth-Lautsprecher einen beeindruckenden 360-Grad-Sound. Das nahtlose Aluminiumgeh\u00e4use ist langlebig und wasserfest (IPX4), so dass er sowohl f\u00fcr den Innen- als auch f\u00fcr den Au\u00dfenbereich geeignet ist. Die Bose Connects App hilft Ihnen au\u00dferdem bei der Verwaltung Ihrer Ger\u00e4te, w\u00e4hrend das konisch zulaufende zylindrische Design\u2026","rel":"","context":"Similar post","img":{"alt_text":"","src":"https:\/\/i0.wp.com\/anythingtechnicallc.com\/wp-content\/uploads\/2025\/10\/514juzcbNCL._AC_SL1000_.jpg?fit=748%2C1000&ssl=1&resize=350%2C200","width":350,"height":200},"classes":[]},{"id":9291,"url":"https:\/\/anythingtechnicallc.com\/index.php\/de\/product\/bose-soundlink-flex-bluetooth-portable-speaker-kabelloser-wasserdichter-lautsprecher-fuer-reisen-im-freien-schwarz-erneuert\/","url_meta":{"origin":9548,"position":3},"title":"Bose SoundLink Flex Bluetooth Portable Speaker, kabelloser, wasserdichter Lautsprecher f\u00fcr Reisen im Freien &#8211; Schwarz (erneuert)","date":"March 19, 2026","format":false,"excerpt":"Hochmodernes Design - Der SoundLink Flex Outdoor-Lautsprecher ist vollgepackt mit exklusiven Technologien und einem speziell entwickelten Schallwandler f\u00fcr tiefen, klaren und beeindruckenden Klang zu Hause oder unterwegs. Klarster Klang - Die propriet\u00e4re PositionIQ-Technologie erkennt automatisch die Position Ihres tragbaren Bluetooth-Lautsprechers und sorgt so f\u00fcr optimale Klangqualit\u00e4t in jeder Ausrichtung und\u2026","rel":"","context":"Similar post","img":{"alt_text":"","src":"https:\/\/i0.wp.com\/anythingtechnicallc.com\/wp-content\/uploads\/2025\/06\/71we5E107KL._AC_SL1500_.jpg?fit=1200%2C858&ssl=1&resize=350%2C200","width":350,"height":200},"classes":[]},{"id":9083,"url":"https:\/\/anythingtechnicallc.com\/index.php\/de\/product\/gebrauchter-shure-ulxd1-drahtloser-taschensender-v50-band\/","url_meta":{"origin":9548,"position":4},"title":"Gebrauchter Shure ULXD1 Drahtloser Taschensender, V50 Band","date":"March 19, 2026","format":false,"excerpt":"Dieser Sender ben\u00f6tigt einen Ulxd4-Empf\u00e4nger, um das System zu vervollst\u00e4ndigen. Hinweis: Wenn Sie separate drahtlose Komponenten kaufen, stimmen Sie bitte deren Frequenzb\u00e4nder aufeinander ab, um den ordnungsgem\u00e4\u00dfen Betrieb des Systems sicherzustellen. Der ULXD1 ist ein drahtloser Bodypack-Sender, der mit den digitalen ULX-D Drahtlossystemen kompatibel ist. Mit seinem robusten und dennoch\u2026","rel":"","context":"Similar post","img":{"alt_text":"","src":"https:\/\/i0.wp.com\/anythingtechnicallc.com\/wp-content\/uploads\/2024\/10\/41fQWcyQrlL._AC_SL1500_.jpg?fit=362%2C1200&ssl=1&resize=350%2C200","width":350,"height":200},"classes":[]},{"id":9092,"url":"https:\/\/anythingtechnicallc.com\/index.php\/de\/product\/gebrauchter-shure-ulxd1-drahtloser-bodypack-sender-q2-band-748-784mhz\/","url_meta":{"origin":9548,"position":5},"title":"Gebrauchter Shure ULXD1 Drahtloser Bodypack-Sender, Q2 Band 748-784MHz","date":"March 19, 2026","format":false,"excerpt":"Dieser Sender ben\u00f6tigt einen Ulxd4-Empf\u00e4nger, um das System zu vervollst\u00e4ndigen. Hinweis: Wenn Sie separate drahtlose Komponenten kaufen, stimmen Sie bitte deren Frequenzb\u00e4nder aufeinander ab, um den ordnungsgem\u00e4\u00dfen Betrieb des Systems sicherzustellen. Der ULXD1 ist ein drahtloser Bodypack-Sender, der mit den digitalen ULX-D Drahtlossystemen kompatibel ist. Mit seinem robusten und dennoch\u2026","rel":"","context":"Similar post","img":{"alt_text":"","src":"https:\/\/i0.wp.com\/anythingtechnicallc.com\/wp-content\/uploads\/2024\/10\/61bGitfCDL._AC_SL1500_.jpg?fit=466%2C1200&ssl=1&resize=350%2C200","width":350,"height":200},"classes":[]}],"pll_sync_post":[],"lang":"de","translations":{"de":9548,"en":7828},"_links":{"self":[{"href":"https:\/\/anythingtechnicallc.com\/index.php\/wp-json\/wp\/v2\/product\/9548","targetHints":{"allow":["GET"]}}],"collection":[{"href":"https:\/\/anythingtechnicallc.com\/index.php\/wp-json\/wp\/v2\/product"}],"about":[{"href":"https:\/\/anythingtechnicallc.com\/index.php\/wp-json\/wp\/v2\/types\/product"}],"replies":[{"embeddable":true,"href":"https:\/\/anythingtechnicallc.com\/index.php\/wp-json\/wp\/v2\/comments?post=9548"}],"wp:featuredmedia":[{"embeddable":true,"href":"https:\/\/anythingtechnicallc.com\/index.php\/wp-json\/wp\/v2\/media\/9547"}],"wp:attachment":[{"href":"https:\/\/anythingtechnicallc.com\/index.php\/wp-json\/wp\/v2\/media?parent=9548"}],"wp:term":[{"taxonomy":"product_brand","embeddable":true,"href":"https:\/\/anythingtechnicallc.com\/index.php\/wp-json\/wp\/v2\/product_brand?post=9548"},{"taxonomy":"product_cat","embeddable":true,"href":"https:\/\/anythingtechnicallc.com\/index.php\/wp-json\/wp\/v2\/product_cat?post=9548"},{"taxonomy":"product_tag","embeddable":true,"href":"https:\/\/anythingtechnicallc.com\/index.php\/wp-json\/wp\/v2\/product_tag?post=9548"}],"curies":[{"name":"wp","href":"https:\/\/api.w.org\/{rel}","templated":true}]}}