{"id":9551,"date":"2026-03-21T12:47:41","date_gmt":"2026-03-21T12:47:41","guid":{"rendered":"https:\/\/anythingtechnicallc.com\/?post_type=product&#038;p=9551"},"modified":"2026-03-21T12:47:41","modified_gmt":"2026-03-21T12:47:41","slug":"hp-usb-c-dock-g5-11-in-1-adapter-fuer-usb-c-und-thunderbolt-faehige-laptops-pcs-und-notebooks-ein-einziges-kabel-zum-aufladen-vernetzen-oder-fuer-datenuebertragungen-ideal-fuer-sicheres-remote","status":"publish","type":"product","link":"https:\/\/anythingtechnicallc.com\/index.php\/de\/product\/hp-usb-c-dock-g5-11-in-1-adapter-fuer-usb-c-und-thunderbolt-faehige-laptops-pcs-und-notebooks-ein-einziges-kabel-zum-aufladen-vernetzen-oder-fuer-datenuebertragungen-ideal-fuer-sicheres-remote\/","title":{"rendered":"HP USB-C Dock G5-11-in-1 Adapter f\u00fcr USB-C und Thunderbolt-f\u00e4hige Laptops, PCs und Notebooks &#8211; ein einziges Kabel zum Aufladen, Vernetzen oder f\u00fcr Daten\u00fcbertragungen &#8211; ideal f\u00fcr sicheres &#038; Remote Management"},"content":{"rendered":"<ul class=\"a-unordered-list a-vertical a-spacing-mini\">\n<li class=\"a-spacing-mini\"><span class=\"a-list-item\">KOMPATIBILIT\u00c4T OHNE EINSCHR\u00c4NKUNGEN &#8211; Dieses Dock wurde im Hinblick auf universelle Kompatibilit\u00e4t entwickelt und funktioniert sowohl mit HP als auch mit anderen USB-C- und Thunderbolt-f\u00e4higen Laptops (1).<\/span><\/li>\n<li class=\"a-spacing-mini\"><span class=\"a-list-item\">AUFR\u00c4UMEN &#8211; Vermeiden Sie einen unordentlichen Schreibtisch, da die Dockingstation zus\u00e4tzliche Kabel oder leicht verhedderte Dr\u00e4hte vermeidet.<\/span><\/li>\n<li class=\"a-spacing-mini\"><span class=\"a-list-item\">EINKABEL-L\u00d6SUNG &#8211; Schlie\u00dfen Sie Ihr Zubeh\u00f6r und bis zu drei Bildschirme an die Dockingstation an (3). Schlie\u00dfen Sie es dann einfach \u00fcber ein einziges USB-C-Kabel an Ihren Laptop an, um auf Ihre Ger\u00e4te zuzugreifen und Ihren PC aufzuladen (1).<\/span><\/li>\n<li class=\"a-spacing-mini\"><span class=\"a-list-item\">KLEINER FUSSABDRUCK &#8211; Nutzen Sie Ihren Schreibtisch mit einer kompakten Dockingstation, die nur 5 x 5 Zoll Platz ben\u00f6tigt.<\/span><\/li>\n<li class=\"a-spacing-mini\"><span class=\"a-list-item\">EINFACHE VERWALTUNG IHRER UMGEBUNG &#8211; Helfen Sie dabei, Ihren Laptop zu sichern und aus der Ferne zu verwalten, denn dieses Dock bietet Ihnen mit fortschrittlichen Funktionen f\u00fcr die Netzwerkverwaltung mehr Zugriff und Sichtbarkeit (1).<\/span><\/li>\n<\/ul>\n","protected":false},"excerpt":{"rendered":"<div id=\"btf_arenas\" class=\"celwidget\" data-feature-name=\"btf_arenas\" data-csa-c-type=\"widget\" data-csa-c-content-id=\"btf_arenas\" data-csa-c-slot-id=\"btf_arenas\" data-csa-c-asin=\"\" data-csa-c-is-in-initial-active-row=\"false\" data-cel-widget=\"btf_arenas\" data-csa-c-id=\"9rscfq-i7hehp-8xel4q-pxkprv\">\n<div id=\"productDescription_feature_div\" class=\"celwidget pd_rd_w-K7S9L pd_rd_r-YKS9Q4P132HV6B7MT6XH pd_rd_wg-7UzWH\" data-feature-name=\"productDescription\" data-csa-c-type=\"widget\" data-csa-c-content-id=\"productDescription\" data-csa-c-slot-id=\"productDescription_feature_div\" data-csa-c-asin=\"\" data-csa-c-is-in-initial-active-row=\"false\" data-cel-widget=\"productDescription_feature_div\" data-csa-c-id=\"d97tmj-rwo14f-uct4tv-ypthih\">\n<div>\n<div id=\"productDescription_feature_div\" class=\"a-row feature\" data-feature-name=\"productDescription\" data-template-name=\"productDescription\" data-cel-widget=\"productDescription_feature_div\">\n<div id=\"productDescription\" class=\"a-section a-spacing-small\">\n<p>Machen Sie sich an die Arbeit mit dem vielseitigen, eleganten und platzsparenden HP USB-C Dock G5. Diese USB-Dockingstation ist mit HP Laptops, MacBook\u00ae Computern und anderen Notebooks (2) kompatibel und eignet sich dank ihres geringen Platzbedarfs und der Einrichtung mit nur einem Kabel hervorragend zur Organisation Ihres Schreibtisches. Ganz gleich, ob es sich um Bildschirme oder anderes elektronisches Zubeh\u00f6r handelt, Ihr universelles Dock unterst\u00fctzt Sie beim Aufladen, bei der Daten\u00fcbertragung und bei der Vernetzung von Ger\u00e4ten. (1) F\u00fcr die USB-C\u00ae-Funktionalit\u00e4t m\u00fcssen die Host-PCs das DisplayPort\u2122 Alt-Modus-Protokoll \u00fcber ihren USB-C\u00ae-Anschluss unterst\u00fctzen. Thunderbolt\u2122-f\u00e4hige Notebooks funktionieren mit USB-C\u00ae-Geschwindigkeit. Das Aufladen und die Port-Replikation wird von Notebooks unterst\u00fctzt, die die USB-C\u00ae Industriespezifikationen implementiert haben. Die Funktionen Power-Taste zum Einschalten oder Aufwecken des Systems, Wake-on-LAN aus dem warmen und kalten Dock, Wake-on-LAN aus S4\/S5 und MAC Address Pass-Through in S0, S3, S4, S5 im warmen und kalten Dock funktionieren nur auf HP oder von HP unterst\u00fctzten Notebooks. HP bietet keine Ethernet- und Audiotreiber f\u00fcr Mac PCs an. (2) Basierend auf HP internen Tests mit ausgew\u00e4hlten Notebook-Modellen, die nicht von HP stammen und mit USB-C\u00ae Industriestandards kompatibel sind. Bestimmte Alt-Modus-Funktionen werden nicht unterst\u00fctzt, wie z.B. Power-Taste, MAC Address Pass-Through, Wake-on LAN und OOB Wake on LAN. Besuchen Sie die HP Support-Seite, um die Wattzahl und die Port-Spezifikationen Ihres HP Notebooks zu ermitteln. Besuchen Sie die Support-Seite Ihres Nicht-HP-Notebooks, um die Watt- und Port-Spezifikationen zu ermitteln. (3) Unterst\u00fctzt drei Bildschirme einschlie\u00dflich des Notebook-Bildschirms. (4) Internetverbindung erforderlich und separat erh\u00e4ltlich. Auf den verwalteten PCs muss Windows 10 installiert sein.<\/p>\n<\/div>\n<\/div>\n<\/div>\n<\/div>\n<\/div>\n","protected":false},"featured_media":9550,"comment_status":"open","ping_status":"closed","template":"","meta":{"_et_pb_use_builder":"","_et_pb_old_content":"","_et_gb_content_width":""},"product_brand":[],"product_cat":[703],"product_tag":[],"class_list":{"0":"post-9551","1":"product","2":"type-product","3":"status-publish","4":"has-post-thumbnail","6":"product_cat-uncategorized-de","8":"first","9":"instock","10":"sale","11":"taxable","12":"shipping-taxable","13":"purchasable","14":"product-type-simple"},"exclude_global_add_ons":[],"addons":[],"jetpack-related-posts":[{"id":9629,"url":"https:\/\/anythingtechnicallc.com\/index.php\/de\/product\/gebrauchter-hp-usb-c-dock-g5-11-in-1-adapter-fuer-usb-c-und-thunderbolt-faehige-laptops-pcs-und-notebooks-ein-einziges-kabel-zum-laden-vernetzen-oder-fuer-datenuebertragungen-ideal-fuer-sicheres\/","url_meta":{"origin":9551,"position":0},"title":"Gebrauchter HP USB-C Dock G5-11-in-1 Adapter f\u00fcr USB-C und Thunderbolt-f\u00e4hige Laptops, PCs und Notebooks &#8211; ein einziges Kabel zum Laden, Vernetzen oder f\u00fcr Daten\u00fcbertragungen &#8211; ideal f\u00fcr sicheres &#038; Remote Management","date":"March 24, 2026","format":false,"excerpt":"Machen Sie sich an die Arbeit mit dem vielseitigen, eleganten und platzsparenden HP USB-C Dock G5. Diese USB-Dockingstation ist mit HP Laptops, MacBook\u00ae Computern und anderen Notebooks (2) kompatibel und eignet sich dank ihres geringen Platzbedarfs und der Einrichtung mit nur einem Kabel hervorragend zur Organisation Ihres Schreibtisches. Ganz gleich,\u2026","rel":"","context":"Similar post","img":{"alt_text":"","src":"https:\/\/i0.wp.com\/anythingtechnicallc.com\/wp-content\/uploads\/2025\/10\/HP-USB-C-Dock-G5.webp?fit=1200%2C675&ssl=1&resize=350%2C200","width":350,"height":200},"classes":[]},{"id":9375,"url":"https:\/\/anythingtechnicallc.com\/index.php\/de\/product\/belkin-usb-c-hub-11-in-1-multi-port-laptop-dock-mit-4k-hdmi-dp-vga-usb-c-docking-station-mit-100w-power-delivery-usb-a-gigabit-ethernet-sd-microsd-3-5mm-port-fuer-macbook-pro-air-und-mehr\/","url_meta":{"origin":9551,"position":1},"title":"Belkin USB C Hub, 11-in-1 Multi-Port Laptop Dock mit 4K HDMI, DP, VGA, USB C Docking Station mit 100W Power Delivery, USB A, Gigabit Ethernet, SD, MicroSD, 3.5mm Port f\u00fcr MacBook Pro, Air und mehr","date":"March 19, 2026","format":false,"excerpt":"ERREICHEN SIE DIE ULTIMATIVE ARBEITSSTATION: Verwandeln Sie Ihren Laptop mit dieser USB-C-Dockingstation in die ultimative Arbeitsstation. Diese Dockingstation verf\u00fcgt \u00fcber 11 Anschl\u00fcsse, darunter 4K HDMI 1.4, 4K DisplayPort 1.2, VGA, 1x USB-C PD 3.0, 2x USB-A 3.0, 1x USB-A 2.0, 1x Ethernet, SD 3.0 Kartenleser, MicroSD 3.0 und 3,5 mm\u2026","rel":"","context":"Similar post","img":{"alt_text":"","src":"https:\/\/i0.wp.com\/anythingtechnicallc.com\/wp-content\/uploads\/2025\/08\/41vgDEXravL._AC_SL1000_.jpg?fit=946%2C482&ssl=1&resize=350%2C200","width":350,"height":200},"classes":[]},{"id":9732,"url":"https:\/\/anythingtechnicallc.com\/index.php\/de\/product\/bose-sleepbuds-ii-noise-masking-bluetooth-ladegeraet\/","url_meta":{"origin":9551,"position":2},"title":"Bose SLEEPBUDS II NOISE-MASKING Bluetooth-Ladeger\u00e4t","date":"March 24, 2026","format":false,"excerpt":"Ersetzen Sie Ihr verlorenes oder besch\u00e4digtes Ladeetui durch dieses Original Bose Sleepbuds II Ladeetui. Diese hochwertige Aluminiumh\u00fclle wurde speziell f\u00fcr die Aufbewahrung, den Schutz und das Aufladen Ihrer Bose Sleepbuds II entwickelt. Hauptmerkmale: Zus\u00e4tzliche Akkulaufzeit: H\u00e4lt bis zu 3 volle Ladungen und bietet damit eine zus\u00e4tzliche Akkulaufzeit von 30 Stunden\u2026","rel":"","context":"Similar post","img":{"alt_text":"","src":"https:\/\/i0.wp.com\/anythingtechnicallc.com\/wp-content\/uploads\/2026\/03\/Bose-SLEEPBUDS-II-Charge-Case.jpg?fit=1001%2C1200&ssl=1&resize=350%2C200","width":350,"height":200},"classes":[]},{"id":9368,"url":"https:\/\/anythingtechnicallc.com\/index.php\/de\/product\/belkin-thunderbolt-4-kabel-2m-6-6ft-power-cable-usb-c-zu-usb-c-kabel-mit-100w-power-delivery-usb-4-konform-kompatibel-mit-thunderbolt-3-macbook-pro-ecpu-mehr-intel-thunderbolt-zertifizier\/","url_meta":{"origin":9551,"position":3},"title":"Belkin Thunderbolt 4 Kabel (2M, 6.6ft Power Cable), USB-C zu USB-C Kabel mit 100W Power Delivery, USB 4 konform, kompatibel mit Thunderbolt 3, MacBook Pro, eCPU, &#038; mehr &#8211; Intel Thunderbolt zertifiziert","date":"March 19, 2026","format":false,"excerpt":"EINKABEL-L\u00d6SUNG: Dieses vielseitige Ladekabel, das von The Verge f\u00fcr seine L\u00e4nge ausgezeichnet wurde, unterst\u00fctzt Daten, Strom und Video - eine Ein-Kabel-L\u00f6sung f\u00fcr Ihren Power Hub, Ihr MacBook Pro oder jedes andere USB-C kompatible Ger\u00e4t! Sie finden es auch in 1M\/3.3ft L\u00e4nge. DIE NEUESTE THUNDERBOLT-TECHNOLOGIE: Sie erhalten erstklassige Konnektivit\u00e4t in einem\u2026","rel":"","context":"Similar post","img":{"alt_text":"","src":"https:\/\/i0.wp.com\/anythingtechnicallc.com\/wp-content\/uploads\/2025\/08\/51vkZxD5-QL._SL1500_.jpg?fit=1200%2C1200&ssl=1&resize=350%2C200","width":350,"height":200},"classes":[]},{"id":9381,"url":"https:\/\/anythingtechnicallc.com\/index.php\/de\/product\/dell-thunderbolt-wd22tb4-4-dock-130w\/","url_meta":{"origin":9551,"position":4},"title":"Dell Thunderbolt WD22TB4 4 Dock 130W","date":"March 19, 2026","format":false,"excerpt":"Modulares Thunderbolt-Dock mit austauschbaren Modulen f\u00fcr einfache Upgrades und SuperBoost-Technologien f\u00fcr schnelles Laden. 2 x Thunderbolt-4-Anschl\u00fcsse \/ 1 x USB-C 3.2 Gen 2 \/ 1 x USB-A 3.2 Gen 1 mit PowerShare \/ 2 x DisplayPort 1.4 \/ 1 x HDMI 2.0 \/ 1 x USB-C Multifunction DisplayPort. 2 x\u2026","rel":"","context":"Similar post","img":{"alt_text":"","src":"https:\/\/i0.wp.com\/anythingtechnicallc.com\/wp-content\/uploads\/2025\/08\/41TfyCoNXsL._AC_SL1247_.jpg?fit=1200%2C570&ssl=1&resize=350%2C200","width":350,"height":200},"classes":[]},{"id":9533,"url":"https:\/\/anythingtechnicallc.com\/index.php\/de\/product\/hp-universal-usb-c-multiport-hub-displayport-ethernet-hdmi\/","url_meta":{"origin":9551,"position":5},"title":"HP Universal USB-C Multiport Hub DisplayPort, Ethernet, HDMI","date":"March 21, 2026","format":false,"excerpt":"Universal USB-C. Jedes Betriebssystem - Ein einziges, einfaches USB-C-Kabel wird an Ihren PC2 angeschlossen, unabh\u00e4ngig von der Marke oder dem Betriebssystem, so dass Sie Ihren Hub nahtlos verwenden k\u00f6nnen. 7 Multifunktionsanschl\u00fcsse bieten eine Komplettl\u00f6sung f\u00fcr nahezu jede Daten-, Video- oder Netzwerkverbindung. 1 HDMI 2.0, 1 Display Port 1.2, 2 USB-A-Anschl\u00fcsse,\u2026","rel":"","context":"Similar post","img":{"alt_text":"","src":"https:\/\/i0.wp.com\/anythingtechnicallc.com\/wp-content\/uploads\/2025\/09\/51Sqr55ylFL._AC_SL1500_.jpg?fit=1200%2C738&ssl=1&resize=350%2C200","width":350,"height":200},"classes":[]}],"pll_sync_post":[],"lang":"de","translations":{"de":9551,"en":7830},"_links":{"self":[{"href":"https:\/\/anythingtechnicallc.com\/index.php\/wp-json\/wp\/v2\/product\/9551","targetHints":{"allow":["GET"]}}],"collection":[{"href":"https:\/\/anythingtechnicallc.com\/index.php\/wp-json\/wp\/v2\/product"}],"about":[{"href":"https:\/\/anythingtechnicallc.com\/index.php\/wp-json\/wp\/v2\/types\/product"}],"replies":[{"embeddable":true,"href":"https:\/\/anythingtechnicallc.com\/index.php\/wp-json\/wp\/v2\/comments?post=9551"}],"wp:featuredmedia":[{"embeddable":true,"href":"https:\/\/anythingtechnicallc.com\/index.php\/wp-json\/wp\/v2\/media\/9550"}],"wp:attachment":[{"href":"https:\/\/anythingtechnicallc.com\/index.php\/wp-json\/wp\/v2\/media?parent=9551"}],"wp:term":[{"taxonomy":"product_brand","embeddable":true,"href":"https:\/\/anythingtechnicallc.com\/index.php\/wp-json\/wp\/v2\/product_brand?post=9551"},{"taxonomy":"product_cat","embeddable":true,"href":"https:\/\/anythingtechnicallc.com\/index.php\/wp-json\/wp\/v2\/product_cat?post=9551"},{"taxonomy":"product_tag","embeddable":true,"href":"https:\/\/anythingtechnicallc.com\/index.php\/wp-json\/wp\/v2\/product_tag?post=9551"}],"curies":[{"name":"wp","href":"https:\/\/api.w.org\/{rel}","templated":true}]}}