{"id":9555,"date":"2026-03-21T12:48:25","date_gmt":"2026-03-21T12:48:25","guid":{"rendered":"https:\/\/anythingtechnicallc.com\/?post_type=product&#038;p=9555"},"modified":"2026-03-21T12:48:26","modified_gmt":"2026-03-21T12:48:26","slug":"hyperx-solocast-usb-kondensator-gaming-mikrofon-fuer-pc-ps4-ps5-und-mac-tap-to-mute-sensor-nieren-richtcharakteristik-ideal-fuer-streaming-podcasts-twitch-youtube-discordschwarz","status":"publish","type":"product","link":"https:\/\/anythingtechnicallc.com\/index.php\/de\/product\/hyperx-solocast-usb-kondensator-gaming-mikrofon-fuer-pc-ps4-ps5-und-mac-tap-to-mute-sensor-nieren-richtcharakteristik-ideal-fuer-streaming-podcasts-twitch-youtube-discordschwarz\/","title":{"rendered":"HyperX SoloCast &#8211; USB-Kondensator-Gaming-Mikrofon, f\u00fcr PC, PS4, PS5 und Mac, Tap-to-Mute-Sensor, Nieren-Richtcharakteristik, ideal f\u00fcr Streaming, Podcasts, Twitch, YouTube, Discord,Schwarz"},"content":{"rendered":"<ul class=\"a-unordered-list a-vertical a-spacing-mini\">\n<li class=\"a-spacing-mini\"><span class=\"a-list-item\">Plug &amp; Play-Audioaufnahmen mit USB-C-Anschluss: Machen Sie hochwertige Audioaufnahmen mit diesem einfach zu bedienenden USB-Kondensatormikrofon. Die Nierencharakteristik ist besonders empfindlich f\u00fcr Schallquellen vor dem Mikrofon und reduziert Hintergrundger\u00e4usche.<\/span><\/li>\n<li class=\"a-spacing-mini\"><span class=\"a-list-item\">Hi-Res-Aufnahme mit 24 Bit\/96 kHz: SoloCast unterst\u00fctzt eine hohe Bittiefe und Abtastrate auf Studio-Niveau.<\/span><\/li>\n<li class=\"a-spacing-mini\"><span class=\"a-list-item\">Tap-to-Mute-Sensor mit LED-Statusanzeige: Tippen Sie einfach auf die Oberseite des Mikrofons, um es stumm zu schalten, und die leicht ablesbare LED-Anzeige zeigt Ihnen an, ob Sie gerade senden oder nicht.<\/span><\/li>\n<li class=\"a-spacing-mini\"><span class=\"a-list-item\">Flexibler, verstellbarer St\u00e4nder: Der einfach zu positionierende St\u00e4nder ist schwenkbar und eignet sich f\u00fcr eine Vielzahl von Aufstellungen. Sie k\u00f6nnen ihn sogar unter einem Monitor anbringen, wenn Sie nur wenig Platz zur Verf\u00fcgung haben.<\/span><\/li>\n<li class=\"a-spacing-mini\"><span class=\"a-list-item\">Gewinde f\u00fcr Auslegerarm und Mikrofonst\u00e4nder: Der integrierte, vielseitige Befestigungsadapter passt auf 3\/8-Zoll- und 5\/8-Zoll-Gewinde und ist somit mit den meisten Mikrofonst\u00e4ndern und Galgenarmen kompatibel.<\/span><\/li>\n<\/ul>\n","protected":false},"excerpt":{"rendered":"<div id=\"btf_arenas\" class=\"celwidget\" data-feature-name=\"btf_arenas\" data-csa-c-type=\"widget\" data-csa-c-content-id=\"btf_arenas\" data-csa-c-slot-id=\"btf_arenas\" data-csa-c-asin=\"\" data-csa-c-is-in-initial-active-row=\"false\" data-csa-c-id=\"xxn48p-y3nzxm-6qlir7-3rdcrk\" data-cel-widget=\"btf_arenas\">\n<div id=\"productDescription_feature_div\" class=\"celwidget pd_rd_w-0cPdp pd_rd_r-GGW8YWS88B4N1V5NG92P pd_rd_wg-KOxwJ\" data-feature-name=\"productDescription\" data-csa-c-type=\"widget\" data-csa-c-content-id=\"productDescription\" data-csa-c-slot-id=\"productDescription_feature_div\" data-csa-c-asin=\"\" data-csa-c-is-in-initial-active-row=\"false\" data-csa-c-id=\"vwxrrp-uw5izt-ras3yd-jv8xnu\" data-cel-widget=\"productDescription_feature_div\">\n<div>\n<div id=\"productDescription_feature_div\" class=\"a-row feature\" data-feature-name=\"productDescription\" data-template-name=\"productDescription\" data-cel-widget=\"productDescription_feature_div\">\n<div id=\"productDescription\" class=\"a-section a-spacing-small\">\n<p>Das HyperX SoloCast ist f\u00fcr Streamer und Gamer gedacht, die ein gut klingendes USB-Mikrofon suchen. Es ist per Plug &amp; Play einfach zu bedienen und verf\u00fcgt \u00fcber unseren bei Fans beliebten Tap-to-Mute-Sensor. Das vielseitige Mikrofon verf\u00fcgt \u00fcber einen flexiblen, verstellbaren St\u00e4nder und ist au\u00dferdem mit den meisten Galgenarmen kompatibel, so dass Sie es entweder auf Ihrem Schreibtisch aufstellen oder montieren k\u00f6nnen. Es ist TeamSpeak- und Discord-zertifiziert und kompatibel mit OBS, XSplit und Streamlabs OBS, einem extrem streamerfreundlichen Mikrofon.<\/p>\n<\/div>\n<\/div>\n<\/div>\n<\/div>\n<div id=\"HLCXComparisonWidget-override_of_btf_arenas-1-T2\" class=\"celwidget pd_rd_w-4kvH0 pd_rd_r-GGW8YWS88B4N1V5NG92P pd_rd_wg-KOxwJ\" data-feature-name=\"HLCXComparisonWidget-override_of_btf_arenas-1-T2\" data-csa-c-type=\"widget\" data-csa-c-content-id=\"HLCXComparisonWidget-override_of_btf_arenas-1-T2\" data-csa-c-slot-id=\"HLCXComparisonWidget-override_of_btf_arenas-1-T2\" data-csa-c-asin=\"\" data-csa-c-is-in-initial-active-row=\"false\" data-csa-c-id=\"8anmhb-g58iwy-mvm784-c1mgsb\" data-cel-widget=\"HLCXComparisonWidget-override_of_btf_arenas-1-T2\">\n<div id=\"sims-comparisonContainer_feature_div_01\" class=\"celwidget\" data-feature-name=\"sims-comparisonContainer\" data-csa-c-type=\"widget\" data-csa-c-content-id=\"sims-comparisonContainer\" data-csa-c-slot-id=\"sims-comparisonContainer_feature_div_01\" data-csa-c-asin=\"\" data-csa-c-is-in-initial-active-row=\"false\" data-csa-c-id=\"jl2f0g-39hstx-69gf2g-ri5zwk\" data-cel-widget=\"sims-comparisonContainer_feature_div_01\"><\/div>\n<\/div>\n<\/div>\n","protected":false},"featured_media":9554,"comment_status":"open","ping_status":"closed","template":"","meta":{"_et_pb_use_builder":"","_et_pb_old_content":"","_et_gb_content_width":""},"product_brand":[],"product_cat":[1576],"product_tag":[],"class_list":{"0":"post-9555","1":"product","2":"type-product","3":"status-publish","4":"has-post-thumbnail","6":"product_cat-kamerazubehoer","8":"first","9":"instock","10":"sale","11":"taxable","12":"shipping-taxable","13":"purchasable","14":"product-type-simple"},"exclude_global_add_ons":[],"addons":[],"jetpack-related-posts":[{"id":9303,"url":"https:\/\/anythingtechnicallc.com\/index.php\/de\/product\/gebrauchtes-shure-mv6-gaming-mikrofon-dynamisches-usb-pc-mikrofon-fuer-videospiele-streaming-desktop-staender-hintergrundgeraeuschunterdrueckung-tap-to-mute-35mm-ausgang-fuer-kopfhoerer-moni\/","url_meta":{"origin":9555,"position":0},"title":"Gebrauchtes Shure MV6 Gaming-Mikrofon, dynamisches USB-PC-Mikrofon f\u00fcr Videospiele &#038; Streaming &#8211; Desktop-St\u00e4nder, Hintergrundger\u00e4uschunterdr\u00fcckung, Tap-to-Mute &#038; 3,5mm-Ausgang f\u00fcr Kopfh\u00f6rer-Monitoring in Echtzeit","date":"March 19, 2026","format":false,"excerpt":"Wir haben alles, was wir \u00fcber dynamische Gesangsmikrofone wissen, in das MV6 gepackt, um ein USB-Mikrofon zu entwickeln, das f\u00fcr jedermann einfach zu bedienen ist, und zwar sofort nach dem Auspacken. Mit dem Design und der Technologie unserer kultigen SM7- und MV7-Mikrofone wurde das MV6 entwickelt, um Gamern und Streamern\u2026","rel":"","context":"Similar post","img":{"alt_text":"","src":"https:\/\/i0.wp.com\/anythingtechnicallc.com\/wp-content\/uploads\/2025\/07\/61u0AqBTp3L._AC_SL1500_.jpg?fit=695%2C1200&ssl=1&resize=350%2C200","width":350,"height":200},"classes":[]},{"id":9928,"url":"https:\/\/anythingtechnicallc.com\/index.php\/de\/product\/hyperx-quadcast-s-rgb-usb-kondensatormikrofon-fuer-pc-ps4-und-mac-vibrationsdaempfende-halterung-vier-richtcharakteristiken-pop-filter-verstaerkungsregelung-gaming-streaming-podcasts-erneuert\/","url_meta":{"origin":9555,"position":1},"title":"HyperX QuadCast S RGB USB-Kondensatormikrofon f\u00fcr PC, PS4 und Mac, vibrationsd\u00e4mpfende Halterung, vier Richtcharakteristiken, Pop-Filter, Verst\u00e4rkungsregelung, Gaming, Streaming, Podcasts (Erneuert)","date":"April 15, 2026","format":false,"excerpt":"Strahlende RGB-Beleuchtung mit dynamischen Effekten: Personalisieren Sie die atemberaubende RGB-Beleuchtung und die dynamischen Effekte f\u00fcr eine auff\u00e4llige Aufnahme mit anpassbarem Stil. Eingebaute Anti-Vibrations-Halterung: Isolieren Sie das Mikrofon und unterdr\u00fccken Sie mit der elastischen Seilaufh\u00e4ngung ungewollte Ersch\u00fctterungen und St\u00f6\u00dfe. Tap-to-mute-Sensor mit LED-Statusanzeige: Nutzen Sie die praktische Tap-to-Mute-Funktion, um mit Hilfe der\u2026","rel":"","context":"Similar post","img":{"alt_text":"","src":"https:\/\/i0.wp.com\/anythingtechnicallc.com\/wp-content\/uploads\/2026\/04\/61QDm8yvIKL._AC_SL1360_.jpg?fit=530%2C1200&ssl=1&resize=350%2C200","width":350,"height":200},"classes":[]},{"id":9542,"url":"https:\/\/anythingtechnicallc.com\/index.php\/de\/product\/hyperx-quadcast-s-rgb-usb-kondensatormikrofon-fuer-pc-ps4-ps5-und-mac-anti-vibrations-stossdaempfer-4-richtcharakteristiken-pop-filter-verstaerkungsregelung-gaming-streaming-podcasts-twitc\/","url_meta":{"origin":9555,"position":2},"title":"HyperX QuadCast S &#8211; RGB-USB-Kondensatormikrofon f\u00fcr PC, PS4, PS5 und Mac, Anti-Vibrations-Sto\u00dfd\u00e4mpfer, 4 Richtcharakteristiken, Pop-Filter, Verst\u00e4rkungsregelung, Gaming, Streaming, Podcasts, Twitch, YouTube, Discord","date":"March 21, 2026","format":false,"excerpt":"Strahlende RGB-Beleuchtung mit dynamischen Effekten: Personalisieren Sie die atemberaubende RGB-Beleuchtung und die dynamischen Effekte f\u00fcr eine auff\u00e4llige Aufnahme mit anpassbarem Stil. Eingebaute Anti-Vibrations-Halterung: Isolieren Sie das Mikrofon und unterdr\u00fccken Sie mit der elastischen Seilaufh\u00e4ngung ungewollte Ersch\u00fctterungen und St\u00f6\u00dfe. Tap-to-mute-Sensor mit LED-Statusanzeige: Nutzen Sie die praktische Tap-to-Mute-Funktion, um mit Hilfe der\u2026","rel":"","context":"Similar post","img":{"alt_text":"","src":"https:\/\/i0.wp.com\/anythingtechnicallc.com\/wp-content\/uploads\/2025\/09\/61dQJkzRopL._AC_SL1500_.jpg?fit=486%2C1200&ssl=1&resize=350%2C200","width":350,"height":200},"classes":[]},{"id":9503,"url":"https:\/\/anythingtechnicallc.com\/index.php\/de\/product\/canon-powershot-v10-kamera-content-creator-kompaktkamera-fuer-vlogging-festes-19mm-weitwinkelobjektiv-4k-video-gesichtserkennung-integriertes-mikrofon-live-streaming-integrierter-staender-schw\/","url_meta":{"origin":9555,"position":3},"title":"Canon PowerShot V10 Kamera, Content Creator Kompaktkamera f\u00fcr Vlogging, festes 19mm Weitwinkelobjektiv, 4K Video, Gesichtserkennung, integriertes Mikrofon, Live Streaming, integrierter St\u00e4nder, Schwarz","date":"March 21, 2026","format":false,"excerpt":"Mit der Canon PowerShot V10 Vlogging-Kamera f\u00fcr Content Creators k\u00f6nnen Sie Ihrer Kreativit\u00e4t auch unterwegs freien Lauf lassen. Die PowerShot V10 ist eine Vlogging- und Fotokamera in einem neuen, \u00e4u\u00dferst tragbaren Format mit Komponenten aus der beliebten G-Serie, mit der Sie beeindruckende Videos erstellen k\u00f6nnen. Mit Stereotonaufnahme, integriertem Stativ und\u2026","rel":"","context":"Similar post","img":{"alt_text":"","src":"https:\/\/i0.wp.com\/anythingtechnicallc.com\/wp-content\/uploads\/2025\/08\/61qhyHDMGFL._AC_SL1500_.jpg?fit=790%2C1200&ssl=1&resize=350%2C200","width":350,"height":200},"classes":[]},{"id":9570,"url":"https:\/\/anythingtechnicallc.com\/index.php\/de\/product\/hyperx-cloud-iii-kabelgebundenes-gaming-headset-pc-ps5-xbox-serie-xs-abgewinkelte-53mm-treiber-dts-spatial-audio-memory-foam-stabiler-rahmen-ultraklares-10mm-mikrofon-usb-c-usb-a-3-5mm-2\/","url_meta":{"origin":9555,"position":4},"title":"HyperX Cloud III &#8211; Kabelgebundenes Gaming-Headset, PC, PS5, Xbox Serie X|S, abgewinkelte 53mm Treiber, DTS Spatial Audio, Memory Foam, stabiler Rahmen, ultraklares 10mm Mikrofon, USB-C, USB-A, 3.5mm &#8211; Schwarz","date":"March 21, 2026","format":false,"excerpt":"Komfort ist K\u00f6nig: Komfort liegt in der DNA des Cloud III. Gebaut f\u00fcr Gamer, die nicht wollen, dass ein unbequemes Headset den Fluss ihrer Full-Combo ruiniert, ihren Speedrun unterbricht oder sie aus der Zone wirft. Audio f\u00fcr Ihre Unterhaltung abgestimmt: Die angewinkelten 53-mm-Treiber wurden von den HyperX-Audioingenieuren so abgestimmt, dass\u2026","rel":"","context":"Similar post","img":{"alt_text":"","src":"https:\/\/i0.wp.com\/anythingtechnicallc.com\/wp-content\/uploads\/2025\/10\/HyperX-Cloud-III-\u2013-Wired-Gaming-Headset-Black.jpg?fit=1117%2C1200&ssl=1&resize=350%2C200","width":350,"height":200},"classes":[]},{"id":9567,"url":"https:\/\/anythingtechnicallc.com\/index.php\/de\/product\/hyperx-cloud-iii-kabelgebundenes-gaming-headset-pc-ps5-xbox-serie-xs-abgewinkelte-53mm-treiber-dts-spatial-audio-memory-foam-stabiler-rahmen-ultraklares-10mm-mikrofon-usb-c-usb-a-3-5mm\/","url_meta":{"origin":9555,"position":5},"title":"HyperX Cloud III &#8211; Kabelgebundenes Gaming-Headset, PC, PS5, Xbox Serie X|S, abgewinkelte 53mm Treiber, DTS Spatial Audio, Memory Foam, stabiler Rahmen, ultraklares 10mm Mikrofon, USB-C, USB-A, 3.5mm &#8211; Schwarz\/Rot","date":"March 21, 2026","format":false,"excerpt":"Komfort ist K\u00f6nig: Komfort liegt in der DNA des Cloud III. Gebaut f\u00fcr Gamer, die nicht wollen, dass ein unbequemes Headset den Fluss ihrer Full-Combo ruiniert, ihren Speedrun unterbricht oder sie aus der Zone wirft. Audio f\u00fcr Ihre Unterhaltung abgestimmt: Die angewinkelten 53-mm-Treiber wurden von den HyperX-Audioingenieuren so abgestimmt, dass\u2026","rel":"","context":"Similar post","img":{"alt_text":"","src":"https:\/\/i0.wp.com\/anythingtechnicallc.com\/wp-content\/uploads\/2025\/10\/HyperX-Cloud-III-\u2013-Wired-Gaming-Headset.jpg?fit=1131%2C1200&ssl=1&resize=350%2C200","width":350,"height":200},"classes":[]}],"pll_sync_post":[],"lang":"de","translations":{"de":9555,"en":7833},"_links":{"self":[{"href":"https:\/\/anythingtechnicallc.com\/index.php\/wp-json\/wp\/v2\/product\/9555","targetHints":{"allow":["GET"]}}],"collection":[{"href":"https:\/\/anythingtechnicallc.com\/index.php\/wp-json\/wp\/v2\/product"}],"about":[{"href":"https:\/\/anythingtechnicallc.com\/index.php\/wp-json\/wp\/v2\/types\/product"}],"replies":[{"embeddable":true,"href":"https:\/\/anythingtechnicallc.com\/index.php\/wp-json\/wp\/v2\/comments?post=9555"}],"wp:featuredmedia":[{"embeddable":true,"href":"https:\/\/anythingtechnicallc.com\/index.php\/wp-json\/wp\/v2\/media\/9554"}],"wp:attachment":[{"href":"https:\/\/anythingtechnicallc.com\/index.php\/wp-json\/wp\/v2\/media?parent=9555"}],"wp:term":[{"taxonomy":"product_brand","embeddable":true,"href":"https:\/\/anythingtechnicallc.com\/index.php\/wp-json\/wp\/v2\/product_brand?post=9555"},{"taxonomy":"product_cat","embeddable":true,"href":"https:\/\/anythingtechnicallc.com\/index.php\/wp-json\/wp\/v2\/product_cat?post=9555"},{"taxonomy":"product_tag","embeddable":true,"href":"https:\/\/anythingtechnicallc.com\/index.php\/wp-json\/wp\/v2\/product_tag?post=9555"}],"curies":[{"name":"wp","href":"https:\/\/api.w.org\/{rel}","templated":true}]}}