{"id":9561,"date":"2026-03-21T12:50:04","date_gmt":"2026-03-21T12:50:04","guid":{"rendered":"https:\/\/anythingtechnicallc.com\/?post_type=product&#038;p=9561"},"modified":"2026-03-21T12:50:04","modified_gmt":"2026-03-21T12:50:04","slug":"hyperx-cloud-alpha-gaming-headset-dual-chamber-drivers-legendaerer-komfort-aluminiumrahmen-abnehmbares-mikrofon-funktioniert-auf-pc-ps4-ps5-xbox-one-series-xs-nintendo-switch-und-handy","status":"publish","type":"product","link":"https:\/\/anythingtechnicallc.com\/index.php\/de\/product\/hyperx-cloud-alpha-gaming-headset-dual-chamber-drivers-legendaerer-komfort-aluminiumrahmen-abnehmbares-mikrofon-funktioniert-auf-pc-ps4-ps5-xbox-one-series-xs-nintendo-switch-und-handy\/","title":{"rendered":"HyperX Cloud Alpha &#8211; Gaming Headset, Dual Chamber Drivers, legend\u00e4rer Komfort, Aluminiumrahmen, abnehmbares Mikrofon, funktioniert auf PC, PS4, PS5, Xbox One\/ Series X|S, Nintendo Switch und Handy &#8211; Rot"},"content":{"rendered":"<div id=\"productDescription_feature_div\" class=\"celwidget\" data-feature-name=\"productDescription\" data-csa-c-type=\"widget\" data-csa-c-content-id=\"productDescription\" data-csa-c-slot-id=\"productDescription_feature_div\" data-csa-c-asin=\"\" data-csa-c-is-in-initial-active-row=\"false\" data-csa-c-id=\"jsfi1b-so80ta-51upnq-fro8m3\" data-cel-widget=\"productDescription_feature_div\">\n<div>\n<div id=\"productDescription_feature_div\" class=\"a-row feature\" data-feature-name=\"productDescription\" data-template-name=\"productDescription\" data-cel-widget=\"productDescription_feature_div\">\n<div id=\"productDescription\" class=\"a-section a-spacing-small\">\n<p>Das bahnbrechende Dual Chamber Drivers Design des HyperXTM Cloud Alpha verleiht dem Klang mehr Differenzierung und Klarheit, indem es Verzerrungen reduziert. Die beiden Kammern trennen die B\u00e4sse f\u00fcr einen sauberen, glatteren Klang. Das Cloud Alpha ist mit rotem Premium-Memory-Schaumstoff, einem erweiterten Kopfband und weicherem, biegsamem Kunstleder, einem Aluminiumrahmen, einem abnehmbaren, geflochtenen Kabel und einem Mikrofon mit Ger\u00e4uschunterdr\u00fcckung ausgestattet. Multiplattformkompatibel mit Inline-Audiosteuerung auf PC, PS4, Xbox One und anderen Plattformen mit 3,5-mm-Anschl\u00fcssen. Der Frequenzgang des Mikrofons betr\u00e4gt 50Hz-18.000Hz. Probleme aufgrund des abnehmbaren Hauptkabels des Headsets, das teilweise in die Buchse der Ohrmuschel eingesteckt ist, was zu keinem Mikrofon-Audio oder leisen\/statischen Ger\u00e4uschen f\u00fchrt. Der Kunde sollte das Cloud Alpha-Benutzerhandbuch oder die Richtlinien f\u00fcr die Befestigung des Headset-Kabels auf der HyperX Gaming-Support-Website befolgen, um das Kabel richtig anzuschlie\u00dfen, das Mikrofon-Audio auf der Alpha-Inline-Lautst\u00e4rkeregelung zu aktivieren und sicherzustellen, dass das Cloud Alpha als prim\u00e4res Audiowiedergabe- und -aufnahmeger\u00e4t auf dem Host-System konfiguriert ist.<\/p>\n<\/div>\n<\/div>\n<\/div>\n<\/div>\n<div id=\"sponsoredProducts2_feature_div\" class=\"celwidget\" data-feature-name=\"sponsoredProducts2\" data-csa-c-type=\"widget\" data-csa-c-content-id=\"sponsoredProducts2\" data-csa-c-slot-id=\"sponsoredProducts2_feature_div\" data-csa-c-asin=\"\" data-csa-c-is-in-initial-active-row=\"false\" data-csa-c-id=\"aokxrd-p4qw6w-wumj2u-ruuefk\" data-cel-widget=\"sponsoredProducts2_feature_div\"><\/div>\n<div id=\"sims-sponsoredProducts2_feature_div_01\" class=\"celwidget\" data-feature-name=\"sims-sponsoredProducts2\" data-csa-c-type=\"widget\" data-csa-c-content-id=\"sims-sponsoredProducts2\" data-csa-c-slot-id=\"sims-sponsoredProducts2_feature_div_01\" data-csa-c-asin=\"\" data-csa-c-is-in-initial-active-row=\"false\" data-csa-c-id=\"ai6368-82mv21-akiqt9-mq4ded\" data-cel-widget=\"sims-sponsoredProducts2_feature_div_01\">\n<div class=\"celwidget pd_rd_w-Mcmkn content-id-amzn1.sym.953c7d66-4120-4d22-a777-f19dbfa69309 pf_rd_p-953c7d66-4120-4d22-a777-f19dbfa69309 pf_rd_r-05PFZDT0FXPSHBYM3JPC pd_rd_wg-bc8or pd_rd_r-00605b25-540f-48b0-92b1-4dfb3732b8ad\" data-csa-op-log-render=\"\" data-csa-c-content-id=\"amzn1.sym.953c7d66-4120-4d22-a777-f19dbfa69309\" data-csa-c-slot-id=\"sponsored-products-1\" data-csa-c-type=\"widget\" data-csa-c-painter=\"FirebirdPainter\" data-csa-c-id=\"dct28f-ya76t2-41ralx-8sy6gc\" data-cel-widget=\"desktop-dp-sims_SponsoredProductsSimsDp2Desktop\">\n<div data-csa-c-type=\"widget\" data-csa-c-slot-id=\"sp_detail2\" data-csa-c-id=\"19t21u-ezo0zf-t2oife-mdtzj0\"><\/div>\n<\/div>\n<\/div>\n","protected":false},"excerpt":{"rendered":"<div id=\"productDescription_feature_div\" class=\"celwidget\" data-feature-name=\"productDescription\" data-csa-c-type=\"widget\" data-csa-c-content-id=\"productDescription\" data-csa-c-slot-id=\"productDescription_feature_div\" data-csa-c-asin=\"\" data-csa-c-is-in-initial-active-row=\"false\" data-csa-c-id=\"jsfi1b-so80ta-51upnq-fro8m3\" data-cel-widget=\"productDescription_feature_div\">\n<div>\n<div id=\"productDescription_feature_div\" class=\"a-row feature\" data-feature-name=\"productDescription\" data-template-name=\"productDescription\" data-cel-widget=\"productDescription_feature_div\">\n<div id=\"productDescription\" class=\"a-section a-spacing-small\">\n<p>Das bahnbrechende Dual Chamber Drivers Design des HyperXTM Cloud Alpha verleiht dem Klang mehr Differenzierung und Klarheit, indem es Verzerrungen reduziert. Die beiden Kammern trennen die B\u00e4sse und sorgen so f\u00fcr einen klareren, sanfteren Klang. Das Cloud Alpha ist mit rotem Premium-Memory-Schaumstoff, einem erweiterten Kopfband und weicherem, biegsamem Kunstleder, einem Aluminiumrahmen, einem abnehmbaren, geflochtenen Kabel und einem Mikrofon mit Ger\u00e4uschunterdr\u00fcckung ausgestattet. Multiplattformkompatibel mit Inline-Audiosteuerung auf PC, PS4, Xbox One und anderen Plattformen mit 3,5-mm-Anschl\u00fcssen. Der Frequenzgang des Mikrofons betr\u00e4gt 50Hz-18.000Hz. Probleme aufgrund des abnehmbaren Hauptkabels des Headsets, das teilweise in die Buchse der Ohrmuschel eingesteckt ist, was zu keinem Mikrofon-Audio oder leisen\/statischen Ger\u00e4uschen f\u00fchrt. Der Kunde sollte das Cloud Alpha-Benutzerhandbuch oder die Richtlinien f\u00fcr die Befestigung des Headset-Kabels auf der HyperX Gaming-Support-Website befolgen, um das Kabel ordnungsgem\u00e4\u00df anzuschlie\u00dfen, das Mikrofon-Audio auf der Inline-Lautst\u00e4rkeregelung des Alpha zu aktivieren und sicherzustellen, dass das Cloud Alpha als prim\u00e4res Audiowiedergabe- und -aufnahmeger\u00e4t auf dem Host-System konfiguriert ist.<\/p>\n<\/div>\n<\/div>\n<\/div>\n<\/div>\n<div id=\"sponsoredProducts2_feature_div\" class=\"celwidget\" data-feature-name=\"sponsoredProducts2\" data-csa-c-type=\"widget\" data-csa-c-content-id=\"sponsoredProducts2\" data-csa-c-slot-id=\"sponsoredProducts2_feature_div\" data-csa-c-asin=\"\" data-csa-c-is-in-initial-active-row=\"false\" data-csa-c-id=\"aokxrd-p4qw6w-wumj2u-ruuefk\" data-cel-widget=\"sponsoredProducts2_feature_div\"><\/div>\n<div id=\"sims-sponsoredProducts2_feature_div_01\" class=\"celwidget\" data-feature-name=\"sims-sponsoredProducts2\" data-csa-c-type=\"widget\" data-csa-c-content-id=\"sims-sponsoredProducts2\" data-csa-c-slot-id=\"sims-sponsoredProducts2_feature_div_01\" data-csa-c-asin=\"\" data-csa-c-is-in-initial-active-row=\"false\" data-csa-c-id=\"ai6368-82mv21-akiqt9-mq4ded\" data-cel-widget=\"sims-sponsoredProducts2_feature_div_01\">\n<div class=\"celwidget pd_rd_w-Mcmkn content-id-amzn1.sym.953c7d66-4120-4d22-a777-f19dbfa69309 pf_rd_p-953c7d66-4120-4d22-a777-f19dbfa69309 pf_rd_r-05PFZDT0FXPSHBYM3JPC pd_rd_wg-bc8or pd_rd_r-00605b25-540f-48b0-92b1-4dfb3732b8ad\" data-csa-op-log-render=\"\" data-csa-c-content-id=\"amzn1.sym.953c7d66-4120-4d22-a777-f19dbfa69309\" data-csa-c-slot-id=\"sponsored-products-1\" data-csa-c-type=\"widget\" data-csa-c-painter=\"FirebirdPainter\" data-csa-c-id=\"dct28f-ya76t2-41ralx-8sy6gc\" data-cel-widget=\"desktop-dp-sims_SponsoredProductsSimsDp2Desktop\">\n<div data-csa-c-type=\"widget\" data-csa-c-slot-id=\"sp_detail2\" data-csa-c-id=\"19t21u-ezo0zf-t2oife-mdtzj0\"><\/div>\n<\/div>\n<\/div>\n","protected":false},"featured_media":9560,"comment_status":"open","ping_status":"closed","template":"","meta":{"_et_pb_use_builder":"","_et_pb_old_content":"","_et_gb_content_width":""},"product_brand":[2176],"product_cat":[1578],"product_tag":[],"class_list":{"0":"post-9561","1":"product","2":"type-product","3":"status-publish","4":"has-post-thumbnail","6":"product_brand-hyperx","7":"product_cat-headset","9":"first","10":"instock","11":"sale","12":"taxable","13":"shipping-taxable","14":"purchasable","15":"product-type-simple"},"exclude_global_add_ons":[],"addons":[],"jetpack-related-posts":[{"id":9564,"url":"https:\/\/anythingtechnicallc.com\/index.php\/de\/product\/hyperx-cloud-alpha-wireless-gaming-headset-fuer-pc-300-stunden-akkulaufzeit-dts-headphonex-spatial-audio-memory-schaumstoff-doppelkammertreiber-mikrofon-mit-geraeuschunterdrueckung-stabiler-a\/","url_meta":{"origin":9561,"position":0},"title":"HyperX Cloud Alpha Wireless &#8211; Gaming-Headset f\u00fcr PC, 300 Stunden Akkulaufzeit, DTS Headphone:X Spatial Audio, Memory-Schaumstoff, Doppelkammertreiber, Mikrofon mit Ger\u00e4uschunterdr\u00fcckung, stabiler Aluminiumrahmen, Rot","date":"March 21, 2026","format":false,"excerpt":"HyperX-typischer Komfort: Dieses leichte, bequeme Headset mit dem charakteristischen HyperX Memory Foam und atmungsaktivem Kunstleder hilft Ihnen, sich auch bei Marathon-Gaming-Sessions zu konzentrieren. HyperX Zweikammer-Treiber: Das bahnbrechende Zweikammer-Treibersystem des Cloud Alpha Wireless stimmt die Mitten und H\u00f6hen getrennt von den basslastigen B\u00e4ssen ab, um einen unglaublich klaren Klang zu liefern.\u2026","rel":"","context":"Similar post","img":{"alt_text":"","src":"https:\/\/i0.wp.com\/anythingtechnicallc.com\/wp-content\/uploads\/2025\/10\/HyperX-Cloud-Alpha-Wireless-Gaming-Headset.jpg?fit=1200%2C1169&ssl=1&resize=350%2C200","width":350,"height":200},"classes":[]},{"id":8881,"url":"https:\/\/anythingtechnicallc.com\/index.php\/de\/product\/razer-hammerhead-duo-konsole-custom-tuned-dual-driver-technologie-inline-mikrofon-stummschalter-aluminiumrahmen-spezielle-tragetasche-35-mm-kopfhoereranschluss-gruen-rz12-03030300-r3m1\/","url_meta":{"origin":9561,"position":1},"title":"Razer Hammerhead Duo Konsole: Custom-Tuned Dual-Driver-Technologie &#8211; Inline-Mikrofon-Stummschalter &#8211; Aluminiumrahmen &#8211; spezielle Tragetasche &#8211; 3,5-mm-Kopfh\u00f6reranschluss &#8211; Gr\u00fcn (RZ12-03030300-R3M1)","date":"March 18, 2026","format":false,"excerpt":"Geben Sie Ihre Modellnummer ein, um sicherzustellen, dass dieses Modell passt. Mitrei\u00dfender Klang \u00fcber den gesamten Frequenzbereich Individuell abgestimmte Doppeltreibertechnologie sorgt f\u00fcr tiefere B\u00e4sse und h\u00f6here Frequenzdetails f\u00fcr einen dynamischen, klaren Klang unterwegs. Sicherer Sitz im Ohr und passive Ger\u00e4uschisolierung Wird mit 3 Gr\u00f6\u00dfen von Silikonaufs\u00e4tzen geliefert, um die beste\u2026","rel":"","context":"Similar post","img":{"alt_text":"","src":"https:\/\/i0.wp.com\/anythingtechnicallc.com\/wp-content\/uploads\/2023\/03\/Razer-Hammerhead-Duo-Console-Custom-Tuned-Dual-Driver-Technology-in-Line-Mic-Mute-Switch-Aluminum-Frame-Dedicated-Carrying-Case-35mm-Headphone-Jack-Green-RZ12-03030300-R3M1-0.jpg?fit=448%2C500&ssl=1&resize=350%2C200","width":350,"height":200},"classes":[]},{"id":9570,"url":"https:\/\/anythingtechnicallc.com\/index.php\/de\/product\/hyperx-cloud-iii-kabelgebundenes-gaming-headset-pc-ps5-xbox-serie-xs-abgewinkelte-53mm-treiber-dts-spatial-audio-memory-foam-stabiler-rahmen-ultraklares-10mm-mikrofon-usb-c-usb-a-3-5mm-2\/","url_meta":{"origin":9561,"position":2},"title":"HyperX Cloud III &#8211; Kabelgebundenes Gaming-Headset, PC, PS5, Xbox Serie X|S, abgewinkelte 53mm Treiber, DTS Spatial Audio, Memory Foam, stabiler Rahmen, ultraklares 10mm Mikrofon, USB-C, USB-A, 3.5mm &#8211; Schwarz","date":"March 21, 2026","format":false,"excerpt":"Komfort ist K\u00f6nig: Komfort liegt in der DNA des Cloud III. Gebaut f\u00fcr Gamer, die nicht wollen, dass ein unbequemes Headset den Fluss ihrer Full-Combo ruiniert, ihren Speedrun unterbricht oder sie aus der Zone wirft. Audio f\u00fcr Ihre Unterhaltung abgestimmt: Die angewinkelten 53-mm-Treiber wurden von den HyperX-Audioingenieuren so abgestimmt, dass\u2026","rel":"","context":"Similar post","img":{"alt_text":"","src":"https:\/\/i0.wp.com\/anythingtechnicallc.com\/wp-content\/uploads\/2025\/10\/HyperX-Cloud-III-\u2013-Wired-Gaming-Headset-Black.jpg?fit=1117%2C1200&ssl=1&resize=350%2C200","width":350,"height":200},"classes":[]},{"id":9567,"url":"https:\/\/anythingtechnicallc.com\/index.php\/de\/product\/hyperx-cloud-iii-kabelgebundenes-gaming-headset-pc-ps5-xbox-serie-xs-abgewinkelte-53mm-treiber-dts-spatial-audio-memory-foam-stabiler-rahmen-ultraklares-10mm-mikrofon-usb-c-usb-a-3-5mm\/","url_meta":{"origin":9561,"position":3},"title":"HyperX Cloud III &#8211; Kabelgebundenes Gaming-Headset, PC, PS5, Xbox Serie X|S, abgewinkelte 53mm Treiber, DTS Spatial Audio, Memory Foam, stabiler Rahmen, ultraklares 10mm Mikrofon, USB-C, USB-A, 3.5mm &#8211; Schwarz\/Rot","date":"March 21, 2026","format":false,"excerpt":"Komfort ist K\u00f6nig: Komfort liegt in der DNA des Cloud III. Gebaut f\u00fcr Gamer, die nicht wollen, dass ein unbequemes Headset den Fluss ihrer Full-Combo ruiniert, ihren Speedrun unterbricht oder sie aus der Zone wirft. Audio f\u00fcr Ihre Unterhaltung abgestimmt: Die angewinkelten 53-mm-Treiber wurden von den HyperX-Audioingenieuren so abgestimmt, dass\u2026","rel":"","context":"Similar post","img":{"alt_text":"","src":"https:\/\/i0.wp.com\/anythingtechnicallc.com\/wp-content\/uploads\/2025\/10\/HyperX-Cloud-III-\u2013-Wired-Gaming-Headset.jpg?fit=1131%2C1200&ssl=1&resize=350%2C200","width":350,"height":200},"classes":[]},{"id":9576,"url":"https:\/\/anythingtechnicallc.com\/index.php\/de\/product\/hyperx-cloud-iii-kabelgebundenes-gaming-headset-pc-ps5-xbox-serie-xs-abgewinkelte-53mm-treiber-dts-memory-foam-stabiler-rahmen-ultraklares-10mm-mikrofon-usb-c-usb-a-3-5mm-pink\/","url_meta":{"origin":9561,"position":4},"title":"HyperX Cloud III &#8211; Kabelgebundenes Gaming-Headset, PC, PS5, Xbox Serie X|S, abgewinkelte 53mm Treiber, DTS, Memory Foam, stabiler Rahmen, ultraklares 10mm Mikrofon, USB-C, USB-A, 3.5mm &#8211; Pink","date":"March 21, 2026","format":false,"excerpt":"Komfort ist K\u00f6nig: Komfort liegt in der DNA des Cloud III. Gebaut f\u00fcr Gamer, die nicht wollen, dass ein unbequemes Headset den Fluss ihrer Full-Combo ruiniert, ihren Speedrun unterbricht oder sie aus der Zone wirft. Audio f\u00fcr Ihre Unterhaltung abgestimmt: Die angewinkelten 53-mm-Treiber wurden von den HyperX-Audioingenieuren so abgestimmt, dass\u2026","rel":"","context":"Similar post","img":{"alt_text":"","src":"https:\/\/i0.wp.com\/anythingtechnicallc.com\/wp-content\/uploads\/2025\/10\/HyperX-Cloud-III-Pink.jpg?fit=1200%2C1200&ssl=1&resize=350%2C200","width":350,"height":200},"classes":[]},{"id":9573,"url":"https:\/\/anythingtechnicallc.com\/index.php\/de\/product\/hyperx-cloud-ii-gaming-headset-7-1-surround-sound-memory-foam-ear-pads-robuster-aluminiumrahmen-abnehmbares-mikrofon-kompatibel-mit-pc-ps5-ps4-xbox-series-xs-xbox-one-rot\/","url_meta":{"origin":9561,"position":5},"title":"HyperX Cloud II &#8211; Gaming Headset, 7.1 Surround Sound, Memory Foam Ear Pads, robuster Aluminiumrahmen, abnehmbares Mikrofon, kompatibel mit PC, PS5, PS4, Xbox Series X|S, Xbox One &#8211; Rot","date":"March 21, 2026","format":false,"excerpt":"15-25kKhz Frequenzgang.Kopfh\u00f6rertyp:Over-Ear.Hinweis : Wenn die Gr\u00f6\u00dfe der Ohrst\u00f6psel nicht mit der Gr\u00f6\u00dfe Ihrer Geh\u00f6rg\u00e4nge \u00fcbereinstimmt oder das Headset nicht richtig in Ihren Ohren getragen wird, erhalten Sie m\u00f6glicherweise nicht die richtige Klangqualit\u00e4t oder Gespr\u00e4chsleistung. Tauschen Sie die Ohrst\u00f6psel gegen solche aus, die besser in Ihr Ohr passen. Entwickelt f\u00fcr Komfort:\u2026","rel":"","context":"Similar post","img":{"alt_text":"","src":"https:\/\/i0.wp.com\/anythingtechnicallc.com\/wp-content\/uploads\/2025\/10\/HyperX-Cloud-II-Gaming-Headset-Red.jpg?fit=1070%2C1200&ssl=1&resize=350%2C200","width":350,"height":200},"classes":[]}],"pll_sync_post":[],"lang":"de","translations":{"de":9561,"en":8471},"_links":{"self":[{"href":"https:\/\/anythingtechnicallc.com\/index.php\/wp-json\/wp\/v2\/product\/9561","targetHints":{"allow":["GET"]}}],"collection":[{"href":"https:\/\/anythingtechnicallc.com\/index.php\/wp-json\/wp\/v2\/product"}],"about":[{"href":"https:\/\/anythingtechnicallc.com\/index.php\/wp-json\/wp\/v2\/types\/product"}],"replies":[{"embeddable":true,"href":"https:\/\/anythingtechnicallc.com\/index.php\/wp-json\/wp\/v2\/comments?post=9561"}],"wp:featuredmedia":[{"embeddable":true,"href":"https:\/\/anythingtechnicallc.com\/index.php\/wp-json\/wp\/v2\/media\/9560"}],"wp:attachment":[{"href":"https:\/\/anythingtechnicallc.com\/index.php\/wp-json\/wp\/v2\/media?parent=9561"}],"wp:term":[{"taxonomy":"product_brand","embeddable":true,"href":"https:\/\/anythingtechnicallc.com\/index.php\/wp-json\/wp\/v2\/product_brand?post=9561"},{"taxonomy":"product_cat","embeddable":true,"href":"https:\/\/anythingtechnicallc.com\/index.php\/wp-json\/wp\/v2\/product_cat?post=9561"},{"taxonomy":"product_tag","embeddable":true,"href":"https:\/\/anythingtechnicallc.com\/index.php\/wp-json\/wp\/v2\/product_tag?post=9561"}],"curies":[{"name":"wp","href":"https:\/\/api.w.org\/{rel}","templated":true}]}}