{"id":9564,"date":"2026-03-21T12:50:20","date_gmt":"2026-03-21T12:50:20","guid":{"rendered":"https:\/\/anythingtechnicallc.com\/?post_type=product&#038;p=9564"},"modified":"2026-03-21T12:50:20","modified_gmt":"2026-03-21T12:50:20","slug":"hyperx-cloud-alpha-wireless-gaming-headset-fuer-pc-300-stunden-akkulaufzeit-dts-headphonex-spatial-audio-memory-schaumstoff-doppelkammertreiber-mikrofon-mit-geraeuschunterdrueckung-stabiler-a","status":"publish","type":"product","link":"https:\/\/anythingtechnicallc.com\/index.php\/de\/product\/hyperx-cloud-alpha-wireless-gaming-headset-fuer-pc-300-stunden-akkulaufzeit-dts-headphonex-spatial-audio-memory-schaumstoff-doppelkammertreiber-mikrofon-mit-geraeuschunterdrueckung-stabiler-a\/","title":{"rendered":"HyperX Cloud Alpha Wireless &#8211; Gaming-Headset f\u00fcr PC, 300 Stunden Akkulaufzeit, DTS Headphone:X Spatial Audio, Memory-Schaumstoff, Doppelkammertreiber, Mikrofon mit Ger\u00e4uschunterdr\u00fcckung, stabiler Aluminiumrahmen, Rot"},"content":{"rendered":"<div id=\"btf_arenas\" class=\"celwidget\" data-feature-name=\"btf_arenas\" data-csa-c-type=\"widget\" data-csa-c-content-id=\"btf_arenas\" data-csa-c-slot-id=\"btf_arenas\" data-csa-c-asin=\"\" data-csa-c-is-in-initial-active-row=\"false\" data-cel-widget=\"btf_arenas\" data-csa-c-id=\"xr1cy8-2mwv4i-smhplf-4rkmpq\">\n<div id=\"productDescription_feature_div\" class=\"celwidget pd_rd_w-rD0WW pd_rd_r-WSW72J6HHQ8JA6TZZH7Y pd_rd_wg-cLnJt\" data-feature-name=\"productDescription\" data-csa-c-type=\"widget\" data-csa-c-content-id=\"productDescription\" data-csa-c-slot-id=\"productDescription_feature_div\" data-csa-c-asin=\"\" data-csa-c-is-in-initial-active-row=\"false\" data-cel-widget=\"productDescription_feature_div\" data-csa-c-id=\"1l72z5-f5t5bc-gqtvc1-g7u274\">\n<div>\n<div id=\"productDescription_feature_div\" class=\"a-row feature\" data-feature-name=\"productDescription\" data-template-name=\"productDescription\" data-cel-widget=\"productDescription_feature_div\">\n<div id=\"productDescription\" class=\"a-section a-spacing-small\">\n<p>Mit einer Akkulaufzeit von 300* Stunden k\u00f6nnen Sie \u00fcber eine Woche lang spielen, ohne dass der Akku leer wird. Spielen Sie mehrere Spielkampagnen, ohne den Akku aufladen zu m\u00fcssen, und genie\u00dfen Sie jede Minute mit dem komfortablen HyperX Memory Foam und den atmungsaktiven Kunstleder-Ohrpolstern des Cloud Alpha Wireless. Die HyperX Dual Chamber Drivers sorgen f\u00fcr einen unglaublich klaren Klang, denn das Zweikammersystem trennt die Mitten und H\u00f6hen von den bassigen Tiefen. In Kombination mit DTS\u00ae Headphone:X\u00ae Spatial Audio, das eine pr\u00e4zise Klanglokalisierung und immersiven Surround-Sound bietet, k\u00f6nnen Sie in Ihre Lieblings-Fantasiespielwelten eintauchen oder sich ganz auf den Wettbewerb konzentrieren. \u00dcberpr\u00fcfen Sie die Akkulaufzeit, stellen Sie den Equalizer ein und greifen Sie auf weitere Anpassungsoptionen \u00fcber die benutzerfreundliche HyperX NGENUITY Software zu. *Getestet bei 50% Kopfh\u00f6rerlautst\u00e4rke. Die Akkulaufzeit variiert je nach Nutzung.<\/p>\n<\/div>\n<\/div>\n<\/div>\n<\/div>\n<div id=\"renewedProgramDescriptionBtf_feature_div\" class=\"celwidget pd_rd_w-zUjIz pd_rd_r-WSW72J6HHQ8JA6TZZH7Y pd_rd_wg-cLnJt\" data-feature-name=\"renewedProgramDescriptionBtf\" data-csa-c-type=\"widget\" data-csa-c-content-id=\"renewedProgramDescriptionBtf\" data-csa-c-slot-id=\"renewedProgramDescriptionBtf_feature_div\" data-csa-c-asin=\"\" data-csa-c-is-in-initial-active-row=\"false\" data-cel-widget=\"renewedProgramDescriptionBtf_feature_div\" data-csa-c-id=\"ju067z-18dsdu-lpgzqf-18cq5h\"><\/div>\n<\/div>\n<div id=\"postPurchaseSideSheet_MP_feature_div\" class=\"celwidget\" data-feature-name=\"postPurchaseSideSheet_MP\" data-csa-c-type=\"widget\" data-csa-c-content-id=\"postPurchaseSideSheet_MP\" data-csa-c-slot-id=\"postPurchaseSideSheet_MP_feature_div\" data-csa-c-asin=\"\" data-csa-c-is-in-initial-active-row=\"false\" data-cel-widget=\"postPurchaseSideSheet_MP_feature_div\" data-csa-c-id=\"7wtf0k-ufrsch-mxc88q-p7al9w\"><\/div>\n<div id=\"HLCXComparisonWidget_after_ask-dp-search-3-T2\" class=\"celwidget\" data-feature-name=\"HLCXComparisonWidget_after_ask-dp-search-3-T2\" data-csa-c-type=\"widget\" data-csa-c-content-id=\"HLCXComparisonWidget_after_ask-dp-search-3-T2\" data-csa-c-slot-id=\"HLCXComparisonWidget_after_ask-dp-search-3-T2\" data-csa-c-asin=\"\" data-csa-c-is-in-initial-active-row=\"false\" data-cel-widget=\"HLCXComparisonWidget_after_ask-dp-search-3-T2\" data-csa-c-id=\"psah5k-gqfloq-j39d4o-jccsjr\">\n<div id=\"sims-comparisonContainer_feature_div_11\" class=\"celwidget\" data-feature-name=\"sims-comparisonContainer\" data-csa-c-type=\"widget\" data-csa-c-content-id=\"sims-comparisonContainer\" data-csa-c-slot-id=\"sims-comparisonContainer_feature_div_11\" data-csa-c-asin=\"\" data-csa-c-is-in-initial-active-row=\"false\" data-cel-widget=\"sims-comparisonContainer_feature_div_11\" data-csa-c-id=\"bt7fbt-wblwe0-f5m40i-g6vtv7\"><\/div>\n<\/div>\n<div id=\"sims-discoveryAndInspiration_feature_div_01\" class=\"celwidget\" data-feature-name=\"sims-discoveryAndInspiration\" data-csa-c-type=\"widget\" data-csa-c-content-id=\"sims-discoveryAndInspiration\" data-csa-c-slot-id=\"sims-discoveryAndInspiration_feature_div_01\" data-csa-c-asin=\"\" data-csa-c-is-in-initial-active-row=\"false\" data-cel-widget=\"sims-discoveryAndInspiration_feature_div_01\" data-csa-c-id=\"hi29gn-ctljmw-ihqe20-5trvv0\">\n<div class=\"celwidget pd_rd_w-52xCN content-id-amzn1.sym.ccb770a9-35d1-4af6-8af2-bcbd12656fbb pf_rd_p-ccb770a9-35d1-4af6-8af2-bcbd12656fbb pf_rd_r-WSW72J6HHQ8JA6TZZH7Y pd_rd_wg-DObjp pd_rd_r-fc92ffc8-1b5e-4e10-b11f-5a40cfef8a77 c-f\" data-csa-op-log-render=\"\" data-csa-c-content-id=\"amzn1.sym.ccb770a9-35d1-4af6-8af2-bcbd12656fbb\" data-csa-c-slot-id=\"discovery-and-inspiration-container-1\" data-csa-c-type=\"widget\" data-csa-c-painter=\"multi-brand-video-desktop-cards\" data-cel-widget=\"multi-brand-video-desktop_DetailPage_0\" data-csa-c-id=\"q5b9wu-7rbmu6-ykelqk-vk0e9b\">\n<div id=\"CardInstancejpbKc4NBORLhXwFySqPCZQ\" class=\"_multi-brand-video-desktop_style_mbvContainer__2A_sC _multi-brand-video-desktop_MultiBrandVideoDesktop_mbv__R7us8\" data-props=\"{&quot;clientId&quot;:&quot;1320502-2163314-3191841&quot;,&quot;language&quot;:&quot;en-US&quot;,&quot;marketplaceId&quot;:&quot;ATVPDKIKX0DER&quot;,&quot;pageType&quot;:&quot;Detail&quot;,&quot;pageNumber&quot;:&quot;&quot;,&quot;weblabs&quot;:&quot;ADPT_SBV_1041956:T1,ADPT_SBV_DELAY_PLAYBACK_UNTIL_READY_1248744:C,ALF_SUSHI_CLIENT_GATE_1299748:C,MBV_394048:T6,SBV_642751:T1,SBV_672322:T1,SBV_708584:C,SBV_814590:C,SBV_836067:T1,SBV_842986:C&quot;,&quot;widgetGroupId&quot;:&quot;desktop-dp-sims&quot;,&quot;requestId&quot;:&quot;WSW72J6HHQ8JA6TZZH7Y&quot;,&quot;searchQuery&quot;:&quot;&quot;,&quot;widgetType&quot;:&quot;multi-brand-video&quot;,&quot;experience&quot;:&quot;Default&quot;,&quot;experienceVariation&quot;:&quot;Default&quot;,&quot;widgetIndex&quot;:&quot;&quot;}\" data-card-metrics-id=\"multi-brand-video-desktop_DetailPage_0\" data-mix-claimed=\"true\">\n<div class=\"a-section _multi-brand-video-desktop_MultiBrandVideoDesktop_desktopMbv__3t-V1\">\n<div class=\"a-begin a-carousel-container a-carousel-display-stretchyGoodness a-carousel-transition-slide _multi-brand-video-desktop_Carousel_carouselContainer__9vpf5 undefined a-carousel-initialized\" role=\"group\" data-a-carousel-options=\"{&quot;hide_off_screen&quot;:true,&quot;minimum_gutter_width&quot;:18,&quot;name&quot;:&quot;mbv-carousel&quot;,&quot;set_size&quot;:5,&quot;single_page_align&quot;:&quot;left&quot;,&quot;circular&quot;:false}\" aria-roledescription=\"carousel\">\n<div class=\"a-row a-carousel-header-row a-size-medium _multi-brand-video-desktop_Carousel_carouselHeading__l5qNS undefined\"><\/div>\n<\/div>\n<\/div>\n<\/div>\n<\/div>\n<\/div>\n","protected":false},"excerpt":{"rendered":"<ul class=\"a-unordered-list a-vertical a-spacing-mini\">\n<li class=\"a-spacing-mini\"><span class=\"a-list-item\">HyperX-typischer Komfort: Dieses leichte, bequeme Headset mit dem charakteristischen HyperX Memory Foam und atmungsaktivem Kunstleder hilft Ihnen, sich auch bei Marathon-Gaming-Sessions zu konzentrieren.<\/span><\/li>\n<li class=\"a-spacing-mini\"><span class=\"a-list-item\">HyperX Zweikammer-Treiber: Das bahnbrechende Zweikammer-Treibersystem des Cloud Alpha Wireless stimmt die Mitten und H\u00f6hen getrennt von den basslastigen B\u00e4ssen ab, um einen unglaublich klaren Klang zu liefern. Abnehmbares Mikrofon mit Ger\u00e4uschunterdr\u00fcckung und Multiplattform-Kompatibilit\u00e4t.<\/span><\/li>\n<li class=\"a-spacing-mini\"><span class=\"a-list-item\">DTS Headphone:X Spatial Audio: DTS Spatial Audio sorgt mit seiner pr\u00e4zisen Klanglokalisierung und der virtuellen 3D-Klangb\u00fchne f\u00fcr ein noch besseres Klangerlebnis und mehr Immersion.<\/span><\/li>\n<li class=\"a-spacing-mini\"><span class=\"a-list-item\">Langlebiger Aluminiumrahmen: Der robuste Aluminiumrahmen sorgt daf\u00fcr, dass Ihr Headset lange durchh\u00e4lt &#8211; Spiel f\u00fcr Spiel, Woche f\u00fcr Woche, Jahr f\u00fcr Jahr. Frequenzgang: 15 Hz &#8211; 21 kHz. <\/span><\/li>\n<li class=\"a-spacing-mini\"><span class=\"a-list-item\">Bis zu 300 Stunden kabelloses Spielen: Spielen Sie mit dem Wissen, dass Sie mit einer einzigen Ladung wochenlang spielen k\u00f6nnen. Die schnelle 2,4 GHz-Verbindung sorgt f\u00fcr kabellose Freiheit ohne Einbu\u00dfen bei der Audioqualit\u00e4t.<\/span><\/li>\n<\/ul>\n","protected":false},"featured_media":9563,"comment_status":"open","ping_status":"closed","template":"","meta":{"_et_pb_use_builder":"","_et_pb_old_content":"","_et_gb_content_width":""},"product_brand":[2176],"product_cat":[1578],"product_tag":[],"class_list":{"0":"post-9564","1":"product","2":"type-product","3":"status-publish","4":"has-post-thumbnail","6":"product_brand-hyperx","7":"product_cat-headset","9":"first","10":"instock","11":"sale","12":"taxable","13":"shipping-taxable","14":"purchasable","15":"product-type-simple"},"exclude_global_add_ons":[],"addons":[],"jetpack-related-posts":[{"id":9588,"url":"https:\/\/anythingtechnicallc.com\/index.php\/de\/product\/hyperx-cloud-iii-s-kabelloses-gaming-headset-fuer-mehrere-plattformen-2-4ghz-bluetooth-akkulaufzeit-bis-zu-120-stunden-2-4ghz-200-stunden-bluetooth-53mm-abgewinkelte-treiber-abnehmbares-mikro\/","url_meta":{"origin":9564,"position":0},"title":"HyperX Cloud III S &#8211; Kabelloses Gaming-Headset f\u00fcr mehrere Plattformen, 2.4GHz, Bluetooth, Akkulaufzeit bis zu 120 Stunden 2.4GHz \/ 200 Stunden Bluetooth, 53mm abgewinkelte Treiber, abnehmbares Mikrofon &#8211; Schwarz","date":"March 21, 2026","format":false,"excerpt":"Bis zu 120 Stunden Spielzeit im 2.4GHz-Modus. Erweitern Sie die Grenzen mit bis zu 200 Stunden im Bluetooth-Modus. Die abgewinkelten 53-mm-Treiber wurden von den HyperX-Audioingenieuren so abgestimmt, dass sie ein optimales H\u00f6rerlebnis bieten, das die dynamischen Kl\u00e4nge des Spiels unterstreicht. Der f\u00fcr HyperX charakteristische Memory-Schaumstoff im Kopfb\u00fcgel und die mit\u2026","rel":"","context":"Similar post","img":{"alt_text":"","src":"https:\/\/i0.wp.com\/anythingtechnicallc.com\/wp-content\/uploads\/2025\/10\/HyperX-Cloud-III-S-Black.jpg?fit=1200%2C1121&ssl=1&resize=350%2C200","width":350,"height":200},"classes":[]},{"id":9570,"url":"https:\/\/anythingtechnicallc.com\/index.php\/de\/product\/hyperx-cloud-iii-kabelgebundenes-gaming-headset-pc-ps5-xbox-serie-xs-abgewinkelte-53mm-treiber-dts-spatial-audio-memory-foam-stabiler-rahmen-ultraklares-10mm-mikrofon-usb-c-usb-a-3-5mm-2\/","url_meta":{"origin":9564,"position":1},"title":"HyperX Cloud III &#8211; Kabelgebundenes Gaming-Headset, PC, PS5, Xbox Serie X|S, abgewinkelte 53mm Treiber, DTS Spatial Audio, Memory Foam, stabiler Rahmen, ultraklares 10mm Mikrofon, USB-C, USB-A, 3.5mm &#8211; Schwarz","date":"March 21, 2026","format":false,"excerpt":"Komfort ist K\u00f6nig: Komfort liegt in der DNA des Cloud III. Gebaut f\u00fcr Gamer, die nicht wollen, dass ein unbequemes Headset den Fluss ihrer Full-Combo ruiniert, ihren Speedrun unterbricht oder sie aus der Zone wirft. Audio f\u00fcr Ihre Unterhaltung abgestimmt: Die angewinkelten 53-mm-Treiber wurden von den HyperX-Audioingenieuren so abgestimmt, dass\u2026","rel":"","context":"Similar post","img":{"alt_text":"","src":"https:\/\/i0.wp.com\/anythingtechnicallc.com\/wp-content\/uploads\/2025\/10\/HyperX-Cloud-III-\u2013-Wired-Gaming-Headset-Black.jpg?fit=1117%2C1200&ssl=1&resize=350%2C200","width":350,"height":200},"classes":[]},{"id":9567,"url":"https:\/\/anythingtechnicallc.com\/index.php\/de\/product\/hyperx-cloud-iii-kabelgebundenes-gaming-headset-pc-ps5-xbox-serie-xs-abgewinkelte-53mm-treiber-dts-spatial-audio-memory-foam-stabiler-rahmen-ultraklares-10mm-mikrofon-usb-c-usb-a-3-5mm\/","url_meta":{"origin":9564,"position":2},"title":"HyperX Cloud III &#8211; Kabelgebundenes Gaming-Headset, PC, PS5, Xbox Serie X|S, abgewinkelte 53mm Treiber, DTS Spatial Audio, Memory Foam, stabiler Rahmen, ultraklares 10mm Mikrofon, USB-C, USB-A, 3.5mm &#8211; Schwarz\/Rot","date":"March 21, 2026","format":false,"excerpt":"Komfort ist K\u00f6nig: Komfort liegt in der DNA des Cloud III. Gebaut f\u00fcr Gamer, die nicht wollen, dass ein unbequemes Headset den Fluss ihrer Full-Combo ruiniert, ihren Speedrun unterbricht oder sie aus der Zone wirft. Audio f\u00fcr Ihre Unterhaltung abgestimmt: Die angewinkelten 53-mm-Treiber wurden von den HyperX-Audioingenieuren so abgestimmt, dass\u2026","rel":"","context":"Similar post","img":{"alt_text":"","src":"https:\/\/i0.wp.com\/anythingtechnicallc.com\/wp-content\/uploads\/2025\/10\/HyperX-Cloud-III-\u2013-Wired-Gaming-Headset.jpg?fit=1131%2C1200&ssl=1&resize=350%2C200","width":350,"height":200},"classes":[]},{"id":9576,"url":"https:\/\/anythingtechnicallc.com\/index.php\/de\/product\/hyperx-cloud-iii-kabelgebundenes-gaming-headset-pc-ps5-xbox-serie-xs-abgewinkelte-53mm-treiber-dts-memory-foam-stabiler-rahmen-ultraklares-10mm-mikrofon-usb-c-usb-a-3-5mm-pink\/","url_meta":{"origin":9564,"position":3},"title":"HyperX Cloud III &#8211; Kabelgebundenes Gaming-Headset, PC, PS5, Xbox Serie X|S, abgewinkelte 53mm Treiber, DTS, Memory Foam, stabiler Rahmen, ultraklares 10mm Mikrofon, USB-C, USB-A, 3.5mm &#8211; Pink","date":"March 21, 2026","format":false,"excerpt":"Komfort ist K\u00f6nig: Komfort liegt in der DNA des Cloud III. Gebaut f\u00fcr Gamer, die nicht wollen, dass ein unbequemes Headset den Fluss ihrer Full-Combo ruiniert, ihren Speedrun unterbricht oder sie aus der Zone wirft. Audio f\u00fcr Ihre Unterhaltung abgestimmt: Die angewinkelten 53-mm-Treiber wurden von den HyperX-Audioingenieuren so abgestimmt, dass\u2026","rel":"","context":"Similar post","img":{"alt_text":"","src":"https:\/\/i0.wp.com\/anythingtechnicallc.com\/wp-content\/uploads\/2025\/10\/HyperX-Cloud-III-Pink.jpg?fit=1200%2C1200&ssl=1&resize=350%2C200","width":350,"height":200},"classes":[]},{"id":9561,"url":"https:\/\/anythingtechnicallc.com\/index.php\/de\/product\/hyperx-cloud-alpha-gaming-headset-dual-chamber-drivers-legendaerer-komfort-aluminiumrahmen-abnehmbares-mikrofon-funktioniert-auf-pc-ps4-ps5-xbox-one-series-xs-nintendo-switch-und-handy\/","url_meta":{"origin":9564,"position":4},"title":"HyperX Cloud Alpha &#8211; Gaming Headset, Dual Chamber Drivers, legend\u00e4rer Komfort, Aluminiumrahmen, abnehmbares Mikrofon, funktioniert auf PC, PS4, PS5, Xbox One\/ Series X|S, Nintendo Switch und Handy &#8211; Rot","date":"March 21, 2026","format":false,"excerpt":"Das bahnbrechende Dual Chamber Drivers Design des HyperXTM Cloud Alpha verleiht dem Klang mehr Differenzierung und Klarheit, indem es Verzerrungen reduziert. Die beiden Kammern trennen die B\u00e4sse und sorgen so f\u00fcr einen klareren, sanfteren Klang. Das Cloud Alpha ist mit rotem Premium-Memory-Schaumstoff, einem erweiterten Kopfband und weicherem, biegsamem Kunstleder, einem\u2026","rel":"","context":"Similar post","img":{"alt_text":"","src":"https:\/\/i0.wp.com\/anythingtechnicallc.com\/wp-content\/uploads\/2025\/10\/HyperX-Cloud-Alpha-Gaming-Headset.jpg?fit=1200%2C1200&ssl=1&resize=350%2C200","width":350,"height":200},"classes":[]},{"id":9683,"url":"https:\/\/anythingtechnicallc.com\/index.php\/de\/product\/bose-quietcomfort-ultra-wireless-noise-cancelling-headphones-mit-spatial-audio-over-the-ear-kopfhoerer-mit-mikrofon-bis-zu-24-stunden-akkulaufzeit-white-smoke-renewed\/","url_meta":{"origin":9564,"position":5},"title":"Bose QuietComfort Ultra Wireless Noise Cancelling Headphones mit Spatial Audio, Over-The-Ear-Kopfh\u00f6rer mit Mikrofon, bis zu 24 Stunden Akkulaufzeit, White Smoke (Renewed)","date":"March 24, 2026","format":false,"excerpt":"LEVELED-UP LISTENING: Die Bose QuietComfort Ultra Headphones mit Spatial Audio bieten Ihnen ein immersives Erlebnis, bei dem sich Musik noch realer anf\u00fchlt; die CustomTune Technologie bietet Ihnen einen personalisierten, auf Sie zugeschnittenen Klang. GER\u00c4USCHUNTERDR\u00dcCKUNG DER WELTKLASSE: Diese Kopfh\u00f6rer mit Ger\u00e4uschunterdr\u00fcckung verf\u00fcgen \u00fcber den Quiet Mode, den Aware Mode und den\u2026","rel":"","context":"Similar post","img":{"alt_text":"","src":"https:\/\/i0.wp.com\/anythingtechnicallc.com\/wp-content\/uploads\/2026\/01\/Bose-QuietComfort-Ultra-White-Smoke.jpg?fit=1200%2C1200&ssl=1&resize=350%2C200","width":350,"height":200},"classes":[]}],"pll_sync_post":[],"lang":"de","translations":{"de":9564,"en":8474},"_links":{"self":[{"href":"https:\/\/anythingtechnicallc.com\/index.php\/wp-json\/wp\/v2\/product\/9564","targetHints":{"allow":["GET"]}}],"collection":[{"href":"https:\/\/anythingtechnicallc.com\/index.php\/wp-json\/wp\/v2\/product"}],"about":[{"href":"https:\/\/anythingtechnicallc.com\/index.php\/wp-json\/wp\/v2\/types\/product"}],"replies":[{"embeddable":true,"href":"https:\/\/anythingtechnicallc.com\/index.php\/wp-json\/wp\/v2\/comments?post=9564"}],"wp:featuredmedia":[{"embeddable":true,"href":"https:\/\/anythingtechnicallc.com\/index.php\/wp-json\/wp\/v2\/media\/9563"}],"wp:attachment":[{"href":"https:\/\/anythingtechnicallc.com\/index.php\/wp-json\/wp\/v2\/media?parent=9564"}],"wp:term":[{"taxonomy":"product_brand","embeddable":true,"href":"https:\/\/anythingtechnicallc.com\/index.php\/wp-json\/wp\/v2\/product_brand?post=9564"},{"taxonomy":"product_cat","embeddable":true,"href":"https:\/\/anythingtechnicallc.com\/index.php\/wp-json\/wp\/v2\/product_cat?post=9564"},{"taxonomy":"product_tag","embeddable":true,"href":"https:\/\/anythingtechnicallc.com\/index.php\/wp-json\/wp\/v2\/product_tag?post=9564"}],"curies":[{"name":"wp","href":"https:\/\/api.w.org\/{rel}","templated":true}]}}