{"id":9570,"date":"2026-03-21T12:51:29","date_gmt":"2026-03-21T12:51:29","guid":{"rendered":"https:\/\/anythingtechnicallc.com\/?post_type=product&#038;p=9570"},"modified":"2026-03-21T12:51:30","modified_gmt":"2026-03-21T12:51:30","slug":"hyperx-cloud-iii-kabelgebundenes-gaming-headset-pc-ps5-xbox-serie-xs-abgewinkelte-53mm-treiber-dts-spatial-audio-memory-foam-stabiler-rahmen-ultraklares-10mm-mikrofon-usb-c-usb-a-3-5mm-2","status":"publish","type":"product","link":"https:\/\/anythingtechnicallc.com\/index.php\/de\/product\/hyperx-cloud-iii-kabelgebundenes-gaming-headset-pc-ps5-xbox-serie-xs-abgewinkelte-53mm-treiber-dts-spatial-audio-memory-foam-stabiler-rahmen-ultraklares-10mm-mikrofon-usb-c-usb-a-3-5mm-2\/","title":{"rendered":"HyperX Cloud III &#8211; Kabelgebundenes Gaming-Headset, PC, PS5, Xbox Serie X|S, abgewinkelte 53mm Treiber, DTS Spatial Audio, Memory Foam, stabiler Rahmen, ultraklares 10mm Mikrofon, USB-C, USB-A, 3.5mm &#8211; Schwarz"},"content":{"rendered":"<div id=\"btf_arenas\" class=\"celwidget\" data-feature-name=\"btf_arenas\" data-csa-c-type=\"widget\" data-csa-c-content-id=\"btf_arenas\" data-csa-c-slot-id=\"btf_arenas\" data-csa-c-asin=\"\" data-csa-c-is-in-initial-active-row=\"false\" data-csa-c-id=\"lkc0bt-nv4vix-4towlx-ndikm0\" data-cel-widget=\"btf_arenas\">\n<div id=\"productDescription_feature_div\" class=\"celwidget pd_rd_w-nAQfE pd_rd_r-FDYSZ0YG0E4D2BGSMK6X pd_rd_wg-frfyC\" data-feature-name=\"productDescription\" data-csa-c-type=\"widget\" data-csa-c-content-id=\"productDescription\" data-csa-c-slot-id=\"productDescription_feature_div\" data-csa-c-asin=\"\" data-csa-c-is-in-initial-active-row=\"false\" data-csa-c-id=\"2gkm5f-xfkoec-tw3l87-21vopk\" data-cel-widget=\"productDescription_feature_div\">\n<div>\n<div id=\"productDescription_feature_div\" class=\"a-row feature\" data-feature-name=\"productDescription\" data-template-name=\"productDescription\" data-cel-widget=\"productDescription_feature_div\">\n<div id=\"productDescription\" class=\"a-section a-spacing-small\">\n<p>Das HyperX Cloud III ist eine Weiterentwicklung unseres legend\u00e4ren Cloud II, das f\u00fcr seinen Komfort, seine Klangqualit\u00e4t und seine Haltbarkeit bekannt ist. Mit dem f\u00fcr HyperX charakteristischen Memory-Schaumstoff im Kopfband und in den Ohrpolstern bietet er einen bequemen Sitz, der perfekt f\u00fcr lange Gaming-Sessions ist. Au\u00dferdem verf\u00fcgt es \u00fcber neue, neu abgestimmte 53-mm-Treiber, die f\u00fcr ein optimales H\u00f6rerlebnis angewinkelt sind. Das verbesserte 10-mm-Mikrofon sorgt f\u00fcr kristallklare Sprachchats und Anrufe im Spiel. Mit den einfachen Bedienelementen an der Headset-H\u00f6rmuschel k\u00f6nnen Sie Ihr Mikrofon schnell und direkt stummschalten oder die Lautst\u00e4rke anpassen. Die LED-Mikrofonstummschaltung zeigt deutlich an, wenn Sie stummgeschaltet sind. Kompatibel mit PC, PS5, Xbox Series X|S, Xbox One, Nintendo Switch, Mac und Mobilger\u00e4ten. Erleben Sie ultimativen Komfort und Klang auf Ihren Lieblingsplattformen.<\/p>\n<\/div>\n<\/div>\n<\/div>\n<\/div>\n<div id=\"renewedProgramDescriptionBtf_feature_div\" class=\"celwidget pd_rd_w-YLdZy pd_rd_r-FDYSZ0YG0E4D2BGSMK6X pd_rd_wg-frfyC\" data-feature-name=\"renewedProgramDescriptionBtf\" data-csa-c-type=\"widget\" data-csa-c-content-id=\"renewedProgramDescriptionBtf\" data-csa-c-slot-id=\"renewedProgramDescriptionBtf_feature_div\" data-csa-c-asin=\"\" data-csa-c-is-in-initial-active-row=\"false\" data-csa-c-id=\"2wfvij-ra5n85-2abnpc-379879\" data-cel-widget=\"renewedProgramDescriptionBtf_feature_div\"><\/div>\n<div id=\"aplusSustainabilityStory_feature_div\" class=\"celwidget pd_rd_w-KJmGX pd_rd_r-FDYSZ0YG0E4D2BGSMK6X pd_rd_wg-frfyC\" data-feature-name=\"aplusSustainabilityStory\" data-csa-c-type=\"widget\" data-csa-c-content-id=\"aplusSustainabilityStory\" data-csa-c-slot-id=\"aplusSustainabilityStory_feature_div\" data-csa-c-asin=\"\" data-csa-c-is-in-initial-active-row=\"false\" data-csa-c-id=\"yyla86-2o27lm-hkixlf-8ugcpe\" data-cel-widget=\"aplusSustainabilityStory_feature_div\"><\/div>\n<div id=\"promotions_feature_div\" class=\"celwidget pd_rd_w-YbV83 pd_rd_r-FDYSZ0YG0E4D2BGSMK6X pd_rd_wg-frfyC\" data-feature-name=\"promotions\" data-csa-c-type=\"widget\" data-csa-c-content-id=\"promotions\" data-csa-c-slot-id=\"promotions_feature_div\" data-csa-c-asin=\"\" data-csa-c-is-in-initial-active-row=\"false\" data-csa-c-id=\"1wc9mb-2biw4i-8dcf2-3jd8mv\" data-cel-widget=\"promotions_feature_div\"><\/div>\n<\/div>\n<div id=\"postPurchaseSideSheet_MP_feature_div\" class=\"celwidget\" data-feature-name=\"postPurchaseSideSheet_MP\" data-csa-c-type=\"widget\" data-csa-c-content-id=\"postPurchaseSideSheet_MP\" data-csa-c-slot-id=\"postPurchaseSideSheet_MP_feature_div\" data-csa-c-asin=\"\" data-csa-c-is-in-initial-active-row=\"false\" data-csa-c-id=\"wuxwy4-gjyu0v-qcdeso-k6bkgt\" data-cel-widget=\"postPurchaseSideSheet_MP_feature_div\"><\/div>\n<div id=\"HLCXComparisonWidget_after_ask-dp-search-3-T2\" class=\"celwidget\" data-feature-name=\"HLCXComparisonWidget_after_ask-dp-search-3-T2\" data-csa-c-type=\"widget\" data-csa-c-content-id=\"HLCXComparisonWidget_after_ask-dp-search-3-T2\" data-csa-c-slot-id=\"HLCXComparisonWidget_after_ask-dp-search-3-T2\" data-csa-c-asin=\"\" data-csa-c-is-in-initial-active-row=\"false\" data-csa-c-id=\"wf08na-wdll03-bueiqd-z8vx6l\" data-cel-widget=\"HLCXComparisonWidget_after_ask-dp-search-3-T2\">\n<div id=\"sims-comparisonContainer_feature_div_11\" class=\"celwidget\" data-feature-name=\"sims-comparisonContainer\" data-csa-c-type=\"widget\" data-csa-c-content-id=\"sims-comparisonContainer\" data-csa-c-slot-id=\"sims-comparisonContainer_feature_div_11\" data-csa-c-asin=\"\" data-csa-c-is-in-initial-active-row=\"false\" data-csa-c-id=\"q55a8m-l3e1ng-fm2euk-mqjvwr\" data-cel-widget=\"sims-comparisonContainer_feature_div_11\"><\/div>\n<\/div>\n<div id=\"sims-discoveryAndInspiration_feature_div_01\" class=\"celwidget\" data-feature-name=\"sims-discoveryAndInspiration\" data-csa-c-type=\"widget\" data-csa-c-content-id=\"sims-discoveryAndInspiration\" data-csa-c-slot-id=\"sims-discoveryAndInspiration_feature_div_01\" data-csa-c-asin=\"\" data-csa-c-is-in-initial-active-row=\"false\" data-csa-c-id=\"6qitr0-4urvzn-ef4fpm-p6aqkx\" data-cel-widget=\"sims-discoveryAndInspiration_feature_div_01\">\n<div class=\"celwidget pd_rd_w-i31CV content-id-amzn1.sym.ccb770a9-35d1-4af6-8af2-bcbd12656fbb pf_rd_p-ccb770a9-35d1-4af6-8af2-bcbd12656fbb pf_rd_r-FDYSZ0YG0E4D2BGSMK6X pd_rd_wg-Izx4l pd_rd_r-49a7f83e-7a9c-422b-b1ce-161d9fb24702 c-f\" data-csa-op-log-render=\"\" data-csa-c-content-id=\"amzn1.sym.ccb770a9-35d1-4af6-8af2-bcbd12656fbb\" data-csa-c-slot-id=\"discovery-and-inspiration-container-1\" data-csa-c-type=\"widget\" data-csa-c-painter=\"multi-brand-video-desktop-cards\" data-csa-c-id=\"e57pe0-j1t2nb-6r62w5-li9gys\" data-cel-widget=\"multi-brand-video-desktop_DetailPage_0\">\n<div id=\"CardInstance2e89MQ7jaGeNdIHYnGVgxQ\" class=\"_multi-brand-video-desktop_style_mbvContainer__2A_sC _multi-brand-video-desktop_MultiBrandVideoDesktop_mbv__R7us8\" data-props=\"{&quot;clientId&quot;:&quot;1691569-2933142-3102275&quot;,&quot;language&quot;:&quot;en-US&quot;,&quot;marketplaceId&quot;:&quot;ATVPDKIKX0DER&quot;,&quot;pageType&quot;:&quot;Detail&quot;,&quot;pageNumber&quot;:&quot;&quot;,&quot;weblabs&quot;:&quot;ADPT_SBV_1041956:T1,ADPT_SBV_DELAY_PLAYBACK_UNTIL_READY_1248744:C,ALF_SUSHI_CLIENT_GATE_1299748:C,MBV_394048:T6,SBV_642751:T1,SBV_672322:T1,SBV_708584:C,SBV_814590:C,SBV_836067:T1,SBV_842986:C&quot;,&quot;widgetGroupId&quot;:&quot;desktop-dp-sims&quot;,&quot;requestId&quot;:&quot;FDYSZ0YG0E4D2BGSMK6X&quot;,&quot;searchQuery&quot;:&quot;&quot;,&quot;widgetType&quot;:&quot;multi-brand-video&quot;,&quot;experience&quot;:&quot;Default&quot;,&quot;experienceVariation&quot;:&quot;Default&quot;,&quot;widgetIndex&quot;:&quot;&quot;}\" data-card-metrics-id=\"multi-brand-video-desktop_DetailPage_0\" data-mix-claimed=\"true\">\n<div class=\"a-section _multi-brand-video-desktop_MultiBrandVideoDesktop_desktopMbv__3t-V1\">\n<div class=\"a-begin a-carousel-container a-carousel-display-stretchyGoodness a-carousel-transition-slide _multi-brand-video-desktop_Carousel_carouselContainer__9vpf5 undefined a-carousel-initialized\" role=\"group\" data-a-carousel-options=\"{&quot;hide_off_screen&quot;:true,&quot;minimum_gutter_width&quot;:18,&quot;name&quot;:&quot;mbv-carousel&quot;,&quot;set_size&quot;:4,&quot;single_page_align&quot;:&quot;left&quot;,&quot;circular&quot;:false}\" aria-roledescription=\"carousel\">\n<div class=\"a-row a-carousel-header-row a-size-medium _multi-brand-video-desktop_Carousel_carouselHeading__l5qNS undefined\"><\/div>\n<\/div>\n<\/div>\n<\/div>\n<\/div>\n<\/div>\n","protected":false},"excerpt":{"rendered":"<ul class=\"a-unordered-list a-vertical a-spacing-mini\">\n<li class=\"a-spacing-mini\"><span class=\"a-list-item\">Komfort ist K\u00f6nig: Komfort liegt in der DNA des Cloud III. Gebaut f\u00fcr Gamer, die nicht wollen, dass ein unbequemes Headset den Fluss ihrer Full-Combo ruiniert, ihren Speedrun unterbricht oder sie aus der Zone wirft.<\/span><\/li>\n<li class=\"a-spacing-mini\"><span class=\"a-list-item\">Audio f\u00fcr Ihre Unterhaltung abgestimmt: Die angewinkelten 53-mm-Treiber wurden von den HyperX-Audioingenieuren so abgestimmt, dass sie ein optimales H\u00f6rerlebnis bieten, das die dynamischen Kl\u00e4nge des Spiels unterstreicht.<\/span><\/li>\n<li class=\"a-spacing-mini\"><span class=\"a-list-item\">Verbessertes Mikrofon f\u00fcr Klarheit und Genauigkeit: Hochwertige Audioaufnahmen f\u00fcr klare Voice-Chats und Anrufe. Das Mikrofon ist ger\u00e4uschunterdr\u00fcckend und verf\u00fcgt \u00fcber einen eingebauten Mesh-Filter, um st\u00f6rende Ger\u00e4usche auszublenden. Eine LED-Anzeige f\u00fcr die Stummschaltung des Mikrofons informiert Sie, wenn Sie stummgeschaltet sind.<\/span><\/li>\n<li class=\"a-spacing-mini\"><span class=\"a-list-item\">Langlebigkeit, f\u00fcr die h\u00e4rtesten K\u00e4mpfe: Das Headset ist flexibel und verf\u00fcgt \u00fcber einen Aluminiumrahmen, damit es Reisen, Unf\u00e4llen, Missgeschicken und Ihren &#8220;besonnenen&#8221; Reaktionen auf Verluste und Niederlagen standh\u00e4lt.<\/span><\/li>\n<li class=\"a-spacing-mini\"><span class=\"a-list-item\">DTS Headphone:X Spatial Audio: Die lebenslange Aktivierung von DTS Spatial Audio sorgt mit seiner pr\u00e4zisen Klanglokalisierung und der virtuellen 3D-Klangb\u00fchne daf\u00fcr, dass Sie noch besser in den Klang eintauchen k\u00f6nnen.<\/span><\/li>\n<\/ul>\n","protected":false},"featured_media":9569,"comment_status":"open","ping_status":"closed","template":"","meta":{"_et_pb_use_builder":"","_et_pb_old_content":"","_et_gb_content_width":""},"product_brand":[2176],"product_cat":[1578],"product_tag":[],"class_list":{"0":"post-9570","1":"product","2":"type-product","3":"status-publish","4":"has-post-thumbnail","6":"product_brand-hyperx","7":"product_cat-headset","9":"first","10":"instock","11":"sale","12":"taxable","13":"shipping-taxable","14":"purchasable","15":"product-type-simple"},"exclude_global_add_ons":[],"addons":[],"jetpack-related-posts":[{"id":9567,"url":"https:\/\/anythingtechnicallc.com\/index.php\/de\/product\/hyperx-cloud-iii-kabelgebundenes-gaming-headset-pc-ps5-xbox-serie-xs-abgewinkelte-53mm-treiber-dts-spatial-audio-memory-foam-stabiler-rahmen-ultraklares-10mm-mikrofon-usb-c-usb-a-3-5mm\/","url_meta":{"origin":9570,"position":0},"title":"HyperX Cloud III &#8211; Kabelgebundenes Gaming-Headset, PC, PS5, Xbox Serie X|S, abgewinkelte 53mm Treiber, DTS Spatial Audio, Memory Foam, stabiler Rahmen, ultraklares 10mm Mikrofon, USB-C, USB-A, 3.5mm &#8211; Schwarz\/Rot","date":"March 21, 2026","format":false,"excerpt":"Komfort ist K\u00f6nig: Komfort liegt in der DNA des Cloud III. Gebaut f\u00fcr Gamer, die nicht wollen, dass ein unbequemes Headset den Fluss ihrer Full-Combo ruiniert, ihren Speedrun unterbricht oder sie aus der Zone wirft. Audio f\u00fcr Ihre Unterhaltung abgestimmt: Die angewinkelten 53-mm-Treiber wurden von den HyperX-Audioingenieuren so abgestimmt, dass\u2026","rel":"","context":"Similar post","img":{"alt_text":"","src":"https:\/\/i0.wp.com\/anythingtechnicallc.com\/wp-content\/uploads\/2025\/10\/HyperX-Cloud-III-\u2013-Wired-Gaming-Headset.jpg?fit=1131%2C1200&ssl=1&resize=350%2C200","width":350,"height":200},"classes":[]},{"id":9576,"url":"https:\/\/anythingtechnicallc.com\/index.php\/de\/product\/hyperx-cloud-iii-kabelgebundenes-gaming-headset-pc-ps5-xbox-serie-xs-abgewinkelte-53mm-treiber-dts-memory-foam-stabiler-rahmen-ultraklares-10mm-mikrofon-usb-c-usb-a-3-5mm-pink\/","url_meta":{"origin":9570,"position":1},"title":"HyperX Cloud III &#8211; Kabelgebundenes Gaming-Headset, PC, PS5, Xbox Serie X|S, abgewinkelte 53mm Treiber, DTS, Memory Foam, stabiler Rahmen, ultraklares 10mm Mikrofon, USB-C, USB-A, 3.5mm &#8211; Pink","date":"March 21, 2026","format":false,"excerpt":"Komfort ist K\u00f6nig: Komfort liegt in der DNA des Cloud III. Gebaut f\u00fcr Gamer, die nicht wollen, dass ein unbequemes Headset den Fluss ihrer Full-Combo ruiniert, ihren Speedrun unterbricht oder sie aus der Zone wirft. Audio f\u00fcr Ihre Unterhaltung abgestimmt: Die angewinkelten 53-mm-Treiber wurden von den HyperX-Audioingenieuren so abgestimmt, dass\u2026","rel":"","context":"Similar post","img":{"alt_text":"","src":"https:\/\/i0.wp.com\/anythingtechnicallc.com\/wp-content\/uploads\/2025\/10\/HyperX-Cloud-III-Pink.jpg?fit=1200%2C1200&ssl=1&resize=350%2C200","width":350,"height":200},"classes":[]},{"id":9588,"url":"https:\/\/anythingtechnicallc.com\/index.php\/de\/product\/hyperx-cloud-iii-s-kabelloses-gaming-headset-fuer-mehrere-plattformen-2-4ghz-bluetooth-akkulaufzeit-bis-zu-120-stunden-2-4ghz-200-stunden-bluetooth-53mm-abgewinkelte-treiber-abnehmbares-mikro\/","url_meta":{"origin":9570,"position":2},"title":"HyperX Cloud III S &#8211; Kabelloses Gaming-Headset f\u00fcr mehrere Plattformen, 2.4GHz, Bluetooth, Akkulaufzeit bis zu 120 Stunden 2.4GHz \/ 200 Stunden Bluetooth, 53mm abgewinkelte Treiber, abnehmbares Mikrofon &#8211; Schwarz","date":"March 21, 2026","format":false,"excerpt":"Bis zu 120 Stunden Spielzeit im 2.4GHz-Modus. Erweitern Sie die Grenzen mit bis zu 200 Stunden im Bluetooth-Modus. Die abgewinkelten 53-mm-Treiber wurden von den HyperX-Audioingenieuren so abgestimmt, dass sie ein optimales H\u00f6rerlebnis bieten, das die dynamischen Kl\u00e4nge des Spiels unterstreicht. Der f\u00fcr HyperX charakteristische Memory-Schaumstoff im Kopfb\u00fcgel und die mit\u2026","rel":"","context":"Similar post","img":{"alt_text":"","src":"https:\/\/i0.wp.com\/anythingtechnicallc.com\/wp-content\/uploads\/2025\/10\/HyperX-Cloud-III-S-Black.jpg?fit=1200%2C1121&ssl=1&resize=350%2C200","width":350,"height":200},"classes":[]},{"id":9579,"url":"https:\/\/anythingtechnicallc.com\/index.php\/de\/product\/hyperx-cloud-ii-gaming-headset-7-1-virtual-surround-sound-memory-foam-ohrpolster-robuster-aluminiumrahmen-abnehmbares-mikrofon-kompatibel-mit-pc-ps5-ps4-weiss-pink\/","url_meta":{"origin":9570,"position":3},"title":"HyperX Cloud II &#8211; Gaming Headset, 7.1 Virtual Surround Sound, Memory Foam Ohrpolster, robuster Aluminiumrahmen, abnehmbares Mikrofon, kompatibel mit PC, PS5, PS4 &#8211; Wei\u00df\/Pink","date":"March 21, 2026","format":false,"excerpt":"Erweiterte Audio Control Box: Schalten Sie den 7.1 Surround Sound mit nur einem Tastendruck ein und aus. Mit unabh\u00e4ngigen Lautst\u00e4rkereglern f\u00fcr Audio und Mikrofon f\u00fcr zus\u00e4tzlichen Komfort. 7.1 Virtueller Surround-Sound: Erzeugen Sie ein virtuelles 7.1-Surround-Sound-Erlebnis, um Distanz und Tiefe zu erzeugen, die jedes Spiel-, Film- oder Musikerlebnis bereichern. \u00dcberragende Audioleistung:\u2026","rel":"","context":"Similar post","img":{"alt_text":"","src":"https:\/\/i0.wp.com\/anythingtechnicallc.com\/wp-content\/uploads\/2025\/10\/HyperX-Cloud-II-Gaming-Headset-White-Pink.jpg?fit=1054%2C1200&ssl=1&resize=350%2C200","width":350,"height":200},"classes":[]},{"id":9585,"url":"https:\/\/anythingtechnicallc.com\/index.php\/de\/product\/hyperx-hhss1c-kb-wt-g-cloud-stinger-core-kabelloses-gaming-headset-fuer-ps4-ps5-pc-leichtgewicht-robuste-stahlschieber-mikrofon-mit-geraeuschunterdrueckung-weiss\/","url_meta":{"origin":9570,"position":4},"title":"HyperX HHSS1C-KB-WT\/G Cloud Stinger Core &#8211; Kabelloses Gaming-Headset, f\u00fcr PS4, PS5, PC, Leichtgewicht, robuste Stahlschieber, Mikrofon mit Ger\u00e4uschunterdr\u00fcckung &#8211; Wei\u00df","date":"March 21, 2026","format":false,"excerpt":"Kabellose Gaming-Qualit\u00e4t: Dank der soliden kabellosen 2,4-GHz-Verbindung in Gaming-Qualit\u00e4t sind Sie frei von Kabeln. Leichter Komfort: Mit diesem leichten Headset und seinen weichen, atmungsaktiven Ohrpolstern k\u00f6nnen Sie l\u00e4nger spielen. Fesselnder Klang im Spiel: Die geschlossenen Ohrmuscheln schirmen Ablenkungen ab, w\u00e4hrend die 40-Millimeter-Treiber und der verst\u00e4rkte Bass daf\u00fcr sorgen, dass Sie\u2026","rel":"","context":"Similar post","img":{"alt_text":"","src":"https:\/\/i0.wp.com\/anythingtechnicallc.com\/wp-content\/uploads\/2025\/10\/HyperX-HHSS1C-KB-WT-Cloud-Stinger-Core-White.jpg?fit=1200%2C1062&ssl=1&resize=350%2C200","width":350,"height":200},"classes":[]},{"id":9564,"url":"https:\/\/anythingtechnicallc.com\/index.php\/de\/product\/hyperx-cloud-alpha-wireless-gaming-headset-fuer-pc-300-stunden-akkulaufzeit-dts-headphonex-spatial-audio-memory-schaumstoff-doppelkammertreiber-mikrofon-mit-geraeuschunterdrueckung-stabiler-a\/","url_meta":{"origin":9570,"position":5},"title":"HyperX Cloud Alpha Wireless &#8211; Gaming-Headset f\u00fcr PC, 300 Stunden Akkulaufzeit, DTS Headphone:X Spatial Audio, Memory-Schaumstoff, Doppelkammertreiber, Mikrofon mit Ger\u00e4uschunterdr\u00fcckung, stabiler Aluminiumrahmen, Rot","date":"March 21, 2026","format":false,"excerpt":"HyperX-typischer Komfort: Dieses leichte, bequeme Headset mit dem charakteristischen HyperX Memory Foam und atmungsaktivem Kunstleder hilft Ihnen, sich auch bei Marathon-Gaming-Sessions zu konzentrieren. HyperX Zweikammer-Treiber: Das bahnbrechende Zweikammer-Treibersystem des Cloud Alpha Wireless stimmt die Mitten und H\u00f6hen getrennt von den basslastigen B\u00e4ssen ab, um einen unglaublich klaren Klang zu liefern.\u2026","rel":"","context":"Similar post","img":{"alt_text":"","src":"https:\/\/i0.wp.com\/anythingtechnicallc.com\/wp-content\/uploads\/2025\/10\/HyperX-Cloud-Alpha-Wireless-Gaming-Headset.jpg?fit=1200%2C1169&ssl=1&resize=350%2C200","width":350,"height":200},"classes":[]}],"pll_sync_post":[],"lang":"de","translations":{"de":9570,"en":8477},"_links":{"self":[{"href":"https:\/\/anythingtechnicallc.com\/index.php\/wp-json\/wp\/v2\/product\/9570","targetHints":{"allow":["GET"]}}],"collection":[{"href":"https:\/\/anythingtechnicallc.com\/index.php\/wp-json\/wp\/v2\/product"}],"about":[{"href":"https:\/\/anythingtechnicallc.com\/index.php\/wp-json\/wp\/v2\/types\/product"}],"replies":[{"embeddable":true,"href":"https:\/\/anythingtechnicallc.com\/index.php\/wp-json\/wp\/v2\/comments?post=9570"}],"wp:featuredmedia":[{"embeddable":true,"href":"https:\/\/anythingtechnicallc.com\/index.php\/wp-json\/wp\/v2\/media\/9569"}],"wp:attachment":[{"href":"https:\/\/anythingtechnicallc.com\/index.php\/wp-json\/wp\/v2\/media?parent=9570"}],"wp:term":[{"taxonomy":"product_brand","embeddable":true,"href":"https:\/\/anythingtechnicallc.com\/index.php\/wp-json\/wp\/v2\/product_brand?post=9570"},{"taxonomy":"product_cat","embeddable":true,"href":"https:\/\/anythingtechnicallc.com\/index.php\/wp-json\/wp\/v2\/product_cat?post=9570"},{"taxonomy":"product_tag","embeddable":true,"href":"https:\/\/anythingtechnicallc.com\/index.php\/wp-json\/wp\/v2\/product_tag?post=9570"}],"curies":[{"name":"wp","href":"https:\/\/api.w.org\/{rel}","templated":true}]}}