{"id":9573,"date":"2026-03-21T12:51:54","date_gmt":"2026-03-21T12:51:54","guid":{"rendered":"https:\/\/anythingtechnicallc.com\/?post_type=product&#038;p=9573"},"modified":"2026-03-21T12:51:54","modified_gmt":"2026-03-21T12:51:54","slug":"hyperx-cloud-ii-gaming-headset-7-1-surround-sound-memory-foam-ear-pads-robuster-aluminiumrahmen-abnehmbares-mikrofon-kompatibel-mit-pc-ps5-ps4-xbox-series-xs-xbox-one-rot","status":"publish","type":"product","link":"https:\/\/anythingtechnicallc.com\/index.php\/de\/product\/hyperx-cloud-ii-gaming-headset-7-1-surround-sound-memory-foam-ear-pads-robuster-aluminiumrahmen-abnehmbares-mikrofon-kompatibel-mit-pc-ps5-ps4-xbox-series-xs-xbox-one-rot\/","title":{"rendered":"HyperX Cloud II &#8211; Gaming Headset, 7.1 Surround Sound, Memory Foam Ear Pads, robuster Aluminiumrahmen, abnehmbares Mikrofon, kompatibel mit PC, PS5, PS4, Xbox Series X|S, Xbox One &#8211; Rot"},"content":{"rendered":"<p>HyperX Cloud II verf\u00fcgt \u00fcber eine neu entwickelte USB-Soundkarte, die Audio und Stimme f\u00fcr ein optimales Hi-Fi-Gaming-Erlebnis verst\u00e4rkt, so dass Sie h\u00f6ren k\u00f6nnen, was Sie bisher verpasst haben. Er\u00f6ffnen Sie sich eine Welt voller Details, die andere Gamer nie erfahren werden &#8211; das Rascheln eines Camperstiefels, das Krabbeln in einem entfernten L\u00fcftungsschacht. Dieses Headset der n\u00e4chsten Generation erzeugt virtuellen 7.1-Surround-Sound mit Distanz und Tiefe, um Ihr Spiel-, Film- oder Musikerlebnis zu verbessern. USB-Surround-Soundkarte funktioniert nur auf PC, Mac und PS4<\/p>\n<p>Dieses Headset funktioniert mit der Xbox One mit Headset-Adapter von Microsoft.<\/p>\n","protected":false},"excerpt":{"rendered":"<ul class=\"a-unordered-list a-vertical a-spacing-mini\">\n<li class=\"a-spacing-mini\"><span class=\"a-list-item\">15-25kKhz Frequenzgang.Kopfh\u00f6rertyp:Over-Ear.Hinweis : Wenn die Gr\u00f6\u00dfe der Ohrst\u00f6psel nicht mit der Gr\u00f6\u00dfe Ihrer Geh\u00f6rg\u00e4nge \u00fcbereinstimmt oder das Headset nicht richtig in Ihren Ohren getragen wird, erhalten Sie m\u00f6glicherweise nicht die richtige Klangqualit\u00e4t oder Gespr\u00e4chsleistung. Tauschen Sie die Ohrst\u00f6psel gegen solche aus, die besser in Ihr Ohr passen. <\/span><\/li>\n<li class=\"a-spacing-mini\"><span class=\"a-list-item\">Entwickelt f\u00fcr Komfort: Au\u00dfergew\u00f6hnlich bequeme Ohrpolster aus Memory-Schaumstoff und ein gepolsterter Kunstleder-Kopfb\u00fcgel sorgen daf\u00fcr, dass Sie sich auf das Spielen konzentrieren k\u00f6nnen. <\/span><\/li>\n<li class=\"a-spacing-mini\"><span class=\"a-list-item\">Erstklassige Audioqualit\u00e4t: Gro\u00dfe 53-Millimeter-Treiber sorgen f\u00fcr hochwertige Audioqualit\u00e4t. H\u00f6ren Sie Details im Spiel besser und verschaffen Sie sich im Spiel einen Vorteil gegen\u00fcber Ihren Gegnern. <\/span><\/li>\n<li class=\"a-spacing-mini\"><span class=\"a-list-item\">7.1 virtueller Surround-Sound: Tauchen Sie mit hardwaregesteuertem virtuellem 7.1-Surround-Sound f\u00fcr pr\u00e4zisen Klang in Ihre Spiele ein. <\/span><\/li>\n<li class=\"a-spacing-mini\"><span class=\"a-list-item\">Passive Ger\u00e4uschunterdr\u00fcckung: Das geschlossene Design der Ohrmuscheln schirmt Ablenkungen von au\u00dfen ab, damit Sie sich ganz auf das Spiel konzentrieren k\u00f6nnen. <\/span><\/li>\n<li class=\"a-spacing-mini\"><span class=\"a-list-item\">F\u00fcr die Ewigkeit gebaut: Der solide, langlebige Aluminiumrahmen ist so gebaut, dass er den Belastungen des t\u00e4glichen Gebrauchs standh\u00e4lt. <\/span><\/li>\n<li class=\"a-spacing-mini\"><span class=\"a-list-item\">Abnehmbares Mikrofon mit Ger\u00e4uschunterdr\u00fcckung: TeamSpeak- und Discord-zertifiziert, damit Sie mit Ihren Freunden chatten k\u00f6nnen und Ihre Anrufe laut und deutlich geh\u00f6rt werden. <\/span><\/li>\n<\/ul>\n","protected":false},"featured_media":9572,"comment_status":"open","ping_status":"closed","template":"","meta":{"_et_pb_use_builder":"","_et_pb_old_content":"","_et_gb_content_width":""},"product_brand":[2176],"product_cat":[1578],"product_tag":[],"class_list":{"0":"post-9573","1":"product","2":"type-product","3":"status-publish","4":"has-post-thumbnail","6":"product_brand-hyperx","7":"product_cat-headset","9":"first","10":"instock","11":"sale","12":"taxable","13":"shipping-taxable","14":"purchasable","15":"product-type-simple"},"exclude_global_add_ons":[],"addons":[],"jetpack-related-posts":[{"id":9579,"url":"https:\/\/anythingtechnicallc.com\/index.php\/de\/product\/hyperx-cloud-ii-gaming-headset-7-1-virtual-surround-sound-memory-foam-ohrpolster-robuster-aluminiumrahmen-abnehmbares-mikrofon-kompatibel-mit-pc-ps5-ps4-weiss-pink\/","url_meta":{"origin":9573,"position":0},"title":"HyperX Cloud II &#8211; Gaming Headset, 7.1 Virtual Surround Sound, Memory Foam Ohrpolster, robuster Aluminiumrahmen, abnehmbares Mikrofon, kompatibel mit PC, PS5, PS4 &#8211; Wei\u00df\/Pink","date":"March 21, 2026","format":false,"excerpt":"Erweiterte Audio Control Box: Schalten Sie den 7.1 Surround Sound mit nur einem Tastendruck ein und aus. Mit unabh\u00e4ngigen Lautst\u00e4rkereglern f\u00fcr Audio und Mikrofon f\u00fcr zus\u00e4tzlichen Komfort. 7.1 Virtueller Surround-Sound: Erzeugen Sie ein virtuelles 7.1-Surround-Sound-Erlebnis, um Distanz und Tiefe zu erzeugen, die jedes Spiel-, Film- oder Musikerlebnis bereichern. \u00dcberragende Audioleistung:\u2026","rel":"","context":"Similar post","img":{"alt_text":"","src":"https:\/\/i0.wp.com\/anythingtechnicallc.com\/wp-content\/uploads\/2025\/10\/HyperX-Cloud-II-Gaming-Headset-White-Pink.jpg?fit=1054%2C1200&ssl=1&resize=350%2C200","width":350,"height":200},"classes":[]},{"id":8895,"url":"https:\/\/anythingtechnicallc.com\/index.php\/de\/product\/razer-blackshark-v2-x-gaming-headset-7-1-surround-sound-50mm-treiber-memory-foam-cushion-fuer-pc-ps4-ps5-switch-xbox-one-xbox-series-xs-mobile-3-5mm-audio-jack-classic-black\/","url_meta":{"origin":9573,"position":1},"title":"Razer BlackShark V2 X Gaming Headset: 7.1 Surround Sound &#8211; 50mm Treiber &#8211; Memory Foam Cushion &#8211; f\u00fcr PC, PS4, PS5, Switch, Xbox One, Xbox Series X|S, Mobile &#8211; 3.5mm Audio Jack &#8211; Classic Black","date":"March 18, 2026","format":false,"excerpt":"Stellen Sie sicher, dass dieser Artikel passt, indem Sie Ihre Modellnummer eingeben. Frequenzgang 12 Hz - 28 kHz.Kopfh\u00f6rertyp:Over-Ear.Mikrofon Frequenzgang 100 Hz - 10 kHz Gaming-Peripherieger\u00e4te Marke: Quelle - The NPD Group, Inc. U.S. Retail Tracking Service: Gaming-Tastaturen, Gaming-M\u00e4use, Gaming-Headsets, Gaming-Peripherieger\u00e4te; Basierend auf dem Dollar-Umsatz, Januar-Sept. 2021 zusammen","rel":"","context":"Similar post","img":{"alt_text":"","src":"https:\/\/i0.wp.com\/anythingtechnicallc.com\/wp-content\/uploads\/2023\/03\/Razer-BlackShark-V2-X-Gaming-Headset-71-Surround-Sound-50mm-Drivers-Memory-Foam-Cushion-for-PC-PS4-PS5-Switch-Xbox-One-Xbox-Series-XS-Mobile-35mm-Audio-Jack-Classic-Black-0.jpg?fit=500%2C500&ssl=1&resize=350%2C200","width":350,"height":200},"classes":[]},{"id":9561,"url":"https:\/\/anythingtechnicallc.com\/index.php\/de\/product\/hyperx-cloud-alpha-gaming-headset-dual-chamber-drivers-legendaerer-komfort-aluminiumrahmen-abnehmbares-mikrofon-funktioniert-auf-pc-ps4-ps5-xbox-one-series-xs-nintendo-switch-und-handy\/","url_meta":{"origin":9573,"position":2},"title":"HyperX Cloud Alpha &#8211; Gaming Headset, Dual Chamber Drivers, legend\u00e4rer Komfort, Aluminiumrahmen, abnehmbares Mikrofon, funktioniert auf PC, PS4, PS5, Xbox One\/ Series X|S, Nintendo Switch und Handy &#8211; Rot","date":"March 21, 2026","format":false,"excerpt":"Das bahnbrechende Dual Chamber Drivers Design des HyperXTM Cloud Alpha verleiht dem Klang mehr Differenzierung und Klarheit, indem es Verzerrungen reduziert. Die beiden Kammern trennen die B\u00e4sse und sorgen so f\u00fcr einen klareren, sanfteren Klang. Das Cloud Alpha ist mit rotem Premium-Memory-Schaumstoff, einem erweiterten Kopfband und weicherem, biegsamem Kunstleder, einem\u2026","rel":"","context":"Similar post","img":{"alt_text":"","src":"https:\/\/i0.wp.com\/anythingtechnicallc.com\/wp-content\/uploads\/2025\/10\/HyperX-Cloud-Alpha-Gaming-Headset.jpg?fit=1200%2C1200&ssl=1&resize=350%2C200","width":350,"height":200},"classes":[]},{"id":9570,"url":"https:\/\/anythingtechnicallc.com\/index.php\/de\/product\/hyperx-cloud-iii-kabelgebundenes-gaming-headset-pc-ps5-xbox-serie-xs-abgewinkelte-53mm-treiber-dts-spatial-audio-memory-foam-stabiler-rahmen-ultraklares-10mm-mikrofon-usb-c-usb-a-3-5mm-2\/","url_meta":{"origin":9573,"position":3},"title":"HyperX Cloud III &#8211; Kabelgebundenes Gaming-Headset, PC, PS5, Xbox Serie X|S, abgewinkelte 53mm Treiber, DTS Spatial Audio, Memory Foam, stabiler Rahmen, ultraklares 10mm Mikrofon, USB-C, USB-A, 3.5mm &#8211; Schwarz","date":"March 21, 2026","format":false,"excerpt":"Komfort ist K\u00f6nig: Komfort liegt in der DNA des Cloud III. Gebaut f\u00fcr Gamer, die nicht wollen, dass ein unbequemes Headset den Fluss ihrer Full-Combo ruiniert, ihren Speedrun unterbricht oder sie aus der Zone wirft. Audio f\u00fcr Ihre Unterhaltung abgestimmt: Die angewinkelten 53-mm-Treiber wurden von den HyperX-Audioingenieuren so abgestimmt, dass\u2026","rel":"","context":"Similar post","img":{"alt_text":"","src":"https:\/\/i0.wp.com\/anythingtechnicallc.com\/wp-content\/uploads\/2025\/10\/HyperX-Cloud-III-\u2013-Wired-Gaming-Headset-Black.jpg?fit=1117%2C1200&ssl=1&resize=350%2C200","width":350,"height":200},"classes":[]},{"id":9567,"url":"https:\/\/anythingtechnicallc.com\/index.php\/de\/product\/hyperx-cloud-iii-kabelgebundenes-gaming-headset-pc-ps5-xbox-serie-xs-abgewinkelte-53mm-treiber-dts-spatial-audio-memory-foam-stabiler-rahmen-ultraklares-10mm-mikrofon-usb-c-usb-a-3-5mm\/","url_meta":{"origin":9573,"position":4},"title":"HyperX Cloud III &#8211; Kabelgebundenes Gaming-Headset, PC, PS5, Xbox Serie X|S, abgewinkelte 53mm Treiber, DTS Spatial Audio, Memory Foam, stabiler Rahmen, ultraklares 10mm Mikrofon, USB-C, USB-A, 3.5mm &#8211; Schwarz\/Rot","date":"March 21, 2026","format":false,"excerpt":"Komfort ist K\u00f6nig: Komfort liegt in der DNA des Cloud III. Gebaut f\u00fcr Gamer, die nicht wollen, dass ein unbequemes Headset den Fluss ihrer Full-Combo ruiniert, ihren Speedrun unterbricht oder sie aus der Zone wirft. Audio f\u00fcr Ihre Unterhaltung abgestimmt: Die angewinkelten 53-mm-Treiber wurden von den HyperX-Audioingenieuren so abgestimmt, dass\u2026","rel":"","context":"Similar post","img":{"alt_text":"","src":"https:\/\/i0.wp.com\/anythingtechnicallc.com\/wp-content\/uploads\/2025\/10\/HyperX-Cloud-III-\u2013-Wired-Gaming-Headset.jpg?fit=1131%2C1200&ssl=1&resize=350%2C200","width":350,"height":200},"classes":[]},{"id":9576,"url":"https:\/\/anythingtechnicallc.com\/index.php\/de\/product\/hyperx-cloud-iii-kabelgebundenes-gaming-headset-pc-ps5-xbox-serie-xs-abgewinkelte-53mm-treiber-dts-memory-foam-stabiler-rahmen-ultraklares-10mm-mikrofon-usb-c-usb-a-3-5mm-pink\/","url_meta":{"origin":9573,"position":5},"title":"HyperX Cloud III &#8211; Kabelgebundenes Gaming-Headset, PC, PS5, Xbox Serie X|S, abgewinkelte 53mm Treiber, DTS, Memory Foam, stabiler Rahmen, ultraklares 10mm Mikrofon, USB-C, USB-A, 3.5mm &#8211; Pink","date":"March 21, 2026","format":false,"excerpt":"Komfort ist K\u00f6nig: Komfort liegt in der DNA des Cloud III. Gebaut f\u00fcr Gamer, die nicht wollen, dass ein unbequemes Headset den Fluss ihrer Full-Combo ruiniert, ihren Speedrun unterbricht oder sie aus der Zone wirft. Audio f\u00fcr Ihre Unterhaltung abgestimmt: Die angewinkelten 53-mm-Treiber wurden von den HyperX-Audioingenieuren so abgestimmt, dass\u2026","rel":"","context":"Similar post","img":{"alt_text":"","src":"https:\/\/i0.wp.com\/anythingtechnicallc.com\/wp-content\/uploads\/2025\/10\/HyperX-Cloud-III-Pink.jpg?fit=1200%2C1200&ssl=1&resize=350%2C200","width":350,"height":200},"classes":[]}],"pll_sync_post":[],"lang":"de","translations":{"de":9573,"en":8479},"_links":{"self":[{"href":"https:\/\/anythingtechnicallc.com\/index.php\/wp-json\/wp\/v2\/product\/9573","targetHints":{"allow":["GET"]}}],"collection":[{"href":"https:\/\/anythingtechnicallc.com\/index.php\/wp-json\/wp\/v2\/product"}],"about":[{"href":"https:\/\/anythingtechnicallc.com\/index.php\/wp-json\/wp\/v2\/types\/product"}],"replies":[{"embeddable":true,"href":"https:\/\/anythingtechnicallc.com\/index.php\/wp-json\/wp\/v2\/comments?post=9573"}],"wp:featuredmedia":[{"embeddable":true,"href":"https:\/\/anythingtechnicallc.com\/index.php\/wp-json\/wp\/v2\/media\/9572"}],"wp:attachment":[{"href":"https:\/\/anythingtechnicallc.com\/index.php\/wp-json\/wp\/v2\/media?parent=9573"}],"wp:term":[{"taxonomy":"product_brand","embeddable":true,"href":"https:\/\/anythingtechnicallc.com\/index.php\/wp-json\/wp\/v2\/product_brand?post=9573"},{"taxonomy":"product_cat","embeddable":true,"href":"https:\/\/anythingtechnicallc.com\/index.php\/wp-json\/wp\/v2\/product_cat?post=9573"},{"taxonomy":"product_tag","embeddable":true,"href":"https:\/\/anythingtechnicallc.com\/index.php\/wp-json\/wp\/v2\/product_tag?post=9573"}],"curies":[{"name":"wp","href":"https:\/\/api.w.org\/{rel}","templated":true}]}}