{"id":9579,"date":"2026-03-21T13:12:06","date_gmt":"2026-03-21T13:12:06","guid":{"rendered":"https:\/\/anythingtechnicallc.com\/?post_type=product&#038;p=9579"},"modified":"2026-03-21T13:12:06","modified_gmt":"2026-03-21T13:12:06","slug":"hyperx-cloud-ii-gaming-headset-7-1-virtual-surround-sound-memory-foam-ohrpolster-robuster-aluminiumrahmen-abnehmbares-mikrofon-kompatibel-mit-pc-ps5-ps4-weiss-pink","status":"publish","type":"product","link":"https:\/\/anythingtechnicallc.com\/index.php\/de\/product\/hyperx-cloud-ii-gaming-headset-7-1-virtual-surround-sound-memory-foam-ohrpolster-robuster-aluminiumrahmen-abnehmbares-mikrofon-kompatibel-mit-pc-ps5-ps4-weiss-pink\/","title":{"rendered":"HyperX Cloud II &#8211; Gaming Headset, 7.1 Virtual Surround Sound, Memory Foam Ohrpolster, robuster Aluminiumrahmen, abnehmbares Mikrofon, kompatibel mit PC, PS5, PS4 &#8211; Wei\u00df\/Pink"},"content":{"rendered":"<div id=\"productDescription_feature_div\" class=\"celwidget pd_rd_w-uZ5aN pd_rd_r-MCNHXQAANGNZY173NP5S pd_rd_wg-MbZsf\" data-feature-name=\"productDescription\" data-csa-c-type=\"widget\" data-csa-c-content-id=\"productDescription\" data-csa-c-slot-id=\"productDescription_feature_div\" data-csa-c-asin=\"\" data-csa-c-is-in-initial-active-row=\"false\" data-csa-c-id=\"oivwvi-ko5efg-n50hvg-44ntn4\" data-cel-widget=\"productDescription_feature_div\">\n<div>\n<div id=\"productDescription_feature_div\" class=\"a-row feature\" data-feature-name=\"productDescription\" data-template-name=\"productDescription\" data-cel-widget=\"productDescription_feature_div\">\n<div id=\"productDescription\" class=\"a-section a-spacing-small\">\n<p>Das HyperX Cloud II wurde entwickelt, um ein extrem komfortables Gaming-Headset mit erstaunlichem Sound zu sein. Wir haben uns viele Gedanken \u00fcber die Details unseres HyperX-spezifischen Memory-Schaums, das hochwertige Kunstleder, die Klemmkraft und die Gewichtsverteilung gemacht, um ein Headset zu schaffen, das auch bei langen Gaming-Sessions bequem ist. Es ist kein Wunder, dass es zum bevorzugten Gaming-Headset von Millionen von Spielern geworden ist. Ganz gleich, ob Sie sich auf den Wettbewerb konzentrieren oder bei Ihren Lieblingsspielen entspannen m\u00f6chten, es gibt ein Cloud, das perfekt f\u00fcr Sie ist.<\/p>\n<\/div>\n<\/div>\n<\/div>\n<\/div>\n<div id=\"productDocuments_feature_div\" class=\"celwidget pd_rd_w-QeQgA pd_rd_r-MCNHXQAANGNZY173NP5S pd_rd_wg-MbZsf\" data-feature-name=\"productDocuments\" data-csa-c-type=\"widget\" data-csa-c-content-id=\"productDocuments\" data-csa-c-slot-id=\"productDocuments_feature_div\" data-csa-c-asin=\"\" data-csa-c-is-in-initial-active-row=\"false\" data-csa-c-id=\"vsv4gt-9vpoe7-u2448q-xm0mzz\" data-cel-widget=\"productDocuments_feature_div\"><\/div>\n<div id=\"postPurchaseWhatsInTheBox_MP_feature_div\" class=\"celwidget pd_rd_w-F5xKi pd_rd_r-MCNHXQAANGNZY173NP5S pd_rd_wg-MbZsf\" data-feature-name=\"postPurchaseWhatsInTheBox_MP\" data-csa-c-type=\"widget\" data-csa-c-content-id=\"postPurchaseWhatsInTheBox_MP\" data-csa-c-slot-id=\"postPurchaseWhatsInTheBox_MP_feature_div\" data-csa-c-asin=\"\" data-csa-c-is-in-initial-active-row=\"false\" data-csa-c-id=\"o4mzy0-y354yd-rtvpn6-3lchr1\" data-cel-widget=\"postPurchaseWhatsInTheBox_MP_feature_div\">\n<div id=\"whatsInTheBoxDeck\" class=\"a-section a-spacing-base celwidget\" data-csa-c-id=\"siomm2-hypedw-olpe67-rnl3p5\" data-cel-widget=\"whatsInTheBoxDeck\"><\/div>\n<\/div>\n","protected":false},"excerpt":{"rendered":"<ul class=\"a-unordered-list a-vertical a-spacing-mini\">\n<li class=\"a-spacing-mini\"><span class=\"a-list-item\">Erweiterte Audio Control Box: Schalten Sie den 7.1 Surround Sound mit nur einem Tastendruck ein und aus. Mit unabh\u00e4ngigen Lautst\u00e4rkereglern f\u00fcr Audio und Mikrofon f\u00fcr zus\u00e4tzlichen Komfort.<\/span><\/li>\n<li class=\"a-spacing-mini\"><span class=\"a-list-item\">7.1 Virtueller Surround-Sound: Erzeugen Sie ein virtuelles 7.1-Surround-Sound-Erlebnis, um Distanz und Tiefe zu erzeugen, die jedes Spiel-, Film- oder Musikerlebnis bereichern.<\/span><\/li>\n<li class=\"a-spacing-mini\"><span class=\"a-list-item\">\u00dcberragende Audioleistung: Die 53-mm-Treiber liefern kristallklare tiefe, mittlere und hohe T\u00f6ne und verst\u00e4rkte B\u00e4sse f\u00fcr ein beeindruckendes Spielerlebnis.<\/span><\/li>\n<li class=\"a-spacing-mini\"><span class=\"a-list-item\">Digital verbessertes Mikrofon: Bei Verwendung mit der USB-Kontrollbox sind Rauschunterdr\u00fcckung, AGC-Funktionalit\u00e4t und Echounterdr\u00fcckung aktiviert. Das Mikrofon ist au\u00dferdem abnehmbar.<\/span><\/li>\n<li class=\"a-spacing-mini\"><span class=\"a-list-item\">Verbesserter Komfort: Cloud II wird mit Ohrpolstern aus 100% Memory-Schaumstoff geliefert. <\/span><\/li>\n<li class=\"a-spacing-mini\"><span class=\"a-list-item\">Langlebiger Aluminiumrahmen: Der robuste Aluminiumrahmen ist so konstruiert, dass er den Strapazen des t\u00e4glichen Spiels standh\u00e4lt.<\/span><\/li>\n<li class=\"a-spacing-mini\"><span class=\"a-list-item\">Optimiert f\u00fcr Pro-Gaming: Das geschlossene Design der Ohrmuscheln erm\u00f6glicht eine passive Ger\u00e4uschunterdr\u00fcckung, so dass Sie auf PC, Mac und Konsolen auf h\u00f6chstem Niveau spielen k\u00f6nnen.<\/span><\/li>\n<\/ul>\n","protected":false},"featured_media":9578,"comment_status":"open","ping_status":"closed","template":"","meta":{"_et_pb_use_builder":"","_et_pb_old_content":"","_et_gb_content_width":""},"product_brand":[2176],"product_cat":[1578],"product_tag":[],"class_list":{"0":"post-9579","1":"product","2":"type-product","3":"status-publish","4":"has-post-thumbnail","6":"product_brand-hyperx","7":"product_cat-headset","9":"first","10":"instock","11":"sale","12":"taxable","13":"shipping-taxable","14":"purchasable","15":"product-type-simple"},"exclude_global_add_ons":[],"addons":[],"jetpack-related-posts":[{"id":9573,"url":"https:\/\/anythingtechnicallc.com\/index.php\/de\/product\/hyperx-cloud-ii-gaming-headset-7-1-surround-sound-memory-foam-ear-pads-robuster-aluminiumrahmen-abnehmbares-mikrofon-kompatibel-mit-pc-ps5-ps4-xbox-series-xs-xbox-one-rot\/","url_meta":{"origin":9579,"position":0},"title":"HyperX Cloud II &#8211; Gaming Headset, 7.1 Surround Sound, Memory Foam Ear Pads, robuster Aluminiumrahmen, abnehmbares Mikrofon, kompatibel mit PC, PS5, PS4, Xbox Series X|S, Xbox One &#8211; Rot","date":"March 21, 2026","format":false,"excerpt":"15-25kKhz Frequenzgang.Kopfh\u00f6rertyp:Over-Ear.Hinweis : Wenn die Gr\u00f6\u00dfe der Ohrst\u00f6psel nicht mit der Gr\u00f6\u00dfe Ihrer Geh\u00f6rg\u00e4nge \u00fcbereinstimmt oder das Headset nicht richtig in Ihren Ohren getragen wird, erhalten Sie m\u00f6glicherweise nicht die richtige Klangqualit\u00e4t oder Gespr\u00e4chsleistung. Tauschen Sie die Ohrst\u00f6psel gegen solche aus, die besser in Ihr Ohr passen. Entwickelt f\u00fcr Komfort:\u2026","rel":"","context":"Similar post","img":{"alt_text":"","src":"https:\/\/i0.wp.com\/anythingtechnicallc.com\/wp-content\/uploads\/2025\/10\/HyperX-Cloud-II-Gaming-Headset-Red.jpg?fit=1070%2C1200&ssl=1&resize=350%2C200","width":350,"height":200},"classes":[]},{"id":9564,"url":"https:\/\/anythingtechnicallc.com\/index.php\/de\/product\/hyperx-cloud-alpha-wireless-gaming-headset-fuer-pc-300-stunden-akkulaufzeit-dts-headphonex-spatial-audio-memory-schaumstoff-doppelkammertreiber-mikrofon-mit-geraeuschunterdrueckung-stabiler-a\/","url_meta":{"origin":9579,"position":1},"title":"HyperX Cloud Alpha Wireless &#8211; Gaming-Headset f\u00fcr PC, 300 Stunden Akkulaufzeit, DTS Headphone:X Spatial Audio, Memory-Schaumstoff, Doppelkammertreiber, Mikrofon mit Ger\u00e4uschunterdr\u00fcckung, stabiler Aluminiumrahmen, Rot","date":"March 21, 2026","format":false,"excerpt":"HyperX-typischer Komfort: Dieses leichte, bequeme Headset mit dem charakteristischen HyperX Memory Foam und atmungsaktivem Kunstleder hilft Ihnen, sich auch bei Marathon-Gaming-Sessions zu konzentrieren. HyperX Zweikammer-Treiber: Das bahnbrechende Zweikammer-Treibersystem des Cloud Alpha Wireless stimmt die Mitten und H\u00f6hen getrennt von den basslastigen B\u00e4ssen ab, um einen unglaublich klaren Klang zu liefern.\u2026","rel":"","context":"Similar post","img":{"alt_text":"","src":"https:\/\/i0.wp.com\/anythingtechnicallc.com\/wp-content\/uploads\/2025\/10\/HyperX-Cloud-Alpha-Wireless-Gaming-Headset.jpg?fit=1200%2C1169&ssl=1&resize=350%2C200","width":350,"height":200},"classes":[]},{"id":8908,"url":"https:\/\/anythingtechnicallc.com\/index.php\/de\/product\/razer-kraken-7-1-chroma-v2-usb-gaming-headset-ovale-ohrpolster-7-1-surround-sound-mit-versenkbarem-digitalen-mikrofon-und-chroma-beleuchtung\/","url_meta":{"origin":9579,"position":2},"title":"Razer Kraken 7.1 Chroma V2 USB Gaming Headset &#8211; Ovale Ohrpolster &#8211; 7.1 Surround Sound mit versenkbarem digitalen Mikrofon und Chroma-Beleuchtung","date":"March 18, 2026","format":false,"excerpt":"Stellen Sie sicher, dass dieses Produkt passt, indem Sie Ihre Modellnummer eingeben. Dank der integrierten fortschrittlichen 7.1 Virtual Surround Sound-Engine liefert das Razer Kraken 7.1 V2 positionsgetreuen Klang mit h\u00f6chster Pr\u00e4zision. Der neue und verbesserte Kopfb\u00fcgel des Razer Kraken 7.1 V2 besteht aus Bauxit-Aluminium und ist sowohl leicht als auch\u2026","rel":"","context":"Similar post","img":{"alt_text":"","src":"https:\/\/i0.wp.com\/anythingtechnicallc.com\/wp-content\/uploads\/2023\/03\/Razer-Kraken-71-Chroma-V2-USB-Gaming-Headset-Oval-Ear-Cushions-71-Surround-Sound-with-Retractable-Digital-Microphone-and-Chroma-Lighting-Renewed-0.jpg?fit=500%2C334&ssl=1&resize=350%2C200","width":350,"height":200},"classes":[]},{"id":9585,"url":"https:\/\/anythingtechnicallc.com\/index.php\/de\/product\/hyperx-hhss1c-kb-wt-g-cloud-stinger-core-kabelloses-gaming-headset-fuer-ps4-ps5-pc-leichtgewicht-robuste-stahlschieber-mikrofon-mit-geraeuschunterdrueckung-weiss\/","url_meta":{"origin":9579,"position":3},"title":"HyperX HHSS1C-KB-WT\/G Cloud Stinger Core &#8211; Kabelloses Gaming-Headset, f\u00fcr PS4, PS5, PC, Leichtgewicht, robuste Stahlschieber, Mikrofon mit Ger\u00e4uschunterdr\u00fcckung &#8211; Wei\u00df","date":"March 21, 2026","format":false,"excerpt":"Kabellose Gaming-Qualit\u00e4t: Dank der soliden kabellosen 2,4-GHz-Verbindung in Gaming-Qualit\u00e4t sind Sie frei von Kabeln. Leichter Komfort: Mit diesem leichten Headset und seinen weichen, atmungsaktiven Ohrpolstern k\u00f6nnen Sie l\u00e4nger spielen. Fesselnder Klang im Spiel: Die geschlossenen Ohrmuscheln schirmen Ablenkungen ab, w\u00e4hrend die 40-Millimeter-Treiber und der verst\u00e4rkte Bass daf\u00fcr sorgen, dass Sie\u2026","rel":"","context":"Similar post","img":{"alt_text":"","src":"https:\/\/i0.wp.com\/anythingtechnicallc.com\/wp-content\/uploads\/2025\/10\/HyperX-HHSS1C-KB-WT-Cloud-Stinger-Core-White.jpg?fit=1200%2C1062&ssl=1&resize=350%2C200","width":350,"height":200},"classes":[]},{"id":9582,"url":"https:\/\/anythingtechnicallc.com\/index.php\/de\/product\/hyperx-cloudx-stinger-core-kabelloses-gaming-headset-fuer-xbox-serie-xs-und-xbox-one-memory-schaumstoff-premium-kunstleder-ohrpolster-geraeuschunterdrueckung-schwarz\/","url_meta":{"origin":9579,"position":4},"title":"HyperX CloudX Stinger Core &#8211; Kabelloses Gaming-Headset, f\u00fcr Xbox Serie X|S und Xbox One, Memory-Schaumstoff &#038; Premium-Kunstleder-Ohrpolster, Ger\u00e4uschunterdr\u00fcckung, Schwarz","date":"March 21, 2026","format":false,"excerpt":"Offiziell lizenziertes Xbox Headset: Entwickelt f\u00fcr nahtlose Kompatibilit\u00e4t mit Xbox Series X|S und Xbox One Konsolen. Direkte drahtlose Xbox-Verbindung: Hochwertige kabellose Audioqualit\u00e4t auf Tastendruck. Sie ben\u00f6tigen keine zus\u00e4tzlichen drahtlosen Adapter. Eingebauter Headset-Chat-Mixer: Passen Sie die Balance zwischen Spiel- und Chat-Audiopegeln mit den Chat-Mix-Reglern an der Headset-H\u00f6rmuschel an. Immersiver Klang mit\u2026","rel":"","context":"Similar post","img":{"alt_text":"","src":"https:\/\/i0.wp.com\/anythingtechnicallc.com\/wp-content\/uploads\/2025\/10\/HyperX-CloudX-Stinger-Core-Black.jpg?fit=1200%2C1064&ssl=1&resize=350%2C200","width":350,"height":200},"classes":[]},{"id":9570,"url":"https:\/\/anythingtechnicallc.com\/index.php\/de\/product\/hyperx-cloud-iii-kabelgebundenes-gaming-headset-pc-ps5-xbox-serie-xs-abgewinkelte-53mm-treiber-dts-spatial-audio-memory-foam-stabiler-rahmen-ultraklares-10mm-mikrofon-usb-c-usb-a-3-5mm-2\/","url_meta":{"origin":9579,"position":5},"title":"HyperX Cloud III &#8211; Kabelgebundenes Gaming-Headset, PC, PS5, Xbox Serie X|S, abgewinkelte 53mm Treiber, DTS Spatial Audio, Memory Foam, stabiler Rahmen, ultraklares 10mm Mikrofon, USB-C, USB-A, 3.5mm &#8211; Schwarz","date":"March 21, 2026","format":false,"excerpt":"Komfort ist K\u00f6nig: Komfort liegt in der DNA des Cloud III. Gebaut f\u00fcr Gamer, die nicht wollen, dass ein unbequemes Headset den Fluss ihrer Full-Combo ruiniert, ihren Speedrun unterbricht oder sie aus der Zone wirft. Audio f\u00fcr Ihre Unterhaltung abgestimmt: Die angewinkelten 53-mm-Treiber wurden von den HyperX-Audioingenieuren so abgestimmt, dass\u2026","rel":"","context":"Similar post","img":{"alt_text":"","src":"https:\/\/i0.wp.com\/anythingtechnicallc.com\/wp-content\/uploads\/2025\/10\/HyperX-Cloud-III-\u2013-Wired-Gaming-Headset-Black.jpg?fit=1117%2C1200&ssl=1&resize=350%2C200","width":350,"height":200},"classes":[]}],"pll_sync_post":[],"lang":"de","translations":{"de":9579,"en":8484},"_links":{"self":[{"href":"https:\/\/anythingtechnicallc.com\/index.php\/wp-json\/wp\/v2\/product\/9579","targetHints":{"allow":["GET"]}}],"collection":[{"href":"https:\/\/anythingtechnicallc.com\/index.php\/wp-json\/wp\/v2\/product"}],"about":[{"href":"https:\/\/anythingtechnicallc.com\/index.php\/wp-json\/wp\/v2\/types\/product"}],"replies":[{"embeddable":true,"href":"https:\/\/anythingtechnicallc.com\/index.php\/wp-json\/wp\/v2\/comments?post=9579"}],"wp:featuredmedia":[{"embeddable":true,"href":"https:\/\/anythingtechnicallc.com\/index.php\/wp-json\/wp\/v2\/media\/9578"}],"wp:attachment":[{"href":"https:\/\/anythingtechnicallc.com\/index.php\/wp-json\/wp\/v2\/media?parent=9579"}],"wp:term":[{"taxonomy":"product_brand","embeddable":true,"href":"https:\/\/anythingtechnicallc.com\/index.php\/wp-json\/wp\/v2\/product_brand?post=9579"},{"taxonomy":"product_cat","embeddable":true,"href":"https:\/\/anythingtechnicallc.com\/index.php\/wp-json\/wp\/v2\/product_cat?post=9579"},{"taxonomy":"product_tag","embeddable":true,"href":"https:\/\/anythingtechnicallc.com\/index.php\/wp-json\/wp\/v2\/product_tag?post=9579"}],"curies":[{"name":"wp","href":"https:\/\/api.w.org\/{rel}","templated":true}]}}