{"id":9582,"date":"2026-03-21T13:12:31","date_gmt":"2026-03-21T13:12:31","guid":{"rendered":"https:\/\/anythingtechnicallc.com\/?post_type=product&#038;p=9582"},"modified":"2026-03-21T13:12:31","modified_gmt":"2026-03-21T13:12:31","slug":"hyperx-cloudx-stinger-core-kabelloses-gaming-headset-fuer-xbox-serie-xs-und-xbox-one-memory-schaumstoff-premium-kunstleder-ohrpolster-geraeuschunterdrueckung-schwarz","status":"publish","type":"product","link":"https:\/\/anythingtechnicallc.com\/index.php\/de\/product\/hyperx-cloudx-stinger-core-kabelloses-gaming-headset-fuer-xbox-serie-xs-und-xbox-one-memory-schaumstoff-premium-kunstleder-ohrpolster-geraeuschunterdrueckung-schwarz\/","title":{"rendered":"HyperX CloudX Stinger Core &#8211; Kabelloses Gaming-Headset, f\u00fcr Xbox Serie X|S und Xbox One, Memory-Schaumstoff &#038; Premium-Kunstleder-Ohrpolster, Ger\u00e4uschunterdr\u00fcckung, Schwarz"},"content":{"rendered":"<div id=\"btf_arenas\" class=\"celwidget\" data-feature-name=\"btf_arenas\" data-csa-c-type=\"widget\" data-csa-c-content-id=\"btf_arenas\" data-csa-c-slot-id=\"btf_arenas\" data-csa-c-asin=\"\" data-csa-c-is-in-initial-active-row=\"false\" data-cel-widget=\"btf_arenas\" data-csa-c-id=\"tot4z1-kagk5h-1ipebr-i3i7mi\">\n<div id=\"productDescription_feature_div\" class=\"celwidget pd_rd_w-VEvXr pd_rd_r-0T9TV8AGGJQPKNMJ21Q1 pd_rd_wg-hY6o1\" data-feature-name=\"productDescription\" data-csa-c-type=\"widget\" data-csa-c-content-id=\"productDescription\" data-csa-c-slot-id=\"productDescription_feature_div\" data-csa-c-asin=\"\" data-csa-c-is-in-initial-active-row=\"false\" data-cel-widget=\"productDescription_feature_div\" data-csa-c-id=\"xrw2tl-mu9q7i-2e39o9-mus1si\">\n<div>\n<div id=\"productDescription_feature_div\" class=\"a-row feature\" data-feature-name=\"productDescription\" data-template-name=\"productDescription\" data-cel-widget=\"productDescription_feature_div\">\n<div id=\"productDescription\" class=\"a-section a-spacing-small\">\n<p>HyperX CloudX Stinger Core Wireless ist ein offiziell lizenziertes kabelloses Xbox-Headset f\u00fcr die Xbox Series X|S und Xbox One. Es verf\u00fcgt \u00fcber eine direkte Xbox Wireless-Verbindung f\u00fcr hochwertigen kabellosen Sound mit nur einem Tastendruck. Erweitern Sie Ihren Spielesound mit 40-mm-Treibern und Windows Sonic Raumklang, optimiert f\u00fcr die Xbox Series X|S und Xbox One. Spielen Sie auch bei l\u00e4ngeren Spielesessions bequem mit weichem Memory-Schaumstoff, weichen Kunstleder-Ohrpolstern und einem leichten Design.<\/p>\n<\/div>\n<\/div>\n<\/div>\n<\/div>\n<div id=\"promotions_feature_div\" class=\"celwidget pd_rd_w-tduUi pd_rd_r-0T9TV8AGGJQPKNMJ21Q1 pd_rd_wg-hY6o1\" data-feature-name=\"promotions\" data-csa-c-type=\"widget\" data-csa-c-content-id=\"promotions\" data-csa-c-slot-id=\"promotions_feature_div\" data-csa-c-asin=\"\" data-csa-c-is-in-initial-active-row=\"false\" data-cel-widget=\"promotions_feature_div\" data-csa-c-id=\"jd6zsz-mw37gr-ube5md-pv8ssl\"><\/div>\n<div id=\"renewedProgramDescriptionBtf_feature_div\" class=\"celwidget pd_rd_w-vQn0r pd_rd_r-0T9TV8AGGJQPKNMJ21Q1 pd_rd_wg-hY6o1\" data-feature-name=\"renewedProgramDescriptionBtf\" data-csa-c-type=\"widget\" data-csa-c-content-id=\"renewedProgramDescriptionBtf\" data-csa-c-slot-id=\"renewedProgramDescriptionBtf_feature_div\" data-csa-c-asin=\"\" data-csa-c-is-in-initial-active-row=\"false\" data-cel-widget=\"renewedProgramDescriptionBtf_feature_div\" data-csa-c-id=\"jd5s7q-vrxkj0-r4j3jg-kesb\"><\/div>\n<\/div>\n<div id=\"postPurchaseSideSheet_MP_feature_div\" class=\"celwidget\" data-feature-name=\"postPurchaseSideSheet_MP\" data-csa-c-type=\"widget\" data-csa-c-content-id=\"postPurchaseSideSheet_MP\" data-csa-c-slot-id=\"postPurchaseSideSheet_MP_feature_div\" data-csa-c-asin=\"\" data-csa-c-is-in-initial-active-row=\"false\" data-cel-widget=\"postPurchaseSideSheet_MP_feature_div\" data-csa-c-id=\"6tcu8f-crvjou-bfw9q9-mmg9m7\"><\/div>\n<div id=\"HLCXComparisonWidget_after_ask-dp-search-3-T2\" class=\"celwidget\" data-feature-name=\"HLCXComparisonWidget_after_ask-dp-search-3-T2\" data-csa-c-type=\"widget\" data-csa-c-content-id=\"HLCXComparisonWidget_after_ask-dp-search-3-T2\" data-csa-c-slot-id=\"HLCXComparisonWidget_after_ask-dp-search-3-T2\" data-csa-c-asin=\"\" data-csa-c-is-in-initial-active-row=\"false\" data-cel-widget=\"HLCXComparisonWidget_after_ask-dp-search-3-T2\" data-csa-c-id=\"427g18-1w1j64-gkmiqx-sfnj2h\">\n<div id=\"sims-comparisonContainer_feature_div_11\" class=\"celwidget\" data-feature-name=\"sims-comparisonContainer\" data-csa-c-type=\"widget\" data-csa-c-content-id=\"sims-comparisonContainer\" data-csa-c-slot-id=\"sims-comparisonContainer_feature_div_11\" data-csa-c-asin=\"\" data-csa-c-is-in-initial-active-row=\"false\" data-cel-widget=\"sims-comparisonContainer_feature_div_11\" data-csa-c-id=\"ci52qm-y7w09r-y5fz2y-6trm7n\"><\/div>\n<\/div>\n<div id=\"sims-discoveryAndInspiration_feature_div_01\" class=\"celwidget\" data-feature-name=\"sims-discoveryAndInspiration\" data-csa-c-type=\"widget\" data-csa-c-content-id=\"sims-discoveryAndInspiration\" data-csa-c-slot-id=\"sims-discoveryAndInspiration_feature_div_01\" data-csa-c-asin=\"\" data-csa-c-is-in-initial-active-row=\"false\" data-cel-widget=\"sims-discoveryAndInspiration_feature_div_01\" data-csa-c-id=\"abi9m-lk8cwn-5qc2b6-felzxe\">\n<div class=\"celwidget pd_rd_w-9eFFd content-id-amzn1.sym.ccb770a9-35d1-4af6-8af2-bcbd12656fbb pf_rd_p-ccb770a9-35d1-4af6-8af2-bcbd12656fbb pf_rd_r-0T9TV8AGGJQPKNMJ21Q1 pd_rd_wg-HN3pD pd_rd_r-3cc61378-cbe8-43ca-8a1f-fa32622840d3 c-f\" data-csa-op-log-render=\"\" data-csa-c-content-id=\"amzn1.sym.ccb770a9-35d1-4af6-8af2-bcbd12656fbb\" data-csa-c-slot-id=\"discovery-and-inspiration-container-1\" data-csa-c-type=\"widget\" data-csa-c-painter=\"multi-brand-video-desktop-cards\" data-cel-widget=\"multi-brand-video-desktop_DetailPage_0\" data-csa-c-id=\"qn8xo9-bg6m0t-qgs7ql-x2h8n3\">\n<div id=\"CardInstanceINv1ojWglzMkPNwS94L76g\" class=\"_multi-brand-video-desktop_style_mbvContainer__2A_sC _multi-brand-video-desktop_MultiBrandVideoDesktop_mbv__R7us8\" data-props=\"{&quot;clientId&quot;:&quot;1285121-2665350-3783025&quot;,&quot;language&quot;:&quot;en-US&quot;,&quot;marketplaceId&quot;:&quot;ATVPDKIKX0DER&quot;,&quot;pageType&quot;:&quot;Detail&quot;,&quot;pageNumber&quot;:&quot;&quot;,&quot;weblabs&quot;:&quot;ADPT_SBV_1041956:T1,ADPT_SBV_DELAY_PLAYBACK_UNTIL_READY_1248744:C,ALF_SUSHI_CLIENT_GATE_1299748:C,MBV_394048:T6,SBV_642751:T1,SBV_672322:T1,SBV_708584:C,SBV_814590:C,SBV_836067:T1,SBV_842986:C&quot;,&quot;widgetGroupId&quot;:&quot;desktop-dp-sims&quot;,&quot;requestId&quot;:&quot;0T9TV8AGGJQPKNMJ21Q1&quot;,&quot;searchQuery&quot;:&quot;&quot;,&quot;widgetType&quot;:&quot;multi-brand-video&quot;,&quot;experience&quot;:&quot;Default&quot;,&quot;experienceVariation&quot;:&quot;Default&quot;,&quot;widgetIndex&quot;:&quot;&quot;}\" data-card-metrics-id=\"multi-brand-video-desktop_DetailPage_0\" data-mix-claimed=\"true\">\n<div class=\"a-section _multi-brand-video-desktop_MultiBrandVideoDesktop_desktopMbv__3t-V1\">\n<div class=\"a-begin a-carousel-container a-carousel-display-stretchyGoodness a-carousel-transition-slide _multi-brand-video-desktop_Carousel_carouselContainer__9vpf5 undefined a-carousel-initialized\" role=\"group\" data-a-carousel-options=\"{&quot;hide_off_screen&quot;:true,&quot;minimum_gutter_width&quot;:18,&quot;name&quot;:&quot;mbv-carousel&quot;,&quot;set_size&quot;:5,&quot;single_page_align&quot;:&quot;left&quot;,&quot;circular&quot;:false}\" aria-roledescription=\"carousel\">\n<div class=\"a-row a-carousel-header-row a-size-medium _multi-brand-video-desktop_Carousel_carouselHeading__l5qNS undefined\"><\/div>\n<\/div>\n<\/div>\n<\/div>\n<\/div>\n<\/div>\n","protected":false},"excerpt":{"rendered":"<ul class=\"a-unordered-list a-vertical a-spacing-mini\">\n<li class=\"a-spacing-mini\"><span class=\"a-list-item\">Offiziell lizenziertes Xbox Headset: Entwickelt f\u00fcr nahtlose Kompatibilit\u00e4t mit Xbox Series X|S und Xbox One Konsolen.<\/span><\/li>\n<li class=\"a-spacing-mini\"><span class=\"a-list-item\">Direkte drahtlose Xbox-Verbindung: Hochwertige kabellose Audioqualit\u00e4t auf Tastendruck. Sie ben\u00f6tigen keine zus\u00e4tzlichen drahtlosen Adapter.<\/span><\/li>\n<li class=\"a-spacing-mini\"><span class=\"a-list-item\">Eingebauter Headset-Chat-Mixer: Passen Sie die Balance zwischen Spiel- und Chat-Audiopegeln mit den Chat-Mix-Reglern an der Headset-H\u00f6rmuschel an.<\/span><\/li>\n<li class=\"a-spacing-mini\"><span class=\"a-list-item\">Immersiver Klang mit Windows Sonic: 40-mm-Treiber liefern hochwertigen Klang f\u00fcr ein intensives Spielgef\u00fchl. Erweitern Sie Ihr Spiel-Audio mit Windows Sonic f\u00fcr klaren und verbesserten Surround-Sound.<\/span><\/li>\n<li class=\"a-spacing-mini\"><span class=\"a-list-item\">Unterschrift HyperX Komfort: Memory-Schaumstoff-Ohrpolster, die mit Kunstleder ummantelt sind, erg\u00e4nzen das leichte Design und sorgen daf\u00fcr, dass Ihre Ohren auch bei langen Gaming-Sessions bequem bleiben.<\/span><\/li>\n<li class=\"a-spacing-mini\"><span class=\"a-list-item\">Stummschaltbares Mikrofon mit Ger\u00e4uschunterdr\u00fcckung und Mikrofon\u00fcberwachung: \u00dcbernehmen Sie die Kontrolle \u00fcber Ihre Kommunikation, indem Sie das Mikrofon zum Stummschalten und Aufheben der Stummschaltung schwenken. Dank der Ger\u00e4uschunterdr\u00fcckung werden st\u00f6rende Umgebungsger\u00e4usche aus Ihrem Voice-Chat herausgehalten, und dank der Mikrofon\u00fcberwachung k\u00f6nnen Sie sich selbst zuh\u00f6ren.<\/span><\/li>\n<li class=\"a-spacing-mini\"><span class=\"a-list-item\">Langlebige Stahlschieber: Die robusten Stahlschieber sorgen f\u00fcr eine bequeme, anpassbare Passform.<\/span><\/li>\n<\/ul>\n","protected":false},"featured_media":9581,"comment_status":"open","ping_status":"closed","template":"","meta":{"_et_pb_use_builder":"","_et_pb_old_content":"","_et_gb_content_width":""},"product_brand":[2176],"product_cat":[1578],"product_tag":[],"class_list":{"0":"post-9582","1":"product","2":"type-product","3":"status-publish","4":"has-post-thumbnail","6":"product_brand-hyperx","7":"product_cat-headset","9":"first","10":"instock","11":"sale","12":"taxable","13":"shipping-taxable","14":"purchasable","15":"product-type-simple"},"exclude_global_add_ons":[],"addons":[],"jetpack-related-posts":[{"id":9585,"url":"https:\/\/anythingtechnicallc.com\/index.php\/de\/product\/hyperx-hhss1c-kb-wt-g-cloud-stinger-core-kabelloses-gaming-headset-fuer-ps4-ps5-pc-leichtgewicht-robuste-stahlschieber-mikrofon-mit-geraeuschunterdrueckung-weiss\/","url_meta":{"origin":9582,"position":0},"title":"HyperX HHSS1C-KB-WT\/G Cloud Stinger Core &#8211; Kabelloses Gaming-Headset, f\u00fcr PS4, PS5, PC, Leichtgewicht, robuste Stahlschieber, Mikrofon mit Ger\u00e4uschunterdr\u00fcckung &#8211; Wei\u00df","date":"March 21, 2026","format":false,"excerpt":"Kabellose Gaming-Qualit\u00e4t: Dank der soliden kabellosen 2,4-GHz-Verbindung in Gaming-Qualit\u00e4t sind Sie frei von Kabeln. Leichter Komfort: Mit diesem leichten Headset und seinen weichen, atmungsaktiven Ohrpolstern k\u00f6nnen Sie l\u00e4nger spielen. Fesselnder Klang im Spiel: Die geschlossenen Ohrmuscheln schirmen Ablenkungen ab, w\u00e4hrend die 40-Millimeter-Treiber und der verst\u00e4rkte Bass daf\u00fcr sorgen, dass Sie\u2026","rel":"","context":"Similar post","img":{"alt_text":"","src":"https:\/\/i0.wp.com\/anythingtechnicallc.com\/wp-content\/uploads\/2025\/10\/HyperX-HHSS1C-KB-WT-Cloud-Stinger-Core-White.jpg?fit=1200%2C1062&ssl=1&resize=350%2C200","width":350,"height":200},"classes":[]},{"id":9573,"url":"https:\/\/anythingtechnicallc.com\/index.php\/de\/product\/hyperx-cloud-ii-gaming-headset-7-1-surround-sound-memory-foam-ear-pads-robuster-aluminiumrahmen-abnehmbares-mikrofon-kompatibel-mit-pc-ps5-ps4-xbox-series-xs-xbox-one-rot\/","url_meta":{"origin":9582,"position":1},"title":"HyperX Cloud II &#8211; Gaming Headset, 7.1 Surround Sound, Memory Foam Ear Pads, robuster Aluminiumrahmen, abnehmbares Mikrofon, kompatibel mit PC, PS5, PS4, Xbox Series X|S, Xbox One &#8211; Rot","date":"March 21, 2026","format":false,"excerpt":"15-25kKhz Frequenzgang.Kopfh\u00f6rertyp:Over-Ear.Hinweis : Wenn die Gr\u00f6\u00dfe der Ohrst\u00f6psel nicht mit der Gr\u00f6\u00dfe Ihrer Geh\u00f6rg\u00e4nge \u00fcbereinstimmt oder das Headset nicht richtig in Ihren Ohren getragen wird, erhalten Sie m\u00f6glicherweise nicht die richtige Klangqualit\u00e4t oder Gespr\u00e4chsleistung. Tauschen Sie die Ohrst\u00f6psel gegen solche aus, die besser in Ihr Ohr passen. Entwickelt f\u00fcr Komfort:\u2026","rel":"","context":"Similar post","img":{"alt_text":"","src":"https:\/\/i0.wp.com\/anythingtechnicallc.com\/wp-content\/uploads\/2025\/10\/HyperX-Cloud-II-Gaming-Headset-Red.jpg?fit=1070%2C1200&ssl=1&resize=350%2C200","width":350,"height":200},"classes":[]},{"id":9570,"url":"https:\/\/anythingtechnicallc.com\/index.php\/de\/product\/hyperx-cloud-iii-kabelgebundenes-gaming-headset-pc-ps5-xbox-serie-xs-abgewinkelte-53mm-treiber-dts-spatial-audio-memory-foam-stabiler-rahmen-ultraklares-10mm-mikrofon-usb-c-usb-a-3-5mm-2\/","url_meta":{"origin":9582,"position":2},"title":"HyperX Cloud III &#8211; Kabelgebundenes Gaming-Headset, PC, PS5, Xbox Serie X|S, abgewinkelte 53mm Treiber, DTS Spatial Audio, Memory Foam, stabiler Rahmen, ultraklares 10mm Mikrofon, USB-C, USB-A, 3.5mm &#8211; Schwarz","date":"March 21, 2026","format":false,"excerpt":"Komfort ist K\u00f6nig: Komfort liegt in der DNA des Cloud III. Gebaut f\u00fcr Gamer, die nicht wollen, dass ein unbequemes Headset den Fluss ihrer Full-Combo ruiniert, ihren Speedrun unterbricht oder sie aus der Zone wirft. Audio f\u00fcr Ihre Unterhaltung abgestimmt: Die angewinkelten 53-mm-Treiber wurden von den HyperX-Audioingenieuren so abgestimmt, dass\u2026","rel":"","context":"Similar post","img":{"alt_text":"","src":"https:\/\/i0.wp.com\/anythingtechnicallc.com\/wp-content\/uploads\/2025\/10\/HyperX-Cloud-III-\u2013-Wired-Gaming-Headset-Black.jpg?fit=1117%2C1200&ssl=1&resize=350%2C200","width":350,"height":200},"classes":[]},{"id":9567,"url":"https:\/\/anythingtechnicallc.com\/index.php\/de\/product\/hyperx-cloud-iii-kabelgebundenes-gaming-headset-pc-ps5-xbox-serie-xs-abgewinkelte-53mm-treiber-dts-spatial-audio-memory-foam-stabiler-rahmen-ultraklares-10mm-mikrofon-usb-c-usb-a-3-5mm\/","url_meta":{"origin":9582,"position":3},"title":"HyperX Cloud III &#8211; Kabelgebundenes Gaming-Headset, PC, PS5, Xbox Serie X|S, abgewinkelte 53mm Treiber, DTS Spatial Audio, Memory Foam, stabiler Rahmen, ultraklares 10mm Mikrofon, USB-C, USB-A, 3.5mm &#8211; Schwarz\/Rot","date":"March 21, 2026","format":false,"excerpt":"Komfort ist K\u00f6nig: Komfort liegt in der DNA des Cloud III. Gebaut f\u00fcr Gamer, die nicht wollen, dass ein unbequemes Headset den Fluss ihrer Full-Combo ruiniert, ihren Speedrun unterbricht oder sie aus der Zone wirft. Audio f\u00fcr Ihre Unterhaltung abgestimmt: Die angewinkelten 53-mm-Treiber wurden von den HyperX-Audioingenieuren so abgestimmt, dass\u2026","rel":"","context":"Similar post","img":{"alt_text":"","src":"https:\/\/i0.wp.com\/anythingtechnicallc.com\/wp-content\/uploads\/2025\/10\/HyperX-Cloud-III-\u2013-Wired-Gaming-Headset.jpg?fit=1131%2C1200&ssl=1&resize=350%2C200","width":350,"height":200},"classes":[]},{"id":9576,"url":"https:\/\/anythingtechnicallc.com\/index.php\/de\/product\/hyperx-cloud-iii-kabelgebundenes-gaming-headset-pc-ps5-xbox-serie-xs-abgewinkelte-53mm-treiber-dts-memory-foam-stabiler-rahmen-ultraklares-10mm-mikrofon-usb-c-usb-a-3-5mm-pink\/","url_meta":{"origin":9582,"position":4},"title":"HyperX Cloud III &#8211; Kabelgebundenes Gaming-Headset, PC, PS5, Xbox Serie X|S, abgewinkelte 53mm Treiber, DTS, Memory Foam, stabiler Rahmen, ultraklares 10mm Mikrofon, USB-C, USB-A, 3.5mm &#8211; Pink","date":"March 21, 2026","format":false,"excerpt":"Komfort ist K\u00f6nig: Komfort liegt in der DNA des Cloud III. Gebaut f\u00fcr Gamer, die nicht wollen, dass ein unbequemes Headset den Fluss ihrer Full-Combo ruiniert, ihren Speedrun unterbricht oder sie aus der Zone wirft. Audio f\u00fcr Ihre Unterhaltung abgestimmt: Die angewinkelten 53-mm-Treiber wurden von den HyperX-Audioingenieuren so abgestimmt, dass\u2026","rel":"","context":"Similar post","img":{"alt_text":"","src":"https:\/\/i0.wp.com\/anythingtechnicallc.com\/wp-content\/uploads\/2025\/10\/HyperX-Cloud-III-Pink.jpg?fit=1200%2C1200&ssl=1&resize=350%2C200","width":350,"height":200},"classes":[]},{"id":9561,"url":"https:\/\/anythingtechnicallc.com\/index.php\/de\/product\/hyperx-cloud-alpha-gaming-headset-dual-chamber-drivers-legendaerer-komfort-aluminiumrahmen-abnehmbares-mikrofon-funktioniert-auf-pc-ps4-ps5-xbox-one-series-xs-nintendo-switch-und-handy\/","url_meta":{"origin":9582,"position":5},"title":"HyperX Cloud Alpha &#8211; Gaming Headset, Dual Chamber Drivers, legend\u00e4rer Komfort, Aluminiumrahmen, abnehmbares Mikrofon, funktioniert auf PC, PS4, PS5, Xbox One\/ Series X|S, Nintendo Switch und Handy &#8211; Rot","date":"March 21, 2026","format":false,"excerpt":"Das bahnbrechende Dual Chamber Drivers Design des HyperXTM Cloud Alpha verleiht dem Klang mehr Differenzierung und Klarheit, indem es Verzerrungen reduziert. Die beiden Kammern trennen die B\u00e4sse und sorgen so f\u00fcr einen klareren, sanfteren Klang. Das Cloud Alpha ist mit rotem Premium-Memory-Schaumstoff, einem erweiterten Kopfband und weicherem, biegsamem Kunstleder, einem\u2026","rel":"","context":"Similar post","img":{"alt_text":"","src":"https:\/\/i0.wp.com\/anythingtechnicallc.com\/wp-content\/uploads\/2025\/10\/HyperX-Cloud-Alpha-Gaming-Headset.jpg?fit=1200%2C1200&ssl=1&resize=350%2C200","width":350,"height":200},"classes":[]}],"pll_sync_post":[],"lang":"de","translations":{"de":9582,"en":8485},"_links":{"self":[{"href":"https:\/\/anythingtechnicallc.com\/index.php\/wp-json\/wp\/v2\/product\/9582","targetHints":{"allow":["GET"]}}],"collection":[{"href":"https:\/\/anythingtechnicallc.com\/index.php\/wp-json\/wp\/v2\/product"}],"about":[{"href":"https:\/\/anythingtechnicallc.com\/index.php\/wp-json\/wp\/v2\/types\/product"}],"replies":[{"embeddable":true,"href":"https:\/\/anythingtechnicallc.com\/index.php\/wp-json\/wp\/v2\/comments?post=9582"}],"wp:featuredmedia":[{"embeddable":true,"href":"https:\/\/anythingtechnicallc.com\/index.php\/wp-json\/wp\/v2\/media\/9581"}],"wp:attachment":[{"href":"https:\/\/anythingtechnicallc.com\/index.php\/wp-json\/wp\/v2\/media?parent=9582"}],"wp:term":[{"taxonomy":"product_brand","embeddable":true,"href":"https:\/\/anythingtechnicallc.com\/index.php\/wp-json\/wp\/v2\/product_brand?post=9582"},{"taxonomy":"product_cat","embeddable":true,"href":"https:\/\/anythingtechnicallc.com\/index.php\/wp-json\/wp\/v2\/product_cat?post=9582"},{"taxonomy":"product_tag","embeddable":true,"href":"https:\/\/anythingtechnicallc.com\/index.php\/wp-json\/wp\/v2\/product_tag?post=9582"}],"curies":[{"name":"wp","href":"https:\/\/api.w.org\/{rel}","templated":true}]}}