{"id":9585,"date":"2026-03-21T13:13:28","date_gmt":"2026-03-21T13:13:28","guid":{"rendered":"https:\/\/anythingtechnicallc.com\/?post_type=product&#038;p=9585"},"modified":"2026-03-21T13:13:28","modified_gmt":"2026-03-21T13:13:28","slug":"hyperx-hhss1c-kb-wt-g-cloud-stinger-core-kabelloses-gaming-headset-fuer-ps4-ps5-pc-leichtgewicht-robuste-stahlschieber-mikrofon-mit-geraeuschunterdrueckung-weiss","status":"publish","type":"product","link":"https:\/\/anythingtechnicallc.com\/index.php\/de\/product\/hyperx-hhss1c-kb-wt-g-cloud-stinger-core-kabelloses-gaming-headset-fuer-ps4-ps5-pc-leichtgewicht-robuste-stahlschieber-mikrofon-mit-geraeuschunterdrueckung-weiss\/","title":{"rendered":"HyperX HHSS1C-KB-WT\/G Cloud Stinger Core &#8211; Kabelloses Gaming-Headset, f\u00fcr PS4, PS5, PC, Leichtgewicht, robuste Stahlschieber, Mikrofon mit Ger\u00e4uschunterdr\u00fcckung &#8211; Wei\u00df"},"content":{"rendered":"<div id=\"btf_arenas\" class=\"celwidget\" data-feature-name=\"btf_arenas\" data-csa-c-type=\"widget\" data-csa-c-content-id=\"btf_arenas\" data-csa-c-slot-id=\"btf_arenas\" data-csa-c-asin=\"\" data-csa-c-is-in-initial-active-row=\"false\" data-cel-widget=\"btf_arenas\" data-csa-c-id=\"mw9gyd-72giz3-whnpmn-juil61\">\n<div id=\"productDescription_feature_div\" class=\"celwidget pd_rd_w-bDVuy pd_rd_r-Q1CJSRB7DT1BSAAM95SS pd_rd_wg-a51tn\" data-feature-name=\"productDescription\" data-csa-c-type=\"widget\" data-csa-c-content-id=\"productDescription\" data-csa-c-slot-id=\"productDescription_feature_div\" data-csa-c-asin=\"\" data-csa-c-is-in-initial-active-row=\"false\" data-cel-widget=\"productDescription_feature_div\" data-csa-c-id=\"fkgpuz-v2zjb1-7dfs64-sayp7e\">\n<div>\n<div id=\"productDescription_feature_div\" class=\"a-row feature\" data-feature-name=\"productDescription\" data-template-name=\"productDescription\" data-cel-widget=\"productDescription_feature_div\">\n<div id=\"productDescription\" class=\"a-section a-spacing-small\">\n<p>Genie\u00dfen Sie kabellose Freiheit zu einem gro\u00dfartigen Preis. Das kabellose HyperX Cloud Stinger Core ist ein leichtes, robustes Headset, das f\u00fcr PS5, PS4 und PC-Systeme geeignet ist. Chatten Sie online mit Ihren Freunden und genie\u00dfen Sie dank des ger\u00e4uschunterdr\u00fcckenden Mikrofons eine klare Kommunikation mit Ihrem Team. Tauchen Sie in Ihr Spiel ein und verlieren Sie sich in Ihrem Audio-Entertainment mit dem satten Sound des Cloud Stinger Core. Au\u00dferdem verf\u00fcgt es \u00fcber integrierte Audioregler an der H\u00f6rmuschel und ein praktisches Mikrofon, das Sie stummschalten k\u00f6nnen.<\/p>\n<\/div>\n<\/div>\n<\/div>\n<\/div>\n<div id=\"promotions_feature_div\" class=\"celwidget pd_rd_w-SCcti pd_rd_r-Q1CJSRB7DT1BSAAM95SS pd_rd_wg-a51tn\" data-feature-name=\"promotions\" data-csa-c-type=\"widget\" data-csa-c-content-id=\"promotions\" data-csa-c-slot-id=\"promotions_feature_div\" data-csa-c-asin=\"\" data-csa-c-is-in-initial-active-row=\"false\" data-cel-widget=\"promotions_feature_div\" data-csa-c-id=\"trzfw1-5qm7n9-wlmxw4-z7g5oh\"><\/div>\n<div id=\"renewedProgramDescriptionBtf_feature_div\" class=\"celwidget pd_rd_w-2Xnuk pd_rd_r-Q1CJSRB7DT1BSAAM95SS pd_rd_wg-a51tn\" data-feature-name=\"renewedProgramDescriptionBtf\" data-csa-c-type=\"widget\" data-csa-c-content-id=\"renewedProgramDescriptionBtf\" data-csa-c-slot-id=\"renewedProgramDescriptionBtf_feature_div\" data-csa-c-asin=\"\" data-csa-c-is-in-initial-active-row=\"false\" data-cel-widget=\"renewedProgramDescriptionBtf_feature_div\" data-csa-c-id=\"1492qp-5t6nfp-1psg8f-jntvah\"><\/div>\n<div id=\"aplusSustainabilityStory_feature_div\" class=\"celwidget pd_rd_w-BVLF6 pd_rd_r-Q1CJSRB7DT1BSAAM95SS pd_rd_wg-a51tn\" data-feature-name=\"aplusSustainabilityStory\" data-csa-c-type=\"widget\" data-csa-c-content-id=\"aplusSustainabilityStory\" data-csa-c-slot-id=\"aplusSustainabilityStory_feature_div\" data-csa-c-asin=\"\" data-csa-c-is-in-initial-active-row=\"false\" data-cel-widget=\"aplusSustainabilityStory_feature_div\" data-csa-c-id=\"abbfm3-864bgk-8c8sdv-4nh9zs\"><\/div>\n<\/div>\n<div id=\"postPurchaseSideSheet_MP_feature_div\" class=\"celwidget\" data-feature-name=\"postPurchaseSideSheet_MP\" data-csa-c-type=\"widget\" data-csa-c-content-id=\"postPurchaseSideSheet_MP\" data-csa-c-slot-id=\"postPurchaseSideSheet_MP_feature_div\" data-csa-c-asin=\"\" data-csa-c-is-in-initial-active-row=\"false\" data-cel-widget=\"postPurchaseSideSheet_MP_feature_div\" data-csa-c-id=\"i0ut26-muwf0d-elctj-ccm6ma\"><\/div>\n<div id=\"HLCXComparisonWidget_after_ask-dp-search-3-T2\" class=\"celwidget\" data-feature-name=\"HLCXComparisonWidget_after_ask-dp-search-3-T2\" data-csa-c-type=\"widget\" data-csa-c-content-id=\"HLCXComparisonWidget_after_ask-dp-search-3-T2\" data-csa-c-slot-id=\"HLCXComparisonWidget_after_ask-dp-search-3-T2\" data-csa-c-asin=\"\" data-csa-c-is-in-initial-active-row=\"false\" data-cel-widget=\"HLCXComparisonWidget_after_ask-dp-search-3-T2\" data-csa-c-id=\"gy7ra7-jjbj5d-4e7bor-i2leds\">\n<div id=\"sims-comparisonContainer_feature_div_11\" class=\"celwidget\" data-feature-name=\"sims-comparisonContainer\" data-csa-c-type=\"widget\" data-csa-c-content-id=\"sims-comparisonContainer\" data-csa-c-slot-id=\"sims-comparisonContainer_feature_div_11\" data-csa-c-asin=\"\" data-csa-c-is-in-initial-active-row=\"false\" data-cel-widget=\"sims-comparisonContainer_feature_div_11\" data-csa-c-id=\"470z9a-fvov83-rcoip6-5z1foc\"><\/div>\n<\/div>\n<div id=\"sims-discoveryAndInspiration_feature_div_01\" class=\"celwidget\" data-feature-name=\"sims-discoveryAndInspiration\" data-csa-c-type=\"widget\" data-csa-c-content-id=\"sims-discoveryAndInspiration\" data-csa-c-slot-id=\"sims-discoveryAndInspiration_feature_div_01\" data-csa-c-asin=\"\" data-csa-c-is-in-initial-active-row=\"false\" data-cel-widget=\"sims-discoveryAndInspiration_feature_div_01\" data-csa-c-id=\"gyr1bh-9y0g6i-p863lg-52ymil\">\n<div class=\"celwidget pd_rd_w-1EH2k content-id-amzn1.sym.ccb770a9-35d1-4af6-8af2-bcbd12656fbb pf_rd_p-ccb770a9-35d1-4af6-8af2-bcbd12656fbb pf_rd_r-Q1CJSRB7DT1BSAAM95SS pd_rd_wg-TxPxO pd_rd_r-46ae56d0-6e23-4e5c-915f-3d75cf03ce5e c-f\" data-csa-op-log-render=\"\" data-csa-c-content-id=\"amzn1.sym.ccb770a9-35d1-4af6-8af2-bcbd12656fbb\" data-csa-c-slot-id=\"discovery-and-inspiration-container-1\" data-csa-c-type=\"widget\" data-csa-c-painter=\"multi-brand-video-desktop-cards\" data-cel-widget=\"multi-brand-video-desktop_DetailPage_0\" data-csa-c-id=\"ws2t8e-alq1z1-c1641k-gwt5cy\">\n<div id=\"CardInstanceUo802X_eFbHjxwEhtjLmYQ\" class=\"_multi-brand-video-desktop_style_mbvContainer__2A_sC _multi-brand-video-desktop_MultiBrandVideoDesktop_mbv__R7us8\" data-props=\"{&quot;clientId&quot;:&quot;1311151-2474959-3775717&quot;,&quot;language&quot;:&quot;en-US&quot;,&quot;marketplaceId&quot;:&quot;ATVPDKIKX0DER&quot;,&quot;pageType&quot;:&quot;Detail&quot;,&quot;pageNumber&quot;:&quot;&quot;,&quot;weblabs&quot;:&quot;ADPT_SBV_1041956:T1,ADPT_SBV_DELAY_PLAYBACK_UNTIL_READY_1248744:C,ALF_SUSHI_CLIENT_GATE_1299748:C,MBV_394048:T6,SBV_642751:T1,SBV_672322:T1,SBV_708584:C,SBV_814590:C,SBV_836067:T1,SBV_842986:C&quot;,&quot;widgetGroupId&quot;:&quot;desktop-dp-sims&quot;,&quot;requestId&quot;:&quot;Q1CJSRB7DT1BSAAM95SS&quot;,&quot;searchQuery&quot;:&quot;&quot;,&quot;widgetType&quot;:&quot;multi-brand-video&quot;,&quot;experience&quot;:&quot;Default&quot;,&quot;experienceVariation&quot;:&quot;Default&quot;,&quot;widgetIndex&quot;:&quot;&quot;}\" data-card-metrics-id=\"multi-brand-video-desktop_DetailPage_0\" data-mix-claimed=\"true\">\n<div class=\"a-section _multi-brand-video-desktop_MultiBrandVideoDesktop_desktopMbv__3t-V1\">\n<div class=\"a-begin a-carousel-container a-carousel-display-stretchyGoodness a-carousel-transition-slide _multi-brand-video-desktop_Carousel_carouselContainer__9vpf5 undefined a-carousel-initialized\" role=\"group\" data-a-carousel-options=\"{&quot;hide_off_screen&quot;:true,&quot;minimum_gutter_width&quot;:18,&quot;name&quot;:&quot;mbv-carousel&quot;,&quot;set_size&quot;:4,&quot;single_page_align&quot;:&quot;left&quot;,&quot;circular&quot;:false}\" aria-roledescription=\"carousel\">\n<div class=\"a-row a-carousel-header-row a-size-medium _multi-brand-video-desktop_Carousel_carouselHeading__l5qNS undefined\"><\/div>\n<\/div>\n<\/div>\n<\/div>\n<\/div>\n<\/div>\n","protected":false},"excerpt":{"rendered":"<ul class=\"a-unordered-list a-vertical a-spacing-mini\">\n<li class=\"a-spacing-mini\"><span class=\"a-list-item\">Kabellose Gaming-Qualit\u00e4t: Dank der soliden kabellosen 2,4-GHz-Verbindung in Gaming-Qualit\u00e4t sind Sie frei von Kabeln.<\/span><\/li>\n<li class=\"a-spacing-mini\"><span class=\"a-list-item\">Leichter Komfort: Mit diesem leichten Headset und seinen weichen, atmungsaktiven Ohrpolstern k\u00f6nnen Sie l\u00e4nger spielen.<\/span><\/li>\n<li class=\"a-spacing-mini\"><span class=\"a-list-item\">Fesselnder Klang im Spiel: Die geschlossenen Ohrmuscheln schirmen Ablenkungen ab, w\u00e4hrend die 40-Millimeter-Treiber und der verst\u00e4rkte Bass daf\u00fcr sorgen, dass Sie in Ihr Spiel eintauchen.<\/span><\/li>\n<li class=\"a-spacing-mini\"><span class=\"a-list-item\">Verstellbare Stahlschieber: Die robusten Stahlschieber sorgen f\u00fcr eine bequeme Passform.<\/span><\/li>\n<li class=\"a-spacing-mini\"><span class=\"a-list-item\">Integrierte Audiosteuerung: Praktische Onboard-Audiobedienelemente, mit denen Sie die Lautst\u00e4rke einstellen k\u00f6nnen, ohne in die Systemmen\u00fcs gehen zu m\u00fcssen.<\/span><\/li>\n<li class=\"a-spacing-mini\"><span class=\"a-list-item\">Schwenkbares Mikrofon mit Rauschunterdr\u00fcckung: Das flexible Mikrofon mit Ger\u00e4uschunterdr\u00fcckung sorgt f\u00fcr eine klare Kommunikation mit Ihren Kameraden und kann durch einfaches Schwenken nach oben stumm geschaltet werden.<\/span><\/li>\n<li class=\"a-spacing-mini\"><span class=\"a-list-item\">Kompatibel mit PS5, PS4, PS4 Pro: Kabelloses Gaming-Audio, ideal f\u00fcr PlayStation-Systeme und auch mit dem PC kompatibel.<\/span><\/li>\n<\/ul>\n","protected":false},"featured_media":9584,"comment_status":"open","ping_status":"closed","template":"","meta":{"_et_pb_use_builder":"","_et_pb_old_content":"","_et_gb_content_width":""},"product_brand":[2176],"product_cat":[1578],"product_tag":[],"class_list":{"0":"post-9585","1":"product","2":"type-product","3":"status-publish","4":"has-post-thumbnail","6":"product_brand-hyperx","7":"product_cat-headset","9":"first","10":"instock","11":"sale","12":"taxable","13":"shipping-taxable","14":"purchasable","15":"product-type-simple"},"exclude_global_add_ons":[],"addons":[],"jetpack-related-posts":[{"id":9659,"url":"https:\/\/anythingtechnicallc.com\/index.php\/de\/product\/skullcandy-hesh-3-kabellose-over-the-ear-kopfhoerer-schwarz\/","url_meta":{"origin":9585,"position":0},"title":"Skullcandy &#8211; HESH 3 Kabellose Over-the-Ear Kopfh\u00f6rer &#8211; Schwarz","date":"March 24, 2026","format":false,"excerpt":"Befriedigen Sie Ihre endlose Sehnsucht nach gro\u00dfartigen Kl\u00e4ngen mit diesen Over-Ear-Bluetooth-Kopfh\u00f6rern SkullCandy Hesh 3. Dank der 22-st\u00fcndigen Akkulaufzeit k\u00f6nnen Sie den ganzen Tag nonstop Musik genie\u00dfen, und die 40-mm-Treiber produzieren hochwertigen Klang bei 20 Hz - 20 kHz. Die Memory Foam-Ohrpolster dieses SkullCandy Hesh 3 Bluetooth-Kopfh\u00f6rers sorgen f\u00fcr einen angenehmen\u2026","rel":"","context":"Similar post","img":{"alt_text":"","src":"https:\/\/i0.wp.com\/anythingtechnicallc.com\/wp-content\/uploads\/2026\/01\/Skullcandy-Hesh-3.jpg?fit=1200%2C1200&ssl=1&resize=350%2C200","width":350,"height":200},"classes":[]},{"id":9582,"url":"https:\/\/anythingtechnicallc.com\/index.php\/de\/product\/hyperx-cloudx-stinger-core-kabelloses-gaming-headset-fuer-xbox-serie-xs-und-xbox-one-memory-schaumstoff-premium-kunstleder-ohrpolster-geraeuschunterdrueckung-schwarz\/","url_meta":{"origin":9585,"position":1},"title":"HyperX CloudX Stinger Core &#8211; Kabelloses Gaming-Headset, f\u00fcr Xbox Serie X|S und Xbox One, Memory-Schaumstoff &#038; Premium-Kunstleder-Ohrpolster, Ger\u00e4uschunterdr\u00fcckung, Schwarz","date":"March 21, 2026","format":false,"excerpt":"Offiziell lizenziertes Xbox Headset: Entwickelt f\u00fcr nahtlose Kompatibilit\u00e4t mit Xbox Series X|S und Xbox One Konsolen. Direkte drahtlose Xbox-Verbindung: Hochwertige kabellose Audioqualit\u00e4t auf Tastendruck. Sie ben\u00f6tigen keine zus\u00e4tzlichen drahtlosen Adapter. Eingebauter Headset-Chat-Mixer: Passen Sie die Balance zwischen Spiel- und Chat-Audiopegeln mit den Chat-Mix-Reglern an der Headset-H\u00f6rmuschel an. Immersiver Klang mit\u2026","rel":"","context":"Similar post","img":{"alt_text":"","src":"https:\/\/i0.wp.com\/anythingtechnicallc.com\/wp-content\/uploads\/2025\/10\/HyperX-CloudX-Stinger-Core-Black.jpg?fit=1200%2C1064&ssl=1&resize=350%2C200","width":350,"height":200},"classes":[]},{"id":9686,"url":"https:\/\/anythingtechnicallc.com\/index.php\/de\/product\/gebraucht-rang-a-beats-studio-pro-kabellose-bluetooth-kopfhoerer-mit-geraeuschunterdrueckung-schwarz\/","url_meta":{"origin":9585,"position":2},"title":"Gebraucht Rang A Beats Studio Pro &#8211; Kabellose Bluetooth Kopfh\u00f6rer mit Ger\u00e4uschunterdr\u00fcckung &#8211; Schwarz","date":"March 24, 2026","format":false,"excerpt":"Die CUSTOM ACOUSTIC PLATFORM von BEATS liefert einen satten, mitrei\u00dfenden Klang, egal ob Sie Musik h\u00f6ren oder telefonieren. LOSSLESS AUDIO \u00fcber USB-C plus drei verschiedene integrierte Klangprofile zur Verbesserung Ihres H\u00f6rerlebnisses. H\u00d6REN SIE, WAS SIE WOLLEN mit zwei verschiedenen H\u00f6rmodi: vollst\u00e4ndig adaptive aktive Ger\u00e4uschunterdr\u00fcckung (ANC) und Transparenzmodus. ERWEITERTE KOMPATIBILIT\u00c4T mit\u2026","rel":"","context":"Similar post","img":{"alt_text":"","src":"https:\/\/i0.wp.com\/anythingtechnicallc.com\/wp-content\/uploads\/2026\/01\/516ZqYIXKGL._AC_SL1200_.jpg?fit=836%2C1200&ssl=1&resize=350%2C200","width":350,"height":200},"classes":[]},{"id":9564,"url":"https:\/\/anythingtechnicallc.com\/index.php\/de\/product\/hyperx-cloud-alpha-wireless-gaming-headset-fuer-pc-300-stunden-akkulaufzeit-dts-headphonex-spatial-audio-memory-schaumstoff-doppelkammertreiber-mikrofon-mit-geraeuschunterdrueckung-stabiler-a\/","url_meta":{"origin":9585,"position":3},"title":"HyperX Cloud Alpha Wireless &#8211; Gaming-Headset f\u00fcr PC, 300 Stunden Akkulaufzeit, DTS Headphone:X Spatial Audio, Memory-Schaumstoff, Doppelkammertreiber, Mikrofon mit Ger\u00e4uschunterdr\u00fcckung, stabiler Aluminiumrahmen, Rot","date":"March 21, 2026","format":false,"excerpt":"HyperX-typischer Komfort: Dieses leichte, bequeme Headset mit dem charakteristischen HyperX Memory Foam und atmungsaktivem Kunstleder hilft Ihnen, sich auch bei Marathon-Gaming-Sessions zu konzentrieren. HyperX Zweikammer-Treiber: Das bahnbrechende Zweikammer-Treibersystem des Cloud Alpha Wireless stimmt die Mitten und H\u00f6hen getrennt von den basslastigen B\u00e4ssen ab, um einen unglaublich klaren Klang zu liefern.\u2026","rel":"","context":"Similar post","img":{"alt_text":"","src":"https:\/\/i0.wp.com\/anythingtechnicallc.com\/wp-content\/uploads\/2025\/10\/HyperX-Cloud-Alpha-Wireless-Gaming-Headset.jpg?fit=1200%2C1169&ssl=1&resize=350%2C200","width":350,"height":200},"classes":[]},{"id":9870,"url":"https:\/\/anythingtechnicallc.com\/index.php\/de\/product\/bose-soundlink-home-speaker-premium-tragbarer-und-kabelloser-bluetooth-regal-lautsprecher-bis-zu-9-stunden-akkulaufzeit-cool-grey\/","url_meta":{"origin":9585,"position":4},"title":"Bose SoundLink Home Speaker, Premium, tragbarer und kabelloser Bluetooth Regal-Lautsprecher, bis zu 9 Stunden Akkulaufzeit, Cool Grey","date":"April 8, 2026","format":false,"excerpt":"BEW\u00c4HRTE PREMIUM-AUDIO: Dieser kleine, kabellose Lautsprecher liefert einen klaren, scharfen Sound und hat genug tiefe B\u00e4sse, um jeden Raum zu f\u00fcllen. STEREO, WOHIN SIE AUCH GEHEN: Verst\u00e4rken Sie die Energie, wenn Sie zwei SoundLink Home Speakers f\u00fcr den linken und rechten Kanal koppeln. Verbinden Sie die beiden Lautsprecher einfach \u00fcber\u2026","rel":"","context":"Similar post","img":{"alt_text":"","src":"https:\/\/i0.wp.com\/anythingtechnicallc.com\/wp-content\/uploads\/2026\/03\/Bose-SoundLink-Home-Speaker.jpg?fit=1200%2C1200&ssl=1&resize=350%2C200","width":350,"height":200},"classes":[]},{"id":8959,"url":"https:\/\/anythingtechnicallc.com\/index.php\/de\/product\/skullcandy-inkd-in-ear-wireless-earbuds-8-std-akku-mikrofon-funktioniert-mit-iphone-android-und-bluetooth-geraeten-erneuert\/","url_meta":{"origin":9585,"position":5},"title":"Skullcandy Ink&#8217;d+ In-Ear Wireless Earbuds, 8 Std. Akku, Mikrofon, funktioniert mit iPhone, Android und Bluetooth-Ger\u00e4ten &#8211; Erneuert","date":"March 18, 2026","format":false,"excerpt":"Bluetooth 5.0 bietet kabellose Konnektivit\u00e4t zu Ihrem Ger\u00e4t, w\u00e4hrend die kabelgebundenen Ohrh\u00f6rer sicherstellen, dass nichts verlegt wird. Das ger\u00e4uschisolierende In-Ear-Design schirmt unerw\u00fcnschte Ablenkungen ab, w\u00e4hrend Sie Ihre Musik, Videos oder Telefonate genie\u00dfen. Zus\u00e4tzliche Ohrst\u00f6psel sorgen f\u00fcr einen optimalen Sitz der Ger\u00e4uschisolierung. Genie\u00dfen Sie bis zu 8 Stunden ununterbrochene Musikwiedergabe. Dank\u2026","rel":"","context":"Similar post","img":{"alt_text":"","src":"https:\/\/i0.wp.com\/anythingtechnicallc.com\/wp-content\/uploads\/2024\/09\/71AhohNmiCL._AC_SL1500_.jpg?fit=1032%2C1200&ssl=1&resize=350%2C200","width":350,"height":200},"classes":[]}],"pll_sync_post":[],"lang":"de","translations":{"de":9585,"en":8487},"_links":{"self":[{"href":"https:\/\/anythingtechnicallc.com\/index.php\/wp-json\/wp\/v2\/product\/9585","targetHints":{"allow":["GET"]}}],"collection":[{"href":"https:\/\/anythingtechnicallc.com\/index.php\/wp-json\/wp\/v2\/product"}],"about":[{"href":"https:\/\/anythingtechnicallc.com\/index.php\/wp-json\/wp\/v2\/types\/product"}],"replies":[{"embeddable":true,"href":"https:\/\/anythingtechnicallc.com\/index.php\/wp-json\/wp\/v2\/comments?post=9585"}],"wp:featuredmedia":[{"embeddable":true,"href":"https:\/\/anythingtechnicallc.com\/index.php\/wp-json\/wp\/v2\/media\/9584"}],"wp:attachment":[{"href":"https:\/\/anythingtechnicallc.com\/index.php\/wp-json\/wp\/v2\/media?parent=9585"}],"wp:term":[{"taxonomy":"product_brand","embeddable":true,"href":"https:\/\/anythingtechnicallc.com\/index.php\/wp-json\/wp\/v2\/product_brand?post=9585"},{"taxonomy":"product_cat","embeddable":true,"href":"https:\/\/anythingtechnicallc.com\/index.php\/wp-json\/wp\/v2\/product_cat?post=9585"},{"taxonomy":"product_tag","embeddable":true,"href":"https:\/\/anythingtechnicallc.com\/index.php\/wp-json\/wp\/v2\/product_tag?post=9585"}],"curies":[{"name":"wp","href":"https:\/\/api.w.org\/{rel}","templated":true}]}}