{"id":9588,"date":"2026-03-21T13:13:39","date_gmt":"2026-03-21T13:13:39","guid":{"rendered":"https:\/\/anythingtechnicallc.com\/?post_type=product&#038;p=9588"},"modified":"2026-03-21T13:13:39","modified_gmt":"2026-03-21T13:13:39","slug":"hyperx-cloud-iii-s-kabelloses-gaming-headset-fuer-mehrere-plattformen-2-4ghz-bluetooth-akkulaufzeit-bis-zu-120-stunden-2-4ghz-200-stunden-bluetooth-53mm-abgewinkelte-treiber-abnehmbares-mikro","status":"publish","type":"product","link":"https:\/\/anythingtechnicallc.com\/index.php\/de\/product\/hyperx-cloud-iii-s-kabelloses-gaming-headset-fuer-mehrere-plattformen-2-4ghz-bluetooth-akkulaufzeit-bis-zu-120-stunden-2-4ghz-200-stunden-bluetooth-53mm-abgewinkelte-treiber-abnehmbares-mikro\/","title":{"rendered":"HyperX Cloud III S &#8211; Kabelloses Gaming-Headset f\u00fcr mehrere Plattformen, 2.4GHz, Bluetooth, Akkulaufzeit bis zu 120 Stunden 2.4GHz \/ 200 Stunden Bluetooth, 53mm abgewinkelte Treiber, abnehmbares Mikrofon &#8211; Schwarz"},"content":{"rendered":"<div id=\"productDescription_feature_div\" class=\"celwidget pd_rd_w-D6RsI pd_rd_r-ZCW6WMV5QKXDN61F6519 pd_rd_wg-RQjxq\" data-feature-name=\"productDescription\" data-csa-c-type=\"widget\" data-csa-c-content-id=\"productDescription\" data-csa-c-slot-id=\"productDescription_feature_div\" data-csa-c-asin=\"\" data-csa-c-is-in-initial-active-row=\"false\" data-csa-c-id=\"v8smut-23lv74-r9w3bp-b2hojq\">\n<div>\n<div id=\"productDescription_feature_div\" class=\"a-row feature\" data-feature-name=\"productDescription\" data-template-name=\"productDescription\">\n<div id=\"productDescription\" class=\"a-section a-spacing-small\">\n<p>Die Cloud III S Wireless ist eine Weiterentwicklung der Cloud III, die eine Vielzahl von drahtlosen Optionen wie 2,4 GHz, Bluetooth oder Instant Pair mit ausgew\u00e4hlten OMEN Laptops bietet. Au\u00dferdem bietet sie eine verl\u00e4ngerte Akkulaufzeit und verbesserte Anpassungsm\u00f6glichkeiten. Mit HyperX als jahrzehntelang bew\u00e4hrtem Marktf\u00fchrer f\u00fcr Komfort ist dieses Headset perfekt f\u00fcr ausgedehnte Gaming- oder Streaming-Sessions, mit bis zu 120 Stunden ununterbrochenem Spielen mit einer einzigen Ladung \u00fcber 2,4 GHz. Mit bis zu 200 Stunden im Bluetooth-Modus k\u00f6nnen Sie die Grenzen noch weiter hinausschieben. Die abgewinkelten 53-mm-Treiber und DTS\u00ae Headphone:X\u00ae Spatial Audio sorgen f\u00fcr eine exzellente Klangklarheit und -positionierung, die f\u00fcr Spiele-Audio wie Schritte entscheidend ist. Mit den leicht zug\u00e4nglichen Bedienelementen k\u00f6nnen Sie au\u00dferdem m\u00fchelos stummschalten, die Lautst\u00e4rke anpassen und den Modus wechseln. Ganz gleich, ob Sie spielen, Musik h\u00f6ren oder streamen, mit dem Cloud III S Wireless bleiben Sie immer in Verbindung, ohne wichtige Momente oder Hinweise zu verpassen.<\/p>\n<\/div>\n<\/div>\n<\/div>\n<\/div>\n<div id=\"postPurchaseWhatsInTheBox_MP_feature_div\" class=\"celwidget pd_rd_w-NeUDb pd_rd_r-ZCW6WMV5QKXDN61F6519 pd_rd_wg-RQjxq\" data-feature-name=\"postPurchaseWhatsInTheBox_MP\" data-csa-c-type=\"widget\" data-csa-c-content-id=\"postPurchaseWhatsInTheBox_MP\" data-csa-c-slot-id=\"postPurchaseWhatsInTheBox_MP_feature_div\" data-csa-c-asin=\"\" data-csa-c-is-in-initial-active-row=\"false\" data-csa-c-id=\"4ti3iw-inqt4b-okoiju-qsc2ra\">\n<div id=\"whatsInTheBoxDeck\" class=\"a-section a-spacing-base celwidget\" data-csa-c-id=\"6qd6wy-p9dcjc-4knwbf-whbsea\"><\/div>\n<\/div>\n","protected":false},"excerpt":{"rendered":"<ul class=\"a-unordered-list a-vertical a-spacing-mini\">\n<li class=\"a-spacing-mini\"><span class=\"a-list-item\">Bis zu 120 Stunden Spielzeit im 2.4GHz-Modus. Erweitern Sie die Grenzen mit bis zu 200 Stunden im Bluetooth-Modus.<\/span><\/li>\n<li class=\"a-spacing-mini\"><span class=\"a-list-item\">Die abgewinkelten 53-mm-Treiber wurden von den HyperX-Audioingenieuren so abgestimmt, dass sie ein optimales H\u00f6rerlebnis bieten, das die dynamischen Kl\u00e4nge des Spiels unterstreicht.<\/span><\/li>\n<li class=\"a-spacing-mini\"><span class=\"a-list-item\">Der f\u00fcr HyperX charakteristische Memory-Schaumstoff im Kopfb\u00fcgel und die mit weichem, hochwertigem Kunstleder ummantelten Ohrpolster sorgen f\u00fcr einen rundum bequemen Sitz.<\/span><\/li>\n<li class=\"a-spacing-mini\"><span class=\"a-list-item\">Das vielseitige, abnehmbare 10-mm-Boom-Mikrofon verf\u00fcgt \u00fcber eine LED-Mikrofonstummschaltungsanzeige und einen eingebauten Mesh-Filter, um qualitativ hochwertige Audiosignale f\u00fcr klare Voice-Chats und Anrufe aufzunehmen.<\/span><\/li>\n<li class=\"a-spacing-mini\"><span class=\"a-list-item\">Das Headset ist flexibel und verf\u00fcgt \u00fcber einen Aluminiumrahmen, so dass es gegen Reisen, Unf\u00e4lle, Missgeschicke und routinem\u00e4\u00dfige Abnutzung unempfindlich ist.<\/span><\/li>\n<li class=\"a-spacing-mini\"><span class=\"a-list-item\">\u00dcbernehmen Sie das Kommando \u00fcber Ihr Audioerlebnis mit intuitiven Bedienelementen, darunter ein W\u00e4hlschalter f\u00fcr den Drahtlosmodus, ein Lautst\u00e4rkerad, eine Stummschalttaste und eine Multifunktionstaste f\u00fcr die bequeme Medienwiedergabe und Anrufverwaltung.<\/span><\/li>\n<li class=\"a-spacing-mini\"><span class=\"a-list-item\">Cloud III S Wireless ist kompatibel mit PC, PS5, PS4, Nintendo Switch, Mac, Handy und Bluetooth-Ger\u00e4ten5. USB-A- und USB-C-Anschl\u00fcsse sorgen f\u00fcr maximale Kompatibilit\u00e4t, ganz gleich, wie Sie spielen.<\/span><\/li>\n<\/ul>\n","protected":false},"featured_media":9587,"comment_status":"open","ping_status":"closed","template":"","meta":{"_et_pb_use_builder":"","_et_pb_old_content":"","_et_gb_content_width":""},"product_brand":[2176],"product_cat":[1578],"product_tag":[],"class_list":{"0":"post-9588","1":"product","2":"type-product","3":"status-publish","4":"has-post-thumbnail","6":"product_brand-hyperx","7":"product_cat-headset","9":"first","10":"instock","11":"sale","12":"taxable","13":"shipping-taxable","14":"purchasable","15":"product-type-simple"},"exclude_global_add_ons":[],"addons":[],"jetpack-related-posts":[{"id":9564,"url":"https:\/\/anythingtechnicallc.com\/index.php\/de\/product\/hyperx-cloud-alpha-wireless-gaming-headset-fuer-pc-300-stunden-akkulaufzeit-dts-headphonex-spatial-audio-memory-schaumstoff-doppelkammertreiber-mikrofon-mit-geraeuschunterdrueckung-stabiler-a\/","url_meta":{"origin":9588,"position":0},"title":"HyperX Cloud Alpha Wireless &#8211; Gaming-Headset f\u00fcr PC, 300 Stunden Akkulaufzeit, DTS Headphone:X Spatial Audio, Memory-Schaumstoff, Doppelkammertreiber, Mikrofon mit Ger\u00e4uschunterdr\u00fcckung, stabiler Aluminiumrahmen, Rot","date":"March 21, 2026","format":false,"excerpt":"HyperX-typischer Komfort: Dieses leichte, bequeme Headset mit dem charakteristischen HyperX Memory Foam und atmungsaktivem Kunstleder hilft Ihnen, sich auch bei Marathon-Gaming-Sessions zu konzentrieren. HyperX Zweikammer-Treiber: Das bahnbrechende Zweikammer-Treibersystem des Cloud Alpha Wireless stimmt die Mitten und H\u00f6hen getrennt von den basslastigen B\u00e4ssen ab, um einen unglaublich klaren Klang zu liefern.\u2026","rel":"","context":"Similar post","img":{"alt_text":"","src":"https:\/\/i0.wp.com\/anythingtechnicallc.com\/wp-content\/uploads\/2025\/10\/HyperX-Cloud-Alpha-Wireless-Gaming-Headset.jpg?fit=1200%2C1169&ssl=1&resize=350%2C200","width":350,"height":200},"classes":[]},{"id":9482,"url":"https:\/\/anythingtechnicallc.com\/index.php\/de\/product\/alienware-pro-wireless-gaming-headset-kabelgebunden-drahtlos-bluetooth-5-3-15-minuten-schnelles-aufladen-audioausgang-20-hz-akku-gespraechszeit-anc-eingeschaltet-bis-zu-24-stunden-bluetooth\/","url_meta":{"origin":9588,"position":1},"title":"Alienware Pro Wireless Gaming Headset &#8211; kabelgebunden\/drahtlos, Bluetooth 5.3, 15 Minuten schnelles Aufladen, Audioausgang 20 Hz, Akku-Gespr\u00e4chszeit (ANC eingeschaltet) bis zu 24 Stunden (Bluetooth), Dark Side of The Moon","date":"March 21, 2026","format":false,"excerpt":"Bef\u00fcrwortet von Champions. Entwickelt von Experten. Ein professionelles Gaming-Headset, das mit dem Input und der Expertise von Team Liquid und mehr als 100 anderen esports-Athleten entwickelt wurde. 50-mm-Treiber mit Graphen-Beschichtung: High-Fidelity-Audio, das auf Gaming abgestimmt ist, sorgt f\u00fcr ein noch intensiveres Klangerlebnis. Aktive Ger\u00e4uschunterdr\u00fcckung: Blockieren Sie Au\u00dfenger\u00e4usche und konzentrieren Sie\u2026","rel":"","context":"Similar post","img":{"alt_text":"","src":"https:\/\/i0.wp.com\/anythingtechnicallc.com\/wp-content\/uploads\/2025\/08\/61sbnsp-jSL._AC_SL1500_.jpg?fit=993%2C1200&ssl=1&resize=350%2C200","width":350,"height":200},"classes":[]},{"id":9717,"url":"https:\/\/anythingtechnicallc.com\/index.php\/de\/product\/bose-quietcomfort-45-bluetooth-kopfhoerer-mit-drahtloser-geraeuschunterdrueckung-triple-black-erneuert\/","url_meta":{"origin":9588,"position":2},"title":"Bose QuietComfort 45 Bluetooth Kopfh\u00f6rer mit drahtloser Ger\u00e4uschunterdr\u00fcckung &#8211; Triple Black (Erneuert)","date":"March 24, 2026","format":false,"excerpt":"Kabellose Kopfh\u00f6rer mit Ger\u00e4uschunterdr\u00fcckung - Die perfekte Balance aus Ruhe, Komfort und Klang. Bose verwendet winzige Mikrofone, um Au\u00dfenger\u00e4usche zu messen, zu vergleichen und darauf zu reagieren, indem sie sie mit entgegengesetzten Signalen ausl\u00f6schen. High-Fidelity-Audio - Die akustische TriPort-Architektur bietet Tiefe und F\u00fclle. Der f\u00fcr die Lautst\u00e4rke optimierte Active EQ\u2026","rel":"","context":"Similar post","img":{"alt_text":"","src":"https:\/\/i0.wp.com\/anythingtechnicallc.com\/wp-content\/uploads\/2026\/02\/Bose-QuietComfort-45.jpg?fit=900%2C1200&ssl=1&resize=350%2C200","width":350,"height":200},"classes":[]},{"id":9683,"url":"https:\/\/anythingtechnicallc.com\/index.php\/de\/product\/bose-quietcomfort-ultra-wireless-noise-cancelling-headphones-mit-spatial-audio-over-the-ear-kopfhoerer-mit-mikrofon-bis-zu-24-stunden-akkulaufzeit-white-smoke-renewed\/","url_meta":{"origin":9588,"position":3},"title":"Bose QuietComfort Ultra Wireless Noise Cancelling Headphones mit Spatial Audio, Over-The-Ear-Kopfh\u00f6rer mit Mikrofon, bis zu 24 Stunden Akkulaufzeit, White Smoke (Renewed)","date":"March 24, 2026","format":false,"excerpt":"LEVELED-UP LISTENING: Die Bose QuietComfort Ultra Headphones mit Spatial Audio bieten Ihnen ein immersives Erlebnis, bei dem sich Musik noch realer anf\u00fchlt; die CustomTune Technologie bietet Ihnen einen personalisierten, auf Sie zugeschnittenen Klang. GER\u00c4USCHUNTERDR\u00dcCKUNG DER WELTKLASSE: Diese Kopfh\u00f6rer mit Ger\u00e4uschunterdr\u00fcckung verf\u00fcgen \u00fcber den Quiet Mode, den Aware Mode und den\u2026","rel":"","context":"Similar post","img":{"alt_text":"","src":"https:\/\/i0.wp.com\/anythingtechnicallc.com\/wp-content\/uploads\/2026\/01\/Bose-QuietComfort-Ultra-White-Smoke.jpg?fit=1200%2C1200&ssl=1&resize=350%2C200","width":350,"height":200},"classes":[]},{"id":9570,"url":"https:\/\/anythingtechnicallc.com\/index.php\/de\/product\/hyperx-cloud-iii-kabelgebundenes-gaming-headset-pc-ps5-xbox-serie-xs-abgewinkelte-53mm-treiber-dts-spatial-audio-memory-foam-stabiler-rahmen-ultraklares-10mm-mikrofon-usb-c-usb-a-3-5mm-2\/","url_meta":{"origin":9588,"position":4},"title":"HyperX Cloud III &#8211; Kabelgebundenes Gaming-Headset, PC, PS5, Xbox Serie X|S, abgewinkelte 53mm Treiber, DTS Spatial Audio, Memory Foam, stabiler Rahmen, ultraklares 10mm Mikrofon, USB-C, USB-A, 3.5mm &#8211; Schwarz","date":"March 21, 2026","format":false,"excerpt":"Komfort ist K\u00f6nig: Komfort liegt in der DNA des Cloud III. Gebaut f\u00fcr Gamer, die nicht wollen, dass ein unbequemes Headset den Fluss ihrer Full-Combo ruiniert, ihren Speedrun unterbricht oder sie aus der Zone wirft. Audio f\u00fcr Ihre Unterhaltung abgestimmt: Die angewinkelten 53-mm-Treiber wurden von den HyperX-Audioingenieuren so abgestimmt, dass\u2026","rel":"","context":"Similar post","img":{"alt_text":"","src":"https:\/\/i0.wp.com\/anythingtechnicallc.com\/wp-content\/uploads\/2025\/10\/HyperX-Cloud-III-\u2013-Wired-Gaming-Headset-Black.jpg?fit=1117%2C1200&ssl=1&resize=350%2C200","width":350,"height":200},"classes":[]},{"id":9567,"url":"https:\/\/anythingtechnicallc.com\/index.php\/de\/product\/hyperx-cloud-iii-kabelgebundenes-gaming-headset-pc-ps5-xbox-serie-xs-abgewinkelte-53mm-treiber-dts-spatial-audio-memory-foam-stabiler-rahmen-ultraklares-10mm-mikrofon-usb-c-usb-a-3-5mm\/","url_meta":{"origin":9588,"position":5},"title":"HyperX Cloud III &#8211; Kabelgebundenes Gaming-Headset, PC, PS5, Xbox Serie X|S, abgewinkelte 53mm Treiber, DTS Spatial Audio, Memory Foam, stabiler Rahmen, ultraklares 10mm Mikrofon, USB-C, USB-A, 3.5mm &#8211; Schwarz\/Rot","date":"March 21, 2026","format":false,"excerpt":"Komfort ist K\u00f6nig: Komfort liegt in der DNA des Cloud III. Gebaut f\u00fcr Gamer, die nicht wollen, dass ein unbequemes Headset den Fluss ihrer Full-Combo ruiniert, ihren Speedrun unterbricht oder sie aus der Zone wirft. Audio f\u00fcr Ihre Unterhaltung abgestimmt: Die angewinkelten 53-mm-Treiber wurden von den HyperX-Audioingenieuren so abgestimmt, dass\u2026","rel":"","context":"Similar post","img":{"alt_text":"","src":"https:\/\/i0.wp.com\/anythingtechnicallc.com\/wp-content\/uploads\/2025\/10\/HyperX-Cloud-III-\u2013-Wired-Gaming-Headset.jpg?fit=1131%2C1200&ssl=1&resize=350%2C200","width":350,"height":200},"classes":[]}],"pll_sync_post":[],"lang":"de","translations":{"de":9588,"en":8489},"_links":{"self":[{"href":"https:\/\/anythingtechnicallc.com\/index.php\/wp-json\/wp\/v2\/product\/9588","targetHints":{"allow":["GET"]}}],"collection":[{"href":"https:\/\/anythingtechnicallc.com\/index.php\/wp-json\/wp\/v2\/product"}],"about":[{"href":"https:\/\/anythingtechnicallc.com\/index.php\/wp-json\/wp\/v2\/types\/product"}],"replies":[{"embeddable":true,"href":"https:\/\/anythingtechnicallc.com\/index.php\/wp-json\/wp\/v2\/comments?post=9588"}],"wp:featuredmedia":[{"embeddable":true,"href":"https:\/\/anythingtechnicallc.com\/index.php\/wp-json\/wp\/v2\/media\/9587"}],"wp:attachment":[{"href":"https:\/\/anythingtechnicallc.com\/index.php\/wp-json\/wp\/v2\/media?parent=9588"}],"wp:term":[{"taxonomy":"product_brand","embeddable":true,"href":"https:\/\/anythingtechnicallc.com\/index.php\/wp-json\/wp\/v2\/product_brand?post=9588"},{"taxonomy":"product_cat","embeddable":true,"href":"https:\/\/anythingtechnicallc.com\/index.php\/wp-json\/wp\/v2\/product_cat?post=9588"},{"taxonomy":"product_tag","embeddable":true,"href":"https:\/\/anythingtechnicallc.com\/index.php\/wp-json\/wp\/v2\/product_tag?post=9588"}],"curies":[{"name":"wp","href":"https:\/\/api.w.org\/{rel}","templated":true}]}}