{"id":9591,"date":"2026-03-21T13:14:18","date_gmt":"2026-03-21T13:14:18","guid":{"rendered":"https:\/\/anythingtechnicallc.com\/?post_type=product&#038;p=9591"},"modified":"2026-03-21T13:14:18","modified_gmt":"2026-03-21T13:14:18","slug":"hyperx-cloud-earbuds-ii-14mm-treiber-vier-ohrstoepsel-hartschalenkoffer-low-profile-90-stecker-3-5mm-stecker-integriertes-mikrofon-multifunktionstaste-pc-handy-nintendo-switch-rot","status":"publish","type":"product","link":"https:\/\/anythingtechnicallc.com\/index.php\/de\/product\/hyperx-cloud-earbuds-ii-14mm-treiber-vier-ohrstoepsel-hartschalenkoffer-low-profile-90-stecker-3-5mm-stecker-integriertes-mikrofon-multifunktionstaste-pc-handy-nintendo-switch-rot\/","title":{"rendered":"HyperX Cloud Earbuds II &#8211; 14mm Treiber, vier Ohrst\u00f6psel, Hartschalenkoffer, Low-Profile 90\u00b0 Stecker, 3.5mm Stecker, integriertes Mikrofon, Multifunktionstaste, PC, Handy, Nintendo Switch &#8211; Rot"},"content":{"rendered":"<div id=\"btf_arenas\" class=\"celwidget\" data-feature-name=\"btf_arenas\" data-csa-c-type=\"widget\" data-csa-c-content-id=\"btf_arenas\" data-csa-c-slot-id=\"btf_arenas\" data-csa-c-asin=\"\" data-csa-c-is-in-initial-active-row=\"false\" data-csa-c-id=\"r7wk9p-183ag9-o0zl3x-w6fl1d\">\n<div id=\"productDescription_feature_div\" class=\"celwidget pd_rd_w-hRaEH pd_rd_r-F67YDSK8EC6FTG19W8DB pd_rd_wg-yqFfE\" data-feature-name=\"productDescription\" data-csa-c-type=\"widget\" data-csa-c-content-id=\"productDescription\" data-csa-c-slot-id=\"productDescription_feature_div\" data-csa-c-asin=\"\" data-csa-c-is-in-initial-active-row=\"false\" data-csa-c-id=\"omido0-wfaxi2-xxjyok-x75vcj\">\n<div>\n<div id=\"productDescription_feature_div\" class=\"a-row feature\" data-feature-name=\"productDescription\" data-template-name=\"productDescription\">\n<div id=\"productDescription\" class=\"a-section a-spacing-small\">\n<p>Sie m\u00fcssen kein Headset tragen, um Ihr Spiel ernst zu nehmen. Die HyperX Cloud Earbuds II sind genau das Richtige f\u00fcr Sie, wenn Sie Wert auf hochwertige Audioqualit\u00e4t und praktischen Tragekomfort legen. Mit 14-mm-Treibern, die f\u00fcr die mobile Audiowiedergabe optimiert sind, werden Sie ein gro\u00dfartiges H\u00f6rerlebnis haben, egal ob Sie spielen, Videos ansehen oder ein gutes H\u00f6rbuch oder einen Podcast h\u00f6ren. 4 S\u00e4tze neu gestalteter Ohrst\u00f6psel sorgen daf\u00fcr, dass Sie die richtige Passform f\u00fcr Ihr Ohr erhalten. Die Cloud Earbuds II verf\u00fcgen au\u00dferdem \u00fcber ein flaches 90\u00b0-Kabel, damit Sie sich nicht verheddern, sowie \u00fcber eine praktische Tragetasche. F\u00fcr vielbesch\u00e4ftigte Multitasker k\u00f6nnen Sie dank des eingebauten Mikrofons mit einem Druck auf die Multifunktionstaste3 schnell zwischen mobilem Gaming und der Annahme von Anrufen wechseln. Diese vielseitigen Ohrh\u00f6rer sind kompatibel mit PC1, Nintendo Switch, Steam Deck\u2122 und mobilen Ger\u00e4ten2, die einen 3,5-mm-Anschluss verwenden.<\/p>\n<\/div>\n<\/div>\n<\/div>\n<\/div>\n<div id=\"renewedProgramDescriptionBtf_feature_div\" class=\"celwidget pd_rd_w-mtsLF pd_rd_r-F67YDSK8EC6FTG19W8DB pd_rd_wg-yqFfE\" data-feature-name=\"renewedProgramDescriptionBtf\" data-csa-c-type=\"widget\" data-csa-c-content-id=\"renewedProgramDescriptionBtf\" data-csa-c-slot-id=\"renewedProgramDescriptionBtf_feature_div\" data-csa-c-asin=\"\" data-csa-c-is-in-initial-active-row=\"false\" data-csa-c-id=\"y59v59-rcoso3-xydeix-yr1uet\"><\/div>\n<\/div>\n<div id=\"postPurchaseSideSheet_MP_feature_div\" class=\"celwidget\" data-feature-name=\"postPurchaseSideSheet_MP\" data-csa-c-type=\"widget\" data-csa-c-content-id=\"postPurchaseSideSheet_MP\" data-csa-c-slot-id=\"postPurchaseSideSheet_MP_feature_div\" data-csa-c-asin=\"\" data-csa-c-is-in-initial-active-row=\"false\" data-csa-c-id=\"ei62jr-ozn50m-luanjx-1aenfk\"><\/div>\n<div id=\"HLCXComparisonWidget_after_ask-dp-search-3-T2\" class=\"celwidget\" data-feature-name=\"HLCXComparisonWidget_after_ask-dp-search-3-T2\" data-csa-c-type=\"widget\" data-csa-c-content-id=\"HLCXComparisonWidget_after_ask-dp-search-3-T2\" data-csa-c-slot-id=\"HLCXComparisonWidget_after_ask-dp-search-3-T2\" data-csa-c-asin=\"\" data-csa-c-is-in-initial-active-row=\"false\" data-csa-c-id=\"tnjcqr-oatzm5-57dhsu-5hqk44\">\n<div id=\"sims-comparisonContainer_feature_div_11\" class=\"celwidget\" data-feature-name=\"sims-comparisonContainer\" data-csa-c-type=\"widget\" data-csa-c-content-id=\"sims-comparisonContainer\" data-csa-c-slot-id=\"sims-comparisonContainer_feature_div_11\" data-csa-c-asin=\"\" data-csa-c-is-in-initial-active-row=\"false\" data-csa-c-id=\"b6eq3x-22aljc-99vgf7-vrg1nc\"><\/div>\n<\/div>\n<div id=\"sims-discoveryAndInspiration_feature_div_01\" class=\"celwidget\" data-feature-name=\"sims-discoveryAndInspiration\" data-csa-c-type=\"widget\" data-csa-c-content-id=\"sims-discoveryAndInspiration\" data-csa-c-slot-id=\"sims-discoveryAndInspiration_feature_div_01\" data-csa-c-asin=\"\" data-csa-c-is-in-initial-active-row=\"false\" data-csa-c-id=\"yaa9ps-8zpcuq-4x7p0r-hq85y4\">\n<div class=\"celwidget pd_rd_w-MCPqu content-id-amzn1.sym.ccb770a9-35d1-4af6-8af2-bcbd12656fbb pf_rd_p-ccb770a9-35d1-4af6-8af2-bcbd12656fbb pf_rd_r-F67YDSK8EC6FTG19W8DB pd_rd_wg-H6dDR pd_rd_r-89027efc-099e-42b0-8403-b3649931d0f3 c-f\" data-csa-op-log-render=\"\" data-csa-c-content-id=\"amzn1.sym.ccb770a9-35d1-4af6-8af2-bcbd12656fbb\" data-csa-c-slot-id=\"discovery-and-inspiration-container-1\" data-csa-c-type=\"widget\" data-csa-c-painter=\"multi-brand-video-desktop-cards\" data-csa-c-id=\"99zjtq-oumzd9-qgbz2m-d3b6tv\">\n<div id=\"CardInstanceTNFmkb6XwQTs1YSDs03FPQ\" class=\"_multi-brand-video-desktop_style_mbvContainer__2A_sC _multi-brand-video-desktop_MultiBrandVideoDesktop_mbv__R7us8\" data-props=\"{&quot;clientId&quot;:&quot;1348328-2009368-3530780&quot;,&quot;language&quot;:&quot;en-US&quot;,&quot;marketplaceId&quot;:&quot;ATVPDKIKX0DER&quot;,&quot;pageType&quot;:&quot;Detail&quot;,&quot;pageNumber&quot;:&quot;&quot;,&quot;weblabs&quot;:&quot;ADPT_SBV_1041956:T1,ADPT_SBV_DELAY_PLAYBACK_UNTIL_READY_1248744:C,ALF_SUSHI_CLIENT_GATE_1299748:C,MBV_394048:T6,SBV_642751:T1,SBV_672322:T1,SBV_708584:C,SBV_814590:C,SBV_836067:T1,SBV_842986:C&quot;,&quot;widgetGroupId&quot;:&quot;desktop-dp-sims&quot;,&quot;requestId&quot;:&quot;F67YDSK8EC6FTG19W8DB&quot;,&quot;searchQuery&quot;:&quot;&quot;,&quot;widgetType&quot;:&quot;multi-brand-video&quot;,&quot;experience&quot;:&quot;Default&quot;,&quot;experienceVariation&quot;:&quot;Default&quot;,&quot;widgetIndex&quot;:&quot;&quot;}\" data-card-metrics-id=\"multi-brand-video-desktop_DetailPage_0\" data-mix-claimed=\"true\">\n<div class=\"a-section _multi-brand-video-desktop_MultiBrandVideoDesktop_desktopMbv__3t-V1\">\n<div class=\"a-begin a-carousel-container a-carousel-display-stretchyGoodness a-carousel-transition-slide _multi-brand-video-desktop_Carousel_carouselContainer__9vpf5 undefined a-carousel-initialized\" role=\"group\" data-a-carousel-options=\"{&quot;hide_off_screen&quot;:true,&quot;minimum_gutter_width&quot;:18,&quot;name&quot;:&quot;mbv-carousel&quot;,&quot;set_size&quot;:2,&quot;single_page_align&quot;:&quot;left&quot;,&quot;circular&quot;:false}\" aria-roledescription=\"carousel\">\n<div class=\"a-row a-carousel-header-row a-size-medium _multi-brand-video-desktop_Carousel_carouselHeading__l5qNS undefined\"><\/div>\n<\/div>\n<\/div>\n<\/div>\n<\/div>\n<\/div>\n","protected":false},"excerpt":{"rendered":"<ul class=\"a-unordered-list a-vertical a-spacing-mini\">\n<li class=\"a-spacing-mini\"><span class=\"a-list-item\">Optimiert f\u00fcr Spiele und Audio unterwegs: Die Cloud Earbuds II sorgen mit 14-mm-Treibern f\u00fcr ein beeindruckendes Klangerlebnis, egal ob Sie spielen, Streams ansehen oder ein gutes Buch lesen.<\/span><\/li>\n<li class=\"a-spacing-mini\"><span class=\"a-list-item\">4 mitgelieferte Ohrst\u00f6pselgr\u00f6\u00dfen &#8211; Finden Sie Ihre ideale Passform: Mit den 4 Gr\u00f6\u00dfen unserer neu gestalteten Ohrst\u00f6psel, die von gro\u00df bis extra klein reichen, sollten Sie kein Problem haben, den perfekten Sitz f\u00fcr Ihre Ohren zu finden.<\/span><\/li>\n<li class=\"a-spacing-mini\"><span class=\"a-list-item\">Hartschalenetui f\u00fcr einfachen Transport und Aufbewahrung: In der praktischen Tragetasche k\u00f6nnen Sie Ihre Ohrst\u00f6psel leicht verpacken und sch\u00fctzen.<\/span><\/li>\n<li class=\"a-spacing-mini\"><span class=\"a-list-item\">Flacher 90\u00b0-Stecker f\u00fcr weniger H\u00e4ngenbleiben: Mit einem flachen Stecker, der sich nicht verdrehen und verheddern kann, und einem flachen, abgewinkelten Stecker l\u00f6sen die Cloud Earbuds II die meisten Probleme, die bei kabelgebundenen Ohrh\u00f6rern auftreten.<\/span><\/li>\n<li class=\"a-spacing-mini\"><span class=\"a-list-item\">Eingebautes Mikrofon und mobile Multifunktionstaste: Nehmen Sie mit dem kristallklaren Mikrofon Anrufe entgegen oder \u00fcbernehmen Sie das Kommando \u00fcber Ihre Gruppe. Mit der Multifunktionstaste k\u00f6nnen Sie schnell auf einen Anruf reagieren oder Ihre Medien auf unterst\u00fctzten Ger\u00e4ten steuern.<\/span><\/li>\n<\/ul>\n","protected":false},"featured_media":9590,"comment_status":"open","ping_status":"closed","template":"","meta":{"_et_pb_use_builder":"","_et_pb_old_content":"","_et_gb_content_width":""},"product_brand":[2176],"product_cat":[1578],"product_tag":[],"class_list":{"0":"post-9591","1":"product","2":"type-product","3":"status-publish","4":"has-post-thumbnail","6":"product_brand-hyperx","7":"product_cat-headset","9":"first","10":"instock","11":"sale","12":"taxable","13":"shipping-taxable","14":"purchasable","15":"product-type-simple"},"exclude_global_add_ons":[],"addons":[],"jetpack-related-posts":[{"id":9573,"url":"https:\/\/anythingtechnicallc.com\/index.php\/de\/product\/hyperx-cloud-ii-gaming-headset-7-1-surround-sound-memory-foam-ear-pads-robuster-aluminiumrahmen-abnehmbares-mikrofon-kompatibel-mit-pc-ps5-ps4-xbox-series-xs-xbox-one-rot\/","url_meta":{"origin":9591,"position":0},"title":"HyperX Cloud II &#8211; Gaming Headset, 7.1 Surround Sound, Memory Foam Ear Pads, robuster Aluminiumrahmen, abnehmbares Mikrofon, kompatibel mit PC, PS5, PS4, Xbox Series X|S, Xbox One &#8211; Rot","date":"March 21, 2026","format":false,"excerpt":"15-25kKhz Frequenzgang.Kopfh\u00f6rertyp:Over-Ear.Hinweis : Wenn die Gr\u00f6\u00dfe der Ohrst\u00f6psel nicht mit der Gr\u00f6\u00dfe Ihrer Geh\u00f6rg\u00e4nge \u00fcbereinstimmt oder das Headset nicht richtig in Ihren Ohren getragen wird, erhalten Sie m\u00f6glicherweise nicht die richtige Klangqualit\u00e4t oder Gespr\u00e4chsleistung. Tauschen Sie die Ohrst\u00f6psel gegen solche aus, die besser in Ihr Ohr passen. Entwickelt f\u00fcr Komfort:\u2026","rel":"","context":"Similar post","img":{"alt_text":"","src":"https:\/\/i0.wp.com\/anythingtechnicallc.com\/wp-content\/uploads\/2025\/10\/HyperX-Cloud-II-Gaming-Headset-Red.jpg?fit=1070%2C1200&ssl=1&resize=350%2C200","width":350,"height":200},"classes":[]},{"id":9602,"url":"https:\/\/anythingtechnicallc.com\/index.php\/de\/product\/bose-quietcomfort-earbuds-ii-drahtlos-bluetooth-die-weltbesten-in-ear-kopfhoerer-mit-personalisierter-geraeuschunterdrueckung-sound-speckstein-erneuert\/","url_meta":{"origin":9591,"position":1},"title":"Bose QuietComfort Earbuds II, drahtlos, Bluetooth, die weltbesten In-Ear-Kopfh\u00f6rer mit personalisierter Ger\u00e4uschunterdr\u00fcckung &#038; Sound, Speckstein (erneuert)","date":"March 24, 2026","format":false,"excerpt":"QUIETCOMFORT EARBUDS II: Diese neuen kabellosen Bluetooth-Ohrh\u00f6rer mit Ger\u00e4uschunterdr\u00fcckung von Bose wurden nicht nach einem Einheitsschema entwickelt. Diese kabellosen Ohrh\u00f6rer der n\u00e4chsten Generation sind so konzipiert, dass sie zu Ihnen passen. Sie passen die Ger\u00e4uschunterdr\u00fcckung und die Klangleistung intelligent an, damit Sie ungest\u00f6rt und mitrei\u00dfend h\u00f6ren k\u00f6nnen, wo immer Sie\u2026","rel":"","context":"Similar post","img":{"alt_text":"","src":"https:\/\/i0.wp.com\/anythingtechnicallc.com\/wp-content\/uploads\/2025\/10\/41EDZfsEA4L._AC_SL1500_.jpg?fit=1026%2C1129&ssl=1&resize=350%2C200","width":350,"height":200},"classes":[]},{"id":9677,"url":"https:\/\/anythingtechnicallc.com\/index.php\/de\/product\/bose-quietcomfort-earbuds-ii-drahtlos-bluetooth-weltbeste-in-ear-kopfhoerer-mit-personalisierter-geraeuschunterdrueckung-sound-triple-black-erneuert\/","url_meta":{"origin":9591,"position":2},"title":"Bose QuietComfort Earbuds II, drahtlos, Bluetooth, weltbeste In-Ear-Kopfh\u00f6rer mit personalisierter Ger\u00e4uschunterdr\u00fcckung &#038; Sound, Triple Black (Erneuert)","date":"March 24, 2026","format":false,"excerpt":"QUIETCOMFORT EARBUDS II: Diese neuen kabellosen Bluetooth-Ohrh\u00f6rer mit Ger\u00e4uschunterdr\u00fcckung von BOSE wurden nicht nach einem Einheitsschema entwickelt. Diese kabellosen Ohrh\u00f6rer der n\u00e4chsten Generation sind so konzipiert, dass sie zu Ihnen passen. Sie passen die Ger\u00e4uschunterdr\u00fcckung und die Klangleistung intelligent an, damit Sie ungest\u00f6rt und mitrei\u00dfend h\u00f6ren k\u00f6nnen, wo immer Sie\u2026","rel":"","context":"Similar post","img":{"alt_text":"","src":"https:\/\/i0.wp.com\/anythingtechnicallc.com\/wp-content\/uploads\/2026\/01\/Bose-QuietComfort-Earbuds-II-Black.jpg?fit=1200%2C1200&ssl=1&resize=350%2C200","width":350,"height":200},"classes":[]},{"id":9970,"url":"https:\/\/anythingtechnicallc.com\/index.php\/de\/product\/bose-quietcomfort-noise-cancelling-earbuds-bluetooth-wireless-earphones-triple-black-erneuert-2\/","url_meta":{"origin":9591,"position":3},"title":"Bose QuietComfort Noise Cancelling Earbuds-Bluetooth Wireless Earphones, Triple Black (Erneuert)","date":"April 16, 2026","format":false,"excerpt":"Ohrh\u00f6rer mit Ger\u00e4uschunterdr\u00fcckung - Entwickelt mit der effektivsten Ger\u00e4uschunterdr\u00fcckung der Welt. Die steuerbare Ger\u00e4uschunterdr\u00fcckung von Bose und der vollst\u00e4ndige Transparenzmodus erm\u00f6glichen es Ihnen, Ablenkungen zu eliminieren, Ihre Umgebung hereinzulassen oder ein bisschen von allem. High-Fidelity-Audio - Eine exklusive akustische Architektur erweckt Ihre Musik, Podcasts und Videos zum Leben, w\u00e4hrend der\u2026","rel":"","context":"Similar post","img":{"alt_text":"","src":"https:\/\/i0.wp.com\/anythingtechnicallc.com\/wp-content\/uploads\/2026\/03\/Bose-QuietComfort-Earbuds.jpg?fit=1200%2C900&ssl=1&resize=350%2C200","width":350,"height":200},"classes":[]},{"id":8959,"url":"https:\/\/anythingtechnicallc.com\/index.php\/de\/product\/skullcandy-inkd-in-ear-wireless-earbuds-8-std-akku-mikrofon-funktioniert-mit-iphone-android-und-bluetooth-geraeten-erneuert\/","url_meta":{"origin":9591,"position":4},"title":"Skullcandy Ink&#8217;d+ In-Ear Wireless Earbuds, 8 Std. Akku, Mikrofon, funktioniert mit iPhone, Android und Bluetooth-Ger\u00e4ten &#8211; Erneuert","date":"March 18, 2026","format":false,"excerpt":"Bluetooth 5.0 bietet kabellose Konnektivit\u00e4t zu Ihrem Ger\u00e4t, w\u00e4hrend die kabelgebundenen Ohrh\u00f6rer sicherstellen, dass nichts verlegt wird. Das ger\u00e4uschisolierende In-Ear-Design schirmt unerw\u00fcnschte Ablenkungen ab, w\u00e4hrend Sie Ihre Musik, Videos oder Telefonate genie\u00dfen. Zus\u00e4tzliche Ohrst\u00f6psel sorgen f\u00fcr einen optimalen Sitz der Ger\u00e4uschisolierung. Genie\u00dfen Sie bis zu 8 Stunden ununterbrochene Musikwiedergabe. Dank\u2026","rel":"","context":"Similar post","img":{"alt_text":"","src":"https:\/\/i0.wp.com\/anythingtechnicallc.com\/wp-content\/uploads\/2024\/09\/71AhohNmiCL._AC_SL1500_.jpg?fit=1032%2C1200&ssl=1&resize=350%2C200","width":350,"height":200},"classes":[]},{"id":9852,"url":"https:\/\/anythingtechnicallc.com\/index.php\/de\/product\/shokz-openfit-air-offene-kopfhoerer-true-wireless-earbuds-wasserfest-sichere-ohrbuegel-fuer-den-taeglichen-gebrauch-schwarz\/","url_meta":{"origin":9591,"position":5},"title":"SHOKZ OpenFit Air &#8211; Offene Kopfh\u00f6rer, True Wireless Earbuds, wasserfest, sichere Ohrb\u00fcgel f\u00fcr den t\u00e4glichen Gebrauch, Schwarz","date":"April 8, 2026","format":false,"excerpt":"Ausgekl\u00fcgelte Passform - Entwickelt f\u00fcr verbesserten Komfort mit unserem charakteristischen Open-Ear-Konzept und einem anpassungsf\u00e4higen Ohrb\u00fcgel, der nur 0,3 Unzen wiegt. Diese offenen Ohrst\u00f6psel sind so konstruiert, dass sie sicher an ihrem Platz bleiben. Erstklassiger Klang - Die Shokz DirectPitch-Technologie und die innovativen Stimml\u00f6cher sorgen f\u00fcr einen pr\u00e4zisen, nat\u00fcrlichen Klang mit\u2026","rel":"","context":"Similar post","img":{"alt_text":"","src":"https:\/\/i0.wp.com\/anythingtechnicallc.com\/wp-content\/uploads\/2026\/03\/51VAvyw9MvL._AC_SL1500_.jpg?fit=862%2C1122&ssl=1&resize=350%2C200","width":350,"height":200},"classes":[]}],"pll_sync_post":[],"lang":"de","translations":{"de":9591,"en":8491},"_links":{"self":[{"href":"https:\/\/anythingtechnicallc.com\/index.php\/wp-json\/wp\/v2\/product\/9591","targetHints":{"allow":["GET"]}}],"collection":[{"href":"https:\/\/anythingtechnicallc.com\/index.php\/wp-json\/wp\/v2\/product"}],"about":[{"href":"https:\/\/anythingtechnicallc.com\/index.php\/wp-json\/wp\/v2\/types\/product"}],"replies":[{"embeddable":true,"href":"https:\/\/anythingtechnicallc.com\/index.php\/wp-json\/wp\/v2\/comments?post=9591"}],"wp:featuredmedia":[{"embeddable":true,"href":"https:\/\/anythingtechnicallc.com\/index.php\/wp-json\/wp\/v2\/media\/9590"}],"wp:attachment":[{"href":"https:\/\/anythingtechnicallc.com\/index.php\/wp-json\/wp\/v2\/media?parent=9591"}],"wp:term":[{"taxonomy":"product_brand","embeddable":true,"href":"https:\/\/anythingtechnicallc.com\/index.php\/wp-json\/wp\/v2\/product_brand?post=9591"},{"taxonomy":"product_cat","embeddable":true,"href":"https:\/\/anythingtechnicallc.com\/index.php\/wp-json\/wp\/v2\/product_cat?post=9591"},{"taxonomy":"product_tag","embeddable":true,"href":"https:\/\/anythingtechnicallc.com\/index.php\/wp-json\/wp\/v2\/product_tag?post=9591"}],"curies":[{"name":"wp","href":"https:\/\/api.w.org\/{rel}","templated":true}]}}