{"id":9599,"date":"2026-03-24T10:11:14","date_gmt":"2026-03-24T10:11:14","guid":{"rendered":"https:\/\/anythingtechnicallc.com\/?post_type=product&#038;p=9599"},"modified":"2026-03-24T10:11:15","modified_gmt":"2026-03-24T10:11:15","slug":"renewed-bose-quietcomfort-bluetooth-earbuds-true-wireless-earbuds-mit-aktiver-geraeuschunterdrueckung-und-mikrofon-tiefer-bass-ipx4-bewertung-bis-zu-85-stunden-spielzeit-schwarz","status":"publish","type":"product","link":"https:\/\/anythingtechnicallc.com\/index.php\/de\/product\/renewed-bose-quietcomfort-bluetooth-earbuds-true-wireless-earbuds-mit-aktiver-geraeuschunterdrueckung-und-mikrofon-tiefer-bass-ipx4-bewertung-bis-zu-85-stunden-spielzeit-schwarz\/","title":{"rendered":"Renewed Bose QuietComfort Bluetooth Earbuds, True Wireless Earbuds mit aktiver Ger\u00e4uschunterdr\u00fcckung und Mikrofon, tiefer Bass, IPX4 Bewertung, bis zu 8,5 Stunden Spielzeit, Schwarz"},"content":{"rendered":"<ul class=\"a-unordered-list a-vertical a-spacing-mini\">\n<li class=\"a-spacing-mini\"><span class=\"a-list-item\">TON OHNE KOMPROMISS: Nutzen Sie den Tag auf Ihre Weise und trotzen Sie den Ablenkungen mit diesen kabellosen Bluetooth-Kopfh\u00f6rern mit weltbekannter Ger\u00e4uschunterdr\u00fcckung f\u00fcr ein H\u00f6rerlebnis, das den Alltag zu einem Epos macht. <\/span><\/li>\n<li class=\"a-spacing-mini\"><span class=\"a-list-item\">LEISTUNGSSTARKES, BEW\u00c4HRTES AUDIO: Diese kabellosen Bluetooth-Kopfh\u00f6rer mit IPX4-Klassifizierung bieten eine bemerkenswerte Klangqualit\u00e4t f\u00fcr ein beeindruckendes H\u00f6rerlebnis, das alle T\u00f6ne richtig trifft. <\/span><\/li>\n<li class=\"a-spacing-mini\"><span class=\"a-list-item\">SEIZE-THE-DAY STAYING POWER: Mit diesen Bluetooth-Ohrh\u00f6rern mit Ger\u00e4uschunterdr\u00fcckung k\u00f6nnen Sie bis zu 8,5 Stunden* h\u00f6ren und eine schnelle 20-min\u00fctige Aufladung in der kabellosen H\u00fclle verl\u00e4ngert die Wiedergabe um bis zu 2 Stunden***. <\/span><\/li>\n<li class=\"a-spacing-mini\"><span class=\"a-list-item\">EINE PASSFORM, DIE NICHT AUFGEHT: Damit Sie die perfekte Passform erreichen, sind drei verschiedene Gr\u00f6\u00dfen von Ohrst\u00f6pseln und Stabilit\u00e4tsb\u00e4ndern im Lieferumfang enthalten, damit sich Ihre Bluetooth-Ohrh\u00f6rer bequem, eng anliegend und sicher anf\u00fchlen. <\/span><\/li>\n<li class=\"a-spacing-mini\"><span class=\"a-list-item\">HANDS-FREE, HASSLE-FREE SWITCHING: Mit Bluetooth-Multipoint k\u00f6nnen Sie die Bluetooth-Ohrh\u00f6rer nahtlos mit mehreren Ger\u00e4ten gleichzeitig verbinden, w\u00e4hrend die Bluetooth 5.3-Technologie die Verbindung in einer Entfernung von bis zu 30 Fu\u00df zu Ihrem Ger\u00e4t aufrecht erh\u00e4lt. <\/span><\/li>\n<li class=\"a-spacing-mini\"><span class=\"a-list-item\">KONTROLLE AN IHREN FINGERSPITZEN: Diese kabellosen Bluetooth-Ohrh\u00f6rer verf\u00fcgen \u00fcber anpassbare Tap-Control-Tasten, mit denen Sie Songs \u00fcberspringen, die Lautst\u00e4rke erh\u00f6hen und die Wiedergabe nach Belieben pausieren und wiedergeben k\u00f6nnen. <\/span><\/li>\n<li class=\"a-spacing-mini\"><span class=\"a-list-item\">VOLLSTE KONTROLLE MIT DER BOSE QCE APP: Steuern Sie nahtlos EQ-Einstellungen wie B\u00e4sse, Mitten und H\u00f6hen, um den Klang perfekt anzupassen, oder verwenden Sie die App, um die Akkulaufzeit zu \u00fcberpr\u00fcfen und angeschlossene Ger\u00e4te zu verwalten. <\/span><\/li>\n<\/ul>\n","protected":false},"excerpt":{"rendered":"<ul class=\"a-unordered-list a-vertical a-spacing-mini\">\n<li class=\"a-spacing-mini\"><span class=\"a-list-item\">TON OHNE KOMPROMISS: Nutzen Sie den Tag auf Ihre Weise und trotzen Sie den Ablenkungen mit diesen kabellosen Bluetooth-Kopfh\u00f6rern mit weltbekannter Ger\u00e4uschunterdr\u00fcckung f\u00fcr ein H\u00f6rerlebnis, das den Alltag zu einem Epos macht. <\/span><\/li>\n<li class=\"a-spacing-mini\"><span class=\"a-list-item\">LEISTUNGSSTARKES, BEW\u00c4HRTES AUDIO: Diese kabellosen Bluetooth-Kopfh\u00f6rer mit IPX4-Klassifizierung bieten eine bemerkenswerte Klangqualit\u00e4t f\u00fcr ein befriedigendes H\u00f6rerlebnis, das genau die richtigen T\u00f6ne trifft. <\/span><\/li>\n<li class=\"a-spacing-mini\"><span class=\"a-list-item\">SEIZE-THE-DAY STAYING POWER: Mit diesen Bluetooth-Ohrh\u00f6rern mit Ger\u00e4uschunterdr\u00fcckung k\u00f6nnen Sie bis zu 8,5 Stunden* h\u00f6ren und eine schnelle 20-min\u00fctige Aufladung in der kabellosen H\u00fclle verl\u00e4ngert die Wiedergabe um bis zu 2 Stunden***. <\/span><\/li>\n<li class=\"a-spacing-mini\"><span class=\"a-list-item\">EINE PASSFORM, DIE NICHT AUFGEHT: Damit Sie die perfekte Passform erreichen, sind drei verschiedene Gr\u00f6\u00dfen von Ohrst\u00f6pseln und Stabilit\u00e4tsb\u00e4ndern im Lieferumfang enthalten, damit sich Ihre Bluetooth-Ohrh\u00f6rer bequem, eng anliegend und sicher anf\u00fchlen. <\/span><\/li>\n<li class=\"a-spacing-mini\"><span class=\"a-list-item\">HANDS-FREE, HASSLE-FREE SWITCHING: Mit Bluetooth-Multipoint k\u00f6nnen Sie die Bluetooth-Ohrh\u00f6rer nahtlos mit mehreren Ger\u00e4ten gleichzeitig verbinden, w\u00e4hrend die Bluetooth 5.3-Technologie die Verbindung in einer Entfernung von bis zu 30 Fu\u00df zu Ihrem Ger\u00e4t aufrecht erh\u00e4lt. <\/span><\/li>\n<li class=\"a-spacing-mini\"><span class=\"a-list-item\">KONTROLLE AN IHREN FINGERSPITZEN: Diese kabellosen Bluetooth-Ohrh\u00f6rer verf\u00fcgen \u00fcber anpassbare Tap-Control-Tasten, mit denen Sie Songs \u00fcberspringen, die Lautst\u00e4rke erh\u00f6hen und die Wiedergabe nach Belieben pausieren und wiedergeben k\u00f6nnen. <\/span><\/li>\n<li class=\"a-spacing-mini\"><span class=\"a-list-item\">VOLLSTE KONTROLLE MIT DER BOSE QCE APP: Steuern Sie nahtlos EQ-Einstellungen wie B\u00e4sse, Mitten und H\u00f6hen, um den Klang perfekt anzupassen, oder verwenden Sie die App, um die Akkulaufzeit zu \u00fcberpr\u00fcfen und angeschlossene Ger\u00e4te zu verwalten. <\/span><\/li>\n<\/ul>\n","protected":false},"featured_media":9598,"comment_status":"open","ping_status":"closed","template":"","meta":{"_et_pb_use_builder":"","_et_pb_old_content":"","_et_gb_content_width":""},"product_brand":[],"product_cat":[1578],"product_tag":[],"class_list":{"0":"post-9599","1":"product","2":"type-product","3":"status-publish","4":"has-post-thumbnail","6":"product_cat-headset","8":"first","9":"instock","10":"sale","11":"taxable","12":"shipping-taxable","13":"purchasable","14":"product-type-simple"},"exclude_global_add_ons":[],"addons":[],"jetpack-related-posts":[{"id":9861,"url":"https:\/\/anythingtechnicallc.com\/index.php\/de\/product\/gebrauchte-bose-quietcomfort-earbuds-true-wireless-bluetooth-earbuds-mit-aktiver-geraeuschunterdrueckung-und-mikrofon-usb-c-aufladung-ipx4-bewertung-bis-zu-85-stunden-spielzeit-schwarz\/","url_meta":{"origin":9599,"position":0},"title":"Gebrauchte Bose QuietComfort Earbuds &#8211; True Wireless Bluetooth Earbuds mit aktiver Ger\u00e4uschunterdr\u00fcckung und Mikrofon, USB-C Aufladung, IPX4 Bewertung, bis zu 8,5 Stunden Spielzeit, Schwarz","date":"April 8, 2026","format":false,"excerpt":"KLANG OHNE KOMPROMISS: Nutzen Sie den Tag auf Ihre Weise und trotzen Sie Ablenkungen mit diesen kabellosen Ohrh\u00f6rern mit weltbekannter Ger\u00e4uschunterdr\u00fcckung f\u00fcr ein H\u00f6rerlebnis, das den Alltag episch erscheinen l\u00e4sst. SEIZE-THE-DAY STAYING POWER: Diese Ohrh\u00f6rer mit Ger\u00e4uschunterdr\u00fcckung lassen sich kabellos aufladen und erm\u00f6glichen Ihnen eine H\u00f6rdauer von bis zu 8,5\u2026","rel":"","context":"Similar post","img":{"alt_text":"","src":"https:\/\/i0.wp.com\/anythingtechnicallc.com\/wp-content\/uploads\/2026\/03\/Bose-QuietComfort-Earbuds.jpg?fit=1200%2C900&ssl=1&resize=350%2C200","width":350,"height":200},"classes":[]},{"id":9916,"url":"https:\/\/anythingtechnicallc.com\/index.php\/de\/product\/bose-quietcomfort-noise-cancelling-earbuds-bluetooth-wireless-earphones-triple-black-erneuert\/","url_meta":{"origin":9599,"position":1},"title":"Bose QuietComfort Noise Cancelling Earbuds-Bluetooth Wireless Earphones, Triple Black (Erneuert)","date":"April 15, 2026","format":false,"excerpt":"Besserer Klang beginnt mit besserer Stille. Deshalb hat Bose die QuietComfort Earbuds mit der effektivsten Ger\u00e4uschunterdr\u00fcckung der Welt und High-Fidelity-Audio entwickelt. Denn wenn Sie Ablenkungen ausschalten, steigt die Musik und damit auch die Leidenschaft. Backen. Programmieren. Klettern. Und alles andere, was Sie ausmacht - Sie selbst. Unsere steuerbare Ger\u00e4uschunterdr\u00fcckung erm\u00f6glicht\u2026","rel":"","context":"Similar post","img":{"alt_text":"","src":"https:\/\/i0.wp.com\/anythingtechnicallc.com\/wp-content\/uploads\/2026\/04\/Bose-QuietComfort-Noise-Cancelling-Earbuds-Bluetooth-Wireless-Earphones-Triple-Black-Renewed.jpg?fit=900%2C1200&ssl=1&resize=350%2C200","width":350,"height":200},"classes":[]},{"id":9677,"url":"https:\/\/anythingtechnicallc.com\/index.php\/de\/product\/bose-quietcomfort-earbuds-ii-drahtlos-bluetooth-weltbeste-in-ear-kopfhoerer-mit-personalisierter-geraeuschunterdrueckung-sound-triple-black-erneuert\/","url_meta":{"origin":9599,"position":2},"title":"Bose QuietComfort Earbuds II, drahtlos, Bluetooth, weltbeste In-Ear-Kopfh\u00f6rer mit personalisierter Ger\u00e4uschunterdr\u00fcckung &#038; Sound, Triple Black (Erneuert)","date":"March 24, 2026","format":false,"excerpt":"QUIETCOMFORT EARBUDS II: Diese neuen kabellosen Bluetooth-Ohrh\u00f6rer mit Ger\u00e4uschunterdr\u00fcckung von BOSE wurden nicht nach einem Einheitsschema entwickelt. Diese kabellosen Ohrh\u00f6rer der n\u00e4chsten Generation sind so konzipiert, dass sie zu Ihnen passen. Sie passen die Ger\u00e4uschunterdr\u00fcckung und die Klangleistung intelligent an, damit Sie ungest\u00f6rt und mitrei\u00dfend h\u00f6ren k\u00f6nnen, wo immer Sie\u2026","rel":"","context":"Similar post","img":{"alt_text":"","src":"https:\/\/i0.wp.com\/anythingtechnicallc.com\/wp-content\/uploads\/2026\/01\/Bose-QuietComfort-Earbuds-II-Black.jpg?fit=1200%2C1200&ssl=1&resize=350%2C200","width":350,"height":200},"classes":[]},{"id":9602,"url":"https:\/\/anythingtechnicallc.com\/index.php\/de\/product\/bose-quietcomfort-earbuds-ii-drahtlos-bluetooth-die-weltbesten-in-ear-kopfhoerer-mit-personalisierter-geraeuschunterdrueckung-sound-speckstein-erneuert\/","url_meta":{"origin":9599,"position":3},"title":"Bose QuietComfort Earbuds II, drahtlos, Bluetooth, die weltbesten In-Ear-Kopfh\u00f6rer mit personalisierter Ger\u00e4uschunterdr\u00fcckung &#038; Sound, Speckstein (erneuert)","date":"March 24, 2026","format":false,"excerpt":"QUIETCOMFORT EARBUDS II: Diese neuen kabellosen Bluetooth-Ohrh\u00f6rer mit Ger\u00e4uschunterdr\u00fcckung von Bose wurden nicht nach einem Einheitsschema entwickelt. Diese kabellosen Ohrh\u00f6rer der n\u00e4chsten Generation sind so konzipiert, dass sie zu Ihnen passen. Sie passen die Ger\u00e4uschunterdr\u00fcckung und die Klangleistung intelligent an, damit Sie ungest\u00f6rt und mitrei\u00dfend h\u00f6ren k\u00f6nnen, wo immer Sie\u2026","rel":"","context":"Similar post","img":{"alt_text":"","src":"https:\/\/i0.wp.com\/anythingtechnicallc.com\/wp-content\/uploads\/2025\/10\/41EDZfsEA4L._AC_SL1500_.jpg?fit=1026%2C1129&ssl=1&resize=350%2C200","width":350,"height":200},"classes":[]},{"id":9671,"url":"https:\/\/anythingtechnicallc.com\/index.php\/de\/product\/refurbished-bose-ultra-open-earbuds-offene-bluetooth-ohrhoerer-mit-openaudio-fuer-mehr-aufmerksamkeit-clip-on-design-fuer-mehr-komfort-wasserfest-bis-zu-48-stunden-spielzeit-schwarz\/","url_meta":{"origin":9599,"position":4},"title":"Refurbished Bose Ultra Open Earbuds &#8211; Offene Bluetooth-Ohrh\u00f6rer mit OpenAudio f\u00fcr mehr Aufmerksamkeit, Clip-On-Design f\u00fcr mehr Komfort, wasserfest, bis zu 48 Stunden Spielzeit, Schwarz","date":"March 24, 2026","format":false,"excerpt":"\u00d6FFNEN SIE IHRE OHREN F\u00dcR DIE WELT: H\u00f6ren Sie alles, was um Sie herum passiert, und genie\u00dfen Sie gleichzeitig einen satten, privaten Klang. Das Design dieser offenen Ohrh\u00f6rer sagt: \"Ich kann Sie immer noch h\u00f6ren\", w\u00e4hrend die OpenAudio-Technologie Ihnen einen hochwertigen, privaten Klang bietet. SEIEN SIE MITTEN IN DER MUSIK,\u2026","rel":"","context":"Similar post","img":{"alt_text":"","src":"https:\/\/i0.wp.com\/anythingtechnicallc.com\/wp-content\/uploads\/2026\/01\/Bose-Ultra-Open-Earbuds-Black.jpg?fit=900%2C1200&ssl=1&resize=350%2C200","width":350,"height":200},"classes":[]},{"id":9365,"url":"https:\/\/anythingtechnicallc.com\/index.php\/de\/product\/renewed-bose-quietcomfort-qc45-bluetooth-kopfhoerer-kabellose-kopfhoerer-mit-aktiver-geraeuschunterdrueckung-ueber-dem-ohr-und-mikrofon-tiefer-bass-bis-zu-24-stunden-spielzeit-schwarz\/","url_meta":{"origin":9599,"position":5},"title":"Renewed Bose QuietComfort QC45 Bluetooth Kopfh\u00f6rer, kabellose Kopfh\u00f6rer mit aktiver Ger\u00e4uschunterdr\u00fcckung \u00fcber dem Ohr und Mikrofon, tiefer Bass, bis zu 24 Stunden Spielzeit, Schwarz","date":"March 19, 2026","format":false,"excerpt":"GER\u00c4USCHUNTERDR\u00dcCKENDE KOPFH\u00d6RER: Kombinieren Sie die Ger\u00e4uschunterdr\u00fcckungstechnologie m\u00fchelos mit passiven Funktionen, damit Sie die Au\u00dfenwelt abschalten, Ablenkungen ausblenden und Musik \u00fcber den Beat hinaus genie\u00dfen k\u00f6nnen. KOMFORTABLER KOPFH\u00d6RER: Pl\u00fcschige Ohrmuschelpolster schmiegen sich sanft an Ihre Ohren, w\u00e4hrend ein sicheres und bequemes gepolstertes Band Ihre Over-Ear-Kopfh\u00f6rer bei besonders langen H\u00f6rsessions sanft in\u2026","rel":"","context":"Similar post","img":{"alt_text":"","src":"https:\/\/i0.wp.com\/anythingtechnicallc.com\/wp-content\/uploads\/2025\/08\/51f7KKP25PL._AC_SL1000_.jpg?fit=669%2C885&ssl=1&resize=350%2C200","width":350,"height":200},"classes":[]}],"pll_sync_post":[],"lang":"de","translations":{"de":9599,"en":8504},"_links":{"self":[{"href":"https:\/\/anythingtechnicallc.com\/index.php\/wp-json\/wp\/v2\/product\/9599","targetHints":{"allow":["GET"]}}],"collection":[{"href":"https:\/\/anythingtechnicallc.com\/index.php\/wp-json\/wp\/v2\/product"}],"about":[{"href":"https:\/\/anythingtechnicallc.com\/index.php\/wp-json\/wp\/v2\/types\/product"}],"replies":[{"embeddable":true,"href":"https:\/\/anythingtechnicallc.com\/index.php\/wp-json\/wp\/v2\/comments?post=9599"}],"wp:featuredmedia":[{"embeddable":true,"href":"https:\/\/anythingtechnicallc.com\/index.php\/wp-json\/wp\/v2\/media\/9598"}],"wp:attachment":[{"href":"https:\/\/anythingtechnicallc.com\/index.php\/wp-json\/wp\/v2\/media?parent=9599"}],"wp:term":[{"taxonomy":"product_brand","embeddable":true,"href":"https:\/\/anythingtechnicallc.com\/index.php\/wp-json\/wp\/v2\/product_brand?post=9599"},{"taxonomy":"product_cat","embeddable":true,"href":"https:\/\/anythingtechnicallc.com\/index.php\/wp-json\/wp\/v2\/product_cat?post=9599"},{"taxonomy":"product_tag","embeddable":true,"href":"https:\/\/anythingtechnicallc.com\/index.php\/wp-json\/wp\/v2\/product_tag?post=9599"}],"curies":[{"name":"wp","href":"https:\/\/api.w.org\/{rel}","templated":true}]}}