{"id":9605,"date":"2026-03-24T10:12:31","date_gmt":"2026-03-24T10:12:31","guid":{"rendered":"https:\/\/anythingtechnicallc.com\/?post_type=product&#038;p=9605"},"modified":"2026-03-24T10:12:31","modified_gmt":"2026-03-24T10:12:31","slug":"erneuert-bose-the-soundlink-revolve-der-tragbare-bluetooth-lautsprecher-mit-360-wireless-surround-sound-triple-black","status":"publish","type":"product","link":"https:\/\/anythingtechnicallc.com\/index.php\/de\/product\/erneuert-bose-the-soundlink-revolve-der-tragbare-bluetooth-lautsprecher-mit-360-wireless-surround-sound-triple-black\/","title":{"rendered":"Erneuert Bose The SoundLink Revolve, der tragbare Bluetooth-Lautsprecher mit 360 Wireless Surround Sound, Triple Black"},"content":{"rendered":"<p>Erleben Sie mit dem SoundLink Revolve Bluetooth-Lautsprecher einen beeindruckenden 360-Grad-Sound. Das nahtlose Aluminiumgeh\u00e4use ist langlebig und wasserfest (IPX4), so dass er sowohl f\u00fcr den Innen- als auch f\u00fcr den Au\u00dfenbereich geeignet ist. Die Bose connects App hilft Ihnen au\u00dferdem bei der Verwaltung Ihrer Ger\u00e4te, w\u00e4hrend das konisch zulaufende zylindrische Design einen einfachen Transport erm\u00f6glicht.<\/p>\n<ul class=\"a-unordered-list a-vertical\">\n<li><span class=\"a-list-item\"><span class=\"a-text-bold\">LEISTUNGSF\u00c4HIGE SOUNDDELIVERY:<\/span> Tiefer, lauter und mitrei\u00dfender Sound wird in alle Richtungen projiziert, so dass ein umfassendes Klangerlebnis entsteht, egal ob Sie das Ger\u00e4t in der Mitte oder an einer Wand aufstellen, um den Sound zu reflektieren. <\/span><\/li>\n<li><span class=\"a-list-item\"><span class=\"a-text-bold\">VIELSEITIGE VERBINDUNG:<\/span> Die integrierte Freisprechfunktion erm\u00f6glicht klare Konferenzgespr\u00e4che mit einer kabellosen Reichweite von ca. 30 Fu\u00df sowie eine sprachgesteuerte Bluetooth-Kopplung f\u00fcr den Freisprechbetrieb. <\/span><\/li>\n<li><span class=\"a-list-item\"><span class=\"a-text-bold\">VERL\u00c4NGERTE LEISTUNG<\/span>: Genie\u00dfen Sie bis zu 12 Stunden ununterbrochene Wiedergabe mit dem wiederaufladbaren Lithium-Ionen-Akku, der sich bequem \u00fcber den Micro-B USB-Anschluss aufladen l\u00e4sst. <\/span><\/li>\n<li><span class=\"a-list-item\"><span class=\"a-text-bold\">ERWEITERTE KOPPLUNGSOPTIONEN:<\/span> Schlie\u00dfen Sie zwei SoundLink-Lautsprecher an, um einen erweiterten Party- oder Stereomodus zu erhalten, bei dem sich Instrumente und Gesang auf nat\u00fcrliche Weise \u00fcber eine weitl\u00e4ufige Klangb\u00fchne verteilen. <\/span><\/li>\n<\/ul>\n","protected":false},"excerpt":{"rendered":"<p>Erleben Sie mit dem SoundLink Revolve Bluetooth-Lautsprecher einen beeindruckenden 360-Grad-Sound. Das nahtlose Aluminiumgeh\u00e4use ist langlebig und wasserfest (IPX4), so dass er sowohl f\u00fcr den Innen- als auch f\u00fcr den Au\u00dfenbereich geeignet ist. Die Bose Connects App hilft Ihnen au\u00dferdem bei der Verwaltung Ihrer Ger\u00e4te, w\u00e4hrend das konisch zulaufende zylindrische Design einen einfachen Transport erm\u00f6glicht.<\/p>\n<ul class=\"a-unordered-list a-vertical\">\n<li><span class=\"a-list-item\"><span class=\"a-text-bold\">LEISTUNGSF\u00c4HIGE SOUNDDELIVERY:<\/span> Tiefer, lauter und mitrei\u00dfender Sound wird in alle Richtungen projiziert und sorgt f\u00fcr ein umfassendes Klangerlebnis, egal ob Sie das Ger\u00e4t zentral oder an einer Wand aufstellen, um den Sound zu reflektieren. <\/span><\/li>\n<li><span class=\"a-list-item\"><span class=\"a-text-bold\">VIELSEITIGE VERBINDUNG:<\/span> Die integrierte Freisprechfunktion erm\u00f6glicht klare Konferenzgespr\u00e4che mit einer kabellosen Reichweite von ca. 30 Fu\u00df sowie eine sprachgesteuerte Bluetooth-Kopplung f\u00fcr den Freisprechbetrieb. <\/span><\/li>\n<li><span class=\"a-list-item\"><span class=\"a-text-bold\">VERL\u00c4NGERTE LEISTUNG<\/span>: Genie\u00dfen Sie bis zu 12 Stunden ununterbrochene Wiedergabe mit dem wiederaufladbaren Lithium-Ionen-Akku, der sich bequem \u00fcber den Micro-B USB-Anschluss aufladen l\u00e4sst. <\/span><\/li>\n<li><span class=\"a-list-item\"><span class=\"a-text-bold\">ERWEITERTE KOPPLUNGSOPTIONEN:<\/span> Schlie\u00dfen Sie zwei SoundLink-Lautsprecher an, um einen erweiterten Party- oder Stereomodus zu erhalten, bei dem sich Instrumente und Gesang auf nat\u00fcrliche Weise \u00fcber eine weitl\u00e4ufige Klangb\u00fchne verteilen. <\/span><\/li>\n<\/ul>\n","protected":false},"featured_media":9604,"comment_status":"open","ping_status":"closed","template":"","meta":{"_et_pb_use_builder":"","_et_pb_old_content":"","_et_gb_content_width":""},"product_brand":[],"product_cat":[1578],"product_tag":[],"class_list":{"0":"post-9605","1":"product","2":"type-product","3":"status-publish","4":"has-post-thumbnail","6":"product_cat-headset","8":"first","9":"instock","10":"sale","11":"taxable","12":"shipping-taxable","13":"purchasable","14":"product-type-simple"},"exclude_global_add_ons":[],"addons":[],"jetpack-related-posts":[{"id":9665,"url":"https:\/\/anythingtechnicallc.com\/index.php\/de\/product\/ueberholter-bose-soundlink-mini-bluetooth-lautsprecher\/","url_meta":{"origin":9605,"position":0},"title":"\u00dcberholter Bose SoundLink Mini Bluetooth Lautsprecher","date":"March 24, 2026","format":false,"excerpt":"Genie\u00dfen Sie mit dem Bose Sound Link Mini Bluetooth-Lautsprecher auch unterwegs einen besseren Klang, egal wohin Sie gehen. Er liefert vollen, nat\u00fcrlichen Klang aus einem ultrakompakten Lautsprecher, der in Ihre Handfl\u00e4che passt. Der Lautsprecher l\u00e4sst sich kabellos mit Ihrem Smartphone, Tablet oder einem anderen Bluetooth-Ger\u00e4t verbinden. Ein Lithium-Ionen-Akku sorgt f\u00fcr\u2026","rel":"","context":"Similar post","img":{"alt_text":"","src":"https:\/\/i0.wp.com\/anythingtechnicallc.com\/wp-content\/uploads\/2026\/01\/61qlhFddcFL._AC_SL1000_.jpg?fit=947%2C507&ssl=1&resize=350%2C200","width":350,"height":200},"classes":[]},{"id":9291,"url":"https:\/\/anythingtechnicallc.com\/index.php\/de\/product\/bose-soundlink-flex-bluetooth-portable-speaker-kabelloser-wasserdichter-lautsprecher-fuer-reisen-im-freien-schwarz-erneuert\/","url_meta":{"origin":9605,"position":1},"title":"Bose SoundLink Flex Bluetooth Portable Speaker, kabelloser, wasserdichter Lautsprecher f\u00fcr Reisen im Freien &#8211; Schwarz (erneuert)","date":"March 19, 2026","format":false,"excerpt":"Hochmodernes Design - Der SoundLink Flex Outdoor-Lautsprecher ist vollgepackt mit exklusiven Technologien und einem speziell entwickelten Schallwandler f\u00fcr tiefen, klaren und beeindruckenden Klang zu Hause oder unterwegs. Klarster Klang - Die propriet\u00e4re PositionIQ-Technologie erkennt automatisch die Position Ihres tragbaren Bluetooth-Lautsprechers und sorgt so f\u00fcr optimale Klangqualit\u00e4t in jeder Ausrichtung und\u2026","rel":"","context":"Similar post","img":{"alt_text":"","src":"https:\/\/i0.wp.com\/anythingtechnicallc.com\/wp-content\/uploads\/2025\/06\/71we5E107KL._AC_SL1500_.jpg?fit=1200%2C858&ssl=1&resize=350%2C200","width":350,"height":200},"classes":[]},{"id":9668,"url":"https:\/\/anythingtechnicallc.com\/index.php\/de\/product\/ueberholter-bose-soundlink-mini-bluetooth-lautsprecher-ii-carbon\/","url_meta":{"origin":9605,"position":2},"title":"\u00dcberholter Bose SoundLink Mini Bluetooth Lautsprecher II (Carbon)","date":"March 24, 2026","format":false,"excerpt":"Er ist der kleine Lautsprecher mit der gro\u00dfen, gro\u00dfen Stimme. Der SoundLink Mini Bluetooth-Lautsprecher II liefert vollen Klang mit dramatisch tieferen B\u00e4ssen, als Sie es von einem Lautsprecher erwarten w\u00fcrden, der in Ihre Handfl\u00e4che passt. Und weil er kabellos und ultrakompakt ist, k\u00f6nnen Sie den Bose Sound \u00fcberallhin mitnehmen. Der\u2026","rel":"","context":"Similar post","img":{"alt_text":"","src":"https:\/\/i0.wp.com\/anythingtechnicallc.com\/wp-content\/uploads\/2026\/01\/61Ii25E25bL._AC_SL1200_.jpg?fit=1094%2C567&ssl=1&resize=350%2C200","width":350,"height":200},"classes":[]},{"id":9723,"url":"https:\/\/anythingtechnicallc.com\/index.php\/de\/product\/bose-soundlink-color-ii-bluetooth-lautsprecher-soft-schwarz-erneuert\/","url_meta":{"origin":9605,"position":3},"title":"Bose SoundLink Color II Bluetooth Lautsprecher Soft Schwarz (Erneuert)","date":"March 24, 2026","format":false,"excerpt":"Ob am Pool, im Park oder auf der Terrasse - der SoundLink Color Bluetooth-Lautsprecher II bietet Ihnen \u00fcberall vollen, tragbaren Sound. Die fortschrittliche Technologie von Bose bietet gro\u00dfen Klang in einem kleinen, wasserfesten Lautsprecher, der robust genug ist, um Sie \u00fcberallhin zu begleiten, auch an den Pool. Er ist robust\u2026","rel":"","context":"Similar post","img":{"alt_text":"","src":"https:\/\/i0.wp.com\/anythingtechnicallc.com\/wp-content\/uploads\/2026\/02\/Bose-SoundLink-Color-II.jpg?fit=1200%2C1200&ssl=1&resize=350%2C200","width":350,"height":200},"classes":[]},{"id":9870,"url":"https:\/\/anythingtechnicallc.com\/index.php\/de\/product\/bose-soundlink-home-speaker-premium-tragbarer-und-kabelloser-bluetooth-regal-lautsprecher-bis-zu-9-stunden-akkulaufzeit-cool-grey\/","url_meta":{"origin":9605,"position":4},"title":"Bose SoundLink Home Speaker, Premium, tragbarer und kabelloser Bluetooth Regal-Lautsprecher, bis zu 9 Stunden Akkulaufzeit, Cool Grey","date":"April 8, 2026","format":false,"excerpt":"BEW\u00c4HRTE PREMIUM-AUDIO: Dieser kleine, kabellose Lautsprecher liefert einen klaren, scharfen Sound und hat genug tiefe B\u00e4sse, um jeden Raum zu f\u00fcllen. STEREO, WOHIN SIE AUCH GEHEN: Verst\u00e4rken Sie die Energie, wenn Sie zwei SoundLink Home Speakers f\u00fcr den linken und rechten Kanal koppeln. Verbinden Sie die beiden Lautsprecher einfach \u00fcber\u2026","rel":"","context":"Similar post","img":{"alt_text":"","src":"https:\/\/i0.wp.com\/anythingtechnicallc.com\/wp-content\/uploads\/2026\/03\/Bose-SoundLink-Home-Speaker.jpg?fit=1200%2C1200&ssl=1&resize=350%2C200","width":350,"height":200},"classes":[]},{"id":9656,"url":"https:\/\/anythingtechnicallc.com\/index.php\/de\/product\/skullcandy-air-raid-tragbarer-bluetooth-lautsprecher-air-raid-bt-tragbarer-lautsprecher\/","url_meta":{"origin":9605,"position":5},"title":"Skullcandy Air Raid Tragbarer Bluetooth-Lautsprecher Air Raid BT Tragbarer Lautsprecher","date":"March 24, 2026","format":false,"excerpt":"Track-Funktionalit\u00e4t Wechseln Sie die Tracks direkt vom Air Raid-Ger\u00e4t aus und genie\u00dfen Sie die ultimative Funktionalit\u00e4t. Mit einem einzigen Druck auf + zusammen mit der mittleren Taste k\u00f6nnen Sie vorw\u00e4rts spulen und mit einem einzigen Druck auf - zusammen mit der mittleren Taste r\u00fcckw\u00e4rts spulen. 360-Grad-Klang Stellen Sie den Air\u2026","rel":"","context":"Similar post","img":{"alt_text":"","src":"https:\/\/i0.wp.com\/anythingtechnicallc.com\/wp-content\/uploads\/2026\/01\/Skullcandy-AIR-RAID.jpg?fit=900%2C1200&ssl=1&resize=350%2C200","width":350,"height":200},"classes":[]}],"pll_sync_post":[],"lang":"de","translations":{"de":9605,"en":8508},"_links":{"self":[{"href":"https:\/\/anythingtechnicallc.com\/index.php\/wp-json\/wp\/v2\/product\/9605","targetHints":{"allow":["GET"]}}],"collection":[{"href":"https:\/\/anythingtechnicallc.com\/index.php\/wp-json\/wp\/v2\/product"}],"about":[{"href":"https:\/\/anythingtechnicallc.com\/index.php\/wp-json\/wp\/v2\/types\/product"}],"replies":[{"embeddable":true,"href":"https:\/\/anythingtechnicallc.com\/index.php\/wp-json\/wp\/v2\/comments?post=9605"}],"wp:featuredmedia":[{"embeddable":true,"href":"https:\/\/anythingtechnicallc.com\/index.php\/wp-json\/wp\/v2\/media\/9604"}],"wp:attachment":[{"href":"https:\/\/anythingtechnicallc.com\/index.php\/wp-json\/wp\/v2\/media?parent=9605"}],"wp:term":[{"taxonomy":"product_brand","embeddable":true,"href":"https:\/\/anythingtechnicallc.com\/index.php\/wp-json\/wp\/v2\/product_brand?post=9605"},{"taxonomy":"product_cat","embeddable":true,"href":"https:\/\/anythingtechnicallc.com\/index.php\/wp-json\/wp\/v2\/product_cat?post=9605"},{"taxonomy":"product_tag","embeddable":true,"href":"https:\/\/anythingtechnicallc.com\/index.php\/wp-json\/wp\/v2\/product_tag?post=9605"}],"curies":[{"name":"wp","href":"https:\/\/api.w.org\/{rel}","templated":true}]}}