{"id":9608,"date":"2026-03-24T10:13:15","date_gmt":"2026-03-24T10:13:15","guid":{"rendered":"https:\/\/anythingtechnicallc.com\/?post_type=product&#038;p=9608"},"modified":"2026-03-24T10:13:16","modified_gmt":"2026-03-24T10:13:16","slug":"erneut-bose-quietcomfort-20-akustische-geraeuschunterdrueckung-kopfhoerer-apple-geraete-schwarz","status":"publish","type":"product","link":"https:\/\/anythingtechnicallc.com\/index.php\/de\/product\/erneut-bose-quietcomfort-20-akustische-geraeuschunterdrueckung-kopfhoerer-apple-geraete-schwarz\/","title":{"rendered":"Erneut Bose QuietComfort 20 Akustische Ger\u00e4uschunterdr\u00fcckung Kopfh\u00f6rer, Apple Ger\u00e4te (Schwarz)"},"content":{"rendered":"<div id=\"btf_arenas\" class=\"celwidget\" data-feature-name=\"btf_arenas\" data-csa-c-type=\"widget\" data-csa-c-content-id=\"btf_arenas\" data-csa-c-slot-id=\"btf_arenas\" data-csa-c-asin=\"\" data-csa-c-is-in-initial-active-row=\"false\" data-csa-c-id=\"p6f7ph-8dncso-ybilc3-jyzzr0\" data-cel-widget=\"btf_arenas\">\n<div id=\"productDescription_feature_div\" class=\"celwidget pd_rd_w-Js6kc pd_rd_r-5GPMHYNZ4XG9TEWDZNH5 pd_rd_wg-33Ntc\" data-feature-name=\"productDescription\" data-csa-c-type=\"widget\" data-csa-c-content-id=\"productDescription\" data-csa-c-slot-id=\"productDescription_feature_div\" data-csa-c-asin=\"\" data-csa-c-is-in-initial-active-row=\"false\" data-csa-c-id=\"e4xtbl-745jmx-trb729-lj4t4y\" data-cel-widget=\"productDescription_feature_div\">\n<div>\n<div id=\"productDescription_feature_div\" class=\"a-row feature\" data-feature-name=\"productDescription\" data-template-name=\"productDescription\" data-cel-widget=\"productDescription_feature_div\">\n<div id=\"productDescription\" class=\"a-section a-spacing-small\">\n<p>Blenden Sie die Welt aus und verlieren Sie sich in Ihrer Musik oder h\u00f6ren Sie, was um Sie herum passiert. Sie haben die Wahl mit den ersten In-Ear-Kopfh\u00f6rern mit Ger\u00e4uschunterdr\u00fcckung von Bose. Die Quiet Comfort 20 Acoustic Noise Cancelling Headphones wurden entwickelt, damit Sie jeden Tag und \u00fcberall einen besseren Klang genie\u00dfen k\u00f6nnen. Schalten Sie die Ger\u00e4uschunterdr\u00fcckung ein, um Ablenkungen zu reduzieren und sich auf Ihre Musik zu konzentrieren. Oder aktivieren Sie auf Knopfdruck den Achtsamkeitsmodus, damit Sie h\u00f6ren k\u00f6nnen, was um Sie herum passiert, ohne den Kopfh\u00f6rer abzunehmen. Im Inneren erweckt die exklusive TriPort-Technologie Ihre Musik zum Leben, w\u00e4hrend zus\u00e4tzliche Bose-Technologien f\u00fcr eine dramatische Ger\u00e4uschunterdr\u00fcckung sorgen, die mit jedem anderen Kopfh\u00f6rer in voller Gr\u00f6\u00dfe auf dem Markt konkurriert. Die propriet\u00e4ren Stay Hear + Aufs\u00e4tze sorgen f\u00fcr einen weichen, sicheren Sitz. Mit dem Inline-Mikrofon und der Fernbedienung k\u00f6nnen Sie Anrufe auf Ihrem iPhone entgegennehmen und ausgew\u00e4hlte iPod-, iPhone- und iPad-Modelle steuern. Der wiederaufladbare Lithium-Ionen-Akku bietet bis zu 16 Stunden Nutzungsdauer. Und selbst wenn der Strom ausf\u00e4llt oder der Akku leer ist, k\u00f6nnen Sie mit diesen Kopfh\u00f6rern weiterhin Bose Qualit\u00e4tssound genie\u00dfen. Im Lieferumfang enthalten: Quiet Comfort 20 Kopfh\u00f6rer; 3 Paar Stay Hear + Aufs\u00e4tze (S, M, L); Kleiderclip; wiederaufladbarer Lithium-Ionen-Akku (eingebaut); USB-Ladekabel; Tragetasche. Akkulaufzeit: 16 Stunden pro voller Ladung.<\/p>\n<\/div>\n<\/div>\n<\/div>\n<\/div>\n<div id=\"renewedProgramDescriptionBtf_feature_div\" class=\"celwidget pd_rd_w-SErGN pd_rd_r-5GPMHYNZ4XG9TEWDZNH5 pd_rd_wg-33Ntc\" data-feature-name=\"renewedProgramDescriptionBtf\" data-csa-c-type=\"widget\" data-csa-c-content-id=\"renewedProgramDescriptionBtf\" data-csa-c-slot-id=\"renewedProgramDescriptionBtf_feature_div\" data-csa-c-asin=\"\" data-csa-c-is-in-initial-active-row=\"false\" data-csa-c-id=\"2nqula-se2md6-7hinzg-n5jgyp\" data-cel-widget=\"renewedProgramDescriptionBtf_feature_div\"><\/div>\n<\/div>\n<div id=\"postPurchaseSideSheet_MP_feature_div\" class=\"celwidget\" data-feature-name=\"postPurchaseSideSheet_MP\" data-csa-c-type=\"widget\" data-csa-c-content-id=\"postPurchaseSideSheet_MP\" data-csa-c-slot-id=\"postPurchaseSideSheet_MP_feature_div\" data-csa-c-asin=\"\" data-csa-c-is-in-initial-active-row=\"false\" data-csa-c-id=\"f5mi9p-v1hqzx-byi4gt-49uduh\" data-cel-widget=\"postPurchaseSideSheet_MP_feature_div\"><\/div>\n<div id=\"HLCXComparisonWidget_after_ask-dp-search-3-T2\" class=\"celwidget\" data-feature-name=\"HLCXComparisonWidget_after_ask-dp-search-3-T2\" data-csa-c-type=\"widget\" data-csa-c-content-id=\"HLCXComparisonWidget_after_ask-dp-search-3-T2\" data-csa-c-slot-id=\"HLCXComparisonWidget_after_ask-dp-search-3-T2\" data-csa-c-asin=\"\" data-csa-c-is-in-initial-active-row=\"false\" data-csa-c-id=\"5ksg2o-m5gmza-7mz7gi-j9cqu7\" data-cel-widget=\"HLCXComparisonWidget_after_ask-dp-search-3-T2\">\n<div id=\"sims-comparisonContainer_feature_div_11\" class=\"celwidget\" data-feature-name=\"sims-comparisonContainer\" data-csa-c-type=\"widget\" data-csa-c-content-id=\"sims-comparisonContainer\" data-csa-c-slot-id=\"sims-comparisonContainer_feature_div_11\" data-csa-c-asin=\"\" data-csa-c-is-in-initial-active-row=\"false\" data-csa-c-id=\"uu6jxf-h59ads-xu7rdj-2ucg9v\" data-cel-widget=\"sims-comparisonContainer_feature_div_11\"><\/div>\n<\/div>\n<div id=\"sims-discoveryAndInspiration_feature_div_01\" class=\"celwidget\" data-feature-name=\"sims-discoveryAndInspiration\" data-csa-c-type=\"widget\" data-csa-c-content-id=\"sims-discoveryAndInspiration\" data-csa-c-slot-id=\"sims-discoveryAndInspiration_feature_div_01\" data-csa-c-asin=\"\" data-csa-c-is-in-initial-active-row=\"false\" data-csa-c-id=\"l1uj67-ow6cds-8hr197-i1rfg3\" data-cel-widget=\"sims-discoveryAndInspiration_feature_div_01\">\n<div class=\"celwidget pd_rd_w-ZlaLO content-id-amzn1.sym.ccb770a9-35d1-4af6-8af2-bcbd12656fbb pf_rd_p-ccb770a9-35d1-4af6-8af2-bcbd12656fbb pf_rd_r-5GPMHYNZ4XG9TEWDZNH5 pd_rd_wg-F3JXg pd_rd_r-36fbc443-c912-4c9f-8e00-e5f7c6aa723e c-f\" data-csa-op-log-render=\"\" data-csa-c-content-id=\"amzn1.sym.ccb770a9-35d1-4af6-8af2-bcbd12656fbb\" data-csa-c-slot-id=\"discovery-and-inspiration-container-1\" data-csa-c-type=\"widget\" data-csa-c-painter=\"multi-brand-video-desktop-cards\" data-csa-c-id=\"vn72xy-tvvsy8-y58uro-t546j2\" data-cel-widget=\"multi-brand-video-desktop_DetailPage_0\">\n<div id=\"CardInstancemMvCgY-pR5DgK_3tIP7auQ\" class=\"_multi-brand-video-desktop_style_mbvContainer__2A_sC _multi-brand-video-desktop_MultiBrandVideoDesktop_mbv__R7us8\" data-props=\"{&quot;clientId&quot;:&quot;1267701-2874524-3472994&quot;,&quot;language&quot;:&quot;en-US&quot;,&quot;marketplaceId&quot;:&quot;ATVPDKIKX0DER&quot;,&quot;pageType&quot;:&quot;Detail&quot;,&quot;pageNumber&quot;:&quot;&quot;,&quot;weblabs&quot;:&quot;ADPT_SBV_1041956:T1,ADPT_SBV_DELAY_PLAYBACK_UNTIL_READY_1248744:C,ALF_SUSHI_CLIENT_GATE_1299748:C,MBV_394048:T6,SBV_642751:T1,SBV_672322:T1,SBV_708584:C,SBV_814590:C,SBV_836067:T1,SBV_842986:C&quot;,&quot;widgetGroupId&quot;:&quot;desktop-dp-sims&quot;,&quot;requestId&quot;:&quot;5GPMHYNZ4XG9TEWDZNH5&quot;,&quot;searchQuery&quot;:&quot;&quot;,&quot;widgetType&quot;:&quot;multi-brand-video&quot;,&quot;experience&quot;:&quot;Default&quot;,&quot;experienceVariation&quot;:&quot;Default&quot;,&quot;widgetIndex&quot;:&quot;&quot;}\" data-card-metrics-id=\"multi-brand-video-desktop_DetailPage_0\" data-mix-claimed=\"true\">\n<div class=\"a-section _multi-brand-video-desktop_MultiBrandVideoDesktop_desktopMbv__3t-V1\">\n<div class=\"a-begin a-carousel-container a-carousel-display-stretchyGoodness a-carousel-transition-slide _multi-brand-video-desktop_Carousel_carouselContainer__9vpf5 undefined a-carousel-initialized\" role=\"group\" data-a-carousel-options=\"{&quot;hide_off_screen&quot;:true,&quot;minimum_gutter_width&quot;:18,&quot;name&quot;:&quot;mbv-carousel&quot;,&quot;set_size&quot;:5,&quot;single_page_align&quot;:&quot;left&quot;,&quot;circular&quot;:false}\" aria-roledescription=\"carousel\">\n<div class=\"a-row a-carousel-header-row a-size-medium _multi-brand-video-desktop_Carousel_carouselHeading__l5qNS undefined\"><\/div>\n<\/div>\n<\/div>\n<\/div>\n<\/div>\n<\/div>\n","protected":false},"excerpt":{"rendered":"<div id=\"btf_arenas\" class=\"celwidget\" data-feature-name=\"btf_arenas\" data-csa-c-type=\"widget\" data-csa-c-content-id=\"btf_arenas\" data-csa-c-slot-id=\"btf_arenas\" data-csa-c-asin=\"\" data-csa-c-is-in-initial-active-row=\"false\" data-csa-c-id=\"p6f7ph-8dncso-ybilc3-jyzzr0\" data-cel-widget=\"btf_arenas\">\n<div id=\"productDescription_feature_div\" class=\"celwidget pd_rd_w-Js6kc pd_rd_r-5GPMHYNZ4XG9TEWDZNH5 pd_rd_wg-33Ntc\" data-feature-name=\"productDescription\" data-csa-c-type=\"widget\" data-csa-c-content-id=\"productDescription\" data-csa-c-slot-id=\"productDescription_feature_div\" data-csa-c-asin=\"\" data-csa-c-is-in-initial-active-row=\"false\" data-csa-c-id=\"e4xtbl-745jmx-trb729-lj4t4y\" data-cel-widget=\"productDescription_feature_div\">\n<div>\n<div id=\"productDescription_feature_div\" class=\"a-row feature\" data-feature-name=\"productDescription\" data-template-name=\"productDescription\" data-cel-widget=\"productDescription_feature_div\">\n<div id=\"productDescription\" class=\"a-section a-spacing-small\">\n<p>Blenden Sie die Welt aus und verlieren Sie sich in Ihrer Musik oder h\u00f6ren Sie, was um Sie herum passiert. Sie haben die Wahl mit den ersten In-Ear-Kopfh\u00f6rern mit Ger\u00e4uschunterdr\u00fcckung von Bose. Die Quiet Comfort 20 Acoustic Noise Cancelling Headphones wurden entwickelt, damit Sie jeden Tag und \u00fcberall einen besseren Klang genie\u00dfen k\u00f6nnen. Schalten Sie die Ger\u00e4uschunterdr\u00fcckung ein, um Ablenkungen zu reduzieren und sich auf Ihre Musik zu konzentrieren. Oder aktivieren Sie auf Knopfdruck den Achtsamkeitsmodus, damit Sie h\u00f6ren k\u00f6nnen, was um Sie herum passiert, ohne den Kopfh\u00f6rer abzunehmen. Im Inneren erweckt die exklusive TriPort-Technologie Ihre Musik zum Leben, w\u00e4hrend zus\u00e4tzliche Bose-Technologien f\u00fcr eine dramatische Ger\u00e4uschunterdr\u00fcckung sorgen, die mit jedem anderen Kopfh\u00f6rer in voller Gr\u00f6\u00dfe auf dem Markt konkurriert. Die propriet\u00e4ren Stay Hear + Aufs\u00e4tze sorgen f\u00fcr einen weichen, sicheren Sitz. Mit dem Inline-Mikrofon und der Fernbedienung k\u00f6nnen Sie Anrufe auf Ihrem iPhone entgegennehmen und ausgew\u00e4hlte iPod-, iPhone- und iPad-Modelle steuern. Der wiederaufladbare Lithium-Ionen-Akku bietet bis zu 16 Stunden Nutzungsdauer. Und selbst wenn der Strom ausf\u00e4llt oder der Akku leer ist, k\u00f6nnen Sie mit diesen Kopfh\u00f6rern weiterhin Bose Qualit\u00e4tssound genie\u00dfen. Im Lieferumfang enthalten: Quiet Comfort 20 Kopfh\u00f6rer; 3 Paar Stay Hear + Aufs\u00e4tze (S, M, L); Kleiderclip; wiederaufladbarer Lithium-Ionen-Akku (eingebaut); USB-Ladekabel; Tragetasche. Akkulaufzeit: 16 Stunden pro voller Ladung.<\/p>\n<\/div>\n<\/div>\n<\/div>\n<\/div>\n<div id=\"renewedProgramDescriptionBtf_feature_div\" class=\"celwidget pd_rd_w-SErGN pd_rd_r-5GPMHYNZ4XG9TEWDZNH5 pd_rd_wg-33Ntc\" data-feature-name=\"renewedProgramDescriptionBtf\" data-csa-c-type=\"widget\" data-csa-c-content-id=\"renewedProgramDescriptionBtf\" data-csa-c-slot-id=\"renewedProgramDescriptionBtf_feature_div\" data-csa-c-asin=\"\" data-csa-c-is-in-initial-active-row=\"false\" data-csa-c-id=\"2nqula-se2md6-7hinzg-n5jgyp\" data-cel-widget=\"renewedProgramDescriptionBtf_feature_div\"><\/div>\n<\/div>\n<div id=\"postPurchaseSideSheet_MP_feature_div\" class=\"celwidget\" data-feature-name=\"postPurchaseSideSheet_MP\" data-csa-c-type=\"widget\" data-csa-c-content-id=\"postPurchaseSideSheet_MP\" data-csa-c-slot-id=\"postPurchaseSideSheet_MP_feature_div\" data-csa-c-asin=\"\" data-csa-c-is-in-initial-active-row=\"false\" data-csa-c-id=\"f5mi9p-v1hqzx-byi4gt-49uduh\" data-cel-widget=\"postPurchaseSideSheet_MP_feature_div\"><\/div>\n<div id=\"HLCXComparisonWidget_after_ask-dp-search-3-T2\" class=\"celwidget\" data-feature-name=\"HLCXComparisonWidget_after_ask-dp-search-3-T2\" data-csa-c-type=\"widget\" data-csa-c-content-id=\"HLCXComparisonWidget_after_ask-dp-search-3-T2\" data-csa-c-slot-id=\"HLCXComparisonWidget_after_ask-dp-search-3-T2\" data-csa-c-asin=\"\" data-csa-c-is-in-initial-active-row=\"false\" data-csa-c-id=\"5ksg2o-m5gmza-7mz7gi-j9cqu7\" data-cel-widget=\"HLCXComparisonWidget_after_ask-dp-search-3-T2\">\n<div id=\"sims-comparisonContainer_feature_div_11\" class=\"celwidget\" data-feature-name=\"sims-comparisonContainer\" data-csa-c-type=\"widget\" data-csa-c-content-id=\"sims-comparisonContainer\" data-csa-c-slot-id=\"sims-comparisonContainer_feature_div_11\" data-csa-c-asin=\"\" data-csa-c-is-in-initial-active-row=\"false\" data-csa-c-id=\"uu6jxf-h59ads-xu7rdj-2ucg9v\" data-cel-widget=\"sims-comparisonContainer_feature_div_11\"><\/div>\n<\/div>\n<div id=\"sims-discoveryAndInspiration_feature_div_01\" class=\"celwidget\" data-feature-name=\"sims-discoveryAndInspiration\" data-csa-c-type=\"widget\" data-csa-c-content-id=\"sims-discoveryAndInspiration\" data-csa-c-slot-id=\"sims-discoveryAndInspiration_feature_div_01\" data-csa-c-asin=\"\" data-csa-c-is-in-initial-active-row=\"false\" data-csa-c-id=\"l1uj67-ow6cds-8hr197-i1rfg3\" data-cel-widget=\"sims-discoveryAndInspiration_feature_div_01\">\n<div class=\"celwidget pd_rd_w-ZlaLO content-id-amzn1.sym.ccb770a9-35d1-4af6-8af2-bcbd12656fbb pf_rd_p-ccb770a9-35d1-4af6-8af2-bcbd12656fbb pf_rd_r-5GPMHYNZ4XG9TEWDZNH5 pd_rd_wg-F3JXg pd_rd_r-36fbc443-c912-4c9f-8e00-e5f7c6aa723e c-f\" data-csa-op-log-render=\"\" data-csa-c-content-id=\"amzn1.sym.ccb770a9-35d1-4af6-8af2-bcbd12656fbb\" data-csa-c-slot-id=\"discovery-and-inspiration-container-1\" data-csa-c-type=\"widget\" data-csa-c-painter=\"multi-brand-video-desktop-cards\" data-csa-c-id=\"vn72xy-tvvsy8-y58uro-t546j2\" data-cel-widget=\"multi-brand-video-desktop_DetailPage_0\">\n<div id=\"CardInstancemMvCgY-pR5DgK_3tIP7auQ\" class=\"_multi-brand-video-desktop_style_mbvContainer__2A_sC _multi-brand-video-desktop_MultiBrandVideoDesktop_mbv__R7us8\" data-props=\"{\" data-card-metrics-id=\"multi-brand-video-desktop_DetailPage_0\" data-mix-claimed=\"true\">\n<div class=\"a-section _multi-brand-video-desktop_MultiBrandVideoDesktop_desktopMbv__3t-V1\">\n<div class=\"a-begin a-carousel-container a-carousel-display-stretchyGoodness a-carousel-transition-slide _multi-brand-video-desktop_Carousel_carouselContainer__9vpf5 undefined a-carousel-initialized\" role=\"group\" data-a-carousel-options=\"{\" aria-roledescription=\"carousel\">\n<div class=\"a-row a-carousel-header-row a-size-medium _multi-brand-video-desktop_Carousel_carouselHeading__l5qNS undefined\"><\/div>\n<\/div>\n<\/div>\n<\/div>\n<\/div>\n<\/div>\n","protected":false},"featured_media":9607,"comment_status":"open","ping_status":"closed","template":"","meta":{"_et_pb_use_builder":"","_et_pb_old_content":"","_et_gb_content_width":""},"product_brand":[],"product_cat":[1578],"product_tag":[],"class_list":{"0":"post-9608","1":"product","2":"type-product","3":"status-publish","4":"has-post-thumbnail","6":"product_cat-headset","8":"first","9":"instock","10":"sale","11":"taxable","12":"shipping-taxable","13":"purchasable","14":"product-type-simple"},"exclude_global_add_ons":[],"addons":[],"jetpack-related-posts":[{"id":9343,"url":"https:\/\/anythingtechnicallc.com\/index.php\/de\/product\/apple-watch-series-5-gps-44mm-spacegraues-aluminiumgehaeuse-mit-schwarzem-sportband-erneuert\/","url_meta":{"origin":9608,"position":0},"title":"Apple Watch Series 5 (GPS, 44MM) &#8211; Spacegraues Aluminiumgeh\u00e4use mit schwarzem Sportband (Erneuert)","date":"March 19, 2026","format":false,"excerpt":"LASSEN SIE IHR TELEFON IN IHRER TASCHE: Mit dem Apple Watch Series 5 GPS-Modell k\u00f6nnen Sie von Ihrem Handgelenk aus telefonieren, simsen und Wegbeschreibungen abrufen, w\u00e4hrend Sie Ihr Telefon in der Tasche lassen. Sie bietet mehrere Konnektivit\u00e4tsoptionen, darunter: Bluetooth, Wi-Fi und NFC, um alle Ihre m\u00f6glichen Bed\u00fcrfnisse zu erf\u00fcllen. ALWAYS-ON\u2026","rel":"","context":"Similar post","img":{"alt_text":"","src":"https:\/\/i0.wp.com\/anythingtechnicallc.com\/wp-content\/uploads\/2025\/07\/713-HQZrUCL._AC_SL1500_.jpg?fit=1021%2C1200&ssl=1&resize=350%2C200","width":350,"height":200},"classes":[]},{"id":9653,"url":"https:\/\/anythingtechnicallc.com\/index.php\/de\/product\/samsung-30-100-the-freestyle-mit-gaming-hub-smart-portable-projektor-fhd-hdr-grossbild-heimkinoerlebnis-360-sound-sp-lff3claxza-modell-2023-erneuert\/","url_meta":{"origin":9608,"position":1},"title":"SAMSUNG 30&#8243; &#8211; 100&#8243; The Freestyle mit Gaming Hub Smart Portable Projektor, FHD, HDR, Gro\u00dfbild-Heimkinoerlebnis, 360 Sound, SP-LFF3CLAXZA, Modell 2023 (Erneuert)","date":"March 24, 2026","format":false,"excerpt":"POINT AND PLAY: Stellen Sie es auf, neigen Sie es und schauen Sie es sich an, wo immer Sie wollen - dieses vielseitige, intelligente Kino f\u00fcr unterwegs macht es einfach; mit einem St\u00e4nder, der sich um fast 180 Grad drehen l\u00e4sst, k\u00f6nnen Sie Ihr Bild vom Boden bis zur Decke\u2026","rel":"","context":"Similar post","img":{"alt_text":"","src":"https:\/\/i0.wp.com\/anythingtechnicallc.com\/wp-content\/uploads\/2025\/10\/71u4IRKLTFL._AC_SL1500_.jpg?fit=1169%2C1200&ssl=1&resize=350%2C200","width":350,"height":200},"classes":[]},{"id":9074,"url":"https:\/\/anythingtechnicallc.com\/index.php\/de\/product\/bose-quiet-control-30-kabellose-kopfhoerer-mit-geraeuschunterdrueckung-schwarz-erneuert\/","url_meta":{"origin":9608,"position":2},"title":"Bose Quiet-control 30 Kabellose Kopfh\u00f6rer mit Ger\u00e4uschunterdr\u00fcckung &#8211; Schwarz (Erneuert)","date":"March 18, 2026","format":false,"excerpt":"Entscheiden Sie, wie viel von der Welt Sie hereinlassen wollen Sie k\u00f6nnen nicht kontrollieren, wie laut Ihre Umgebung ist. Aber Sie k\u00f6nnen kontrollieren, wie viel Sie davon h\u00f6ren. Mit den QuietControl 30 Ohrh\u00f6rern k\u00f6nnen Sie den Grad der Ger\u00e4uschunterdr\u00fcckung selbst bestimmen und erhalten bei jeder Lautst\u00e4rke eine ausgewogene Audioleistung. Der\u2026","rel":"","context":"Similar post","img":{"alt_text":"","src":"https:\/\/i0.wp.com\/anythingtechnicallc.com\/wp-content\/uploads\/2024\/10\/61o3xZihqcL._AC_SL1500_.jpg?fit=976%2C1200&ssl=1&resize=350%2C200","width":350,"height":200},"classes":[]},{"id":9521,"url":"https:\/\/anythingtechnicallc.com\/index.php\/de\/product\/hp-t740-thin-client-amd-ryzen-v1756b-quad-core-4-kerne-325-ghz\/","url_meta":{"origin":9608,"position":3},"title":"HP t740 Thin Client &#8211; AMD Ryzen V1756B Quad-Core (4 Kerne) 3,25 GHz","date":"March 21, 2026","format":false,"excerpt":"Erledigen Sie anspruchsvolle Aufgaben mit dem extrem leistungsstarken AMD Ryzen Embedded V1756B Prozessor und dem schnellen Systemspeicher. Rendern Sie Inhalte nahtlos mit Unterst\u00fctzung f\u00fcr bis zu sechs UHD\/4K-Displays. Holen Sie sich einen Thin Client, der f\u00fcr Ihre individuellen Gesch\u00e4ftsanforderungen optimiert ist, mit einem konfigurierbaren PCIe-Steckplatz, der fortschrittliche Grafik, mehrere Displays,\u2026","rel":"","context":"Similar post","img":{"alt_text":"","src":"https:\/\/i0.wp.com\/anythingtechnicallc.com\/wp-content\/uploads\/2025\/09\/71P8W8w2L._AC_SL1246_.jpg?fit=782%2C1200&ssl=1&resize=350%2C200","width":350,"height":200},"classes":[]},{"id":9185,"url":"https:\/\/anythingtechnicallc.com\/index.php\/de\/product\/google-chromecast-streaming-geraet-mit-hdmi-kabel-streamen-sie-shows-musik-fotos-und-sport-von-ihrem-telefon-auf-ihren-fernseher-inklusive-tasche-und-reinigungstuch-japan-version-kompatibel\/","url_meta":{"origin":9608,"position":4},"title":"Google Chromecast &#8211; Streaming-Ger\u00e4t mit HDMI-Kabel &#8211; Streamen Sie Shows, Musik, Fotos und Sport von Ihrem Telefon auf Ihren Fernseher, inklusive Tasche und Reinigungstuch (Japan Version) &#8211; Kompatibel mit US","date":"March 19, 2026","format":false,"excerpt":"JAPANISCHE VERSION - Passt sich automatisch an die Sprache der Region des Benutzers an. Kompatibel mit US-Kunden Erweitern Sie Ihr Home-Entertainment-Angebot, ohne einen neuen Fernseher kaufen zu m\u00fcssen. Mit Google Chromecast k\u00f6nnen Sie Ihre Lieblingssendungen von Ihrem Telefon, Tablet oder Laptop aus streamen - eine Fernbedienung ist nicht erforderlich. Funktioniert\u2026","rel":"","context":"Similar post","img":{"alt_text":"","src":"https:\/\/i0.wp.com\/anythingtechnicallc.com\/wp-content\/uploads\/2025\/02\/71NwcH4sdYL._AC_SL1500_.jpg?fit=1200%2C999&ssl=1&resize=350%2C200","width":350,"height":200},"classes":[]},{"id":9671,"url":"https:\/\/anythingtechnicallc.com\/index.php\/de\/product\/refurbished-bose-ultra-open-earbuds-offene-bluetooth-ohrhoerer-mit-openaudio-fuer-mehr-aufmerksamkeit-clip-on-design-fuer-mehr-komfort-wasserfest-bis-zu-48-stunden-spielzeit-schwarz\/","url_meta":{"origin":9608,"position":5},"title":"Refurbished Bose Ultra Open Earbuds &#8211; Offene Bluetooth-Ohrh\u00f6rer mit OpenAudio f\u00fcr mehr Aufmerksamkeit, Clip-On-Design f\u00fcr mehr Komfort, wasserfest, bis zu 48 Stunden Spielzeit, Schwarz","date":"March 24, 2026","format":false,"excerpt":"\u00d6FFNEN SIE IHRE OHREN F\u00dcR DIE WELT: H\u00f6ren Sie alles, was um Sie herum passiert, und genie\u00dfen Sie gleichzeitig einen satten, privaten Klang. Das Design dieser offenen Ohrh\u00f6rer sagt: \"Ich kann Sie immer noch h\u00f6ren\", w\u00e4hrend die OpenAudio-Technologie Ihnen einen hochwertigen, privaten Klang bietet. SEIEN SIE MITTEN IN DER MUSIK,\u2026","rel":"","context":"Similar post","img":{"alt_text":"","src":"https:\/\/i0.wp.com\/anythingtechnicallc.com\/wp-content\/uploads\/2026\/01\/Bose-Ultra-Open-Earbuds-Black.jpg?fit=900%2C1200&ssl=1&resize=350%2C200","width":350,"height":200},"classes":[]}],"pll_sync_post":[],"lang":"de","translations":{"de":9608,"en":8510},"_links":{"self":[{"href":"https:\/\/anythingtechnicallc.com\/index.php\/wp-json\/wp\/v2\/product\/9608","targetHints":{"allow":["GET"]}}],"collection":[{"href":"https:\/\/anythingtechnicallc.com\/index.php\/wp-json\/wp\/v2\/product"}],"about":[{"href":"https:\/\/anythingtechnicallc.com\/index.php\/wp-json\/wp\/v2\/types\/product"}],"replies":[{"embeddable":true,"href":"https:\/\/anythingtechnicallc.com\/index.php\/wp-json\/wp\/v2\/comments?post=9608"}],"wp:featuredmedia":[{"embeddable":true,"href":"https:\/\/anythingtechnicallc.com\/index.php\/wp-json\/wp\/v2\/media\/9607"}],"wp:attachment":[{"href":"https:\/\/anythingtechnicallc.com\/index.php\/wp-json\/wp\/v2\/media?parent=9608"}],"wp:term":[{"taxonomy":"product_brand","embeddable":true,"href":"https:\/\/anythingtechnicallc.com\/index.php\/wp-json\/wp\/v2\/product_brand?post=9608"},{"taxonomy":"product_cat","embeddable":true,"href":"https:\/\/anythingtechnicallc.com\/index.php\/wp-json\/wp\/v2\/product_cat?post=9608"},{"taxonomy":"product_tag","embeddable":true,"href":"https:\/\/anythingtechnicallc.com\/index.php\/wp-json\/wp\/v2\/product_tag?post=9608"}],"curies":[{"name":"wp","href":"https:\/\/api.w.org\/{rel}","templated":true}]}}