{"id":9614,"date":"2026-03-24T10:14:37","date_gmt":"2026-03-24T10:14:37","guid":{"rendered":"https:\/\/anythingtechnicallc.com\/?post_type=product&#038;p=9614"},"modified":"2026-03-24T10:14:37","modified_gmt":"2026-03-24T10:14:37","slug":"gebrauchter-zte-mc888-5g-wifi-home-router-freigeschaltet","status":"publish","type":"product","link":"https:\/\/anythingtechnicallc.com\/index.php\/de\/product\/gebrauchter-zte-mc888-5g-wifi-home-router-freigeschaltet\/","title":{"rendered":"Gebrauchter ZTE MC888 5G WiFi Home Router, freigeschaltet"},"content":{"rendered":"<div class=\"description-block clearfix\">\n<div class=\"description-block-content text-style-normal text-align-justify text-color-charcoal media-content media-align-right\">\n<div class=\"media-content-description\">\n<div class=\"media-content-description--text\">Der ZTE MC888 5G Indoor CPE ist ein leistungsstarker Router, der mit dem neuesten Qualcomm X62-Chipsatz ausgestattet ist und eine nahtlose und stabile 5G-Verbindung f\u00fcr Ihr Zuhause oder Ihr B\u00fcro bietet. Seine hochmoderne 5G-Technologie bietet ultraschnelle Daten\u00fcbertragungsraten und sorgt daf\u00fcr, dass Sie Hochgeschwindigkeitsinternet f\u00fcr Streaming, Spiele und andere bandbreitenintensive Aktivit\u00e4ten genie\u00dfen k\u00f6nnen. Der ZTE MC888 unterst\u00fctzt sowohl NSA- als auch SA-Dual-Mode 5G-Netzwerke und passt sich an verschiedene Netzwerkbedingungen an, um eine zuverl\u00e4ssige Verbindung zu gew\u00e4hrleisten. Dieser Router bietet ein \u00fcberragendes 5G-Erlebnis und erm\u00f6glicht es Ihnen, die Netzwerkgeschwindigkeiten der n\u00e4chsten Generation auf zuverl\u00e4ssige und effiziente Weise voll zu nutzen.<\/div>\n<\/div>\n<\/div>\n<\/div>\n<div class=\"description-block clearfix p-0\">\n<div class=\"description-block clearfix\">\n<div class=\"description-block-content text-style-normal text-align-justify text-color-charcoal media-content media-align-left\">\n<div class=\"media-content-description\">\n<div class=\"media-content-description--text\">Der ZTE MC888 ist mit Wi-Fi 6 ausgestattet und bietet eine erstklassige drahtlose Leistung mit Spitzengeschwindigkeiten von bis zu 3600 Mbit\/s. Diese fortschrittliche Wi-Fi-Technologie unterst\u00fctzt mehrere Ger\u00e4te gleichzeitig, ohne Kompromisse bei der Geschwindigkeit oder Konnektivit\u00e4t einzugehen, und ist damit ideal f\u00fcr Haushalte oder B\u00fcros mit zahlreichen intelligenten Ger\u00e4ten. Der Router ist au\u00dferdem mit der 5G NR-Netzwerk-Carrier-Aggregationstechnologie ausgestattet, die die Nutzung des Spektrums verbessert und die Datenraten erheblich steigert. Ganz gleich, ob Sie ultrahochaufl\u00f6sende Videos streamen, an Online-Spielen teilnehmen oder von zu Hause aus arbeiten, der ZTE MC888 bietet ein nahtloses und verz\u00f6gerungsfreies Erlebnis.<\/div>\n<\/div>\n<\/div>\n<\/div>\n<div class=\"description-block clearfix p-0\">\n<div class=\"description-block clearfix\">\n<div class=\"description-block-content text-style-normal text-align-justify text-color-charcoal media-content media-align-right\">\n<div class=\"media-content-description\">\n<div class=\"media-content-description--text\">Der ZTE MC888 5G Indoor CPE wurde f\u00fcr eine umfassende Abdeckung in Innenr\u00e4umen entwickelt und sorgt mit seiner High-Gain-Antenne f\u00fcr einen starken und stabilen Signalempfang in Ihrem gesamten Geb\u00e4ude. Diese Antenne mit einer beeindruckenden Verst\u00e4rkung von bis zu 10 dBi verbessert den Signalempfang und erweitert die Abdeckung, wodurch tote Zonen in Ihrem Raum minimiert werden. Um die Reichweite weiter zu erh\u00f6hen, verf\u00fcgt der ZTE MC888 \u00fcber die ENDC-Technologie f\u00fcr niedrige Frequenzen. Mit dieser Funktion kann der Router 5G NR mit LTE-Netzwerken kombinieren und so die Vorteile von 5G-Hochgeschwindigkeit und der breiten Abdeckung der LTE-B\u00e4nder mit niedrigeren Frequenzen nutzen. Das Ergebnis ist ein konsistentes und qualitativ hochwertiges Interneterlebnis in allen Ecken Ihres Zuhauses oder B\u00fcros, wodurch Funkl\u00f6cher und Verbindungsprobleme minimiert werden.<\/div>\n<\/div>\n<\/div>\n<\/div>\n<div class=\"description-block clearfix p-0\">\n<div class=\"description-block clearfix\">\n<div class=\"description-block-content text-style-normal text-align-justify text-color-charcoal media-content media-align-left\">\n<div class=\"media-content-description\">\n<div class=\"media-content-description--text\">Der ZTE MC888 5G Indoor CPE ist f\u00fcr die effiziente Bew\u00e4ltigung eines hohen Netzwerkverkehrs ausgelegt und unterst\u00fctzt bis zu 64 Benutzer gleichzeitig. Damit eignet es sich perfekt f\u00fcr Umgebungen mit mehreren Benutzern und einer Vielzahl von angeschlossenen Ger\u00e4ten, darunter Smartphones, Tablets, Laptops und Smart Home-Ger\u00e4te. Das ZTE MC888 verf\u00fcgt \u00fcber einen intuitiven Einrichtungsprozess und ein schlankes Design, das sich nahtlos in jede Umgebung einf\u00fcgt. Ausgestattet mit zwei Gigabit-Ethernet-Ports bietet das ZTE MC888 vielseitige kabelgebundene Anschlussm\u00f6glichkeiten f\u00fcr Ger\u00e4te, die eine stabile und schnelle Internetverbindung ben\u00f6tigen. Neben seiner starken Leistung erm\u00f6glicht die benutzerfreundliche Oberfl\u00e4che eine einfache Netzwerkverwaltung und -\u00fcberwachung. Die Kombination aus schneller 5G-Konnektivit\u00e4t, Wi-Fi 6-Unterst\u00fctzung und hervorragender Abdeckung in Innenr\u00e4umen macht das ZTE MC888 zu einer idealen Wahl f\u00fcr moderne Internetanforderungen.<\/div>\n<\/div>\n<\/div>\n<\/div>\n<div class=\"clearfix description-block\"><\/div>\n<\/div>\n<\/div>\n<\/div>\n","protected":false},"excerpt":{"rendered":"<div class=\"description-block clearfix\">\n<div class=\"description-block-content text-style-normal text-align-justify text-color-charcoal media-content media-align-right\">\n<div class=\"media-content-description\">\n<div class=\"media-content-description--text\">Der ZTE MC888 5G Indoor CPE ist ein leistungsstarker Router, der mit dem neuesten Qualcomm X62-Chipsatz ausgestattet ist und eine nahtlose und stabile 5G-Verbindung f\u00fcr Ihr Zuhause oder Ihr B\u00fcro bietet. Seine hochmoderne 5G-Technologie bietet ultraschnelle Daten\u00fcbertragungsraten und sorgt daf\u00fcr, dass Sie Hochgeschwindigkeitsinternet f\u00fcr Streaming, Spiele und andere bandbreitenintensive Aktivit\u00e4ten genie\u00dfen k\u00f6nnen. Der ZTE MC888 unterst\u00fctzt sowohl NSA- als auch SA-Dual-Mode 5G-Netzwerke und passt sich an verschiedene Netzwerkbedingungen an, um eine zuverl\u00e4ssige Verbindung zu gew\u00e4hrleisten. Dieser Router bietet ein \u00fcberragendes 5G-Erlebnis und erm\u00f6glicht es Ihnen, die Netzwerkgeschwindigkeiten der n\u00e4chsten Generation auf zuverl\u00e4ssige und effiziente Weise voll zu nutzen.<\/div>\n<\/div>\n<\/div>\n<\/div>\n<div class=\"description-block clearfix p-0\">\n<div class=\"description-block clearfix\">\n<div class=\"description-block-content text-style-normal text-align-justify text-color-charcoal media-content media-align-left\">\n<div class=\"media-content-description\">\n<div class=\"media-content-description--text\">Der ZTE MC888 ist mit Wi-Fi 6 ausgestattet und bietet eine erstklassige drahtlose Leistung mit Spitzengeschwindigkeiten von bis zu 3600 Mbit\/s. Diese fortschrittliche Wi-Fi-Technologie unterst\u00fctzt mehrere Ger\u00e4te gleichzeitig, ohne Kompromisse bei der Geschwindigkeit oder Konnektivit\u00e4t einzugehen, und ist damit ideal f\u00fcr Haushalte oder B\u00fcros mit zahlreichen intelligenten Ger\u00e4ten. Der Router ist au\u00dferdem mit der 5G NR-Netzwerk-Carrier-Aggregationstechnologie ausgestattet, die die Nutzung des Spektrums verbessert und die Datenraten erheblich steigert. Ganz gleich, ob Sie ultrahochaufl\u00f6sende Videos streamen, an Online-Spielen teilnehmen oder von zu Hause aus arbeiten, der ZTE MC888 bietet ein nahtloses und verz\u00f6gerungsfreies Erlebnis.<\/div>\n<\/div>\n<\/div>\n<\/div>\n<div class=\"description-block clearfix p-0\">\n<div class=\"description-block clearfix\">\n<div class=\"description-block-content text-style-normal text-align-justify text-color-charcoal media-content media-align-right\">\n<div class=\"media-content-description\">\n<div class=\"media-content-description--text\">Der ZTE MC888 5G Indoor CPE wurde f\u00fcr eine umfassende Abdeckung in Innenr\u00e4umen entwickelt und sorgt mit seiner High-Gain-Antenne f\u00fcr einen starken und stabilen Signalempfang in Ihrem gesamten Geb\u00e4ude. Diese Antenne mit einer beeindruckenden Verst\u00e4rkung von bis zu 10 dBi verbessert den Signalempfang und erweitert die Abdeckung, wodurch tote Zonen in Ihrem Raum minimiert werden. Um die Reichweite weiter zu erh\u00f6hen, verf\u00fcgt der ZTE MC888 \u00fcber die ENDC-Technologie f\u00fcr niedrige Frequenzen. Mit dieser Funktion kann der Router 5G NR mit LTE-Netzwerken kombinieren und so die Vorteile von 5G-Hochgeschwindigkeit und der breiten Abdeckung der LTE-B\u00e4nder mit niedrigeren Frequenzen nutzen. Das Ergebnis ist ein konsistentes und qualitativ hochwertiges Interneterlebnis in allen Ecken Ihres Zuhauses oder B\u00fcros, wodurch Funkl\u00f6cher und Verbindungsprobleme minimiert werden.<\/div>\n<\/div>\n<\/div>\n<\/div>\n<div class=\"description-block clearfix p-0\">\n<div class=\"description-block clearfix\">\n<div class=\"description-block-content text-style-normal text-align-justify text-color-charcoal media-content media-align-left\">\n<div class=\"media-content-description\">\n<div class=\"media-content-description--text\">Der ZTE MC888 5G Indoor CPE ist f\u00fcr die effiziente Bew\u00e4ltigung eines hohen Netzwerkverkehrs ausgelegt und unterst\u00fctzt bis zu 64 Benutzer gleichzeitig. Damit eignet es sich perfekt f\u00fcr Umgebungen mit mehreren Benutzern und einer Vielzahl von angeschlossenen Ger\u00e4ten, darunter Smartphones, Tablets, Laptops und Smart Home-Ger\u00e4te. Das ZTE MC888 verf\u00fcgt \u00fcber einen intuitiven Einrichtungsprozess und ein schlankes Design, das sich nahtlos in jede Umgebung einf\u00fcgt. Ausgestattet mit zwei Gigabit-Ethernet-Ports bietet das ZTE MC888 vielseitige kabelgebundene Anschlussm\u00f6glichkeiten f\u00fcr Ger\u00e4te, die eine stabile und schnelle Internetverbindung ben\u00f6tigen. Neben seiner starken Leistung erm\u00f6glicht die benutzerfreundliche Oberfl\u00e4che eine einfache Netzwerkverwaltung und -\u00fcberwachung. Die Kombination aus schneller 5G-Konnektivit\u00e4t, Wi-Fi 6-Unterst\u00fctzung und hervorragender Abdeckung in Innenr\u00e4umen macht das ZTE MC888 zu einer idealen Wahl f\u00fcr moderne Internetanforderungen.<\/div>\n<\/div>\n<\/div>\n<\/div>\n<div class=\"clearfix description-block\"><\/div>\n<\/div>\n<\/div>\n<\/div>\n","protected":false},"featured_media":9613,"comment_status":"open","ping_status":"closed","template":"","meta":{"_et_pb_use_builder":"","_et_pb_old_content":"","_et_gb_content_width":""},"product_brand":[],"product_cat":[1562],"product_tag":[],"class_list":{"0":"post-9614","1":"product","2":"type-product","3":"status-publish","4":"has-post-thumbnail","6":"product_cat-bueroelektronik","8":"first","9":"instock","10":"sale","11":"taxable","12":"shipping-taxable","13":"purchasable","14":"product-type-simple"},"exclude_global_add_ons":[],"addons":[],"jetpack-related-posts":[{"id":9620,"url":"https:\/\/anythingtechnicallc.com\/index.php\/de\/product\/gebrauchter-zyxel-nr5103ev2-5g-router-24ghz-5ghz-47gbps-wifi6-4g-lte-cat19-indoor\/","url_meta":{"origin":9614,"position":0},"title":"Gebrauchter Zyxel NR5103Ev2 5G Router &#8211; 2,4GHz &#038; 5GHz &#8211; 4,7Gbps WiFi6 &#8211; 4G LTE Cat19 &#8211; Indoor","date":"March 24, 2026","format":false,"excerpt":"Unlocked ZYXEL NR5103EV2 5G NR Indoor Router 4.7Gbps WiFi6 4G LTE Cat19 Sim Card 5G WiFi CPE Der Zyxel NR5103EV2 5G NR Indoor Router unterst\u00fctzt die neueste 5G NR Technologie und bleibt gleichzeitig voll kompatibel mit 4G Netzwerken. Der NR5103EV2 ist ideal f\u00fcr den Einsatz von 5G NR FWA. Service\u2026","rel":"","context":"Similar post","img":{"alt_text":"","src":"https:\/\/i0.wp.com\/anythingtechnicallc.com\/wp-content\/uploads\/2025\/10\/Zyxel-NR5103EV2.jpg?fit=476%2C1000&ssl=1&resize=350%2C200","width":350,"height":200},"classes":[]},{"id":9623,"url":"https:\/\/anythingtechnicallc.com\/index.php\/de\/product\/gebrauchter-huawei-5g-cpe-pro-h112-370-dual-band-wireless-router-freigeschaltet\/","url_meta":{"origin":9614,"position":1},"title":"Gebrauchter Huawei 5G CPE Pro (H112-370) Dual Band Wireless Router, freigeschaltet","date":"March 24, 2026","format":false,"excerpt":"Huawei 5G CPE Pro H122 unterst\u00fctzt die meisten USA 5G 4G Simkarten NICHT !! Unterst\u00fctzt die meisten 4G Sim-Karten auf der ganzen Welt, au\u00dfer in den USA. 5G-B\u00e4nder Unterst\u00fctzende L\u00e4nder (bis Juni 2020): Europa, Naher Osten, China, Afrika, Australien, \u00d6sterreich, Brasilien, Hongkong, Japan, Malediven, Neuseeland, Philippinen. Russland, S\u00fcdkorea, Thailand, Singapur\u2026","rel":"","context":"Similar post","img":{"alt_text":"","src":"https:\/\/i0.wp.com\/anythingtechnicallc.com\/wp-content\/uploads\/2025\/10\/Huawei-5G-CPE-Pro.png?fit=839%2C1154&ssl=1&resize=350%2C200","width":350,"height":200},"classes":[]},{"id":9617,"url":"https:\/\/anythingtechnicallc.com\/index.php\/de\/product\/gebrauchtes-asus-zenwifi-pro-et12-axe11000-tri-band-wifi-6e-mesh-system-2er-pack-abdeckung-bis-zu-6000-sq-ft-abonnementfreie-netzwerksicherheit-erweiterte-kindersicherung-instant-guard-vpn-dua\/","url_meta":{"origin":9614,"position":2},"title":"Gebrauchtes ASUS ZenWiFi Pro ET12 AXE11000 Tri-Band WiFi 6E Mesh System (2er Pack), Abdeckung bis zu 6000 sq ft, abonnementfreie Netzwerksicherheit, erweiterte Kindersicherung, Instant Guard, VPN, Dual 2.5G Ports","date":"March 24, 2026","format":false,"excerpt":"Ultrafast WiFi 6E mit dem neuen 6-GHz-Band erh\u00f6ht die Netzwerkkapazit\u00e4t f\u00fcr mehr Ger\u00e4te mit Geschwindigkeiten von bis zu 11.000 Mbps. Das exklusive ASUS RangeBoost Plus verbessert die Reichweite des WiFi-Signals um bis zu 38% und bietet eine erweiterte Abdeckung von bis zu 6.000 Quadratmetern. Abonnementfreie Netzwerksicherheit mit kommerziellem AiProtection Pro\u2026","rel":"","context":"Similar post","img":{"alt_text":"","src":"https:\/\/i0.wp.com\/anythingtechnicallc.com\/wp-content\/uploads\/2025\/10\/71nXC8hlZdL._AC_SL1500_.jpg?fit=981%2C1200&ssl=1&resize=350%2C200","width":350,"height":200},"classes":[]},{"id":9194,"url":"https:\/\/anythingtechnicallc.com\/index.php\/de\/product\/erneuerter-amazon-eero-pro-6-tri-band-mesh-wi-fi-6-router-mit-integriertem-zigbee-smart-home-hub\/","url_meta":{"origin":9614,"position":3},"title":"Erneuerter Amazon eero Pro 6 Tri-Band Mesh Wi-Fi 6 Router mit integriertem Zigbee Smart Home Hub","date":"March 19, 2026","format":false,"excerpt":"Ein neuwertiges eero Pro 6 ist general\u00fcberholt, getestet und zertifiziert, so dass es aussieht und funktioniert wie ein Neuger\u00e4t und mit derselben eingeschr\u00e4nkten Garantie versehen ist wie ein Neuger\u00e4t. Neuwertige Amazon-Ger\u00e4te k\u00f6nnen in generischen Kartons verpackt sein. Premium Wi-Fi 6 Leistung - eero Pro 6 deckt bis zu 2.000 Quadratmeter\u2026","rel":"","context":"Similar post","img":{"alt_text":"","src":"https:\/\/i0.wp.com\/anythingtechnicallc.com\/wp-content\/uploads\/2025\/02\/41iM94D0weL._SL1000_.jpg?fit=1000%2C1000&ssl=1&resize=350%2C200","width":350,"height":200},"classes":[]},{"id":9702,"url":"https:\/\/anythingtechnicallc.com\/index.php\/de\/product\/gebrauchter-microsoft-surface-pro-5-tablet-pc-123-touchscreen-2736-x-1824-tablet-intel-core-i5-7300u-26ghz-35ghz-8gb-ddr4-ram-256gb-ssd-keine-tastatur-kamera-windows-11-pro\/","url_meta":{"origin":9614,"position":4},"title":"Gebrauchter Microsoft Surface Pro 5 Tablet PC, 12,3&#8243; Touchscreen (2736 X 1824) Tablet, Intel Core i5-7300U 2,6GHz-3,5GHz, 8GB DDR4 RAM, 256GB SSD, Keine Tastatur, Kamera, Windows 11 Pro","date":"March 24, 2026","format":false,"excerpt":"Laptop Gr\u00f6\u00dfe: Dieses GEBRAUCHTE wie NEUE Microsoft Surface Pro 5 Tablet, hat eine Bildschirmgr\u00f6\u00dfe von 12,3 \" und ein Touch-Display. Der entspiegelte Bildschirm mit 2736 x 1824 Pixeln reduziert die Erm\u00fcdung bei der Benutzung und erm\u00f6glicht es Ihnen, sich auf die Arbeit zu konzentrieren. Mit seinem geringen Gewicht ist dieser\u2026","rel":"","context":"Similar post","img":{"alt_text":"","src":"https:\/\/i0.wp.com\/anythingtechnicallc.com\/wp-content\/uploads\/2026\/02\/Surface-Pro5-i5-7300U-8G-256.jpg?fit=1200%2C900&ssl=1&resize=350%2C200","width":350,"height":200},"classes":[]},{"id":9197,"url":"https:\/\/anythingtechnicallc.com\/index.php\/de\/product\/verlaengerter-amazon-eero-mesh-wlan-router-unterstuetzt-internet-tarife-bis-zu-550-mbps-abdeckung-bis-zu-1-500-sq-ft-1-pack\/","url_meta":{"origin":9614,"position":5},"title":"Verl\u00e4ngerter Amazon eero Mesh-WLAN-Router &#8211; Unterst\u00fctzt Internet-Tarife bis zu 550 Mbps, Abdeckung bis zu 1.500 sq. ft, 1-Pack","date":"March 19, 2026","format":false,"excerpt":"SCHNELLER STANDALONE-ROUTER - Der eero Mesh-WiFi-Router bringt bis zu 1.500 Quadratmeter schnelles, zuverl\u00e4ssiges WLAN in Ihr Zuhause. FUNKTIONIERT MIT ALEXA- Mit eero und einem Alexa-Ger\u00e4t (nicht im Lieferumfang enthalten) k\u00f6nnen Sie den WLAN-Zugang f\u00fcr Netzwerkprofile ganz einfach verwalten und sich so von den Bildschirmen abwenden und sich wieder auf das\u2026","rel":"","context":"Similar post","img":{"alt_text":"","src":"https:\/\/i0.wp.com\/anythingtechnicallc.com\/wp-content\/uploads\/2025\/02\/41fu0zjxqQL._SL1000_.jpg?fit=1000%2C1000&ssl=1&resize=350%2C200","width":350,"height":200},"classes":[]}],"pll_sync_post":[],"lang":"de","translations":{"de":9614,"en":8529},"_links":{"self":[{"href":"https:\/\/anythingtechnicallc.com\/index.php\/wp-json\/wp\/v2\/product\/9614","targetHints":{"allow":["GET"]}}],"collection":[{"href":"https:\/\/anythingtechnicallc.com\/index.php\/wp-json\/wp\/v2\/product"}],"about":[{"href":"https:\/\/anythingtechnicallc.com\/index.php\/wp-json\/wp\/v2\/types\/product"}],"replies":[{"embeddable":true,"href":"https:\/\/anythingtechnicallc.com\/index.php\/wp-json\/wp\/v2\/comments?post=9614"}],"wp:featuredmedia":[{"embeddable":true,"href":"https:\/\/anythingtechnicallc.com\/index.php\/wp-json\/wp\/v2\/media\/9613"}],"wp:attachment":[{"href":"https:\/\/anythingtechnicallc.com\/index.php\/wp-json\/wp\/v2\/media?parent=9614"}],"wp:term":[{"taxonomy":"product_brand","embeddable":true,"href":"https:\/\/anythingtechnicallc.com\/index.php\/wp-json\/wp\/v2\/product_brand?post=9614"},{"taxonomy":"product_cat","embeddable":true,"href":"https:\/\/anythingtechnicallc.com\/index.php\/wp-json\/wp\/v2\/product_cat?post=9614"},{"taxonomy":"product_tag","embeddable":true,"href":"https:\/\/anythingtechnicallc.com\/index.php\/wp-json\/wp\/v2\/product_tag?post=9614"}],"curies":[{"name":"wp","href":"https:\/\/api.w.org\/{rel}","templated":true}]}}