{"id":9617,"date":"2026-03-24T10:15:26","date_gmt":"2026-03-24T10:15:26","guid":{"rendered":"https:\/\/anythingtechnicallc.com\/?post_type=product&#038;p=9617"},"modified":"2026-03-24T10:15:26","modified_gmt":"2026-03-24T10:15:26","slug":"gebrauchtes-asus-zenwifi-pro-et12-axe11000-tri-band-wifi-6e-mesh-system-2er-pack-abdeckung-bis-zu-6000-sq-ft-abonnementfreie-netzwerksicherheit-erweiterte-kindersicherung-instant-guard-vpn-dua","status":"publish","type":"product","link":"https:\/\/anythingtechnicallc.com\/index.php\/de\/product\/gebrauchtes-asus-zenwifi-pro-et12-axe11000-tri-band-wifi-6e-mesh-system-2er-pack-abdeckung-bis-zu-6000-sq-ft-abonnementfreie-netzwerksicherheit-erweiterte-kindersicherung-instant-guard-vpn-dua\/","title":{"rendered":"Gebrauchtes ASUS ZenWiFi Pro ET12 AXE11000 Tri-Band WiFi 6E Mesh System (2er Pack), Abdeckung bis zu 6000 sq ft, abonnementfreie Netzwerksicherheit, erweiterte Kindersicherung, Instant Guard, VPN, Dual 2.5G Ports"},"content":{"rendered":"<ul class=\"a-unordered-list a-vertical a-spacing-mini\">\n<li class=\"a-spacing-mini\"><span class=\"a-list-item\">Ultrafast WiFi 6E mit dem neuen 6-GHz-Band erh\u00f6ht die Netzwerkkapazit\u00e4t f\u00fcr mehr Ger\u00e4te mit Geschwindigkeiten von bis zu 11.000 Mbps.<\/span><\/li>\n<li class=\"a-spacing-mini\"><span class=\"a-list-item\">Das exklusive ASUS RangeBoost Plus verbessert die Reichweite des WiFi-Signals um bis zu 38% und bietet eine erweiterte Abdeckung von bis zu 6.000 Quadratmetern.<\/span><\/li>\n<li class=\"a-spacing-mini\"><span class=\"a-list-item\">Abonnementfreie Netzwerksicherheit mit kommerziellem AiProtection Pro powered by Trend Micro, plus One-Tap-Sicherheitsscan und Safe Browsing.<\/span><\/li>\n<li class=\"a-spacing-mini\"><span class=\"a-list-item\">Die erweiterte Kindersicherung sch\u00fctzt Ihre Kinder im Internet mit sofortiger \u00dcberwachung, Inhaltsfiltern und individuellen Einstellungen f\u00fcr jedes angeschlossene Ger\u00e4t.<\/span><\/li>\n<li class=\"a-spacing-mini\"><span class=\"a-list-item\">Umfassende VPN-Funktionen einschlie\u00dflich der Instant Guard Mobile App f\u00fcr eine sichere Verbindung \u00fcber \u00f6ffentliche WiFi.<\/span><\/li>\n<li class=\"a-spacing-mini\"><span class=\"a-list-item\">Einfache Einrichtung in 3 Schritten und m\u00fchelose Verwaltung \u00fcber die hoch bewertete ASUS Router Mobile App.<\/span><\/li>\n<li class=\"a-spacing-mini\"><span class=\"a-list-item\">Der erweiterbare AiMesh-Router erm\u00f6glicht nahtloses Roaming im ganzen Haus mit umfangreichen, erweiterten Funktionen.<\/span><\/li>\n<li class=\"a-spacing-mini\"><span class=\"a-list-item\">Maximierte kabelgebundene Konnektivit\u00e4t und Flexibilit\u00e4t mit dualen 2,5 Gb WAN- und LAN-Ports und Unterst\u00fctzung f\u00fcr LAN-Aggregation.<\/span><\/li>\n<\/ul>\n","protected":false},"excerpt":{"rendered":"<ul class=\"a-unordered-list a-vertical a-spacing-mini\">\n<li class=\"a-spacing-mini\"><span class=\"a-list-item\">Ultrafast WiFi 6E mit dem neuen 6-GHz-Band erh\u00f6ht die Netzwerkkapazit\u00e4t f\u00fcr mehr Ger\u00e4te mit Geschwindigkeiten von bis zu 11.000 Mbps.<\/span><\/li>\n<li class=\"a-spacing-mini\"><span class=\"a-list-item\">Das exklusive ASUS RangeBoost Plus verbessert die Reichweite des WiFi-Signals um bis zu 38% und bietet eine erweiterte Abdeckung von bis zu 6.000 Quadratmetern.<\/span><\/li>\n<li class=\"a-spacing-mini\"><span class=\"a-list-item\">Abonnementfreie Netzwerksicherheit mit kommerziellem AiProtection Pro powered by Trend Micro, plus One-Tap-Sicherheitsscan und Safe Browsing.<\/span><\/li>\n<li class=\"a-spacing-mini\"><span class=\"a-list-item\">Die erweiterte Kindersicherung sch\u00fctzt Ihre Kinder im Internet mit sofortiger \u00dcberwachung, Inhaltsfiltern und individuellen Einstellungen f\u00fcr jedes angeschlossene Ger\u00e4t.<\/span><\/li>\n<li class=\"a-spacing-mini\"><span class=\"a-list-item\">Umfassende VPN-Funktionen einschlie\u00dflich der Instant Guard Mobile App f\u00fcr eine sichere Verbindung \u00fcber \u00f6ffentliche WiFi.<\/span><\/li>\n<li class=\"a-spacing-mini\"><span class=\"a-list-item\">Einfache Einrichtung in 3 Schritten und m\u00fchelose Verwaltung \u00fcber die hoch bewertete ASUS Router Mobile App.<\/span><\/li>\n<li class=\"a-spacing-mini\"><span class=\"a-list-item\">Der erweiterbare AiMesh-Router erm\u00f6glicht nahtloses Roaming im ganzen Haus mit umfangreichen, erweiterten Funktionen.<\/span><\/li>\n<li class=\"a-spacing-mini\"><span class=\"a-list-item\">Maximierte kabelgebundene Konnektivit\u00e4t und Flexibilit\u00e4t mit dualen 2,5 Gb WAN- und LAN-Ports und Unterst\u00fctzung f\u00fcr LAN-Aggregation.<\/span><\/li>\n<\/ul>\n","protected":false},"featured_media":9616,"comment_status":"open","ping_status":"closed","template":"","meta":{"_et_pb_use_builder":"","_et_pb_old_content":"","_et_gb_content_width":""},"product_brand":[],"product_cat":[1562],"product_tag":[],"class_list":{"0":"post-9617","1":"product","2":"type-product","3":"status-publish","4":"has-post-thumbnail","6":"product_cat-bueroelektronik","8":"first","9":"instock","10":"sale","11":"taxable","12":"shipping-taxable","13":"purchasable","14":"product-type-simple"},"exclude_global_add_ons":[],"addons":[],"jetpack-related-posts":[{"id":9197,"url":"https:\/\/anythingtechnicallc.com\/index.php\/de\/product\/verlaengerter-amazon-eero-mesh-wlan-router-unterstuetzt-internet-tarife-bis-zu-550-mbps-abdeckung-bis-zu-1-500-sq-ft-1-pack\/","url_meta":{"origin":9617,"position":0},"title":"Verl\u00e4ngerter Amazon eero Mesh-WLAN-Router &#8211; Unterst\u00fctzt Internet-Tarife bis zu 550 Mbps, Abdeckung bis zu 1.500 sq. ft, 1-Pack","date":"March 19, 2026","format":false,"excerpt":"SCHNELLER STANDALONE-ROUTER - Der eero Mesh-WiFi-Router bringt bis zu 1.500 Quadratmeter schnelles, zuverl\u00e4ssiges WLAN in Ihr Zuhause. FUNKTIONIERT MIT ALEXA- Mit eero und einem Alexa-Ger\u00e4t (nicht im Lieferumfang enthalten) k\u00f6nnen Sie den WLAN-Zugang f\u00fcr Netzwerkprofile ganz einfach verwalten und sich so von den Bildschirmen abwenden und sich wieder auf das\u2026","rel":"","context":"Similar post","img":{"alt_text":"","src":"https:\/\/i0.wp.com\/anythingtechnicallc.com\/wp-content\/uploads\/2025\/02\/41fu0zjxqQL._SL1000_.jpg?fit=1000%2C1000&ssl=1&resize=350%2C200","width":350,"height":200},"classes":[]},{"id":9614,"url":"https:\/\/anythingtechnicallc.com\/index.php\/de\/product\/gebrauchter-zte-mc888-5g-wifi-home-router-freigeschaltet\/","url_meta":{"origin":9617,"position":1},"title":"Gebrauchter ZTE MC888 5G WiFi Home Router, freigeschaltet","date":"March 24, 2026","format":false,"excerpt":"Der ZTE MC888 5G Indoor CPE ist ein leistungsstarker Router, der mit dem neuesten Qualcomm X62-Chipsatz ausgestattet ist und eine nahtlose und stabile 5G-Verbindung f\u00fcr Ihr Zuhause oder Ihr B\u00fcro bietet. Seine hochmoderne 5G-Technologie bietet ultraschnelle Daten\u00fcbertragungsraten und sorgt daf\u00fcr, dass Sie Hochgeschwindigkeitsinternet f\u00fcr Streaming, Spiele und andere bandbreitenintensive Aktivit\u00e4ten\u2026","rel":"","context":"Similar post","img":{"alt_text":"","src":"https:\/\/i0.wp.com\/anythingtechnicallc.com\/wp-content\/uploads\/2025\/10\/ZTE-MC888-5G.webp?fit=920%2C920&ssl=1&resize=350%2C200","width":350,"height":200},"classes":[]},{"id":9686,"url":"https:\/\/anythingtechnicallc.com\/index.php\/de\/product\/gebraucht-rang-a-beats-studio-pro-kabellose-bluetooth-kopfhoerer-mit-geraeuschunterdrueckung-schwarz\/","url_meta":{"origin":9617,"position":2},"title":"Gebraucht Rang A Beats Studio Pro &#8211; Kabellose Bluetooth Kopfh\u00f6rer mit Ger\u00e4uschunterdr\u00fcckung &#8211; Schwarz","date":"March 24, 2026","format":false,"excerpt":"Die CUSTOM ACOUSTIC PLATFORM von BEATS liefert einen satten, mitrei\u00dfenden Klang, egal ob Sie Musik h\u00f6ren oder telefonieren. LOSSLESS AUDIO \u00fcber USB-C plus drei verschiedene integrierte Klangprofile zur Verbesserung Ihres H\u00f6rerlebnisses. H\u00d6REN SIE, WAS SIE WOLLEN mit zwei verschiedenen H\u00f6rmodi: vollst\u00e4ndig adaptive aktive Ger\u00e4uschunterdr\u00fcckung (ANC) und Transparenzmodus. ERWEITERTE KOMPATIBILIT\u00c4T mit\u2026","rel":"","context":"Similar post","img":{"alt_text":"","src":"https:\/\/i0.wp.com\/anythingtechnicallc.com\/wp-content\/uploads\/2026\/01\/516ZqYIXKGL._AC_SL1200_.jpg?fit=836%2C1200&ssl=1&resize=350%2C200","width":350,"height":200},"classes":[]},{"id":9194,"url":"https:\/\/anythingtechnicallc.com\/index.php\/de\/product\/erneuerter-amazon-eero-pro-6-tri-band-mesh-wi-fi-6-router-mit-integriertem-zigbee-smart-home-hub\/","url_meta":{"origin":9617,"position":3},"title":"Erneuerter Amazon eero Pro 6 Tri-Band Mesh Wi-Fi 6 Router mit integriertem Zigbee Smart Home Hub","date":"March 19, 2026","format":false,"excerpt":"Ein neuwertiges eero Pro 6 ist general\u00fcberholt, getestet und zertifiziert, so dass es aussieht und funktioniert wie ein Neuger\u00e4t und mit derselben eingeschr\u00e4nkten Garantie versehen ist wie ein Neuger\u00e4t. Neuwertige Amazon-Ger\u00e4te k\u00f6nnen in generischen Kartons verpackt sein. Premium Wi-Fi 6 Leistung - eero Pro 6 deckt bis zu 2.000 Quadratmeter\u2026","rel":"","context":"Similar post","img":{"alt_text":"","src":"https:\/\/i0.wp.com\/anythingtechnicallc.com\/wp-content\/uploads\/2025\/02\/41iM94D0weL._SL1000_.jpg?fit=1000%2C1000&ssl=1&resize=350%2C200","width":350,"height":200},"classes":[]},{"id":9270,"url":"https:\/\/anythingtechnicallc.com\/index.php\/de\/product\/gebrauchter-shure-ulxs4-standard-funkempfaenger-j1-554-590mhz\/","url_meta":{"origin":9617,"position":4},"title":"Gebrauchter Shure ULXS4 Standard Funkempf\u00e4nger, J1 554-590Mhz","date":"March 19, 2026","format":false,"excerpt":"Automatische Frequenzauswahl mit Gruppensuchfunktion. Bis zu 1440 w\u00e4hlbare Frequenzen. 5-Segment-Anzeige der \u00fcbertragenen Audiosignalst\u00e4rke. RF-Anzeige. 3-Segment-Senderbatterie-Tankanzeige. Erweiterte Multifunktions-LCD-Anzeige f\u00fcr Gruppe und Kanal. Mic\/Line-Schalter. Abnehmbare 1\/4-Wellenantenne. XLR- und 1\/4-Zoll-Ausgang. Robustes Kunststoffgeh\u00e4use. 1\/2-Rack-Design.","rel":"","context":"Similar post","img":{"alt_text":"","src":"https:\/\/i0.wp.com\/anythingtechnicallc.com\/wp-content\/uploads\/2025\/06\/61iAWBD71jL._AC_SL1500_.jpg?fit=1200%2C617&ssl=1&resize=350%2C200","width":350,"height":200},"classes":[]},{"id":9209,"url":"https:\/\/anythingtechnicallc.com\/index.php\/de\/product\/erneuert-shure-aonic-40-over-ear-wireless-bluetooth-noise-cancelling-kopfhoerer-mit-mikrofon-klang-in-studioqualitaet-25-stunden-akkulaufzeit-fingertip-bedienung-kompatibel-mit-iphone-und-android\/","url_meta":{"origin":9617,"position":5},"title":"Erneuert Shure AONIC 40 Over Ear Wireless Bluetooth Noise Cancelling Kopfh\u00f6rer mit Mikrofon, Klang in Studioqualit\u00e4t, 25 Stunden Akkulaufzeit, Fingertip-Bedienung, kompatibel mit iPhone und Android &#8211; Schwarz","date":"March 19, 2026","format":false,"excerpt":"PREMIUM-KLANG IN STUDIOQUALIT\u00c4T: Klarer Klang in Studioqualit\u00e4t, der auf jahrzehntelanger Erfahrung in der Entwicklung von Produkten f\u00fcr Musiklegenden und K\u00fcnstler aller Art beruht. EINSTELLBARE GER\u00c4USCHUNTERDR\u00dcCKUNG & UMGEBUNGSMODUS: Die anpassbare Ger\u00e4uschunterdr\u00fcckung unterdr\u00fcckt St\u00f6rger\u00e4usche f\u00fcr ein wirklich intensives H\u00f6rerlebnis. Drei digitale ANC-Einstellungen f\u00fcr erweiterte Unterdr\u00fcckung niedriger Frequenzen und ein nat\u00fcrliches H\u00f6rerlebnis. LANGER\u2026","rel":"","context":"Similar post","img":{"alt_text":"","src":"https:\/\/i0.wp.com\/anythingtechnicallc.com\/wp-content\/uploads\/2025\/02\/8161xyfr9bL._AC_SL1500_.jpg?fit=926%2C1200&ssl=1&resize=350%2C200","width":350,"height":200},"classes":[]}],"pll_sync_post":[],"lang":"de","translations":{"de":9617,"en":8531},"_links":{"self":[{"href":"https:\/\/anythingtechnicallc.com\/index.php\/wp-json\/wp\/v2\/product\/9617","targetHints":{"allow":["GET"]}}],"collection":[{"href":"https:\/\/anythingtechnicallc.com\/index.php\/wp-json\/wp\/v2\/product"}],"about":[{"href":"https:\/\/anythingtechnicallc.com\/index.php\/wp-json\/wp\/v2\/types\/product"}],"replies":[{"embeddable":true,"href":"https:\/\/anythingtechnicallc.com\/index.php\/wp-json\/wp\/v2\/comments?post=9617"}],"wp:featuredmedia":[{"embeddable":true,"href":"https:\/\/anythingtechnicallc.com\/index.php\/wp-json\/wp\/v2\/media\/9616"}],"wp:attachment":[{"href":"https:\/\/anythingtechnicallc.com\/index.php\/wp-json\/wp\/v2\/media?parent=9617"}],"wp:term":[{"taxonomy":"product_brand","embeddable":true,"href":"https:\/\/anythingtechnicallc.com\/index.php\/wp-json\/wp\/v2\/product_brand?post=9617"},{"taxonomy":"product_cat","embeddable":true,"href":"https:\/\/anythingtechnicallc.com\/index.php\/wp-json\/wp\/v2\/product_cat?post=9617"},{"taxonomy":"product_tag","embeddable":true,"href":"https:\/\/anythingtechnicallc.com\/index.php\/wp-json\/wp\/v2\/product_tag?post=9617"}],"curies":[{"name":"wp","href":"https:\/\/api.w.org\/{rel}","templated":true}]}}