{"id":9620,"date":"2026-03-24T10:16:09","date_gmt":"2026-03-24T10:16:09","guid":{"rendered":"https:\/\/anythingtechnicallc.com\/?post_type=product&#038;p=9620"},"modified":"2026-03-24T10:16:09","modified_gmt":"2026-03-24T10:16:09","slug":"gebrauchter-zyxel-nr5103ev2-5g-router-24ghz-5ghz-47gbps-wifi6-4g-lte-cat19-indoor","status":"publish","type":"product","link":"https:\/\/anythingtechnicallc.com\/index.php\/de\/product\/gebrauchter-zyxel-nr5103ev2-5g-router-24ghz-5ghz-47gbps-wifi6-4g-lte-cat19-indoor\/","title":{"rendered":"Gebrauchter Zyxel NR5103Ev2 5G Router &#8211; 2,4GHz &#038; 5GHz &#8211; 4,7Gbps WiFi6 &#8211; 4G LTE Cat19 &#8211; Indoor"},"content":{"rendered":"<div id=\"btf_arenas\" class=\"celwidget\" data-feature-name=\"btf_arenas\" data-csa-c-type=\"widget\" data-csa-c-content-id=\"btf_arenas\" data-csa-c-slot-id=\"btf_arenas\" data-csa-c-asin=\"\" data-csa-c-is-in-initial-active-row=\"false\" data-csa-c-id=\"w7bw2r-yldto0-1lnzs5-4jlmpb\" data-cel-widget=\"btf_arenas\">\n<div id=\"productDescription_feature_div\" class=\"celwidget pd_rd_w-Truid pd_rd_r-KFY7HX5QE2TQX3QQR68M pd_rd_wg-uKATQ\" data-feature-name=\"productDescription_after_ask-dp-search_EG_SA\" data-csa-c-type=\"widget\" data-csa-c-content-id=\"productDescription_after_ask-dp-search_EG_SA\" data-csa-c-slot-id=\"productDescription_feature_div\" data-csa-c-asin=\"\" data-csa-c-is-in-initial-active-row=\"false\" data-csa-c-id=\"n93piq-u7cl1h-ghk4c8-ss8v4x\" data-cel-widget=\"productDescription_feature_div\">\n<div>\n<div id=\"productDescription_feature_div\" class=\"a-row feature\" data-feature-name=\"productDescription\" data-template-name=\"productDescription\" data-cel-widget=\"productDescription_feature_div\">\n<div id=\"productDescription\" class=\"a-section a-spacing-small\">\n<p>Unlocked ZYXEL NR5103EV2 5G NR Indoor Router 4.7Gbps WiFi6 4G LTE Cat19 Sim Card 5G WiFi CPE Der Zyxel NR5103EV2 5G NR Indoor Router unterst\u00fctzt die neueste 5G NR Technologie und bleibt gleichzeitig voll kompatibel mit 4G Netzwerken. Der NR5103EV2 ist ideal f\u00fcr den Einsatz von 5G NR FWA. Service Provider k\u00f6nnen Premium-Breitbanddienste mit hoher Geschwindigkeit und Kapazit\u00e4t in den Wohnungen oder an den Arbeitspl\u00e4tzen ihrer Kunden bereitstellen.<\/p>\n<\/div>\n<\/div>\n<\/div>\n<\/div>\n<div id=\"aplus_feature_div\" class=\"celwidget pd_rd_w-fpjJM pd_rd_r-KFY7HX5QE2TQX3QQR68M pd_rd_wg-uKATQ\" data-feature-name=\"aplus\" data-csa-c-type=\"widget\" data-csa-c-content-id=\"aplus\" data-csa-c-slot-id=\"aplus_feature_div\" data-csa-c-asin=\"\" data-csa-c-is-in-initial-active-row=\"false\" data-csa-c-id=\"ji4qb8-b506i6-cqjjwa-aqzsqu\" data-cel-widget=\"aplus_feature_div\"><\/div>\n<div id=\"nile-inline-btf_feature_div\" class=\"celwidget pd_rd_w-MGZOs pd_rd_r-KFY7HX5QE2TQX3QQR68M pd_rd_wg-uKATQ\" data-feature-name=\"nile-inline-btf\" data-csa-c-type=\"widget\" data-csa-c-content-id=\"nile-inline-btf\" data-csa-c-slot-id=\"nile-inline-btf_feature_div\" data-csa-c-asin=\"\" data-csa-c-is-in-initial-active-row=\"false\" data-csa-c-id=\"7yp5u8-kxnnqa-d6hkog-kcxroc\" data-cel-widget=\"nile-inline-btf_feature_div\"><\/div>\n<\/div>\n<div id=\"postPurchaseSideSheet_MP_feature_div\" class=\"celwidget\" data-feature-name=\"postPurchaseSideSheet_MP\" data-csa-c-type=\"widget\" data-csa-c-content-id=\"postPurchaseSideSheet_MP\" data-csa-c-slot-id=\"postPurchaseSideSheet_MP_feature_div\" data-csa-c-asin=\"\" data-csa-c-is-in-initial-active-row=\"false\" data-csa-c-id=\"f73uch-ep85g8-r2gdzd-2iis3e\" data-cel-widget=\"postPurchaseSideSheet_MP_feature_div\"><\/div>\n<div id=\"postPurchaseWhatsInTheBox_MP_feature_div\" class=\"celwidget\" data-feature-name=\"postPurchaseWhatsInTheBox_MP\" data-csa-c-type=\"widget\" data-csa-c-content-id=\"postPurchaseWhatsInTheBox_MP\" data-csa-c-slot-id=\"postPurchaseWhatsInTheBox_MP_feature_div\" data-csa-c-asin=\"\" data-csa-c-is-in-initial-active-row=\"false\" data-csa-c-id=\"u0apl4-1nhrni-10y8d2-rkz4fp\" data-cel-widget=\"postPurchaseWhatsInTheBox_MP_feature_div\"><\/div>\n<div id=\"importantInformation_feature_div\" class=\"celwidget\" data-feature-name=\"importantInformation\" data-csa-c-type=\"widget\" data-csa-c-content-id=\"importantInformation\" data-csa-c-slot-id=\"importantInformation_feature_div\" data-csa-c-asin=\"\" data-csa-c-is-in-initial-active-row=\"false\" data-csa-c-id=\"mbgzoe-6vb4e0-p498sg-i50y6e\" data-cel-widget=\"importantInformation_feature_div\"><\/div>\n<div id=\"customer-reviews_feature_div\" class=\"celwidget\" data-feature-name=\"customer-reviews\" data-csa-c-type=\"widget\" data-csa-c-content-id=\"customer-reviews\" data-csa-c-slot-id=\"customer-reviews_feature_div\" data-csa-c-asin=\"\" data-csa-c-is-in-initial-active-row=\"false\" data-csa-c-id=\"ogsoef-ql68b0-3h85co-thx5l9\" data-cel-widget=\"customer-reviews_feature_div\">\n<div class=\"celwidget\" data-csa-op-log-render=\"\" data-csa-c-content-id=\"DsUnknown\" data-csa-c-slot-id=\"DsUnknown-2\" data-csa-c-type=\"widget\" data-csa-c-painter=\"raw:__hz-reviews-medley_1.0\" data-csa-c-id=\"3gk5ka-iadf81-bpx3jk-9q9x0u\" data-cel-widget=\"UnknownWidgetId\">\n<div id=\"customerReviews\" tabindex=\"-1\" aria-label=\"Top reviews\"><\/div>\n<\/div>\n<\/div>\n","protected":false},"excerpt":{"rendered":"<p>Unlocked ZYXEL NR5103EV2 5G NR Indoor Router 4.7Gbps WiFi6 4G LTE Cat19 Sim Card 5G WiFi CPE Der Zyxel NR5103EV2 5G NR Indoor Router unterst\u00fctzt die neueste 5G NR Technologie und bleibt gleichzeitig voll kompatibel mit 4G Netzwerken. Der NR5103EV2 ist ideal f\u00fcr den Einsatz von 5G NR FWA. Service Provider k\u00f6nnen Premium-Breitbanddienste mit hoher Geschwindigkeit und Kapazit\u00e4t in den Wohnungen oder an den Arbeitspl\u00e4tzen ihrer Kunden bereitstellen.<\/p>\n","protected":false},"featured_media":9619,"comment_status":"open","ping_status":"closed","template":"","meta":{"_et_pb_use_builder":"","_et_pb_old_content":"","_et_gb_content_width":""},"product_brand":[],"product_cat":[1562],"product_tag":[],"class_list":{"0":"post-9620","1":"product","2":"type-product","3":"status-publish","4":"has-post-thumbnail","6":"product_cat-bueroelektronik","8":"first","9":"instock","10":"sale","11":"taxable","12":"shipping-taxable","13":"purchasable","14":"product-type-simple"},"exclude_global_add_ons":[],"addons":[],"jetpack-related-posts":[{"id":9614,"url":"https:\/\/anythingtechnicallc.com\/index.php\/de\/product\/gebrauchter-zte-mc888-5g-wifi-home-router-freigeschaltet\/","url_meta":{"origin":9620,"position":0},"title":"Gebrauchter ZTE MC888 5G WiFi Home Router, freigeschaltet","date":"March 24, 2026","format":false,"excerpt":"Der ZTE MC888 5G Indoor CPE ist ein leistungsstarker Router, der mit dem neuesten Qualcomm X62-Chipsatz ausgestattet ist und eine nahtlose und stabile 5G-Verbindung f\u00fcr Ihr Zuhause oder Ihr B\u00fcro bietet. Seine hochmoderne 5G-Technologie bietet ultraschnelle Daten\u00fcbertragungsraten und sorgt daf\u00fcr, dass Sie Hochgeschwindigkeitsinternet f\u00fcr Streaming, Spiele und andere bandbreitenintensive Aktivit\u00e4ten\u2026","rel":"","context":"Similar post","img":{"alt_text":"","src":"https:\/\/i0.wp.com\/anythingtechnicallc.com\/wp-content\/uploads\/2025\/10\/ZTE-MC888-5G.webp?fit=920%2C920&ssl=1&resize=350%2C200","width":350,"height":200},"classes":[]},{"id":9623,"url":"https:\/\/anythingtechnicallc.com\/index.php\/de\/product\/gebrauchter-huawei-5g-cpe-pro-h112-370-dual-band-wireless-router-freigeschaltet\/","url_meta":{"origin":9620,"position":1},"title":"Gebrauchter Huawei 5G CPE Pro (H112-370) Dual Band Wireless Router, freigeschaltet","date":"March 24, 2026","format":false,"excerpt":"Huawei 5G CPE Pro H122 unterst\u00fctzt die meisten USA 5G 4G Simkarten NICHT !! Unterst\u00fctzt die meisten 4G Sim-Karten auf der ganzen Welt, au\u00dfer in den USA. 5G-B\u00e4nder Unterst\u00fctzende L\u00e4nder (bis Juni 2020): Europa, Naher Osten, China, Afrika, Australien, \u00d6sterreich, Brasilien, Hongkong, Japan, Malediven, Neuseeland, Philippinen. Russland, S\u00fcdkorea, Thailand, Singapur\u2026","rel":"","context":"Similar post","img":{"alt_text":"","src":"https:\/\/i0.wp.com\/anythingtechnicallc.com\/wp-content\/uploads\/2025\/10\/Huawei-5G-CPE-Pro.png?fit=839%2C1154&ssl=1&resize=350%2C200","width":350,"height":200},"classes":[]},{"id":9901,"url":"https:\/\/anythingtechnicallc.com\/index.php\/de\/product\/samsung-galaxy-s21-5g-us-version-128gb-phantom-grau-freigegeben-verlaengert\/","url_meta":{"origin":9620,"position":2},"title":"Samsung Galaxy S21 5G, US Version, 128GB, Phantom Grau &#8211; Freigegeben (Verl\u00e4ngert)","date":"April 15, 2026","format":false,"excerpt":"Display: 6,2\" AMOLED-Display mit 120 Hz Bildwiederholfrequenz und 1300 nits Helligkeit f\u00fcr lebendige Bilder und fl\u00fcssiges Scrollen. Kamera: R\u00fcckw\u00e4rtiges Dual-Kamera-System mit 64MP-Haupt- und 12MP-Ultraweitwinkelobjektiv f\u00fcr atemberaubende Fotos und Videos. Speicher: 128 GB interner Speicher und 8 GB RAM f\u00fcr eine Vielzahl von Apps und Dateien. Konnektivit\u00e4t: 5G-f\u00e4hig mit Unterst\u00fctzung f\u00fcr\u2026","rel":"","context":"Similar post","img":{"alt_text":"","src":"https:\/\/i0.wp.com\/anythingtechnicallc.com\/wp-content\/uploads\/2026\/04\/Samsung-Galaxy-S21-5G-US-Version-128GB-Phantom-Gray-Unlocked-Renewed.jpg?fit=900%2C1200&ssl=1&resize=350%2C200","width":350,"height":200},"classes":[]},{"id":9197,"url":"https:\/\/anythingtechnicallc.com\/index.php\/de\/product\/verlaengerter-amazon-eero-mesh-wlan-router-unterstuetzt-internet-tarife-bis-zu-550-mbps-abdeckung-bis-zu-1-500-sq-ft-1-pack\/","url_meta":{"origin":9620,"position":3},"title":"Verl\u00e4ngerter Amazon eero Mesh-WLAN-Router &#8211; Unterst\u00fctzt Internet-Tarife bis zu 550 Mbps, Abdeckung bis zu 1.500 sq. ft, 1-Pack","date":"March 19, 2026","format":false,"excerpt":"SCHNELLER STANDALONE-ROUTER - Der eero Mesh-WiFi-Router bringt bis zu 1.500 Quadratmeter schnelles, zuverl\u00e4ssiges WLAN in Ihr Zuhause. FUNKTIONIERT MIT ALEXA- Mit eero und einem Alexa-Ger\u00e4t (nicht im Lieferumfang enthalten) k\u00f6nnen Sie den WLAN-Zugang f\u00fcr Netzwerkprofile ganz einfach verwalten und sich so von den Bildschirmen abwenden und sich wieder auf das\u2026","rel":"","context":"Similar post","img":{"alt_text":"","src":"https:\/\/i0.wp.com\/anythingtechnicallc.com\/wp-content\/uploads\/2025\/02\/41fu0zjxqQL._SL1000_.jpg?fit=1000%2C1000&ssl=1&resize=350%2C200","width":350,"height":200},"classes":[]},{"id":9895,"url":"https:\/\/anythingtechnicallc.com\/index.php\/de\/product\/apple-iphone-12-64gb-blau-vollstaendig-freigeschaltet-erneuert-us-version\/","url_meta":{"origin":9620,"position":4},"title":"Apple iPhone 12, 64GB, Blau &#8211; Vollst\u00e4ndig freigeschaltet (Erneuert) US Version","date":"April 15, 2026","format":false,"excerpt":"Das Apple iPhone 12 verf\u00fcgt \u00fcber ein 6,1 Zoll gro\u00dfes OLED-Display, den 5nm Apple A14 Bionic Prozessor und eine Dual-Kamera mit gro\u00dfem Sensor. 5G und Face ID geh\u00f6ren ebenso zur Standardausstattung wie die Unterst\u00fctzung von True Tone f\u00fcr die Anpassung des Wei\u00dfabgleichs an das Umgebungslicht und die Unterst\u00fctzung von Wide\u2026","rel":"","context":"Similar post","img":{"alt_text":"","src":"https:\/\/i0.wp.com\/anythingtechnicallc.com\/wp-content\/uploads\/2026\/04\/Apple-iPhone-12-64GB-Blue-Unlocked-Renewed.jpg?fit=900%2C1200&ssl=1&resize=350%2C200","width":350,"height":200},"classes":[]},{"id":9892,"url":"https:\/\/anythingtechnicallc.com\/index.php\/de\/product\/apple-iphone-12-64gb-schwarz-vollstaendig-freigeschaltet-erneuert-us-version\/","url_meta":{"origin":9620,"position":5},"title":"Apple iPhone 12, 64GB, Schwarz &#8211; Vollst\u00e4ndig freigeschaltet (Erneuert) US Version","date":"April 15, 2026","format":false,"excerpt":"Das Apple iPhone 12 verf\u00fcgt \u00fcber ein 6,1 Zoll gro\u00dfes OLED-Display, den 5nm Apple A14 Bionic Prozessor und eine Dual-Kamera mit gro\u00dfem Sensor. 5G und Face ID geh\u00f6ren ebenso zur Standardausstattung wie die Unterst\u00fctzung von True Tone f\u00fcr die Anpassung des Wei\u00dfabgleichs an das Umgebungslicht und die Unterst\u00fctzung von Wide\u2026","rel":"","context":"Similar post","img":{"alt_text":"","src":"https:\/\/i0.wp.com\/anythingtechnicallc.com\/wp-content\/uploads\/2026\/04\/Apple-iPhone-12-64GB-Black-Fully-Unlocked-Renewed.jpg?fit=900%2C1200&ssl=1&resize=350%2C200","width":350,"height":200},"classes":[]}],"pll_sync_post":[],"lang":"de","translations":{"de":9620,"en":8533},"_links":{"self":[{"href":"https:\/\/anythingtechnicallc.com\/index.php\/wp-json\/wp\/v2\/product\/9620","targetHints":{"allow":["GET"]}}],"collection":[{"href":"https:\/\/anythingtechnicallc.com\/index.php\/wp-json\/wp\/v2\/product"}],"about":[{"href":"https:\/\/anythingtechnicallc.com\/index.php\/wp-json\/wp\/v2\/types\/product"}],"replies":[{"embeddable":true,"href":"https:\/\/anythingtechnicallc.com\/index.php\/wp-json\/wp\/v2\/comments?post=9620"}],"wp:featuredmedia":[{"embeddable":true,"href":"https:\/\/anythingtechnicallc.com\/index.php\/wp-json\/wp\/v2\/media\/9619"}],"wp:attachment":[{"href":"https:\/\/anythingtechnicallc.com\/index.php\/wp-json\/wp\/v2\/media?parent=9620"}],"wp:term":[{"taxonomy":"product_brand","embeddable":true,"href":"https:\/\/anythingtechnicallc.com\/index.php\/wp-json\/wp\/v2\/product_brand?post=9620"},{"taxonomy":"product_cat","embeddable":true,"href":"https:\/\/anythingtechnicallc.com\/index.php\/wp-json\/wp\/v2\/product_cat?post=9620"},{"taxonomy":"product_tag","embeddable":true,"href":"https:\/\/anythingtechnicallc.com\/index.php\/wp-json\/wp\/v2\/product_tag?post=9620"}],"curies":[{"name":"wp","href":"https:\/\/api.w.org\/{rel}","templated":true}]}}