{"id":9623,"date":"2026-03-24T10:16:54","date_gmt":"2026-03-24T10:16:54","guid":{"rendered":"https:\/\/anythingtechnicallc.com\/?post_type=product&#038;p=9623"},"modified":"2026-03-24T10:16:54","modified_gmt":"2026-03-24T10:16:54","slug":"gebrauchter-huawei-5g-cpe-pro-h112-370-dual-band-wireless-router-freigeschaltet","status":"publish","type":"product","link":"https:\/\/anythingtechnicallc.com\/index.php\/de\/product\/gebrauchter-huawei-5g-cpe-pro-h112-370-dual-band-wireless-router-freigeschaltet\/","title":{"rendered":"Gebrauchter Huawei 5G CPE Pro (H112-370) Dual Band Wireless Router, freigeschaltet"},"content":{"rendered":"<ul class=\"a-unordered-list a-vertical a-spacing-mini\">\n<li class=\"a-spacing-mini\"><span class=\"a-list-item\">Huawei 5G CPE Pro H122 unterst\u00fctzt die meisten USA 5G 4G Simkarten NICHT !! Unterst\u00fctzt die meisten 4G Sim-Karten auf der ganzen Welt, au\u00dfer in den USA.<\/span><\/li>\n<li class=\"a-spacing-mini\"><span class=\"a-list-item\">5G-B\u00e4nder Unterst\u00fctzende L\u00e4nder (bis Juni 2020): Europa, Naher Osten, China, Afrika, Australien, \u00d6sterreich, Brasilien, Hongkong, Japan, Malediven, Neuseeland, Philippinen. Russland, S\u00fcdkorea, Thailand, Singapur<\/span><\/li>\n<li class=\"a-spacing-mini\"><span class=\"a-list-item\">Wenn Sie eine 5G-Simkarte einlegen, betr\u00e4gt die maximale Download-Geschwindigkeit Wi-Fi 6+ bis zu 2976Mbps, ist abw\u00e4rtskompatibel mit 4G und verwandelt ein 4\/5G-Netzwerk in einen WIFi-Hotspot.<\/span><\/li>\n<\/ul>\n","protected":false},"excerpt":{"rendered":"<ul class=\"a-unordered-list a-vertical a-spacing-mini\">\n<li class=\"a-spacing-mini\"><span class=\"a-list-item\">Huawei 5G CPE Pro H122 unterst\u00fctzt die meisten USA 5G 4G Simkarten NICHT !! Unterst\u00fctzt die meisten 4G Sim-Karten auf der ganzen Welt, au\u00dfer in den USA.<\/span><\/li>\n<li class=\"a-spacing-mini\"><span class=\"a-list-item\">5G-B\u00e4nder Unterst\u00fctzende L\u00e4nder (bis Juni 2020): Europa, Naher Osten, China, Afrika, Australien, \u00d6sterreich, Brasilien, Hongkong, Japan, Malediven, Neuseeland, Philippinen. Russland, S\u00fcdkorea, Thailand, Singapur<\/span><\/li>\n<li class=\"a-spacing-mini\"><span class=\"a-list-item\">Wenn Sie eine 5G-Simkarte einlegen, betr\u00e4gt die maximale Download-Geschwindigkeit Wi-Fi 6+ bis zu 2976Mbps, ist abw\u00e4rtskompatibel mit 4G und verwandelt ein 4\/5G-Netzwerk in einen WIFi-Hotspot.<\/span><\/li>\n<\/ul>\n","protected":false},"featured_media":9622,"comment_status":"open","ping_status":"closed","template":"","meta":{"_et_pb_use_builder":"","_et_pb_old_content":"","_et_gb_content_width":""},"product_brand":[],"product_cat":[1562],"product_tag":[],"class_list":{"0":"post-9623","1":"product","2":"type-product","3":"status-publish","4":"has-post-thumbnail","6":"product_cat-bueroelektronik","8":"first","9":"instock","10":"sale","11":"taxable","12":"shipping-taxable","13":"purchasable","14":"product-type-simple"},"exclude_global_add_ons":[],"addons":[],"jetpack-related-posts":[{"id":9620,"url":"https:\/\/anythingtechnicallc.com\/index.php\/de\/product\/gebrauchter-zyxel-nr5103ev2-5g-router-24ghz-5ghz-47gbps-wifi6-4g-lte-cat19-indoor\/","url_meta":{"origin":9623,"position":0},"title":"Gebrauchter Zyxel NR5103Ev2 5G Router &#8211; 2,4GHz &#038; 5GHz &#8211; 4,7Gbps WiFi6 &#8211; 4G LTE Cat19 &#8211; Indoor","date":"March 24, 2026","format":false,"excerpt":"Unlocked ZYXEL NR5103EV2 5G NR Indoor Router 4.7Gbps WiFi6 4G LTE Cat19 Sim Card 5G WiFi CPE Der Zyxel NR5103EV2 5G NR Indoor Router unterst\u00fctzt die neueste 5G NR Technologie und bleibt gleichzeitig voll kompatibel mit 4G Netzwerken. Der NR5103EV2 ist ideal f\u00fcr den Einsatz von 5G NR FWA. Service\u2026","rel":"","context":"Similar post","img":{"alt_text":"","src":"https:\/\/i0.wp.com\/anythingtechnicallc.com\/wp-content\/uploads\/2025\/10\/Zyxel-NR5103EV2.jpg?fit=476%2C1000&ssl=1&resize=350%2C200","width":350,"height":200},"classes":[]},{"id":9614,"url":"https:\/\/anythingtechnicallc.com\/index.php\/de\/product\/gebrauchter-zte-mc888-5g-wifi-home-router-freigeschaltet\/","url_meta":{"origin":9623,"position":1},"title":"Gebrauchter ZTE MC888 5G WiFi Home Router, freigeschaltet","date":"March 24, 2026","format":false,"excerpt":"Der ZTE MC888 5G Indoor CPE ist ein leistungsstarker Router, der mit dem neuesten Qualcomm X62-Chipsatz ausgestattet ist und eine nahtlose und stabile 5G-Verbindung f\u00fcr Ihr Zuhause oder Ihr B\u00fcro bietet. Seine hochmoderne 5G-Technologie bietet ultraschnelle Daten\u00fcbertragungsraten und sorgt daf\u00fcr, dass Sie Hochgeschwindigkeitsinternet f\u00fcr Streaming, Spiele und andere bandbreitenintensive Aktivit\u00e4ten\u2026","rel":"","context":"Similar post","img":{"alt_text":"","src":"https:\/\/i0.wp.com\/anythingtechnicallc.com\/wp-content\/uploads\/2025\/10\/ZTE-MC888-5G.webp?fit=920%2C920&ssl=1&resize=350%2C200","width":350,"height":200},"classes":[]},{"id":9149,"url":"https:\/\/anythingtechnicallc.com\/index.php\/de\/product\/razer-huntsman-elite-gaming-tastatur-schnelle-tastaturschalter-clicky-optical-switches-chroma-rgb-beleuchtung-magnetische-pluesch-handgelenkauflage-dedizierte-medientasten-wahlrad-klassis\/","url_meta":{"origin":9623,"position":2},"title":"Razer Huntsman Elite Gaming Tastatur: Schnelle Tastaturschalter &#8211; Clicky Optical Switches &#8211; Chroma RGB-Beleuchtung &#8211; Magnetische Pl\u00fcsch-Handgelenkauflage &#8211; Dedizierte Medientasten &#038; Wahlrad &#8211; Klassisches Schwarz","date":"March 19, 2026","format":false,"excerpt":"Schneller als herk\u00f6mmliche mechanische Schalter: Die optischen Schalter von Razer arbeiten mit einer lichtbasierten Bet\u00e4tigung und registrieren Tastendr\u00fccke in Lichtgeschwindigkeit (30 % k\u00fcrzerer Bet\u00e4tigungsabstand als bei anderen Klick-Schaltern mit 1,5 Millimetern) mit einem befriedigenden, klickenden Feedback. Ultimative Personalisierung und Gaming Immersion mit Razer Chroma: Vollst\u00e4ndige Synchronisierung mit beliebten Spielen, Razer-Hardware,\u2026","rel":"","context":"Similar post","img":{"alt_text":"","src":"https:\/\/i0.wp.com\/anythingtechnicallc.com\/wp-content\/uploads\/2025\/02\/81pVmvSiLwL._AC_SL1500_.jpg?fit=1200%2C920&ssl=1&resize=350%2C200","width":350,"height":200},"classes":[]},{"id":9895,"url":"https:\/\/anythingtechnicallc.com\/index.php\/de\/product\/apple-iphone-12-64gb-blau-vollstaendig-freigeschaltet-erneuert-us-version\/","url_meta":{"origin":9623,"position":3},"title":"Apple iPhone 12, 64GB, Blau &#8211; Vollst\u00e4ndig freigeschaltet (Erneuert) US Version","date":"April 15, 2026","format":false,"excerpt":"Das Apple iPhone 12 verf\u00fcgt \u00fcber ein 6,1 Zoll gro\u00dfes OLED-Display, den 5nm Apple A14 Bionic Prozessor und eine Dual-Kamera mit gro\u00dfem Sensor. 5G und Face ID geh\u00f6ren ebenso zur Standardausstattung wie die Unterst\u00fctzung von True Tone f\u00fcr die Anpassung des Wei\u00dfabgleichs an das Umgebungslicht und die Unterst\u00fctzung von Wide\u2026","rel":"","context":"Similar post","img":{"alt_text":"","src":"https:\/\/i0.wp.com\/anythingtechnicallc.com\/wp-content\/uploads\/2026\/04\/Apple-iPhone-12-64GB-Blue-Unlocked-Renewed.jpg?fit=900%2C1200&ssl=1&resize=350%2C200","width":350,"height":200},"classes":[]},{"id":9892,"url":"https:\/\/anythingtechnicallc.com\/index.php\/de\/product\/apple-iphone-12-64gb-schwarz-vollstaendig-freigeschaltet-erneuert-us-version\/","url_meta":{"origin":9623,"position":4},"title":"Apple iPhone 12, 64GB, Schwarz &#8211; Vollst\u00e4ndig freigeschaltet (Erneuert) US Version","date":"April 15, 2026","format":false,"excerpt":"Das Apple iPhone 12 verf\u00fcgt \u00fcber ein 6,1 Zoll gro\u00dfes OLED-Display, den 5nm Apple A14 Bionic Prozessor und eine Dual-Kamera mit gro\u00dfem Sensor. 5G und Face ID geh\u00f6ren ebenso zur Standardausstattung wie die Unterst\u00fctzung von True Tone f\u00fcr die Anpassung des Wei\u00dfabgleichs an das Umgebungslicht und die Unterst\u00fctzung von Wide\u2026","rel":"","context":"Similar post","img":{"alt_text":"","src":"https:\/\/i0.wp.com\/anythingtechnicallc.com\/wp-content\/uploads\/2026\/04\/Apple-iPhone-12-64GB-Black-Fully-Unlocked-Renewed.jpg?fit=900%2C1200&ssl=1&resize=350%2C200","width":350,"height":200},"classes":[]},{"id":9846,"url":"https:\/\/anythingtechnicallc.com\/index.php\/de\/product\/shokz-opendots-one-open-ear-kopfhoerer-clip-on-ohrstoepsel-drahtlose-bluetooth-ohrstoepsel-mit-mikrofon-sicher-leicht-komfortabel-premium-dolby-audio-wasserbestaendig-schnelle-aufladung-bis-zu-40-s\/","url_meta":{"origin":9623,"position":5},"title":"SHOKZ OpenDots ONE-Open-Ear Kopfh\u00f6rer, Clip-On Ohrst\u00f6psel-Drahtlose Bluetooth Ohrst\u00f6psel mit Mikrofon-Sicher, leicht, komfortabel-Premium Dolby Audio-Wasserbest\u00e4ndig-Schnelle Aufladung-Bis zu 40 Stunden Spielzeit","date":"April 8, 2026","format":false,"excerpt":"Personalisierte Clip-On-Passform - Die flexible Nickel-Titan-Platte und der weiche Silikongriff passen sich Ihrem Ohr an und sorgen f\u00fcr Sicherheit und Komfort. Mit einem Gewicht von nur 6,5 g ist jeder Ohrh\u00f6rer den ganzen Tag \u00fcber praktisch unbemerkt. Satter, offener Klang - Dank des f\u00fcr Shokz typischen offenen Designs bleiben Sie\u2026","rel":"","context":"Similar post","img":{"alt_text":"","src":"https:\/\/i0.wp.com\/anythingtechnicallc.com\/wp-content\/uploads\/2026\/03\/61oJUpMRJ7L._AC_SL1500_.jpg?fit=828%2C1200&ssl=1&resize=350%2C200","width":350,"height":200},"classes":[]}],"pll_sync_post":[],"lang":"de","translations":{"de":9623,"en":8535},"_links":{"self":[{"href":"https:\/\/anythingtechnicallc.com\/index.php\/wp-json\/wp\/v2\/product\/9623","targetHints":{"allow":["GET"]}}],"collection":[{"href":"https:\/\/anythingtechnicallc.com\/index.php\/wp-json\/wp\/v2\/product"}],"about":[{"href":"https:\/\/anythingtechnicallc.com\/index.php\/wp-json\/wp\/v2\/types\/product"}],"replies":[{"embeddable":true,"href":"https:\/\/anythingtechnicallc.com\/index.php\/wp-json\/wp\/v2\/comments?post=9623"}],"wp:featuredmedia":[{"embeddable":true,"href":"https:\/\/anythingtechnicallc.com\/index.php\/wp-json\/wp\/v2\/media\/9622"}],"wp:attachment":[{"href":"https:\/\/anythingtechnicallc.com\/index.php\/wp-json\/wp\/v2\/media?parent=9623"}],"wp:term":[{"taxonomy":"product_brand","embeddable":true,"href":"https:\/\/anythingtechnicallc.com\/index.php\/wp-json\/wp\/v2\/product_brand?post=9623"},{"taxonomy":"product_cat","embeddable":true,"href":"https:\/\/anythingtechnicallc.com\/index.php\/wp-json\/wp\/v2\/product_cat?post=9623"},{"taxonomy":"product_tag","embeddable":true,"href":"https:\/\/anythingtechnicallc.com\/index.php\/wp-json\/wp\/v2\/product_tag?post=9623"}],"curies":[{"name":"wp","href":"https:\/\/api.w.org\/{rel}","templated":true}]}}