{"id":9626,"date":"2026-03-24T10:17:38","date_gmt":"2026-03-24T10:17:38","guid":{"rendered":"https:\/\/anythingtechnicallc.com\/?post_type=product&#038;p=9626"},"modified":"2026-03-24T10:17:39","modified_gmt":"2026-03-24T10:17:39","slug":"gebrauchte-dell-wd19s-180w-docking-station-130w-power-delivery-usb-c-hdmi-dual-displayport-schwarz","status":"publish","type":"product","link":"https:\/\/anythingtechnicallc.com\/index.php\/de\/product\/gebrauchte-dell-wd19s-180w-docking-station-130w-power-delivery-usb-c-hdmi-dual-displayport-schwarz\/","title":{"rendered":"Gebrauchte Dell WD19S 180W Docking Station (130W Power Delivery) USB-C, HDMI, Dual DisplayPort, Schwarz"},"content":{"rendered":"<div class=\"productDescription_UbV5SNP5Eo\" data-selenium=\"overviewLongDescription\">\n<div class=\"js-injected-html text_UbV5SNP5Eo\">\n<p>Der WD19S verf\u00fcgt \u00fcber einen einzigen USB-Typ-C-Eingang und ein mitgeliefertes Kabel, das bei kompatiblen Dell-Notebooks eine Leistung von 130 W und bei Nicht-Dell-Systemen eine Leistung von 90 W liefert, wenn das mitgelieferte 180-Watt-Netzteil angeschlossen ist, was die M\u00f6glichkeiten Ihres Notebooks beim Aufladen erweitert. Wenn er angeschlossen ist, bietet Ihnen dieser Hub drei USB 3.1 Gen 1 Typ-A- und zwei Typ-C-Anschl\u00fcsse, so dass Sie eine Vielzahl von Anschlussm\u00f6glichkeiten f\u00fcr Ihre kompatiblen Ger\u00e4te haben. \u00dcber zwei DisplayPort- und einen HDMI-Eingang k\u00f6nnen Sie eine Vielzahl von Bildschirmen an den WD19S anschlie\u00dfen, der eine maximale Aufl\u00f6sung von 3840 x 2160 bei einer Bildwiederholfrequenz von 60 Hz unterst\u00fctzt und Ihnen ein klares und fl\u00fcssiges Bild liefert. Ein einzelner RJ45-Gigabit-Ethernet-Anschluss ist ebenfalls vorhanden und bietet Ihnen eine verbesserte kabelgebundene Verbindung f\u00fcr das Hoch- und Herunterladen von Dateien. Dieses Ger\u00e4t kann mit optionalem Montagematerial in verschiedenen Aufstellungen positioniert werden. Noble Wedge- und Kensington-Slots bieten eine Sicherheitsl\u00f6sung, die in Verbindung mit verschiedenen Schlie\u00dfmechanismen Diebstahl verhindert.<\/p>\n<\/div>\n<\/div>\n<div class=\"feature_UbV5SNP5Eo\">\n<div class=\"feature_UbV5SNP5Eo\">\n<div class=\"feature_UbV5SNP5Eo\">\n<div class=\"featureHeader_UbV5SNP5Eo\"><\/div>\n<\/div>\n<\/div>\n<\/div>\n","protected":false},"excerpt":{"rendered":"<div class=\"productDescription_UbV5SNP5Eo\" data-selenium=\"overviewLongDescription\">\n<div class=\"js-injected-html text_UbV5SNP5Eo\">\n<p>Der WD19S verf\u00fcgt \u00fcber einen einzigen USB-Typ-C-Eingang und ein mitgeliefertes Kabel, das bei kompatiblen Dell-Notebooks eine Leistung von 130 W und bei Nicht-Dell-Systemen eine Leistung von 90 W liefert, wenn das mitgelieferte 180-Watt-Netzteil angeschlossen ist, was die M\u00f6glichkeiten Ihres Notebooks beim Aufladen erweitert. Wenn er angeschlossen ist, bietet Ihnen dieser Hub drei USB 3.1 Gen 1 Typ-A- und zwei Typ-C-Anschl\u00fcsse, so dass Sie eine Vielzahl von Anschlussm\u00f6glichkeiten f\u00fcr Ihre kompatiblen Ger\u00e4te haben. \u00dcber zwei DisplayPort- und einen HDMI-Eingang k\u00f6nnen Sie eine Vielzahl von Bildschirmen an den WD19S anschlie\u00dfen, der eine maximale Aufl\u00f6sung von 3840 x 2160 bei einer Bildwiederholfrequenz von 60 Hz unterst\u00fctzt und Ihnen ein klares und fl\u00fcssiges Bild liefert. Ein einzelner RJ45-Gigabit-Ethernet-Anschluss ist ebenfalls vorhanden und bietet Ihnen eine verbesserte kabelgebundene Verbindung f\u00fcr das Hoch- und Herunterladen von Dateien. Dieses Ger\u00e4t kann mit optionalem Montagematerial in verschiedenen Aufstellungen positioniert werden. Noble Wedge- und Kensington-Slots bieten eine Sicherheitsl\u00f6sung, die in Verbindung mit verschiedenen Schlie\u00dfmechanismen Diebstahl verhindert.<\/p>\n<\/div>\n<\/div>\n<div class=\"feature_UbV5SNP5Eo\">\n<div class=\"feature_UbV5SNP5Eo\">\n<div class=\"feature_UbV5SNP5Eo\">\n<div class=\"featureHeader_UbV5SNP5Eo\"><\/div>\n<\/div>\n<\/div>\n<\/div>\n","protected":false},"featured_media":9625,"comment_status":"open","ping_status":"closed","template":"","meta":{"_et_pb_use_builder":"","_et_pb_old_content":"","_et_gb_content_width":""},"product_brand":[],"product_cat":[1580],"product_tag":[],"class_list":{"0":"post-9626","1":"product","2":"type-product","3":"status-publish","4":"has-post-thumbnail","6":"product_cat-solarladegeraete","8":"first","9":"instock","10":"sale","11":"taxable","12":"shipping-taxable","13":"purchasable","14":"product-type-simple"},"exclude_global_add_ons":[],"addons":[],"jetpack-related-posts":[{"id":9460,"url":"https:\/\/anythingtechnicallc.com\/index.php\/de\/product\/888wh65watt-tragbares-laptop-ladegeraet-mit-solarpanel-ein-super-tragbarer-reiseakku-powerbank-fuer-hp-notebooks-macbook-laptops\/","url_meta":{"origin":9626,"position":0},"title":"88,8Wh|65Watt Tragbares Laptop-Ladeger\u00e4t mit Solarpanel, Ein super tragbarer Reiseakku &#038; Powerbank f\u00fcr HP, Notebooks, MacBook, Laptops","date":"March 19, 2026","format":false,"excerpt":"Bemerkenswert kompakt und leistungsstark: Eine der kleinsten und leichtesten tragbaren Powerbanks mit 24000mAh (88,8Wh) und 110V\/65W AC-Anschluss, eine gro\u00dfartige L\u00f6sung f\u00fcr die AC-Stromversorgung. Sie liefert ausreichend Strom f\u00fcr die meisten Ihrer Ger\u00e4te wie Smartphone, Tablet und Laptop. Perfekt f\u00fcr Ihre Reisen und Gesch\u00e4ftsreisen. Schnelles Aufladen: L\u00e4dt sich selbst in weniger\u2026","rel":"","context":"Similar post","img":{"alt_text":"","src":"https:\/\/i0.wp.com\/anythingtechnicallc.com\/wp-content\/uploads\/2022\/09\/888Wh65Watts-Portable-Laptop-Charger-with-Solar-Panel-A-Super-Travel-Portable-Battery-Pack-Power-Bank-for-HP-Notebooks-MacBook-Laptops-0.jpg?fit=500%2C500&ssl=1&resize=350%2C200","width":350,"height":200},"classes":[]},{"id":9398,"url":"https:\/\/anythingtechnicallc.com\/index.php\/de\/product\/solarstrombank-50000mahznust-tragbares-solarladegeraet-externes-akkupack-mit-4-ausgaengen-ports-dual-eingaenge-usb-typ-c-und-9-led-taschenlampen-handy-ladegeraet-fuer-camping-outdoor\/","url_meta":{"origin":9626,"position":1},"title":"Solarstrombank 50000mAh,ZNUST Tragbares Solarladeger\u00e4t Externes Akkupack mit 4 Ausg\u00e4ngen Ports Dual Eing\u00e4nge USB Typ C und 9 LED Taschenlampen Handy Ladeger\u00e4t f\u00fcr Camping Outdoor","date":"March 19, 2026","format":false,"excerpt":"Vergewissern Sie sich, dass das Produkt passt, indem Sie Ihre Modellnummer eingeben. \u26a1\ud83d\udd0b\u301050000mA Gro\u00dfe Kapazit\u00e4t Solar Power Bank\u3011 :50000mAh hohe Kapazit\u00e4t Li-Polymer-Akku mit Solarpanel, Es kann f\u00fcr iPhone 7 bis zu 18-20 mal aufladen; f\u00fcr iPhone 12 bis zu 13-15 mal; f\u00fcr Samsung S21 bis zu 10 mal; Es kann\u2026","rel":"","context":"Similar post","img":{"alt_text":"","src":"https:\/\/i0.wp.com\/anythingtechnicallc.com\/wp-content\/uploads\/2022\/09\/Solar-Power-Bank-50000mAhZNUST-Portable-Solar-Charger-External-Battery-Pack-with-4-Outputs-Ports-Dual-Inputs-USB-Type-C-and-9-LED-Flashlights-Cell-Phone-Charger-for-Camping-Outdoor-0.jpg?fit=500%2C500&ssl=1&resize=350%2C200","width":350,"height":200},"classes":[]},{"id":9407,"url":"https:\/\/anythingtechnicallc.com\/index.php\/de\/product\/solar-ladegeraet-10000mah-solar-powerbank-18w-power-delivery-usb-c-ladegeraet-typ-c-eingang-ausgang-qc-3-0-pd-schnelles-tragbares-ladegeraet-kompatibel-mit-iphone-samsung-und-mehr\/","url_meta":{"origin":9626,"position":2},"title":"Solar-Ladeger\u00e4t, 10000mAh Solar-Powerbank, 18W Power Delivery USB C Ladeger\u00e4t, Typ C Eingang &#038; Ausgang, QC 3.0 &#038; PD Schnelles tragbares Ladeger\u00e4t Kompatibel mit iPhone, Samsung und mehr","date":"March 19, 2026","format":false,"excerpt":"Stellen Sie sicher, dass dieses Produkt passt, indem Sie Ihre Modellnummer eingeben. Hochgeschwindigkeits-Laden: Die Kombination aus Stromzufuhr und QC 3.0-Ausgang erm\u00f6glicht eine optimale Aufladung Ihres Ger\u00e4ts mit bis zu 18 W. Es ist mit fast allen USB-betriebenen Ger\u00e4ten kompatibel. Schnelles Ladeger\u00e4t: Die Powerbank unterst\u00fctzt die Leistungsstufen 5W, 7,5W und 10W.\u2026","rel":"","context":"Similar post","img":{"alt_text":"","src":"https:\/\/i0.wp.com\/anythingtechnicallc.com\/wp-content\/uploads\/2022\/09\/Solar-Charger-10000mAh-Solar-Power-Bank-18W-Power-Delivery-USB-C-Charger-Type-C-Input-Output-QC-30-PD-Fast-Portable-Charger-Compatible-with-iPhone-Samsung-and-More-0.jpg?fit=500%2C500&ssl=1&resize=350%2C200","width":350,"height":200},"classes":[]},{"id":9155,"url":"https:\/\/anythingtechnicallc.com\/index.php\/de\/product\/microsoft-surface-pro-7-123-zoll-touchscreen-intel-i5-1035g4-8gb-ram-256gb-ssd-erneuert\/","url_meta":{"origin":9626,"position":3},"title":"Microsoft Surface Pro 7 12,3 Zoll Touchscreen Intel i5-1035G4 8GB RAM 256GB SSD (Erneuert)","date":"March 19, 2026","format":false,"excerpt":"Intel Core i5-1035G4 Prozessor der 10. Generation: Intelligente Vierkern- und Achtfach-Verarbeitungsleistung. Die Intel Turbo Boost Technologie liefert dynamische Extra-Power, wenn Sie sie brauchen, und erh\u00f6ht die Energieeffizienz, wenn Sie sie nicht brauchen. 12,3\" Bildschirm mit einer Aufl\u00f6sung von 2736 x 1824: Klare, helle Aufl\u00f6sung zum Ansehen von Filmen, Surfen im\u2026","rel":"","context":"Similar post","img":{"alt_text":"","src":"https:\/\/i0.wp.com\/anythingtechnicallc.com\/wp-content\/uploads\/2025\/02\/51d7wx7kBL._AC_SL1500_.jpg?fit=1200%2C486&ssl=1&resize=350%2C200","width":350,"height":200},"classes":[]},{"id":9831,"url":"https:\/\/anythingtechnicallc.com\/index.php\/de\/product\/apple-ipad-11-zoll-a16-chip-11-zoll-modell-liquid-retina-display-128gb-wi-fi-6-12mp-front-12mp-rueckkamera-touch-id-ganztaegige-batterielaufzeit-blau\/","url_meta":{"origin":9626,"position":4},"title":"Apple iPad 11-Zoll: A16 Chip, 11-Zoll Modell, Liquid Retina Display, 128GB, Wi-Fi 6, 12MP Front-\/12MP R\u00fcckkamera, Touch ID, Ganzt\u00e4gige Batterielaufzeit &#8211; Blau","date":"April 8, 2026","format":false,"excerpt":"WARUM IPAD - Das 11-Zoll-iPad ist jetzt leistungsf\u00e4higer denn je mit dem superschnellen A16-Chip, einem atemberaubenden Liquid Retina-Display, fortschrittlichen Kameras, schnellem Wi-Fi, USB-C-Anschluss und vier pr\u00e4chtigen Farben.* Das iPad bietet eine leistungsstarke M\u00f6glichkeit, zu kreieren, in Verbindung zu bleiben und Dinge zu erledigen. LEISTUNG UND SPEICHER - Der superschnelle A16\u2026","rel":"","context":"Similar post","img":{"alt_text":"","src":"https:\/\/i0.wp.com\/anythingtechnicallc.com\/wp-content\/uploads\/2026\/03\/61aPY8odPSL._AC_SL1500_.jpg?fit=1061%2C1200&ssl=1&resize=350%2C200","width":350,"height":200},"classes":[]},{"id":9425,"url":"https:\/\/anythingtechnicallc.com\/index.php\/de\/product\/2-usb-anschluesse-28w-solar-ladegeraet-5v-4-8a-max-faltbares-tragbares-solar-handy-ladegeraet-mit-sunpower-solarpanel-kompatibel-mit-iphone-11-xs-xs-max-xr-x-8-7-ipad-samsung-galaxy-lg-etc\/","url_meta":{"origin":9626,"position":5},"title":"2 USB-Anschl\u00fcsse 28W Solar-Ladeger\u00e4t (5V\/4.8A Max), faltbares tragbares Solar-Handy-Ladeger\u00e4t mit SunPower Solarpanel Kompatibel mit iPhone 11\/Xs\/XS Max\/XR\/X\/8\/7, iPad, Samsung Galaxy LG etc.","date":"March 19, 2026","format":false,"excerpt":"Verbesserte zwei USB-A-Anschl\u00fcsse: Jeder hat einen maximalen Ausgang von 5V\/2,4A und der maximale Gesamtstrom liegt bei 5V\/4,8A. Mit dem 28 W Solarladeger\u00e4t k\u00f6nnen Sie mehrere Ger\u00e4te gleichzeitig aufladen. Es ist mit einer intelligenten Ladetechnologie ausgestattet, die Ihr Ger\u00e4t erkennt und dann die optimale Ladegeschwindigkeit f\u00fcr verschiedene Ger\u00e4te bereitstellt. 100% sichere\u2026","rel":"","context":"Similar post","img":{"alt_text":"","src":"https:\/\/i0.wp.com\/anythingtechnicallc.com\/wp-content\/uploads\/2021\/11\/10891131799_1539480740.jpg?fit=750%2C750&ssl=1&resize=350%2C200","width":350,"height":200},"classes":[]}],"pll_sync_post":[],"lang":"de","translations":{"de":9626,"en":8537},"_links":{"self":[{"href":"https:\/\/anythingtechnicallc.com\/index.php\/wp-json\/wp\/v2\/product\/9626","targetHints":{"allow":["GET"]}}],"collection":[{"href":"https:\/\/anythingtechnicallc.com\/index.php\/wp-json\/wp\/v2\/product"}],"about":[{"href":"https:\/\/anythingtechnicallc.com\/index.php\/wp-json\/wp\/v2\/types\/product"}],"replies":[{"embeddable":true,"href":"https:\/\/anythingtechnicallc.com\/index.php\/wp-json\/wp\/v2\/comments?post=9626"}],"wp:featuredmedia":[{"embeddable":true,"href":"https:\/\/anythingtechnicallc.com\/index.php\/wp-json\/wp\/v2\/media\/9625"}],"wp:attachment":[{"href":"https:\/\/anythingtechnicallc.com\/index.php\/wp-json\/wp\/v2\/media?parent=9626"}],"wp:term":[{"taxonomy":"product_brand","embeddable":true,"href":"https:\/\/anythingtechnicallc.com\/index.php\/wp-json\/wp\/v2\/product_brand?post=9626"},{"taxonomy":"product_cat","embeddable":true,"href":"https:\/\/anythingtechnicallc.com\/index.php\/wp-json\/wp\/v2\/product_cat?post=9626"},{"taxonomy":"product_tag","embeddable":true,"href":"https:\/\/anythingtechnicallc.com\/index.php\/wp-json\/wp\/v2\/product_tag?post=9626"}],"curies":[{"name":"wp","href":"https:\/\/api.w.org\/{rel}","templated":true}]}}