{"id":9629,"date":"2026-03-24T10:18:35","date_gmt":"2026-03-24T10:18:35","guid":{"rendered":"https:\/\/anythingtechnicallc.com\/?post_type=product&#038;p=9629"},"modified":"2026-03-24T10:18:35","modified_gmt":"2026-03-24T10:18:35","slug":"gebrauchter-hp-usb-c-dock-g5-11-in-1-adapter-fuer-usb-c-und-thunderbolt-faehige-laptops-pcs-und-notebooks-ein-einziges-kabel-zum-laden-vernetzen-oder-fuer-datenuebertragungen-ideal-fuer-sicheres","status":"publish","type":"product","link":"https:\/\/anythingtechnicallc.com\/index.php\/de\/product\/gebrauchter-hp-usb-c-dock-g5-11-in-1-adapter-fuer-usb-c-und-thunderbolt-faehige-laptops-pcs-und-notebooks-ein-einziges-kabel-zum-laden-vernetzen-oder-fuer-datenuebertragungen-ideal-fuer-sicheres\/","title":{"rendered":"Gebrauchter HP USB-C Dock G5-11-in-1 Adapter f\u00fcr USB-C und Thunderbolt-f\u00e4hige Laptops, PCs und Notebooks &#8211; ein einziges Kabel zum Laden, Vernetzen oder f\u00fcr Daten\u00fcbertragungen &#8211; ideal f\u00fcr sicheres &#038; Remote Management"},"content":{"rendered":"<div id=\"btf_arenas\" class=\"celwidget\" data-feature-name=\"btf_arenas\" data-csa-c-type=\"widget\" data-csa-c-content-id=\"btf_arenas\" data-csa-c-slot-id=\"btf_arenas\" data-csa-c-asin=\"\" data-csa-c-is-in-initial-active-row=\"false\" data-csa-c-id=\"kqr4zt-p2pjag-b5o1gz-v2ftq2\" data-cel-widget=\"btf_arenas\">\n<div id=\"productDescription_feature_div\" class=\"celwidget pd_rd_w-HaNPO pd_rd_r-R0QKDTRYNB9NKVA6M08W pd_rd_wg-eLEem\" data-feature-name=\"productDescription\" data-csa-c-type=\"widget\" data-csa-c-content-id=\"productDescription\" data-csa-c-slot-id=\"productDescription_feature_div\" data-csa-c-asin=\"\" data-csa-c-is-in-initial-active-row=\"false\" data-csa-c-id=\"gmozs1-65rk4h-wn9e8g-4n73mh\" data-cel-widget=\"productDescription_feature_div\">\n<div>\n<div id=\"productDescription_feature_div\" class=\"a-row feature\" data-feature-name=\"productDescription\" data-template-name=\"productDescription\" data-cel-widget=\"productDescription_feature_div\">\n<div id=\"productDescription\" class=\"a-section a-spacing-small\">\n<p>Machen Sie sich an die Arbeit mit dem vielseitigen, eleganten und platzsparenden HP USB-C Dock G5. Diese USB-Dockingstation ist mit HP Laptops, MacBook\u00ae Computern und anderen Notebooks (2) kompatibel und eignet sich dank ihres geringen Platzbedarfs und der Einrichtung mit nur einem Kabel hervorragend zur Organisation Ihres Schreibtisches. Ganz gleich, ob es sich um Bildschirme oder anderes elektronisches Zubeh\u00f6r handelt, Ihr universelles Dock unterst\u00fctzt Sie beim Aufladen, bei der Daten\u00fcbertragung und bei der Vernetzung von Ger\u00e4ten. (1) F\u00fcr die USB-C\u00ae-Funktionalit\u00e4t m\u00fcssen die Host-PCs das DisplayPort\u2122 Alt-Modus-Protokoll \u00fcber ihren USB-C\u00ae-Anschluss unterst\u00fctzen. Thunderbolt\u2122-f\u00e4hige Notebooks funktionieren mit USB-C\u00ae-Geschwindigkeit. Das Aufladen und die Port-Replikation wird von Notebooks unterst\u00fctzt, die die USB-C\u00ae Industriespezifikationen implementiert haben. Die Funktionen Power-Taste zum Einschalten oder Aufwecken des Systems, Wake-on-LAN aus dem warmen und kalten Dock, Wake-on-LAN aus S4\/S5 und MAC Address Pass-Through in S0, S3, S4, S5 im warmen und kalten Dock funktionieren nur auf HP oder von HP unterst\u00fctzten Notebooks. HP bietet keine Ethernet- und Audiotreiber f\u00fcr Mac PCs an. (2) Basierend auf HP internen Tests mit ausgew\u00e4hlten Notebook-Modellen, die nicht von HP stammen und mit USB-C\u00ae Industriestandards kompatibel sind. Bestimmte Alt-Modus-Funktionen werden nicht unterst\u00fctzt, wie z.B. Power-Taste, MAC Address Pass-Through, Wake-on LAN und OOB Wake on LAN. Besuchen Sie die HP Support-Seite, um die Wattzahl und die Port-Spezifikationen Ihres HP Notebooks zu ermitteln. Besuchen Sie die Support-Seite Ihres Nicht-HP-Notebooks, um die Watt- und Port-Spezifikationen zu ermitteln. (3) Unterst\u00fctzt drei Bildschirme einschlie\u00dflich des Notebook-Bildschirms. (4) Internetverbindung erforderlich und separat erh\u00e4ltlich. Auf den verwalteten PCs muss Windows 10 installiert sein.<\/p>\n<\/div>\n<\/div>\n<\/div>\n<\/div>\n<div id=\"aplusSustainabilityStory_feature_div\" class=\"celwidget pd_rd_w-9w0qg pd_rd_r-R0QKDTRYNB9NKVA6M08W pd_rd_wg-eLEem\" data-feature-name=\"aplusSustainabilityStory\" data-csa-c-type=\"widget\" data-csa-c-content-id=\"aplusSustainabilityStory\" data-csa-c-slot-id=\"aplusSustainabilityStory_feature_div\" data-csa-c-asin=\"\" data-csa-c-is-in-initial-active-row=\"false\" data-csa-c-id=\"bbip9i-lwoumq-d3ri3z-q5jkw0\" data-cel-widget=\"aplusSustainabilityStory_feature_div\"><\/div>\n<div id=\"promotions_feature_div\" class=\"celwidget pd_rd_w-Ywk5f pd_rd_r-R0QKDTRYNB9NKVA6M08W pd_rd_wg-eLEem\" data-feature-name=\"promotions\" data-csa-c-type=\"widget\" data-csa-c-content-id=\"promotions\" data-csa-c-slot-id=\"promotions_feature_div\" data-csa-c-asin=\"\" data-csa-c-is-in-initial-active-row=\"false\" data-csa-c-id=\"gfxdgt-8cepl7-rcwuj5-bk3ct\" data-cel-widget=\"promotions_feature_div\"><\/div>\n<\/div>\n<div id=\"postPurchaseSideSheet_MP_feature_div\" class=\"celwidget\" data-feature-name=\"postPurchaseSideSheet_MP\" data-csa-c-type=\"widget\" data-csa-c-content-id=\"postPurchaseSideSheet_MP\" data-csa-c-slot-id=\"postPurchaseSideSheet_MP_feature_div\" data-csa-c-asin=\"\" data-csa-c-is-in-initial-active-row=\"false\" data-csa-c-id=\"a1redq-qmpd6z-v3u3tz-1cc3aj\" data-cel-widget=\"postPurchaseSideSheet_MP_feature_div\"><\/div>\n<div id=\"HLCXComparisonWidget_after_ask-dp-search-3-T2\" class=\"celwidget\" data-feature-name=\"HLCXComparisonWidget_after_ask-dp-search-3-T2\" data-csa-c-type=\"widget\" data-csa-c-content-id=\"HLCXComparisonWidget_after_ask-dp-search-3-T2\" data-csa-c-slot-id=\"HLCXComparisonWidget_after_ask-dp-search-3-T2\" data-csa-c-asin=\"\" data-csa-c-is-in-initial-active-row=\"false\" data-csa-c-id=\"3bl2ir-qsdz34-bg2i6e-b5r077\" data-cel-widget=\"HLCXComparisonWidget_after_ask-dp-search-3-T2\">\n<div id=\"sims-comparisonContainer_feature_div_11\" class=\"celwidget\" data-feature-name=\"sims-comparisonContainer\" data-csa-c-type=\"widget\" data-csa-c-content-id=\"sims-comparisonContainer\" data-csa-c-slot-id=\"sims-comparisonContainer_feature_div_11\" data-csa-c-asin=\"\" data-csa-c-is-in-initial-active-row=\"false\" data-csa-c-id=\"my1w7u-vdjs2y-6xnypk-7vyp64\" data-cel-widget=\"sims-comparisonContainer_feature_div_11\"><\/div>\n<\/div>\n<div id=\"sims-discoveryAndInspiration_feature_div_01\" class=\"celwidget\" data-feature-name=\"sims-discoveryAndInspiration\" data-csa-c-type=\"widget\" data-csa-c-content-id=\"sims-discoveryAndInspiration\" data-csa-c-slot-id=\"sims-discoveryAndInspiration_feature_div_01\" data-csa-c-asin=\"\" data-csa-c-is-in-initial-active-row=\"false\" data-csa-c-id=\"hzvudm-2xvjce-83033k-nhk8sl\" data-cel-widget=\"sims-discoveryAndInspiration_feature_div_01\">\n<div class=\"celwidget pd_rd_w-KNwi4 content-id-amzn1.sym.ccb770a9-35d1-4af6-8af2-bcbd12656fbb pf_rd_p-ccb770a9-35d1-4af6-8af2-bcbd12656fbb pf_rd_r-R0QKDTRYNB9NKVA6M08W pd_rd_wg-dJ7To pd_rd_r-6b29b42d-f11f-4a9e-9864-3af09080dde4 c-f\" data-csa-op-log-render=\"\" data-csa-c-content-id=\"amzn1.sym.ccb770a9-35d1-4af6-8af2-bcbd12656fbb\" data-csa-c-slot-id=\"discovery-and-inspiration-container-1\" data-csa-c-type=\"widget\" data-csa-c-painter=\"multi-brand-video-desktop-cards\" data-csa-c-id=\"binz29-yafg8i-a6pxqq-jkhyr9\" data-cel-widget=\"multi-brand-video-desktop_DetailPage_0\">\n<div id=\"CardInstanceo1_Njo2rN2__GlXszbfdGA\" class=\"_multi-brand-video-desktop_style_mbvContainer__2A_sC _multi-brand-video-desktop_MultiBrandVideoDesktop_mbv__R7us8\" data-props=\"{&quot;clientId&quot;:&quot;1980444-2551145-3608390&quot;,&quot;language&quot;:&quot;en-US&quot;,&quot;marketplaceId&quot;:&quot;ATVPDKIKX0DER&quot;,&quot;pageType&quot;:&quot;Detail&quot;,&quot;pageNumber&quot;:&quot;&quot;,&quot;weblabs&quot;:&quot;ADPT_SBV_1041956:T1,ADPT_SBV_DELAY_PLAYBACK_UNTIL_READY_1248744:C,ALF_SUSHI_CLIENT_GATE_1299748:C,MBV_394048:T6,SBV_642751:T1,SBV_672322:T1,SBV_708584:C,SBV_814590:C,SBV_836067:T1,SBV_842986:C&quot;,&quot;widgetGroupId&quot;:&quot;desktop-dp-sims&quot;,&quot;requestId&quot;:&quot;R0QKDTRYNB9NKVA6M08W&quot;,&quot;searchQuery&quot;:&quot;&quot;,&quot;widgetType&quot;:&quot;multi-brand-video&quot;,&quot;experience&quot;:&quot;Default&quot;,&quot;experienceVariation&quot;:&quot;Default&quot;,&quot;widgetIndex&quot;:&quot;&quot;}\" data-card-metrics-id=\"multi-brand-video-desktop_DetailPage_0\" data-mix-claimed=\"true\">\n<div class=\"a-section _multi-brand-video-desktop_MultiBrandVideoDesktop_desktopMbv__3t-V1\">\n<div class=\"a-begin a-carousel-container a-carousel-display-stretchyGoodness a-carousel-transition-slide _multi-brand-video-desktop_Carousel_carouselContainer__9vpf5 undefined a-carousel-initialized\" role=\"group\" data-a-carousel-options=\"{&quot;hide_off_screen&quot;:true,&quot;minimum_gutter_width&quot;:18,&quot;name&quot;:&quot;mbv-carousel&quot;,&quot;set_size&quot;:5,&quot;single_page_align&quot;:&quot;left&quot;,&quot;circular&quot;:false}\" aria-roledescription=\"carousel\">\n<div class=\"a-row a-carousel-header-row a-size-medium _multi-brand-video-desktop_Carousel_carouselHeading__l5qNS undefined\"><\/div>\n<\/div>\n<\/div>\n<\/div>\n<\/div>\n<\/div>\n","protected":false},"excerpt":{"rendered":"<div id=\"btf_arenas\" class=\"celwidget\" data-feature-name=\"btf_arenas\" data-csa-c-type=\"widget\" data-csa-c-content-id=\"btf_arenas\" data-csa-c-slot-id=\"btf_arenas\" data-csa-c-asin=\"\" data-csa-c-is-in-initial-active-row=\"false\" data-csa-c-id=\"kqr4zt-p2pjag-b5o1gz-v2ftq2\" data-cel-widget=\"btf_arenas\">\n<div id=\"productDescription_feature_div\" class=\"celwidget pd_rd_w-HaNPO pd_rd_r-R0QKDTRYNB9NKVA6M08W pd_rd_wg-eLEem\" data-feature-name=\"productDescription\" data-csa-c-type=\"widget\" data-csa-c-content-id=\"productDescription\" data-csa-c-slot-id=\"productDescription_feature_div\" data-csa-c-asin=\"\" data-csa-c-is-in-initial-active-row=\"false\" data-csa-c-id=\"gmozs1-65rk4h-wn9e8g-4n73mh\" data-cel-widget=\"productDescription_feature_div\">\n<div>\n<div id=\"productDescription_feature_div\" class=\"a-row feature\" data-feature-name=\"productDescription\" data-template-name=\"productDescription\" data-cel-widget=\"productDescription_feature_div\">\n<div id=\"productDescription\" class=\"a-section a-spacing-small\">\n<p>Machen Sie sich an die Arbeit mit dem vielseitigen, eleganten und platzsparenden HP USB-C Dock G5. Diese USB-Dockingstation ist mit HP Laptops, MacBook\u00ae Computern und anderen Notebooks (2) kompatibel und eignet sich dank ihres geringen Platzbedarfs und der Einrichtung mit nur einem Kabel hervorragend zur Organisation Ihres Schreibtisches. Ganz gleich, ob es sich um Bildschirme oder anderes elektronisches Zubeh\u00f6r handelt, Ihr universelles Dock unterst\u00fctzt Sie beim Aufladen, bei der Daten\u00fcbertragung und bei der Vernetzung von Ger\u00e4ten. (1) F\u00fcr die USB-C\u00ae-Funktionalit\u00e4t m\u00fcssen die Host-PCs das DisplayPort\u2122 Alt-Modus-Protokoll \u00fcber ihren USB-C\u00ae-Anschluss unterst\u00fctzen. Thunderbolt\u2122-f\u00e4hige Notebooks funktionieren mit USB-C\u00ae-Geschwindigkeit. Das Aufladen und die Port-Replikation wird von Notebooks unterst\u00fctzt, die die USB-C\u00ae Industriespezifikationen implementiert haben. Die Funktionen Power-Taste zum Einschalten oder Aufwecken des Systems, Wake-on-LAN aus dem warmen und kalten Dock, Wake-on-LAN aus S4\/S5 und MAC Address Pass-Through in S0, S3, S4, S5 im warmen und kalten Dock funktionieren nur auf HP oder von HP unterst\u00fctzten Notebooks. HP bietet keine Ethernet- und Audiotreiber f\u00fcr Mac PCs an. (2) Basierend auf HP internen Tests mit ausgew\u00e4hlten Notebook-Modellen, die nicht von HP stammen und mit USB-C\u00ae Industriestandards kompatibel sind. Bestimmte Alt-Modus-Funktionen werden nicht unterst\u00fctzt, wie z.B. Power-Taste, MAC Address Pass-Through, Wake-on LAN und OOB Wake on LAN. Besuchen Sie die HP Support-Seite, um die Wattzahl und die Port-Spezifikationen Ihres HP Notebooks zu ermitteln. Besuchen Sie die Support-Seite Ihres Nicht-HP-Notebooks, um die Watt- und Port-Spezifikationen zu ermitteln. (3) Unterst\u00fctzt drei Bildschirme einschlie\u00dflich des Notebook-Bildschirms. (4) Internetverbindung erforderlich und separat erh\u00e4ltlich. Auf den verwalteten PCs muss Windows 10 installiert sein.<\/p>\n<\/div>\n<\/div>\n<\/div>\n<\/div>\n<div id=\"aplusSustainabilityStory_feature_div\" class=\"celwidget pd_rd_w-9w0qg pd_rd_r-R0QKDTRYNB9NKVA6M08W pd_rd_wg-eLEem\" data-feature-name=\"aplusSustainabilityStory\" data-csa-c-type=\"widget\" data-csa-c-content-id=\"aplusSustainabilityStory\" data-csa-c-slot-id=\"aplusSustainabilityStory_feature_div\" data-csa-c-asin=\"\" data-csa-c-is-in-initial-active-row=\"false\" data-csa-c-id=\"bbip9i-lwoumq-d3ri3z-q5jkw0\" data-cel-widget=\"aplusSustainabilityStory_feature_div\"><\/div>\n<div id=\"promotions_feature_div\" class=\"celwidget pd_rd_w-Ywk5f pd_rd_r-R0QKDTRYNB9NKVA6M08W pd_rd_wg-eLEem\" data-feature-name=\"promotions\" data-csa-c-type=\"widget\" data-csa-c-content-id=\"promotions\" data-csa-c-slot-id=\"promotions_feature_div\" data-csa-c-asin=\"\" data-csa-c-is-in-initial-active-row=\"false\" data-csa-c-id=\"gfxdgt-8cepl7-rcwuj5-bk3ct\" data-cel-widget=\"promotions_feature_div\"><\/div>\n<\/div>\n<div id=\"postPurchaseSideSheet_MP_feature_div\" class=\"celwidget\" data-feature-name=\"postPurchaseSideSheet_MP\" data-csa-c-type=\"widget\" data-csa-c-content-id=\"postPurchaseSideSheet_MP\" data-csa-c-slot-id=\"postPurchaseSideSheet_MP_feature_div\" data-csa-c-asin=\"\" data-csa-c-is-in-initial-active-row=\"false\" data-csa-c-id=\"a1redq-qmpd6z-v3u3tz-1cc3aj\" data-cel-widget=\"postPurchaseSideSheet_MP_feature_div\"><\/div>\n<div id=\"HLCXComparisonWidget_after_ask-dp-search-3-T2\" class=\"celwidget\" data-feature-name=\"HLCXComparisonWidget_after_ask-dp-search-3-T2\" data-csa-c-type=\"widget\" data-csa-c-content-id=\"HLCXComparisonWidget_after_ask-dp-search-3-T2\" data-csa-c-slot-id=\"HLCXComparisonWidget_after_ask-dp-search-3-T2\" data-csa-c-asin=\"\" data-csa-c-is-in-initial-active-row=\"false\" data-csa-c-id=\"3bl2ir-qsdz34-bg2i6e-b5r077\" data-cel-widget=\"HLCXComparisonWidget_after_ask-dp-search-3-T2\">\n<div id=\"sims-comparisonContainer_feature_div_11\" class=\"celwidget\" data-feature-name=\"sims-comparisonContainer\" data-csa-c-type=\"widget\" data-csa-c-content-id=\"sims-comparisonContainer\" data-csa-c-slot-id=\"sims-comparisonContainer_feature_div_11\" data-csa-c-asin=\"\" data-csa-c-is-in-initial-active-row=\"false\" data-csa-c-id=\"my1w7u-vdjs2y-6xnypk-7vyp64\" data-cel-widget=\"sims-comparisonContainer_feature_div_11\"><\/div>\n<\/div>\n<div id=\"sims-discoveryAndInspiration_feature_div_01\" class=\"celwidget\" data-feature-name=\"sims-discoveryAndInspiration\" data-csa-c-type=\"widget\" data-csa-c-content-id=\"sims-discoveryAndInspiration\" data-csa-c-slot-id=\"sims-discoveryAndInspiration_feature_div_01\" data-csa-c-asin=\"\" data-csa-c-is-in-initial-active-row=\"false\" data-csa-c-id=\"hzvudm-2xvjce-83033k-nhk8sl\" data-cel-widget=\"sims-discoveryAndInspiration_feature_div_01\">\n<div class=\"celwidget pd_rd_w-KNwi4 content-id-amzn1.sym.ccb770a9-35d1-4af6-8af2-bcbd12656fbb pf_rd_p-ccb770a9-35d1-4af6-8af2-bcbd12656fbb pf_rd_r-R0QKDTRYNB9NKVA6M08W pd_rd_wg-dJ7To pd_rd_r-6b29b42d-f11f-4a9e-9864-3af09080dde4 c-f\" data-csa-op-log-render=\"\" data-csa-c-content-id=\"amzn1.sym.ccb770a9-35d1-4af6-8af2-bcbd12656fbb\" data-csa-c-slot-id=\"discovery-and-inspiration-container-1\" data-csa-c-type=\"widget\" data-csa-c-painter=\"multi-brand-video-desktop-cards\" data-csa-c-id=\"binz29-yafg8i-a6pxqq-jkhyr9\" data-cel-widget=\"multi-brand-video-desktop_DetailPage_0\">\n<div id=\"CardInstanceo1_Njo2rN2__GlXszbfdGA\" class=\"_multi-brand-video-desktop_style_mbvContainer__2A_sC _multi-brand-video-desktop_MultiBrandVideoDesktop_mbv__R7us8\" data-props=\"{\" data-card-metrics-id=\"multi-brand-video-desktop_DetailPage_0\" data-mix-claimed=\"true\">\n<div class=\"a-section _multi-brand-video-desktop_MultiBrandVideoDesktop_desktopMbv__3t-V1\">\n<div class=\"a-begin a-carousel-container a-carousel-display-stretchyGoodness a-carousel-transition-slide _multi-brand-video-desktop_Carousel_carouselContainer__9vpf5 undefined a-carousel-initialized\" role=\"group\" data-a-carousel-options=\"{\" aria-roledescription=\"carousel\">\n<div class=\"a-row a-carousel-header-row a-size-medium _multi-brand-video-desktop_Carousel_carouselHeading__l5qNS undefined\"><\/div>\n<\/div>\n<\/div>\n<\/div>\n<\/div>\n<\/div>\n","protected":false},"featured_media":9628,"comment_status":"open","ping_status":"closed","template":"","meta":{"_et_pb_use_builder":"","_et_pb_old_content":"","_et_gb_content_width":""},"product_brand":[],"product_cat":[703],"product_tag":[],"class_list":{"0":"post-9629","1":"product","2":"type-product","3":"status-publish","4":"has-post-thumbnail","6":"product_cat-uncategorized-de","8":"first","9":"instock","10":"sale","11":"taxable","12":"shipping-taxable","13":"purchasable","14":"product-type-simple"},"exclude_global_add_ons":[],"addons":[],"jetpack-related-posts":[{"id":9035,"url":"https:\/\/anythingtechnicallc.com\/index.php\/de\/product\/shure-rmce-usb-kopfhoerer-kommunikationskabel\/","url_meta":{"origin":9629,"position":0},"title":"Shure RMCE-USB Kopfh\u00f6rer Kommunikationskabel","date":"March 18, 2026","format":false,"excerpt":"Usb-c Kommunikationskabel mit Mikrofon und Bedienelementen f\u00fcr Shure Sound Isolating Ohrh\u00f6rer mit direktem Anschluss an Android-Ger\u00e4te mit Mini-USB. Integrierter DAC\/Kopfh\u00f6rerverst\u00e4rker f\u00fcr 24-bit\/96 kHz digitales Audio. Das Inline-Mikrofon und die Fernbedienung sorgen f\u00fcr Klarheit bei Anrufen und Sprachansagen und bieten eine Lautst\u00e4rke- und Wiedergabesteuerung. Misst 50 Zoll (127 cm) in der\u2026","rel":"","context":"Similar post","img":{"alt_text":"","src":"https:\/\/i0.wp.com\/anythingtechnicallc.com\/wp-content\/uploads\/2024\/09\/71dpcrgXISL._AC_SL1500_.jpg?fit=346%2C1200&ssl=1&resize=350%2C200","width":350,"height":200},"classes":[]},{"id":9368,"url":"https:\/\/anythingtechnicallc.com\/index.php\/de\/product\/belkin-thunderbolt-4-kabel-2m-6-6ft-power-cable-usb-c-zu-usb-c-kabel-mit-100w-power-delivery-usb-4-konform-kompatibel-mit-thunderbolt-3-macbook-pro-ecpu-mehr-intel-thunderbolt-zertifizier\/","url_meta":{"origin":9629,"position":1},"title":"Belkin Thunderbolt 4 Kabel (2M, 6.6ft Power Cable), USB-C zu USB-C Kabel mit 100W Power Delivery, USB 4 konform, kompatibel mit Thunderbolt 3, MacBook Pro, eCPU, &#038; mehr &#8211; Intel Thunderbolt zertifiziert","date":"March 19, 2026","format":false,"excerpt":"EINKABEL-L\u00d6SUNG: Dieses vielseitige Ladekabel, das von The Verge f\u00fcr seine L\u00e4nge ausgezeichnet wurde, unterst\u00fctzt Daten, Strom und Video - eine Ein-Kabel-L\u00f6sung f\u00fcr Ihren Power Hub, Ihr MacBook Pro oder jedes andere USB-C kompatible Ger\u00e4t! Sie finden es auch in 1M\/3.3ft L\u00e4nge. DIE NEUESTE THUNDERBOLT-TECHNOLOGIE: Sie erhalten erstklassige Konnektivit\u00e4t in einem\u2026","rel":"","context":"Similar post","img":{"alt_text":"","src":"https:\/\/i0.wp.com\/anythingtechnicallc.com\/wp-content\/uploads\/2025\/08\/51vkZxD5-QL._SL1500_.jpg?fit=1200%2C1200&ssl=1&resize=350%2C200","width":350,"height":200},"classes":[]},{"id":9309,"url":"https:\/\/anythingtechnicallc.com\/index.php\/de\/product\/shure-mv88-video-kit-digitales-stereo-kondensatormikrofon-fuer-apple-und-android-mit-manfrotto-pixi-stativ-telefonklammer-halterung-ios-und-usb-c-kabel-fuer-kompatibilitaet-und-konnektivitaet\/","url_meta":{"origin":9629,"position":2},"title":"Shure MV88+ Video Kit &#8211; Digitales Stereo-Kondensatormikrofon f\u00fcr Apple und Android, mit Manfrotto PIXI-Stativ, Telefonklammer, Halterung, iOS- und USB-C-Kabel f\u00fcr Kompatibilit\u00e4t und Konnektivit\u00e4t auf h\u00f6chstem Niveau","date":"March 19, 2026","format":false,"excerpt":"Das MOTIV MV88+ Video Kit ist ein hochwertiges digitales Stereo-Kondensatormikrofon. Ihr neues mobiles Aufnahmeger\u00e4t l\u00e4sst sich \u00fcber einen Lightning-Anschluss direkt mit jedem Apple-Ger\u00e4t oder \u00fcber USB-C mit ausgew\u00e4hlten weiteren Ger\u00e4ten verbinden. Das MV88+ hat alles, was Sie brauchen, um gro\u00dfartige Aufnahmen zu machen - direkt nach dem Auspacken. Die im\u2026","rel":"","context":"Similar post","img":{"alt_text":"","src":"https:\/\/i0.wp.com\/anythingtechnicallc.com\/wp-content\/uploads\/2025\/07\/71V1p0Wj5JL._AC_SL1500_.jpg?fit=1163%2C1200&ssl=1&resize=350%2C200","width":350,"height":200},"classes":[]},{"id":9551,"url":"https:\/\/anythingtechnicallc.com\/index.php\/de\/product\/hp-usb-c-dock-g5-11-in-1-adapter-fuer-usb-c-und-thunderbolt-faehige-laptops-pcs-und-notebooks-ein-einziges-kabel-zum-aufladen-vernetzen-oder-fuer-datenuebertragungen-ideal-fuer-sicheres-remote\/","url_meta":{"origin":9629,"position":3},"title":"HP USB-C Dock G5-11-in-1 Adapter f\u00fcr USB-C und Thunderbolt-f\u00e4hige Laptops, PCs und Notebooks &#8211; ein einziges Kabel zum Aufladen, Vernetzen oder f\u00fcr Daten\u00fcbertragungen &#8211; ideal f\u00fcr sicheres &#038; Remote Management","date":"March 21, 2026","format":false,"excerpt":"Machen Sie sich an die Arbeit mit dem vielseitigen, eleganten und platzsparenden HP USB-C Dock G5. Diese USB-Dockingstation ist mit HP Laptops, MacBook\u00ae Computern und anderen Notebooks (2) kompatibel und eignet sich dank ihres geringen Platzbedarfs und der Einrichtung mit nur einem Kabel hervorragend zur Organisation Ihres Schreibtisches. Ganz gleich,\u2026","rel":"","context":"Similar post","img":{"alt_text":"","src":"https:\/\/i0.wp.com\/anythingtechnicallc.com\/wp-content\/uploads\/2025\/09\/81xxmKsxxsL._AC_SL1500_.jpg?fit=983%2C1200&ssl=1&resize=350%2C200","width":350,"height":200},"classes":[]},{"id":9381,"url":"https:\/\/anythingtechnicallc.com\/index.php\/de\/product\/dell-thunderbolt-wd22tb4-4-dock-130w\/","url_meta":{"origin":9629,"position":4},"title":"Dell Thunderbolt WD22TB4 4 Dock 130W","date":"March 19, 2026","format":false,"excerpt":"Modulares Thunderbolt-Dock mit austauschbaren Modulen f\u00fcr einfache Upgrades und SuperBoost-Technologien f\u00fcr schnelles Laden. 2 x Thunderbolt-4-Anschl\u00fcsse \/ 1 x USB-C 3.2 Gen 2 \/ 1 x USB-A 3.2 Gen 1 mit PowerShare \/ 2 x DisplayPort 1.4 \/ 1 x HDMI 2.0 \/ 1 x USB-C Multifunction DisplayPort. 2 x\u2026","rel":"","context":"Similar post","img":{"alt_text":"","src":"https:\/\/i0.wp.com\/anythingtechnicallc.com\/wp-content\/uploads\/2025\/08\/41TfyCoNXsL._AC_SL1247_.jpg?fit=1200%2C570&ssl=1&resize=350%2C200","width":350,"height":200},"classes":[]},{"id":9303,"url":"https:\/\/anythingtechnicallc.com\/index.php\/de\/product\/gebrauchtes-shure-mv6-gaming-mikrofon-dynamisches-usb-pc-mikrofon-fuer-videospiele-streaming-desktop-staender-hintergrundgeraeuschunterdrueckung-tap-to-mute-35mm-ausgang-fuer-kopfhoerer-moni\/","url_meta":{"origin":9629,"position":5},"title":"Gebrauchtes Shure MV6 Gaming-Mikrofon, dynamisches USB-PC-Mikrofon f\u00fcr Videospiele &#038; Streaming &#8211; Desktop-St\u00e4nder, Hintergrundger\u00e4uschunterdr\u00fcckung, Tap-to-Mute &#038; 3,5mm-Ausgang f\u00fcr Kopfh\u00f6rer-Monitoring in Echtzeit","date":"March 19, 2026","format":false,"excerpt":"Wir haben alles, was wir \u00fcber dynamische Gesangsmikrofone wissen, in das MV6 gepackt, um ein USB-Mikrofon zu entwickeln, das f\u00fcr jedermann einfach zu bedienen ist, und zwar sofort nach dem Auspacken. Mit dem Design und der Technologie unserer kultigen SM7- und MV7-Mikrofone wurde das MV6 entwickelt, um Gamern und Streamern\u2026","rel":"","context":"Similar post","img":{"alt_text":"","src":"https:\/\/i0.wp.com\/anythingtechnicallc.com\/wp-content\/uploads\/2025\/07\/61u0AqBTp3L._AC_SL1500_.jpg?fit=695%2C1200&ssl=1&resize=350%2C200","width":350,"height":200},"classes":[]}],"pll_sync_post":[],"lang":"de","translations":{"de":9629,"en":8539},"_links":{"self":[{"href":"https:\/\/anythingtechnicallc.com\/index.php\/wp-json\/wp\/v2\/product\/9629","targetHints":{"allow":["GET"]}}],"collection":[{"href":"https:\/\/anythingtechnicallc.com\/index.php\/wp-json\/wp\/v2\/product"}],"about":[{"href":"https:\/\/anythingtechnicallc.com\/index.php\/wp-json\/wp\/v2\/types\/product"}],"replies":[{"embeddable":true,"href":"https:\/\/anythingtechnicallc.com\/index.php\/wp-json\/wp\/v2\/comments?post=9629"}],"wp:featuredmedia":[{"embeddable":true,"href":"https:\/\/anythingtechnicallc.com\/index.php\/wp-json\/wp\/v2\/media\/9628"}],"wp:attachment":[{"href":"https:\/\/anythingtechnicallc.com\/index.php\/wp-json\/wp\/v2\/media?parent=9629"}],"wp:term":[{"taxonomy":"product_brand","embeddable":true,"href":"https:\/\/anythingtechnicallc.com\/index.php\/wp-json\/wp\/v2\/product_brand?post=9629"},{"taxonomy":"product_cat","embeddable":true,"href":"https:\/\/anythingtechnicallc.com\/index.php\/wp-json\/wp\/v2\/product_cat?post=9629"},{"taxonomy":"product_tag","embeddable":true,"href":"https:\/\/anythingtechnicallc.com\/index.php\/wp-json\/wp\/v2\/product_tag?post=9629"}],"curies":[{"name":"wp","href":"https:\/\/api.w.org\/{rel}","templated":true}]}}