{"id":9632,"date":"2026-03-24T10:20:34","date_gmt":"2026-03-24T10:20:34","guid":{"rendered":"https:\/\/anythingtechnicallc.com\/?post_type=product&#038;p=9632"},"modified":"2026-03-24T10:20:34","modified_gmt":"2026-03-24T10:20:34","slug":"gebraucht-apple-magic-keyboard-fuer-ipad-pro-13-zoll-m4-und-m5-schwarz","status":"publish","type":"product","link":"https:\/\/anythingtechnicallc.com\/index.php\/de\/product\/gebraucht-apple-magic-keyboard-fuer-ipad-pro-13-zoll-m4-und-m5-schwarz\/","title":{"rendered":"Gebraucht Apple &#8211; Magic Keyboard f\u00fcr iPad Pro 13-Zoll (M4 und M5) &#8211; Schwarz"},"content":{"rendered":"<div id=\"anchor-product-details\">\n<div class=\"body-copy-lg pt-200 pb-300 OPY7xNPkM88Vl3xh hkwiWgBO0cUEDSdm\">Das Magic Keyboard f\u00fcr das iPad Pro bietet ein fantastisches Tipp- und Trackpad-Erlebnis in einem schlanken, tragbaren neuen Design mit einer Handballenauflage aus Aluminium. Die Tastatur verf\u00fcgt \u00fcber eine Funktionsleiste mit 14 Tasten f\u00fcr den schnellen Zugriff auf die Bildschirmhelligkeit, die Lautst\u00e4rkeregelung und andere Funktionen sowie einen USB-C-Anschluss f\u00fcr das Aufladen \u00fcber den Durchgang. Das schwebende, freitragende Design passt sich nahtlos an verschiedene Blickwinkel an. Ein neues, gr\u00f6\u00dferes Trackpad mit haptischer R\u00fcckmeldung eignet sich perfekt f\u00fcr Pr\u00e4zisionsaufgaben wie das Bearbeiten einer Tabellenkalkulation und das Ausw\u00e4hlen von Text oder das einfache Navigieren auf Ihrem iPad mit intuitiven und vertrauten Multi-Touch-Gesten. Und eine robuste \u00e4u\u00dfere H\u00fclle bietet Schutz f\u00fcr Vorder- und R\u00fcckseite &#8211; perfekt, um das iPad Pro \u00fcberallhin mitzunehmen.<\/div>\n<\/div>\n<div class=\"v-border-bottom\"><\/div>\n","protected":false},"excerpt":{"rendered":"<div id=\"anchor-product-details\">\n<div class=\"body-copy-lg pt-200 pb-300 OPY7xNPkM88Vl3xh hkwiWgBO0cUEDSdm\">Das Magic Keyboard f\u00fcr das iPad Pro bietet ein fantastisches Tipp- und Trackpad-Erlebnis in einem schlanken, tragbaren neuen Design mit einer Handballenauflage aus Aluminium. Die Tastatur verf\u00fcgt \u00fcber eine 14-Tasten-Funktionsleiste f\u00fcr den schnellen Zugriff auf die Bildschirmhelligkeit, die Lautst\u00e4rkeregelung und andere Funktionen sowie einen USB-C-Anschluss f\u00fcr die Durchgangsladung. Das schwebende, freitragende Design passt sich nahtlos an verschiedene Blickwinkel an. Ein neues, gr\u00f6\u00dferes Trackpad mit haptischer R\u00fcckmeldung eignet sich perfekt f\u00fcr Pr\u00e4zisionsaufgaben wie das Bearbeiten einer Tabellenkalkulation und das Ausw\u00e4hlen von Text oder das einfache Navigieren auf Ihrem iPad mit intuitiven und vertrauten Multi-Touch-Gesten. Und eine robuste \u00e4u\u00dfere H\u00fclle bietet Schutz f\u00fcr Vorder- und R\u00fcckseite &#8211; perfekt, um das iPad Pro \u00fcberallhin mitzunehmen.<\/div>\n<\/div>\n<div class=\"v-border-bottom\"><\/div>\n","protected":false},"featured_media":9631,"comment_status":"open","ping_status":"closed","template":"","meta":{"_et_pb_use_builder":"","_et_pb_old_content":"","_et_gb_content_width":""},"product_brand":[],"product_cat":[703,1574],"product_tag":[],"class_list":{"0":"post-9632","1":"product","2":"type-product","3":"status-publish","4":"has-post-thumbnail","6":"product_cat-uncategorized-de","7":"product_cat-generalueberholtes-tablet-laptop","9":"first","10":"instock","11":"sale","12":"taxable","13":"shipping-taxable","14":"purchasable","15":"product-type-simple"},"exclude_global_add_ons":[],"addons":[],"jetpack-related-posts":[{"id":9831,"url":"https:\/\/anythingtechnicallc.com\/index.php\/de\/product\/apple-ipad-11-zoll-a16-chip-11-zoll-modell-liquid-retina-display-128gb-wi-fi-6-12mp-front-12mp-rueckkamera-touch-id-ganztaegige-batterielaufzeit-blau\/","url_meta":{"origin":9632,"position":0},"title":"Apple iPad 11-Zoll: A16 Chip, 11-Zoll Modell, Liquid Retina Display, 128GB, Wi-Fi 6, 12MP Front-\/12MP R\u00fcckkamera, Touch ID, Ganzt\u00e4gige Batterielaufzeit &#8211; Blau","date":"April 8, 2026","format":false,"excerpt":"WARUM IPAD - Das 11-Zoll-iPad ist jetzt leistungsf\u00e4higer denn je mit dem superschnellen A16-Chip, einem atemberaubenden Liquid Retina-Display, fortschrittlichen Kameras, schnellem Wi-Fi, USB-C-Anschluss und vier pr\u00e4chtigen Farben.* Das iPad bietet eine leistungsstarke M\u00f6glichkeit, zu kreieren, in Verbindung zu bleiben und Dinge zu erledigen. LEISTUNG UND SPEICHER - Der superschnelle A16\u2026","rel":"","context":"Similar post","img":{"alt_text":"","src":"https:\/\/i0.wp.com\/anythingtechnicallc.com\/wp-content\/uploads\/2026\/03\/61aPY8odPSL._AC_SL1500_.jpg?fit=1061%2C1200&ssl=1&resize=350%2C200","width":350,"height":200},"classes":[]},{"id":9937,"url":"https:\/\/anythingtechnicallc.com\/index.php\/de\/product\/audio-technica-at2020-kondensator-studiomikrofon-mit-nierencharakteristik-schwarz-erneuert\/","url_meta":{"origin":9632,"position":1},"title":"Audio-Technica AT2020 Kondensator-Studiomikrofon mit Nierencharakteristik, Schwarz (Erneuert)","date":"April 15, 2026","format":false,"excerpt":"Das Audio Technica AT2020 Kondensatormikrofon mit Nieren-Richtcharakteristik verf\u00fcgt \u00fcber ein v\u00f6llig neues, patentiertes Design mit der bew\u00e4hrten Zuverl\u00e4ssigkeit von Audio-Technica's moderner Technik und Fertigungsexpertise. Das AT2020 ist ideal f\u00fcr Projekt-\/Heimstudioanwendungen und verf\u00fcgt \u00fcber eine speziell entwickelte, massearme Membran, die einen erweiterten Frequenzgang und die F\u00e4higkeit bietet, extrem hohe Schalldruckpegel zu\u2026","rel":"","context":"Similar post","img":{"alt_text":"","src":"https:\/\/i0.wp.com\/anythingtechnicallc.com\/wp-content\/uploads\/2026\/04\/Audio-Technica-AT2020-Cardioid-Condenser-Studio-Microphone-Black-Renewed.jpg?fit=900%2C1200&ssl=1&resize=350%2C200","width":350,"height":200},"classes":[]},{"id":9931,"url":"https:\/\/anythingtechnicallc.com\/index.php\/de\/product\/logitech-rally-mic-pod-erneuert\/","url_meta":{"origin":9632,"position":2},"title":"Logitech Rally Mic Pod (Erneuert)","date":"April 15, 2026","format":false,"excerpt":"Mit ihrem schlanken, flachen Design und den hochwertigen Materialien sorgen die Rally Mic Pods f\u00fcr einen bemerkenswert klaren, nat\u00fcrlichen Klang bei Gespr\u00e4chen. Die einzelnen Mikrofon-Pods enthalten mehrere Beamforming-Elemente, die sich auf die aktiven Lautsprecher konzentrieren und gleichzeitig akustische Ablenkungen automatisch eliminieren. Bis zu sieben Mikrofonpods bilden zusammen eine Beamforming-Mikrofonmatrix mit\u2026","rel":"","context":"Similar post","img":{"alt_text":"","src":"https:\/\/i0.wp.com\/anythingtechnicallc.com\/wp-content\/uploads\/2026\/04\/Logitech-Rally-Mic-Pod-Renewed.jpg?fit=900%2C1200&ssl=1&resize=350%2C200","width":350,"height":200},"classes":[]},{"id":9614,"url":"https:\/\/anythingtechnicallc.com\/index.php\/de\/product\/gebrauchter-zte-mc888-5g-wifi-home-router-freigeschaltet\/","url_meta":{"origin":9632,"position":3},"title":"Gebrauchter ZTE MC888 5G WiFi Home Router, freigeschaltet","date":"March 24, 2026","format":false,"excerpt":"Der ZTE MC888 5G Indoor CPE ist ein leistungsstarker Router, der mit dem neuesten Qualcomm X62-Chipsatz ausgestattet ist und eine nahtlose und stabile 5G-Verbindung f\u00fcr Ihr Zuhause oder Ihr B\u00fcro bietet. Seine hochmoderne 5G-Technologie bietet ultraschnelle Daten\u00fcbertragungsraten und sorgt daf\u00fcr, dass Sie Hochgeschwindigkeitsinternet f\u00fcr Streaming, Spiele und andere bandbreitenintensive Aktivit\u00e4ten\u2026","rel":"","context":"Similar post","img":{"alt_text":"","src":"https:\/\/i0.wp.com\/anythingtechnicallc.com\/wp-content\/uploads\/2025\/10\/ZTE-MC888-5G.webp?fit=920%2C920&ssl=1&resize=350%2C200","width":350,"height":200},"classes":[]},{"id":9130,"url":"https:\/\/anythingtechnicallc.com\/index.php\/de\/product\/shure-mv7-usb-mikrofon-fuer-podcasting-aufnahmen-live-streaming-und-spiele-integrierter-kopfhoererausgang-dynamisches-usb-xlr-mikrofon-aus-metall-sprachisolierende-technologie-teamspeak-und-zoo\/","url_meta":{"origin":9632,"position":4},"title":"Shure MV7 USB-Mikrofon f\u00fcr Podcasting, Aufnahmen, Live-Streaming und Spiele, integrierter Kopfh\u00f6rerausgang, dynamisches USB\/XLR-Mikrofon aus Metall, sprachisolierende Technologie, TeamSpeak- und Zoom-zertifiziert &#8211; Schwarz","date":"March 19, 2026","format":false,"excerpt":"Das Shure MV7 ist ein professionelles dynamisches USB\/XLR-Mikrofon, das vom legend\u00e4ren SM7B inspiriert wurde und sich ideal f\u00fcr Nahbesprechungsanwendungen eignet, bei denen eine gute Sprachverst\u00e4ndlichkeit und ein ausgewogener Klang erforderlich sind. \u00dcber ein Touchpanel am Mikrofon selbst k\u00f6nnen Sie die Mikrofonverst\u00e4rkung, den Kopfh\u00f6rerpegel, den Monitormix und die Stummschaltung steuern. Mit\u2026","rel":"","context":"Similar post","img":{"alt_text":"","src":"https:\/\/i0.wp.com\/anythingtechnicallc.com\/wp-content\/uploads\/2025\/02\/81ZHXEuhgIL._AC_SL1500_.jpg?fit=909%2C1200&ssl=1&resize=350%2C200","width":350,"height":200},"classes":[]},{"id":9438,"url":"https:\/\/anythingtechnicallc.com\/index.php\/de\/product\/bigblue-3-usb-a-28w-solar-ladegeraet-5v-4-8a-max-tragbares-sunpower-solarpanel-ladegeraet-fuer-camping-ipx4-wasserdicht-kompatibel-mit-iphone-11-xs-xs-max-xr-x-8-7-ipad-samsung-galaxy-lg-etc\/","url_meta":{"origin":9632,"position":5},"title":"[BigBlue 3 USB-A 28W Solar Ladeger\u00e4t (5V\/4.8A Max), tragbares SunPower Solarpanel Ladeger\u00e4t f\u00fcr Camping, IPX4 Wasserdicht, Kompatibel mit iPhone 11\/XS\/XS Max\/XR\/X\/8\/7, iPad, Samsung Galaxy LG etc.","date":"March 19, 2026","format":false,"excerpt":"\u3010Upgraded Triple USB-A Ports\u3011Jeder maximale Ausgang ist 5V\/2.4A und der gesamte maximale Strom von 3 USB ist 5V\/4.8A. Mit dem BigBlue 28W Solarladeger\u00e4t k\u00f6nnen Sie mehrere Ger\u00e4te gleichzeitig aufladen. Es ist mit einer intelligenten Ladetechnologie ausgestattet, die Ihr Ger\u00e4t erkennt und je nach Ger\u00e4t die optimale Ladegeschwindigkeit bietet. BigBlue gew\u00e4hrleistet\u2026","rel":"","context":"Similar post","img":{"alt_text":"","src":"https:\/\/i0.wp.com\/anythingtechnicallc.com\/wp-content\/uploads\/2022\/09\/UpgradedBigBlue-3-USB-A-28W-Solar-Charger5V48A-Max-Portable-SunPower-Solar-Panel-Charger-for-Camping-IPX4-Waterproof-Compatible-with-iPhone-11XSXS-MaxXRX87-iPad-Samsung-Galaxy-LG-etc-0.jpg?fit=500%2C500&ssl=1&resize=350%2C200","width":350,"height":200},"classes":[]}],"pll_sync_post":[],"lang":"de","translations":{"de":9632,"en":8542},"_links":{"self":[{"href":"https:\/\/anythingtechnicallc.com\/index.php\/wp-json\/wp\/v2\/product\/9632","targetHints":{"allow":["GET"]}}],"collection":[{"href":"https:\/\/anythingtechnicallc.com\/index.php\/wp-json\/wp\/v2\/product"}],"about":[{"href":"https:\/\/anythingtechnicallc.com\/index.php\/wp-json\/wp\/v2\/types\/product"}],"replies":[{"embeddable":true,"href":"https:\/\/anythingtechnicallc.com\/index.php\/wp-json\/wp\/v2\/comments?post=9632"}],"wp:featuredmedia":[{"embeddable":true,"href":"https:\/\/anythingtechnicallc.com\/index.php\/wp-json\/wp\/v2\/media\/9631"}],"wp:attachment":[{"href":"https:\/\/anythingtechnicallc.com\/index.php\/wp-json\/wp\/v2\/media?parent=9632"}],"wp:term":[{"taxonomy":"product_brand","embeddable":true,"href":"https:\/\/anythingtechnicallc.com\/index.php\/wp-json\/wp\/v2\/product_brand?post=9632"},{"taxonomy":"product_cat","embeddable":true,"href":"https:\/\/anythingtechnicallc.com\/index.php\/wp-json\/wp\/v2\/product_cat?post=9632"},{"taxonomy":"product_tag","embeddable":true,"href":"https:\/\/anythingtechnicallc.com\/index.php\/wp-json\/wp\/v2\/product_tag?post=9632"}],"curies":[{"name":"wp","href":"https:\/\/api.w.org\/{rel}","templated":true}]}}